{"id":13351,"date":"2023-06-12T09:10:56","date_gmt":"2023-06-12T07:10:56","guid":{"rendered":"https:\/\/aldaia.es\/?page_id=13351"},"modified":"2024-10-10T12:50:59","modified_gmt":"2024-10-10T10:50:59","slug":"politica-de-cookies","status":"publish","type":"page","link":"https:\/\/aldaia.es\/es\/politica-de-cookies\/","title":{"rendered":"Pol\u00edtica de cookies"},"content":{"rendered":"\n<p>El Ayuntamiento de Aldaia (en adelante, \u201cel Ayuntamiento\u201d) ha adoptado esta pol\u00edtica de<br>cookies (en adelante, \u201cPol\u00edtica de Cookies\u201d) para informar a los Usuarios de la utilizaci\u00f3n de cookies en la<br>p\u00e1gina web&nbsp;https:\/\/aldaia.es\/ (en adelante, \u201cla P\u00e1gina Web\u201d). Por tanto, antes de navegar por la P\u00e1gina Web<br>deber\u00e1 leer la presente Pol\u00edtica de Cookies.<\/p>\n\n\n\n<p><strong>\u00bfQu\u00e9 son las cookies?<\/strong><\/p>\n\n\n\n<p>Las cookies son archivos que se descargan en los equipos terminales (ordenador, tel\u00e9fono<br>m\u00f3vil, Tablet, etc.) de los Usuarios al acceder a determinadas p\u00e1ginas web que permiten almacenar y recuperar<br>informaci\u00f3n relativa a sus h\u00e1bitos de navegaci\u00f3n (tales como las p\u00e1ginas consultadas, la fecha y la hora de<br>consulta, etc.).<\/p>\n\n\n\n<p><strong>\u00bfQu\u00e9 tipo de cookies existen?<\/strong><\/p>\n\n\n\n<ol class=\"wp-block-list\">\n<li>Tipos de cookies seg\u00fan la entidad que la gestione:\n<ol class=\"wp-block-list\">\n<li><strong>Cookies propias<\/strong>: son aquellas que se env\u00edan al equipo terminal del<br>usuario desde un equipo o dominio gestionado por el propio editor y desde el que se presta el<br>servicio solicitado por el usuario.<\/li>\n\n\n\n<li><strong>Cookies de tercero<\/strong>: son aquellas que se env\u00edan al equipo terminal<br>del usuario desde un equipo o dominio que no es gestionado por el editor, sino por otra entidad que<br>trata los datos obtenidos trav\u00e9s de las cookies.<\/li>\n<\/ol>\n<\/li>\n<\/ol>\n\n\n\n<p>2. Tipos de cookies seg\u00fan su finalidad:<\/p>\n\n\n\n<ol class=\"wp-block-list\">\n<li><strong>Cookies t\u00e9cnicas<\/strong>: son aquellas que permiten al usuario la navegaci\u00f3n<br>a trav\u00e9s de una p\u00e1gina web, plataforma o aplicaci\u00f3n y la utilizaci\u00f3n de las diferentes opciones o<br>servicios que en ella existan, incluyendo aquellas que el editor utiliza para permitir la gesti\u00f3n y<br>operativa de la p\u00e1gina web y habilitar sus funciones y servicios, como, por ejemplo, controlar el<br>tr\u00e1fico y la comunicaci\u00f3n de datos, identificar la sesi\u00f3n, acceder a partes de acceso restringido,<br>recordar los elementos que integran un pedido, realizar el proceso de compra de un pedido, gestionar<br>el pago, controlar el fraude vinculado a la seguridad del servicio, realizar la solicitud de<br>inscripci\u00f3n o participaci\u00f3n en un evento, contar visitas a efectos de la facturaci\u00f3n de licencias<br>del software con el que funciona el servicio (sitio web, plataforma o aplicaci\u00f3n), utilizar<br>elementos de seguridad durante la navegaci\u00f3n, almacenar contenidos para la difusi\u00f3n de v\u00eddeos o<br>sonido, habilitar contenidos din\u00e1micos (por ejemplo, animaci\u00f3n de carga de un texto o imagen) o<br>compartir contenidos a trav\u00e9s de redes sociales. Tambi\u00e9n pertenecen a esta categor\u00eda, por su<br>naturaleza t\u00e9cnica, aquellas cookies que permiten la gesti\u00f3n, de la forma m\u00e1s eficaz posible, de los<br>espacios publicitarios que, como un elemento m\u00e1s de dise\u00f1o o \u201cmaquetaci\u00f3n\u201d del servicio ofrecido al<br>usuario, el editor haya incluido en una p\u00e1gina web, aplicaci\u00f3n o plataforma en base a criterios como<br>el contenido editado, sin que se recopile informaci\u00f3n de los usuarios con fines distintos, como<br>puede ser personalizar ese contenido publicitario u otros contenidos.<\/li>\n\n\n\n<li><strong>Cookies de preferencias o personalizaci\u00f3n<\/strong>: son aquellas que permiten<br>recordar informaci\u00f3n para que el usuario acceda al servicio con determinadas caracter\u00edsticas que<br>pueden diferenciar su experiencia de la de otros usuarios, como, por ejemplo, el idioma, el n\u00famero<br>de resultados a mostrar cuando el usuario realiza una b\u00fasqueda, el aspecto o contenido del servicio<br>en funci\u00f3n del tipo de navegador a trav\u00e9s del cual el usuario accede al servicio o de la regi\u00f3n<br>desde la que accede al servicio, etc.<\/li>\n\n\n\n<li><strong>Cookies de an\u00e1lisis o medici\u00f3n<\/strong>: son aquellas que permiten al<br>responsable de las mismas el seguimiento y an\u00e1lisis del comportamiento de los usuarios de los sitios<br>web a los que est\u00e1n vinculadas, incluida la cuantificaci\u00f3n de los impactos de los anuncios. La<br>informaci\u00f3n recogida mediante este tipo de cookies se utiliza en la medici\u00f3n de la actividad de los<br>sitios web, aplicaci\u00f3n o plataforma, con el fin de introducir mejoras en funci\u00f3n del an\u00e1lisis de los<br>datos de uso que hacen los usuarios del servicio.<\/li>\n\n\n\n<li><strong>Cookies de publicidad comportamental<\/strong>: son aquellas que almacenan<br>informaci\u00f3n del comportamiento de los usuarios obtenida a trav\u00e9s de la observaci\u00f3n continuada de sus<br>h\u00e1bitos de navegaci\u00f3n, lo que permite desarrollar un perfil espec\u00edfico para mostrar publicidad en<br>funci\u00f3n del mismo.<\/li>\n<\/ol>\n\n\n\n<p>3. Tipos de cookies seg\u00fan el plazo de tiempo que permanecen activadas:<\/p>\n\n\n\n<ol class=\"wp-block-list\">\n<li><strong>Cookies de sesi\u00f3n<\/strong>: son aquellas dise\u00f1adas para recabar y almacenar<br>datos mientras el usuario accede a una p\u00e1gina web. Se suelen emplear para almacenar informaci\u00f3n que<br>solo interesa conservar para la prestaci\u00f3n del servicio solicitado por el usuario en una sola<br>ocasi\u00f3n (por ejemplo, una lista de productos adquiridos) y desaparecen al terminar la sesi\u00f3n.&nbsp;<\/li>\n\n\n\n<li><strong>Cookies persistentes<\/strong>: son aquellas en las que los datos siguen<br>almacenados en el terminal y pueden ser accedidos y tratados durante un periodo definido por el<br>responsable de la cookie, y que puede ir de unos minutos a varios a\u00f1os.<\/li>\n<\/ol>\n\n\n\n<p><strong>\u00bfQu\u00e9 tipos de cookies se utilizan en esta p\u00e1gina web?<\/strong><\/p>\n\n\n\n<p>El Ayuntamiento no utiliza cookies para recoger informaci\u00f3n de los usuarios, ni registra<br>direcciones IP de acceso. \u00danicamente se utilizan cookies propias, con finalidad t\u00e9cnica y de personalizaci\u00f3n,<br>para almacenar informaci\u00f3n de la elecci\u00f3n de los usuarios sobre el uso de cookies y el idioma.&nbsp;<\/p>\n\n\n\n<figure class=\"wp-block-table\"><table><tbody><tr><td><strong>Cookie<\/strong><\/td><td><strong>Titular<\/strong><\/td><td><strong>Tipo<\/strong><\/td><td><strong>Duraci\u00f3n<\/strong><\/td><td><strong>Finalidad<\/strong><\/td><\/tr><tr><td>cookieyes-consent<\/td><td>Propia<\/td><td>T\u00e9cnica<\/td><td>30 d\u00edas<\/td><td>Esta cookie almacena informaci\u00f3n de la elecci\u00f3n de los usuarios sobre el<br>uso de cookies. Esta cookie se establece una vez el usuario ha aceptado o rechazado el uso de<br>cookies.<\/td><\/tr><tr><td>wp-wpml_current_language<\/td><td>Propia<\/td><td>Personalizaci\u00f3n<\/td><td>Sesi\u00f3n<\/td><td>Esta cookie almacena informaci\u00f3n de la elecci\u00f3n de los usuarios sobre el<br>idioma de visualizaci\u00f3n de la web. Esta cookie se establece una vez el usuario ha seleccionado<br>el idioma.&nbsp;<\/td><\/tr><\/tbody><\/table><\/figure>\n\n\n\n<p>Cookies de anal\u00edticas utilizadas:<\/p>\n\n\n\n<figure class=\"wp-block-table\"><table><thead><tr><th>nombre<\/th><th>nombre de equipo<\/th><th>ruta<\/th><th>expiraci\u00f3n<\/th><\/tr><\/thead><tbody><tr><td>_gid<\/td><td>.aldaia.es<\/td><td>\/<\/td><td>1 d\u00eda<\/td><\/tr><tr><td colspan=\"5\">Contiene un identificador \u00fanico utilizado por Google Analytics para determinar que dos visitas distintas pertenecen al mismo usuario en todas las sesiones de navegaci\u00f3n.<\/td><\/tr><tr><td>_gat_*<\/td><td>.aldaia.es<\/td><td>\/<\/td><td>1 hora<\/td><\/tr><tr><td colspan=\"5\">Utilizado por Google Analytics para acelerar la tasa de solicitudes (limitar la recopilaci\u00f3n de datos en sitios de alto tr\u00e1fico)<\/td><\/tr><tr><td>_ga<\/td><td>.aldaia.es<\/td><td>\/<\/td><td>730 d\u00edas<\/td><\/tr><tr><td colspan=\"5\">Contiene un identificador \u00fanico utilizado por Google Analytics para determinar que dos visitas distintas pertenecen al mismo usuario en todas las sesiones de navegaci\u00f3n.<\/td><\/tr><tr><td>_ga_*<\/td><td>.aldaia.es<\/td><td>\/<\/td><td>730 d\u00edas<\/td><\/tr><tr><td colspan=\"5\">Contiene un identificador \u00fanico utilizado por Google Analytics 4 para determinar que dos resultados distintos pertenecen al mismo usuario en todas las sesiones de navegaci\u00f3n.<\/td><\/tr><\/tbody><\/table><\/figure>\n\n\n\n<p><strong>Transferencias internacionales de cookies de terceros<\/strong><\/p>\n\n\n\n<p>Cookies Propias: la informaci\u00f3n almacenada no supondr\u00e1 una<br>transferencia internacional.<\/p>\n\n\n\n<p><strong>Licitud del tratamiento<\/strong><\/p>\n\n\n\n<p>La base legal del tratamiento es su consentimiento (libre, espec\u00edfico, informado e<br>inequ\u00edvoco). Para revocar su consentimiento, siga las instrucciones del siguiente apartado.<\/p>\n\n\n\n<p><strong>Forma de aceptar, denegar, revocar el consentimiento o eliminar las cookies<\/strong><\/p>\n\n\n\n<p>Los Usuarios pueden configurar su navegador para bloquear o eliminar las cookies en<br>cualquier momento. Consulte las opciones e instrucciones que ofrece su navegador para ello.<\/p>\n\n\n\n<p>A continuaci\u00f3n, se facilitan instrucciones acerca de c\u00f3mo gestionar las cookies:<\/p>\n\n\n\n<figure class=\"wp-block-table\"><table><tbody><tr><td><strong>Chrome<\/strong><\/td><td><a href=\"https:\/\/support.google.com\/chrome\/answer\/95647?hl=es&amp;hlrm=en\">https:\/\/support.google.com\/chrome\/answer\/95647?hl=es&amp;hlrm=en<\/a><\/td><\/tr><tr><td><strong>Explorer Versi\u00f3n 8<\/strong><\/td><td><a href=\"http:\/\/windows.microsoft.com\/es-ES\/windows-vista\/Block-or-allow-cookies\">http:\/\/windows.microsoft.com\/es-ES\/windows-vista\/Block-or-allow-cookies<\/a><\/td><\/tr><tr><td><strong>Explorer Versi\u00f3n 11<\/strong><\/td><td><a href=\"https:\/\/support.microsoft.com\/es-es\/help\/17442\/windows-internet-explorer-delete-manage-cookies\">https:\/\/support.microsoft.com\/es-es\/help\/17442\/windows-internet-explorer-delete-manage-cookies<\/a><\/td><\/tr><tr><td><strong>Edge<\/strong><\/td><td><a href=\"https:\/\/www.habilitarlascookies.com\/como-habilitar-las-cookies-en-microsoft-edge.html\">https:\/\/www.habilitarlascookies.com\/como-habilitar-las-cookies-en-microsoft-edge.html<\/a><\/td><\/tr><tr><td><strong>Safari<\/strong><\/td><td><a href=\"http:\/\/support.apple.com\/kb\/HT1677?viewlocale=es_ES\">http:\/\/support.apple.com\/kb\/HT1677?viewlocale=es_ES&nbsp;<\/a><\/td><\/tr><tr><td><strong>Firefox<\/strong><\/td><td><a href=\"http:\/\/support.mozilla.org\/es\/kb\/habilitar-y-deshabilitar-cookies-que-los-sitios-we\">http:\/\/support.mozilla.org\/es\/kb\/habilitar-y-deshabilitar-cookies-que-los-sitios-we<\/a><\/td><\/tr><tr><td><strong>Opera<\/strong><\/td><td><a href=\"https:\/\/www.habilitarlascookies.com\/como-habilitar-las-cookies-en-opera.html\">https:\/\/www.habilitarlascookies.com\/como-habilitar-las-cookies-en-opera.html<\/a><\/td><\/tr><\/tbody><\/table><\/figure>\n\n\n\n<p>Adem\u00e1s, tambi\u00e9n puede gestionar el almaceanmiento de cookies en su navegador a trav\u00e9s de<br>herramientas como las siguientes:<\/p>\n\n\n\n<ul class=\"wp-block-list\">\n<li><a href=\"http:\/\/www.ghostery.com\/\">Ghostery<\/a>&nbsp;<\/li>\n\n\n\n<li><a href=\"http:\/\/www.youronlinechoices.com\/es\/\">Your online<br>choices<\/a>&nbsp;<\/li>\n<\/ul>\n\n\n\n<p>El Ayuntamiento no se hace responsable de las irregularidades que la no admisi\u00f3n de<br>cookies pueda generar durante la navegaci\u00f3n de los Usuarios por la P\u00e1gina Web.<\/p>\n\n\n\n<p><strong>Enlaces&nbsp;a&nbsp;sitios&nbsp;web&nbsp;de&nbsp;terceros&nbsp;<\/strong><\/p>\n\n\n\n<p>La P\u00e1gina Web contiene a enlaces a sitios web de terceros, siendo los Usuarios quienes<br>deciden aceptar o rechazar las pol\u00edticas de privacidad y de cookies que aparezcan en los sitios web de<br>terceros.&nbsp;<\/p>\n\n\n\n<p><strong>Servicios de terceros (Redes Sociales)&nbsp;<\/strong><\/p>\n\n\n\n<p>El Ayuntamiento tiene presencia en portales y servicios de terceros para los que, si se<br>desea conocer las condiciones de privacidad y uso de cookies, deber\u00e1n consultar las pol\u00edticas proporcionadas por<br>los mismos:<\/p>\n\n\n\n<p>Facebook: <a href=\"https:\/\/es-es.facebook.com\/help\/cookies\">https:\/\/es-es.facebook.com\/help\/cookies<\/a> &nbsp;<\/p>\n\n\n\n<p>Twitter: <a href=\"https:\/\/twitter.com\/privacy\">https:\/\/twitter.com\/privacy<\/a>&nbsp;<\/p>\n\n\n\n<p>Youtube: <a href=\"https:\/\/www.google.es\/intl\/es\/policies\/technologies\/cookies\/\">https:\/\/www.google.es\/intl\/es\/policies\/technologies\/cookies\/<\/a>&nbsp;<\/p>\n\n\n\n<p><strong>Actualizaci\u00f3n de la Pol\u00edtica de cookies<\/strong><\/p>\n\n\n\n<p>Por \u00faltimo, le informamos que el Ayuntamiento puede actualizar peri\u00f3dicamente la<br>presente Pol\u00edtica de Cookies, que siempre estar\u00e1 disponible para su consulta a trav\u00e9s de su p\u00e1gina web.<\/p>\n","protected":false},"excerpt":{"rendered":"<p>El Ayuntamiento de Aldaia (en adelante, \u201cel Ayuntamiento\u201d) ha adoptado esta pol\u00edtica decookies (en adelante, \u201cPol\u00edtica de Cookies\u201d) para informar a los Usuarios de la utilizaci\u00f3n de cookies en lap\u00e1gina <a class=\"text-decoration-none text-black\" href=\"https:\/\/aldaia.es\/es\/politica-de-cookies\/\"> &#8230; <\/a><\/p>\n","protected":false},"author":1,"featured_media":0,"parent":0,"menu_order":0,"comment_status":"closed","ping_status":"closed","template":"basic-page-title.php","meta":{"_acf_changed":false,"footnotes":""},"class_list":["post-13351","page","type-page","status-publish","hentry"],"acf":[],"yoast_head":"<!-- This site is optimized with the Yoast SEO plugin v27.0 - https:\/\/yoast.com\/product\/yoast-seo-wordpress\/ -->\n<title>Pol\u00edtica de cookies - Ayuntamiento de Aldaia<\/title>\n<meta name=\"robots\" content=\"noindex, nofollow\" \/>\n<meta property=\"og:locale\" content=\"es_ES\" \/>\n<meta property=\"og:type\" content=\"article\" \/>\n<meta property=\"og:title\" content=\"Pol\u00edtica de cookies - Ayuntamiento de Aldaia\" \/>\n<meta property=\"og:description\" content=\"El Ayuntamiento de Aldaia (en adelante, \u201cel Ayuntamiento\u201d) ha adoptado esta pol\u00edtica decookies (en adelante, \u201cPol\u00edtica de Cookies\u201d) para informar a los Usuarios de la utilizaci\u00f3n de cookies en lap\u00e1gina ...\" \/>\n<meta property=\"og:url\" content=\"https:\/\/aldaia.es\/es\/politica-de-cookies\/\" \/>\n<meta property=\"og:site_name\" content=\"Ayuntamiento de Aldaia\" \/>\n<meta property=\"article:modified_time\" content=\"2024-10-10T10:50:59+00:00\" \/>\n<script type=\"application\/ld+json\" class=\"yoast-schema-graph\">{\"@context\":\"https:\/\/schema.org\",\"@graph\":[{\"@type\":\"WebPage\",\"@id\":\"https:\/\/aldaia.es\/es\/politica-de-cookies\/\",\"url\":\"https:\/\/aldaia.es\/es\/politica-de-cookies\/\",\"name\":\"Pol\u00edtica de cookies - Ayuntamiento de Aldaia\",\"isPartOf\":{\"@id\":\"https:\/\/aldaia.es\/es\/#website\"},\"datePublished\":\"2023-06-12T07:10:56+00:00\",\"dateModified\":\"2024-10-10T10:50:59+00:00\",\"breadcrumb\":{\"@id\":\"https:\/\/aldaia.es\/es\/politica-de-cookies\/#breadcrumb\"},\"inLanguage\":\"es\",\"potentialAction\":[{\"@type\":\"ReadAction\",\"target\":[\"https:\/\/aldaia.es\/es\/politica-de-cookies\/\"]}]},{\"@type\":\"BreadcrumbList\",\"@id\":\"https:\/\/aldaia.es\/es\/politica-de-cookies\/#breadcrumb\",\"itemListElement\":[{\"@type\":\"ListItem\",\"position\":1,\"name\":\"Portada\",\"item\":\"https:\/\/aldaia.es\/es\/\"},{\"@type\":\"ListItem\",\"position\":2,\"name\":\"Pol\u00edtica de cookies\"}]},{\"@type\":\"WebSite\",\"@id\":\"https:\/\/aldaia.es\/es\/#website\",\"url\":\"https:\/\/aldaia.es\/es\/\",\"name\":\"Ajuntament D'Aldaia\",\"description\":\"\",\"publisher\":{\"@id\":\"https:\/\/aldaia.es\/es\/#organization\"},\"alternateName\":\"Ajuntament D'Aldaia\",\"potentialAction\":[{\"@type\":\"SearchAction\",\"target\":{\"@type\":\"EntryPoint\",\"urlTemplate\":\"https:\/\/aldaia.es\/es\/?s={search_term_string}\"},\"query-input\":{\"@type\":\"PropertyValueSpecification\",\"valueRequired\":true,\"valueName\":\"search_term_string\"}}],\"inLanguage\":\"es\"},{\"@type\":\"Organization\",\"@id\":\"https:\/\/aldaia.es\/es\/#organization\",\"name\":\"Ajuntament D'Aldaia\",\"url\":\"https:\/\/aldaia.es\/es\/\",\"logo\":{\"@type\":\"ImageObject\",\"inLanguage\":\"es\",\"@id\":\"https:\/\/aldaia.es\/es\/#\/schema\/logo\/image\/\",\"url\":\"https:\/\/aldaia.es\/wp-content\/uploads\/2022\/06\/aldaia-negro-1.png\",\"contentUrl\":\"https:\/\/aldaia.es\/wp-content\/uploads\/2022\/06\/aldaia-negro-1.png\",\"width\":152,\"height\":70,\"caption\":\"Ajuntament D'Aldaia\"},\"image\":{\"@id\":\"https:\/\/aldaia.es\/es\/#\/schema\/logo\/image\/\"}}]}<\/script>\n<!-- \/ Yoast SEO plugin. -->","yoast_head_json":{"title":"Pol\u00edtica de cookies - Ayuntamiento de Aldaia","robots":{"index":"noindex","follow":"nofollow"},"og_locale":"es_ES","og_type":"article","og_title":"Pol\u00edtica de cookies - Ayuntamiento de Aldaia","og_description":"El Ayuntamiento de Aldaia (en adelante, \u201cel Ayuntamiento\u201d) ha adoptado esta pol\u00edtica decookies (en adelante, \u201cPol\u00edtica de Cookies\u201d) para informar a los Usuarios de la utilizaci\u00f3n de cookies en lap\u00e1gina ...","og_url":"https:\/\/aldaia.es\/es\/politica-de-cookies\/","og_site_name":"Ayuntamiento de Aldaia","article_modified_time":"2024-10-10T10:50:59+00:00","schema":{"@context":"https:\/\/schema.org","@graph":[{"@type":"WebPage","@id":"https:\/\/aldaia.es\/es\/politica-de-cookies\/","url":"https:\/\/aldaia.es\/es\/politica-de-cookies\/","name":"Pol\u00edtica de cookies - Ayuntamiento de Aldaia","isPartOf":{"@id":"https:\/\/aldaia.es\/es\/#website"},"datePublished":"2023-06-12T07:10:56+00:00","dateModified":"2024-10-10T10:50:59+00:00","breadcrumb":{"@id":"https:\/\/aldaia.es\/es\/politica-de-cookies\/#breadcrumb"},"inLanguage":"es","potentialAction":[{"@type":"ReadAction","target":["https:\/\/aldaia.es\/es\/politica-de-cookies\/"]}]},{"@type":"BreadcrumbList","@id":"https:\/\/aldaia.es\/es\/politica-de-cookies\/#breadcrumb","itemListElement":[{"@type":"ListItem","position":1,"name":"Portada","item":"https:\/\/aldaia.es\/es\/"},{"@type":"ListItem","position":2,"name":"Pol\u00edtica de cookies"}]},{"@type":"WebSite","@id":"https:\/\/aldaia.es\/es\/#website","url":"https:\/\/aldaia.es\/es\/","name":"Ajuntament D'Aldaia","description":"","publisher":{"@id":"https:\/\/aldaia.es\/es\/#organization"},"alternateName":"Ajuntament D'Aldaia","potentialAction":[{"@type":"SearchAction","target":{"@type":"EntryPoint","urlTemplate":"https:\/\/aldaia.es\/es\/?s={search_term_string}"},"query-input":{"@type":"PropertyValueSpecification","valueRequired":true,"valueName":"search_term_string"}}],"inLanguage":"es"},{"@type":"Organization","@id":"https:\/\/aldaia.es\/es\/#organization","name":"Ajuntament D'Aldaia","url":"https:\/\/aldaia.es\/es\/","logo":{"@type":"ImageObject","inLanguage":"es","@id":"https:\/\/aldaia.es\/es\/#\/schema\/logo\/image\/","url":"https:\/\/aldaia.es\/wp-content\/uploads\/2022\/06\/aldaia-negro-1.png","contentUrl":"https:\/\/aldaia.es\/wp-content\/uploads\/2022\/06\/aldaia-negro-1.png","width":152,"height":70,"caption":"Ajuntament D'Aldaia"},"image":{"@id":"https:\/\/aldaia.es\/es\/#\/schema\/logo\/image\/"}}]}},"_links":{"self":[{"href":"https:\/\/aldaia.es\/es\/wp-json\/wp\/v2\/pages\/13351","targetHints":{"allow":["GET"]}}],"collection":[{"href":"https:\/\/aldaia.es\/es\/wp-json\/wp\/v2\/pages"}],"about":[{"href":"https:\/\/aldaia.es\/es\/wp-json\/wp\/v2\/types\/page"}],"author":[{"embeddable":true,"href":"https:\/\/aldaia.es\/es\/wp-json\/wp\/v2\/users\/1"}],"replies":[{"embeddable":true,"href":"https:\/\/aldaia.es\/es\/wp-json\/wp\/v2\/comments?post=13351"}],"version-history":[{"count":10,"href":"https:\/\/aldaia.es\/es\/wp-json\/wp\/v2\/pages\/13351\/revisions"}],"predecessor-version":[{"id":33756,"href":"https:\/\/aldaia.es\/es\/wp-json\/wp\/v2\/pages\/13351\/revisions\/33756"}],"wp:attachment":[{"href":"https:\/\/aldaia.es\/es\/wp-json\/wp\/v2\/media?parent=13351"}],"curies":[{"name":"wp","href":"https:\/\/api.w.org\/{rel}","templated":true}]}}