{"id":18936,"date":"2023-11-09T10:56:46","date_gmt":"2023-11-09T09:56:46","guid":{"rendered":"https:\/\/aldaia.es\/inicio-index\/"},"modified":"2026-03-24T10:10:39","modified_gmt":"2026-03-24T09:10:39","slug":"inicio-index","status":"publish","type":"page","link":"https:\/\/aldaia.es\/es\/","title":{"rendered":"INICIO INDICE"},"content":{"rendered":"\n<div style=\"height:26px\" aria-hidden=\"true\" class=\"wp-block-spacer\"><\/div>\n\n\n\n<div class=\"text-center logo-plantilla-random\"><h1><svg style=\"width:200px; height:auto; \" class=\"text-center mx-auto py-3\" version=\"1.1\" id=\"Capa_1\" xmlns=\"http:\/\/www.w3.org\/2000\/svg\" xmlns:xlink=\"http:\/\/www.w3.org\/1999\/xlink\" x=\"0px\" y=\"0px\"\n\t viewBox=\"0 0 327.7 151.5\" style=\"enable-background:new 0 0 327.7 151.5;\" xml:space=\"preserve\">\n\n<g>\n\t<g>\n\t\t<g>\n\t\t\t<path style=\"fill:#FFFFFF;\" d=\"M117,87.7c0-1.1-0.3-2.1-0.8-3c-0.5-0.9-1.3-1.7-2.2-2.2c-0.9-0.5-1.9-0.8-3-0.8h-3.7v12h3.7\n\t\t\t\tc1.1,0,2.1-0.3,3-0.8c0.9-0.5,1.7-1.3,2.2-2.2C116.7,89.8,117,88.8,117,87.7z M114.3,89.7c-0.3,0.6-0.8,1.1-1.4,1.4\n\t\t\t\tc-0.6,0.3-1.2,0.5-1.9,0.5h-1.5v-7.7h1.5c0.7,0,1.3,0.2,1.9,0.5c0.6,0.3,1.1,0.8,1.4,1.4c0.3,0.6,0.5,1.2,0.5,1.9\n\t\t\t\tC114.8,88.4,114.7,89.1,114.3,89.7z\"\/>\n\t\t\t<polygon style=\"fill:#FFFFFF;\" points=\"119.6,85.2 121.6,85.2 122.5,81 120.6,81 \t\t\t\"\/>\n\t\t\t<path style=\"fill:#FFFFFF;\" d=\"M113.7,60.3h7.7l1.5,4.3h4l-7.7-21.4h-3.6l-7.7,21.4h4L113.7,60.3z M117.5,49.5l2.6,7.4h-5.3L117.5,49.5z\"\/>\n\t\t\t<path style=\"fill:#FFFFFF;\" d=\"M140.1,59.7c-0.2,0.5-0.5,0.8-0.8,0.9c-0.3,0.1-0.7,0.2-1.1,0.2c-1.3,0-1.9-0.7-1.9-2h-3.8\n\t\t\t\tc0,1.1,0.2,2.1,0.7,3c0.5,0.9,1.2,1.6,2,2.1c0.9,0.5,1.8,0.7,3,0.7c1.9,0,3.4-0.6,4.5-1.9c1.1-1.2,1.6-3,1.6-5.2l0-14.2h-9.8v3.4\n\t\t\t\th6v10.8C140.4,58.5,140.3,59.2,140.1,59.7z\"\/>\n\t\t\t<path style=\"fill:#FFFFFF;\" d=\"M166,56V43.2h-3.8V56c0,1.8-0.3,3.1-0.9,3.7c-0.6,0.7-1.6,1-2.8,1c-1,0-1.8-0.1-2.4-0.4\n\t\t\t\tc-0.6-0.3-1-0.8-1.2-1.4c-0.2-0.7-0.4-1.6-0.4-2.8V43.2h-3.8V56c0,5.7,2.6,8.5,7.7,8.5c2,0,3.7-0.6,5.3-1.8\n\t\t\t\tC165.2,61.6,166,59.3,166,56z\"\/>\n\t\t\t<polygon style=\"fill:#FFFFFF;\" points=\"183.9,57.1 176.4,43.3 172.3,43.3 172.3,64.6 176.2,64.6 176.2,50.8 183.7,64.6 187.7,64.5 \n\t\t\t\t187.7,43.3 183.9,43.3 \t\t\t\"\/>\n\t\t\t<polygon style=\"fill:#FFFFFF;\" points=\"199.9,64.6 203.7,64.6 203.7,47 210.4,47 210.4,43.2 193.2,43.2 193.2,47 199.9,47 \t\t\t\"\/>\n\t\t\t<path style=\"fill:#FFFFFF;\" d=\"M224.3,43.2h-3.6l-7.7,21.4h4l1.5-4.3h7.7l1.6,4.3h4L224.3,43.2z M219.9,56.9l2.7-7.4l2.6,7.4H219.9z\"\/>\n\t\t\t<polygon style=\"fill:#FFFFFF;\" points=\"242.2,51.4 246,59.1 249.4,59.1 253.3,51.4 253.3,64.6 257.1,64.6 257.1,43.3 253,43.3 247.7,53.9 \n\t\t\t\t242.5,43.3 238.4,43.3 238.4,64.6 242.2,64.6 \t\t\t\"\/>\n\t\t\t<polygon style=\"fill:#FFFFFF;\" points=\"277.4,60.7 267.3,60.7 267.3,56.8 274.4,56.8 274.4,53.5 267.3,53.5 267.3,47.1 276.7,47.1 \n\t\t\t\t276.7,43.3 263.5,43.3 263.5,64.6 277.4,64.6 \t\t\t\"\/>\n\t\t\t<polygon style=\"fill:#FFFFFF;\" points=\"299.2,64.5 299.2,43.3 295.4,43.3 295.4,57.1 287.9,43.3 283.8,43.3 283.8,64.6 287.6,64.6 \n\t\t\t\t287.6,50.8 295.1,64.6 \t\t\t\"\/>\n\t\t\t<polygon style=\"fill:#FFFFFF;\" points=\"304.7,43.2 304.7,47 311.3,47 311.3,64.6 315.1,64.6 315.1,47 321.8,47 321.8,43.2 \t\t\t\"\/>\n\t\t\t<path style=\"fill:#FFFFFF;\" d=\"M128.8,81.9l-13.1,36.5h6.9l2.6-7.4h13.2l2.6,7.4h6.9l-13.1-36.5H128.8z M127.3,105.3l4.6-12.6l4.5,12.6\n\t\t\t\tH127.3z\"\/>\n\t\t\t<polygon style=\"fill:#FFFFFF;\" points=\"165.4,81.9 158.8,81.9 158.8,118.4 181.6,118.4 181.6,111.8 165.4,111.8 \t\t\t\"\/>\n\t\t\t<path style=\"fill:#FFFFFF;\" d=\"M212.6,84.5c-2.8-1.6-5.8-2.4-9.1-2.4h-11.1v36.3h11.1c3.3,0,6.3-0.8,9.1-2.4c2.8-1.6,5-3.8,6.6-6.6\n\t\t\t\tc1.6-2.8,2.4-5.8,2.4-9.1c0-3.3-0.8-6.3-2.4-9.1C217.6,88.4,215.4,86.2,212.6,84.5z M213.6,106.1c-1.1,1.8-2.5,3.2-4.2,4.2\n\t\t\t\tc-1.8,1-3.7,1.6-5.8,1.6h-4.6V88.6h4.6c2.1,0,4,0.5,5.8,1.6c1.8,1,3.2,2.4,4.2,4.2c1.1,1.8,1.6,3.7,1.6,5.8\n\t\t\t\tC215.1,102.3,214.6,104.3,213.6,106.1z\"\/>\n\t\t\t<path style=\"fill:#FFFFFF;\" d=\"M242,81.9l-13.1,36.5h6.9l2.6-7.4h13.2l2.6,7.4h6.9l-13.1-36.5H242z M240.5,105.3l4.6-12.6l4.5,12.6H240.5z\"\n\t\t\t\t\/>\n\t\t\t<rect x=\"272\" y=\"82.1\" style=\"fill:#FFFFFF;\" width=\"6.6\" height=\"36.3\"\/>\n\t\t\t<path style=\"fill:#FFFFFF;\" d=\"M302.5,81.9l-13.1,36.5h6.9l2.6-7.4h13.2l2.6,7.4h6.9l-13.1-36.5H302.5z M301,105.3l4.6-12.6l4.5,12.6H301z\"\n\t\t\t\t\/>\n\t\t\t<path style=\"fill:#FFFFFF;\" d=\"M86.4,54.6c0-4.8-3.4-8.4-9.4-9.7c-0.7-0.2-16.1-3.8-31.5-3.8c-15.5,0-30.9,3.6-31.5,3.8\n\t\t\t\tc-6,1.3-9.4,4.9-9.4,9.7v52.1h0c0,0.5,0,0.9,0,1.4c0,2.7-0.1,5.7,0.8,8.6c0.9,2.8,3.1,5.2,5.4,7.4c0,0,0.1,0.1,0.1,0.1l0,0\n\t\t\t\tl0.5,0.4c1.3,1.1,11.6,9.7,17.8,14.9l7.2,5.8c2.7,2.2,5.9,3.3,9.1,3.3c3.1,0,6.3-1,8.9-3.1l14.1-11.1c0,0,0,0,0-0.1\n\t\t\t\tc6.7-5.8,11.8-10.3,11.9-10.3c0,0,0.1-0.1,0.1-0.1c0.1-0.1,0.1-0.1,0.2-0.2l0,0c4.8-4.8,5.8-9.6,5.8-16.2V59.4h0V54.6z\n\t\t\t\t M57.7,44.9c-2.3-0.2-4.8-0.4-7.3-0.5C52.9,44.5,55.3,44.7,57.7,44.9z M7.8,54.6c0-4.5,4.3-6.1,6.9-6.7c0,0,0.4-0.1,1.2-0.3\n\t\t\t\tc0.1,0,0.3-0.1,0.4-0.1c-0.1,0-0.3,0.1-0.4,0.1v39.2h8.5V46.1c-1.9,0.3-3.7,0.6-5.1,0.9c1.4-0.3,3.2-0.6,5.1-0.9\n\t\t\t\tc2.5-0.4,5.4-0.8,8.4-1.1c0,0,0,0,0,0v41.9h8.5V44.3c-2.7,0.1-5.4,0.3-8,0.6c2.6-0.3,5.3-0.5,8-0.6c1.4-0.1,2.8-0.1,4.2-0.1\n\t\t\t\tc1.4,0,2.8,0,4.2,0.1v42.5h8.7V45c3.1,0.3,5.9,0.7,8.4,1.1v40.7h8.5V47.7c0,0,0,0,0,0c0.6,0.1,1,0.2,1,0.2\n\t\t\t\tc2.6,0.6,6.9,2.2,6.9,6.7v32.2h-7.9h-8.5h-8.4h-8.7h-8.4h-8.5h-8.4h-8.5H7.8V58.7h0V54.6z M83.2,107.5c0,6.2-0.8,10.1-5.1,14.3\n\t\t\t\tc0,0,0,0-0.1,0l0,0c0,0-0.1,0.1-0.1,0.1l0,0c-1.2,1.1-6.8,6-13.7,11.9L52.5,143c-4.2,3.3-10.1,3.3-14.2-0.1l-12-9.8l-9.2-8\n\t\t\t\tl-3.5-2.8c0,0,0,0,0,0l0,0c-2.1-2-4.3-4.2-5-6.5c-0.8-2.4-0.7-5-0.7-7.6c0-0.6,0-1.2,0-1.9h0v-1c0-2.1,0-4.1,0-5.8v-4.1\n\t\t\t\tc0-0.5,0-0.9,0-1.4c0-1.3,0-2.6,0-3.9h75.3v3.4h0V107.5z\"\/>\n\t\t\t<path style=\"fill:#FFFFFF;\" d=\"M45.9,14.1c0,0,2.8,5.7,8,2.3c0,0,0.5-5.7-5.8-5.8c0,0,3.3-4.7-2-8.1l-0.2,0c0,0-4.8,2.1-2.1,8.1\n\t\t\t\tc0,0-5.8-0.3-5.8,5.7C38,16.3,43,20.2,45.9,14.1z\"\/>\n\t\t\t<path style=\"fill:#FFFFFF;\" d=\"M26.5,15.7c0,0,3.9,5,8.3,0.6c0,0-0.7-5.7-6.9-4.5c0,0,2.2-5.3-3.7-7.5H24c0,0-4.2,3.1-0.4,8.4\n\t\t\t\tc0,0-5.7,0.9-4.5,6.7C19.2,19.4,25,22.2,26.5,15.7z\"\/>\n\t\t\t<path style=\"fill:#FFFFFF;\" d=\"M65.4,15.7c1.5,6.5,7.3,3.7,7.3,3.7c1.3-5.8-4.5-6.7-4.5-6.7c3.8-5.3-0.4-8.4-0.4-8.4h-0.2\n\t\t\t\tc-5.9,2.2-3.7,7.5-3.7,7.5c-6.2-1.2-6.9,4.5-6.9,4.5C61.5,20.7,65.4,15.7,65.4,15.7z\"\/>\n\t\t\t<path style=\"fill:#FFFFFF;\" d=\"M15.8,19c-2.3-5.5-8.2-2.5-8.2-2.5C9,9.8,2.7,9.9,2.7,9.9c-3.5,7.2,3.2,8.5,3.2,8.5\n\t\t\t\tC10.8,26.2,15.8,19,15.8,19z\"\/>\n\t\t\t<path style=\"fill:#FFFFFF;\" d=\"M83.4,16.2c0,0-5.9-3-8.2,2.5c0,0,5,7.2,9.9-0.7c0,0,6.6-1.3,3.2-8.5C88.3,9.6,81.9,9.5,83.4,16.2z\"\/>\n\t\t\t<path style=\"fill:#FFFFFF;\" d=\"M11.2,25.3l2.1,6.5c21.4-5.7,43.6-5.8,64.3-0.3l2.1-6.5c-11-2.9-22.5-4.3-34.2-4.3\n\t\t\t\tC33.9,20.8,22.4,22.3,11.2,25.3z\"\/>\n\t\t\t<path style=\"fill:#FFFFFF;\" d=\"M50.6,112.4l0.3,0.7c0.9-0.3,1.3-1.1,1.1-2c-0.2-0.9-0.9-1.7-2-1.7c-1.2,0.1-1.7,1-1.8,1.7\n\t\t\t\tc-0.3,0-0.5,0-0.6,0l-0.1,0l-0.1,0c-2,0.9-4.3,0-4.3,0l-0.1,0l-0.1,0c-2.2,0.2-2.8,2.2-2.9,3.2l0,0l0,0\n\t\t\t\tc0.1,4.8-1.1,11.3-1.1,11.4l0.8,0.1c0,0,0.1-0.8,0.3-1.9h1.3v2.5l0.3,0.1c1.1,0.3,2.3,0.4,3.3,0.4c1.4,0,2.6-0.2,3.2-0.3l0,0.6\n\t\t\t\tl0.8,0l0-2.5c0.1,0,0.3,0,0.4,0c0.4,0,0.7,0,1-0.1c0.1,0.5,0.2,1,0.3,1.3l0.8-0.2c-0.4-1.3-0.6-5-0.7-8c-0.1-1.5-0.1-2.8-0.2-3.6\n\t\t\t\tc-0.1-1.1-0.5-1.9-1.1-2.4c-0.2-0.1-0.3-0.2-0.5-0.3c0.1-0.4,0.3-1.1,1.1-1.1c0.6,0,1,0.5,1.1,1\n\t\t\t\tC51.2,111.4,51.3,112.1,50.6,112.4z M40.2,123.1c0.3-2.4,0.7-5.9,0.7-8.8c0-0.2,0.1-1.7,1.4-2.3c0.5,1.7,2.7,8.1,4.2,11.1H40.2z\n\t\t\t\t M48.1,125.8c-0.9,0.2-3.4,0.6-5.9,0V124h4.8c0.1,0.2,0.2,0.3,0.3,0.4l0.1,0.1l0.1,0c0.1,0,0.3,0.1,0.7,0.1V125.8z M47.7,123.7\n\t\t\t\tc-1.3-1.7-4-9.7-4.7-11.8c0.7,0.2,2.8,0.8,4.7-0.1c0.1,0,0.2,0,0.4,0l0.1,11.9C48,123.8,47.9,123.8,47.7,123.7z M48.9,112.3\n\t\t\t\tc0.5,0.4,0.7,1,0.8,1.9c0.1,0.8,0.1,2.1,0.2,3.5c0.1,2.1,0.2,4.4,0.4,6.1c-0.4,0.1-0.9,0.1-1.4,0.1L48.9,112.3\n\t\t\t\tC48.9,112.2,48.9,112.3,48.9,112.3z\"\/>\n\t\t\t<path style=\"fill:#FFFFFF;\" d=\"M45.3,104.2L45.3,104.2c-0.8,0-1.4,0.3-1.9,0.8c-1,1.1-0.9,3.1-0.8,3.1l0,0.2l0.7,0.3c0.2,0.8,0.8,1.9,2,1.9\n\t\t\t\tc1.3,0,1.8-1.1,1.9-1.8l0.7-0.2l0-0.3c0-0.1,0.3-2.1-0.7-3.3C46.7,104.5,46.1,104.2,45.3,104.2z M47.2,107.9l-0.7,0.2l0,0.3\n\t\t\t\tc0,0.1-0.1,1.4-1.1,1.4c-1.1,0-1.3-1.4-1.3-1.4l0-0.2l-0.6-0.3c0-0.6,0.1-1.7,0.7-2.3c0.3-0.4,0.8-0.5,1.3-0.5h0\n\t\t\t\tc0.6,0,1,0.2,1.3,0.5C47.2,106.2,47.2,107.4,47.2,107.9z\"\/>\n\t\t\t<path style=\"fill:#FFFFFF;\" d=\"M41.9,108.5c-0.2-0.5-0.4-1.1-0.4-1.7c0-2.2,1.6-3.9,3.7-3.9c2,0,3.7,1.8,3.7,3.9c0,0.6-0.1,1.1-0.3,1.7\n\t\t\t\tl0.7,0.3c0.3-0.6,0.4-1.3,0.4-2c0-2.6-2-4.7-4.4-4.7c-2.4,0-4.4,2.1-4.4,4.7c0,0.7,0.1,1.4,0.4,2L41.9,108.5z\"\/>\n\t\t<\/g>\n\t<\/g>\n<\/g>\n<\/h1><\/svg>\n\n<\/div>\n\n\n\n<div style=\"height:32px\" aria-hidden=\"true\" class=\"wp-block-spacer\"><\/div>\n\n\n\n<div style=\"height:45px\" aria-hidden=\"true\" class=\"wp-block-spacer d-none d-md-block\"><\/div>\n\n\n\n<div style=\"height:72px\" aria-hidden=\"true\" class=\"wp-block-spacer d-none d-xl-block\"><\/div>\n\n\n\n<div class=\"wp-block-columns container is-layout-flex wp-container-core-columns-is-layout-9d6595d7 wp-block-columns-is-layout-flex\">\n<div class=\"wp-block-column is-layout-flow wp-block-column-is-layout-flow\">\n<div class=\"row container\">\n<div class=\"col-12 col-md-4\">\n<p><a target=\"_blank\" class=\"link link1 text-center\" href=\"http:\/\/transparencia.aldaia.es\" rel=\"noopener\"><strong>Transparencia<\/strong><span>Govierno abierto y <br>participaci\u00f3n<\/span><\/a><\/p>\n<p><\/p><\/div>\n<div class=\"col-12  col-md-4\">\n<p><a  class=\"link link2 text-center\" href=\"https:\/\/www.aldaia.es\/es\/inicio\"><strong>Ayuntamiento<\/strong><span> Toda la informaci\u00f3n <br>municipal<\/span><\/a><\/p>\n<p><\/p><\/div>\n<div class=\"col-12  col-md-4\">\n<p><a target=\"_blank\" class=\"link link3 text-center\" href=\"http:\/\/www.oficinavirtual.aldaia.es\/portalCiudadano\/portal\/entidades.do?pes_cod=-2&amp;ent_id=2&amp;idioma=1\" rel=\"noopener\"><strong>Sede Electr\u00f3nica<\/strong><span>Oficina virtual<\/span><\/a><\/p>\n<p><\/p><\/div>\n<p><\/p><\/div>\n<\/div>\n<\/div>\n\n\n\n<div style=\"height:60px\" aria-hidden=\"true\" class=\"wp-block-spacer\"><\/div>\n","protected":false},"excerpt":{"rendered":"<p>TransparenciaGovierno abierto y participaci\u00f3n Ayuntamiento Toda la informaci\u00f3n municipal Sede Electr\u00f3nicaOficina virtual <a class=\"text-decoration-none text-black\" href=\"https:\/\/aldaia.es\/es\/\"> &#8230; <\/a><\/p>\n","protected":false},"author":42,"featured_media":0,"parent":0,"menu_order":0,"comment_status":"closed","ping_status":"closed","template":"landing-page.php","meta":{"_acf_changed":false,"footnotes":""},"class_list":["post-18936","page","type-page","status-publish","hentry"],"acf":[],"yoast_head":"<!-- This site is optimized with the Yoast SEO plugin v27.0 - https:\/\/yoast.com\/product\/yoast-seo-wordpress\/ -->\n<title>Ayuntamiento de Aldaia: Tu portal municipal<\/title>\n<meta name=\"description\" content=\"Todo lo que Aldaia te ofrece: noticias, eventos, tr\u00e1mites, servicios, informaci\u00f3n sobre el municipio, participaci\u00f3n ciudadana y mucho m\u00e1s.\" \/>\n<meta name=\"robots\" content=\"index, follow, max-snippet:-1, max-image-preview:large, max-video-preview:-1\" \/>\n<link rel=\"canonical\" href=\"https:\/\/aldaia.es\/es\/\" \/>\n<meta property=\"og:locale\" content=\"es_ES\" \/>\n<meta property=\"og:type\" content=\"article\" \/>\n<meta property=\"og:title\" content=\"Ayuntamiento de Aldaia: Tu portal municipal\" \/>\n<meta property=\"og:description\" content=\"Todo lo que Aldaia te ofrece: noticias, eventos, tr\u00e1mites, servicios, informaci\u00f3n sobre el municipio, participaci\u00f3n ciudadana y mucho m\u00e1s.\" \/>\n<meta property=\"og:url\" content=\"https:\/\/aldaia.es\/es\/\" \/>\n<meta property=\"og:site_name\" content=\"Ayuntamiento de Aldaia\" \/>\n<meta property=\"article:modified_time\" content=\"2026-03-24T09:10:39+00:00\" \/>\n<script type=\"application\/ld+json\" class=\"yoast-schema-graph\">{\"@context\":\"https:\/\/schema.org\",\"@graph\":[{\"@type\":\"WebPage\",\"@id\":\"https:\/\/aldaia.es\/es\/\",\"url\":\"https:\/\/aldaia.es\/es\/\",\"name\":\"Ayuntamiento de Aldaia: Tu portal municipal\",\"isPartOf\":{\"@id\":\"https:\/\/aldaia.es\/es\/#website\"},\"datePublished\":\"2023-11-09T09:56:46+00:00\",\"dateModified\":\"2026-03-24T09:10:39+00:00\",\"description\":\"Todo lo que Aldaia te ofrece: noticias, eventos, tr\u00e1mites, servicios, informaci\u00f3n sobre el municipio, participaci\u00f3n ciudadana y mucho m\u00e1s.\",\"breadcrumb\":{\"@id\":\"https:\/\/aldaia.es\/es\/#breadcrumb\"},\"inLanguage\":\"es\",\"potentialAction\":[{\"@type\":\"ReadAction\",\"target\":[\"https:\/\/aldaia.es\/es\/\"]}]},{\"@type\":\"BreadcrumbList\",\"@id\":\"https:\/\/aldaia.es\/es\/#breadcrumb\",\"itemListElement\":[{\"@type\":\"ListItem\",\"position\":1,\"name\":\"Portada\",\"item\":\"https:\/\/aldaia.es\/es\/\"},{\"@type\":\"ListItem\",\"position\":2,\"name\":\"INICIO INDICE\"}]},{\"@type\":\"WebSite\",\"@id\":\"https:\/\/aldaia.es\/es\/#website\",\"url\":\"https:\/\/aldaia.es\/es\/\",\"name\":\"Ajuntament D'Aldaia\",\"description\":\"\",\"publisher\":{\"@id\":\"https:\/\/aldaia.es\/es\/#organization\"},\"alternateName\":\"Ajuntament D'Aldaia\",\"potentialAction\":[{\"@type\":\"SearchAction\",\"target\":{\"@type\":\"EntryPoint\",\"urlTemplate\":\"https:\/\/aldaia.es\/es\/?s={search_term_string}\"},\"query-input\":{\"@type\":\"PropertyValueSpecification\",\"valueRequired\":true,\"valueName\":\"search_term_string\"}}],\"inLanguage\":\"es\"},{\"@type\":\"Organization\",\"@id\":\"https:\/\/aldaia.es\/es\/#organization\",\"name\":\"Ajuntament D'Aldaia\",\"url\":\"https:\/\/aldaia.es\/es\/\",\"logo\":{\"@type\":\"ImageObject\",\"inLanguage\":\"es\",\"@id\":\"https:\/\/aldaia.es\/es\/#\/schema\/logo\/image\/\",\"url\":\"https:\/\/aldaia.es\/wp-content\/uploads\/2022\/06\/aldaia-negro-1.png\",\"contentUrl\":\"https:\/\/aldaia.es\/wp-content\/uploads\/2022\/06\/aldaia-negro-1.png\",\"width\":152,\"height\":70,\"caption\":\"Ajuntament D'Aldaia\"},\"image\":{\"@id\":\"https:\/\/aldaia.es\/es\/#\/schema\/logo\/image\/\"}}]}<\/script>\n<!-- \/ Yoast SEO plugin. -->","yoast_head_json":{"title":"Ayuntamiento de Aldaia: Tu portal municipal","description":"Todo lo que Aldaia te ofrece: noticias, eventos, tr\u00e1mites, servicios, informaci\u00f3n sobre el municipio, participaci\u00f3n ciudadana y mucho m\u00e1s.","robots":{"index":"index","follow":"follow","max-snippet":"max-snippet:-1","max-image-preview":"max-image-preview:large","max-video-preview":"max-video-preview:-1"},"canonical":"https:\/\/aldaia.es\/es\/","og_locale":"es_ES","og_type":"article","og_title":"Ayuntamiento de Aldaia: Tu portal municipal","og_description":"Todo lo que Aldaia te ofrece: noticias, eventos, tr\u00e1mites, servicios, informaci\u00f3n sobre el municipio, participaci\u00f3n ciudadana y mucho m\u00e1s.","og_url":"https:\/\/aldaia.es\/es\/","og_site_name":"Ayuntamiento de Aldaia","article_modified_time":"2026-03-24T09:10:39+00:00","schema":{"@context":"https:\/\/schema.org","@graph":[{"@type":"WebPage","@id":"https:\/\/aldaia.es\/es\/","url":"https:\/\/aldaia.es\/es\/","name":"Ayuntamiento de Aldaia: Tu portal municipal","isPartOf":{"@id":"https:\/\/aldaia.es\/es\/#website"},"datePublished":"2023-11-09T09:56:46+00:00","dateModified":"2026-03-24T09:10:39+00:00","description":"Todo lo que Aldaia te ofrece: noticias, eventos, tr\u00e1mites, servicios, informaci\u00f3n sobre el municipio, participaci\u00f3n ciudadana y mucho m\u00e1s.","breadcrumb":{"@id":"https:\/\/aldaia.es\/es\/#breadcrumb"},"inLanguage":"es","potentialAction":[{"@type":"ReadAction","target":["https:\/\/aldaia.es\/es\/"]}]},{"@type":"BreadcrumbList","@id":"https:\/\/aldaia.es\/es\/#breadcrumb","itemListElement":[{"@type":"ListItem","position":1,"name":"Portada","item":"https:\/\/aldaia.es\/es\/"},{"@type":"ListItem","position":2,"name":"INICIO INDICE"}]},{"@type":"WebSite","@id":"https:\/\/aldaia.es\/es\/#website","url":"https:\/\/aldaia.es\/es\/","name":"Ajuntament D'Aldaia","description":"","publisher":{"@id":"https:\/\/aldaia.es\/es\/#organization"},"alternateName":"Ajuntament D'Aldaia","potentialAction":[{"@type":"SearchAction","target":{"@type":"EntryPoint","urlTemplate":"https:\/\/aldaia.es\/es\/?s={search_term_string}"},"query-input":{"@type":"PropertyValueSpecification","valueRequired":true,"valueName":"search_term_string"}}],"inLanguage":"es"},{"@type":"Organization","@id":"https:\/\/aldaia.es\/es\/#organization","name":"Ajuntament D'Aldaia","url":"https:\/\/aldaia.es\/es\/","logo":{"@type":"ImageObject","inLanguage":"es","@id":"https:\/\/aldaia.es\/es\/#\/schema\/logo\/image\/","url":"https:\/\/aldaia.es\/wp-content\/uploads\/2022\/06\/aldaia-negro-1.png","contentUrl":"https:\/\/aldaia.es\/wp-content\/uploads\/2022\/06\/aldaia-negro-1.png","width":152,"height":70,"caption":"Ajuntament D'Aldaia"},"image":{"@id":"https:\/\/aldaia.es\/es\/#\/schema\/logo\/image\/"}}]}},"_links":{"self":[{"href":"https:\/\/aldaia.es\/es\/wp-json\/wp\/v2\/pages\/18936","targetHints":{"allow":["GET"]}}],"collection":[{"href":"https:\/\/aldaia.es\/es\/wp-json\/wp\/v2\/pages"}],"about":[{"href":"https:\/\/aldaia.es\/es\/wp-json\/wp\/v2\/types\/page"}],"author":[{"embeddable":true,"href":"https:\/\/aldaia.es\/es\/wp-json\/wp\/v2\/users\/42"}],"replies":[{"embeddable":true,"href":"https:\/\/aldaia.es\/es\/wp-json\/wp\/v2\/comments?post=18936"}],"version-history":[{"count":21,"href":"https:\/\/aldaia.es\/es\/wp-json\/wp\/v2\/pages\/18936\/revisions"}],"predecessor-version":[{"id":41292,"href":"https:\/\/aldaia.es\/es\/wp-json\/wp\/v2\/pages\/18936\/revisions\/41292"}],"wp:attachment":[{"href":"https:\/\/aldaia.es\/es\/wp-json\/wp\/v2\/media?parent=18936"}],"curies":[{"name":"wp","href":"https:\/\/api.w.org\/{rel}","templated":true}]}}