{"id":19829,"date":"2023-03-09T14:31:01","date_gmt":"2023-03-09T13:31:01","guid":{"rendered":"https:\/\/aldaia.es\/?page_id=19829"},"modified":"2024-09-10T17:33:32","modified_gmt":"2024-09-10T15:33:32","slug":"etnologia-y-patrimonio-cultural","status":"publish","type":"page","link":"https:\/\/aldaia.es\/es\/cultura\/etnologia-y-patrimonio-cultural\/","title":{"rendered":"Etnolog\u00eda y Patrimonio Cultural de Aldaia"},"content":{"rendered":"\n<div class=\"wp-block-columns dep-cultura is-layout-flex wp-container-core-columns-is-layout-9d6595d7 wp-block-columns-is-layout-flex\">\n<div class=\"wp-block-column is-layout-flow wp-block-column-is-layout-flow\" style=\"flex-basis:30%\"><!--  Info cultura -->\n\n \n\n<div class='bloque-infos-cultura wrapper-departamentos'>\n<p class=\"tit-bloque-infos\">\u00c1rea de Cultura <\/p>\n        <div class='infos-departamento'>\n            <p>Plaza Constituci\u00f3n, 10, 46960 Aldaia Valencia<\/p>\n            <p><i class=\"fa fa-phone\" aria-hidden=\"true\"><\/i> <a href=\"tel:+34961501500\">+34 96 150 15 00<\/a><\/p>\n            <p><i class=\"fas fa-envelope\"><\/i> <a href=\"mailto:cultura@ajuntamentaldaia.org\">cultura@ajuntamentaldaia.org<\/a><\/p>\n            <p><a href=\"https:\/\/www.facebook.com\/tama.teatreauditori\" target=\"_blank\" rel=\"noreferrer noopener\"><i class=\"fab fa-facebook\"><\/i><\/a> &nbsp;&nbsp; <a href=\"https:\/\/www.instagram.com\/tamaldaia\/?hl=es\" target=\"_blank\" rel=\"noreferrer noopener\"><i class=\"fab fa-square-instagram\"><\/i><\/a>  &nbsp;&nbsp;  <a href=\"https:\/\/www.youtube.com\/channel\/UC0QxMldevXrLFbfSGFom9TA\" target=\"_blank\" rel=\"noreferrer noopener\"><i class=\"fab fa-youtube\"><\/i><\/a> <\/p>\n        <\/div>\n\n        <div class='mapa-1'>\n        <iframe src=\"https:\/\/www.google.com\/maps\/embed?pb=!1m18!1m12!1m3!1d622.7679968418242!2d-0.4608059177881311!3d39.465164288659615!2m3!1f0!2f0!3f0!3m2!1i1024!2i768!4f13.1!3m3!1m2!1s0xd6051b0ac582aed%3A0xd3a2ed9d1d945ab0!2sAyuntamiento%20de%20Aldaya!5e0!3m2!1ses!2sus!4v1725979182758!5m2!1ses!2sus\" width=\"100%\" height=\"450\" style=\"border:0;\" allowfullscreen=\"\" loading=\"lazy\" referrerpolicy=\"no-referrer-when-downgrade\"><\/iframe>\n        <\/div>\n\n    <\/div>\n    <!-- end bloque infos -->\n   \n\n    \n\n\n<\/div>\n\n\n\n<div class=\"wp-block-column is-layout-flow wp-block-column-is-layout-flow\" style=\"flex-basis:70%\">\n<h1 class=\"wp-block-heading\">Etnolog\u00eda y Patrimonio Cultural de Aldaia<\/h1>\n\n\n\n<p>El patrimonio hist\u00f3rico y cultural, tanto material como inmaterial, es una valiosa herencia de nuestros antepasados \u200b\u200bque es necesario preservar y difundir, ya que forma parte de la historia y la identidad de Aldaia. Con el fin de promover su conocimiento, el Ayuntamiento edita estudios monogr\u00e1ficos de investigaci\u00f3n en el marco del inter\u00e9s p\u00fablico y la educaci\u00f3n en valores culturales. Adem\u00e1s, se ha iniciado la Colecci\u00f3n Llotgeta de Patrimonio Local, un conjunto de estudios editados por el MUPA sobre patrimonio hist\u00f3rico y cultural de Aldaia en un sentido amplio y abierto. \u00bfA qui\u00e9n va dirigido? A toda la ciudadan\u00eda.<\/p>\n\n\n\n<p><\/p>\n\n\n\n<p>Los elementos patrimoniales m\u00e1s destacados de Aldaia son los siguientes:<\/p>\n\n\n\n<ul class=\"wp-block-list\">\n<li><strong>Patrimonio arqueol\u00f3gico:<\/strong> Escultura encontrada en el yacimiento romano de la Ereta de los Moros, cuyo original est\u00e1 en el Museo Arqueol\u00f3gico Nacional de Madrid. Existe una r\u00e9plica exacta en el Teatro Auditorio Municipal de Aldaia (TAMA).<\/li>\n\n\n\n<li><strong>Patrimonio monumental:<\/strong> Cisterna de Agua (s.XVII), El Antiguo Ayuntamiento (s. XIX), Iglesia de la Anunciaci\u00f3n (s. XV y XVI), Casa de la Llotgeta- Museo del Palmito de Aldaia MUPA (s . Casas de Coladores, el Bollo y el Tio Carmelo:<\/li>\n\n\n\n<li><strong>Patrimonio inmaterial:<\/strong> Baix\u00e0 del Crist de les Necessitats, el Canto de la Alcachofa y el Tribunal del Comunero del Roll de Gr\u00e0cia de l&#8217;Horta d&#8217;Aldaia. Ermita de la Virgen de la Saleta (1887)<\/li>\n\n\n\n<li><strong>Patrimonio industriales:<\/strong> chimeneas de las antiguas baldosas de Cayetano C\u00e1noves, Vicente Olmos, La Cautiva o el Bollo, Aleix y Cer\u00e1mica Aldayense, as\u00ed como las chimeneas de la Alquer\u00eda de Dolores y la empresa Sal y Compa\u00f1\u00eda.<\/li>\n\n\n\n<li><strong>Artes decorativas:<\/strong> Talleres artesanales de palmitos. Actualmente existen 16 empresas activas, integradas la mayor\u00eda de ellas en la marca de calidad AEA (Abanicos Espa\u00f1oles Artesanos).<\/li>\n\n\n\n<li><strong>Patrimonio gastron\u00f3mico:<\/strong> Aldaia destaca por su cocina tradicional con platos tan sabrosos como las dulces orejitas y la sopa y el t\u00edpico pimiento con at\u00fan elaborado con verdura y pescado.<\/li>\n<\/ul>\n<\/div>\n<\/div>\n\n\n\n<div style=\"height:44px\" aria-hidden=\"true\" class=\"wp-block-spacer\"><\/div>\n","protected":false},"excerpt":{"rendered":"<p>Etnolog\u00eda y Patrimonio Cultural de Aldaia El patrimonio hist\u00f3rico y cultural, tanto material como inmaterial, es una valiosa herencia de nuestros antepasados \u200b\u200bque es necesario preservar y difundir, ya que <a class=\"text-decoration-none text-black\" href=\"https:\/\/aldaia.es\/es\/cultura\/etnologia-y-patrimonio-cultural\/\"> &#8230; <\/a><\/p>\n","protected":false},"author":21,"featured_media":0,"parent":6238,"menu_order":0,"comment_status":"closed","ping_status":"closed","template":"basic-page-departamentos.php","meta":{"_acf_changed":false,"footnotes":""},"class_list":["post-19829","page","type-page","status-publish","hentry"],"acf":[],"yoast_head":"<!-- This site is optimized with the Yoast SEO plugin v27.0 - https:\/\/yoast.com\/product\/yoast-seo-wordpress\/ -->\n<title>Etnolog\u00eda y Patrimonio Cultural de Aldaia - Ayuntamiento de Aldaia<\/title>\n<meta name=\"robots\" content=\"index, follow, max-snippet:-1, max-image-preview:large, max-video-preview:-1\" \/>\n<link rel=\"canonical\" href=\"https:\/\/aldaia.es\/es\/cultura\/etnologia-y-patrimonio-cultural\/\" \/>\n<meta property=\"og:locale\" content=\"es_ES\" \/>\n<meta property=\"og:type\" content=\"article\" \/>\n<meta property=\"og:title\" content=\"Etnolog\u00eda y Patrimonio Cultural de Aldaia - Ayuntamiento de Aldaia\" \/>\n<meta property=\"og:description\" content=\"Etnolog\u00eda y Patrimonio Cultural de Aldaia El patrimonio hist\u00f3rico y cultural, tanto material como inmaterial, es una valiosa herencia de nuestros antepasados \u200b\u200bque es necesario preservar y difundir, ya que ...\" \/>\n<meta property=\"og:url\" content=\"https:\/\/aldaia.es\/es\/cultura\/etnologia-y-patrimonio-cultural\/\" \/>\n<meta property=\"og:site_name\" content=\"Ayuntamiento de Aldaia\" \/>\n<meta property=\"article:modified_time\" content=\"2024-09-10T15:33:32+00:00\" \/>\n<script type=\"application\/ld+json\" class=\"yoast-schema-graph\">{\"@context\":\"https:\/\/schema.org\",\"@graph\":[{\"@type\":\"WebPage\",\"@id\":\"https:\/\/aldaia.es\/es\/cultura\/etnologia-y-patrimonio-cultural\/\",\"url\":\"https:\/\/aldaia.es\/es\/cultura\/etnologia-y-patrimonio-cultural\/\",\"name\":\"Etnolog\u00eda y Patrimonio Cultural de Aldaia - Ayuntamiento de Aldaia\",\"isPartOf\":{\"@id\":\"https:\/\/aldaia.es\/es\/#website\"},\"datePublished\":\"2023-03-09T13:31:01+00:00\",\"dateModified\":\"2024-09-10T15:33:32+00:00\",\"breadcrumb\":{\"@id\":\"https:\/\/aldaia.es\/es\/cultura\/etnologia-y-patrimonio-cultural\/#breadcrumb\"},\"inLanguage\":\"es\",\"potentialAction\":[{\"@type\":\"ReadAction\",\"target\":[\"https:\/\/aldaia.es\/es\/cultura\/etnologia-y-patrimonio-cultural\/\"]}]},{\"@type\":\"BreadcrumbList\",\"@id\":\"https:\/\/aldaia.es\/es\/cultura\/etnologia-y-patrimonio-cultural\/#breadcrumb\",\"itemListElement\":[{\"@type\":\"ListItem\",\"position\":1,\"name\":\"Portada\",\"item\":\"https:\/\/aldaia.es\/es\/\"},{\"@type\":\"ListItem\",\"position\":2,\"name\":\"Cultura\",\"item\":\"https:\/\/aldaia.es\/es\/cultura\/\"},{\"@type\":\"ListItem\",\"position\":3,\"name\":\"Etnolog\u00eda y Patrimonio Cultural de Aldaia\"}]},{\"@type\":\"WebSite\",\"@id\":\"https:\/\/aldaia.es\/es\/#website\",\"url\":\"https:\/\/aldaia.es\/es\/\",\"name\":\"Ajuntament D'Aldaia\",\"description\":\"\",\"publisher\":{\"@id\":\"https:\/\/aldaia.es\/es\/#organization\"},\"alternateName\":\"Ajuntament D'Aldaia\",\"potentialAction\":[{\"@type\":\"SearchAction\",\"target\":{\"@type\":\"EntryPoint\",\"urlTemplate\":\"https:\/\/aldaia.es\/es\/?s={search_term_string}\"},\"query-input\":{\"@type\":\"PropertyValueSpecification\",\"valueRequired\":true,\"valueName\":\"search_term_string\"}}],\"inLanguage\":\"es\"},{\"@type\":\"Organization\",\"@id\":\"https:\/\/aldaia.es\/es\/#organization\",\"name\":\"Ajuntament D'Aldaia\",\"url\":\"https:\/\/aldaia.es\/es\/\",\"logo\":{\"@type\":\"ImageObject\",\"inLanguage\":\"es\",\"@id\":\"https:\/\/aldaia.es\/es\/#\/schema\/logo\/image\/\",\"url\":\"https:\/\/aldaia.es\/wp-content\/uploads\/2022\/06\/aldaia-negro-1.png\",\"contentUrl\":\"https:\/\/aldaia.es\/wp-content\/uploads\/2022\/06\/aldaia-negro-1.png\",\"width\":152,\"height\":70,\"caption\":\"Ajuntament D'Aldaia\"},\"image\":{\"@id\":\"https:\/\/aldaia.es\/es\/#\/schema\/logo\/image\/\"}}]}<\/script>\n<!-- \/ Yoast SEO plugin. -->","yoast_head_json":{"title":"Etnolog\u00eda y Patrimonio Cultural de Aldaia - Ayuntamiento de Aldaia","robots":{"index":"index","follow":"follow","max-snippet":"max-snippet:-1","max-image-preview":"max-image-preview:large","max-video-preview":"max-video-preview:-1"},"canonical":"https:\/\/aldaia.es\/es\/cultura\/etnologia-y-patrimonio-cultural\/","og_locale":"es_ES","og_type":"article","og_title":"Etnolog\u00eda y Patrimonio Cultural de Aldaia - Ayuntamiento de Aldaia","og_description":"Etnolog\u00eda y Patrimonio Cultural de Aldaia El patrimonio hist\u00f3rico y cultural, tanto material como inmaterial, es una valiosa herencia de nuestros antepasados \u200b\u200bque es necesario preservar y difundir, ya que ...","og_url":"https:\/\/aldaia.es\/es\/cultura\/etnologia-y-patrimonio-cultural\/","og_site_name":"Ayuntamiento de Aldaia","article_modified_time":"2024-09-10T15:33:32+00:00","schema":{"@context":"https:\/\/schema.org","@graph":[{"@type":"WebPage","@id":"https:\/\/aldaia.es\/es\/cultura\/etnologia-y-patrimonio-cultural\/","url":"https:\/\/aldaia.es\/es\/cultura\/etnologia-y-patrimonio-cultural\/","name":"Etnolog\u00eda y Patrimonio Cultural de Aldaia - Ayuntamiento de Aldaia","isPartOf":{"@id":"https:\/\/aldaia.es\/es\/#website"},"datePublished":"2023-03-09T13:31:01+00:00","dateModified":"2024-09-10T15:33:32+00:00","breadcrumb":{"@id":"https:\/\/aldaia.es\/es\/cultura\/etnologia-y-patrimonio-cultural\/#breadcrumb"},"inLanguage":"es","potentialAction":[{"@type":"ReadAction","target":["https:\/\/aldaia.es\/es\/cultura\/etnologia-y-patrimonio-cultural\/"]}]},{"@type":"BreadcrumbList","@id":"https:\/\/aldaia.es\/es\/cultura\/etnologia-y-patrimonio-cultural\/#breadcrumb","itemListElement":[{"@type":"ListItem","position":1,"name":"Portada","item":"https:\/\/aldaia.es\/es\/"},{"@type":"ListItem","position":2,"name":"Cultura","item":"https:\/\/aldaia.es\/es\/cultura\/"},{"@type":"ListItem","position":3,"name":"Etnolog\u00eda y Patrimonio Cultural de Aldaia"}]},{"@type":"WebSite","@id":"https:\/\/aldaia.es\/es\/#website","url":"https:\/\/aldaia.es\/es\/","name":"Ajuntament D'Aldaia","description":"","publisher":{"@id":"https:\/\/aldaia.es\/es\/#organization"},"alternateName":"Ajuntament D'Aldaia","potentialAction":[{"@type":"SearchAction","target":{"@type":"EntryPoint","urlTemplate":"https:\/\/aldaia.es\/es\/?s={search_term_string}"},"query-input":{"@type":"PropertyValueSpecification","valueRequired":true,"valueName":"search_term_string"}}],"inLanguage":"es"},{"@type":"Organization","@id":"https:\/\/aldaia.es\/es\/#organization","name":"Ajuntament D'Aldaia","url":"https:\/\/aldaia.es\/es\/","logo":{"@type":"ImageObject","inLanguage":"es","@id":"https:\/\/aldaia.es\/es\/#\/schema\/logo\/image\/","url":"https:\/\/aldaia.es\/wp-content\/uploads\/2022\/06\/aldaia-negro-1.png","contentUrl":"https:\/\/aldaia.es\/wp-content\/uploads\/2022\/06\/aldaia-negro-1.png","width":152,"height":70,"caption":"Ajuntament D'Aldaia"},"image":{"@id":"https:\/\/aldaia.es\/es\/#\/schema\/logo\/image\/"}}]}},"_links":{"self":[{"href":"https:\/\/aldaia.es\/es\/wp-json\/wp\/v2\/pages\/19829","targetHints":{"allow":["GET"]}}],"collection":[{"href":"https:\/\/aldaia.es\/es\/wp-json\/wp\/v2\/pages"}],"about":[{"href":"https:\/\/aldaia.es\/es\/wp-json\/wp\/v2\/types\/page"}],"author":[{"embeddable":true,"href":"https:\/\/aldaia.es\/es\/wp-json\/wp\/v2\/users\/21"}],"replies":[{"embeddable":true,"href":"https:\/\/aldaia.es\/es\/wp-json\/wp\/v2\/comments?post=19829"}],"version-history":[{"count":4,"href":"https:\/\/aldaia.es\/es\/wp-json\/wp\/v2\/pages\/19829\/revisions"}],"predecessor-version":[{"id":31250,"href":"https:\/\/aldaia.es\/es\/wp-json\/wp\/v2\/pages\/19829\/revisions\/31250"}],"up":[{"embeddable":true,"href":"https:\/\/aldaia.es\/es\/wp-json\/wp\/v2\/pages\/6238"}],"wp:attachment":[{"href":"https:\/\/aldaia.es\/es\/wp-json\/wp\/v2\/media?parent=19829"}],"curies":[{"name":"wp","href":"https:\/\/api.w.org\/{rel}","templated":true}]}}