{"id":26524,"date":"2024-04-16T15:59:49","date_gmt":"2024-04-16T13:59:49","guid":{"rendered":"https:\/\/aldaia.es\/busties-antifrau\/"},"modified":"2024-04-29T09:26:37","modified_gmt":"2024-04-29T07:26:37","slug":"buzones-antifraude","status":"publish","type":"page","link":"https:\/\/aldaia.es\/es\/buzones-antifraude\/","title":{"rendered":"Buzones Antifraude"},"content":{"rendered":"\n<div style=\"height:20px\" aria-hidden=\"true\" class=\"wp-block-spacer\"><\/div>\n\n\n\n<div class=\"wp-block-columns canales-bustia p-3 is-layout-flex wp-container-core-columns-is-layout-9d6595d7 wp-block-columns-is-layout-flex\">\n<div class=\"wp-block-column is-layout-flow wp-block-column-is-layout-flow\">\n<div style=\"height:20px\" aria-hidden=\"true\" class=\"wp-block-spacer\"><\/div>\n\n\n\n<div class=\"wp-block-buttons is-content-justification-center is-layout-flex wp-container-core-buttons-is-layout-16018d1d wp-block-buttons-is-layout-flex\">\n<div class=\"wp-block-button\"><a class=\"wp-block-button__link wp-element-button\" href=\"https:\/\/aldaia.es\/es\/buzones-antifraude\/buzon-externo-de-denuncias-de-la-avaf\/\">Buz\u00f3n externo de denuncias<\/a><\/div>\n<\/div>\n<\/div>\n\n\n\n<div class=\"wp-block-column is-layout-flow wp-block-column-is-layout-flow\">\n<div style=\"height:20px\" aria-hidden=\"true\" class=\"wp-block-spacer\"><\/div>\n\n\n\n<div class=\"wp-block-buttons is-content-justification-center is-layout-flex wp-container-core-buttons-is-layout-16018d1d wp-block-buttons-is-layout-flex\">\n<div class=\"wp-block-button\"><a class=\"wp-block-button__link wp-element-button\" href=\"https:\/\/aldaia.es\/es\/buzones-antifraude\/buzon-interno-denuncias-ayuntamiento-aldaia\/\">Buz\u00f3n interno de denuncias<\/a><\/div>\n<\/div>\n<\/div>\n<\/div>\n\n\n\n<div style=\"height:20px\" aria-hidden=\"true\" class=\"wp-block-spacer\"><\/div>\n","protected":false},"excerpt":{"rendered":"<p> <a class=\"text-decoration-none text-black\" href=\"https:\/\/aldaia.es\/es\/buzones-antifraude\/\"> &#8230; <\/a><\/p>\n","protected":false},"author":42,"featured_media":0,"parent":0,"menu_order":0,"comment_status":"closed","ping_status":"closed","template":"basic-page-title.php","meta":{"_acf_changed":false,"footnotes":""},"class_list":["post-26524","page","type-page","status-publish","hentry"],"acf":[],"yoast_head":"<!-- This site is optimized with the Yoast SEO plugin v27.0 - https:\/\/yoast.com\/product\/yoast-seo-wordpress\/ -->\n<title>Buzones Antifraude - Ayuntamiento de Aldaia<\/title>\n<meta name=\"description\" content=\"El Buz\u00f3n de Denuncias es un canal seguro de participaci\u00f3n para facilitar a la ciudadan\u00eda la posibilidad de presentar denuncias\" \/>\n<meta name=\"robots\" content=\"index, follow, max-snippet:-1, max-image-preview:large, max-video-preview:-1\" \/>\n<link rel=\"canonical\" href=\"https:\/\/aldaia.es\/es\/buzones-antifraude\/\" \/>\n<meta property=\"og:locale\" content=\"es_ES\" \/>\n<meta property=\"og:type\" content=\"article\" \/>\n<meta property=\"og:title\" content=\"Buzones Antifraude - Ayuntamiento de Aldaia\" \/>\n<meta property=\"og:description\" content=\"El Buz\u00f3n de Denuncias es un canal seguro de participaci\u00f3n para facilitar a la ciudadan\u00eda la posibilidad de presentar denuncias\" \/>\n<meta property=\"og:url\" content=\"https:\/\/aldaia.es\/es\/buzones-antifraude\/\" \/>\n<meta property=\"og:site_name\" content=\"Ayuntamiento de Aldaia\" \/>\n<meta property=\"article:modified_time\" content=\"2024-04-29T07:26:37+00:00\" \/>\n<script type=\"application\/ld+json\" class=\"yoast-schema-graph\">{\"@context\":\"https:\/\/schema.org\",\"@graph\":[{\"@type\":\"WebPage\",\"@id\":\"https:\/\/aldaia.es\/es\/buzones-antifraude\/\",\"url\":\"https:\/\/aldaia.es\/es\/buzones-antifraude\/\",\"name\":\"Buzones Antifraude - Ayuntamiento de Aldaia\",\"isPartOf\":{\"@id\":\"https:\/\/aldaia.es\/es\/#website\"},\"datePublished\":\"2024-04-16T13:59:49+00:00\",\"dateModified\":\"2024-04-29T07:26:37+00:00\",\"description\":\"El Buz\u00f3n de Denuncias es un canal seguro de participaci\u00f3n para facilitar a la ciudadan\u00eda la posibilidad de presentar denuncias\",\"breadcrumb\":{\"@id\":\"https:\/\/aldaia.es\/es\/buzones-antifraude\/#breadcrumb\"},\"inLanguage\":\"es\",\"potentialAction\":[{\"@type\":\"ReadAction\",\"target\":[\"https:\/\/aldaia.es\/es\/buzones-antifraude\/\"]}]},{\"@type\":\"BreadcrumbList\",\"@id\":\"https:\/\/aldaia.es\/es\/buzones-antifraude\/#breadcrumb\",\"itemListElement\":[{\"@type\":\"ListItem\",\"position\":1,\"name\":\"Portada\",\"item\":\"https:\/\/aldaia.es\/es\/\"},{\"@type\":\"ListItem\",\"position\":2,\"name\":\"Buzones Antifraude\"}]},{\"@type\":\"WebSite\",\"@id\":\"https:\/\/aldaia.es\/es\/#website\",\"url\":\"https:\/\/aldaia.es\/es\/\",\"name\":\"Ajuntament D'Aldaia\",\"description\":\"\",\"publisher\":{\"@id\":\"https:\/\/aldaia.es\/es\/#organization\"},\"alternateName\":\"Ajuntament D'Aldaia\",\"potentialAction\":[{\"@type\":\"SearchAction\",\"target\":{\"@type\":\"EntryPoint\",\"urlTemplate\":\"https:\/\/aldaia.es\/es\/?s={search_term_string}\"},\"query-input\":{\"@type\":\"PropertyValueSpecification\",\"valueRequired\":true,\"valueName\":\"search_term_string\"}}],\"inLanguage\":\"es\"},{\"@type\":\"Organization\",\"@id\":\"https:\/\/aldaia.es\/es\/#organization\",\"name\":\"Ajuntament D'Aldaia\",\"url\":\"https:\/\/aldaia.es\/es\/\",\"logo\":{\"@type\":\"ImageObject\",\"inLanguage\":\"es\",\"@id\":\"https:\/\/aldaia.es\/es\/#\/schema\/logo\/image\/\",\"url\":\"https:\/\/aldaia.es\/wp-content\/uploads\/2022\/06\/aldaia-negro-1.png\",\"contentUrl\":\"https:\/\/aldaia.es\/wp-content\/uploads\/2022\/06\/aldaia-negro-1.png\",\"width\":152,\"height\":70,\"caption\":\"Ajuntament D'Aldaia\"},\"image\":{\"@id\":\"https:\/\/aldaia.es\/es\/#\/schema\/logo\/image\/\"}}]}<\/script>\n<!-- \/ Yoast SEO plugin. -->","yoast_head_json":{"title":"Buzones Antifraude - Ayuntamiento de Aldaia","description":"El Buz\u00f3n de Denuncias es un canal seguro de participaci\u00f3n para facilitar a la ciudadan\u00eda la posibilidad de presentar denuncias","robots":{"index":"index","follow":"follow","max-snippet":"max-snippet:-1","max-image-preview":"max-image-preview:large","max-video-preview":"max-video-preview:-1"},"canonical":"https:\/\/aldaia.es\/es\/buzones-antifraude\/","og_locale":"es_ES","og_type":"article","og_title":"Buzones Antifraude - Ayuntamiento de Aldaia","og_description":"El Buz\u00f3n de Denuncias es un canal seguro de participaci\u00f3n para facilitar a la ciudadan\u00eda la posibilidad de presentar denuncias","og_url":"https:\/\/aldaia.es\/es\/buzones-antifraude\/","og_site_name":"Ayuntamiento de Aldaia","article_modified_time":"2024-04-29T07:26:37+00:00","schema":{"@context":"https:\/\/schema.org","@graph":[{"@type":"WebPage","@id":"https:\/\/aldaia.es\/es\/buzones-antifraude\/","url":"https:\/\/aldaia.es\/es\/buzones-antifraude\/","name":"Buzones Antifraude - Ayuntamiento de Aldaia","isPartOf":{"@id":"https:\/\/aldaia.es\/es\/#website"},"datePublished":"2024-04-16T13:59:49+00:00","dateModified":"2024-04-29T07:26:37+00:00","description":"El Buz\u00f3n de Denuncias es un canal seguro de participaci\u00f3n para facilitar a la ciudadan\u00eda la posibilidad de presentar denuncias","breadcrumb":{"@id":"https:\/\/aldaia.es\/es\/buzones-antifraude\/#breadcrumb"},"inLanguage":"es","potentialAction":[{"@type":"ReadAction","target":["https:\/\/aldaia.es\/es\/buzones-antifraude\/"]}]},{"@type":"BreadcrumbList","@id":"https:\/\/aldaia.es\/es\/buzones-antifraude\/#breadcrumb","itemListElement":[{"@type":"ListItem","position":1,"name":"Portada","item":"https:\/\/aldaia.es\/es\/"},{"@type":"ListItem","position":2,"name":"Buzones Antifraude"}]},{"@type":"WebSite","@id":"https:\/\/aldaia.es\/es\/#website","url":"https:\/\/aldaia.es\/es\/","name":"Ajuntament D'Aldaia","description":"","publisher":{"@id":"https:\/\/aldaia.es\/es\/#organization"},"alternateName":"Ajuntament D'Aldaia","potentialAction":[{"@type":"SearchAction","target":{"@type":"EntryPoint","urlTemplate":"https:\/\/aldaia.es\/es\/?s={search_term_string}"},"query-input":{"@type":"PropertyValueSpecification","valueRequired":true,"valueName":"search_term_string"}}],"inLanguage":"es"},{"@type":"Organization","@id":"https:\/\/aldaia.es\/es\/#organization","name":"Ajuntament D'Aldaia","url":"https:\/\/aldaia.es\/es\/","logo":{"@type":"ImageObject","inLanguage":"es","@id":"https:\/\/aldaia.es\/es\/#\/schema\/logo\/image\/","url":"https:\/\/aldaia.es\/wp-content\/uploads\/2022\/06\/aldaia-negro-1.png","contentUrl":"https:\/\/aldaia.es\/wp-content\/uploads\/2022\/06\/aldaia-negro-1.png","width":152,"height":70,"caption":"Ajuntament D'Aldaia"},"image":{"@id":"https:\/\/aldaia.es\/es\/#\/schema\/logo\/image\/"}}]}},"_links":{"self":[{"href":"https:\/\/aldaia.es\/es\/wp-json\/wp\/v2\/pages\/26524","targetHints":{"allow":["GET"]}}],"collection":[{"href":"https:\/\/aldaia.es\/es\/wp-json\/wp\/v2\/pages"}],"about":[{"href":"https:\/\/aldaia.es\/es\/wp-json\/wp\/v2\/types\/page"}],"author":[{"embeddable":true,"href":"https:\/\/aldaia.es\/es\/wp-json\/wp\/v2\/users\/42"}],"replies":[{"embeddable":true,"href":"https:\/\/aldaia.es\/es\/wp-json\/wp\/v2\/comments?post=26524"}],"version-history":[{"count":13,"href":"https:\/\/aldaia.es\/es\/wp-json\/wp\/v2\/pages\/26524\/revisions"}],"predecessor-version":[{"id":26993,"href":"https:\/\/aldaia.es\/es\/wp-json\/wp\/v2\/pages\/26524\/revisions\/26993"}],"wp:attachment":[{"href":"https:\/\/aldaia.es\/es\/wp-json\/wp\/v2\/media?parent=26524"}],"curies":[{"name":"wp","href":"https:\/\/api.w.org\/{rel}","templated":true}]}}