{"id":26533,"date":"2024-04-16T16:45:19","date_gmt":"2024-04-16T14:45:19","guid":{"rendered":"https:\/\/aldaia.es\/?page_id=26533"},"modified":"2024-04-29T13:55:10","modified_gmt":"2024-04-29T11:55:10","slug":"buzon-externo-de-denuncias-de-la-avaf","status":"publish","type":"page","link":"https:\/\/aldaia.es\/es\/buzones-antifraude\/buzon-externo-de-denuncias-de-la-avaf\/","title":{"rendered":"Buz\u00f3n externo de denuncias de l\u00b4AVAF"},"content":{"rendered":"\n<p>Con motivo de la aprobaci\u00f3n de la <strong>Ley 2\/2023, de 20 de febrero, reguladora de la protecci\u00f3n de las personas que informen sobre infracciones normativas y de lucha contra la corrupci\u00f3n<\/strong>, por la que se transpone la<em> Directiva (UE) 2019\/1937 del Parlamento Europeo y del Consejo de 23 de octubre de 2019, relativa a la protecci\u00f3n de las personas que informen sobre infracciones del Derecho de la Uni\u00f3n (Directiva Whistleblowing),<\/em>, el<strong>Ayuntamiento de Aldaia<\/strong> ha suscrito un Protocolo de colaboraci\u00f3n funcional con la Agencia de Prevenci\u00f3n y Lucha contra el Fraude y la Corrupci\u00f3n de la Comunitat Valenciana (AVAF), mediante el cual se pone en marcha el presente servicio para la utilizaci\u00f3n del <strong>BUZ\u00d3N EXTERNO DE DENUNCIAS DE LA AVAF<\/strong>, autoridad competente en el \u00e1mbito de la Comunitat Valenciana.<\/p>\n\n\n\n<p>El Buz\u00f3n de Denuncias de la AVAF es un canal seguro de participaci\u00f3n electr\u00f3nica que nace de la necesidad de facilitar a la ciudadan\u00eda la posibilidad de presentar denuncias a trav\u00e9s de internet.<\/p>\n\n\n\n<p>Para ello, el Buz\u00f3n incorpora mecanismos que <strong>garantizan la confidencialidad<\/strong> de todas las informaciones y ofrece un <strong>espacio de comunicaci\u00f3n seguro<\/strong> para mantener contacto con la AVAF y permitir la <strong>interacci\u00f3n<\/strong> entre esta y las personas que denuncian, informan o comunican de <strong>manera an\u00f3nima o identificada, <\/strong>cumpliendo con todas las exigencias fijadas por la Directiva 2019\/1937(UE) y posteriormente por la Ley 2\/2023.<\/p>\n\n\n\n<p>Este Buz\u00f3n es un medio de lucha contra el fraude y la corrupci\u00f3n que preserva la identidad de la persona que realiza la comunicaci\u00f3n y que, adem\u00e1s, incorpora herramientas para garantizar los <strong>derechos de las personas que sean denunciadas.<\/strong><\/p>\n\n\n\n<p>Gracias a este canal se posibilita que <strong>cualquier persona<\/strong>, <strong>incluido el personal funcionario p\u00fablico,<\/strong> puede comunicar infracciones o conductas corruptas o fraudulentas de las que tenga conocimiento en relaci\u00f3n con el <strong>Ayuntamiento de Aldaia<\/strong>, con la garant\u00eda de poder hacerlo en un entorno que cumple todos los requisitos de reserva, confidencialidad, accesibilidad y eficacia, el cual admite las denuncias y comunicaciones, tanto nominales como an\u00f3nimas, evitando que se puedan sufrir represalias por ello.<\/p>\n\n\n\n<p>Conviene se\u00f1alar que, para evitar un mal uso del Buz\u00f3n, se aplicar\u00e1n criterios estrictos para admitir las comunicaciones con exigencia de <strong>responsabilidad civil, penal o administrativa<\/strong> a las personas que comuniquen <strong>denuncias falsas<\/strong> o comuniquen hechos con abuso de derecho y vulnerando el principio de buena fe.<\/p>\n\n\n\n<p>Asimismo, se debe recordar que la AVAF <strong>no tiene competencias<\/strong> en las funciones y materias que corresponden a la<strong>autoridad judicial, el ministerio fiscal y la polic\u00eda judicial<\/strong>, ni puede investigar los mismos hechos que han sido objeto de sus investigaciones.<\/p>\n\n\n<div class=\"wp-block-image\">\n<figure class=\"aligncenter size-full\"><img loading=\"lazy\" decoding=\"async\" width=\"292\" height=\"97\" src=\"https:\/\/aldaia.es\/wp-content\/uploads\/2023\/11\/bustia-de-denuncies.png\" alt=\"bustia denuncies icon\" class=\"wp-image-19121\" srcset=\"https:\/\/aldaia.es\/wp-content\/uploads\/2023\/11\/bustia-de-denuncies.png 292w, https:\/\/aldaia.es\/wp-content\/uploads\/2023\/11\/bustia-de-denuncies-150x50.png 150w\" sizes=\"auto, (max-width: 292px) 100vw, 292px\" \/><\/figure>\n<\/div>\n\n<div class=\"wp-block-image\">\n<figure class=\"aligncenter size-full\"><img loading=\"lazy\" decoding=\"async\" width=\"780\" height=\"92\" src=\"https:\/\/aldaia.es\/wp-content\/uploads\/2023\/11\/agencia-valenciana-antifrau-logo-vl-1.jpg\" alt=\"\" class=\"wp-image-19119\" srcset=\"https:\/\/aldaia.es\/wp-content\/uploads\/2023\/11\/agencia-valenciana-antifrau-logo-vl-1.jpg 780w, https:\/\/aldaia.es\/wp-content\/uploads\/2023\/11\/agencia-valenciana-antifrau-logo-vl-1-300x35.jpg 300w, https:\/\/aldaia.es\/wp-content\/uploads\/2023\/11\/agencia-valenciana-antifrau-logo-vl-1-768x91.jpg 768w, https:\/\/aldaia.es\/wp-content\/uploads\/2023\/11\/agencia-valenciana-antifrau-logo-vl-1-150x18.jpg 150w, https:\/\/aldaia.es\/wp-content\/uploads\/2023\/11\/agencia-valenciana-antifrau-logo-vl-1-696x82.jpg 696w\" sizes=\"auto, (max-width: 780px) 100vw, 780px\" \/><\/figure>\n<\/div>\n\n\n<div class=\"wp-block-columns canales-bustia p-3 is-layout-flex wp-container-core-columns-is-layout-9d6595d7 wp-block-columns-is-layout-flex\">\n<div class=\"wp-block-column is-layout-flow wp-block-column-is-layout-flow\">\n<div style=\"height:20px\" aria-hidden=\"true\" class=\"wp-block-spacer\"><\/div>\n\n\n\n<div class=\"wp-block-buttons is-content-justification-center is-layout-flex wp-container-core-buttons-is-layout-16018d1d wp-block-buttons-is-layout-flex\">\n<div class=\"wp-block-button\"><a class=\"wp-block-button__link wp-element-button\" href=\"https:\/\/www.antifraucv.es\/buzon-de-denuncias-2\/\" target=\"_blank\" rel=\"noreferrer noopener\">Buz\u00f3n externo de denuncias<\/a><\/div>\n<\/div>\n<\/div>\n<\/div>\n","protected":false},"excerpt":{"rendered":"<p>Con motivo de la aprobaci\u00f3n de la Ley 2\/2023, de 20 de febrero, reguladora de la protecci\u00f3n de las personas que informen sobre infracciones normativas y de lucha contra la <a class=\"text-decoration-none text-black\" href=\"https:\/\/aldaia.es\/es\/buzones-antifraude\/buzon-externo-de-denuncias-de-la-avaf\/\"> &#8230; <\/a><\/p>\n","protected":false},"author":42,"featured_media":0,"parent":26524,"menu_order":0,"comment_status":"closed","ping_status":"closed","template":"basic-page-title.php","meta":{"_acf_changed":false,"footnotes":""},"class_list":["post-26533","page","type-page","status-publish","hentry"],"acf":[],"yoast_head":"<!-- This site is optimized with the Yoast SEO plugin v27.0 - https:\/\/yoast.com\/product\/yoast-seo-wordpress\/ -->\n<title>Buz\u00f3n externo de denuncias de l\u00b4AVAF - Ayuntamiento de Aldaia<\/title>\n<meta name=\"description\" content=\"El Buz\u00f3n de Denuncias de la AVAF es un canal seguro de participaci\u00f3n electr\u00f3nica para presentar denuncias a trav\u00e9s de internet.\" \/>\n<meta name=\"robots\" content=\"index, follow, max-snippet:-1, max-image-preview:large, max-video-preview:-1\" \/>\n<link rel=\"canonical\" href=\"https:\/\/aldaia.es\/es\/buzones-antifraude\/buzon-externo-de-denuncias-de-la-avaf\/\" \/>\n<meta property=\"og:locale\" content=\"es_ES\" \/>\n<meta property=\"og:type\" content=\"article\" \/>\n<meta property=\"og:title\" content=\"Buz\u00f3n externo de denuncias de l\u00b4AVAF - Ayuntamiento de Aldaia\" \/>\n<meta property=\"og:description\" content=\"El Buz\u00f3n de Denuncias de la AVAF es un canal seguro de participaci\u00f3n electr\u00f3nica para presentar denuncias a trav\u00e9s de internet.\" \/>\n<meta property=\"og:url\" content=\"https:\/\/aldaia.es\/es\/buzones-antifraude\/buzon-externo-de-denuncias-de-la-avaf\/\" \/>\n<meta property=\"og:site_name\" content=\"Ayuntamiento de Aldaia\" \/>\n<meta property=\"article:modified_time\" content=\"2024-04-29T11:55:10+00:00\" \/>\n<meta property=\"og:image\" content=\"https:\/\/aldaia.es\/wp-content\/uploads\/2023\/11\/bustia-de-denuncies.png\" \/>\n<script type=\"application\/ld+json\" class=\"yoast-schema-graph\">{\"@context\":\"https:\/\/schema.org\",\"@graph\":[{\"@type\":\"WebPage\",\"@id\":\"https:\/\/aldaia.es\/es\/buzones-antifraude\/buzon-externo-de-denuncias-de-la-avaf\/\",\"url\":\"https:\/\/aldaia.es\/es\/buzones-antifraude\/buzon-externo-de-denuncias-de-la-avaf\/\",\"name\":\"Buz\u00f3n externo de denuncias de l\u00b4AVAF - Ayuntamiento de Aldaia\",\"isPartOf\":{\"@id\":\"https:\/\/aldaia.es\/es\/#website\"},\"primaryImageOfPage\":{\"@id\":\"https:\/\/aldaia.es\/es\/buzones-antifraude\/buzon-externo-de-denuncias-de-la-avaf\/#primaryimage\"},\"image\":{\"@id\":\"https:\/\/aldaia.es\/es\/buzones-antifraude\/buzon-externo-de-denuncias-de-la-avaf\/#primaryimage\"},\"thumbnailUrl\":\"https:\/\/aldaia.es\/wp-content\/uploads\/2023\/11\/bustia-de-denuncies.png\",\"datePublished\":\"2024-04-16T14:45:19+00:00\",\"dateModified\":\"2024-04-29T11:55:10+00:00\",\"description\":\"El Buz\u00f3n de Denuncias de la AVAF es un canal seguro de participaci\u00f3n electr\u00f3nica para presentar denuncias a trav\u00e9s de internet.\",\"breadcrumb\":{\"@id\":\"https:\/\/aldaia.es\/es\/buzones-antifraude\/buzon-externo-de-denuncias-de-la-avaf\/#breadcrumb\"},\"inLanguage\":\"es\",\"potentialAction\":[{\"@type\":\"ReadAction\",\"target\":[\"https:\/\/aldaia.es\/es\/buzones-antifraude\/buzon-externo-de-denuncias-de-la-avaf\/\"]}]},{\"@type\":\"ImageObject\",\"inLanguage\":\"es\",\"@id\":\"https:\/\/aldaia.es\/es\/buzones-antifraude\/buzon-externo-de-denuncias-de-la-avaf\/#primaryimage\",\"url\":\"https:\/\/aldaia.es\/wp-content\/uploads\/2023\/11\/bustia-de-denuncies.png\",\"contentUrl\":\"https:\/\/aldaia.es\/wp-content\/uploads\/2023\/11\/bustia-de-denuncies.png\"},{\"@type\":\"BreadcrumbList\",\"@id\":\"https:\/\/aldaia.es\/es\/buzones-antifraude\/buzon-externo-de-denuncias-de-la-avaf\/#breadcrumb\",\"itemListElement\":[{\"@type\":\"ListItem\",\"position\":1,\"name\":\"Portada\",\"item\":\"https:\/\/aldaia.es\/es\/\"},{\"@type\":\"ListItem\",\"position\":2,\"name\":\"Buzones Antifraude\",\"item\":\"https:\/\/aldaia.es\/es\/buzones-antifraude\/\"},{\"@type\":\"ListItem\",\"position\":3,\"name\":\"Buz\u00f3n externo de denuncias de l\u00b4AVAF\"}]},{\"@type\":\"WebSite\",\"@id\":\"https:\/\/aldaia.es\/es\/#website\",\"url\":\"https:\/\/aldaia.es\/es\/\",\"name\":\"Ajuntament D'Aldaia\",\"description\":\"\",\"publisher\":{\"@id\":\"https:\/\/aldaia.es\/es\/#organization\"},\"alternateName\":\"Ajuntament D'Aldaia\",\"potentialAction\":[{\"@type\":\"SearchAction\",\"target\":{\"@type\":\"EntryPoint\",\"urlTemplate\":\"https:\/\/aldaia.es\/es\/?s={search_term_string}\"},\"query-input\":{\"@type\":\"PropertyValueSpecification\",\"valueRequired\":true,\"valueName\":\"search_term_string\"}}],\"inLanguage\":\"es\"},{\"@type\":\"Organization\",\"@id\":\"https:\/\/aldaia.es\/es\/#organization\",\"name\":\"Ajuntament D'Aldaia\",\"url\":\"https:\/\/aldaia.es\/es\/\",\"logo\":{\"@type\":\"ImageObject\",\"inLanguage\":\"es\",\"@id\":\"https:\/\/aldaia.es\/es\/#\/schema\/logo\/image\/\",\"url\":\"https:\/\/aldaia.es\/wp-content\/uploads\/2022\/06\/aldaia-negro-1.png\",\"contentUrl\":\"https:\/\/aldaia.es\/wp-content\/uploads\/2022\/06\/aldaia-negro-1.png\",\"width\":152,\"height\":70,\"caption\":\"Ajuntament D'Aldaia\"},\"image\":{\"@id\":\"https:\/\/aldaia.es\/es\/#\/schema\/logo\/image\/\"}}]}<\/script>\n<!-- \/ Yoast SEO plugin. -->","yoast_head_json":{"title":"Buz\u00f3n externo de denuncias de l\u00b4AVAF - Ayuntamiento de Aldaia","description":"El Buz\u00f3n de Denuncias de la AVAF es un canal seguro de participaci\u00f3n electr\u00f3nica para presentar denuncias a trav\u00e9s de internet.","robots":{"index":"index","follow":"follow","max-snippet":"max-snippet:-1","max-image-preview":"max-image-preview:large","max-video-preview":"max-video-preview:-1"},"canonical":"https:\/\/aldaia.es\/es\/buzones-antifraude\/buzon-externo-de-denuncias-de-la-avaf\/","og_locale":"es_ES","og_type":"article","og_title":"Buz\u00f3n externo de denuncias de l\u00b4AVAF - Ayuntamiento de Aldaia","og_description":"El Buz\u00f3n de Denuncias de la AVAF es un canal seguro de participaci\u00f3n electr\u00f3nica para presentar denuncias a trav\u00e9s de internet.","og_url":"https:\/\/aldaia.es\/es\/buzones-antifraude\/buzon-externo-de-denuncias-de-la-avaf\/","og_site_name":"Ayuntamiento de Aldaia","article_modified_time":"2024-04-29T11:55:10+00:00","og_image":[{"url":"https:\/\/aldaia.es\/wp-content\/uploads\/2023\/11\/bustia-de-denuncies.png","type":"","width":"","height":""}],"schema":{"@context":"https:\/\/schema.org","@graph":[{"@type":"WebPage","@id":"https:\/\/aldaia.es\/es\/buzones-antifraude\/buzon-externo-de-denuncias-de-la-avaf\/","url":"https:\/\/aldaia.es\/es\/buzones-antifraude\/buzon-externo-de-denuncias-de-la-avaf\/","name":"Buz\u00f3n externo de denuncias de l\u00b4AVAF - Ayuntamiento de Aldaia","isPartOf":{"@id":"https:\/\/aldaia.es\/es\/#website"},"primaryImageOfPage":{"@id":"https:\/\/aldaia.es\/es\/buzones-antifraude\/buzon-externo-de-denuncias-de-la-avaf\/#primaryimage"},"image":{"@id":"https:\/\/aldaia.es\/es\/buzones-antifraude\/buzon-externo-de-denuncias-de-la-avaf\/#primaryimage"},"thumbnailUrl":"https:\/\/aldaia.es\/wp-content\/uploads\/2023\/11\/bustia-de-denuncies.png","datePublished":"2024-04-16T14:45:19+00:00","dateModified":"2024-04-29T11:55:10+00:00","description":"El Buz\u00f3n de Denuncias de la AVAF es un canal seguro de participaci\u00f3n electr\u00f3nica para presentar denuncias a trav\u00e9s de internet.","breadcrumb":{"@id":"https:\/\/aldaia.es\/es\/buzones-antifraude\/buzon-externo-de-denuncias-de-la-avaf\/#breadcrumb"},"inLanguage":"es","potentialAction":[{"@type":"ReadAction","target":["https:\/\/aldaia.es\/es\/buzones-antifraude\/buzon-externo-de-denuncias-de-la-avaf\/"]}]},{"@type":"ImageObject","inLanguage":"es","@id":"https:\/\/aldaia.es\/es\/buzones-antifraude\/buzon-externo-de-denuncias-de-la-avaf\/#primaryimage","url":"https:\/\/aldaia.es\/wp-content\/uploads\/2023\/11\/bustia-de-denuncies.png","contentUrl":"https:\/\/aldaia.es\/wp-content\/uploads\/2023\/11\/bustia-de-denuncies.png"},{"@type":"BreadcrumbList","@id":"https:\/\/aldaia.es\/es\/buzones-antifraude\/buzon-externo-de-denuncias-de-la-avaf\/#breadcrumb","itemListElement":[{"@type":"ListItem","position":1,"name":"Portada","item":"https:\/\/aldaia.es\/es\/"},{"@type":"ListItem","position":2,"name":"Buzones Antifraude","item":"https:\/\/aldaia.es\/es\/buzones-antifraude\/"},{"@type":"ListItem","position":3,"name":"Buz\u00f3n externo de denuncias de l\u00b4AVAF"}]},{"@type":"WebSite","@id":"https:\/\/aldaia.es\/es\/#website","url":"https:\/\/aldaia.es\/es\/","name":"Ajuntament D'Aldaia","description":"","publisher":{"@id":"https:\/\/aldaia.es\/es\/#organization"},"alternateName":"Ajuntament D'Aldaia","potentialAction":[{"@type":"SearchAction","target":{"@type":"EntryPoint","urlTemplate":"https:\/\/aldaia.es\/es\/?s={search_term_string}"},"query-input":{"@type":"PropertyValueSpecification","valueRequired":true,"valueName":"search_term_string"}}],"inLanguage":"es"},{"@type":"Organization","@id":"https:\/\/aldaia.es\/es\/#organization","name":"Ajuntament D'Aldaia","url":"https:\/\/aldaia.es\/es\/","logo":{"@type":"ImageObject","inLanguage":"es","@id":"https:\/\/aldaia.es\/es\/#\/schema\/logo\/image\/","url":"https:\/\/aldaia.es\/wp-content\/uploads\/2022\/06\/aldaia-negro-1.png","contentUrl":"https:\/\/aldaia.es\/wp-content\/uploads\/2022\/06\/aldaia-negro-1.png","width":152,"height":70,"caption":"Ajuntament D'Aldaia"},"image":{"@id":"https:\/\/aldaia.es\/es\/#\/schema\/logo\/image\/"}}]}},"_links":{"self":[{"href":"https:\/\/aldaia.es\/es\/wp-json\/wp\/v2\/pages\/26533","targetHints":{"allow":["GET"]}}],"collection":[{"href":"https:\/\/aldaia.es\/es\/wp-json\/wp\/v2\/pages"}],"about":[{"href":"https:\/\/aldaia.es\/es\/wp-json\/wp\/v2\/types\/page"}],"author":[{"embeddable":true,"href":"https:\/\/aldaia.es\/es\/wp-json\/wp\/v2\/users\/42"}],"replies":[{"embeddable":true,"href":"https:\/\/aldaia.es\/es\/wp-json\/wp\/v2\/comments?post=26533"}],"version-history":[{"count":7,"href":"https:\/\/aldaia.es\/es\/wp-json\/wp\/v2\/pages\/26533\/revisions"}],"predecessor-version":[{"id":27012,"href":"https:\/\/aldaia.es\/es\/wp-json\/wp\/v2\/pages\/26533\/revisions\/27012"}],"up":[{"embeddable":true,"href":"https:\/\/aldaia.es\/es\/wp-json\/wp\/v2\/pages\/26524"}],"wp:attachment":[{"href":"https:\/\/aldaia.es\/es\/wp-json\/wp\/v2\/media?parent=26533"}],"curies":[{"name":"wp","href":"https:\/\/api.w.org\/{rel}","templated":true}]}}