{"id":26970,"date":"2024-04-29T08:54:53","date_gmt":"2024-04-29T06:54:53","guid":{"rendered":"https:\/\/aldaia.es\/?page_id=26970"},"modified":"2024-04-29T10:29:15","modified_gmt":"2024-04-29T08:29:15","slug":"buzon-interno-denuncias-ayuntamiento-aldaia","status":"publish","type":"page","link":"https:\/\/aldaia.es\/es\/buzones-antifraude\/buzon-interno-denuncias-ayuntamiento-aldaia\/","title":{"rendered":"Buz\u00f3n interno de denuncias del Ayuntamiento de Aldaia"},"content":{"rendered":"\n<p>Con la aprobaci\u00f3n de la <strong>Ley 2\/2023, de 20 de febrero, reguladora de la protecci\u00f3n de las personas que informen sobre infracciones normativas y de lucha contra la corrupci\u00f3n<\/strong>, se incorpora al Derecho espa\u00f1ol la Directiva (UE) 2019\/1937 del Parlamento Europeo y del Consejo, de 23 de octubre de 2019. Dicha Directiva establece la obligatoriedad de que las entidades jur\u00eddicas de los sectores p\u00fablicos y privados, con m\u00e1s de 50 personas empleadas, cuenten con un canal de denuncias interno, plenamente implementado en el seno de sus organizaciones.<\/p>\n\n\n\n<p>En este sentido, el art\u00edculo 13.1.a) de la Ley 2\/2023, de 20 de febrero, Reguladora de la Protecci\u00f3n de las Personas que Informen sobre Infracciones Normativas y de Lucha Contra la Corrupci\u00f3n, obliga a todas las entidades que integran el sector p\u00fablico a disponer de un sistema interno de informaci\u00f3n en los t\u00e9rminos previstos en la propia ley; entendiendo comprendidas como integrantes del sector p\u00fablicos a las entidades que integran la Administraci\u00f3n Local.<\/p>\n\n\n\n<p>El Pleno de este Ayuntamiento en sesi\u00f3n celebrada el 19\/12\/2023 aprob\u00f3 inicialmente el Reglamento Regulador del Canal Interno de Denuncias expuesto al p\u00fablico durante 30 d\u00edas en el BOP N.\u00ba 1 de fecha 02\/01\/2024 habi\u00e9ndose publicado su aprobaci\u00f3n definitiva en el BOP N.\u00ba 42 de fecha 28\/02\/2024.<\/p>\n\n\n\n<p>El Buz\u00f3n interno de Denuncias es un canal seguro de participaci\u00f3n electr\u00f3nica que nace de la necesidad de facilitar a la ciudadan\u00eda la posibilidad de presentar denuncias a trav\u00e9s de internet.<\/p>\n\n\n\n<p>Para ello, el Buz\u00f3n incorpora mecanismos que <strong>garantizan la confidencialidad<\/strong> de todas las informaciones y ofrece un <strong>espacio de comunicaci\u00f3n seguro<\/strong> para mantener contacto con el Ayuntamiento de Aldaia y permitir la <strong>interacci\u00f3n<\/strong> entre este y las personas que denuncian, informan o comunican de <strong>manera an\u00f3nima o identificada<\/strong>, cumpliendo con todas las exigencias fijadas por la Directiva 2019\/1937(UE) y posteriormente por la Ley 2\/2023.<\/p>\n\n\n\n<p>Este Buz\u00f3n es un medio de lucha contra el fraude y la corrupci\u00f3n que preserva la identidad de la persona que realiza la comunicaci\u00f3n y que, adem\u00e1s, incorpora herramientas para garantizar los <strong>derechos de las personas que sean denunciadas<\/strong>.<\/p>\n\n\n\n<p>Gracias a este canal se posibilita que <strong>cualquier persona, incluido el personal funcionario p\u00fablico<\/strong>, puede comunicar infracciones o conductas corruptas o fraudulentas de las que tenga conocimiento en relaci\u00f3n con el <strong>Ayuntamiento de Aldaia<\/strong>, con la garant\u00eda de poder hacerlo en un entorno que cumple todos los requisitos de reserva, confidencialidad, accesibilidad y eficacia, el cual admite las denuncias y comunicaciones, tanto nominales como an\u00f3nimas, evitando que se puedan sufrir represalias por ello.<\/p>\n\n\n\n<p>Conviene se\u00f1alar que, para evitar un mal uso del Buz\u00f3n, se aplicar\u00e1n criterios estrictos para admitir las comunicaciones con exigencia de <strong>responsabilidad civil, penal o administrativa<\/strong> a las personas que comuniquen denuncias falsas o comuniquen hechos con abuso de derecho y vulnerando el principio de buena fe.<\/p>\n\n\n\n<p>Asimismo, se debe recordar que el Ayuntamiento de Aldaia <strong>no tiene competencias<\/strong> en las funciones y materias que corresponden a la <strong>autoridad judicial, el ministerio fiscal y la polic\u00eda judicial,<\/strong> ni puede investigar los mismos hechos que han sido objeto de sus investigaciones.<\/p>\n\n\n\n<div class=\"wp-block-columns canales-bustia p-3 is-layout-flex wp-container-core-columns-is-layout-9d6595d7 wp-block-columns-is-layout-flex\">\n<div class=\"wp-block-column is-layout-flow wp-block-column-is-layout-flow\">\n<div class=\"wp-block-buttons is-content-justification-center is-layout-flex wp-container-core-buttons-is-layout-16018d1d wp-block-buttons-is-layout-flex\">\n<div class=\"wp-block-button\"><a class=\"wp-block-button__link wp-element-button\" href=\"https:\/\/bustiadenunciesinterna.aldaia.es\/\" target=\"_blank\" rel=\"noreferrer noopener\">Buz\u00f3n interno de denuncias<\/a><\/div>\n<\/div>\n<\/div>\n<\/div>\n\n\n\n<div style=\"height:50px\" aria-hidden=\"true\" class=\"wp-block-spacer\"><\/div>\n","protected":false},"excerpt":{"rendered":"<p>Con la aprobaci\u00f3n de la Ley 2\/2023, de 20 de febrero, reguladora de la protecci\u00f3n de las personas que informen sobre infracciones normativas y de lucha contra la corrupci\u00f3n, se <a class=\"text-decoration-none text-black\" href=\"https:\/\/aldaia.es\/es\/buzones-antifraude\/buzon-interno-denuncias-ayuntamiento-aldaia\/\"> &#8230; <\/a><\/p>\n","protected":false},"author":42,"featured_media":0,"parent":26524,"menu_order":0,"comment_status":"closed","ping_status":"closed","template":"basic-page-title.php","meta":{"_acf_changed":false,"footnotes":""},"class_list":["post-26970","page","type-page","status-publish","hentry"],"acf":[],"yoast_head":"<!-- This site is optimized with the Yoast SEO plugin v27.0 - https:\/\/yoast.com\/product\/yoast-seo-wordpress\/ -->\n<title>Buz\u00f3n interno de denuncias del Ayuntamiento de Aldaia - Ayuntamiento de Aldaia<\/title>\n<meta name=\"description\" content=\"El Buz\u00f3n interno de denuncias garantiza la confidencialidad y es un espacio de comunicaci\u00f3n seguro con el Ayuntamiento de Aldaia.\" \/>\n<meta name=\"robots\" content=\"index, follow, max-snippet:-1, max-image-preview:large, max-video-preview:-1\" \/>\n<link rel=\"canonical\" href=\"https:\/\/aldaia.es\/es\/buzones-antifraude\/buzon-interno-denuncias-ayuntamiento-aldaia\/\" \/>\n<meta property=\"og:locale\" content=\"es_ES\" \/>\n<meta property=\"og:type\" content=\"article\" \/>\n<meta property=\"og:title\" content=\"Buz\u00f3n interno de denuncias del Ayuntamiento de Aldaia - Ayuntamiento de Aldaia\" \/>\n<meta property=\"og:description\" content=\"El Buz\u00f3n interno de denuncias garantiza la confidencialidad y es un espacio de comunicaci\u00f3n seguro con el Ayuntamiento de Aldaia.\" \/>\n<meta property=\"og:url\" content=\"https:\/\/aldaia.es\/es\/buzones-antifraude\/buzon-interno-denuncias-ayuntamiento-aldaia\/\" \/>\n<meta property=\"og:site_name\" content=\"Ayuntamiento de Aldaia\" \/>\n<meta property=\"article:modified_time\" content=\"2024-04-29T08:29:15+00:00\" \/>\n<script type=\"application\/ld+json\" class=\"yoast-schema-graph\">{\"@context\":\"https:\/\/schema.org\",\"@graph\":[{\"@type\":\"WebPage\",\"@id\":\"https:\/\/aldaia.es\/es\/buzones-antifraude\/buzon-interno-denuncias-ayuntamiento-aldaia\/\",\"url\":\"https:\/\/aldaia.es\/es\/buzones-antifraude\/buzon-interno-denuncias-ayuntamiento-aldaia\/\",\"name\":\"Buz\u00f3n interno de denuncias del Ayuntamiento de Aldaia - Ayuntamiento de Aldaia\",\"isPartOf\":{\"@id\":\"https:\/\/aldaia.es\/es\/#website\"},\"datePublished\":\"2024-04-29T06:54:53+00:00\",\"dateModified\":\"2024-04-29T08:29:15+00:00\",\"description\":\"El Buz\u00f3n interno de denuncias garantiza la confidencialidad y es un espacio de comunicaci\u00f3n seguro con el Ayuntamiento de Aldaia.\",\"breadcrumb\":{\"@id\":\"https:\/\/aldaia.es\/es\/buzones-antifraude\/buzon-interno-denuncias-ayuntamiento-aldaia\/#breadcrumb\"},\"inLanguage\":\"es\",\"potentialAction\":[{\"@type\":\"ReadAction\",\"target\":[\"https:\/\/aldaia.es\/es\/buzones-antifraude\/buzon-interno-denuncias-ayuntamiento-aldaia\/\"]}]},{\"@type\":\"BreadcrumbList\",\"@id\":\"https:\/\/aldaia.es\/es\/buzones-antifraude\/buzon-interno-denuncias-ayuntamiento-aldaia\/#breadcrumb\",\"itemListElement\":[{\"@type\":\"ListItem\",\"position\":1,\"name\":\"Portada\",\"item\":\"https:\/\/aldaia.es\/es\/\"},{\"@type\":\"ListItem\",\"position\":2,\"name\":\"Buzones Antifraude\",\"item\":\"https:\/\/aldaia.es\/es\/buzones-antifraude\/\"},{\"@type\":\"ListItem\",\"position\":3,\"name\":\"Buz\u00f3n interno de denuncias del Ayuntamiento de Aldaia\"}]},{\"@type\":\"WebSite\",\"@id\":\"https:\/\/aldaia.es\/es\/#website\",\"url\":\"https:\/\/aldaia.es\/es\/\",\"name\":\"Ajuntament D'Aldaia\",\"description\":\"\",\"publisher\":{\"@id\":\"https:\/\/aldaia.es\/es\/#organization\"},\"alternateName\":\"Ajuntament D'Aldaia\",\"potentialAction\":[{\"@type\":\"SearchAction\",\"target\":{\"@type\":\"EntryPoint\",\"urlTemplate\":\"https:\/\/aldaia.es\/es\/?s={search_term_string}\"},\"query-input\":{\"@type\":\"PropertyValueSpecification\",\"valueRequired\":true,\"valueName\":\"search_term_string\"}}],\"inLanguage\":\"es\"},{\"@type\":\"Organization\",\"@id\":\"https:\/\/aldaia.es\/es\/#organization\",\"name\":\"Ajuntament D'Aldaia\",\"url\":\"https:\/\/aldaia.es\/es\/\",\"logo\":{\"@type\":\"ImageObject\",\"inLanguage\":\"es\",\"@id\":\"https:\/\/aldaia.es\/es\/#\/schema\/logo\/image\/\",\"url\":\"https:\/\/aldaia.es\/wp-content\/uploads\/2022\/06\/aldaia-negro-1.png\",\"contentUrl\":\"https:\/\/aldaia.es\/wp-content\/uploads\/2022\/06\/aldaia-negro-1.png\",\"width\":152,\"height\":70,\"caption\":\"Ajuntament D'Aldaia\"},\"image\":{\"@id\":\"https:\/\/aldaia.es\/es\/#\/schema\/logo\/image\/\"}}]}<\/script>\n<!-- \/ Yoast SEO plugin. -->","yoast_head_json":{"title":"Buz\u00f3n interno de denuncias del Ayuntamiento de Aldaia - Ayuntamiento de Aldaia","description":"El Buz\u00f3n interno de denuncias garantiza la confidencialidad y es un espacio de comunicaci\u00f3n seguro con el Ayuntamiento de Aldaia.","robots":{"index":"index","follow":"follow","max-snippet":"max-snippet:-1","max-image-preview":"max-image-preview:large","max-video-preview":"max-video-preview:-1"},"canonical":"https:\/\/aldaia.es\/es\/buzones-antifraude\/buzon-interno-denuncias-ayuntamiento-aldaia\/","og_locale":"es_ES","og_type":"article","og_title":"Buz\u00f3n interno de denuncias del Ayuntamiento de Aldaia - Ayuntamiento de Aldaia","og_description":"El Buz\u00f3n interno de denuncias garantiza la confidencialidad y es un espacio de comunicaci\u00f3n seguro con el Ayuntamiento de Aldaia.","og_url":"https:\/\/aldaia.es\/es\/buzones-antifraude\/buzon-interno-denuncias-ayuntamiento-aldaia\/","og_site_name":"Ayuntamiento de Aldaia","article_modified_time":"2024-04-29T08:29:15+00:00","schema":{"@context":"https:\/\/schema.org","@graph":[{"@type":"WebPage","@id":"https:\/\/aldaia.es\/es\/buzones-antifraude\/buzon-interno-denuncias-ayuntamiento-aldaia\/","url":"https:\/\/aldaia.es\/es\/buzones-antifraude\/buzon-interno-denuncias-ayuntamiento-aldaia\/","name":"Buz\u00f3n interno de denuncias del Ayuntamiento de Aldaia - Ayuntamiento de Aldaia","isPartOf":{"@id":"https:\/\/aldaia.es\/es\/#website"},"datePublished":"2024-04-29T06:54:53+00:00","dateModified":"2024-04-29T08:29:15+00:00","description":"El Buz\u00f3n interno de denuncias garantiza la confidencialidad y es un espacio de comunicaci\u00f3n seguro con el Ayuntamiento de Aldaia.","breadcrumb":{"@id":"https:\/\/aldaia.es\/es\/buzones-antifraude\/buzon-interno-denuncias-ayuntamiento-aldaia\/#breadcrumb"},"inLanguage":"es","potentialAction":[{"@type":"ReadAction","target":["https:\/\/aldaia.es\/es\/buzones-antifraude\/buzon-interno-denuncias-ayuntamiento-aldaia\/"]}]},{"@type":"BreadcrumbList","@id":"https:\/\/aldaia.es\/es\/buzones-antifraude\/buzon-interno-denuncias-ayuntamiento-aldaia\/#breadcrumb","itemListElement":[{"@type":"ListItem","position":1,"name":"Portada","item":"https:\/\/aldaia.es\/es\/"},{"@type":"ListItem","position":2,"name":"Buzones Antifraude","item":"https:\/\/aldaia.es\/es\/buzones-antifraude\/"},{"@type":"ListItem","position":3,"name":"Buz\u00f3n interno de denuncias del Ayuntamiento de Aldaia"}]},{"@type":"WebSite","@id":"https:\/\/aldaia.es\/es\/#website","url":"https:\/\/aldaia.es\/es\/","name":"Ajuntament D'Aldaia","description":"","publisher":{"@id":"https:\/\/aldaia.es\/es\/#organization"},"alternateName":"Ajuntament D'Aldaia","potentialAction":[{"@type":"SearchAction","target":{"@type":"EntryPoint","urlTemplate":"https:\/\/aldaia.es\/es\/?s={search_term_string}"},"query-input":{"@type":"PropertyValueSpecification","valueRequired":true,"valueName":"search_term_string"}}],"inLanguage":"es"},{"@type":"Organization","@id":"https:\/\/aldaia.es\/es\/#organization","name":"Ajuntament D'Aldaia","url":"https:\/\/aldaia.es\/es\/","logo":{"@type":"ImageObject","inLanguage":"es","@id":"https:\/\/aldaia.es\/es\/#\/schema\/logo\/image\/","url":"https:\/\/aldaia.es\/wp-content\/uploads\/2022\/06\/aldaia-negro-1.png","contentUrl":"https:\/\/aldaia.es\/wp-content\/uploads\/2022\/06\/aldaia-negro-1.png","width":152,"height":70,"caption":"Ajuntament D'Aldaia"},"image":{"@id":"https:\/\/aldaia.es\/es\/#\/schema\/logo\/image\/"}}]}},"_links":{"self":[{"href":"https:\/\/aldaia.es\/es\/wp-json\/wp\/v2\/pages\/26970","targetHints":{"allow":["GET"]}}],"collection":[{"href":"https:\/\/aldaia.es\/es\/wp-json\/wp\/v2\/pages"}],"about":[{"href":"https:\/\/aldaia.es\/es\/wp-json\/wp\/v2\/types\/page"}],"author":[{"embeddable":true,"href":"https:\/\/aldaia.es\/es\/wp-json\/wp\/v2\/users\/42"}],"replies":[{"embeddable":true,"href":"https:\/\/aldaia.es\/es\/wp-json\/wp\/v2\/comments?post=26970"}],"version-history":[{"count":4,"href":"https:\/\/aldaia.es\/es\/wp-json\/wp\/v2\/pages\/26970\/revisions"}],"predecessor-version":[{"id":26999,"href":"https:\/\/aldaia.es\/es\/wp-json\/wp\/v2\/pages\/26970\/revisions\/26999"}],"up":[{"embeddable":true,"href":"https:\/\/aldaia.es\/es\/wp-json\/wp\/v2\/pages\/26524"}],"wp:attachment":[{"href":"https:\/\/aldaia.es\/es\/wp-json\/wp\/v2\/media?parent=26970"}],"curies":[{"name":"wp","href":"https:\/\/api.w.org\/{rel}","templated":true}]}}