{"id":27522,"date":"2024-05-22T12:23:47","date_gmt":"2024-05-22T10:23:47","guid":{"rendered":"https:\/\/aldaia.es\/?page_id=27522"},"modified":"2024-10-02T12:28:57","modified_gmt":"2024-10-02T10:28:57","slug":"infancia-y-adolescencia","status":"publish","type":"page","link":"https:\/\/aldaia.es\/es\/servicios-sociales-e-igualdad\/infancia-y-adolescencia\/","title":{"rendered":"Infancia y adolescencia"},"content":{"rendered":"\n<div class=\"wp-block-columns dep-servicios is-layout-flex wp-container-core-columns-is-layout-9d6595d7 wp-block-columns-is-layout-flex\">\n<div class=\"wp-block-column is-layout-flow wp-block-column-is-layout-flow\" style=\"flex-basis:30%\"><!--  Info Servicios sociales -->\n\n \n    <div class='wrapper-departamentos bloque-infos-servicios-sociales'>\n        <p class=\"tit-bloque-infos\">Centro Amparo Navarro<\/p>\n            <div class='infos-departamento'>          \n                <p>Plaza de la Constituci\u00f3n, 14<br>46960 Aldaia Valencia<\/p>\n                <p><i class=\"fa fa-phone\" aria-hidden=\"true\"><\/i> 961 988 811<\/p>\n                <p><i class=\"fas fa-envelope\"><\/i> <a href=\"mailto:serveissocials@ajuntamentaldaia.org \">serveissocials@ajuntamentaldaia.org <\/a><\/p>\n                <p><strong>Horario:<\/strong><\/p>\n                <p>Lunes a viernes: de 9 a 14 horas. Lujes y jueves: de 16 a 18 horas.<\/p>\n            <\/div>           \n           \n        <div class='mapa-2'>\n            <iframe src='https:\/\/www.google.com\/maps\/embed?pb=!1m18!1m12!1m3!1d588.6666078659713!2d-0.4617810773955724!3d39.46487358669967!2m3!1f0!2f0!3f0!3m2!1i1024!2i768!4f13.1!3m3!1m2!1s0xd60503d626ee6fd%3A0xee35fc98ab29cac8!2zUGxhw6dhIENvbnN0aXR1Y2nDsywgMTQsIDQ2OTYwIEFsZGFpYSwgVmFsw6huY2lh!5e0!3m2!1ses!2ses!4v1717512910298!5m2!1ses!2ses'  width='100%' height='300' style='border:0;' allowfullscreen='' loading='lazy' referrerpolicy='no-referrer-when-downgrade'><\/iframe>\n        <\/div>\n    <\/div>\n   <!-- end bloque infos -->\n    \n\n\n<\/div>\n\n\n\n<div class=\"wp-block-column is-layout-flow wp-block-column-is-layout-flow\" style=\"flex-basis:70%\">\n<h1 class=\"wp-block-heading\">\u00c1rea de Infancia y Adolescencia<\/h1>\n\n\n\n<p>Los servicios sociales ofrecen una serie de programas espec\u00edficos de atenci\u00f3n y apoyo a personas menores de edad y a sus familias, con el objetivo de prevenir e intervenir antes situaciones de vulnerabilidad y riesgo.<\/p>\n\n\n\n<p>Los programas de prevenci\u00f3n y de intervenci\u00f3n con la infancia y la adolescencia en el municipio de Aldaia son:<\/p>\n\n\n\n<ul class=\"wp-block-list\">\n<li>El Equipo Espec\u00edfico de Intervenci\u00f3n con Infancia y Adolescencia (EEIIA).<\/li>\n\n\n\n<li>El Servicio de Prevenci\u00f3n e Intervenci\u00f3n con Familias (SPIF).<\/li>\n\n\n\n<li>El Servicio de Atenci\u00f3n Diurna \u201cMilotxa\u201d.<\/li>\n\n\n\n<li>Medidas judiciales en medio abierto.<\/li>\n<\/ul>\n\n\n\n<h2 class=\"wp-block-heading\">EEIIA &#8211; El Equipo Espec\u00edfico de Intervenci\u00f3n con Infancia y Adolescencia<\/h2>\n\n\n\n<p>Objetivo: Es un servicio especializado cuyo objetivo es la atenci\u00f3n a la infancia, la adolescencia y sus familias, cuando hay una situaci\u00f3n de riesgo. A trav\u00e9s de una intervenci\u00f3n especializada de car\u00e1cter integral con el propio n\u00facleo familiar, se facilita un espacio terap\u00e9utico que permita la b\u00fasqueda de soluciones a los conflictos y conseguir un funcionamiento ajustado, optimo e integrador de toda la familia.&nbsp;<\/p>\n\n\n\n<p>Profesionales: Este servicio se lleva a cabo por profesionales de la psicolog\u00eda y de la educaci\u00f3n social.&nbsp;<\/p>\n\n\n\n<p>Solicitud: se atienden aquellas familias remitidas por prescripci\u00f3n t\u00e9cnica de equipo de atenci\u00f3n primaria b\u00e1sica de servicios sociales.&nbsp;<\/p>\n\n\n\n<h2 class=\"wp-block-heading\">SPIF &#8211; El Servicio de Prevenci\u00f3n e Intervenci\u00f3n con Familias<\/h2>\n\n\n\n<p>Objetivo: Es un servicio que se encarga de conocer la situaci\u00f3n de los menores y adolescentes y, en su caso, realizar una intervenci\u00f3n integral de las familias que presentan alguna dificultad a nivel relacional, econ\u00f3mico, educativo y\/o sanitario, valorando la adecuaci\u00f3n de los recursos que puedan eliminar o aliviar las problem\u00e1ticas que les afectan. &nbsp;<\/p>\n\n\n\n<p>Profesionales: Este servicio se lleva a cabo por profesionales de la educaci\u00f3n social.&nbsp;<\/p>\n\n\n\n<p>Solicitud: se atienden aquellas familias remitidas por prescripci\u00f3n t\u00e9cnica de equipo de atenci\u00f3n primaria b\u00e1sica.<\/p>\n\n\n\n<h2 class=\"wp-block-heading\">El Servicio de Atenci\u00f3n Diurna \u201c Milotxa\u201d<\/h2>\n\n\n\n<p>Objetivo: Este servicio es un recurso del que dispone el equipo de profesionales de los servicios sociales que trabaja con la infancia y la adolescencia m\u00e1s vulnerable del municipio. Su funci\u00f3n es doble: preventiva y educativa. Se realiza en espacios adecuados para este fin y su horario es extraescolar.<\/p>\n\n\n\n<p>Profesionales: Este servicio se lleva a cabo por profesionales de la psicolog\u00eda, de la educaci\u00f3n social y de la integraci\u00f3n social.<\/p>\n\n\n\n<p>Solicitud: se atienden los ni\u00f1os, ni\u00f1as y adolescentes que son remitidos por prescripci\u00f3n t\u00e9cnica de equipo de atenci\u00f3n primaria b\u00e1sica o de otros profesionales\/programas de la atenci\u00f3n primaria especifica.&nbsp;<\/p>\n\n\n\n<h2 class=\"wp-block-heading\">Medidas judiciales en medio abierto.<\/h2>\n\n\n\n<p>Objetivo: Este programa tiene el objetivo de ejecutar las medidas judiciales que se imponen desde fiscal\u00eda a menores en conflicto con la ley seg\u00fan lo dispuesto en la Ley Org\u00e1nica 5\/200, de 12 de enero.&nbsp;<\/p>\n\n\n\n<p>Profesionales: Este servicio se lleva a cabo por profesionales de la educaci\u00f3n social.&nbsp;<\/p>\n\n\n\n<p>Solicitud: se atienden aquellas personas menores de edad y en colaboraci\u00f3n con sus familias que son remitidas por el sistema judicial competente en materia de menores.&nbsp;<\/p>\n<\/div>\n<\/div>\n","protected":false},"excerpt":{"rendered":"<p>\u00c1rea de Infancia y Adolescencia Los servicios sociales ofrecen una serie de programas espec\u00edficos de atenci\u00f3n y apoyo a personas menores de edad y a sus familias, con el objetivo <a class=\"text-decoration-none text-black\" href=\"https:\/\/aldaia.es\/es\/servicios-sociales-e-igualdad\/infancia-y-adolescencia\/\"> &#8230; <\/a><\/p>\n","protected":false},"author":42,"featured_media":0,"parent":27569,"menu_order":0,"comment_status":"closed","ping_status":"closed","template":"basic-page-departamentos.php","meta":{"_acf_changed":false,"footnotes":""},"class_list":["post-27522","page","type-page","status-publish","hentry"],"acf":[],"yoast_head":"<!-- This site is optimized with the Yoast SEO plugin v27.0 - https:\/\/yoast.com\/product\/yoast-seo-wordpress\/ -->\n<title>Departamento de infancia y adolescencia Ayuntamiento de Aldaia<\/title>\n<meta name=\"description\" content=\"Programas espec\u00edficos de atenci\u00f3n y apoyo a personas menores de edad y a sus familiase n situaciones de vulnerabilidad y riesgo.\" \/>\n<meta name=\"robots\" content=\"index, follow, max-snippet:-1, max-image-preview:large, max-video-preview:-1\" \/>\n<link rel=\"canonical\" href=\"https:\/\/aldaia.es\/es\/servicios-sociales-e-igualdad\/infancia-y-adolescencia\/\" \/>\n<meta property=\"og:locale\" content=\"es_ES\" \/>\n<meta property=\"og:type\" content=\"article\" \/>\n<meta property=\"og:title\" content=\"Departamento de infancia y adolescencia Ayuntamiento de Aldaia\" \/>\n<meta property=\"og:description\" content=\"Programas espec\u00edficos de atenci\u00f3n y apoyo a personas menores de edad y a sus familiase n situaciones de vulnerabilidad y riesgo.\" \/>\n<meta property=\"og:url\" content=\"https:\/\/aldaia.es\/es\/servicios-sociales-e-igualdad\/infancia-y-adolescencia\/\" \/>\n<meta property=\"og:site_name\" content=\"Ayuntamiento de Aldaia\" \/>\n<meta property=\"article:modified_time\" content=\"2024-10-02T10:28:57+00:00\" \/>\n<script type=\"application\/ld+json\" class=\"yoast-schema-graph\">{\"@context\":\"https:\/\/schema.org\",\"@graph\":[{\"@type\":\"WebPage\",\"@id\":\"https:\/\/aldaia.es\/es\/servicios-sociales-e-igualdad\/infancia-y-adolescencia\/\",\"url\":\"https:\/\/aldaia.es\/es\/servicios-sociales-e-igualdad\/infancia-y-adolescencia\/\",\"name\":\"Departamento de infancia y adolescencia Ayuntamiento de Aldaia\",\"isPartOf\":{\"@id\":\"https:\/\/aldaia.es\/es\/#website\"},\"datePublished\":\"2024-05-22T10:23:47+00:00\",\"dateModified\":\"2024-10-02T10:28:57+00:00\",\"description\":\"Programas espec\u00edficos de atenci\u00f3n y apoyo a personas menores de edad y a sus familiase n situaciones de vulnerabilidad y riesgo.\",\"breadcrumb\":{\"@id\":\"https:\/\/aldaia.es\/es\/servicios-sociales-e-igualdad\/infancia-y-adolescencia\/#breadcrumb\"},\"inLanguage\":\"es\",\"potentialAction\":[{\"@type\":\"ReadAction\",\"target\":[\"https:\/\/aldaia.es\/es\/servicios-sociales-e-igualdad\/infancia-y-adolescencia\/\"]}]},{\"@type\":\"BreadcrumbList\",\"@id\":\"https:\/\/aldaia.es\/es\/servicios-sociales-e-igualdad\/infancia-y-adolescencia\/#breadcrumb\",\"itemListElement\":[{\"@type\":\"ListItem\",\"position\":1,\"name\":\"Portada\",\"item\":\"https:\/\/aldaia.es\/es\/\"},{\"@type\":\"ListItem\",\"position\":2,\"name\":\"Servicios Sociales e Igualdad\",\"item\":\"https:\/\/aldaia.es\/es\/servicios-sociales-e-igualdad\/\"},{\"@type\":\"ListItem\",\"position\":3,\"name\":\"Infancia y adolescencia\"}]},{\"@type\":\"WebSite\",\"@id\":\"https:\/\/aldaia.es\/es\/#website\",\"url\":\"https:\/\/aldaia.es\/es\/\",\"name\":\"Ajuntament D'Aldaia\",\"description\":\"\",\"publisher\":{\"@id\":\"https:\/\/aldaia.es\/es\/#organization\"},\"alternateName\":\"Ajuntament D'Aldaia\",\"potentialAction\":[{\"@type\":\"SearchAction\",\"target\":{\"@type\":\"EntryPoint\",\"urlTemplate\":\"https:\/\/aldaia.es\/es\/?s={search_term_string}\"},\"query-input\":{\"@type\":\"PropertyValueSpecification\",\"valueRequired\":true,\"valueName\":\"search_term_string\"}}],\"inLanguage\":\"es\"},{\"@type\":\"Organization\",\"@id\":\"https:\/\/aldaia.es\/es\/#organization\",\"name\":\"Ajuntament D'Aldaia\",\"url\":\"https:\/\/aldaia.es\/es\/\",\"logo\":{\"@type\":\"ImageObject\",\"inLanguage\":\"es\",\"@id\":\"https:\/\/aldaia.es\/es\/#\/schema\/logo\/image\/\",\"url\":\"https:\/\/aldaia.es\/wp-content\/uploads\/2022\/06\/aldaia-negro-1.png\",\"contentUrl\":\"https:\/\/aldaia.es\/wp-content\/uploads\/2022\/06\/aldaia-negro-1.png\",\"width\":152,\"height\":70,\"caption\":\"Ajuntament D'Aldaia\"},\"image\":{\"@id\":\"https:\/\/aldaia.es\/es\/#\/schema\/logo\/image\/\"}}]}<\/script>\n<!-- \/ Yoast SEO plugin. -->","yoast_head_json":{"title":"Departamento de infancia y adolescencia Ayuntamiento de Aldaia","description":"Programas espec\u00edficos de atenci\u00f3n y apoyo a personas menores de edad y a sus familiase n situaciones de vulnerabilidad y riesgo.","robots":{"index":"index","follow":"follow","max-snippet":"max-snippet:-1","max-image-preview":"max-image-preview:large","max-video-preview":"max-video-preview:-1"},"canonical":"https:\/\/aldaia.es\/es\/servicios-sociales-e-igualdad\/infancia-y-adolescencia\/","og_locale":"es_ES","og_type":"article","og_title":"Departamento de infancia y adolescencia Ayuntamiento de Aldaia","og_description":"Programas espec\u00edficos de atenci\u00f3n y apoyo a personas menores de edad y a sus familiase n situaciones de vulnerabilidad y riesgo.","og_url":"https:\/\/aldaia.es\/es\/servicios-sociales-e-igualdad\/infancia-y-adolescencia\/","og_site_name":"Ayuntamiento de Aldaia","article_modified_time":"2024-10-02T10:28:57+00:00","schema":{"@context":"https:\/\/schema.org","@graph":[{"@type":"WebPage","@id":"https:\/\/aldaia.es\/es\/servicios-sociales-e-igualdad\/infancia-y-adolescencia\/","url":"https:\/\/aldaia.es\/es\/servicios-sociales-e-igualdad\/infancia-y-adolescencia\/","name":"Departamento de infancia y adolescencia Ayuntamiento de Aldaia","isPartOf":{"@id":"https:\/\/aldaia.es\/es\/#website"},"datePublished":"2024-05-22T10:23:47+00:00","dateModified":"2024-10-02T10:28:57+00:00","description":"Programas espec\u00edficos de atenci\u00f3n y apoyo a personas menores de edad y a sus familiase n situaciones de vulnerabilidad y riesgo.","breadcrumb":{"@id":"https:\/\/aldaia.es\/es\/servicios-sociales-e-igualdad\/infancia-y-adolescencia\/#breadcrumb"},"inLanguage":"es","potentialAction":[{"@type":"ReadAction","target":["https:\/\/aldaia.es\/es\/servicios-sociales-e-igualdad\/infancia-y-adolescencia\/"]}]},{"@type":"BreadcrumbList","@id":"https:\/\/aldaia.es\/es\/servicios-sociales-e-igualdad\/infancia-y-adolescencia\/#breadcrumb","itemListElement":[{"@type":"ListItem","position":1,"name":"Portada","item":"https:\/\/aldaia.es\/es\/"},{"@type":"ListItem","position":2,"name":"Servicios Sociales e Igualdad","item":"https:\/\/aldaia.es\/es\/servicios-sociales-e-igualdad\/"},{"@type":"ListItem","position":3,"name":"Infancia y adolescencia"}]},{"@type":"WebSite","@id":"https:\/\/aldaia.es\/es\/#website","url":"https:\/\/aldaia.es\/es\/","name":"Ajuntament D'Aldaia","description":"","publisher":{"@id":"https:\/\/aldaia.es\/es\/#organization"},"alternateName":"Ajuntament D'Aldaia","potentialAction":[{"@type":"SearchAction","target":{"@type":"EntryPoint","urlTemplate":"https:\/\/aldaia.es\/es\/?s={search_term_string}"},"query-input":{"@type":"PropertyValueSpecification","valueRequired":true,"valueName":"search_term_string"}}],"inLanguage":"es"},{"@type":"Organization","@id":"https:\/\/aldaia.es\/es\/#organization","name":"Ajuntament D'Aldaia","url":"https:\/\/aldaia.es\/es\/","logo":{"@type":"ImageObject","inLanguage":"es","@id":"https:\/\/aldaia.es\/es\/#\/schema\/logo\/image\/","url":"https:\/\/aldaia.es\/wp-content\/uploads\/2022\/06\/aldaia-negro-1.png","contentUrl":"https:\/\/aldaia.es\/wp-content\/uploads\/2022\/06\/aldaia-negro-1.png","width":152,"height":70,"caption":"Ajuntament D'Aldaia"},"image":{"@id":"https:\/\/aldaia.es\/es\/#\/schema\/logo\/image\/"}}]}},"_links":{"self":[{"href":"https:\/\/aldaia.es\/es\/wp-json\/wp\/v2\/pages\/27522","targetHints":{"allow":["GET"]}}],"collection":[{"href":"https:\/\/aldaia.es\/es\/wp-json\/wp\/v2\/pages"}],"about":[{"href":"https:\/\/aldaia.es\/es\/wp-json\/wp\/v2\/types\/page"}],"author":[{"embeddable":true,"href":"https:\/\/aldaia.es\/es\/wp-json\/wp\/v2\/users\/42"}],"replies":[{"embeddable":true,"href":"https:\/\/aldaia.es\/es\/wp-json\/wp\/v2\/comments?post=27522"}],"version-history":[{"count":10,"href":"https:\/\/aldaia.es\/es\/wp-json\/wp\/v2\/pages\/27522\/revisions"}],"predecessor-version":[{"id":33381,"href":"https:\/\/aldaia.es\/es\/wp-json\/wp\/v2\/pages\/27522\/revisions\/33381"}],"up":[{"embeddable":true,"href":"https:\/\/aldaia.es\/es\/wp-json\/wp\/v2\/pages\/27569"}],"wp:attachment":[{"href":"https:\/\/aldaia.es\/es\/wp-json\/wp\/v2\/media?parent=27522"}],"curies":[{"name":"wp","href":"https:\/\/api.w.org\/{rel}","templated":true}]}}