{"id":27668,"date":"2024-05-23T09:11:42","date_gmt":"2024-05-23T07:11:42","guid":{"rendered":"https:\/\/aldaia.es\/?page_id=27668"},"modified":"2024-10-02T12:49:22","modified_gmt":"2024-10-02T10:49:22","slug":"vivienda","status":"publish","type":"page","link":"https:\/\/aldaia.es\/es\/servicios-sociales-e-igualdad\/vivienda\/","title":{"rendered":"Vivienda"},"content":{"rendered":"\n<div class=\"wp-block-columns dep-servicios is-layout-flex wp-container-core-columns-is-layout-9d6595d7 wp-block-columns-is-layout-flex\">\n<div class=\"wp-block-column is-layout-flow wp-block-column-is-layout-flow\" style=\"flex-basis:30%\"><!--  Info Servicios sociales -->\n\n \n    <div class='wrapper-departamentos bloque-infos-servicios-sociales'>\n        <p class=\"tit-bloque-infos\">Centro Amparo Navarro<\/p>\n            <div class='infos-departamento'>          \n                <p>Plaza de la Constituci\u00f3n, 14<br>46960 Aldaia Valencia<\/p>\n                <p><i class=\"fa fa-phone\" aria-hidden=\"true\"><\/i> 961 988 811<\/p>\n                <p><i class=\"fas fa-envelope\"><\/i> <a href=\"mailto:serveissocials@ajuntamentaldaia.org \">serveissocials@ajuntamentaldaia.org <\/a><\/p>\n                <p><strong>Horario:<\/strong><\/p>\n                <p>Lunes a viernes: de 9 a 14 horas. Lujes y jueves: de 16 a 18 horas.<\/p>\n            <\/div>           \n           \n        <div class='mapa-2'>\n            <iframe src='https:\/\/www.google.com\/maps\/embed?pb=!1m18!1m12!1m3!1d588.6666078659713!2d-0.4617810773955724!3d39.46487358669967!2m3!1f0!2f0!3f0!3m2!1i1024!2i768!4f13.1!3m3!1m2!1s0xd60503d626ee6fd%3A0xee35fc98ab29cac8!2zUGxhw6dhIENvbnN0aXR1Y2nDsywgMTQsIDQ2OTYwIEFsZGFpYSwgVmFsw6huY2lh!5e0!3m2!1ses!2ses!4v1717512910298!5m2!1ses!2ses'  width='100%' height='300' style='border:0;' allowfullscreen='' loading='lazy' referrerpolicy='no-referrer-when-downgrade'><\/iframe>\n        <\/div>\n    <\/div>\n   <!-- end bloque infos -->\n    \n\n\n<\/div>\n\n\n\n<div class=\"wp-block-column is-layout-flow wp-block-column-is-layout-flow\" style=\"flex-basis:70%\">\n<h1 class=\"wp-block-heading\">Vivienda<\/h1>\n\n\n\n<p>La realidad de la vivienda nos enfrenta a su problem\u00e1tica, especialmente para las familias m\u00e1s vulnerables. Para atender las necesidades en materia de vivienda el ayuntamiento cuenta con un servicio de vivienda, con ayudas para alquiler e hipotecas y con la gesti\u00f3n y acceso a la vivienda p\u00fablica.<\/p>\n\n\n\n<p>Es un servicio de apoyo que informa, asesora e intermedia en materia de ejecuciones hipotecarias y\/o impagos reiterados de alquiler. Est\u00e1 dirigida a personas o familias con dificultades para hacer frente al pago de la vivienda y en riesgo de perderlo.<\/p>\n\n\n\n<h3 class=\"wp-block-heading\"><strong>En este servicio podr\u00e9is:<\/strong><\/h3>\n\n\n\n<ul class=\"wp-block-list\">\n<li>Recibir informaci\u00f3n y asesoramiento en todas las materias relacionadas con la vivienda.<\/li>\n\n\n\n<li>Recibir asesoramiento para gestionar las solicitudes relativas en los programas y l\u00edneas de ayudas que gestiono en cada momento la Generalitat Valenciana o el ayuntamiento.<\/li>\n\n\n\n<li>Recibir informaci\u00f3n y asesoramiento y tramitar la solicitud de ayudas para la rehabilitaci\u00f3n de edificios residencial y viviendas.<\/li>\n\n\n\n<li>Solicitar ayudas para el pago de la vivienda (prestaciones puntuales y urgentes).<\/li>\n\n\n\n<li>Solicitar las ayudas de prestaciones para el pago del alquiler.<\/li>\n\n\n\n<li>Inscribiros en el Registro de solicitantes de viviendas con protecci\u00f3n oficial.<\/li>\n\n\n\n<li>La gesti\u00f3n de las viviendas de propiedad municipal.<\/li>\n\n\n\n<li>La tramitaci\u00f3n de las solicitudes de Viviendas de Promoci\u00f3n P\u00fablica de la Generalitat<\/li>\n\n\n\n<li>Prestaciones econ\u00f3micas de especial urgencia para la vivienda.<\/li>\n<\/ul>\n\n\n\n<p>Servicio Municipal de Vivienda est\u00e1 situada en la C\/ Coladores, n.\u00ba 16, tel.: 961988811<\/p>\n\n\n\n<h3 class=\"wp-block-heading\"><strong><strong>Mediaci\u00f3n alquiler social<\/strong><\/strong><\/h3>\n\n\n\n<p>En este servicio podr\u00e1s recibir atenci\u00f3n y asesoramiento como:<\/p>\n\n\n\n<ul class=\"wp-block-list\">\n<li>Servicio de Intermediaci\u00f3n Hipotecaria, mediaci\u00f3n entre el\/la cliente y la entidad bancaria de las viviendas en riesgo de ser desahuciadas por impago de alquileres o hipotecas.<\/li>\n\n\n\n<li>En el caso de propietario de una vivienda: asesoramiento en el alquiler de vuestra vivienda y mediaci\u00f3n con los locatarios si lo dej\u00e1is a la Bolsa de alquiler social.<\/li>\n\n\n\n<li>Si busc\u00e1is vivienda: asesoramiento y ayuda en la b\u00fasqueda de vivienda y tambi\u00e9n durante la vigencia del contrato de alquiler.<\/li>\n<\/ul>\n\n\n\n<p>Este servicio, a trav\u00e9s de la intermediaci\u00f3n, ofrece respuestas integrales a las necesidades de las personas y familias en riesgo de exclusi\u00f3n residencial. La intermediaci\u00f3n es un procedimiento que facilita la comunicaci\u00f3n entre las partes, la deudora y la entidad financiera o en el caso del alquiler, con la parte arrendataria. Un equipo de profesionales os atender\u00e1 de manera individual, gratuita y confidencial.<\/p>\n\n\n\n<h2 class=\"wp-block-heading\">\u00bfC\u00d3MO SOLICITARLO?<\/h2>\n\n\n\n<p>A trav\u00e9s de la asesora legal de servicios sociales en el Centro de las Mujeres \u201cAmparo Navarro\u201d de la plaza constituci\u00f3n<\/p>\n\n\n\n<h2 class=\"wp-block-heading\">AYUDAS AL ALQUILER E HIPOTECA.<\/h2>\n\n\n\n<p>Anualmente se convocan estas ayudas.<\/p>\n\n\n\n<p>Hay diferentes convocatorias, de la Generalitat Valenciana y del ayuntamiento de Aldaia.<\/p>\n\n\n\n<p>Los requisitos de las personas beneficiarias estar\u00e1n definidos en cada convocatoria.<\/p>\n<\/div>\n<\/div>\n","protected":false},"excerpt":{"rendered":"<p>Vivienda La realidad de la vivienda nos enfrenta a su problem\u00e1tica, especialmente para las familias m\u00e1s vulnerables. Para atender las necesidades en materia de vivienda el ayuntamiento cuenta con un <a class=\"text-decoration-none text-black\" href=\"https:\/\/aldaia.es\/es\/servicios-sociales-e-igualdad\/vivienda\/\"> &#8230; <\/a><\/p>\n","protected":false},"author":42,"featured_media":0,"parent":27569,"menu_order":0,"comment_status":"closed","ping_status":"closed","template":"basic-page-departamentos.php","meta":{"_acf_changed":false,"footnotes":""},"class_list":["post-27668","page","type-page","status-publish","hentry"],"acf":[],"yoast_head":"<!-- This site is optimized with the Yoast SEO plugin v27.0 - https:\/\/yoast.com\/product\/yoast-seo-wordpress\/ -->\n<title>Departament Habitatge Ajuntament d\u2019Aldaia<\/title>\n<meta name=\"description\" content=\"Servicio de vivienda, con ayudas para alquiler e hipotecas y con la gesti\u00f3n y acceso a la vivienda p\u00fablica.\" \/>\n<meta name=\"robots\" content=\"index, follow, max-snippet:-1, max-image-preview:large, max-video-preview:-1\" \/>\n<link rel=\"canonical\" href=\"https:\/\/aldaia.es\/es\/servicios-sociales-e-igualdad\/vivienda\/\" \/>\n<meta property=\"og:locale\" content=\"es_ES\" \/>\n<meta property=\"og:type\" content=\"article\" \/>\n<meta property=\"og:title\" content=\"Departament Habitatge Ajuntament d\u2019Aldaia\" \/>\n<meta property=\"og:description\" content=\"Servicio de vivienda, con ayudas para alquiler e hipotecas y con la gesti\u00f3n y acceso a la vivienda p\u00fablica.\" \/>\n<meta property=\"og:url\" content=\"https:\/\/aldaia.es\/es\/servicios-sociales-e-igualdad\/vivienda\/\" \/>\n<meta property=\"og:site_name\" content=\"Ayuntamiento de Aldaia\" \/>\n<meta property=\"article:modified_time\" content=\"2024-10-02T10:49:22+00:00\" \/>\n<script type=\"application\/ld+json\" class=\"yoast-schema-graph\">{\"@context\":\"https:\/\/schema.org\",\"@graph\":[{\"@type\":\"WebPage\",\"@id\":\"https:\/\/aldaia.es\/es\/servicios-sociales-e-igualdad\/vivienda\/\",\"url\":\"https:\/\/aldaia.es\/es\/servicios-sociales-e-igualdad\/vivienda\/\",\"name\":\"Departament Habitatge Ajuntament d\u2019Aldaia\",\"isPartOf\":{\"@id\":\"https:\/\/aldaia.es\/es\/#website\"},\"datePublished\":\"2024-05-23T07:11:42+00:00\",\"dateModified\":\"2024-10-02T10:49:22+00:00\",\"description\":\"Servicio de vivienda, con ayudas para alquiler e hipotecas y con la gesti\u00f3n y acceso a la vivienda p\u00fablica.\",\"breadcrumb\":{\"@id\":\"https:\/\/aldaia.es\/es\/servicios-sociales-e-igualdad\/vivienda\/#breadcrumb\"},\"inLanguage\":\"es\",\"potentialAction\":[{\"@type\":\"ReadAction\",\"target\":[\"https:\/\/aldaia.es\/es\/servicios-sociales-e-igualdad\/vivienda\/\"]}]},{\"@type\":\"BreadcrumbList\",\"@id\":\"https:\/\/aldaia.es\/es\/servicios-sociales-e-igualdad\/vivienda\/#breadcrumb\",\"itemListElement\":[{\"@type\":\"ListItem\",\"position\":1,\"name\":\"Portada\",\"item\":\"https:\/\/aldaia.es\/es\/\"},{\"@type\":\"ListItem\",\"position\":2,\"name\":\"Servicios Sociales e Igualdad\",\"item\":\"https:\/\/aldaia.es\/es\/servicios-sociales-e-igualdad\/\"},{\"@type\":\"ListItem\",\"position\":3,\"name\":\"Vivienda\"}]},{\"@type\":\"WebSite\",\"@id\":\"https:\/\/aldaia.es\/es\/#website\",\"url\":\"https:\/\/aldaia.es\/es\/\",\"name\":\"Ajuntament D'Aldaia\",\"description\":\"\",\"publisher\":{\"@id\":\"https:\/\/aldaia.es\/es\/#organization\"},\"alternateName\":\"Ajuntament D'Aldaia\",\"potentialAction\":[{\"@type\":\"SearchAction\",\"target\":{\"@type\":\"EntryPoint\",\"urlTemplate\":\"https:\/\/aldaia.es\/es\/?s={search_term_string}\"},\"query-input\":{\"@type\":\"PropertyValueSpecification\",\"valueRequired\":true,\"valueName\":\"search_term_string\"}}],\"inLanguage\":\"es\"},{\"@type\":\"Organization\",\"@id\":\"https:\/\/aldaia.es\/es\/#organization\",\"name\":\"Ajuntament D'Aldaia\",\"url\":\"https:\/\/aldaia.es\/es\/\",\"logo\":{\"@type\":\"ImageObject\",\"inLanguage\":\"es\",\"@id\":\"https:\/\/aldaia.es\/es\/#\/schema\/logo\/image\/\",\"url\":\"https:\/\/aldaia.es\/wp-content\/uploads\/2022\/06\/aldaia-negro-1.png\",\"contentUrl\":\"https:\/\/aldaia.es\/wp-content\/uploads\/2022\/06\/aldaia-negro-1.png\",\"width\":152,\"height\":70,\"caption\":\"Ajuntament D'Aldaia\"},\"image\":{\"@id\":\"https:\/\/aldaia.es\/es\/#\/schema\/logo\/image\/\"}}]}<\/script>\n<!-- \/ Yoast SEO plugin. -->","yoast_head_json":{"title":"Departament Habitatge Ajuntament d\u2019Aldaia","description":"Servicio de vivienda, con ayudas para alquiler e hipotecas y con la gesti\u00f3n y acceso a la vivienda p\u00fablica.","robots":{"index":"index","follow":"follow","max-snippet":"max-snippet:-1","max-image-preview":"max-image-preview:large","max-video-preview":"max-video-preview:-1"},"canonical":"https:\/\/aldaia.es\/es\/servicios-sociales-e-igualdad\/vivienda\/","og_locale":"es_ES","og_type":"article","og_title":"Departament Habitatge Ajuntament d\u2019Aldaia","og_description":"Servicio de vivienda, con ayudas para alquiler e hipotecas y con la gesti\u00f3n y acceso a la vivienda p\u00fablica.","og_url":"https:\/\/aldaia.es\/es\/servicios-sociales-e-igualdad\/vivienda\/","og_site_name":"Ayuntamiento de Aldaia","article_modified_time":"2024-10-02T10:49:22+00:00","schema":{"@context":"https:\/\/schema.org","@graph":[{"@type":"WebPage","@id":"https:\/\/aldaia.es\/es\/servicios-sociales-e-igualdad\/vivienda\/","url":"https:\/\/aldaia.es\/es\/servicios-sociales-e-igualdad\/vivienda\/","name":"Departament Habitatge Ajuntament d\u2019Aldaia","isPartOf":{"@id":"https:\/\/aldaia.es\/es\/#website"},"datePublished":"2024-05-23T07:11:42+00:00","dateModified":"2024-10-02T10:49:22+00:00","description":"Servicio de vivienda, con ayudas para alquiler e hipotecas y con la gesti\u00f3n y acceso a la vivienda p\u00fablica.","breadcrumb":{"@id":"https:\/\/aldaia.es\/es\/servicios-sociales-e-igualdad\/vivienda\/#breadcrumb"},"inLanguage":"es","potentialAction":[{"@type":"ReadAction","target":["https:\/\/aldaia.es\/es\/servicios-sociales-e-igualdad\/vivienda\/"]}]},{"@type":"BreadcrumbList","@id":"https:\/\/aldaia.es\/es\/servicios-sociales-e-igualdad\/vivienda\/#breadcrumb","itemListElement":[{"@type":"ListItem","position":1,"name":"Portada","item":"https:\/\/aldaia.es\/es\/"},{"@type":"ListItem","position":2,"name":"Servicios Sociales e Igualdad","item":"https:\/\/aldaia.es\/es\/servicios-sociales-e-igualdad\/"},{"@type":"ListItem","position":3,"name":"Vivienda"}]},{"@type":"WebSite","@id":"https:\/\/aldaia.es\/es\/#website","url":"https:\/\/aldaia.es\/es\/","name":"Ajuntament D'Aldaia","description":"","publisher":{"@id":"https:\/\/aldaia.es\/es\/#organization"},"alternateName":"Ajuntament D'Aldaia","potentialAction":[{"@type":"SearchAction","target":{"@type":"EntryPoint","urlTemplate":"https:\/\/aldaia.es\/es\/?s={search_term_string}"},"query-input":{"@type":"PropertyValueSpecification","valueRequired":true,"valueName":"search_term_string"}}],"inLanguage":"es"},{"@type":"Organization","@id":"https:\/\/aldaia.es\/es\/#organization","name":"Ajuntament D'Aldaia","url":"https:\/\/aldaia.es\/es\/","logo":{"@type":"ImageObject","inLanguage":"es","@id":"https:\/\/aldaia.es\/es\/#\/schema\/logo\/image\/","url":"https:\/\/aldaia.es\/wp-content\/uploads\/2022\/06\/aldaia-negro-1.png","contentUrl":"https:\/\/aldaia.es\/wp-content\/uploads\/2022\/06\/aldaia-negro-1.png","width":152,"height":70,"caption":"Ajuntament D'Aldaia"},"image":{"@id":"https:\/\/aldaia.es\/es\/#\/schema\/logo\/image\/"}}]}},"_links":{"self":[{"href":"https:\/\/aldaia.es\/es\/wp-json\/wp\/v2\/pages\/27668","targetHints":{"allow":["GET"]}}],"collection":[{"href":"https:\/\/aldaia.es\/es\/wp-json\/wp\/v2\/pages"}],"about":[{"href":"https:\/\/aldaia.es\/es\/wp-json\/wp\/v2\/types\/page"}],"author":[{"embeddable":true,"href":"https:\/\/aldaia.es\/es\/wp-json\/wp\/v2\/users\/42"}],"replies":[{"embeddable":true,"href":"https:\/\/aldaia.es\/es\/wp-json\/wp\/v2\/comments?post=27668"}],"version-history":[{"count":10,"href":"https:\/\/aldaia.es\/es\/wp-json\/wp\/v2\/pages\/27668\/revisions"}],"predecessor-version":[{"id":33403,"href":"https:\/\/aldaia.es\/es\/wp-json\/wp\/v2\/pages\/27668\/revisions\/33403"}],"up":[{"embeddable":true,"href":"https:\/\/aldaia.es\/es\/wp-json\/wp\/v2\/pages\/27569"}],"wp:attachment":[{"href":"https:\/\/aldaia.es\/es\/wp-json\/wp\/v2\/media?parent=27668"}],"curies":[{"name":"wp","href":"https:\/\/api.w.org\/{rel}","templated":true}]}}