{"id":27678,"date":"2024-05-23T09:44:23","date_gmt":"2024-05-23T07:44:23","guid":{"rendered":"https:\/\/aldaia.es\/servicios-sociales-e-igualdad\/discapacitat\/"},"modified":"2025-04-24T13:24:29","modified_gmt":"2025-04-24T11:24:29","slug":"discapacidad","status":"publish","type":"page","link":"https:\/\/aldaia.es\/es\/servicios-sociales-e-igualdad\/discapacidad\/","title":{"rendered":"Discapacidad"},"content":{"rendered":"\n<div class=\"wp-block-columns dep-servicios is-layout-flex wp-container-core-columns-is-layout-9d6595d7 wp-block-columns-is-layout-flex\">\n<div class=\"wp-block-column is-layout-flow wp-block-column-is-layout-flow\" style=\"flex-basis:30%\"><!--  Info Servicios sociales -->\n\n \n    <div class='wrapper-departamentos bloque-infos-servicios-sociales'>\n        <p class=\"tit-bloque-infos\">Centro Coladors<\/p>\n        <div class='infos-departamento'>          \n            <p>Calle Coladors, 16<br>46960 Aldaia Valencia<\/p>\n            <p><i class=\"fa fa-phone\" aria-hidden=\"true\"><\/i> 961 988 811<\/p>\n            <p><i class=\"fa fa-phone\" aria-hidden=\"true\"><\/i> <a href=\"tel:+34961988811\">+34 961 988 811<\/a><\/p>\n            <p><i class=\"fas fa-envelope\"><\/i> <a href=\"mailto:serveissocials@ajuntamentaldaia.org \">serveissocials@ajuntamentaldaia.org <\/a><\/p>    \n            <p><strong>Horario:<\/strong><\/p>\n            <p>Lunes a viernes: de 9 a 14 horas. Lujes y jueves: de 16 a 18 horas.<\/p>      \n        <\/div>\n\n        <div class='mapa-1'>\n        <iframe src='https:\/\/www.google.com\/maps\/embed?pb=!1m18!1m12!1m3!1d6160.662930491161!2d-0.46871588132768194!3d39.46183988596237!2m3!1f0!2f0!3f0!3m2!1i1024!2i768!4f13.1!3m3!1m2!1s0xd6051dedd0ce773%3A0xd627ceb0166ca3d2!2sCentre%20Serveis%20Socials%20Coladors%20Aldaia!5e0!3m2!1ses!2sus!4v1716371829108!5m2!1ses!2sus' width='100%' height='300' style='border:0;' allowfullscreen='' loading='lazy' referrerpolicy='no-referrer-when-downgrade'><\/iframe>\n        <\/div>\n\n    <\/div>\n   <!-- end bloque infos -->\n\n    \n\n\n<\/div>\n\n\n\n<div class=\"wp-block-column is-layout-flow wp-block-column-is-layout-flow\" style=\"flex-basis:70%\">\n<h1 class=\"wp-block-heading\">Discapacidad<\/h1>\n\n\n\n<p>Bajo esta denominaci\u00f3n se incluyen los servicios y programas que se dirigen a personas con discapacidad, ya sea esta por causas f\u00edsicas, ps\u00edquicas, sensoriales y\/o mentales.<\/p>\n\n\n\n<p><strong>Reconocimiento de discapacidad<\/strong><\/p>\n\n\n\n<p>La calificaci\u00f3n del grado de discapacidad permite el acceso de la persona a los beneficios, derechos econ\u00f3micos y servicios que los organismos p\u00fablicos otorgan.<\/p>\n\n\n\n<p><strong>Pensiones no contributivas<\/strong><\/p>\n\n\n\n<p>El objeto de esta pensi\u00f3n, es el de proporcionar una prestaci\u00f3n econ\u00f3mica y una asistencia farmac\u00e9utica gratuita, a personas que no hayan cotizado o lo hayan hecho de manera insuficiente.<\/p>\n\n\n\n<p><strong>Ayudas para el desarrollo personal.<\/strong><\/p>\n\n\n\n<p>Prestaciones Econ\u00f3micas Individuales (P.E.I.) para las personas con discapacidad.<\/p>\n\n\n\n<p>\u2022 Ayudas T\u00e9cnicas y productos de apoyo.<\/p>\n\n\n\n<p>\u2022 Ayudas destinadas a la eliminaci\u00f3n de barreras arquitect\u00f3nicas en el interior de la vivienda y la adaptaci\u00f3n funcional del hogar.<\/p>\n\n\n\n<p>\u2022 Ayuda de transporte para la asistencia a tratamientos y centros residenciales.<\/p>\n\n\n\n<p><strong>Tarjeta de estacionamiento de veh\u00edculos para personas con discapacidad y movilidad reducida (TE)<\/strong><\/p>\n\n\n\n<p>Es una tarjeta que permite a la persona beneficiaria aparcar su veh\u00edculo en las zonas reservadas para personas con discapacidad.<\/p>\n\n\n\n<p><strong>Ingreso en centros para personas con discapacidad.<\/strong><\/p>\n\n\n\n<p>Se ofrece asesoramiento y ayuda para la tramitaci\u00f3n del acceso a los diferentes centros de atenci\u00f3n: centros ocupacionales, centros de d\u00eda y centros residenciales. En estos centros reciben alojamiento, cura personal, supervisi\u00f3n m\u00e9dica, alimentaci\u00f3n y actividades para el tiempo libre y\/o terapia ocupacional.<\/p>\n\n\n\n<h2 class=\"wp-block-heading\">SERVICIO DE AYUDA A DOMICILIO (SAD municipal y de dependencia)<\/h2>\n\n\n\n<p>Prestaci\u00f3n que ofrece un conjunto de servicios de car\u00e1cter dom\u00e9stico, personal y socioeducativo en general a aquellas personas que precisan, por su especial necesidad, una atenci\u00f3n en su domicilio, procurando as\u00ed la permanencia en su n\u00facleo familiar.<\/p>\n\n\n\n<p><strong>Servicios que cubre:<\/strong><\/p>\n\n\n\n<ul class=\"wp-block-list\">\n<li>Tareas de atenci\u00f3n en el hogar.<\/li>\n\n\n\n<li>Tareas de atenci\u00f3n personal.<\/li>\n\n\n\n<li>Tareas de relaci\u00f3n con el entorno.<\/li>\n\n\n\n<li>Tareas de car\u00e1cter psicosocial y educativo.<\/li>\n<\/ul>\n\n\n\n<h2 class=\"wp-block-heading\">ATENCI\u00d3 ESPEC\u00cdFICA A LA DEPEND\u00c8NCIA<\/h2>\n\n\n\n<p>La Ley de la Dependencia, 39\/2006 de 14 de diciembre, de Promoci\u00f3n de la Autonom\u00eda personal y atenci\u00f3n a las personas en situaci\u00f3n de dependencia, reconoce el nuevo derecho a la promoci\u00f3n de la autonom\u00eda personal y la atenci\u00f3n a las personas con dependencias.<\/p>\n\n\n\n<p>Este derecho tiene que garantizar la atenci\u00f3n de las personas desde el momento en que, de manera estable, necesitan ayuda de otros para llevar a cabo buena parte de las actividades de la vida diaria, como comer, vestirse, la cura personal, movilidad, etc.<\/p>\n\n\n\n<p>Seg\u00fan la necesidad de ayuda de la persona afectada para llevar a cabo varias de las actividades b\u00e1sicas de la vida diaria, los grados de dependencia reconocidos por la Ley son:<\/p>\n\n\n\n<p><strong>Grado I o dependencia moderada<\/strong><\/p>\n\n\n\n<p><strong>Grado II o dependencia severa<\/strong><\/p>\n\n\n\n<p><strong>Grado III o gran dependencia<\/strong><\/p>\n\n\n\n<h2 class=\"wp-block-heading\">ESCALERA M\u00d3VIL<\/h2>\n\n\n\n<p>Se trata de una silla mec\u00e1nica con funciones espec\u00edficas que permite subir y bajar tramos de escalera a aquellas personas que no tienen movilidad para hacerlo por sus propios medios.<\/p>\n\n\n\n<p>Destinado a personas sin movilidad que requieran utilizar escaleras y no puedan hacerlo por sus propios medios.<\/p>\n\n\n\n<p>Se requiere de un espacio suficiente en la escalera para realizar las maniobras, as\u00ed como para su instalaci\u00f3n. Ser\u00e1 el equipo t\u00e9cnico de la Cruz Roja, o en su defecto un operario especializado, quien se encargue del manejo de la escala m\u00f3vil.<\/p>\n\n\n\n<p>Para solicitarlo directamente en las dependencias de la Cruz Roja o a trav\u00e9s de los Servicios Sociales Municipales.<\/p>\n\n\n\n<p>Cruz Roja Local.<\/p>\n\n\n\n<p>C\/ Santa B\u00e1rbara, 5-bajo Tel.96 151 92 91<\/p>\n\n\n\n<p>Esta prestaci\u00f3n se realiza a trav\u00e9s de un convenio del ayuntamiento con Cruz Roja Local.<\/p>\n\n\n\n<h2 class=\"wp-block-heading\">CENTRO DE OCIO MENORES CON DISCAPACIDAD<\/h2>\n\n\n\n<p>Centro de respiro para las familias con ni\u00f1os\/as con discapacidad f\u00edsica, ps\u00edquica o intelectual.<\/p>\n\n\n\n<p>Personal especializado atiende esta poblaci\u00f3n tres tardes en la semana y las fiestas de Navidad, Pascua y verano.<\/p>\n\n\n\n<h2 class=\"wp-block-heading\">AULA DE ESTIMULACI\u00d3N TEMPRANA<\/h2>\n\n\n\n<p>Servicio de atenci\u00f3n a menores entre 3 y 12 a\u00f1os por medio de actividades para potenciar la estimulaci\u00f3n sensorial, cognitiva y motora. Servicio de ayuda familiar. Est\u00e1 ubicado en el Centro Matilde Salvador. La derivaci\u00f3n se hace a trav\u00e9s de los servicios sociales. &nbsp;<\/p>\n<\/div>\n<\/div>\n","protected":false},"excerpt":{"rendered":"<p>Discapacidad Bajo esta denominaci\u00f3n se incluyen los servicios y programas que se dirigen a personas con discapacidad, ya sea esta por causas f\u00edsicas, ps\u00edquicas, sensoriales y\/o mentales. Reconocimiento de discapacidad <a class=\"text-decoration-none text-black\" href=\"https:\/\/aldaia.es\/es\/servicios-sociales-e-igualdad\/discapacidad\/\"> &#8230; <\/a><\/p>\n","protected":false},"author":42,"featured_media":0,"parent":27569,"menu_order":0,"comment_status":"closed","ping_status":"closed","template":"basic-page-departamentos.php","meta":{"_acf_changed":false,"footnotes":""},"class_list":["post-27678","page","type-page","status-publish","hentry"],"acf":[],"yoast_head":"<!-- This site is optimized with the Yoast SEO plugin v27.0 - https:\/\/yoast.com\/product\/yoast-seo-wordpress\/ -->\n<title>Departamento Servicios Sociales Discapacidad Ayuntamiento Aldaia<\/title>\n<meta name=\"description\" content=\"Servicio y programas que se dirigen a personas con discapacidad, ya sea esta por causas f\u00edsicas, ps\u00edquicas, sensoriales y\/o mentales.\" \/>\n<meta name=\"robots\" content=\"index, follow, max-snippet:-1, max-image-preview:large, max-video-preview:-1\" \/>\n<link rel=\"canonical\" href=\"https:\/\/aldaia.es\/es\/servicios-sociales-e-igualdad\/discapacidad\/\" \/>\n<meta property=\"og:locale\" content=\"es_ES\" \/>\n<meta property=\"og:type\" content=\"article\" \/>\n<meta property=\"og:title\" content=\"Departamento Servicios Sociales Discapacidad Ayuntamiento Aldaia\" \/>\n<meta property=\"og:description\" content=\"Servicio y programas que se dirigen a personas con discapacidad, ya sea esta por causas f\u00edsicas, ps\u00edquicas, sensoriales y\/o mentales.\" \/>\n<meta property=\"og:url\" content=\"https:\/\/aldaia.es\/es\/servicios-sociales-e-igualdad\/discapacidad\/\" \/>\n<meta property=\"og:site_name\" content=\"Ayuntamiento de Aldaia\" \/>\n<meta property=\"article:modified_time\" content=\"2025-04-24T11:24:29+00:00\" \/>\n<script type=\"application\/ld+json\" class=\"yoast-schema-graph\">{\"@context\":\"https:\/\/schema.org\",\"@graph\":[{\"@type\":\"WebPage\",\"@id\":\"https:\/\/aldaia.es\/es\/servicios-sociales-e-igualdad\/discapacidad\/\",\"url\":\"https:\/\/aldaia.es\/es\/servicios-sociales-e-igualdad\/discapacidad\/\",\"name\":\"Departamento Servicios Sociales Discapacidad Ayuntamiento Aldaia\",\"isPartOf\":{\"@id\":\"https:\/\/aldaia.es\/es\/#website\"},\"datePublished\":\"2024-05-23T07:44:23+00:00\",\"dateModified\":\"2025-04-24T11:24:29+00:00\",\"description\":\"Servicio y programas que se dirigen a personas con discapacidad, ya sea esta por causas f\u00edsicas, ps\u00edquicas, sensoriales y\/o mentales.\",\"breadcrumb\":{\"@id\":\"https:\/\/aldaia.es\/es\/servicios-sociales-e-igualdad\/discapacidad\/#breadcrumb\"},\"inLanguage\":\"es\",\"potentialAction\":[{\"@type\":\"ReadAction\",\"target\":[\"https:\/\/aldaia.es\/es\/servicios-sociales-e-igualdad\/discapacidad\/\"]}]},{\"@type\":\"BreadcrumbList\",\"@id\":\"https:\/\/aldaia.es\/es\/servicios-sociales-e-igualdad\/discapacidad\/#breadcrumb\",\"itemListElement\":[{\"@type\":\"ListItem\",\"position\":1,\"name\":\"Portada\",\"item\":\"https:\/\/aldaia.es\/es\/\"},{\"@type\":\"ListItem\",\"position\":2,\"name\":\"Servicios Sociales e Igualdad\",\"item\":\"https:\/\/aldaia.es\/es\/servicios-sociales-e-igualdad\/\"},{\"@type\":\"ListItem\",\"position\":3,\"name\":\"Discapacidad\"}]},{\"@type\":\"WebSite\",\"@id\":\"https:\/\/aldaia.es\/es\/#website\",\"url\":\"https:\/\/aldaia.es\/es\/\",\"name\":\"Ajuntament D'Aldaia\",\"description\":\"\",\"publisher\":{\"@id\":\"https:\/\/aldaia.es\/es\/#organization\"},\"alternateName\":\"Ajuntament D'Aldaia\",\"potentialAction\":[{\"@type\":\"SearchAction\",\"target\":{\"@type\":\"EntryPoint\",\"urlTemplate\":\"https:\/\/aldaia.es\/es\/?s={search_term_string}\"},\"query-input\":{\"@type\":\"PropertyValueSpecification\",\"valueRequired\":true,\"valueName\":\"search_term_string\"}}],\"inLanguage\":\"es\"},{\"@type\":\"Organization\",\"@id\":\"https:\/\/aldaia.es\/es\/#organization\",\"name\":\"Ajuntament D'Aldaia\",\"url\":\"https:\/\/aldaia.es\/es\/\",\"logo\":{\"@type\":\"ImageObject\",\"inLanguage\":\"es\",\"@id\":\"https:\/\/aldaia.es\/es\/#\/schema\/logo\/image\/\",\"url\":\"https:\/\/aldaia.es\/wp-content\/uploads\/2022\/06\/aldaia-negro-1.png\",\"contentUrl\":\"https:\/\/aldaia.es\/wp-content\/uploads\/2022\/06\/aldaia-negro-1.png\",\"width\":152,\"height\":70,\"caption\":\"Ajuntament D'Aldaia\"},\"image\":{\"@id\":\"https:\/\/aldaia.es\/es\/#\/schema\/logo\/image\/\"}}]}<\/script>\n<!-- \/ Yoast SEO plugin. -->","yoast_head_json":{"title":"Departamento Servicios Sociales Discapacidad Ayuntamiento Aldaia","description":"Servicio y programas que se dirigen a personas con discapacidad, ya sea esta por causas f\u00edsicas, ps\u00edquicas, sensoriales y\/o mentales.","robots":{"index":"index","follow":"follow","max-snippet":"max-snippet:-1","max-image-preview":"max-image-preview:large","max-video-preview":"max-video-preview:-1"},"canonical":"https:\/\/aldaia.es\/es\/servicios-sociales-e-igualdad\/discapacidad\/","og_locale":"es_ES","og_type":"article","og_title":"Departamento Servicios Sociales Discapacidad Ayuntamiento Aldaia","og_description":"Servicio y programas que se dirigen a personas con discapacidad, ya sea esta por causas f\u00edsicas, ps\u00edquicas, sensoriales y\/o mentales.","og_url":"https:\/\/aldaia.es\/es\/servicios-sociales-e-igualdad\/discapacidad\/","og_site_name":"Ayuntamiento de Aldaia","article_modified_time":"2025-04-24T11:24:29+00:00","schema":{"@context":"https:\/\/schema.org","@graph":[{"@type":"WebPage","@id":"https:\/\/aldaia.es\/es\/servicios-sociales-e-igualdad\/discapacidad\/","url":"https:\/\/aldaia.es\/es\/servicios-sociales-e-igualdad\/discapacidad\/","name":"Departamento Servicios Sociales Discapacidad Ayuntamiento Aldaia","isPartOf":{"@id":"https:\/\/aldaia.es\/es\/#website"},"datePublished":"2024-05-23T07:44:23+00:00","dateModified":"2025-04-24T11:24:29+00:00","description":"Servicio y programas que se dirigen a personas con discapacidad, ya sea esta por causas f\u00edsicas, ps\u00edquicas, sensoriales y\/o mentales.","breadcrumb":{"@id":"https:\/\/aldaia.es\/es\/servicios-sociales-e-igualdad\/discapacidad\/#breadcrumb"},"inLanguage":"es","potentialAction":[{"@type":"ReadAction","target":["https:\/\/aldaia.es\/es\/servicios-sociales-e-igualdad\/discapacidad\/"]}]},{"@type":"BreadcrumbList","@id":"https:\/\/aldaia.es\/es\/servicios-sociales-e-igualdad\/discapacidad\/#breadcrumb","itemListElement":[{"@type":"ListItem","position":1,"name":"Portada","item":"https:\/\/aldaia.es\/es\/"},{"@type":"ListItem","position":2,"name":"Servicios Sociales e Igualdad","item":"https:\/\/aldaia.es\/es\/servicios-sociales-e-igualdad\/"},{"@type":"ListItem","position":3,"name":"Discapacidad"}]},{"@type":"WebSite","@id":"https:\/\/aldaia.es\/es\/#website","url":"https:\/\/aldaia.es\/es\/","name":"Ajuntament D'Aldaia","description":"","publisher":{"@id":"https:\/\/aldaia.es\/es\/#organization"},"alternateName":"Ajuntament D'Aldaia","potentialAction":[{"@type":"SearchAction","target":{"@type":"EntryPoint","urlTemplate":"https:\/\/aldaia.es\/es\/?s={search_term_string}"},"query-input":{"@type":"PropertyValueSpecification","valueRequired":true,"valueName":"search_term_string"}}],"inLanguage":"es"},{"@type":"Organization","@id":"https:\/\/aldaia.es\/es\/#organization","name":"Ajuntament D'Aldaia","url":"https:\/\/aldaia.es\/es\/","logo":{"@type":"ImageObject","inLanguage":"es","@id":"https:\/\/aldaia.es\/es\/#\/schema\/logo\/image\/","url":"https:\/\/aldaia.es\/wp-content\/uploads\/2022\/06\/aldaia-negro-1.png","contentUrl":"https:\/\/aldaia.es\/wp-content\/uploads\/2022\/06\/aldaia-negro-1.png","width":152,"height":70,"caption":"Ajuntament D'Aldaia"},"image":{"@id":"https:\/\/aldaia.es\/es\/#\/schema\/logo\/image\/"}}]}},"_links":{"self":[{"href":"https:\/\/aldaia.es\/es\/wp-json\/wp\/v2\/pages\/27678","targetHints":{"allow":["GET"]}}],"collection":[{"href":"https:\/\/aldaia.es\/es\/wp-json\/wp\/v2\/pages"}],"about":[{"href":"https:\/\/aldaia.es\/es\/wp-json\/wp\/v2\/types\/page"}],"author":[{"embeddable":true,"href":"https:\/\/aldaia.es\/es\/wp-json\/wp\/v2\/users\/42"}],"replies":[{"embeddable":true,"href":"https:\/\/aldaia.es\/es\/wp-json\/wp\/v2\/comments?post=27678"}],"version-history":[{"count":8,"href":"https:\/\/aldaia.es\/es\/wp-json\/wp\/v2\/pages\/27678\/revisions"}],"predecessor-version":[{"id":37052,"href":"https:\/\/aldaia.es\/es\/wp-json\/wp\/v2\/pages\/27678\/revisions\/37052"}],"up":[{"embeddable":true,"href":"https:\/\/aldaia.es\/es\/wp-json\/wp\/v2\/pages\/27569"}],"wp:attachment":[{"href":"https:\/\/aldaia.es\/es\/wp-json\/wp\/v2\/media?parent=27678"}],"curies":[{"name":"wp","href":"https:\/\/api.w.org\/{rel}","templated":true}]}}