{"id":27691,"date":"2024-05-23T10:59:18","date_gmt":"2024-05-23T08:59:18","guid":{"rendered":"https:\/\/aldaia.es\/servicios-sociales-e-igualdad\/estrangeria\/"},"modified":"2024-10-03T13:51:00","modified_gmt":"2024-10-03T11:51:00","slug":"estrangeria","status":"publish","type":"page","link":"https:\/\/aldaia.es\/es\/servicios-sociales-e-igualdad\/estrangeria\/","title":{"rendered":"Extranjer\u00eda"},"content":{"rendered":"\n<div class=\"wp-block-columns dep-servicios is-layout-flex wp-container-core-columns-is-layout-9d6595d7 wp-block-columns-is-layout-flex\">\n<div class=\"wp-block-column is-layout-flow wp-block-column-is-layout-flow\" style=\"flex-basis:30%\"><!--  Info Servicios sociales -->\n\n \n    <div class='wrapper-departamentos bloque-infos-servicios-sociales'>\n        <p class=\"tit-bloque-infos\">Centro Amparo Navarro<\/p>\n            <div class='infos-departamento'>          \n                <p>Plaza de la Constituci\u00f3n, 14<br>46960 Aldaia Valencia<\/p>\n                <p><i class=\"fa fa-phone\" aria-hidden=\"true\"><\/i> 961 988 811<\/p>\n                <p><i class=\"fas fa-envelope\"><\/i> <a href=\"mailto:serveissocials@ajuntamentaldaia.org \">serveissocials@ajuntamentaldaia.org <\/a><\/p>\n                <p><strong>Horario:<\/strong><\/p>\n                <p>Lunes a viernes: de 9 a 14 horas. Lujes y jueves: de 16 a 18 horas.<\/p>\n            <\/div>           \n           \n        <div class='mapa-2'>\n            <iframe src='https:\/\/www.google.com\/maps\/embed?pb=!1m18!1m12!1m3!1d588.6666078659713!2d-0.4617810773955724!3d39.46487358669967!2m3!1f0!2f0!3f0!3m2!1i1024!2i768!4f13.1!3m3!1m2!1s0xd60503d626ee6fd%3A0xee35fc98ab29cac8!2zUGxhw6dhIENvbnN0aXR1Y2nDsywgMTQsIDQ2OTYwIEFsZGFpYSwgVmFsw6huY2lh!5e0!3m2!1ses!2ses!4v1717512910298!5m2!1ses!2ses'  width='100%' height='300' style='border:0;' allowfullscreen='' loading='lazy' referrerpolicy='no-referrer-when-downgrade'><\/iframe>\n        <\/div>\n    <\/div>\n   <!-- end bloque infos -->\n    \n\n\n<\/div>\n\n\n\n<div class=\"wp-block-column is-layout-flow wp-block-column-is-layout-flow\" style=\"flex-basis:70%\">\n<h1 class=\"wp-block-heading\">Extranjer\u00eda<\/h1>\n\n\n\n<p>Desde los servicios sociales de atenci\u00f3n primaria se atiende a toda la poblaci\u00f3n municipal, a trav\u00e9s de una atenci\u00f3n integrada, polivalente, de car\u00e1cter universal y gratuito.<\/p>\n\n\n\n<p>Se incluye de forma espec\u00edfica la realizaci\u00f3n de Informes sobre integraci\u00f3n social y de adecuaci\u00f3n de vivienda (es decir, informes de arraigo y reagrupaci\u00f3n familiar)<\/p>\n\n\n\n<p>Desde el servicio de asesor\u00eda t\u00e9cnica espec\u00edfica de los servicios sociales podr\u00e1s recibir atenci\u00f3n, informaci\u00f3n, asesoramiento y tramitaci\u00f3n de autorizaciones de residencia y\/o trabajo en concreto:<\/p>\n\n\n\n<ul class=\"wp-block-list\">\n<li>Enraizamiento familiar.<\/li>\n\n\n\n<li>Enraizamiento laboral.<\/li>\n\n\n\n<li>Enraizamiento social.<\/li>\n\n\n\n<li>Enraizamiento para la formaci\u00f3n.<\/li>\n\n\n\n<li>Autorizaciones de residencia para menores de edad, nacidos o no en Espa\u00f1a.<\/li>\n\n\n\n<li>Reagrupaciones familiares.&nbsp;<\/li>\n\n\n\n<li>Renovaciones de las autorizaciones de residencia y\/o trabajo temporal y de larga duraci\u00f3n.<\/li>\n\n\n\n<li>Tarjetas de familiares comunitarios de la Uni\u00f3n Europea.&nbsp;<\/li>\n\n\n\n<li>Informaci\u00f3n, asesoramiento y tramitaci\u00f3n de solicitudes de nacionalidad espa\u00f1ola.<\/li>\n\n\n\n<li>Informaci\u00f3n y asesoramiento sobre tr\u00e1mites de protecci\u00f3n internacional.<\/li>\n<\/ul>\n<\/div>\n<\/div>\n\n\n\n<div class=\"wp-block-columns is-layout-flex wp-container-core-columns-is-layout-9d6595d7 wp-block-columns-is-layout-flex\">\n<div class=\"wp-block-column lista_adjuntos is-layout-flow wp-block-column-is-layout-flow\">\n<h2 class=\"wp-block-heading display-4\">Enlaces<\/h2>\n\n\n\n<p><i class=\"fas fa-link\"><\/i> <a href=\"https:\/\/mpt.gob.es\/portal\/delegaciones_gobierno\/delegaciones\/comunidad_valenciana\/servicios\/extranjeria.html\" target=\"_blank\" rel=\"noreferrer noopener\">Extranjer\u00eda GVA<\/a><\/p>\n<\/div>\n<\/div>\n","protected":false},"excerpt":{"rendered":"<p>Extranjer\u00eda Desde los servicios sociales de atenci\u00f3n primaria se atiende a toda la poblaci\u00f3n municipal, a trav\u00e9s de una atenci\u00f3n integrada, polivalente, de car\u00e1cter universal y gratuito. Se incluye de <a class=\"text-decoration-none text-black\" href=\"https:\/\/aldaia.es\/es\/servicios-sociales-e-igualdad\/estrangeria\/\"> &#8230; <\/a><\/p>\n","protected":false},"author":42,"featured_media":0,"parent":27569,"menu_order":0,"comment_status":"closed","ping_status":"closed","template":"basic-page-departamentos.php","meta":{"_acf_changed":false,"footnotes":""},"class_list":["post-27691","page","type-page","status-publish","hentry"],"acf":[],"yoast_head":"<!-- This site is optimized with the Yoast SEO plugin v27.0 - https:\/\/yoast.com\/product\/yoast-seo-wordpress\/ -->\n<title>Departamento de Extranjer\u00eda del Ayuntamiento de Aldaia<\/title>\n<meta name=\"description\" content=\"Servicio de informaci\u00f3n, asesoramiento y tramitaci\u00f3n de solicitudes de nacionalidad espa\u00f1ola y enraizamiento familiar,laboral y social.\" \/>\n<meta name=\"robots\" content=\"index, follow, max-snippet:-1, max-image-preview:large, max-video-preview:-1\" \/>\n<link rel=\"canonical\" href=\"https:\/\/aldaia.es\/es\/servicios-sociales-e-igualdad\/estrangeria\/\" \/>\n<meta property=\"og:locale\" content=\"es_ES\" \/>\n<meta property=\"og:type\" content=\"article\" \/>\n<meta property=\"og:title\" content=\"Departamento de Extranjer\u00eda del Ayuntamiento de Aldaia\" \/>\n<meta property=\"og:description\" content=\"Servicio de informaci\u00f3n, asesoramiento y tramitaci\u00f3n de solicitudes de nacionalidad espa\u00f1ola y enraizamiento familiar,laboral y social.\" \/>\n<meta property=\"og:url\" content=\"https:\/\/aldaia.es\/es\/servicios-sociales-e-igualdad\/estrangeria\/\" \/>\n<meta property=\"og:site_name\" content=\"Ayuntamiento de Aldaia\" \/>\n<meta property=\"article:modified_time\" content=\"2024-10-03T11:51:00+00:00\" \/>\n<script type=\"application\/ld+json\" class=\"yoast-schema-graph\">{\"@context\":\"https:\/\/schema.org\",\"@graph\":[{\"@type\":\"WebPage\",\"@id\":\"https:\/\/aldaia.es\/es\/servicios-sociales-e-igualdad\/estrangeria\/\",\"url\":\"https:\/\/aldaia.es\/es\/servicios-sociales-e-igualdad\/estrangeria\/\",\"name\":\"Departamento de Extranjer\u00eda del Ayuntamiento de Aldaia\",\"isPartOf\":{\"@id\":\"https:\/\/aldaia.es\/es\/#website\"},\"datePublished\":\"2024-05-23T08:59:18+00:00\",\"dateModified\":\"2024-10-03T11:51:00+00:00\",\"description\":\"Servicio de informaci\u00f3n, asesoramiento y tramitaci\u00f3n de solicitudes de nacionalidad espa\u00f1ola y enraizamiento familiar,laboral y social.\",\"breadcrumb\":{\"@id\":\"https:\/\/aldaia.es\/es\/servicios-sociales-e-igualdad\/estrangeria\/#breadcrumb\"},\"inLanguage\":\"es\",\"potentialAction\":[{\"@type\":\"ReadAction\",\"target\":[\"https:\/\/aldaia.es\/es\/servicios-sociales-e-igualdad\/estrangeria\/\"]}]},{\"@type\":\"BreadcrumbList\",\"@id\":\"https:\/\/aldaia.es\/es\/servicios-sociales-e-igualdad\/estrangeria\/#breadcrumb\",\"itemListElement\":[{\"@type\":\"ListItem\",\"position\":1,\"name\":\"Portada\",\"item\":\"https:\/\/aldaia.es\/es\/\"},{\"@type\":\"ListItem\",\"position\":2,\"name\":\"Servicios Sociales e Igualdad\",\"item\":\"https:\/\/aldaia.es\/es\/servicios-sociales-e-igualdad\/\"},{\"@type\":\"ListItem\",\"position\":3,\"name\":\"Extranjer\u00eda\"}]},{\"@type\":\"WebSite\",\"@id\":\"https:\/\/aldaia.es\/es\/#website\",\"url\":\"https:\/\/aldaia.es\/es\/\",\"name\":\"Ajuntament D'Aldaia\",\"description\":\"\",\"publisher\":{\"@id\":\"https:\/\/aldaia.es\/es\/#organization\"},\"alternateName\":\"Ajuntament D'Aldaia\",\"potentialAction\":[{\"@type\":\"SearchAction\",\"target\":{\"@type\":\"EntryPoint\",\"urlTemplate\":\"https:\/\/aldaia.es\/es\/?s={search_term_string}\"},\"query-input\":{\"@type\":\"PropertyValueSpecification\",\"valueRequired\":true,\"valueName\":\"search_term_string\"}}],\"inLanguage\":\"es\"},{\"@type\":\"Organization\",\"@id\":\"https:\/\/aldaia.es\/es\/#organization\",\"name\":\"Ajuntament D'Aldaia\",\"url\":\"https:\/\/aldaia.es\/es\/\",\"logo\":{\"@type\":\"ImageObject\",\"inLanguage\":\"es\",\"@id\":\"https:\/\/aldaia.es\/es\/#\/schema\/logo\/image\/\",\"url\":\"https:\/\/aldaia.es\/wp-content\/uploads\/2022\/06\/aldaia-negro-1.png\",\"contentUrl\":\"https:\/\/aldaia.es\/wp-content\/uploads\/2022\/06\/aldaia-negro-1.png\",\"width\":152,\"height\":70,\"caption\":\"Ajuntament D'Aldaia\"},\"image\":{\"@id\":\"https:\/\/aldaia.es\/es\/#\/schema\/logo\/image\/\"}}]}<\/script>\n<!-- \/ Yoast SEO plugin. -->","yoast_head_json":{"title":"Departamento de Extranjer\u00eda del Ayuntamiento de Aldaia","description":"Servicio de informaci\u00f3n, asesoramiento y tramitaci\u00f3n de solicitudes de nacionalidad espa\u00f1ola y enraizamiento familiar,laboral y social.","robots":{"index":"index","follow":"follow","max-snippet":"max-snippet:-1","max-image-preview":"max-image-preview:large","max-video-preview":"max-video-preview:-1"},"canonical":"https:\/\/aldaia.es\/es\/servicios-sociales-e-igualdad\/estrangeria\/","og_locale":"es_ES","og_type":"article","og_title":"Departamento de Extranjer\u00eda del Ayuntamiento de Aldaia","og_description":"Servicio de informaci\u00f3n, asesoramiento y tramitaci\u00f3n de solicitudes de nacionalidad espa\u00f1ola y enraizamiento familiar,laboral y social.","og_url":"https:\/\/aldaia.es\/es\/servicios-sociales-e-igualdad\/estrangeria\/","og_site_name":"Ayuntamiento de Aldaia","article_modified_time":"2024-10-03T11:51:00+00:00","schema":{"@context":"https:\/\/schema.org","@graph":[{"@type":"WebPage","@id":"https:\/\/aldaia.es\/es\/servicios-sociales-e-igualdad\/estrangeria\/","url":"https:\/\/aldaia.es\/es\/servicios-sociales-e-igualdad\/estrangeria\/","name":"Departamento de Extranjer\u00eda del Ayuntamiento de Aldaia","isPartOf":{"@id":"https:\/\/aldaia.es\/es\/#website"},"datePublished":"2024-05-23T08:59:18+00:00","dateModified":"2024-10-03T11:51:00+00:00","description":"Servicio de informaci\u00f3n, asesoramiento y tramitaci\u00f3n de solicitudes de nacionalidad espa\u00f1ola y enraizamiento familiar,laboral y social.","breadcrumb":{"@id":"https:\/\/aldaia.es\/es\/servicios-sociales-e-igualdad\/estrangeria\/#breadcrumb"},"inLanguage":"es","potentialAction":[{"@type":"ReadAction","target":["https:\/\/aldaia.es\/es\/servicios-sociales-e-igualdad\/estrangeria\/"]}]},{"@type":"BreadcrumbList","@id":"https:\/\/aldaia.es\/es\/servicios-sociales-e-igualdad\/estrangeria\/#breadcrumb","itemListElement":[{"@type":"ListItem","position":1,"name":"Portada","item":"https:\/\/aldaia.es\/es\/"},{"@type":"ListItem","position":2,"name":"Servicios Sociales e Igualdad","item":"https:\/\/aldaia.es\/es\/servicios-sociales-e-igualdad\/"},{"@type":"ListItem","position":3,"name":"Extranjer\u00eda"}]},{"@type":"WebSite","@id":"https:\/\/aldaia.es\/es\/#website","url":"https:\/\/aldaia.es\/es\/","name":"Ajuntament D'Aldaia","description":"","publisher":{"@id":"https:\/\/aldaia.es\/es\/#organization"},"alternateName":"Ajuntament D'Aldaia","potentialAction":[{"@type":"SearchAction","target":{"@type":"EntryPoint","urlTemplate":"https:\/\/aldaia.es\/es\/?s={search_term_string}"},"query-input":{"@type":"PropertyValueSpecification","valueRequired":true,"valueName":"search_term_string"}}],"inLanguage":"es"},{"@type":"Organization","@id":"https:\/\/aldaia.es\/es\/#organization","name":"Ajuntament D'Aldaia","url":"https:\/\/aldaia.es\/es\/","logo":{"@type":"ImageObject","inLanguage":"es","@id":"https:\/\/aldaia.es\/es\/#\/schema\/logo\/image\/","url":"https:\/\/aldaia.es\/wp-content\/uploads\/2022\/06\/aldaia-negro-1.png","contentUrl":"https:\/\/aldaia.es\/wp-content\/uploads\/2022\/06\/aldaia-negro-1.png","width":152,"height":70,"caption":"Ajuntament D'Aldaia"},"image":{"@id":"https:\/\/aldaia.es\/es\/#\/schema\/logo\/image\/"}}]}},"_links":{"self":[{"href":"https:\/\/aldaia.es\/es\/wp-json\/wp\/v2\/pages\/27691","targetHints":{"allow":["GET"]}}],"collection":[{"href":"https:\/\/aldaia.es\/es\/wp-json\/wp\/v2\/pages"}],"about":[{"href":"https:\/\/aldaia.es\/es\/wp-json\/wp\/v2\/types\/page"}],"author":[{"embeddable":true,"href":"https:\/\/aldaia.es\/es\/wp-json\/wp\/v2\/users\/42"}],"replies":[{"embeddable":true,"href":"https:\/\/aldaia.es\/es\/wp-json\/wp\/v2\/comments?post=27691"}],"version-history":[{"count":10,"href":"https:\/\/aldaia.es\/es\/wp-json\/wp\/v2\/pages\/27691\/revisions"}],"predecessor-version":[{"id":33432,"href":"https:\/\/aldaia.es\/es\/wp-json\/wp\/v2\/pages\/27691\/revisions\/33432"}],"up":[{"embeddable":true,"href":"https:\/\/aldaia.es\/es\/wp-json\/wp\/v2\/pages\/27569"}],"wp:attachment":[{"href":"https:\/\/aldaia.es\/es\/wp-json\/wp\/v2\/media?parent=27691"}],"curies":[{"name":"wp","href":"https:\/\/api.w.org\/{rel}","templated":true}]}}