{"id":27718,"date":"2024-05-23T12:40:51","date_gmt":"2024-05-23T10:40:51","guid":{"rendered":"https:\/\/aldaia.es\/?page_id=27718"},"modified":"2024-10-02T12:43:20","modified_gmt":"2024-10-02T10:43:20","slug":"asesoramiento-juridico","status":"publish","type":"page","link":"https:\/\/aldaia.es\/es\/servicios-sociales-e-igualdad\/asesoramiento-juridico\/","title":{"rendered":"Asesoramiento Jur\u00eddico"},"content":{"rendered":"\n<div class=\"wp-block-columns dep-servicios is-layout-flex wp-container-core-columns-is-layout-9d6595d7 wp-block-columns-is-layout-flex\">\n<div class=\"wp-block-column is-layout-flow wp-block-column-is-layout-flow\" style=\"flex-basis:30%\"><!--  Info Servicios sociales -->\n\n \n    <div class='wrapper-departamentos bloque-infos-servicios-sociales'>\n        <p class=\"tit-bloque-infos\">Centro Amparo Navarro<\/p>\n            <div class='infos-departamento'>          \n                <p>Plaza de la Constituci\u00f3n, 14<br>46960 Aldaia Valencia<\/p>\n                <p><i class=\"fa fa-phone\" aria-hidden=\"true\"><\/i> 961 988 811<\/p>\n                <p><i class=\"fas fa-envelope\"><\/i> <a href=\"mailto:serveissocials@ajuntamentaldaia.org \">serveissocials@ajuntamentaldaia.org <\/a><\/p>\n                <p><strong>Horario:<\/strong><\/p>\n                <p>Lunes a viernes: de 9 a 14 horas. Lujes y jueves: de 16 a 18 horas.<\/p>\n            <\/div>           \n           \n        <div class='mapa-2'>\n            <iframe src='https:\/\/www.google.com\/maps\/embed?pb=!1m18!1m12!1m3!1d588.6666078659713!2d-0.4617810773955724!3d39.46487358669967!2m3!1f0!2f0!3f0!3m2!1i1024!2i768!4f13.1!3m3!1m2!1s0xd60503d626ee6fd%3A0xee35fc98ab29cac8!2zUGxhw6dhIENvbnN0aXR1Y2nDsywgMTQsIDQ2OTYwIEFsZGFpYSwgVmFsw6huY2lh!5e0!3m2!1ses!2ses!4v1717512910298!5m2!1ses!2ses'  width='100%' height='300' style='border:0;' allowfullscreen='' loading='lazy' referrerpolicy='no-referrer-when-downgrade'><\/iframe>\n        <\/div>\n    <\/div>\n   <!-- end bloque infos -->\n    \n\n\n<\/div>\n\n\n\n<div class=\"wp-block-column is-layout-flow wp-block-column-is-layout-flow\" style=\"flex-basis:70%\">\n<h1 class=\"wp-block-heading\">Asesoramiento Jur\u00eddico<\/h1>\n\n\n\n<h2 class=\"wp-block-heading\">1.- SERVICIO DE APOYO JUR\u00cdDICO DE SERVICIOS SOCIALES<\/h2>\n\n\n\n<p><strong>Este servicio forma par de los Servicios sociales de atenci\u00f3n primaria b\u00e1sica.&nbsp;<\/strong><\/p>\n\n\n\n<p>La unidad de apoyo jur\u00eddico presta servicios de atenci\u00f3n, asesoramiento, seguimiento, acompa\u00f1amiento y mediaci\u00f3n a todas las personas vecinas de la poblaci\u00f3n de Aldaia que es encuentran en situaci\u00f3n de vulnerabilidad o exclusi\u00f3n social en materia:&nbsp;<\/p>\n\n\n\n<ul class=\"wp-block-list\">\n<li>Civil: familia, divorcio, guarda y custodia, patria potestad, derecho hereditario, medidas de apoyo a personas en discapacidad, etc.&nbsp;&nbsp;<\/li>\n\n\n\n<li>Administrativo: recursos en materia de discapacidad, dependencia, reclamaciones previas en materia sociolaboral, pensiones, inembargabilidad de salarios, tramitaci\u00f3n voluntades anticipadas, reclamaciones ayudas de vivienda, etc.&nbsp;<\/li>\n\n\n\n<li>Penal: violencia de g\u00e9nero, violencia dom\u00e9stica, abusos sexuales, delitos de odio, vulneraci\u00f3n de derechos fundamentales, etc.&nbsp;<\/li>\n\n\n\n<li>Extranjer\u00eda: autorizaciones de residencia y trabajo, asilo, nacionalidad, etc.<\/li>\n\n\n\n<li>Sociolaboral: derechos laborales b\u00e1sicos, conciliaci\u00f3n de la vida laboral y familiar, seguridad social, incapacidades laborales permanentes, etc.&nbsp;<\/li>\n\n\n\n<li>Cualquier otra materia relacionada con el \u00e1mbito relacionado con Servicios Sociales.<\/li>\n<\/ul>\n\n\n\n<p>Lugar: Servicios Sociales, Centro Dones Amparo Navarro, Plaza Constituci\u00f3n n.\u00ba 14, Aldaia.<\/p>\n\n\n\n<p>Podr\u00e1 ser atendido por derivaci\u00f3n de su profesional de referencia de los servicios sociales o por propia iniciativa. Con cita previa.<\/p>\n\n\n\n<p>Telf: 961988811, correo: serveissocials@ajuntamentaldai.org<\/p>\n\n\n\n<h2 class=\"wp-block-heading\">2.-OTROS SERVICIOS DE ASESORAMIENTO JUR\u00cdDICO<\/h2>\n\n\n\n<p>La Generalitat y en concreto la Conselleria de Justicia ha puesto en marcha servicios de atenci\u00f3n y asesoramiento en materias jur\u00eddicas para acercar la justicia a la ciudadan\u00eda.<\/p>\n\n\n\n<p>Estos son: el JUSTPROP y el MEDIAPROP.<\/p>\n\n\n\n<p>El ayuntamiento de Aldaia ha considerado conveniente cooperar en este sentido con la dotaci\u00f3n de los medios necesarios.<\/p>\n\n\n\n<p><strong><strong>2.1.- SERVICIOS DE ORIENTACI\u00d3N JUR\u00cdDICA DE PROXIMIDAD (JUSTIPROP)<\/strong><\/strong><\/p>\n\n\n\n<p>Es un servicio de orientaci\u00f3n, asesoramiento e informaci\u00f3n jur\u00eddica, financiado por la Generalitat y prestado por profesionales de la abogac\u00eda en las dependencias que los ayuntamientos ponen a disposici\u00f3n de la ciudadan\u00eda.<\/p>\n\n\n\n<p>Cualquier persona puede recibir la asistencia y asesoramiento jur\u00eddico prestado por profesionales de los colegios de la Abogac\u00eda de la Comunidad Valenciana,&nbsp;<\/p>\n\n\n\n<p>independientemente del lugar de residencia, y especialmente, en las zonas menos pobladas.<\/p>\n\n\n\n<p>Los servicios que presta a la ciudadan\u00eda manera gratuita son:<\/p>\n\n\n\n<p>\u2022 Informaci\u00f3n en materia de acceso a la justicia, mediaci\u00f3n, asistencia a las v\u00edctimas del delito y protecci\u00f3n de los derechos.<\/p>\n\n\n\n<p>\u2022 Informaci\u00f3n sobre la ubicaci\u00f3n y datos de contacto de sedes judiciales, Oficinas de Asistencia a los V\u00edctimas del Delito, Oficinas de Denuncias y de Asistencia a los V\u00edctimas de Violencia de g\u00e9nero, Servicios de Orientaci\u00f3n y Mediaci\u00f3n (SOMOS); colegios profesionales de la abogac\u00eda y de la procura; centros sociales; Registro Civil y cualquier otra entidad que presto servicios relacionados con estas materias.<\/p>\n\n\n\n<p>\u2022 Informaci\u00f3n sobre recursos p\u00fablicos o privados para la protecci\u00f3n y defensa de los derechos e intereses leg\u00edtimos.<\/p>\n\n\n\n<p>\u2022 Informaci\u00f3n sobre tr\u00e1mites administrativos ante los Registros Civil, Mercantil y de la Propiedad.<\/p>\n\n\n\n<p>\u2022 Asesoramiento y orientaci\u00f3n jur\u00eddicos previos al proceso para reclamar la tutela judicial de los derechos e intereses, cuando tengan por objeto evitar el conflicto judicial o analizar la viabilidad de la pretensi\u00f3n.<\/p>\n\n\n\n<p>\u2022 Apoyo para realizar consultas electr\u00f3nicas de tr\u00e1mites judiciales o administrativos en materia de justicia y\/o administraci\u00f3n de justicia, en particular en materia de justicia gratuita, colaborando con los Servicios de Orientaci\u00f3n Jur\u00eddica, acceder en el estado de tramitaci\u00f3n de procesos judiciales y de los registros en los cuales tenga la condici\u00f3n de persona interesada, previa autorizaci\u00f3n.<\/p>\n\n\n\n<p>D\u00eda de prestaci\u00f3n del servicio: Viernes.&nbsp;<\/p>\n\n\n\n<p>Horario: De 9 a 13 h.<\/p>\n\n\n\n<p>Cita previa al tf.- 961988811<\/p>\n\n\n\n<p>Ubicaci\u00f3n: Centro Amparo Navarro \u2013 Plaza de la Constituci\u00f3n, 14 Aldaia<\/p>\n\n\n\n<p><strong><strong>2-2.- SERVICIO DE MEDIACI\u00d3N: MEDIAPROP<\/strong><\/strong><\/p>\n\n\n\n<p>La mediaci\u00f3n es una herramienta de gesti\u00f3n del conflicto que permite que, las personas interesadas buscan una soluci\u00f3n en su conflicto con la ayuda de un tercero, que es el mediador o mediadora. En otras palabras, los personas que acuden a la mediaci\u00f3n, comenzar\u00e1n un proceso de di\u00e1logo entre elles, con ayuda de un tercero, para encontrar puntos de acuerdo sobre el asunto objete de conflicto.<\/p>\n\n\n\n<p>Es trata de una alternativa a la v\u00eda judicial que puede servir para resolver los problemas de una forma mucho m\u00e1s r\u00e1pida y econ\u00f3mica, adem\u00e1s, dado su car\u00e1cter voluntario, participativo y dial\u00f3gico, permite restaurar las relaciones deterioradas.<\/p>\n\n\n\n<p>La mediaci\u00f3n es un proceso totalmente confidencial y los vecinos y las vecinas de Aldaia podr\u00e1n acercarse a informarse sin ning\u00fan compromiso. El servicio es totalmente gratuito y en una primera cita no es necesario que vengan todas las partes del conflicto.<\/p>\n\n\n\n<p>En el supuesto de que las partes est\u00e9n litigando en un proceso judicial, podr\u00e1n pedir conjuntamente la suspensi\u00f3n mientras dure el proceso de mediaci\u00f3n. Si los partes llegan a un acuerdo, este tendr\u00e1 que presentarse ante el juzgado para que sea validado. En caso de no ser posible el acuerdo, las partes podr\u00e1n continuar con el procedimiento judicial.<\/p>\n\n\n\n<p>Se ofrece atenci\u00f3n e informaci\u00f3n a la ciudadan\u00eda sobre la mediaci\u00f3n como alternativa al proceso judicial.&nbsp;<\/p>\n\n\n\n<p>Se facilitan espacios para hacer sesiones informativas y de mediaci\u00f3n, que son atendidas por personal especialidad.&nbsp;<\/p>\n\n\n\n<p>Cita previa al tf.- 961988811<\/p>\n\n\n\n<p>Ubicaci\u00f3n: Centro Amparo Navarro \u2013 Plaza de la Constituci\u00f3n, 14 Aldaia<\/p>\n<\/div>\n<\/div>\n\n\n\n<div class=\"wp-block-columns is-layout-flex wp-container-core-columns-is-layout-9d6595d7 wp-block-columns-is-layout-flex\">\n<div class=\"wp-block-column lista_adjuntos is-layout-flow wp-block-column-is-layout-flow\">\n<h2 class=\"wp-block-heading display-4\">Adjuntos<\/h2>\n\n\n\n<p><i class=\"far fa-file-pdf\"><\/i> <a href=\"https:\/\/aldaia.es\/wp-content\/uploads\/2023\/01\/proyecto_justiprop.pdf\" target=\"_blank\" rel=\"noreferrer noopener\">Proyecto Justiprop<\/a><\/p>\n\n\n\n<p><i class=\"far fa-file-pdf\"><\/i> <a href=\"https:\/\/aldaia.es\/wp-content\/uploads\/2023\/01\/que_es_justiprop.pdf\" target=\"_blank\" rel=\"noreferrer noopener\">Qu\u00e9 es Justiprop<\/a><\/p>\n\n\n\n<p><i class=\"far fa-file-pdf\"><\/i> <a href=\"https:\/\/aldaia.es\/wp-content\/uploads\/2023\/01\/folleto_medaprop_justiprop_fvm2100457d_folleto_bi_v08_003_1_0.pdf\" target=\"_blank\" rel=\"noreferrer noopener\">MediaProp<\/a><\/p>\n\n\n\n<h2 class=\"wp-block-heading display-4\">Enlaces<\/h2>\n\n\n\n<p><i class=\"fas fa-link\"><\/i> <a href=\"https:\/\/cjusticia.gva.es\/es\/web\/atencion-a-las-victimas\/justiprop\" target=\"_blank\" rel=\"noreferrer noopener\">M\u00e1s Informaci\u00f3n<\/a><\/p>\n<\/div>\n<\/div>\n","protected":false},"excerpt":{"rendered":"<p>Asesoramiento Jur\u00eddico 1.- SERVICIO DE APOYO JUR\u00cdDICO DE SERVICIOS SOCIALES Este servicio forma par de los Servicios sociales de atenci\u00f3n primaria b\u00e1sica.&nbsp; La unidad de apoyo jur\u00eddico presta servicios de <a class=\"text-decoration-none text-black\" href=\"https:\/\/aldaia.es\/es\/servicios-sociales-e-igualdad\/asesoramiento-juridico\/\"> &#8230; <\/a><\/p>\n","protected":false},"author":42,"featured_media":0,"parent":27569,"menu_order":0,"comment_status":"closed","ping_status":"closed","template":"basic-page-departamentos.php","meta":{"_acf_changed":false,"footnotes":""},"class_list":["post-27718","page","type-page","status-publish","hentry"],"acf":[],"yoast_head":"<!-- This site is optimized with the Yoast SEO plugin v27.0 - https:\/\/yoast.com\/product\/yoast-seo-wordpress\/ -->\n<title>Departamento Asesoramiento Jur\u00eddico Ayuntamiento de Aldaia<\/title>\n<meta name=\"description\" content=\"Proporcionamos apoyo jur\u00eddico a todas las personas vecinas de la poblaci\u00f3n de Aldaia en situaci\u00f3n de vulnerabilidad o exclusi\u00f3n social\" \/>\n<meta name=\"robots\" content=\"index, follow, max-snippet:-1, max-image-preview:large, max-video-preview:-1\" \/>\n<link rel=\"canonical\" href=\"https:\/\/aldaia.es\/es\/servicios-sociales-e-igualdad\/asesoramiento-juridico\/\" \/>\n<meta property=\"og:locale\" content=\"es_ES\" \/>\n<meta property=\"og:type\" content=\"article\" \/>\n<meta property=\"og:title\" content=\"Departamento Asesoramiento Jur\u00eddico Ayuntamiento de Aldaia\" \/>\n<meta property=\"og:description\" content=\"Proporcionamos apoyo jur\u00eddico a todas las personas vecinas de la poblaci\u00f3n de Aldaia en situaci\u00f3n de vulnerabilidad o exclusi\u00f3n social\" \/>\n<meta property=\"og:url\" content=\"https:\/\/aldaia.es\/es\/servicios-sociales-e-igualdad\/asesoramiento-juridico\/\" \/>\n<meta property=\"og:site_name\" content=\"Ayuntamiento de Aldaia\" \/>\n<meta property=\"article:modified_time\" content=\"2024-10-02T10:43:20+00:00\" \/>\n<script type=\"application\/ld+json\" class=\"yoast-schema-graph\">{\"@context\":\"https:\/\/schema.org\",\"@graph\":[{\"@type\":\"WebPage\",\"@id\":\"https:\/\/aldaia.es\/es\/servicios-sociales-e-igualdad\/asesoramiento-juridico\/\",\"url\":\"https:\/\/aldaia.es\/es\/servicios-sociales-e-igualdad\/asesoramiento-juridico\/\",\"name\":\"Departamento Asesoramiento Jur\u00eddico Ayuntamiento de Aldaia\",\"isPartOf\":{\"@id\":\"https:\/\/aldaia.es\/es\/#website\"},\"datePublished\":\"2024-05-23T10:40:51+00:00\",\"dateModified\":\"2024-10-02T10:43:20+00:00\",\"description\":\"Proporcionamos apoyo jur\u00eddico a todas las personas vecinas de la poblaci\u00f3n de Aldaia en situaci\u00f3n de vulnerabilidad o exclusi\u00f3n social\",\"breadcrumb\":{\"@id\":\"https:\/\/aldaia.es\/es\/servicios-sociales-e-igualdad\/asesoramiento-juridico\/#breadcrumb\"},\"inLanguage\":\"es\",\"potentialAction\":[{\"@type\":\"ReadAction\",\"target\":[\"https:\/\/aldaia.es\/es\/servicios-sociales-e-igualdad\/asesoramiento-juridico\/\"]}]},{\"@type\":\"BreadcrumbList\",\"@id\":\"https:\/\/aldaia.es\/es\/servicios-sociales-e-igualdad\/asesoramiento-juridico\/#breadcrumb\",\"itemListElement\":[{\"@type\":\"ListItem\",\"position\":1,\"name\":\"Portada\",\"item\":\"https:\/\/aldaia.es\/es\/\"},{\"@type\":\"ListItem\",\"position\":2,\"name\":\"Servicios Sociales e Igualdad\",\"item\":\"https:\/\/aldaia.es\/es\/servicios-sociales-e-igualdad\/\"},{\"@type\":\"ListItem\",\"position\":3,\"name\":\"Asesoramiento Jur\u00eddico\"}]},{\"@type\":\"WebSite\",\"@id\":\"https:\/\/aldaia.es\/es\/#website\",\"url\":\"https:\/\/aldaia.es\/es\/\",\"name\":\"Ajuntament D'Aldaia\",\"description\":\"\",\"publisher\":{\"@id\":\"https:\/\/aldaia.es\/es\/#organization\"},\"alternateName\":\"Ajuntament D'Aldaia\",\"potentialAction\":[{\"@type\":\"SearchAction\",\"target\":{\"@type\":\"EntryPoint\",\"urlTemplate\":\"https:\/\/aldaia.es\/es\/?s={search_term_string}\"},\"query-input\":{\"@type\":\"PropertyValueSpecification\",\"valueRequired\":true,\"valueName\":\"search_term_string\"}}],\"inLanguage\":\"es\"},{\"@type\":\"Organization\",\"@id\":\"https:\/\/aldaia.es\/es\/#organization\",\"name\":\"Ajuntament D'Aldaia\",\"url\":\"https:\/\/aldaia.es\/es\/\",\"logo\":{\"@type\":\"ImageObject\",\"inLanguage\":\"es\",\"@id\":\"https:\/\/aldaia.es\/es\/#\/schema\/logo\/image\/\",\"url\":\"https:\/\/aldaia.es\/wp-content\/uploads\/2022\/06\/aldaia-negro-1.png\",\"contentUrl\":\"https:\/\/aldaia.es\/wp-content\/uploads\/2022\/06\/aldaia-negro-1.png\",\"width\":152,\"height\":70,\"caption\":\"Ajuntament D'Aldaia\"},\"image\":{\"@id\":\"https:\/\/aldaia.es\/es\/#\/schema\/logo\/image\/\"}}]}<\/script>\n<!-- \/ Yoast SEO plugin. -->","yoast_head_json":{"title":"Departamento Asesoramiento Jur\u00eddico Ayuntamiento de Aldaia","description":"Proporcionamos apoyo jur\u00eddico a todas las personas vecinas de la poblaci\u00f3n de Aldaia en situaci\u00f3n de vulnerabilidad o exclusi\u00f3n social","robots":{"index":"index","follow":"follow","max-snippet":"max-snippet:-1","max-image-preview":"max-image-preview:large","max-video-preview":"max-video-preview:-1"},"canonical":"https:\/\/aldaia.es\/es\/servicios-sociales-e-igualdad\/asesoramiento-juridico\/","og_locale":"es_ES","og_type":"article","og_title":"Departamento Asesoramiento Jur\u00eddico Ayuntamiento de Aldaia","og_description":"Proporcionamos apoyo jur\u00eddico a todas las personas vecinas de la poblaci\u00f3n de Aldaia en situaci\u00f3n de vulnerabilidad o exclusi\u00f3n social","og_url":"https:\/\/aldaia.es\/es\/servicios-sociales-e-igualdad\/asesoramiento-juridico\/","og_site_name":"Ayuntamiento de Aldaia","article_modified_time":"2024-10-02T10:43:20+00:00","schema":{"@context":"https:\/\/schema.org","@graph":[{"@type":"WebPage","@id":"https:\/\/aldaia.es\/es\/servicios-sociales-e-igualdad\/asesoramiento-juridico\/","url":"https:\/\/aldaia.es\/es\/servicios-sociales-e-igualdad\/asesoramiento-juridico\/","name":"Departamento Asesoramiento Jur\u00eddico Ayuntamiento de Aldaia","isPartOf":{"@id":"https:\/\/aldaia.es\/es\/#website"},"datePublished":"2024-05-23T10:40:51+00:00","dateModified":"2024-10-02T10:43:20+00:00","description":"Proporcionamos apoyo jur\u00eddico a todas las personas vecinas de la poblaci\u00f3n de Aldaia en situaci\u00f3n de vulnerabilidad o exclusi\u00f3n social","breadcrumb":{"@id":"https:\/\/aldaia.es\/es\/servicios-sociales-e-igualdad\/asesoramiento-juridico\/#breadcrumb"},"inLanguage":"es","potentialAction":[{"@type":"ReadAction","target":["https:\/\/aldaia.es\/es\/servicios-sociales-e-igualdad\/asesoramiento-juridico\/"]}]},{"@type":"BreadcrumbList","@id":"https:\/\/aldaia.es\/es\/servicios-sociales-e-igualdad\/asesoramiento-juridico\/#breadcrumb","itemListElement":[{"@type":"ListItem","position":1,"name":"Portada","item":"https:\/\/aldaia.es\/es\/"},{"@type":"ListItem","position":2,"name":"Servicios Sociales e Igualdad","item":"https:\/\/aldaia.es\/es\/servicios-sociales-e-igualdad\/"},{"@type":"ListItem","position":3,"name":"Asesoramiento Jur\u00eddico"}]},{"@type":"WebSite","@id":"https:\/\/aldaia.es\/es\/#website","url":"https:\/\/aldaia.es\/es\/","name":"Ajuntament D'Aldaia","description":"","publisher":{"@id":"https:\/\/aldaia.es\/es\/#organization"},"alternateName":"Ajuntament D'Aldaia","potentialAction":[{"@type":"SearchAction","target":{"@type":"EntryPoint","urlTemplate":"https:\/\/aldaia.es\/es\/?s={search_term_string}"},"query-input":{"@type":"PropertyValueSpecification","valueRequired":true,"valueName":"search_term_string"}}],"inLanguage":"es"},{"@type":"Organization","@id":"https:\/\/aldaia.es\/es\/#organization","name":"Ajuntament D'Aldaia","url":"https:\/\/aldaia.es\/es\/","logo":{"@type":"ImageObject","inLanguage":"es","@id":"https:\/\/aldaia.es\/es\/#\/schema\/logo\/image\/","url":"https:\/\/aldaia.es\/wp-content\/uploads\/2022\/06\/aldaia-negro-1.png","contentUrl":"https:\/\/aldaia.es\/wp-content\/uploads\/2022\/06\/aldaia-negro-1.png","width":152,"height":70,"caption":"Ajuntament D'Aldaia"},"image":{"@id":"https:\/\/aldaia.es\/es\/#\/schema\/logo\/image\/"}}]}},"_links":{"self":[{"href":"https:\/\/aldaia.es\/es\/wp-json\/wp\/v2\/pages\/27718","targetHints":{"allow":["GET"]}}],"collection":[{"href":"https:\/\/aldaia.es\/es\/wp-json\/wp\/v2\/pages"}],"about":[{"href":"https:\/\/aldaia.es\/es\/wp-json\/wp\/v2\/types\/page"}],"author":[{"embeddable":true,"href":"https:\/\/aldaia.es\/es\/wp-json\/wp\/v2\/users\/42"}],"replies":[{"embeddable":true,"href":"https:\/\/aldaia.es\/es\/wp-json\/wp\/v2\/comments?post=27718"}],"version-history":[{"count":13,"href":"https:\/\/aldaia.es\/es\/wp-json\/wp\/v2\/pages\/27718\/revisions"}],"predecessor-version":[{"id":33395,"href":"https:\/\/aldaia.es\/es\/wp-json\/wp\/v2\/pages\/27718\/revisions\/33395"}],"up":[{"embeddable":true,"href":"https:\/\/aldaia.es\/es\/wp-json\/wp\/v2\/pages\/27569"}],"wp:attachment":[{"href":"https:\/\/aldaia.es\/es\/wp-json\/wp\/v2\/media?parent=27718"}],"curies":[{"name":"wp","href":"https:\/\/api.w.org\/{rel}","templated":true}]}}