{"id":27745,"date":"2024-05-23T12:57:21","date_gmt":"2024-05-23T10:57:21","guid":{"rendered":"https:\/\/aldaia.es\/servicios-sociales-e-igualdad\/diversitat-sexual\/"},"modified":"2025-04-24T13:28:45","modified_gmt":"2025-04-24T11:28:45","slug":"diversitat-sexual","status":"publish","type":"page","link":"https:\/\/aldaia.es\/es\/servicios-sociales-e-igualdad\/diversitat-sexual\/","title":{"rendered":"Diversidad sexual"},"content":{"rendered":"\n<div class=\"wp-block-columns dep-servicios is-layout-flex wp-container-core-columns-is-layout-9d6595d7 wp-block-columns-is-layout-flex\">\n<div class=\"wp-block-column is-layout-flow wp-block-column-is-layout-flow\" style=\"flex-basis:30%\"><!--  Info Servicios sociales -->\n\n \n    <div class='wrapper-departamentos bloque-infos-servicios-sociales'>\n        <p class=\"tit-bloque-infos\">Centro Coladors<\/p>\n        <div class='infos-departamento'>          \n            <p>Calle Coladors, 16<br>46960 Aldaia Valencia<\/p>\n            <p><i class=\"fa fa-phone\" aria-hidden=\"true\"><\/i> 961 988 811<\/p>\n            <p><i class=\"fa fa-phone\" aria-hidden=\"true\"><\/i> <a href=\"tel:+34961988811\">+34 961 988 811<\/a><\/p>\n            <p><i class=\"fas fa-envelope\"><\/i> <a href=\"mailto:serveissocials@ajuntamentaldaia.org \">serveissocials@ajuntamentaldaia.org <\/a><\/p>    \n            <p><strong>Horario:<\/strong><\/p>\n            <p>Lunes a viernes: de 9 a 14 horas. Lujes y jueves: de 16 a 18 horas.<\/p>      \n        <\/div>\n\n        <div class='mapa-1'>\n        <iframe src='https:\/\/www.google.com\/maps\/embed?pb=!1m18!1m12!1m3!1d6160.662930491161!2d-0.46871588132768194!3d39.46183988596237!2m3!1f0!2f0!3f0!3m2!1i1024!2i768!4f13.1!3m3!1m2!1s0xd6051dedd0ce773%3A0xd627ceb0166ca3d2!2sCentre%20Serveis%20Socials%20Coladors%20Aldaia!5e0!3m2!1ses!2sus!4v1716371829108!5m2!1ses!2sus' width='100%' height='300' style='border:0;' allowfullscreen='' loading='lazy' referrerpolicy='no-referrer-when-downgrade'><\/iframe>\n        <\/div>\n\n    <\/div>\n   <!-- end bloque infos -->\n\n    \n\n\n<\/div>\n\n\n\n<div class=\"wp-block-column is-layout-flow wp-block-column-is-layout-flow\" style=\"flex-basis:70%\">\n<h1 class=\"wp-block-heading\">Diversidad sexual<\/h1>\n\n\n\n<p>Los servicios sociales de atenci\u00f3n primaria b\u00e1sica tienen entre sus competencias atender a las personas, familias o colectivos de diversidad sexual.&nbsp;<\/p>\n\n\n\n<p>Adem\u00e1s de trabajar por los derechos de las personas con orientaciones sexuales diversas.&nbsp;<\/p>\n\n\n\n<p>Es el equipo de servicio sociales quien pondr\u00e1 en marcha el an\u00e1lisis de la realidad y el plan municipal LGTBI y har\u00e1 campa\u00f1as y acciones para detecci\u00f3n y prevenci\u00f3n de la homofobia y la transfobia, en cooperaci\u00f3n con los colectivos implicados.&nbsp;<\/p>\n\n\n\n<p>Contacte amb el departament de Serveis Contacte con el departamento de Servicios Sociales e igualdad i Igualtat &nbsp;<\/p>\n\n\n\n<p>C\/ Coladors 16. Tel\u00e9fono: 961988811, al correo:&nbsp;<\/p>\n\n\n\n<p>serveissocials@ajuntamentaldaia.org &nbsp; &nbsp; &nbsp; &nbsp; &nbsp; &nbsp; &nbsp; &nbsp;<\/p>\n\n\n\n<p><strong>Otros servicios<\/strong> que la Generalitat Valenciana ha concertado para atender estas cuestiones son:<\/p>\n\n\n\n<ul class=\"wp-block-list\">\n<li><strong>Servicio: \u00abArmari de la mem\u00f2ria\u00bb:<\/strong> Trabaja para crear archivo y biblioteca especializada en temas LGTBI y dar a conocer la informaci\u00f3n obtenida. Un archivo y un proyecto de difusi\u00f3n cultural para extender el conocimiento alrededor de la historia de las violencias, las luchas, el pensamiento o la cultura de la comunidad LGTBI, con especial atenci\u00f3n a la realidad espec\u00edficamente valenciana<\/li>\n<\/ul>\n\n\n\n<p>Tienen una oficina en toda la Comunidad y su correo de contacto es: <a href=\"mailto:larmari@gva.es\">larmari@gva.es<\/a><\/p>\n\n\n\n<ul class=\"wp-block-list\">\n<li><strong>Servicio: \u00abOrienta\u00bb.<\/strong> Es un servicio para la orientaci\u00f3n integral: psicol\u00f3gica, relacional y jur\u00eddica a personas LGTBI (Lesbianas, Gays, Transexuales, Bisexuales) y a sus familias, con especial atenci\u00f3n a j\u00f3venes y a personas con alguna discapacidad y su entorno, as\u00ed como facilitar la informaci\u00f3n o derivaci\u00f3n a otros recursos existentes de entidades p\u00fablicas o privadas, sobre cuestiones que puedan afectarles.<\/li>\n<\/ul>\n\n\n\n<p>Servicio Orienta de la Generalitat Valenciana, el tel\u00e9fono gratuito 900101015 o en el 963394668 de la sede de Val\u00e8ncia. Hay una oficina en cada provincia, para Val\u00e8ncia el correo de contacto es <a href=\"mailto:orienta-vic@gva.es\">orienta-vic@gva.es<\/a><\/p>\n\n\n\n<ul class=\"wp-block-list\">\n<li><strong>Servicio: \u00abIguala\u2019T<\/strong>\u00bb&nbsp;<\/li>\n<\/ul>\n\n\n\n<p>Servicio p\u00fablico de la Generalitat Valenciana de informaci\u00f3n, asesoramiento y orientaci\u00f3n a las v\u00edctimas de situaciones discriminatorias y delitos de odio.<\/p>\n\n\n\n<p>Trabaja los delitos de odio en distintos colectivos (discapacidad, migrante, etnia gitana, LGTBI, enfermedades raras, pobreza, minor\u00edas religiosas y ling\u00fc\u00edsticas. El tel\u00e9fono de contacto es 900.108.655 y el correo <a href=\"mailto:igualat@gva.es\">igualat@gva.es<\/a>.<\/p>\n\n\n\n<p>&nbsp;Solo atienden v\u00eda telef\u00f3nica y correo electr\u00f3nico.<\/p>\n<\/div>\n<\/div>\n\n\n\n<div class=\"wp-block-columns lista_adjuntos is-layout-flex wp-container-core-columns-is-layout-9d6595d7 wp-block-columns-is-layout-flex\">\n<div class=\"wp-block-column is-layout-flow wp-block-column-is-layout-flow\">\n<h2 class=\"wp-block-heading display-4\">Adjuntos<\/h2>\n\n\n\n<p><i class=\"fas fa-file-pdf\"><\/i> <a href=\"https:\/\/aldaia.es\/wp-content\/uploads\/2023\/01\/fullet_orienta.pdf\" target=\"_blank\" rel=\"noreferrer noopener\">Informaci\u00f3n sobre las oficinas Orienta<\/a><\/p>\n<\/div>\n<\/div>\n","protected":false},"excerpt":{"rendered":"<p>Diversidad sexual Los servicios sociales de atenci\u00f3n primaria b\u00e1sica tienen entre sus competencias atender a las personas, familias o colectivos de diversidad sexual.&nbsp; Adem\u00e1s de trabajar por los derechos de <a class=\"text-decoration-none text-black\" href=\"https:\/\/aldaia.es\/es\/servicios-sociales-e-igualdad\/diversitat-sexual\/\"> &#8230; <\/a><\/p>\n","protected":false},"author":42,"featured_media":0,"parent":27569,"menu_order":0,"comment_status":"closed","ping_status":"closed","template":"basic-page-departamentos.php","meta":{"_acf_changed":false,"footnotes":""},"class_list":["post-27745","page","type-page","status-publish","hentry"],"acf":[],"yoast_head":"<!-- This site is optimized with the Yoast SEO plugin v27.0 - https:\/\/yoast.com\/product\/yoast-seo-wordpress\/ -->\n<title>Departament Diversidad sexual del Ayuntamiento de Aldaia<\/title>\n<meta name=\"description\" content=\"Servicios para atender a las personas familias o colectivos de diversidad sexual as\u00ed como detectar y prevenir la homofobia y la transfobia\" \/>\n<meta name=\"robots\" content=\"index, follow, max-snippet:-1, max-image-preview:large, max-video-preview:-1\" \/>\n<link rel=\"canonical\" href=\"https:\/\/aldaia.es\/es\/servicios-sociales-e-igualdad\/diversitat-sexual\/\" \/>\n<meta property=\"og:locale\" content=\"es_ES\" \/>\n<meta property=\"og:type\" content=\"article\" \/>\n<meta property=\"og:title\" content=\"Departament Diversidad sexual del Ayuntamiento de Aldaia\" \/>\n<meta property=\"og:description\" content=\"Servicios para atender a las personas familias o colectivos de diversidad sexual as\u00ed como detectar y prevenir la homofobia y la transfobia\" \/>\n<meta property=\"og:url\" content=\"https:\/\/aldaia.es\/es\/servicios-sociales-e-igualdad\/diversitat-sexual\/\" \/>\n<meta property=\"og:site_name\" content=\"Ayuntamiento de Aldaia\" \/>\n<meta property=\"article:modified_time\" content=\"2025-04-24T11:28:45+00:00\" \/>\n<script type=\"application\/ld+json\" class=\"yoast-schema-graph\">{\"@context\":\"https:\/\/schema.org\",\"@graph\":[{\"@type\":\"WebPage\",\"@id\":\"https:\/\/aldaia.es\/es\/servicios-sociales-e-igualdad\/diversitat-sexual\/\",\"url\":\"https:\/\/aldaia.es\/es\/servicios-sociales-e-igualdad\/diversitat-sexual\/\",\"name\":\"Departament Diversidad sexual del Ayuntamiento de Aldaia\",\"isPartOf\":{\"@id\":\"https:\/\/aldaia.es\/es\/#website\"},\"datePublished\":\"2024-05-23T10:57:21+00:00\",\"dateModified\":\"2025-04-24T11:28:45+00:00\",\"description\":\"Servicios para atender a las personas familias o colectivos de diversidad sexual as\u00ed como detectar y prevenir la homofobia y la transfobia\",\"breadcrumb\":{\"@id\":\"https:\/\/aldaia.es\/es\/servicios-sociales-e-igualdad\/diversitat-sexual\/#breadcrumb\"},\"inLanguage\":\"es\",\"potentialAction\":[{\"@type\":\"ReadAction\",\"target\":[\"https:\/\/aldaia.es\/es\/servicios-sociales-e-igualdad\/diversitat-sexual\/\"]}]},{\"@type\":\"BreadcrumbList\",\"@id\":\"https:\/\/aldaia.es\/es\/servicios-sociales-e-igualdad\/diversitat-sexual\/#breadcrumb\",\"itemListElement\":[{\"@type\":\"ListItem\",\"position\":1,\"name\":\"Portada\",\"item\":\"https:\/\/aldaia.es\/es\/\"},{\"@type\":\"ListItem\",\"position\":2,\"name\":\"Servicios Sociales e Igualdad\",\"item\":\"https:\/\/aldaia.es\/es\/servicios-sociales-e-igualdad\/\"},{\"@type\":\"ListItem\",\"position\":3,\"name\":\"Diversidad sexual\"}]},{\"@type\":\"WebSite\",\"@id\":\"https:\/\/aldaia.es\/es\/#website\",\"url\":\"https:\/\/aldaia.es\/es\/\",\"name\":\"Ajuntament D'Aldaia\",\"description\":\"\",\"publisher\":{\"@id\":\"https:\/\/aldaia.es\/es\/#organization\"},\"alternateName\":\"Ajuntament D'Aldaia\",\"potentialAction\":[{\"@type\":\"SearchAction\",\"target\":{\"@type\":\"EntryPoint\",\"urlTemplate\":\"https:\/\/aldaia.es\/es\/?s={search_term_string}\"},\"query-input\":{\"@type\":\"PropertyValueSpecification\",\"valueRequired\":true,\"valueName\":\"search_term_string\"}}],\"inLanguage\":\"es\"},{\"@type\":\"Organization\",\"@id\":\"https:\/\/aldaia.es\/es\/#organization\",\"name\":\"Ajuntament D'Aldaia\",\"url\":\"https:\/\/aldaia.es\/es\/\",\"logo\":{\"@type\":\"ImageObject\",\"inLanguage\":\"es\",\"@id\":\"https:\/\/aldaia.es\/es\/#\/schema\/logo\/image\/\",\"url\":\"https:\/\/aldaia.es\/wp-content\/uploads\/2022\/06\/aldaia-negro-1.png\",\"contentUrl\":\"https:\/\/aldaia.es\/wp-content\/uploads\/2022\/06\/aldaia-negro-1.png\",\"width\":152,\"height\":70,\"caption\":\"Ajuntament D'Aldaia\"},\"image\":{\"@id\":\"https:\/\/aldaia.es\/es\/#\/schema\/logo\/image\/\"}}]}<\/script>\n<!-- \/ Yoast SEO plugin. -->","yoast_head_json":{"title":"Departament Diversidad sexual del Ayuntamiento de Aldaia","description":"Servicios para atender a las personas familias o colectivos de diversidad sexual as\u00ed como detectar y prevenir la homofobia y la transfobia","robots":{"index":"index","follow":"follow","max-snippet":"max-snippet:-1","max-image-preview":"max-image-preview:large","max-video-preview":"max-video-preview:-1"},"canonical":"https:\/\/aldaia.es\/es\/servicios-sociales-e-igualdad\/diversitat-sexual\/","og_locale":"es_ES","og_type":"article","og_title":"Departament Diversidad sexual del Ayuntamiento de Aldaia","og_description":"Servicios para atender a las personas familias o colectivos de diversidad sexual as\u00ed como detectar y prevenir la homofobia y la transfobia","og_url":"https:\/\/aldaia.es\/es\/servicios-sociales-e-igualdad\/diversitat-sexual\/","og_site_name":"Ayuntamiento de Aldaia","article_modified_time":"2025-04-24T11:28:45+00:00","schema":{"@context":"https:\/\/schema.org","@graph":[{"@type":"WebPage","@id":"https:\/\/aldaia.es\/es\/servicios-sociales-e-igualdad\/diversitat-sexual\/","url":"https:\/\/aldaia.es\/es\/servicios-sociales-e-igualdad\/diversitat-sexual\/","name":"Departament Diversidad sexual del Ayuntamiento de Aldaia","isPartOf":{"@id":"https:\/\/aldaia.es\/es\/#website"},"datePublished":"2024-05-23T10:57:21+00:00","dateModified":"2025-04-24T11:28:45+00:00","description":"Servicios para atender a las personas familias o colectivos de diversidad sexual as\u00ed como detectar y prevenir la homofobia y la transfobia","breadcrumb":{"@id":"https:\/\/aldaia.es\/es\/servicios-sociales-e-igualdad\/diversitat-sexual\/#breadcrumb"},"inLanguage":"es","potentialAction":[{"@type":"ReadAction","target":["https:\/\/aldaia.es\/es\/servicios-sociales-e-igualdad\/diversitat-sexual\/"]}]},{"@type":"BreadcrumbList","@id":"https:\/\/aldaia.es\/es\/servicios-sociales-e-igualdad\/diversitat-sexual\/#breadcrumb","itemListElement":[{"@type":"ListItem","position":1,"name":"Portada","item":"https:\/\/aldaia.es\/es\/"},{"@type":"ListItem","position":2,"name":"Servicios Sociales e Igualdad","item":"https:\/\/aldaia.es\/es\/servicios-sociales-e-igualdad\/"},{"@type":"ListItem","position":3,"name":"Diversidad sexual"}]},{"@type":"WebSite","@id":"https:\/\/aldaia.es\/es\/#website","url":"https:\/\/aldaia.es\/es\/","name":"Ajuntament D'Aldaia","description":"","publisher":{"@id":"https:\/\/aldaia.es\/es\/#organization"},"alternateName":"Ajuntament D'Aldaia","potentialAction":[{"@type":"SearchAction","target":{"@type":"EntryPoint","urlTemplate":"https:\/\/aldaia.es\/es\/?s={search_term_string}"},"query-input":{"@type":"PropertyValueSpecification","valueRequired":true,"valueName":"search_term_string"}}],"inLanguage":"es"},{"@type":"Organization","@id":"https:\/\/aldaia.es\/es\/#organization","name":"Ajuntament D'Aldaia","url":"https:\/\/aldaia.es\/es\/","logo":{"@type":"ImageObject","inLanguage":"es","@id":"https:\/\/aldaia.es\/es\/#\/schema\/logo\/image\/","url":"https:\/\/aldaia.es\/wp-content\/uploads\/2022\/06\/aldaia-negro-1.png","contentUrl":"https:\/\/aldaia.es\/wp-content\/uploads\/2022\/06\/aldaia-negro-1.png","width":152,"height":70,"caption":"Ajuntament D'Aldaia"},"image":{"@id":"https:\/\/aldaia.es\/es\/#\/schema\/logo\/image\/"}}]}},"_links":{"self":[{"href":"https:\/\/aldaia.es\/es\/wp-json\/wp\/v2\/pages\/27745","targetHints":{"allow":["GET"]}}],"collection":[{"href":"https:\/\/aldaia.es\/es\/wp-json\/wp\/v2\/pages"}],"about":[{"href":"https:\/\/aldaia.es\/es\/wp-json\/wp\/v2\/types\/page"}],"author":[{"embeddable":true,"href":"https:\/\/aldaia.es\/es\/wp-json\/wp\/v2\/users\/42"}],"replies":[{"embeddable":true,"href":"https:\/\/aldaia.es\/es\/wp-json\/wp\/v2\/comments?post=27745"}],"version-history":[{"count":8,"href":"https:\/\/aldaia.es\/es\/wp-json\/wp\/v2\/pages\/27745\/revisions"}],"predecessor-version":[{"id":37053,"href":"https:\/\/aldaia.es\/es\/wp-json\/wp\/v2\/pages\/27745\/revisions\/37053"}],"up":[{"embeddable":true,"href":"https:\/\/aldaia.es\/es\/wp-json\/wp\/v2\/pages\/27569"}],"wp:attachment":[{"href":"https:\/\/aldaia.es\/es\/wp-json\/wp\/v2\/media?parent=27745"}],"curies":[{"name":"wp","href":"https:\/\/api.w.org\/{rel}","templated":true}]}}