{"id":27812,"date":"2024-05-27T10:03:10","date_gmt":"2024-05-27T08:03:10","guid":{"rendered":"https:\/\/aldaia.es\/servicios-sociales-e-igualdad\/prevencio-c-addictives\/"},"modified":"2025-04-24T13:31:25","modified_gmt":"2025-04-24T11:31:25","slug":"prevencion-conductas-addictivas","status":"publish","type":"page","link":"https:\/\/aldaia.es\/es\/servicios-sociales-e-igualdad\/prevencion-conductas-addictivas\/","title":{"rendered":"Prevenci\u00f3n C.Adictivas"},"content":{"rendered":"\n<div class=\"wp-block-columns dep-servicios is-layout-flex wp-container-core-columns-is-layout-9d6595d7 wp-block-columns-is-layout-flex\">\n<div class=\"wp-block-column is-layout-flow wp-block-column-is-layout-flow\" style=\"flex-basis:30%\"><!--  Info Servicios sociales -->\n\n \n    <div class='wrapper-departamentos bloque-infos-servicios-sociales'>\n        <p class=\"tit-bloque-infos\">Centro Coladors<\/p>\n        <div class='infos-departamento'>          \n            <p>Calle Coladors, 16<br>46960 Aldaia Valencia<\/p>\n            <p><i class=\"fa fa-phone\" aria-hidden=\"true\"><\/i> 961 988 811<\/p>\n            <p><i class=\"fa fa-phone\" aria-hidden=\"true\"><\/i> <a href=\"tel:+34961988811\">+34 961 988 811<\/a><\/p>\n            <p><i class=\"fas fa-envelope\"><\/i> <a href=\"mailto:serveissocials@ajuntamentaldaia.org \">serveissocials@ajuntamentaldaia.org <\/a><\/p>    \n            <p><strong>Horario:<\/strong><\/p>\n            <p>Lunes a viernes: de 9 a 14 horas. Lujes y jueves: de 16 a 18 horas.<\/p>      \n        <\/div>\n\n        <div class='mapa-1'>\n        <iframe src='https:\/\/www.google.com\/maps\/embed?pb=!1m18!1m12!1m3!1d6160.662930491161!2d-0.46871588132768194!3d39.46183988596237!2m3!1f0!2f0!3f0!3m2!1i1024!2i768!4f13.1!3m3!1m2!1s0xd6051dedd0ce773%3A0xd627ceb0166ca3d2!2sCentre%20Serveis%20Socials%20Coladors%20Aldaia!5e0!3m2!1ses!2sus!4v1716371829108!5m2!1ses!2sus' width='100%' height='300' style='border:0;' allowfullscreen='' loading='lazy' referrerpolicy='no-referrer-when-downgrade'><\/iframe>\n        <\/div>\n\n    <\/div>\n   <!-- end bloque infos -->\n\n    \n\n\n<\/div>\n\n\n\n<div class=\"wp-block-column is-layout-flow wp-block-column-is-layout-flow\" style=\"flex-basis:70%\">\n<h1 class=\"wp-block-heading\">Prevenci\u00f3n de las conductas adictivas<\/h1>\n\n\n\n<p><strong>La Unidad de Prevenci\u00f3n en Conductas Adictivas (UPCCA)<\/strong> del Ayuntamiento de Aldaia es un servicio acreditado y subvencionado por la Conselleria de Sanidad Universal y Salud P\u00fablica, a disposici\u00f3n de la ciudadan\u00eda, el objetivo del cual es trabajar para prevenir las conductas adictivas t\u00f3xicas y tecnol\u00f3gicas (redes sociales, m\u00f3vil, internet, videojuegos, juegos-en l\u00ednea\u2026)<\/p>\n\n\n\n<p>Ofrece informaci\u00f3n en la poblaci\u00f3n general y potencia h\u00e1bitos de vida saludables y actividades alternativas al consumo de drogas y al abuso de las nuevas tecnolog\u00edas. Asesora a los diferentes profesionales de la comunidad (profesorado, personal sanitario, etc.) sobre todo en aquellos aspectos relacionados con la prevenci\u00f3n de las drogodependencias o conductas adictivas.<\/p>\n\n\n\n<h2 class=\"wp-block-heading\">SERVICIOS<\/h2>\n\n\n\n<ul class=\"wp-block-list\">\n<li>Informaci\u00f3n y orientaci\u00f3n espec\u00edfica a personas, familias y colectivos sociales, sobre la problem\u00e1tica de las conductas adictivas.<\/li>\n\n\n\n<li>Atenci\u00f3n, asesoramiento y orientaci\u00f3n a las personas y familias con problemas derivados del uso y abuso de drogas y el abuso de las nuevas tecnolog\u00edas.<\/li>\n\n\n\n<li>Formaci\u00f3n de mediadores sociales: profesores, polic\u00eda local, animadores juveniles, entrenadores deportivos\u2026<\/li>\n\n\n\n<li>Dise\u00f1o, elaboraci\u00f3n y ejecuci\u00f3n de programas dirigidos a las diferentes \u00e1reas: escolar, familiar, juvenil, comunitaria y formativa.<\/li>\n\n\n\n<li>Formaci\u00f3n y asesoramiento al profesorado en la aplicaci\u00f3n de programas de prevenci\u00f3n en el aula.<\/li>\n\n\n\n<li>Asesoramiento en las diferentes \u00e1reas municipales y entidades colaboradoras en la planificaci\u00f3n de actividades en el campo de las conductas adictivas.<\/li>\n\n\n\n<li>Sesiones formativas dirigidas a padres y madres.<\/li>\n\n\n\n<li>Campa\u00f1as de sensibilizaci\u00f3n comunitaria.<\/li>\n\n\n\n<li>Este servicio va dirigido potencialmente a toda la poblaci\u00f3n de Aldaia y Barrio de Cristo (extensi\u00f3n Salvador Gadea). Act\u00faa sobre colegios, institutos, familias y comunidades en general.<\/li>\n<\/ul>\n\n\n\n<h2 class=\"wp-block-heading\">GALER\u00cdA<\/h2>\n\n\n\n<figure class=\"wp-block-gallery has-nested-images columns-default is-cropped wp-block-gallery-1 is-layout-flex wp-block-gallery-is-layout-flex\">\n<figure class=\"wp-block-image\"><img loading=\"lazy\" decoding=\"async\" width=\"1080\" height=\"1080\" data-id=\"3321\" src=\"https:\/\/aldaia.es\/wp-content\/uploads\/2023\/01\/whatsapp_image_2022-11-11_at_07.40.4712_0.jpeg\" alt=\"\" class=\"wp-image-3321\" srcset=\"https:\/\/aldaia.es\/wp-content\/uploads\/2023\/01\/whatsapp_image_2022-11-11_at_07.40.4712_0.jpeg 1080w, https:\/\/aldaia.es\/wp-content\/uploads\/2023\/01\/whatsapp_image_2022-11-11_at_07.40.4712_0-300x300.jpeg 300w, https:\/\/aldaia.es\/wp-content\/uploads\/2023\/01\/whatsapp_image_2022-11-11_at_07.40.4712_0-1024x1024.jpeg 1024w, https:\/\/aldaia.es\/wp-content\/uploads\/2023\/01\/whatsapp_image_2022-11-11_at_07.40.4712_0-150x150.jpeg 150w, https:\/\/aldaia.es\/wp-content\/uploads\/2023\/01\/whatsapp_image_2022-11-11_at_07.40.4712_0-768x768.jpeg 768w, https:\/\/aldaia.es\/wp-content\/uploads\/2023\/01\/whatsapp_image_2022-11-11_at_07.40.4712_0-696x696.jpeg 696w, https:\/\/aldaia.es\/wp-content\/uploads\/2023\/01\/whatsapp_image_2022-11-11_at_07.40.4712_0-1068x1068.jpeg 1068w\" sizes=\"auto, (max-width: 1080px) 100vw, 1080px\" \/><\/figure>\n\n\n\n<figure class=\"wp-block-image\"><img loading=\"lazy\" decoding=\"async\" width=\"1080\" height=\"1080\" data-id=\"3321\" src=\"https:\/\/aldaia.es\/wp-content\/uploads\/2023\/01\/whatsapp_image_2022-11-11_at_07.40.4712_0.jpeg\" alt=\"\" class=\"wp-image-3321\" srcset=\"https:\/\/aldaia.es\/wp-content\/uploads\/2023\/01\/whatsapp_image_2022-11-11_at_07.40.4712_0.jpeg 1080w, https:\/\/aldaia.es\/wp-content\/uploads\/2023\/01\/whatsapp_image_2022-11-11_at_07.40.4712_0-300x300.jpeg 300w, https:\/\/aldaia.es\/wp-content\/uploads\/2023\/01\/whatsapp_image_2022-11-11_at_07.40.4712_0-1024x1024.jpeg 1024w, https:\/\/aldaia.es\/wp-content\/uploads\/2023\/01\/whatsapp_image_2022-11-11_at_07.40.4712_0-150x150.jpeg 150w, https:\/\/aldaia.es\/wp-content\/uploads\/2023\/01\/whatsapp_image_2022-11-11_at_07.40.4712_0-768x768.jpeg 768w, https:\/\/aldaia.es\/wp-content\/uploads\/2023\/01\/whatsapp_image_2022-11-11_at_07.40.4712_0-696x696.jpeg 696w, https:\/\/aldaia.es\/wp-content\/uploads\/2023\/01\/whatsapp_image_2022-11-11_at_07.40.4712_0-1068x1068.jpeg 1068w\" sizes=\"auto, (max-width: 1080px) 100vw, 1080px\" \/><\/figure>\n\n\n\n<figure class=\"wp-block-image\"><img loading=\"lazy\" decoding=\"async\" width=\"1080\" height=\"1080\" data-id=\"3322\" src=\"https:\/\/aldaia.es\/wp-content\/uploads\/2023\/01\/whatsapp_image_2022-11-11_at_07.40.479_0.jpeg\" alt=\"\" class=\"wp-image-3322\" srcset=\"https:\/\/aldaia.es\/wp-content\/uploads\/2023\/01\/whatsapp_image_2022-11-11_at_07.40.479_0.jpeg 1080w, https:\/\/aldaia.es\/wp-content\/uploads\/2023\/01\/whatsapp_image_2022-11-11_at_07.40.479_0-300x300.jpeg 300w, https:\/\/aldaia.es\/wp-content\/uploads\/2023\/01\/whatsapp_image_2022-11-11_at_07.40.479_0-1024x1024.jpeg 1024w, https:\/\/aldaia.es\/wp-content\/uploads\/2023\/01\/whatsapp_image_2022-11-11_at_07.40.479_0-150x150.jpeg 150w, https:\/\/aldaia.es\/wp-content\/uploads\/2023\/01\/whatsapp_image_2022-11-11_at_07.40.479_0-768x768.jpeg 768w, https:\/\/aldaia.es\/wp-content\/uploads\/2023\/01\/whatsapp_image_2022-11-11_at_07.40.479_0-696x696.jpeg 696w, https:\/\/aldaia.es\/wp-content\/uploads\/2023\/01\/whatsapp_image_2022-11-11_at_07.40.479_0-1068x1068.jpeg 1068w\" sizes=\"auto, (max-width: 1080px) 100vw, 1080px\" \/><\/figure>\n<\/figure>\n\n\n\n<figure class=\"wp-block-gallery has-nested-images columns-default is-cropped wp-block-gallery-2 is-layout-flex wp-block-gallery-is-layout-flex\">\n<figure class=\"wp-block-image\"><img loading=\"lazy\" decoding=\"async\" width=\"2480\" height=\"2480\" data-id=\"12511\" src=\"https:\/\/aldaia.es\/wp-content\/uploads\/2023\/05\/dipticoupcca2-2023_Mesa-de-trabajo-1-copia-17.jpg\" alt=\"\" class=\"wp-image-12511\" srcset=\"https:\/\/aldaia.es\/wp-content\/uploads\/2023\/05\/dipticoupcca2-2023_Mesa-de-trabajo-1-copia-17.jpg 2480w, https:\/\/aldaia.es\/wp-content\/uploads\/2023\/05\/dipticoupcca2-2023_Mesa-de-trabajo-1-copia-17-300x300.jpg 300w, https:\/\/aldaia.es\/wp-content\/uploads\/2023\/05\/dipticoupcca2-2023_Mesa-de-trabajo-1-copia-17-1024x1024.jpg 1024w, https:\/\/aldaia.es\/wp-content\/uploads\/2023\/05\/dipticoupcca2-2023_Mesa-de-trabajo-1-copia-17-150x150.jpg 150w, https:\/\/aldaia.es\/wp-content\/uploads\/2023\/05\/dipticoupcca2-2023_Mesa-de-trabajo-1-copia-17-768x768.jpg 768w, https:\/\/aldaia.es\/wp-content\/uploads\/2023\/05\/dipticoupcca2-2023_Mesa-de-trabajo-1-copia-17-1536x1536.jpg 1536w, https:\/\/aldaia.es\/wp-content\/uploads\/2023\/05\/dipticoupcca2-2023_Mesa-de-trabajo-1-copia-17-2048x2048.jpg 2048w, https:\/\/aldaia.es\/wp-content\/uploads\/2023\/05\/dipticoupcca2-2023_Mesa-de-trabajo-1-copia-17-696x696.jpg 696w, https:\/\/aldaia.es\/wp-content\/uploads\/2023\/05\/dipticoupcca2-2023_Mesa-de-trabajo-1-copia-17-1068x1068.jpg 1068w, https:\/\/aldaia.es\/wp-content\/uploads\/2023\/05\/dipticoupcca2-2023_Mesa-de-trabajo-1-copia-17-1920x1920.jpg 1920w\" sizes=\"auto, (max-width: 2480px) 100vw, 2480px\" \/><\/figure>\n\n\n\n<figure class=\"wp-block-image\"><img loading=\"lazy\" decoding=\"async\" width=\"2480\" height=\"2480\" data-id=\"12513\" src=\"https:\/\/aldaia.es\/wp-content\/uploads\/2023\/05\/dipticoupcca2-2023_Mesa-de-trabajo-1-copia-18_Mesa-de-trabajo-1-copia-18.jpg\" alt=\"\" class=\"wp-image-12513\" srcset=\"https:\/\/aldaia.es\/wp-content\/uploads\/2023\/05\/dipticoupcca2-2023_Mesa-de-trabajo-1-copia-18_Mesa-de-trabajo-1-copia-18.jpg 2480w, https:\/\/aldaia.es\/wp-content\/uploads\/2023\/05\/dipticoupcca2-2023_Mesa-de-trabajo-1-copia-18_Mesa-de-trabajo-1-copia-18-300x300.jpg 300w, https:\/\/aldaia.es\/wp-content\/uploads\/2023\/05\/dipticoupcca2-2023_Mesa-de-trabajo-1-copia-18_Mesa-de-trabajo-1-copia-18-1024x1024.jpg 1024w, https:\/\/aldaia.es\/wp-content\/uploads\/2023\/05\/dipticoupcca2-2023_Mesa-de-trabajo-1-copia-18_Mesa-de-trabajo-1-copia-18-150x150.jpg 150w, https:\/\/aldaia.es\/wp-content\/uploads\/2023\/05\/dipticoupcca2-2023_Mesa-de-trabajo-1-copia-18_Mesa-de-trabajo-1-copia-18-768x768.jpg 768w, https:\/\/aldaia.es\/wp-content\/uploads\/2023\/05\/dipticoupcca2-2023_Mesa-de-trabajo-1-copia-18_Mesa-de-trabajo-1-copia-18-1536x1536.jpg 1536w, https:\/\/aldaia.es\/wp-content\/uploads\/2023\/05\/dipticoupcca2-2023_Mesa-de-trabajo-1-copia-18_Mesa-de-trabajo-1-copia-18-2048x2048.jpg 2048w, https:\/\/aldaia.es\/wp-content\/uploads\/2023\/05\/dipticoupcca2-2023_Mesa-de-trabajo-1-copia-18_Mesa-de-trabajo-1-copia-18-696x696.jpg 696w, https:\/\/aldaia.es\/wp-content\/uploads\/2023\/05\/dipticoupcca2-2023_Mesa-de-trabajo-1-copia-18_Mesa-de-trabajo-1-copia-18-1068x1068.jpg 1068w, https:\/\/aldaia.es\/wp-content\/uploads\/2023\/05\/dipticoupcca2-2023_Mesa-de-trabajo-1-copia-18_Mesa-de-trabajo-1-copia-18-1920x1920.jpg 1920w\" sizes=\"auto, (max-width: 2480px) 100vw, 2480px\" \/><\/figure>\n<\/figure>\n\n\n\n<div class=\"wp-block-columns is-layout-flex wp-container-core-columns-is-layout-9d6595d7 wp-block-columns-is-layout-flex\">\n<div class=\"wp-block-column lista_adjuntos is-layout-flow wp-block-column-is-layout-flow\">\n<h2 class=\"wp-block-heading\">ADJUNTOS<\/h2>\n\n\n\n<p><i class=\"far fa-file-pdf\"><\/i><a href=\"https:\/\/aldaia.es\/wp-content\/uploads\/2023\/05\/Formacio-Sexualitat-converses-i-comunicacio-en-familia.pdf\">Formaci\u00f3n: Sexualidad, charlas y comunicaci\u00f3n en familia<\/a><\/p>\n\n\n\n<p><i class=\"far fa-file-word\"><\/i><a href=\"https:\/\/aldaia.es\/wp-content\/uploads\/2023\/01\/ii_plan_municipal_de_prevencion_de_adicciones_de_aldaia_2022-2025_web.docx\">II Plan de Prevenci\u00f3n de Adicciones Aldaia 2022-2025<\/a><\/p>\n\n\n\n<p><i class=\"far fa-file-pdf\"><\/i><a href=\"https:\/\/aldaia.es\/wp-content\/uploads\/2023\/01\/tic_en_temps_de_covid_19_maig.pdf\">TIC EN TIEMPO DE COVID 19<\/a><\/p>\n\n\n\n<p><i class=\"far fa-file-pdf\"><\/i><a href=\"https:\/\/aldaia.es\/wp-content\/uploads\/2023\/01\/plan_municipal.pdf\">Plan Municipal de Drogodependencias del Ayuntamiento de Aldaia 2017\/2020<\/a><\/p>\n\n\n\n<p><i class=\"far fa-file-pdf\"><\/i><a href=\"https:\/\/aldaia.es\/wp-content\/uploads\/2023\/01\/oferta_educativa_upcca_2016-2017.pdf\">Oferta educativa UPCCA 2016-2017<\/a><\/p>\n\n\n\n<p><i class=\"far fa-image\"><\/i><a href=\"https:\/\/aldaia.es\/wp-content\/uploads\/2023\/01\/dia_mundial_sin_juego.png\">DIA MUNDIAL SIN JUEGO<\/a><\/p>\n\n\n\n<p><i class=\"far fa-file-pdf\"><\/i><a href=\"https:\/\/aldaia.es\/wp-content\/uploads\/2023\/01\/articulo_no_te_la_juegues.pdf\">NO TE LA JUEGUES<\/a><\/p>\n\n\n\n<p><i class=\"far fa-file-pdf\"><\/i><a href=\"https:\/\/aldaia.es\/wp-content\/uploads\/2023\/01\/copia_de_poster_dia_mundial_sin_tabaco_definitiu.pdf\">31 de mayo DIA MUNDIAL SIN TABACO<\/a><\/p>\n\n\n\n<p><i class=\"far fa-file-pdf\"><\/i><a href=\"https:\/\/aldaia.es\/wp-content\/uploads\/2023\/01\/15_noviembre_dia_sin_alcohol_vis.pdf\">15 de noviembre DIA MUNDIAL SIN ALCOHOL<\/a><\/p>\n<\/div>\n<\/div>\n\n\n\n<p><a href=\"https:\/\/aldaia.es\/wp-content\/uploads\/2023\/01\/ii_plan_municipal_de_prevencion_de_adicciones_de_aldaia_2022-2025_web.docx\"><\/a><\/p>\n<\/div>\n<\/div>\n","protected":false},"excerpt":{"rendered":"<p>Prevenci\u00f3n de las conductas adictivas La Unidad de Prevenci\u00f3n en Conductas Adictivas (UPCCA) del Ayuntamiento de Aldaia es un servicio acreditado y subvencionado por la Conselleria de Sanidad Universal y <a class=\"text-decoration-none text-black\" href=\"https:\/\/aldaia.es\/es\/servicios-sociales-e-igualdad\/prevencion-conductas-addictivas\/\"> &#8230; <\/a><\/p>\n","protected":false},"author":42,"featured_media":0,"parent":27569,"menu_order":0,"comment_status":"closed","ping_status":"closed","template":"basic-page-departamentos.php","meta":{"_acf_changed":false,"footnotes":""},"class_list":["post-27812","page","type-page","status-publish","hentry"],"acf":[],"yoast_head":"<!-- This site is optimized with the Yoast SEO plugin v27.0 - https:\/\/yoast.com\/product\/yoast-seo-wordpress\/ -->\n<title>Departament Prevenci\u00f3 Conductes Addictives Ajuntament d\u2019Aldaia<\/title>\n<meta name=\"description\" content=\"Servicio para prevenir las conductas adictivas t\u00f3xicas y tecnol\u00f3gicas y potenciar h\u00e1bitos de vida saludables sin drogas ni adicciones.\" \/>\n<meta name=\"robots\" content=\"index, follow, max-snippet:-1, max-image-preview:large, max-video-preview:-1\" \/>\n<link rel=\"canonical\" href=\"https:\/\/aldaia.es\/es\/servicios-sociales-e-igualdad\/prevencion-conductas-addictivas\/\" \/>\n<meta property=\"og:locale\" content=\"es_ES\" \/>\n<meta property=\"og:type\" content=\"article\" \/>\n<meta property=\"og:title\" content=\"Departament Prevenci\u00f3 Conductes Addictives Ajuntament d\u2019Aldaia\" \/>\n<meta property=\"og:description\" content=\"Servicio para prevenir las conductas adictivas t\u00f3xicas y tecnol\u00f3gicas y potenciar h\u00e1bitos de vida saludables sin drogas ni adicciones.\" \/>\n<meta property=\"og:url\" content=\"https:\/\/aldaia.es\/es\/servicios-sociales-e-igualdad\/prevencion-conductas-addictivas\/\" \/>\n<meta property=\"og:site_name\" content=\"Ayuntamiento de Aldaia\" \/>\n<meta property=\"article:modified_time\" content=\"2025-04-24T11:31:25+00:00\" \/>\n<meta property=\"og:image\" content=\"https:\/\/aldaia.es\/wp-content\/uploads\/2023\/01\/whatsapp_image_2022-11-11_at_07.40.4712_0.jpeg\" \/>\n<script type=\"application\/ld+json\" class=\"yoast-schema-graph\">{\"@context\":\"https:\/\/schema.org\",\"@graph\":[{\"@type\":\"WebPage\",\"@id\":\"https:\/\/aldaia.es\/es\/servicios-sociales-e-igualdad\/prevencion-conductas-addictivas\/\",\"url\":\"https:\/\/aldaia.es\/es\/servicios-sociales-e-igualdad\/prevencion-conductas-addictivas\/\",\"name\":\"Departament Prevenci\u00f3 Conductes Addictives Ajuntament d\u2019Aldaia\",\"isPartOf\":{\"@id\":\"https:\/\/aldaia.es\/es\/#website\"},\"primaryImageOfPage\":{\"@id\":\"https:\/\/aldaia.es\/es\/servicios-sociales-e-igualdad\/prevencion-conductas-addictivas\/#primaryimage\"},\"image\":{\"@id\":\"https:\/\/aldaia.es\/es\/servicios-sociales-e-igualdad\/prevencion-conductas-addictivas\/#primaryimage\"},\"thumbnailUrl\":\"https:\/\/aldaia.es\/wp-content\/uploads\/2023\/01\/whatsapp_image_2022-11-11_at_07.40.4712_0.jpeg\",\"datePublished\":\"2024-05-27T08:03:10+00:00\",\"dateModified\":\"2025-04-24T11:31:25+00:00\",\"description\":\"Servicio para prevenir las conductas adictivas t\u00f3xicas y tecnol\u00f3gicas y potenciar h\u00e1bitos de vida saludables sin drogas ni adicciones.\",\"breadcrumb\":{\"@id\":\"https:\/\/aldaia.es\/es\/servicios-sociales-e-igualdad\/prevencion-conductas-addictivas\/#breadcrumb\"},\"inLanguage\":\"es\",\"potentialAction\":[{\"@type\":\"ReadAction\",\"target\":[\"https:\/\/aldaia.es\/es\/servicios-sociales-e-igualdad\/prevencion-conductas-addictivas\/\"]}]},{\"@type\":\"ImageObject\",\"inLanguage\":\"es\",\"@id\":\"https:\/\/aldaia.es\/es\/servicios-sociales-e-igualdad\/prevencion-conductas-addictivas\/#primaryimage\",\"url\":\"https:\/\/aldaia.es\/wp-content\/uploads\/2023\/01\/whatsapp_image_2022-11-11_at_07.40.4712_0.jpeg\",\"contentUrl\":\"https:\/\/aldaia.es\/wp-content\/uploads\/2023\/01\/whatsapp_image_2022-11-11_at_07.40.4712_0.jpeg\"},{\"@type\":\"BreadcrumbList\",\"@id\":\"https:\/\/aldaia.es\/es\/servicios-sociales-e-igualdad\/prevencion-conductas-addictivas\/#breadcrumb\",\"itemListElement\":[{\"@type\":\"ListItem\",\"position\":1,\"name\":\"Portada\",\"item\":\"https:\/\/aldaia.es\/es\/\"},{\"@type\":\"ListItem\",\"position\":2,\"name\":\"Servicios Sociales e Igualdad\",\"item\":\"https:\/\/aldaia.es\/es\/servicios-sociales-e-igualdad\/\"},{\"@type\":\"ListItem\",\"position\":3,\"name\":\"Prevenci\u00f3n C.Adictivas\"}]},{\"@type\":\"WebSite\",\"@id\":\"https:\/\/aldaia.es\/es\/#website\",\"url\":\"https:\/\/aldaia.es\/es\/\",\"name\":\"Ajuntament D'Aldaia\",\"description\":\"\",\"publisher\":{\"@id\":\"https:\/\/aldaia.es\/es\/#organization\"},\"alternateName\":\"Ajuntament D'Aldaia\",\"potentialAction\":[{\"@type\":\"SearchAction\",\"target\":{\"@type\":\"EntryPoint\",\"urlTemplate\":\"https:\/\/aldaia.es\/es\/?s={search_term_string}\"},\"query-input\":{\"@type\":\"PropertyValueSpecification\",\"valueRequired\":true,\"valueName\":\"search_term_string\"}}],\"inLanguage\":\"es\"},{\"@type\":\"Organization\",\"@id\":\"https:\/\/aldaia.es\/es\/#organization\",\"name\":\"Ajuntament D'Aldaia\",\"url\":\"https:\/\/aldaia.es\/es\/\",\"logo\":{\"@type\":\"ImageObject\",\"inLanguage\":\"es\",\"@id\":\"https:\/\/aldaia.es\/es\/#\/schema\/logo\/image\/\",\"url\":\"https:\/\/aldaia.es\/wp-content\/uploads\/2022\/06\/aldaia-negro-1.png\",\"contentUrl\":\"https:\/\/aldaia.es\/wp-content\/uploads\/2022\/06\/aldaia-negro-1.png\",\"width\":152,\"height\":70,\"caption\":\"Ajuntament D'Aldaia\"},\"image\":{\"@id\":\"https:\/\/aldaia.es\/es\/#\/schema\/logo\/image\/\"}}]}<\/script>\n<!-- \/ Yoast SEO plugin. -->","yoast_head_json":{"title":"Departament Prevenci\u00f3 Conductes Addictives Ajuntament d\u2019Aldaia","description":"Servicio para prevenir las conductas adictivas t\u00f3xicas y tecnol\u00f3gicas y potenciar h\u00e1bitos de vida saludables sin drogas ni adicciones.","robots":{"index":"index","follow":"follow","max-snippet":"max-snippet:-1","max-image-preview":"max-image-preview:large","max-video-preview":"max-video-preview:-1"},"canonical":"https:\/\/aldaia.es\/es\/servicios-sociales-e-igualdad\/prevencion-conductas-addictivas\/","og_locale":"es_ES","og_type":"article","og_title":"Departament Prevenci\u00f3 Conductes Addictives Ajuntament d\u2019Aldaia","og_description":"Servicio para prevenir las conductas adictivas t\u00f3xicas y tecnol\u00f3gicas y potenciar h\u00e1bitos de vida saludables sin drogas ni adicciones.","og_url":"https:\/\/aldaia.es\/es\/servicios-sociales-e-igualdad\/prevencion-conductas-addictivas\/","og_site_name":"Ayuntamiento de Aldaia","article_modified_time":"2025-04-24T11:31:25+00:00","og_image":[{"url":"https:\/\/aldaia.es\/wp-content\/uploads\/2023\/01\/whatsapp_image_2022-11-11_at_07.40.4712_0.jpeg","type":"","width":"","height":""}],"schema":{"@context":"https:\/\/schema.org","@graph":[{"@type":"WebPage","@id":"https:\/\/aldaia.es\/es\/servicios-sociales-e-igualdad\/prevencion-conductas-addictivas\/","url":"https:\/\/aldaia.es\/es\/servicios-sociales-e-igualdad\/prevencion-conductas-addictivas\/","name":"Departament Prevenci\u00f3 Conductes Addictives Ajuntament d\u2019Aldaia","isPartOf":{"@id":"https:\/\/aldaia.es\/es\/#website"},"primaryImageOfPage":{"@id":"https:\/\/aldaia.es\/es\/servicios-sociales-e-igualdad\/prevencion-conductas-addictivas\/#primaryimage"},"image":{"@id":"https:\/\/aldaia.es\/es\/servicios-sociales-e-igualdad\/prevencion-conductas-addictivas\/#primaryimage"},"thumbnailUrl":"https:\/\/aldaia.es\/wp-content\/uploads\/2023\/01\/whatsapp_image_2022-11-11_at_07.40.4712_0.jpeg","datePublished":"2024-05-27T08:03:10+00:00","dateModified":"2025-04-24T11:31:25+00:00","description":"Servicio para prevenir las conductas adictivas t\u00f3xicas y tecnol\u00f3gicas y potenciar h\u00e1bitos de vida saludables sin drogas ni adicciones.","breadcrumb":{"@id":"https:\/\/aldaia.es\/es\/servicios-sociales-e-igualdad\/prevencion-conductas-addictivas\/#breadcrumb"},"inLanguage":"es","potentialAction":[{"@type":"ReadAction","target":["https:\/\/aldaia.es\/es\/servicios-sociales-e-igualdad\/prevencion-conductas-addictivas\/"]}]},{"@type":"ImageObject","inLanguage":"es","@id":"https:\/\/aldaia.es\/es\/servicios-sociales-e-igualdad\/prevencion-conductas-addictivas\/#primaryimage","url":"https:\/\/aldaia.es\/wp-content\/uploads\/2023\/01\/whatsapp_image_2022-11-11_at_07.40.4712_0.jpeg","contentUrl":"https:\/\/aldaia.es\/wp-content\/uploads\/2023\/01\/whatsapp_image_2022-11-11_at_07.40.4712_0.jpeg"},{"@type":"BreadcrumbList","@id":"https:\/\/aldaia.es\/es\/servicios-sociales-e-igualdad\/prevencion-conductas-addictivas\/#breadcrumb","itemListElement":[{"@type":"ListItem","position":1,"name":"Portada","item":"https:\/\/aldaia.es\/es\/"},{"@type":"ListItem","position":2,"name":"Servicios Sociales e Igualdad","item":"https:\/\/aldaia.es\/es\/servicios-sociales-e-igualdad\/"},{"@type":"ListItem","position":3,"name":"Prevenci\u00f3n C.Adictivas"}]},{"@type":"WebSite","@id":"https:\/\/aldaia.es\/es\/#website","url":"https:\/\/aldaia.es\/es\/","name":"Ajuntament D'Aldaia","description":"","publisher":{"@id":"https:\/\/aldaia.es\/es\/#organization"},"alternateName":"Ajuntament D'Aldaia","potentialAction":[{"@type":"SearchAction","target":{"@type":"EntryPoint","urlTemplate":"https:\/\/aldaia.es\/es\/?s={search_term_string}"},"query-input":{"@type":"PropertyValueSpecification","valueRequired":true,"valueName":"search_term_string"}}],"inLanguage":"es"},{"@type":"Organization","@id":"https:\/\/aldaia.es\/es\/#organization","name":"Ajuntament D'Aldaia","url":"https:\/\/aldaia.es\/es\/","logo":{"@type":"ImageObject","inLanguage":"es","@id":"https:\/\/aldaia.es\/es\/#\/schema\/logo\/image\/","url":"https:\/\/aldaia.es\/wp-content\/uploads\/2022\/06\/aldaia-negro-1.png","contentUrl":"https:\/\/aldaia.es\/wp-content\/uploads\/2022\/06\/aldaia-negro-1.png","width":152,"height":70,"caption":"Ajuntament D'Aldaia"},"image":{"@id":"https:\/\/aldaia.es\/es\/#\/schema\/logo\/image\/"}}]}},"_links":{"self":[{"href":"https:\/\/aldaia.es\/es\/wp-json\/wp\/v2\/pages\/27812","targetHints":{"allow":["GET"]}}],"collection":[{"href":"https:\/\/aldaia.es\/es\/wp-json\/wp\/v2\/pages"}],"about":[{"href":"https:\/\/aldaia.es\/es\/wp-json\/wp\/v2\/types\/page"}],"author":[{"embeddable":true,"href":"https:\/\/aldaia.es\/es\/wp-json\/wp\/v2\/users\/42"}],"replies":[{"embeddable":true,"href":"https:\/\/aldaia.es\/es\/wp-json\/wp\/v2\/comments?post=27812"}],"version-history":[{"count":8,"href":"https:\/\/aldaia.es\/es\/wp-json\/wp\/v2\/pages\/27812\/revisions"}],"predecessor-version":[{"id":37055,"href":"https:\/\/aldaia.es\/es\/wp-json\/wp\/v2\/pages\/27812\/revisions\/37055"}],"up":[{"embeddable":true,"href":"https:\/\/aldaia.es\/es\/wp-json\/wp\/v2\/pages\/27569"}],"wp:attachment":[{"href":"https:\/\/aldaia.es\/es\/wp-json\/wp\/v2\/media?parent=27812"}],"curies":[{"name":"wp","href":"https:\/\/api.w.org\/{rel}","templated":true}]}}