{"id":27847,"date":"2024-05-27T12:19:10","date_gmt":"2024-05-27T10:19:10","guid":{"rendered":"https:\/\/aldaia.es\/servicios-sociales-e-igualdad\/majors\/"},"modified":"2025-04-24T13:21:11","modified_gmt":"2025-04-24T11:21:11","slug":"mayores","status":"publish","type":"page","link":"https:\/\/aldaia.es\/es\/servicios-sociales-e-igualdad\/mayores\/","title":{"rendered":"Mayores"},"content":{"rendered":"\n<div class=\"wp-block-columns dep-servicios is-layout-flex wp-container-core-columns-is-layout-9d6595d7 wp-block-columns-is-layout-flex\">\n<div class=\"wp-block-column is-layout-flow wp-block-column-is-layout-flow\" style=\"flex-basis:30%\"><!--  Info Servicios sociales -->\n\n \n    <div class='wrapper-departamentos bloque-infos-servicios-sociales'>\n        <p class=\"tit-bloque-infos\">Centro Coladors<\/p>\n        <div class='infos-departamento'>          \n            <p>Calle Coladors, 16<br>46960 Aldaia Valencia<\/p>\n            <p><i class=\"fa fa-phone\" aria-hidden=\"true\"><\/i> 961 988 811<\/p>\n            <p><i class=\"fa fa-phone\" aria-hidden=\"true\"><\/i> <a href=\"tel:+34961988811\">+34 961 988 811<\/a><\/p>\n            <p><i class=\"fas fa-envelope\"><\/i> <a href=\"mailto:serveissocials@ajuntamentaldaia.org \">serveissocials@ajuntamentaldaia.org <\/a><\/p>    \n            <p><strong>Horario:<\/strong><\/p>\n            <p>Lunes a viernes: de 9 a 14 horas. Lujes y jueves: de 16 a 18 horas.<\/p>      \n        <\/div>\n\n        <div class='mapa-1'>\n        <iframe src='https:\/\/www.google.com\/maps\/embed?pb=!1m18!1m12!1m3!1d6160.662930491161!2d-0.46871588132768194!3d39.46183988596237!2m3!1f0!2f0!3f0!3m2!1i1024!2i768!4f13.1!3m3!1m2!1s0xd6051dedd0ce773%3A0xd627ceb0166ca3d2!2sCentre%20Serveis%20Socials%20Coladors%20Aldaia!5e0!3m2!1ses!2sus!4v1716371829108!5m2!1ses!2sus' width='100%' height='300' style='border:0;' allowfullscreen='' loading='lazy' referrerpolicy='no-referrer-when-downgrade'><\/iframe>\n        <\/div>\n\n    <\/div>\n   <!-- end bloque infos -->\n\n    \n\n\n<\/div>\n\n\n\n<div class=\"wp-block-column is-layout-flow wp-block-column-is-layout-flow\" style=\"flex-basis:70%\">\n<h1 class=\"wp-block-heading\">Personas mayores: Promoci\u00f3n a la autonom\u00eda y atenci\u00f3n a la dependencia. <\/h1>\n\n\n\n<p>Dirigido a todas las personas mayores residentes en el municipio de Aldaia, con el fin de ofrecerles una serie de servicios municipales que faciliten la atenci\u00f3n de sus necesidades mediante servicios y programas.<\/p>\n\n\n\n<p><strong>OBJETIVOS<\/strong><\/p>\n\n\n\n<ul class=\"wp-block-list\">\n<li>Acercar y facilitar la igualdad de oportunidades, a trav\u00e9s de la informaci\u00f3n, orientaci\u00f3n y asesoramiento.<\/li>\n\n\n\n<li>Posibilitar un mayor conocimiento de las prestaciones sociales, culturales y socio-sanitarias.<\/li>\n\n\n\n<li>Estimular la participaci\u00f3n en la vida social y cultural de Aldaia.<\/li>\n<\/ul>\n\n\n\n<p><strong>COMPRENDE<\/strong><\/p>\n\n\n\n<ol class=\"wp-block-list\">\n<li>Servicios de atenci\u00f3n:&nbsp; servicio de ayuda a domicilio municipal y de dependencia, prop de tu, servicio de comidas, centro de d\u00eda de mayores, teleasistencia\u2026<\/li>\n\n\n\n<li>Servicios de ocio y cultura: club de ocio, semana cultural, cursos y talleres, deporte viajes organizados\u2026<\/li>\n\n\n\n<li>Prestaciones y ayudas econ\u00f3micas: pensiones, ayuda de dependencia, emergencia social\u2026<\/li>\n\n\n\n<li>Tramitaciones: tarjetas de aparcamiento, de transporte, reconocimiento de la discapacidad, residencias, centro de d\u00eda, dependencia\u2026<\/li>\n<\/ol>\n\n\n\n<p>Atenci\u00f3n a trav\u00e9s de cita previa en Servicios Sociales: C\/ Coladores 16-bajo.&nbsp; Tel: 96 198 88 11.<\/p>\n\n\n\n<h2 class=\"wp-block-heading\">PENSI\u00d3N NO CONTRIBUTIVA DE JUBILACI\u00d3N<\/h2>\n\n\n\n<p>Con el objetivo de proporcionar una prestaci\u00f3n econ\u00f3mica mensual y asistencia m\u00e9dico-farmac\u00e9utica gratuita a las personas que nunca hayan cotizado o lo hayan hecho de forma insuficiente.<\/p>\n\n\n\n<p><strong>PUEDEN SOLICITARLO<\/strong><\/p>\n\n\n\n<ul class=\"wp-block-list\">\n<li>Mayores de 65 a\u00f1os en la fecha de la solicitud.<\/li>\n\n\n\n<li>Residir legalmente en territorio espa\u00f1ol y haberlo hecho durante 10 a\u00f1os, entre la edad de 16 a\u00f1os y la edad de devengo de la pensi\u00f3n, de los cuales dos deber\u00e1n ser consecutivos e inmediatamente anteriores a la solicitud.<\/li>\n\n\n\n<li>Carecer de rentas o ingresos suficientes.<\/li>\n<\/ul>\n\n\n\n<h2 class=\"wp-block-heading\">SERVICIOS PERSONALES PARA LA AUTONOM\u00cdA: SAD Y PROP DE TU<\/h2>\n\n\n\n<p>Un elevado porcentaje de las personas mayores manifiestan situaciones de soledad significativas, este hecho que gener\u00f3 en la corporaci\u00f3n municipal la preocupaci\u00f3n por crear pol\u00edticas y servicios que garanticen el bienestar de este colectivo. Muy especialmente atender aquellas situaciones de soledad derivadas de falta de relaci\u00f3n, aislamiento por factores de movilidad (sea por falta de ascensores o por causas de diversidad funcional), perdida de familiares pr\u00f3ximos, deterioro de los v\u00ednculos de proximidad, etc. La soledad se vislumbra como el reto que m\u00e1s repercusi\u00f3n tiene sobre el bienestar de las personas en general y en especial de las mayores.<\/p>\n\n\n\n<p>Estos servicios ofrecen un conjunto de servicios de car\u00e1cter dom\u00e9stico, personal y socio-educativo en general a aquellas personas y familias que precisan una atenci\u00f3n en su domicilio, por su especial necesidad para la realizaci\u00f3n de actividades elementales de la vida diaria. Que completa con acompa\u00f1amientos y cuidado de relaci\u00f3n en el entorno. Procurando de este modelo la permanencia en su n\u00facleo familiar.<\/p>\n\n\n\n<p><strong>SERVICIOS QUE CUBREN<\/strong><\/p>\n\n\n\n<p>\u2022 Tareas de atenci\u00f3n al hogar.<\/p>\n\n\n\n<p>\u2022 Servicio de acompa\u00f1amiento.<\/p>\n\n\n\n<p>\u2022 Tasques d&#8217;atenci\u00f3 personal.<\/p>\n\n\n\n<p>\u2022 Tareas de relaci\u00f3n con el entorno.<\/p>\n\n\n\n<p>\u2022 Tareas de car\u00e1cter psico-social y educativo.<\/p>\n\n\n\n<h2 class=\"wp-block-heading\">SERVICIO DE TELEASISTENCIA DOMICILIARIA<\/h2>\n\n\n\n<p>Servicio de atenci\u00f3n telef\u00f3nica, a trav\u00e9s del cual la persona usuaria est\u00e1 atendiendo durante las 24 horas del d\u00eda, los 365 d\u00edas del a\u00f1o (a trav\u00e9s de un sistema de alarma), frente a cualquier situaci\u00f3n de emergencia o riesgo que ocurra dentro del domicilio, garantiz\u00e1ndole as\u00ed la atenci\u00f3n inmediata que precise.<\/p>\n\n\n\n<p>Pretende facilitar el contacto telef\u00f3nico y ofrecer el recurso adecuado si se producen situaciones de accidentes, ca\u00eddas, soledad, necesidad de recordar citas m\u00e9dicas o tomar la medicaci\u00f3n, emergencias dom\u00e9sticas, etc..<\/p>\n\n\n\n<p>El objetivo es ofrecer seguridad y tranquilidad a las personas mayores que viven solas o pasan gran parte del d\u00eda sin ninguna compa\u00f1\u00eda; as\u00ed como asegurar una intervenci\u00f3n inmediata por profesionales especializados en situaciones de urgencia.<\/p>\n\n\n\n<h2 class=\"wp-block-heading\">SERVICIO DE COMIDAS<\/h2>\n\n\n\n<p>Servicio dirigido a personas mayores que vivan solas para garantizar y mejorar su nutrici\u00f3n, con el objeto de:<\/p>\n\n\n\n<ul class=\"wp-block-list\">\n<li>Ofrecer una dieta saludable en el propio domicilio.<\/li>\n\n\n\n<li>Posibilitar mediante el apoyo alimenticio la permanencia de las personas mayores en su propio domicilio.<\/li>\n\n\n\n<li>Evitar situaciones de riesgo que pueden producirse a la hora de preparar las comidas.<\/li>\n<\/ul>\n\n\n\n<p><strong>COBERTURES DEL SERVEI<\/strong><\/p>\n\n\n\n<ul class=\"wp-block-list\">\n<li>Comida. Incluye primer plato, segundo plato y postre.<\/li>\n\n\n\n<li>Posibilidad de reparto domiciliario en aquellos casos necesarios.<\/li>\n<\/ul>\n\n\n\n<h2 class=\"wp-block-heading\">ATENCI\u00d3N ESPEC\u00cdFICA A LA DEPENDENCIA&nbsp;<\/h2>\n\n\n\n<p>La Ley de Dependencia, 39\/2006 de 14 de diciembre, de Promoci\u00f3n a la Autonom\u00eda personal y atenci\u00f3n a las personas en situaci\u00f3n de dependencia, reconoce el nuevo derecho a la promoci\u00f3n de la autonom\u00eda personal y la atenci\u00f3n a personas en situaci\u00f3n de dependencia.<\/p>\n\n\n\n<p>Este derecho debe garantizar la atenci\u00f3n a personas desde el momento en que, de forma estable, necesiten ayuda de otros para llevar a cabo buena parte de las actividades de la vida diaria, como comer, vestirse, el cuidado personal, movilidad, etc.<\/p>\n\n\n\n<p>Seg\u00fan la necesidad de ayuda de la persona afectada para llevar a cabo varias de las actividades b\u00e1sicas de la vida diaria se le reconoce un grado de dependencia (Grado I, Grado II y Grado III).<\/p>\n\n\n\n<h2 class=\"wp-block-heading\">ARREGLO DE VIVIENDAS<\/h2>\n\n\n\n<p>Adaptaci\u00f3n de ba\u00f1os, cocinas\u2026 que permitan la continuidad de las personas ancianas en sus domicilios, evitando situaciones de riesgo. Rehabilitaci\u00f3n y equipamiento b\u00e1sico e imprescindible para la atenci\u00f3n de las personas en su medio.<\/p>\n\n\n\n<p>Apoyo financiero en la colocaci\u00f3n de ascensores y rampas.<\/p>\n\n\n\n<p><strong><strong>OBJETIVOS<\/strong><\/strong><\/p>\n\n\n\n<ul class=\"wp-block-list\">\n<li>Incrementar la calidad de vida de las personas mayores que residen en viviendas mal adaptadas o inadecuadas, para facilitar sus necesidades de accesibilidad por limitaci\u00f3n de movilidad.<\/li>\n\n\n\n<li>Favorecer las relaciones entre personas mayores y su entorno.<\/li>\n\n\n\n<li>Favorecer el ahorro social al retrasar el ingreso en residencias.<\/li>\n<\/ul>\n\n\n\n<h2 class=\"wp-block-heading\">ESCALERA M\u00d3VIL<\/h2>\n\n\n\n<p>Se trata de una silla mec\u00e1nica con funciones espec\u00edficas que permite subir y bajar tramos de escalera a aquellas personas que no tienen movilidad para hacerlo por sus propios medios.<\/p>\n\n\n\n<p>Dirigido a personas sin movilidad que precisen utilizar escaleras y no puedan hacerlo por sus propios medios.<\/p>\n\n\n\n<p>Se requiere de un espacio suficiente en las escaleras para realizar las maniobras, as\u00ed como para su instalaci\u00f3n. Ser\u00e1 el equipo t\u00e9cnico de la Cruz Roja, o en su defecto un operario especializado, quien se encargue del manejo de la escala m\u00f3vil.<\/p>\n\n\n\n<p><strong>COMO SOLICITARLO?<\/strong><\/p>\n\n\n\n<p>Directamente en las dependencias de la Cruz Roja o a trav\u00e9s de los Servicios Sociales Municipales.<\/p>\n\n\n\n<p>Cruz Roja local. C\/Santa B\u00e1rbara 5 bajo. Tel: 96 151 92 91<\/p>\n\n\n\n<h2 class=\"wp-block-heading\">TRAMITACI\u00d3N DE INGRESO EN RESIDENCIA<\/h2>\n\n\n\n<p>Solicitud para plazas de residencia de tercera edad, ante situaciones de soledad, deficiencia de salud o ausencia de la familia que puedan solicitar atenci\u00f3n necesaria.<\/p>\n\n\n\n<p>La solicitud, una vez completado el expediente, ser\u00e1 tramitada a la Conselleria de Bienestar Social, quien realizar\u00e1 la baremaci\u00f3n del caso y le asignar\u00e1 la plaza pertinente.<\/p>\n\n\n\n<h2 class=\"wp-block-heading\">CENTROS DE DIA PARA PERSONAS MAYORES<\/h2>\n\n\n\n<p>Servicio socio-sanitario, y de apoyo familiar, dirigido a proporcionar durante el d\u00eda una atenci\u00f3n especializada a las necesidades b\u00e1sicas de personas mayores afectadas por diferentes grados de dependencia, favoreciendo as\u00ed su permanencia en su entorno y evitando internamientos innecesarios.<\/p>\n\n\n\n<p><strong>OBJETIVOS<\/strong><\/p>\n\n\n\n<ul class=\"wp-block-list\">\n<li>Cubrir las necesidades espec\u00edficas de quienes requieren atenciones que no pueden ser prestadas adecuadamente en el domicilio habitual.<\/li>\n\n\n\n<li>Apoyar a las familias posibilitando la vida familiar, social y laboral de sus miembros.<\/li>\n\n\n\n<li>Procurar el mayor nivel posible de autonom\u00eda y de calidad de vida de las personas beneficiarias.<\/li>\n<\/ul>\n\n\n\n<p><strong>ACTIVIDADES Y SERVICIOS QUE CONTEMPLA EL CENTRO<\/strong><\/p>\n\n\n\n<ul class=\"wp-block-list\">\n<li>Acogimiento y estancia<\/li>\n\n\n\n<li>Comedor<\/li>\n\n\n\n<li>Higiene personal<\/li>\n\n\n\n<li>Lavander\u00eda<\/li>\n\n\n\n<li>Transporte<\/li>\n\n\n\n<li>Actividades culturales y terap\u00e9uticas<\/li>\n\n\n\n<li>Peluquer\u00eda<\/li>\n\n\n\n<li>Podolog\u00eda<\/li>\n<\/ul>\n\n\n\n<h2 class=\"wp-block-heading\">TARJETA BONO TRANSPORTE<\/h2>\n\n\n\n<p>Tarjeta de transporte que permite a las personas mayores de 65 a\u00f1os o pensionistas beneficiarse de descuentos en el precio de billetes en las l\u00edneas interurbanas de los autobuses que la conselleria tiene convenidas.<\/p>\n\n\n\n<h2 class=\"wp-block-heading\">BONIFICACIONES Y EXENCIONES MUNICIPALES<\/h2>\n\n\n\n<p>Posibilidad de las personas jubiladas y pensionistas empadronadas en el municipio, de solicitar la exenci\u00f3n del 100%del tributo ECOTASA, y la bonificaci\u00f3n del 50% de la tasa por distribuci\u00f3n de agua potable y alcantarillado<\/p>\n\n\n\n<p><strong>REQUISITOS<\/strong><\/p>\n\n\n\n<p>La unidad familiar no debe superar el m\u00ednimo que establece la Ley anualmente para pensiones m\u00ednimas de jubilaci\u00f3n o viudedad.<\/p>\n\n\n\n<p><strong>COMO SOLICITARLO?<\/strong><\/p>\n\n\n\n<p>Agencia Tributaria Municipal<\/p>\n\n\n\n<p>C\/ San Francisco, 6-bajo<\/p>\n\n\n\n<p>Tel.: 96 198 88 18<\/p>\n\n\n\n<h2 class=\"wp-block-heading\">CLUB DE OCIO<\/h2>\n\n\n\n<p>Programa de tallers destinats espec\u00edficament al col\u00b7lectiu de persones majors, entre els que podem trobar:<\/p>\n\n\n\n<ul class=\"wp-block-list\">\n<li>Taller de nuevas tecnolog\u00edas<\/li>\n\n\n\n<li>Taller de canto coral<\/li>\n\n\n\n<li>Taller de teatro<\/li>\n\n\n\n<li>Taller de estimulaci\u00f3n cognitiva<\/li>\n\n\n\n<li>Taller de Yoga-ta\u00edchi<\/li>\n\n\n\n<li>Taller de baile online<\/li>\n\n\n\n<li>Taller de pintura<\/li>\n\n\n\n<li>Taller de cocina<\/li>\n\n\n\n<li>Taller de expresi\u00f3n art\u00edstica<\/li>\n<\/ul>\n\n\n\n<p><strong>REQUISITOS<\/strong><\/p>\n\n\n\n<ul class=\"wp-block-list\">\n<li>Personas mayores de 65 a\u00f1os<\/li>\n\n\n\n<li>Empadronadas en Aldaia<\/li>\n\n\n\n<li>Cuota de inscripci\u00f3n<\/li>\n<\/ul>\n\n\n\n<h2 class=\"wp-block-heading\">CENTROS DE MAYORES<\/h2>\n\n\n\n<p>Centros destinados a la convivencia e intercambio de experiencias entre los mayores, por medio de la organizaci\u00f3n de actividades que proporcionan la cultura, el ocio, y muy especialmente la calidad de vida de cu\u00e1ntas personas que participan.<\/p>\n\n\n\n<p><strong>Centro Mayores20&nbsp;<\/strong><\/p>\n\n\n\n<p>Calle Mayor, 20<\/p>\n\n\n\n<p>Tel\u00e9fono: 96.150.87.70<\/p>\n\n\n\n<p><strong>Centro Matilde Salvador<\/strong><\/p>\n\n\n\n<p>Calle Mestre Serrano, 42<\/p>\n\n\n\n<p>Tel\u00e9fono: 96.198.87.96<\/p>\n<\/div>\n<\/div>\n","protected":false},"excerpt":{"rendered":"<p>Personas mayores: Promoci\u00f3n a la autonom\u00eda y atenci\u00f3n a la dependencia. Dirigido a todas las personas mayores residentes en el municipio de Aldaia, con el fin de ofrecerles una serie <a class=\"text-decoration-none text-black\" href=\"https:\/\/aldaia.es\/es\/servicios-sociales-e-igualdad\/mayores\/\"> &#8230; <\/a><\/p>\n","protected":false},"author":42,"featured_media":0,"parent":27569,"menu_order":0,"comment_status":"closed","ping_status":"closed","template":"basic-page-departamentos.php","meta":{"_acf_changed":false,"footnotes":""},"class_list":["post-27847","page","type-page","status-publish","hentry"],"acf":[],"yoast_head":"<!-- This site is optimized with the Yoast SEO plugin v27.0 - https:\/\/yoast.com\/product\/yoast-seo-wordpress\/ -->\n<title>Departament de majors Ajuntament d\u2019Aldaia<\/title>\n<meta name=\"description\" content=\"Conjunto de servicios de car\u00e1cter dom\u00e9stico, personal y socio-educativo en general a aquellas personas y familias que lo precisen.\" \/>\n<meta name=\"robots\" content=\"index, follow, max-snippet:-1, max-image-preview:large, max-video-preview:-1\" \/>\n<link rel=\"canonical\" href=\"https:\/\/aldaia.es\/es\/servicios-sociales-e-igualdad\/mayores\/\" \/>\n<meta property=\"og:locale\" content=\"es_ES\" \/>\n<meta property=\"og:type\" content=\"article\" \/>\n<meta property=\"og:title\" content=\"Departament de majors Ajuntament d\u2019Aldaia\" \/>\n<meta property=\"og:description\" content=\"Conjunto de servicios de car\u00e1cter dom\u00e9stico, personal y socio-educativo en general a aquellas personas y familias que lo precisen.\" \/>\n<meta property=\"og:url\" content=\"https:\/\/aldaia.es\/es\/servicios-sociales-e-igualdad\/mayores\/\" \/>\n<meta property=\"og:site_name\" content=\"Ayuntamiento de Aldaia\" \/>\n<meta property=\"article:modified_time\" content=\"2025-04-24T11:21:11+00:00\" \/>\n<script type=\"application\/ld+json\" class=\"yoast-schema-graph\">{\"@context\":\"https:\/\/schema.org\",\"@graph\":[{\"@type\":\"WebPage\",\"@id\":\"https:\/\/aldaia.es\/es\/servicios-sociales-e-igualdad\/mayores\/\",\"url\":\"https:\/\/aldaia.es\/es\/servicios-sociales-e-igualdad\/mayores\/\",\"name\":\"Departament de majors Ajuntament d\u2019Aldaia\",\"isPartOf\":{\"@id\":\"https:\/\/aldaia.es\/es\/#website\"},\"datePublished\":\"2024-05-27T10:19:10+00:00\",\"dateModified\":\"2025-04-24T11:21:11+00:00\",\"description\":\"Conjunto de servicios de car\u00e1cter dom\u00e9stico, personal y socio-educativo en general a aquellas personas y familias que lo precisen.\",\"breadcrumb\":{\"@id\":\"https:\/\/aldaia.es\/es\/servicios-sociales-e-igualdad\/mayores\/#breadcrumb\"},\"inLanguage\":\"es\",\"potentialAction\":[{\"@type\":\"ReadAction\",\"target\":[\"https:\/\/aldaia.es\/es\/servicios-sociales-e-igualdad\/mayores\/\"]}]},{\"@type\":\"BreadcrumbList\",\"@id\":\"https:\/\/aldaia.es\/es\/servicios-sociales-e-igualdad\/mayores\/#breadcrumb\",\"itemListElement\":[{\"@type\":\"ListItem\",\"position\":1,\"name\":\"Portada\",\"item\":\"https:\/\/aldaia.es\/es\/\"},{\"@type\":\"ListItem\",\"position\":2,\"name\":\"Servicios Sociales e Igualdad\",\"item\":\"https:\/\/aldaia.es\/es\/servicios-sociales-e-igualdad\/\"},{\"@type\":\"ListItem\",\"position\":3,\"name\":\"Mayores\"}]},{\"@type\":\"WebSite\",\"@id\":\"https:\/\/aldaia.es\/es\/#website\",\"url\":\"https:\/\/aldaia.es\/es\/\",\"name\":\"Ajuntament D'Aldaia\",\"description\":\"\",\"publisher\":{\"@id\":\"https:\/\/aldaia.es\/es\/#organization\"},\"alternateName\":\"Ajuntament D'Aldaia\",\"potentialAction\":[{\"@type\":\"SearchAction\",\"target\":{\"@type\":\"EntryPoint\",\"urlTemplate\":\"https:\/\/aldaia.es\/es\/?s={search_term_string}\"},\"query-input\":{\"@type\":\"PropertyValueSpecification\",\"valueRequired\":true,\"valueName\":\"search_term_string\"}}],\"inLanguage\":\"es\"},{\"@type\":\"Organization\",\"@id\":\"https:\/\/aldaia.es\/es\/#organization\",\"name\":\"Ajuntament D'Aldaia\",\"url\":\"https:\/\/aldaia.es\/es\/\",\"logo\":{\"@type\":\"ImageObject\",\"inLanguage\":\"es\",\"@id\":\"https:\/\/aldaia.es\/es\/#\/schema\/logo\/image\/\",\"url\":\"https:\/\/aldaia.es\/wp-content\/uploads\/2022\/06\/aldaia-negro-1.png\",\"contentUrl\":\"https:\/\/aldaia.es\/wp-content\/uploads\/2022\/06\/aldaia-negro-1.png\",\"width\":152,\"height\":70,\"caption\":\"Ajuntament D'Aldaia\"},\"image\":{\"@id\":\"https:\/\/aldaia.es\/es\/#\/schema\/logo\/image\/\"}}]}<\/script>\n<!-- \/ Yoast SEO plugin. -->","yoast_head_json":{"title":"Departament de majors Ajuntament d\u2019Aldaia","description":"Conjunto de servicios de car\u00e1cter dom\u00e9stico, personal y socio-educativo en general a aquellas personas y familias que lo precisen.","robots":{"index":"index","follow":"follow","max-snippet":"max-snippet:-1","max-image-preview":"max-image-preview:large","max-video-preview":"max-video-preview:-1"},"canonical":"https:\/\/aldaia.es\/es\/servicios-sociales-e-igualdad\/mayores\/","og_locale":"es_ES","og_type":"article","og_title":"Departament de majors Ajuntament d\u2019Aldaia","og_description":"Conjunto de servicios de car\u00e1cter dom\u00e9stico, personal y socio-educativo en general a aquellas personas y familias que lo precisen.","og_url":"https:\/\/aldaia.es\/es\/servicios-sociales-e-igualdad\/mayores\/","og_site_name":"Ayuntamiento de Aldaia","article_modified_time":"2025-04-24T11:21:11+00:00","schema":{"@context":"https:\/\/schema.org","@graph":[{"@type":"WebPage","@id":"https:\/\/aldaia.es\/es\/servicios-sociales-e-igualdad\/mayores\/","url":"https:\/\/aldaia.es\/es\/servicios-sociales-e-igualdad\/mayores\/","name":"Departament de majors Ajuntament d\u2019Aldaia","isPartOf":{"@id":"https:\/\/aldaia.es\/es\/#website"},"datePublished":"2024-05-27T10:19:10+00:00","dateModified":"2025-04-24T11:21:11+00:00","description":"Conjunto de servicios de car\u00e1cter dom\u00e9stico, personal y socio-educativo en general a aquellas personas y familias que lo precisen.","breadcrumb":{"@id":"https:\/\/aldaia.es\/es\/servicios-sociales-e-igualdad\/mayores\/#breadcrumb"},"inLanguage":"es","potentialAction":[{"@type":"ReadAction","target":["https:\/\/aldaia.es\/es\/servicios-sociales-e-igualdad\/mayores\/"]}]},{"@type":"BreadcrumbList","@id":"https:\/\/aldaia.es\/es\/servicios-sociales-e-igualdad\/mayores\/#breadcrumb","itemListElement":[{"@type":"ListItem","position":1,"name":"Portada","item":"https:\/\/aldaia.es\/es\/"},{"@type":"ListItem","position":2,"name":"Servicios Sociales e Igualdad","item":"https:\/\/aldaia.es\/es\/servicios-sociales-e-igualdad\/"},{"@type":"ListItem","position":3,"name":"Mayores"}]},{"@type":"WebSite","@id":"https:\/\/aldaia.es\/es\/#website","url":"https:\/\/aldaia.es\/es\/","name":"Ajuntament D'Aldaia","description":"","publisher":{"@id":"https:\/\/aldaia.es\/es\/#organization"},"alternateName":"Ajuntament D'Aldaia","potentialAction":[{"@type":"SearchAction","target":{"@type":"EntryPoint","urlTemplate":"https:\/\/aldaia.es\/es\/?s={search_term_string}"},"query-input":{"@type":"PropertyValueSpecification","valueRequired":true,"valueName":"search_term_string"}}],"inLanguage":"es"},{"@type":"Organization","@id":"https:\/\/aldaia.es\/es\/#organization","name":"Ajuntament D'Aldaia","url":"https:\/\/aldaia.es\/es\/","logo":{"@type":"ImageObject","inLanguage":"es","@id":"https:\/\/aldaia.es\/es\/#\/schema\/logo\/image\/","url":"https:\/\/aldaia.es\/wp-content\/uploads\/2022\/06\/aldaia-negro-1.png","contentUrl":"https:\/\/aldaia.es\/wp-content\/uploads\/2022\/06\/aldaia-negro-1.png","width":152,"height":70,"caption":"Ajuntament D'Aldaia"},"image":{"@id":"https:\/\/aldaia.es\/es\/#\/schema\/logo\/image\/"}}]}},"_links":{"self":[{"href":"https:\/\/aldaia.es\/es\/wp-json\/wp\/v2\/pages\/27847","targetHints":{"allow":["GET"]}}],"collection":[{"href":"https:\/\/aldaia.es\/es\/wp-json\/wp\/v2\/pages"}],"about":[{"href":"https:\/\/aldaia.es\/es\/wp-json\/wp\/v2\/types\/page"}],"author":[{"embeddable":true,"href":"https:\/\/aldaia.es\/es\/wp-json\/wp\/v2\/users\/42"}],"replies":[{"embeddable":true,"href":"https:\/\/aldaia.es\/es\/wp-json\/wp\/v2\/comments?post=27847"}],"version-history":[{"count":6,"href":"https:\/\/aldaia.es\/es\/wp-json\/wp\/v2\/pages\/27847\/revisions"}],"predecessor-version":[{"id":37050,"href":"https:\/\/aldaia.es\/es\/wp-json\/wp\/v2\/pages\/27847\/revisions\/37050"}],"up":[{"embeddable":true,"href":"https:\/\/aldaia.es\/es\/wp-json\/wp\/v2\/pages\/27569"}],"wp:attachment":[{"href":"https:\/\/aldaia.es\/es\/wp-json\/wp\/v2\/media?parent=27847"}],"curies":[{"name":"wp","href":"https:\/\/api.w.org\/{rel}","templated":true}]}}