{"id":27901,"date":"2024-05-28T09:13:40","date_gmt":"2024-05-28T07:13:40","guid":{"rendered":"https:\/\/aldaia.es\/?page_id=27901"},"modified":"2025-12-01T09:49:53","modified_gmt":"2025-12-01T08:49:53","slug":"servicios-sociales","status":"publish","type":"page","link":"https:\/\/aldaia.es\/es\/servicios-sociales-e-igualdad\/servicios-sociales\/","title":{"rendered":"Servicios sociales"},"content":{"rendered":"\n<div class=\"wp-block-columns dep-servicios is-layout-flex wp-container-core-columns-is-layout-9d6595d7 wp-block-columns-is-layout-flex\">\n<div class=\"wp-block-column is-layout-flow wp-block-column-is-layout-flow\" style=\"flex-basis:30%\"><!--  Info Servicios sociales -->\n\n \n    <div class='wrapper-departamentos bloque-infos-servicios-sociales'>\n        <p class=\"tit-bloque-infos\">Centro Coladors<\/p>\n        <div class='infos-departamento'>          \n            <p>Calle Coladors, 16<br>46960 Aldaia Valencia<\/p>\n            <p><i class=\"fa fa-phone\" aria-hidden=\"true\"><\/i> 961 988 811<\/p>\n            <p><i class=\"fa fa-phone\" aria-hidden=\"true\"><\/i> <a href=\"tel:+34961988811\">+34 961 988 811<\/a><\/p>\n            <p><i class=\"fas fa-envelope\"><\/i> <a href=\"mailto:serveissocials@ajuntamentaldaia.org \">serveissocials@ajuntamentaldaia.org <\/a><\/p>    \n            <p><strong>Horario:<\/strong><\/p>\n            <p>Lunes a viernes: de 9 a 14 horas. Lujes y jueves: de 16 a 18 horas.<\/p>      \n        <\/div>\n\n        <div class='mapa-1'>\n        <iframe src='https:\/\/www.google.com\/maps\/embed?pb=!1m18!1m12!1m3!1d6160.662930491161!2d-0.46871588132768194!3d39.46183988596237!2m3!1f0!2f0!3f0!3m2!1i1024!2i768!4f13.1!3m3!1m2!1s0xd6051dedd0ce773%3A0xd627ceb0166ca3d2!2sCentre%20Serveis%20Socials%20Coladors%20Aldaia!5e0!3m2!1ses!2sus!4v1716371829108!5m2!1ses!2sus' width='100%' height='300' style='border:0;' allowfullscreen='' loading='lazy' referrerpolicy='no-referrer-when-downgrade'><\/iframe>\n        <\/div>\n\n    <\/div>\n   <!-- end bloque infos -->\n\n    \n\n\n<\/div>\n\n\n\n<div class=\"wp-block-column is-layout-flow wp-block-column-is-layout-flow\" style=\"flex-basis:70%\">\n<h1 class=\"wp-block-heading\">Servicios sociales (SS)<\/h1>\n\n\n\n<p>El Ayuntamiento pone a disposici\u00f3n de la ciudadan\u00eda de Aldaia unos servicios pr\u00f3ximos y descentralizados formados por equipos t\u00e9cnicos que posibilitan las intervenciones adecuadas a cada caso.<\/p>\n\n\n\n<p>La Ley 3\/2019, de 18 de febrero, tiene como objeto prevenir y eliminar las causas de marginaci\u00f3n social y de desigualdad, la finalidad de la cual es regular y estructurar el Sistema P\u00fablico de Servicios Sociales en el \u00e1mbito de la Comunidad Valenciana, y garantizar a todos los ciudadanos y ciudadanas y grupos en que estos se integran:<\/p>\n\n\n\n<ul class=\"wp-block-list\">\n<li>La prevenci\u00f3n, tratamiento y eliminaci\u00f3n de cualquier causa o situaci\u00f3n de marginaci\u00f3n o desigualdad social.<\/li>\n\n\n\n<li>La coordinaci\u00f3n de los recursos y de las iniciativas p\u00fablicas y privadas, as\u00ed como de los aspectos sociales de los sistemas sanitarios y educativos.<\/li>\n\n\n\n<li>El pleno desarrollo de la persona en el seno de la sociedad y el fomento de la solidaridad y de la participaci\u00f3n ciudadana en el campo de los Servicios Sociales.<\/li>\n<\/ul>\n\n\n\n<p>Los Servicios Sociales constituyen la estructura b\u00e1sica del Sistema P\u00fablico de Servicios Sociales, mediante la prestaci\u00f3n de una atenci\u00f3n integrada y polivalente dirigida a toda la poblaci\u00f3n, articulada a trav\u00e9s de actuaciones preventivas, asistenciales y rehabilitadoras, desde un punto de vista primario, con car\u00e1cter universal y gratuito.<\/p>\n\n\n\n<p>Corresponde a los Servicios Sociales Generales la programaci\u00f3n, implantaci\u00f3n y gesti\u00f3n de la intervenci\u00f3n generalizada de atenci\u00f3n primaria.<\/p>\n\n\n\n<p>Els serveis Generals es prestaran per equips interdisciplinaris que cobrisquen les diferents \u00c0rees de Serveis Socials en Centres Socials dependents de l\u2019administraci\u00f3 Local.<\/p>\n\n\n\n<p><strong>El usuario\/a podr\u00e1 acudir al trabajador\/a social de su Centro de Servicios Sociales, que atender\u00e1 sus necesidades durante el proceso de mejora que considero necesario. En los Servicios Sociales recibir\u00e1 una atenci\u00f3n profesional individualizada, pr\u00f3xima y pr\u00f3xima, y dar\u00e1n respuesta a las diversas situaciones de necesidad en las cuales se pueda encontrar.<\/strong><\/p>\n\n\n\n<p><a href=\"https:\/\/aldaia.es\/es\/servicios-sociales-e-igualdad\/servicios-sociales\/programa-de-convivencia\/\"><\/a><\/p>\n<\/div>\n<\/div>\n\n\n\n<div class=\"wp-block-columns lista_adjuntos is-layout-flex wp-container-core-columns-is-layout-9d6595d7 wp-block-columns-is-layout-flex\">\n<div class=\"wp-block-column is-layout-flow wp-block-column-is-layout-flow\">\n<h2 class=\"wp-block-heading display-4\">Adjuntos<\/h2>\n\n\n\n<p><i class=\"far fa-file-pdf\"><\/i> <a href=\"https:\/\/aldaia.es\/wp-content\/uploads\/2023\/01\/difusion_mediaprop_aldaia_castellano-2.pdf\" target=\"_blank\" rel=\"noreferrer noopener\">MEDIAPROP Aldaia<\/a><\/p>\n\n\n\n<h2 class=\"wp-block-heading display-4\">Enlaces<\/h2>\n\n\n\n<p><i class=\"fas fa-link\"><\/i> <a href=\"https:\/\/aldaia.es\/es\/servicios-sociales-e-igualdad\/servicios-sociales\/servicio-de-informacion-orientacion-asesoramiento-tecnico-y-gestion-de-ayudas\/\">Servicio de Informaci\u00f3n, Orientaci\u00f3n, Asesoramiento T\u00e9cnico y Gesti\u00f3n de Ayudas<\/a><\/p>\n\n\n\n<p><i class=\"fas fa-link\"><\/i> <a href=\"https:\/\/aldaia.es\/es\/servicios-sociales-e-igualdad\/servicios-sociales\/programa-de-convivencia\/\">Programa de Convivencia<\/a><\/p>\n\n\n\n<p><i class=\"fas fa-link\"><\/i> <a href=\"https:\/\/aldaia.es\/es\/servicios-sociales-e-igualdad\/servicios-sociales\/gestion-de-la-renta-valenciana-de-inclusion\/\">Gesti\u00f3n de la Renta Valenciana de Inclusi\u00f3n<\/a><\/p>\n\n\n\n<p><i class=\"fas fa-link\"><\/i> <a href=\"https:\/\/aldaia.es\/es\/servicios-sociales-e-igualdad\/servicios-sociales\/gestion-de-la-renta-valenciana-de-inclusion\/\">Itinerarios de Inclusi\u00f3n Social<\/a><\/p>\n\n\n\n<p><i class=\"fas fa-link\"><\/i> <a href=\"https:\/\/aldaia.es\/es\/servicios-sociales-e-igualdad\/servicios-sociales\/gestion-de-servicios-y-ayudas-sociales-municipales-y-otras-administraciones\/\">Gesti\u00f3n de Servicios y Ayudas Sociales Municipales y de otras Administraciones<\/a><\/p>\n\n\n\n<p><i class=\"fas fa-link\"><\/i> <a href=\"https:\/\/aldaia.es\/es\/servicios-sociales-e-igualdad\/servicios-sociales\/atencion-social-en-contexto-comunitario\/\">Atenci\u00f3n Social en Contexto Comunitario<\/a><\/p>\n\n\n\n<p><i class=\"fas fa-link\"><\/i> <a href=\"https:\/\/aldaia.es\/es\/servicios-sociales-e-igualdad\/estrangeria\/\">Atenci\u00f3n a Immigrantes<\/a><\/p>\n\n\n\n<p><i class=\"fas fa-link\"><\/i> <a href=\"https:\/\/aldaia.es\/es\/servicios-sociales-e-igualdad\/servicios-sociales\/trabajos-en-beneficio-de-la-comunidad\/\">Trabajos en Beneficio de la Comunidad<\/a><\/p>\n\n\n\n<p><i class=\"fas fa-link\"><\/i> <a href=\"https:\/\/aldaia.es\/es\/servicios-sociales-e-igualdad\/servicios-sociales\/atencion-especifica-en-la-dependencia\/\">Atenci\u00f3n Espec\u00edfica a la Dependencia<\/a><\/p>\n<\/div>\n<\/div>\n","protected":false},"excerpt":{"rendered":"<p>Servicios sociales (SS) El Ayuntamiento pone a disposici\u00f3n de la ciudadan\u00eda de Aldaia unos servicios pr\u00f3ximos y descentralizados formados por equipos t\u00e9cnicos que posibilitan las intervenciones adecuadas a cada caso. <a class=\"text-decoration-none text-black\" href=\"https:\/\/aldaia.es\/es\/servicios-sociales-e-igualdad\/servicios-sociales\/\"> &#8230; <\/a><\/p>\n","protected":false},"author":42,"featured_media":0,"parent":27569,"menu_order":0,"comment_status":"closed","ping_status":"closed","template":"basic-page-departamentos.php","meta":{"_acf_changed":false,"footnotes":""},"class_list":["post-27901","page","type-page","status-publish","hentry"],"acf":[],"yoast_head":"<!-- This site is optimized with the Yoast SEO plugin v27.0 - https:\/\/yoast.com\/product\/yoast-seo-wordpress\/ -->\n<title>Departamento de servicios sociales del Ayuntamiento de Aldaia<\/title>\n<meta name=\"description\" content=\"Gestionamos la programaci\u00f3n e implantaci\u00f3n de la intervenci\u00f3n generalizada de atenci\u00f3n primaria a personas en situaci\u00f3n de marginaci\u00f3n.\" \/>\n<meta name=\"robots\" content=\"index, follow, max-snippet:-1, max-image-preview:large, max-video-preview:-1\" \/>\n<link rel=\"canonical\" href=\"https:\/\/aldaia.es\/es\/servicios-sociales-e-igualdad\/servicios-sociales\/\" \/>\n<meta property=\"og:locale\" content=\"es_ES\" \/>\n<meta property=\"og:type\" content=\"article\" \/>\n<meta property=\"og:title\" content=\"Departamento de servicios sociales del Ayuntamiento de Aldaia\" \/>\n<meta property=\"og:description\" content=\"Gestionamos la programaci\u00f3n e implantaci\u00f3n de la intervenci\u00f3n generalizada de atenci\u00f3n primaria a personas en situaci\u00f3n de marginaci\u00f3n.\" \/>\n<meta property=\"og:url\" content=\"https:\/\/aldaia.es\/es\/servicios-sociales-e-igualdad\/servicios-sociales\/\" \/>\n<meta property=\"og:site_name\" content=\"Ayuntamiento de Aldaia\" \/>\n<meta property=\"article:modified_time\" content=\"2025-12-01T08:49:53+00:00\" \/>\n<script type=\"application\/ld+json\" class=\"yoast-schema-graph\">{\"@context\":\"https:\/\/schema.org\",\"@graph\":[{\"@type\":\"WebPage\",\"@id\":\"https:\/\/aldaia.es\/es\/servicios-sociales-e-igualdad\/servicios-sociales\/\",\"url\":\"https:\/\/aldaia.es\/es\/servicios-sociales-e-igualdad\/servicios-sociales\/\",\"name\":\"Departamento de servicios sociales del Ayuntamiento de Aldaia\",\"isPartOf\":{\"@id\":\"https:\/\/aldaia.es\/es\/#website\"},\"datePublished\":\"2024-05-28T07:13:40+00:00\",\"dateModified\":\"2025-12-01T08:49:53+00:00\",\"description\":\"Gestionamos la programaci\u00f3n e implantaci\u00f3n de la intervenci\u00f3n generalizada de atenci\u00f3n primaria a personas en situaci\u00f3n de marginaci\u00f3n.\",\"breadcrumb\":{\"@id\":\"https:\/\/aldaia.es\/es\/servicios-sociales-e-igualdad\/servicios-sociales\/#breadcrumb\"},\"inLanguage\":\"es\",\"potentialAction\":[{\"@type\":\"ReadAction\",\"target\":[\"https:\/\/aldaia.es\/es\/servicios-sociales-e-igualdad\/servicios-sociales\/\"]}]},{\"@type\":\"BreadcrumbList\",\"@id\":\"https:\/\/aldaia.es\/es\/servicios-sociales-e-igualdad\/servicios-sociales\/#breadcrumb\",\"itemListElement\":[{\"@type\":\"ListItem\",\"position\":1,\"name\":\"Portada\",\"item\":\"https:\/\/aldaia.es\/es\/\"},{\"@type\":\"ListItem\",\"position\":2,\"name\":\"Servicios Sociales e Igualdad\",\"item\":\"https:\/\/aldaia.es\/es\/servicios-sociales-e-igualdad\/\"},{\"@type\":\"ListItem\",\"position\":3,\"name\":\"Servicios sociales\"}]},{\"@type\":\"WebSite\",\"@id\":\"https:\/\/aldaia.es\/es\/#website\",\"url\":\"https:\/\/aldaia.es\/es\/\",\"name\":\"Ajuntament D'Aldaia\",\"description\":\"\",\"publisher\":{\"@id\":\"https:\/\/aldaia.es\/es\/#organization\"},\"alternateName\":\"Ajuntament D'Aldaia\",\"potentialAction\":[{\"@type\":\"SearchAction\",\"target\":{\"@type\":\"EntryPoint\",\"urlTemplate\":\"https:\/\/aldaia.es\/es\/?s={search_term_string}\"},\"query-input\":{\"@type\":\"PropertyValueSpecification\",\"valueRequired\":true,\"valueName\":\"search_term_string\"}}],\"inLanguage\":\"es\"},{\"@type\":\"Organization\",\"@id\":\"https:\/\/aldaia.es\/es\/#organization\",\"name\":\"Ajuntament D'Aldaia\",\"url\":\"https:\/\/aldaia.es\/es\/\",\"logo\":{\"@type\":\"ImageObject\",\"inLanguage\":\"es\",\"@id\":\"https:\/\/aldaia.es\/es\/#\/schema\/logo\/image\/\",\"url\":\"https:\/\/aldaia.es\/wp-content\/uploads\/2022\/06\/aldaia-negro-1.png\",\"contentUrl\":\"https:\/\/aldaia.es\/wp-content\/uploads\/2022\/06\/aldaia-negro-1.png\",\"width\":152,\"height\":70,\"caption\":\"Ajuntament D'Aldaia\"},\"image\":{\"@id\":\"https:\/\/aldaia.es\/es\/#\/schema\/logo\/image\/\"}}]}<\/script>\n<!-- \/ Yoast SEO plugin. -->","yoast_head_json":{"title":"Departamento de servicios sociales del Ayuntamiento de Aldaia","description":"Gestionamos la programaci\u00f3n e implantaci\u00f3n de la intervenci\u00f3n generalizada de atenci\u00f3n primaria a personas en situaci\u00f3n de marginaci\u00f3n.","robots":{"index":"index","follow":"follow","max-snippet":"max-snippet:-1","max-image-preview":"max-image-preview:large","max-video-preview":"max-video-preview:-1"},"canonical":"https:\/\/aldaia.es\/es\/servicios-sociales-e-igualdad\/servicios-sociales\/","og_locale":"es_ES","og_type":"article","og_title":"Departamento de servicios sociales del Ayuntamiento de Aldaia","og_description":"Gestionamos la programaci\u00f3n e implantaci\u00f3n de la intervenci\u00f3n generalizada de atenci\u00f3n primaria a personas en situaci\u00f3n de marginaci\u00f3n.","og_url":"https:\/\/aldaia.es\/es\/servicios-sociales-e-igualdad\/servicios-sociales\/","og_site_name":"Ayuntamiento de Aldaia","article_modified_time":"2025-12-01T08:49:53+00:00","schema":{"@context":"https:\/\/schema.org","@graph":[{"@type":"WebPage","@id":"https:\/\/aldaia.es\/es\/servicios-sociales-e-igualdad\/servicios-sociales\/","url":"https:\/\/aldaia.es\/es\/servicios-sociales-e-igualdad\/servicios-sociales\/","name":"Departamento de servicios sociales del Ayuntamiento de Aldaia","isPartOf":{"@id":"https:\/\/aldaia.es\/es\/#website"},"datePublished":"2024-05-28T07:13:40+00:00","dateModified":"2025-12-01T08:49:53+00:00","description":"Gestionamos la programaci\u00f3n e implantaci\u00f3n de la intervenci\u00f3n generalizada de atenci\u00f3n primaria a personas en situaci\u00f3n de marginaci\u00f3n.","breadcrumb":{"@id":"https:\/\/aldaia.es\/es\/servicios-sociales-e-igualdad\/servicios-sociales\/#breadcrumb"},"inLanguage":"es","potentialAction":[{"@type":"ReadAction","target":["https:\/\/aldaia.es\/es\/servicios-sociales-e-igualdad\/servicios-sociales\/"]}]},{"@type":"BreadcrumbList","@id":"https:\/\/aldaia.es\/es\/servicios-sociales-e-igualdad\/servicios-sociales\/#breadcrumb","itemListElement":[{"@type":"ListItem","position":1,"name":"Portada","item":"https:\/\/aldaia.es\/es\/"},{"@type":"ListItem","position":2,"name":"Servicios Sociales e Igualdad","item":"https:\/\/aldaia.es\/es\/servicios-sociales-e-igualdad\/"},{"@type":"ListItem","position":3,"name":"Servicios sociales"}]},{"@type":"WebSite","@id":"https:\/\/aldaia.es\/es\/#website","url":"https:\/\/aldaia.es\/es\/","name":"Ajuntament D'Aldaia","description":"","publisher":{"@id":"https:\/\/aldaia.es\/es\/#organization"},"alternateName":"Ajuntament D'Aldaia","potentialAction":[{"@type":"SearchAction","target":{"@type":"EntryPoint","urlTemplate":"https:\/\/aldaia.es\/es\/?s={search_term_string}"},"query-input":{"@type":"PropertyValueSpecification","valueRequired":true,"valueName":"search_term_string"}}],"inLanguage":"es"},{"@type":"Organization","@id":"https:\/\/aldaia.es\/es\/#organization","name":"Ajuntament D'Aldaia","url":"https:\/\/aldaia.es\/es\/","logo":{"@type":"ImageObject","inLanguage":"es","@id":"https:\/\/aldaia.es\/es\/#\/schema\/logo\/image\/","url":"https:\/\/aldaia.es\/wp-content\/uploads\/2022\/06\/aldaia-negro-1.png","contentUrl":"https:\/\/aldaia.es\/wp-content\/uploads\/2022\/06\/aldaia-negro-1.png","width":152,"height":70,"caption":"Ajuntament D'Aldaia"},"image":{"@id":"https:\/\/aldaia.es\/es\/#\/schema\/logo\/image\/"}}]}},"_links":{"self":[{"href":"https:\/\/aldaia.es\/es\/wp-json\/wp\/v2\/pages\/27901","targetHints":{"allow":["GET"]}}],"collection":[{"href":"https:\/\/aldaia.es\/es\/wp-json\/wp\/v2\/pages"}],"about":[{"href":"https:\/\/aldaia.es\/es\/wp-json\/wp\/v2\/types\/page"}],"author":[{"embeddable":true,"href":"https:\/\/aldaia.es\/es\/wp-json\/wp\/v2\/users\/42"}],"replies":[{"embeddable":true,"href":"https:\/\/aldaia.es\/es\/wp-json\/wp\/v2\/comments?post=27901"}],"version-history":[{"count":20,"href":"https:\/\/aldaia.es\/es\/wp-json\/wp\/v2\/pages\/27901\/revisions"}],"predecessor-version":[{"id":39851,"href":"https:\/\/aldaia.es\/es\/wp-json\/wp\/v2\/pages\/27901\/revisions\/39851"}],"up":[{"embeddable":true,"href":"https:\/\/aldaia.es\/es\/wp-json\/wp\/v2\/pages\/27569"}],"wp:attachment":[{"href":"https:\/\/aldaia.es\/es\/wp-json\/wp\/v2\/media?parent=27901"}],"curies":[{"name":"wp","href":"https:\/\/api.w.org\/{rel}","templated":true}]}}