{"id":32362,"date":"2024-09-19T11:25:33","date_gmt":"2024-09-19T09:25:33","guid":{"rendered":"https:\/\/aldaia.es\/educacion\/campus-de-pasqua\/"},"modified":"2026-03-26T09:42:35","modified_gmt":"2026-03-26T08:42:35","slug":"campus-de-pascua","status":"publish","type":"page","link":"https:\/\/aldaia.es\/es\/educacion\/campus-de-pascua\/","title":{"rendered":"Campus de Pascua"},"content":{"rendered":"\n<div class=\"wp-block-columns dep-educacion is-layout-flex wp-container-core-columns-is-layout-9d6595d7 wp-block-columns-is-layout-flex\">\n<div class=\"wp-block-column is-layout-flow wp-block-column-is-layout-flow\" style=\"flex-basis:30%\"><!--  Info educacion -->\n\n \n\n<div class='bloque-infos-educacion wrapper-departamentos'>\n<p class=\"tit-bloque-infos\">Centro Municipal Vicent Andres Estell\u00e9s<\/p>\n        <div class='infos-departamento'>\n            <p>Av. Miguel Hern\u00e1ndez, 36, 46960 Aldaia, Valencia, Espa\u00f1a<\/p>\n            <p><i class=\"fa fa-phone\" aria-hidden=\"true\"><\/i> <a href=\"tel:+34961510693\">+34 96 198 88 12<\/a><\/p>\n            <p><strong>Horari:<\/strong><\/p>\n            <p>Lunes a Viernes de 9:00 a 14:00 horas. Tardes lunes de 17:00 a 19:00 horas.<\/p>\n            <p><i class=\"fas fa-envelope\"><\/i> <a href=\"mailto:educacio@ajuntamentaldaia.org\">educacio@ajuntamentaldaia.org<\/a><\/p>\n           \n        <\/div>\n\n        <div class='mapa-1'>\n        <iframe src=\"https:\/\/www.google.com\/maps\/embed?pb=!1m18!1m12!1m3!1d2690.682908478369!2d-0.4686331129630299!3d39.46730324512737!2m3!1f0!2f0!3f0!3m2!1i1024!2i768!4f13.1!3m3!1m2!1s0xd605015adeec8f5%3A0x8b1b4140f8e0c4b3!2sCentre%20Municipal%20Vicent%20Andres%20Estell%C3%A9s!5e0!3m2!1ses!2sus!4v1726660218475!5m2!1ses!2sus\" width=\"100%\" height=\"450\" style=\"border:0;\" allowfullscreen=\"\" loading=\"lazy\" referrerpolicy=\"no-referrer-when-downgrade\"><\/iframe>\n        <\/div>\n\n    <\/div>\n    <!-- end bloque infos -->\n   \n\n    \n\n\n<\/div>\n\n\n\n<div class=\"wp-block-column is-layout-flow wp-block-column-is-layout-flow\" style=\"flex-basis:70%\">\n<h1 class=\"wp-block-heading\">Campus de Pascua<\/h1>\n\n\n\n<h2 class=\"wp-block-heading\">2026<\/h2>\n\n\n\n<p>Vuelve un a\u00f1o m\u00e1s la edici\u00f3n de Pascua del Campus, este a\u00f1o desde el CEIP El Rajolar.<br>Consulta toda la informaci\u00f3n sobre precios, horarios y tarifas en el dossier adjunto.<br>Inscripciones hasta el 27 de marzo de 2026.<\/p>\n<\/div>\n<\/div>\n\n\n\n<div class=\"wp-block-columns is-layout-flex wp-container-core-columns-is-layout-9d6595d7 wp-block-columns-is-layout-flex\">\n<div class=\"wp-block-column lista_adjuntos is-layout-flow wp-block-column-is-layout-flow\">\n<h2 class=\"wp-block-heading  display-4\">Adjuntos<\/h2>\n\n\n\n<p><i class=\"fas fa-file-pdf\"><\/i> <a href=\"https:\/\/aldaia.es\/wp-content\/uploads\/2026\/03\/aldaia-CAMPUS-PASCUA_ES_2026.pdf\" target=\"_blank\" rel=\"noreferrer noopener\">Campus de Pascua 2026<\/a><\/p>\n\n\n\n<p><i class=\"fas fa-link\"><\/i> <a href=\"https:\/\/forms.gle\/mivcK67JTMwmD5jq5\" id=\"https:\/\/forms.gle\/mivcK67JTMwmD5jq5\">Formulario de inscripci\u00f3n 2026<\/a><\/p>\n<\/div>\n<\/div>\n\n\n\n<p><\/p>\n","protected":false},"excerpt":{"rendered":"<p>Campus de Pascua 2026 Vuelve un a\u00f1o m\u00e1s la edici\u00f3n de Pascua del Campus, este a\u00f1o desde el CEIP El Rajolar.Consulta toda la informaci\u00f3n sobre precios, horarios y tarifas en <a class=\"text-decoration-none text-black\" href=\"https:\/\/aldaia.es\/es\/educacion\/campus-de-pascua\/\"> &#8230; <\/a><\/p>\n","protected":false},"author":42,"featured_media":0,"parent":6252,"menu_order":0,"comment_status":"closed","ping_status":"closed","template":"basic-page-departamentos.php","meta":{"_acf_changed":false,"footnotes":""},"class_list":["post-32362","page","type-page","status-publish","hentry"],"acf":[],"yoast_head":"<!-- This site is optimized with the Yoast SEO plugin v27.0 - https:\/\/yoast.com\/product\/yoast-seo-wordpress\/ -->\n<title>Campus de Pascua - Ayuntamiento de Aldaia<\/title>\n<meta name=\"description\" content=\"Informaciones para las ediciones de Pascua del Campus del Polideportivo Jaume Ort\u00ed y del Campus de Llavoreta. Ayuntamiento de Aldaia.\" \/>\n<meta name=\"robots\" content=\"index, follow, max-snippet:-1, max-image-preview:large, max-video-preview:-1\" \/>\n<link rel=\"canonical\" href=\"https:\/\/aldaia.es\/es\/educacion\/campus-de-pascua\/\" \/>\n<meta property=\"og:locale\" content=\"es_ES\" \/>\n<meta property=\"og:type\" content=\"article\" \/>\n<meta property=\"og:title\" content=\"Campus de Pascua - Ayuntamiento de Aldaia\" \/>\n<meta property=\"og:description\" content=\"Informaciones para las ediciones de Pascua del Campus del Polideportivo Jaume Ort\u00ed y del Campus de Llavoreta. Ayuntamiento de Aldaia.\" \/>\n<meta property=\"og:url\" content=\"https:\/\/aldaia.es\/es\/educacion\/campus-de-pascua\/\" \/>\n<meta property=\"og:site_name\" content=\"Ayuntamiento de Aldaia\" \/>\n<meta property=\"article:modified_time\" content=\"2026-03-26T08:42:35+00:00\" \/>\n<script type=\"application\/ld+json\" class=\"yoast-schema-graph\">{\"@context\":\"https:\/\/schema.org\",\"@graph\":[{\"@type\":\"WebPage\",\"@id\":\"https:\/\/aldaia.es\/es\/educacion\/campus-de-pascua\/\",\"url\":\"https:\/\/aldaia.es\/es\/educacion\/campus-de-pascua\/\",\"name\":\"Campus de Pascua - Ayuntamiento de Aldaia\",\"isPartOf\":{\"@id\":\"https:\/\/aldaia.es\/es\/#website\"},\"datePublished\":\"2024-09-19T09:25:33+00:00\",\"dateModified\":\"2026-03-26T08:42:35+00:00\",\"description\":\"Informaciones para las ediciones de Pascua del Campus del Polideportivo Jaume Ort\u00ed y del Campus de Llavoreta. Ayuntamiento de Aldaia.\",\"breadcrumb\":{\"@id\":\"https:\/\/aldaia.es\/es\/educacion\/campus-de-pascua\/#breadcrumb\"},\"inLanguage\":\"es\",\"potentialAction\":[{\"@type\":\"ReadAction\",\"target\":[\"https:\/\/aldaia.es\/es\/educacion\/campus-de-pascua\/\"]}]},{\"@type\":\"BreadcrumbList\",\"@id\":\"https:\/\/aldaia.es\/es\/educacion\/campus-de-pascua\/#breadcrumb\",\"itemListElement\":[{\"@type\":\"ListItem\",\"position\":1,\"name\":\"Portada\",\"item\":\"https:\/\/aldaia.es\/es\/\"},{\"@type\":\"ListItem\",\"position\":2,\"name\":\"Educaci\u00f3n\",\"item\":\"https:\/\/aldaia.es\/es\/educacion\/\"},{\"@type\":\"ListItem\",\"position\":3,\"name\":\"Campus de Pascua\"}]},{\"@type\":\"WebSite\",\"@id\":\"https:\/\/aldaia.es\/es\/#website\",\"url\":\"https:\/\/aldaia.es\/es\/\",\"name\":\"Ajuntament D'Aldaia\",\"description\":\"\",\"publisher\":{\"@id\":\"https:\/\/aldaia.es\/es\/#organization\"},\"alternateName\":\"Ajuntament D'Aldaia\",\"potentialAction\":[{\"@type\":\"SearchAction\",\"target\":{\"@type\":\"EntryPoint\",\"urlTemplate\":\"https:\/\/aldaia.es\/es\/?s={search_term_string}\"},\"query-input\":{\"@type\":\"PropertyValueSpecification\",\"valueRequired\":true,\"valueName\":\"search_term_string\"}}],\"inLanguage\":\"es\"},{\"@type\":\"Organization\",\"@id\":\"https:\/\/aldaia.es\/es\/#organization\",\"name\":\"Ajuntament D'Aldaia\",\"url\":\"https:\/\/aldaia.es\/es\/\",\"logo\":{\"@type\":\"ImageObject\",\"inLanguage\":\"es\",\"@id\":\"https:\/\/aldaia.es\/es\/#\/schema\/logo\/image\/\",\"url\":\"https:\/\/aldaia.es\/wp-content\/uploads\/2022\/06\/aldaia-negro-1.png\",\"contentUrl\":\"https:\/\/aldaia.es\/wp-content\/uploads\/2022\/06\/aldaia-negro-1.png\",\"width\":152,\"height\":70,\"caption\":\"Ajuntament D'Aldaia\"},\"image\":{\"@id\":\"https:\/\/aldaia.es\/es\/#\/schema\/logo\/image\/\"}}]}<\/script>\n<!-- \/ Yoast SEO plugin. -->","yoast_head_json":{"title":"Campus de Pascua - Ayuntamiento de Aldaia","description":"Informaciones para las ediciones de Pascua del Campus del Polideportivo Jaume Ort\u00ed y del Campus de Llavoreta. Ayuntamiento de Aldaia.","robots":{"index":"index","follow":"follow","max-snippet":"max-snippet:-1","max-image-preview":"max-image-preview:large","max-video-preview":"max-video-preview:-1"},"canonical":"https:\/\/aldaia.es\/es\/educacion\/campus-de-pascua\/","og_locale":"es_ES","og_type":"article","og_title":"Campus de Pascua - Ayuntamiento de Aldaia","og_description":"Informaciones para las ediciones de Pascua del Campus del Polideportivo Jaume Ort\u00ed y del Campus de Llavoreta. Ayuntamiento de Aldaia.","og_url":"https:\/\/aldaia.es\/es\/educacion\/campus-de-pascua\/","og_site_name":"Ayuntamiento de Aldaia","article_modified_time":"2026-03-26T08:42:35+00:00","schema":{"@context":"https:\/\/schema.org","@graph":[{"@type":"WebPage","@id":"https:\/\/aldaia.es\/es\/educacion\/campus-de-pascua\/","url":"https:\/\/aldaia.es\/es\/educacion\/campus-de-pascua\/","name":"Campus de Pascua - Ayuntamiento de Aldaia","isPartOf":{"@id":"https:\/\/aldaia.es\/es\/#website"},"datePublished":"2024-09-19T09:25:33+00:00","dateModified":"2026-03-26T08:42:35+00:00","description":"Informaciones para las ediciones de Pascua del Campus del Polideportivo Jaume Ort\u00ed y del Campus de Llavoreta. Ayuntamiento de Aldaia.","breadcrumb":{"@id":"https:\/\/aldaia.es\/es\/educacion\/campus-de-pascua\/#breadcrumb"},"inLanguage":"es","potentialAction":[{"@type":"ReadAction","target":["https:\/\/aldaia.es\/es\/educacion\/campus-de-pascua\/"]}]},{"@type":"BreadcrumbList","@id":"https:\/\/aldaia.es\/es\/educacion\/campus-de-pascua\/#breadcrumb","itemListElement":[{"@type":"ListItem","position":1,"name":"Portada","item":"https:\/\/aldaia.es\/es\/"},{"@type":"ListItem","position":2,"name":"Educaci\u00f3n","item":"https:\/\/aldaia.es\/es\/educacion\/"},{"@type":"ListItem","position":3,"name":"Campus de Pascua"}]},{"@type":"WebSite","@id":"https:\/\/aldaia.es\/es\/#website","url":"https:\/\/aldaia.es\/es\/","name":"Ajuntament D'Aldaia","description":"","publisher":{"@id":"https:\/\/aldaia.es\/es\/#organization"},"alternateName":"Ajuntament D'Aldaia","potentialAction":[{"@type":"SearchAction","target":{"@type":"EntryPoint","urlTemplate":"https:\/\/aldaia.es\/es\/?s={search_term_string}"},"query-input":{"@type":"PropertyValueSpecification","valueRequired":true,"valueName":"search_term_string"}}],"inLanguage":"es"},{"@type":"Organization","@id":"https:\/\/aldaia.es\/es\/#organization","name":"Ajuntament D'Aldaia","url":"https:\/\/aldaia.es\/es\/","logo":{"@type":"ImageObject","inLanguage":"es","@id":"https:\/\/aldaia.es\/es\/#\/schema\/logo\/image\/","url":"https:\/\/aldaia.es\/wp-content\/uploads\/2022\/06\/aldaia-negro-1.png","contentUrl":"https:\/\/aldaia.es\/wp-content\/uploads\/2022\/06\/aldaia-negro-1.png","width":152,"height":70,"caption":"Ajuntament D'Aldaia"},"image":{"@id":"https:\/\/aldaia.es\/es\/#\/schema\/logo\/image\/"}}]}},"_links":{"self":[{"href":"https:\/\/aldaia.es\/es\/wp-json\/wp\/v2\/pages\/32362","targetHints":{"allow":["GET"]}}],"collection":[{"href":"https:\/\/aldaia.es\/es\/wp-json\/wp\/v2\/pages"}],"about":[{"href":"https:\/\/aldaia.es\/es\/wp-json\/wp\/v2\/types\/page"}],"author":[{"embeddable":true,"href":"https:\/\/aldaia.es\/es\/wp-json\/wp\/v2\/users\/42"}],"replies":[{"embeddable":true,"href":"https:\/\/aldaia.es\/es\/wp-json\/wp\/v2\/comments?post=32362"}],"version-history":[{"count":10,"href":"https:\/\/aldaia.es\/es\/wp-json\/wp\/v2\/pages\/32362\/revisions"}],"predecessor-version":[{"id":41349,"href":"https:\/\/aldaia.es\/es\/wp-json\/wp\/v2\/pages\/32362\/revisions\/41349"}],"up":[{"embeddable":true,"href":"https:\/\/aldaia.es\/es\/wp-json\/wp\/v2\/pages\/6252"}],"wp:attachment":[{"href":"https:\/\/aldaia.es\/es\/wp-json\/wp\/v2\/media?parent=32362"}],"curies":[{"name":"wp","href":"https:\/\/api.w.org\/{rel}","templated":true}]}}