{"id":32556,"date":"2024-09-20T09:04:17","date_gmt":"2024-09-20T07:04:17","guid":{"rendered":"https:\/\/aldaia.es\/educacion\/programes-formatius-de-qualificacio-basica-aldaia\/"},"modified":"2024-09-20T10:24:42","modified_gmt":"2024-09-20T08:24:42","slug":"programas-formativos-cualificacion-basica-aldaia","status":"publish","type":"page","link":"https:\/\/aldaia.es\/es\/educacion\/programas-formativos-cualificacion-basica-aldaia\/","title":{"rendered":"Programas Formativos de Cualificaci\u00f3n B\u00e1sica"},"content":{"rendered":"\n<div class=\"wp-block-columns dep-educacion is-layout-flex wp-container-core-columns-is-layout-9d6595d7 wp-block-columns-is-layout-flex\">\n<div class=\"wp-block-column is-layout-flow wp-block-column-is-layout-flow\" style=\"flex-basis:30%\"><!--  Info educacion -->\n\n \n\n<div class='bloque-infos-educacion wrapper-departamentos'>\n<p class=\"tit-bloque-infos\">Centro Municipal Vicent Andres Estell\u00e9s<\/p>\n        <div class='infos-departamento'>\n            <p>Av. Miguel Hern\u00e1ndez, 36, 46960 Aldaia, Valencia, Espa\u00f1a<\/p>\n            <p><i class=\"fa fa-phone\" aria-hidden=\"true\"><\/i> <a href=\"tel:+34961988812\">+34 96 198 88 12<\/a><\/p>\n            <p><strong>Horari:<\/strong><\/p>\n            <p>Lunes a Viernes de 9:00 a 14:00 horas. Tardes lunes de 17:00 a 19:00 horas.<\/p>\n            <p><i class=\"fas fa-envelope\"><\/i> <a href=\"mailto:educacio@ajuntamentaldaia.org\">educacio@ajuntamentaldaia.org<\/a><\/p>\n           \n        <\/div>\n\n        <div class='mapa-1'>\n        <iframe src=\"https:\/\/www.google.com\/maps\/embed?pb=!1m18!1m12!1m3!1d2690.682908478369!2d-0.4686331129630299!3d39.46730324512737!2m3!1f0!2f0!3f0!3m2!1i1024!2i768!4f13.1!3m3!1m2!1s0xd605015adeec8f5%3A0x8b1b4140f8e0c4b3!2sCentre%20Municipal%20Vicent%20Andres%20Estell%C3%A9s!5e0!3m2!1ses!2sus!4v1726660218475!5m2!1ses!2sus\" width=\"100%\" height=\"450\" style=\"border:0;\" allowfullscreen=\"\" loading=\"lazy\" referrerpolicy=\"no-referrer-when-downgrade\"><\/iframe>\n        <\/div>\n\n    <\/div>\n    <!-- end bloque infos -->\n   \n\n    \n\n\n\n\n\n<figure class=\"wp-block-image size-full\"><img loading=\"lazy\" decoding=\"async\" width=\"320\" height=\"320\" src=\"https:\/\/aldaia.es\/wp-content\/uploads\/2024\/09\/pfcb-aldaia-logo.jpg\" alt=\"Programes Formatius de Qualificaci\u00f3 B\u00e0sica\" class=\"wp-image-32546\" srcset=\"https:\/\/aldaia.es\/wp-content\/uploads\/2024\/09\/pfcb-aldaia-logo.jpg 320w, https:\/\/aldaia.es\/wp-content\/uploads\/2024\/09\/pfcb-aldaia-logo-300x300.jpg 300w, https:\/\/aldaia.es\/wp-content\/uploads\/2024\/09\/pfcb-aldaia-logo-150x150.jpg 150w\" sizes=\"auto, (max-width: 320px) 100vw, 320px\" \/><\/figure>\n<\/div>\n\n\n\n<div class=\"wp-block-column is-layout-flow wp-block-column-is-layout-flow\" style=\"flex-basis:70%\">\n<h1 class=\"wp-block-heading\">Programas Formativos de Cualificaci\u00f3n B\u00e1sica<\/h1>\n\n\n\n<h2 class=\"wp-block-heading\">\u00bfQu\u00e9 son los Programas Formativos de Cualificaci\u00f3n B\u00e1sica?<\/h2>\n\n\n\n<p>Los programas formativos de cualificaci\u00f3n b\u00e1sica son cursos que favorecen la madurez personal y mejoran la formaci\u00f3n en una profesi\u00f3n, por tanto, mejoran la posibilidad de encontrar un empleo.<\/p>\n\n\n\n<p>Son cursos oficiales con una duraci\u00f3n de un a\u00f1o escolar.<\/p>\n\n\n\n<p>En el Ayuntamiento de Aldaia la especialidad es de \u00abOperaciones Auxiliares de Mantenimiento de Carrocer\u00eda\u201d.<\/p>\n\n\n\n<h3 class=\"wp-block-heading\"><strong>El contenido del curso se compone de:<\/strong><\/h3>\n\n\n\n<p><strong>M\u00f3dulos profesionales:<\/strong><\/p>\n\n\n\n<ul class=\"wp-block-list\">\n<li>Mecanizado y soldadura<\/li>\n\n\n\n<li>Amovibles<\/li>\n\n\n\n<li>Preparaci\u00f3n de superficies<\/li>\n\n\n\n<li>Formaci\u00f3n en centros de trabajo<\/li>\n<\/ul>\n\n\n\n<p><strong>M\u00f3dulos formativos de car\u00e1cter general:<\/strong><\/p>\n\n\n\n<ul class=\"wp-block-list\">\n<li>M\u00f3dulo ling\u00fc\u00edstico-social<\/li>\n\n\n\n<li>M\u00f3dulo cient\u00edfico-matem\u00e1tico<\/li>\n\n\n\n<li>M\u00f3dulo de formaci\u00f3n y orientaci\u00f3n laboral<\/li>\n\n\n\n<li>M\u00f3dulo de prevenci\u00f3n de riesgos laborales y calidad medioambiental<\/li>\n\n\n\n<li>Tutor\u00edas<\/li>\n\n\n\n<li>M\u00f3dulo optativo.<\/li>\n<\/ul>\n\n\n\n<p>El curso tiene una duraci\u00f3n de 960 h, incluido un periodo de pr\u00e1cticas.<\/p>\n\n\n\n<h2 class=\"wp-block-heading\">\u00bfA qui\u00e9n va dirigido?<\/h2>\n\n\n\n<p>Est\u00e1 dirigido a j\u00f3venes entre 16 a 21 a\u00f1os de edad, cumplidos en el a\u00f1o de inicio del programa, que no hayan obtenido el t\u00edtulo de Graduado en Educaci\u00f3n Secundaria (ESO.<\/p>\n\n\n\n<h2 class=\"wp-block-heading\">\u00bfQu\u00e9 certificaci\u00f3n acad\u00e9mica se obtiene?<\/h2>\n\n\n\n<p>Una vez superado el Programa, se obtendr\u00e1:<\/p>\n\n\n\n<p>Una certificaci\u00f3n acad\u00e9mica, expedida por la Conselleria de Educaci\u00f3n, en la que constar\u00e1n los m\u00f3dulos profesionales espec\u00edficos, los m\u00f3dulos formativos de car\u00e1cter general, as\u00ed como el optativo.<\/p>\n\n\n\n<p>Se acreditar\u00e1n las unidades de competencias profesionales superadas.<\/p>\n\n\n\n<h2 class=\"wp-block-heading\">\u00bfQu\u00e9 podr\u00e9 estudiar cu\u00e1ndo se finaliza?<\/h2>\n\n\n\n<p>Una vez superado el curso adem\u00e1s de continuar la formaci\u00f3n a trav\u00e9s de las siguientes de alternativas formativas:<\/p>\n\n\n\n<ul class=\"wp-block-list\">\n<li>Presentarte a la prueba de acceso a ciclo formativo de grado medio<\/li>\n\n\n\n<li>Presentarte a la prueba de certificaci\u00f3n de competencias clave nivel 2<\/li>\n\n\n\n<li>Acceder a un ciclo de formaci\u00f3n profesional b\u00e1sica.<\/li>\n\n\n\n<li>Asistir a una de las distintas alternativas que existen para obtener el Graduado en ESO.<\/li>\n<\/ul>\n<\/div>\n<\/div>\n\n\n\n<h2 class=\"wp-block-heading display-4\">2023-24<\/h2>\n\n\n\n<p><strong>Calendario de admisi\u00f3n y matr\u00edcula para el curso 2023-24<\/strong><\/p>\n\n\n\n<figure class=\"wp-block-table\"><table><tbody><tr><td><strong>Solicitudes. En el portal telem\u00e1tico.<\/strong><br><a href=\"https:\/\/portal.edu.gva.es\/telematricula\/es\/inicio\/\"><strong>https:\/\/portal.edu.gva.es\/telematricula\/es\/inicio\/<\/strong><\/a><\/td><td><strong>3 al<\/strong>&nbsp;<strong>9 de julio<\/strong><\/td><\/tr><tr><td><strong>Listas provisionales<\/strong><\/td><td><strong>14 de <strong>julio<\/strong><\/strong><\/td><\/tr><tr><td><strong>Listas definitivas<\/strong><\/td><td><strong>21 de juliol<\/strong><\/td><\/tr><tr><td><strong>Matr\u00edcula<\/strong><\/td><td><strong>26 al 28 de julio<\/strong><\/td><\/tr><\/tbody><\/table><\/figure>\n\n\n\n<h2 class=\"wp-block-heading display-4\">2023<\/h2>\n\n\n\n<p>Vuelven un a\u00f1o m\u00e1s las ediciones de Verano del Campus del Polideportivo Jaume Ort\u00ed y del Campus de Llavoreta.<\/p>\n\n\n\n<p>Consulta toda la informaci\u00f3n sobre precios, horarios y tarifas en los dossieres adjuntos.<\/p>\n\n\n\n<p>Inscripciones del 29 de mayo al 14 de junio<\/p>\n\n\n\n<div class=\"wp-block-columns is-layout-flex wp-container-core-columns-is-layout-9d6595d7 wp-block-columns-is-layout-flex\">\n<div class=\"wp-block-column lista_adjuntos is-layout-flow wp-block-column-is-layout-flow\">\n<h2 class=\"wp-block-heading display-4\">Adjuntos<\/h2>\n\n\n\n<p><i class=\"fas fa-file-pdf\"><\/i> <a href=\"https:\/\/aldaia.es\/wp-content\/uploads\/2023\/05\/Campus-Estiu-2023.pdf\" target=\"_blank\" rel=\"noreferrer noopener\">Informaci\u00f3n Campus Verano Polideportivo 2023<\/a><\/p>\n\n\n\n<p><i class=\"fas fa-file-pdf\"><\/i> <a href=\"https:\/\/aldaia.es\/wp-content\/uploads\/2023\/05\/Campus-Estiu-Llavoreta-2023.pdf\" target=\"_blank\" rel=\"noreferrer noopener\">Informaci\u00f3n Campus Verano Llavoreta 2023<\/a> &#8211; Agotado<\/p>\n<\/div>\n<\/div>\n\n\n\n<div class=\"wp-block-columns is-layout-flex wp-container-core-columns-is-layout-9d6595d7 wp-block-columns-is-layout-flex\">\n<div class=\"wp-block-column lista_adjuntos is-layout-flow wp-block-column-is-layout-flow\">\n<h2 class=\"wp-block-heading display-4\">Enlaces<\/h2>\n\n\n\n<p><i class=\"fas fa-link\"><\/i> <a href=\"https:\/\/portal.edu.gva.es\/adminova\/\" target=\"_blank\" rel=\"noreferrer noopener\">Portal ADMINOVA GVA<\/a><\/p>\n\n\n\n<p><i class=\"fas fa-link\"><\/i> <a href=\"https:\/\/aldaia.es\/es\/educacion\/puertas-abiertas\/\">Jornada puertas abiertas <\/a><\/p>\n<\/div>\n<\/div>\n\n\n\n<p><\/p>\n","protected":false},"excerpt":{"rendered":"<p>Programas Formativos de Cualificaci\u00f3n B\u00e1sica \u00bfQu\u00e9 son los Programas Formativos de Cualificaci\u00f3n B\u00e1sica? Los programas formativos de cualificaci\u00f3n b\u00e1sica son cursos que favorecen la madurez personal y mejoran la formaci\u00f3n <a class=\"text-decoration-none text-black\" href=\"https:\/\/aldaia.es\/es\/educacion\/programas-formativos-cualificacion-basica-aldaia\/\"> &#8230; <\/a><\/p>\n","protected":false},"author":42,"featured_media":0,"parent":6252,"menu_order":0,"comment_status":"closed","ping_status":"closed","template":"basic-page-departamentos.php","meta":{"_acf_changed":false,"footnotes":""},"class_list":["post-32556","page","type-page","status-publish","hentry"],"acf":[],"yoast_head":"<!-- This site is optimized with the Yoast SEO plugin v27.0 - https:\/\/yoast.com\/product\/yoast-seo-wordpress\/ -->\n<title>Programas Formativos de Cualificaci\u00f3n B\u00e1sica - Ayuntamiento de Aldaia<\/title>\n<meta name=\"description\" content=\"Los programas formativos de cualificaci\u00f3n b\u00e1sica son cursos que favorecen la madurez personal y mejoran la formaci\u00f3n en una profesi\u00f3n.\" \/>\n<meta name=\"robots\" content=\"index, follow, max-snippet:-1, max-image-preview:large, max-video-preview:-1\" \/>\n<link rel=\"canonical\" href=\"https:\/\/aldaia.es\/es\/educacion\/programas-formativos-cualificacion-basica-aldaia\/\" \/>\n<meta property=\"og:locale\" content=\"es_ES\" \/>\n<meta property=\"og:type\" content=\"article\" \/>\n<meta property=\"og:title\" content=\"Programas Formativos de Cualificaci\u00f3n B\u00e1sica - Ayuntamiento de Aldaia\" \/>\n<meta property=\"og:description\" content=\"Los programas formativos de cualificaci\u00f3n b\u00e1sica son cursos que favorecen la madurez personal y mejoran la formaci\u00f3n en una profesi\u00f3n.\" \/>\n<meta property=\"og:url\" content=\"https:\/\/aldaia.es\/es\/educacion\/programas-formativos-cualificacion-basica-aldaia\/\" \/>\n<meta property=\"og:site_name\" content=\"Ayuntamiento de Aldaia\" \/>\n<meta property=\"article:modified_time\" content=\"2024-09-20T08:24:42+00:00\" \/>\n<meta property=\"og:image\" content=\"https:\/\/aldaia.es\/wp-content\/uploads\/2024\/09\/pfcb-aldaia-logo.jpg\" \/>\n<script type=\"application\/ld+json\" class=\"yoast-schema-graph\">{\"@context\":\"https:\/\/schema.org\",\"@graph\":[{\"@type\":\"WebPage\",\"@id\":\"https:\/\/aldaia.es\/es\/educacion\/programas-formativos-cualificacion-basica-aldaia\/\",\"url\":\"https:\/\/aldaia.es\/es\/educacion\/programas-formativos-cualificacion-basica-aldaia\/\",\"name\":\"Programas Formativos de Cualificaci\u00f3n B\u00e1sica - Ayuntamiento de Aldaia\",\"isPartOf\":{\"@id\":\"https:\/\/aldaia.es\/es\/#website\"},\"primaryImageOfPage\":{\"@id\":\"https:\/\/aldaia.es\/es\/educacion\/programas-formativos-cualificacion-basica-aldaia\/#primaryimage\"},\"image\":{\"@id\":\"https:\/\/aldaia.es\/es\/educacion\/programas-formativos-cualificacion-basica-aldaia\/#primaryimage\"},\"thumbnailUrl\":\"https:\/\/aldaia.es\/wp-content\/uploads\/2024\/09\/pfcb-aldaia-logo.jpg\",\"datePublished\":\"2024-09-20T07:04:17+00:00\",\"dateModified\":\"2024-09-20T08:24:42+00:00\",\"description\":\"Los programas formativos de cualificaci\u00f3n b\u00e1sica son cursos que favorecen la madurez personal y mejoran la formaci\u00f3n en una profesi\u00f3n.\",\"breadcrumb\":{\"@id\":\"https:\/\/aldaia.es\/es\/educacion\/programas-formativos-cualificacion-basica-aldaia\/#breadcrumb\"},\"inLanguage\":\"es\",\"potentialAction\":[{\"@type\":\"ReadAction\",\"target\":[\"https:\/\/aldaia.es\/es\/educacion\/programas-formativos-cualificacion-basica-aldaia\/\"]}]},{\"@type\":\"ImageObject\",\"inLanguage\":\"es\",\"@id\":\"https:\/\/aldaia.es\/es\/educacion\/programas-formativos-cualificacion-basica-aldaia\/#primaryimage\",\"url\":\"https:\/\/aldaia.es\/wp-content\/uploads\/2024\/09\/pfcb-aldaia-logo.jpg\",\"contentUrl\":\"https:\/\/aldaia.es\/wp-content\/uploads\/2024\/09\/pfcb-aldaia-logo.jpg\"},{\"@type\":\"BreadcrumbList\",\"@id\":\"https:\/\/aldaia.es\/es\/educacion\/programas-formativos-cualificacion-basica-aldaia\/#breadcrumb\",\"itemListElement\":[{\"@type\":\"ListItem\",\"position\":1,\"name\":\"Portada\",\"item\":\"https:\/\/aldaia.es\/es\/\"},{\"@type\":\"ListItem\",\"position\":2,\"name\":\"Educaci\u00f3n\",\"item\":\"https:\/\/aldaia.es\/es\/educacion\/\"},{\"@type\":\"ListItem\",\"position\":3,\"name\":\"Programas Formativos de Cualificaci\u00f3n B\u00e1sica\"}]},{\"@type\":\"WebSite\",\"@id\":\"https:\/\/aldaia.es\/es\/#website\",\"url\":\"https:\/\/aldaia.es\/es\/\",\"name\":\"Ajuntament D'Aldaia\",\"description\":\"\",\"publisher\":{\"@id\":\"https:\/\/aldaia.es\/es\/#organization\"},\"alternateName\":\"Ajuntament D'Aldaia\",\"potentialAction\":[{\"@type\":\"SearchAction\",\"target\":{\"@type\":\"EntryPoint\",\"urlTemplate\":\"https:\/\/aldaia.es\/es\/?s={search_term_string}\"},\"query-input\":{\"@type\":\"PropertyValueSpecification\",\"valueRequired\":true,\"valueName\":\"search_term_string\"}}],\"inLanguage\":\"es\"},{\"@type\":\"Organization\",\"@id\":\"https:\/\/aldaia.es\/es\/#organization\",\"name\":\"Ajuntament D'Aldaia\",\"url\":\"https:\/\/aldaia.es\/es\/\",\"logo\":{\"@type\":\"ImageObject\",\"inLanguage\":\"es\",\"@id\":\"https:\/\/aldaia.es\/es\/#\/schema\/logo\/image\/\",\"url\":\"https:\/\/aldaia.es\/wp-content\/uploads\/2022\/06\/aldaia-negro-1.png\",\"contentUrl\":\"https:\/\/aldaia.es\/wp-content\/uploads\/2022\/06\/aldaia-negro-1.png\",\"width\":152,\"height\":70,\"caption\":\"Ajuntament D'Aldaia\"},\"image\":{\"@id\":\"https:\/\/aldaia.es\/es\/#\/schema\/logo\/image\/\"}}]}<\/script>\n<!-- \/ Yoast SEO plugin. -->","yoast_head_json":{"title":"Programas Formativos de Cualificaci\u00f3n B\u00e1sica - Ayuntamiento de Aldaia","description":"Los programas formativos de cualificaci\u00f3n b\u00e1sica son cursos que favorecen la madurez personal y mejoran la formaci\u00f3n en una profesi\u00f3n.","robots":{"index":"index","follow":"follow","max-snippet":"max-snippet:-1","max-image-preview":"max-image-preview:large","max-video-preview":"max-video-preview:-1"},"canonical":"https:\/\/aldaia.es\/es\/educacion\/programas-formativos-cualificacion-basica-aldaia\/","og_locale":"es_ES","og_type":"article","og_title":"Programas Formativos de Cualificaci\u00f3n B\u00e1sica - Ayuntamiento de Aldaia","og_description":"Los programas formativos de cualificaci\u00f3n b\u00e1sica son cursos que favorecen la madurez personal y mejoran la formaci\u00f3n en una profesi\u00f3n.","og_url":"https:\/\/aldaia.es\/es\/educacion\/programas-formativos-cualificacion-basica-aldaia\/","og_site_name":"Ayuntamiento de Aldaia","article_modified_time":"2024-09-20T08:24:42+00:00","og_image":[{"url":"https:\/\/aldaia.es\/wp-content\/uploads\/2024\/09\/pfcb-aldaia-logo.jpg","type":"","width":"","height":""}],"schema":{"@context":"https:\/\/schema.org","@graph":[{"@type":"WebPage","@id":"https:\/\/aldaia.es\/es\/educacion\/programas-formativos-cualificacion-basica-aldaia\/","url":"https:\/\/aldaia.es\/es\/educacion\/programas-formativos-cualificacion-basica-aldaia\/","name":"Programas Formativos de Cualificaci\u00f3n B\u00e1sica - Ayuntamiento de Aldaia","isPartOf":{"@id":"https:\/\/aldaia.es\/es\/#website"},"primaryImageOfPage":{"@id":"https:\/\/aldaia.es\/es\/educacion\/programas-formativos-cualificacion-basica-aldaia\/#primaryimage"},"image":{"@id":"https:\/\/aldaia.es\/es\/educacion\/programas-formativos-cualificacion-basica-aldaia\/#primaryimage"},"thumbnailUrl":"https:\/\/aldaia.es\/wp-content\/uploads\/2024\/09\/pfcb-aldaia-logo.jpg","datePublished":"2024-09-20T07:04:17+00:00","dateModified":"2024-09-20T08:24:42+00:00","description":"Los programas formativos de cualificaci\u00f3n b\u00e1sica son cursos que favorecen la madurez personal y mejoran la formaci\u00f3n en una profesi\u00f3n.","breadcrumb":{"@id":"https:\/\/aldaia.es\/es\/educacion\/programas-formativos-cualificacion-basica-aldaia\/#breadcrumb"},"inLanguage":"es","potentialAction":[{"@type":"ReadAction","target":["https:\/\/aldaia.es\/es\/educacion\/programas-formativos-cualificacion-basica-aldaia\/"]}]},{"@type":"ImageObject","inLanguage":"es","@id":"https:\/\/aldaia.es\/es\/educacion\/programas-formativos-cualificacion-basica-aldaia\/#primaryimage","url":"https:\/\/aldaia.es\/wp-content\/uploads\/2024\/09\/pfcb-aldaia-logo.jpg","contentUrl":"https:\/\/aldaia.es\/wp-content\/uploads\/2024\/09\/pfcb-aldaia-logo.jpg"},{"@type":"BreadcrumbList","@id":"https:\/\/aldaia.es\/es\/educacion\/programas-formativos-cualificacion-basica-aldaia\/#breadcrumb","itemListElement":[{"@type":"ListItem","position":1,"name":"Portada","item":"https:\/\/aldaia.es\/es\/"},{"@type":"ListItem","position":2,"name":"Educaci\u00f3n","item":"https:\/\/aldaia.es\/es\/educacion\/"},{"@type":"ListItem","position":3,"name":"Programas Formativos de Cualificaci\u00f3n B\u00e1sica"}]},{"@type":"WebSite","@id":"https:\/\/aldaia.es\/es\/#website","url":"https:\/\/aldaia.es\/es\/","name":"Ajuntament D'Aldaia","description":"","publisher":{"@id":"https:\/\/aldaia.es\/es\/#organization"},"alternateName":"Ajuntament D'Aldaia","potentialAction":[{"@type":"SearchAction","target":{"@type":"EntryPoint","urlTemplate":"https:\/\/aldaia.es\/es\/?s={search_term_string}"},"query-input":{"@type":"PropertyValueSpecification","valueRequired":true,"valueName":"search_term_string"}}],"inLanguage":"es"},{"@type":"Organization","@id":"https:\/\/aldaia.es\/es\/#organization","name":"Ajuntament D'Aldaia","url":"https:\/\/aldaia.es\/es\/","logo":{"@type":"ImageObject","inLanguage":"es","@id":"https:\/\/aldaia.es\/es\/#\/schema\/logo\/image\/","url":"https:\/\/aldaia.es\/wp-content\/uploads\/2022\/06\/aldaia-negro-1.png","contentUrl":"https:\/\/aldaia.es\/wp-content\/uploads\/2022\/06\/aldaia-negro-1.png","width":152,"height":70,"caption":"Ajuntament D'Aldaia"},"image":{"@id":"https:\/\/aldaia.es\/es\/#\/schema\/logo\/image\/"}}]}},"_links":{"self":[{"href":"https:\/\/aldaia.es\/es\/wp-json\/wp\/v2\/pages\/32556","targetHints":{"allow":["GET"]}}],"collection":[{"href":"https:\/\/aldaia.es\/es\/wp-json\/wp\/v2\/pages"}],"about":[{"href":"https:\/\/aldaia.es\/es\/wp-json\/wp\/v2\/types\/page"}],"author":[{"embeddable":true,"href":"https:\/\/aldaia.es\/es\/wp-json\/wp\/v2\/users\/42"}],"replies":[{"embeddable":true,"href":"https:\/\/aldaia.es\/es\/wp-json\/wp\/v2\/comments?post=32556"}],"version-history":[{"count":5,"href":"https:\/\/aldaia.es\/es\/wp-json\/wp\/v2\/pages\/32556\/revisions"}],"predecessor-version":[{"id":32582,"href":"https:\/\/aldaia.es\/es\/wp-json\/wp\/v2\/pages\/32556\/revisions\/32582"}],"up":[{"embeddable":true,"href":"https:\/\/aldaia.es\/es\/wp-json\/wp\/v2\/pages\/6252"}],"wp:attachment":[{"href":"https:\/\/aldaia.es\/es\/wp-json\/wp\/v2\/media?parent=32556"}],"curies":[{"name":"wp","href":"https:\/\/api.w.org\/{rel}","templated":true}]}}