{"id":40749,"date":"2026-02-17T08:43:48","date_gmt":"2026-02-17T07:43:48","guid":{"rendered":"https:\/\/aldaia.es\/?page_id=40749"},"modified":"2026-02-17T13:20:19","modified_gmt":"2026-02-17T12:20:19","slug":"aldaia-accesible","status":"publish","type":"page","link":"https:\/\/aldaia.es\/es\/aldaia-accesible\/","title":{"rendered":"Aldaia Accesible"},"content":{"rendered":"\n<div class=\"wp-block-columns is-layout-flex wp-container-core-columns-is-layout-9d6595d7 wp-block-columns-is-layout-flex\">\n<div class=\"wp-block-column lead is-layout-flow wp-block-column-is-layout-flow\">\n<p>El Ayuntamiento de Aldaia trabaja para eliminar cualquier barrera que pueda dificultar la relaci\u00f3n de las personas con diversidad funcional y sus familias con la administraci\u00f3n municipal.<\/p>\n\n\n\n<p>A trav\u00e9s del servicio Aldaia Accesible, garantizamos una atenci\u00f3n accesible y adaptada a las necesidades de cada persona, facilitando la realizaci\u00f3n de tr\u00e1mites y gestiones con cualquier departamento municipal.<\/p>\n<\/div>\n<\/div>\n\n\n\n<div class=\"wp-block-columns is-layout-flex wp-container-core-columns-is-layout-9d6595d7 wp-block-columns-is-layout-flex\">\n<div class=\"wp-block-column p-4 border border-2 border-dark bg-light is-layout-flow wp-block-column-is-layout-flow\">\n<h2 class=\"wp-block-heading\"><strong>\u00bfQui\u00e9n puede usarlo?<\/strong><\/h2>\n\n\n\n<p>Personas con cualquier tipo de diversidad funcional:<\/p>\n\n\n\n<ul class=\"wp-block-list\">\n<li>F\u00edsica o movilidad reducida<\/li>\n\n\n\n<li>Sensorial (visual o auditiva)<\/li>\n\n\n\n<li>Intelectual o cognitiva<\/li>\n\n\n\n<li>Salud mental<\/li>\n\n\n\n<li>Enfermedades cr\u00f3nicas o temporales<\/li>\n<\/ul>\n<\/div>\n\n\n\n<div class=\"wp-block-column p-4 border border-2 border-dark bg-light is-layout-flow wp-block-column-is-layout-flow\">\n<h2 class=\"wp-block-heading\"><strong>\u00bfQu\u00e9 ofrecemos?<\/strong><\/h2>\n\n\n\n<ul class=\"wp-block-list\">\n<li>Atenci\u00f3n adaptada y accesible<\/li>\n\n\n\n<li>Apoyo para realizar tr\u00e1mites con cualquier departamento<\/li>\n\n\n\n<li>Comunicaci\u00f3n por tu medio preferido (tel\u00e9fono, email, presencial, videollamada)<\/li>\n\n\n\n<li>Adaptaciones seg\u00fan tus necesidades (lengua de signos, lectura f\u00e1cil, etc.)<\/li>\n<\/ul>\n<\/div>\n<\/div>\n\n\n\n<div style=\"height:23px\" aria-hidden=\"true\" class=\"wp-block-spacer\"><\/div>\n\n\n\n<div class=\"wp-block-columns is-layout-flex wp-container-core-columns-is-layout-9d6595d7 wp-block-columns-is-layout-flex\">\n<div class=\"wp-block-column contacte is-layout-flow wp-block-column-is-layout-flow\">\n<h2 class=\"wp-block-heading h1 bordetitulo pb-2 my-3\"><strong>C\u00f3mo solicitarlo:<\/strong><\/h2>\n\n\n\n<p>Rellena el formulario y nos pondremos en contacto por la v\u00eda m\u00e1s adecuada para acompa\u00f1arte en la gesti\u00f3n que necesites realizar.<\/p>\n\n\n\n<div class=\"wpcf7 no-js\" id=\"wpcf7-f40771-o1\" lang=\"es-ES\" dir=\"ltr\" data-wpcf7-id=\"40771\">\n<div class=\"screen-reader-response\"><p role=\"status\" aria-live=\"polite\" aria-atomic=\"true\"><\/p> <ul><\/ul><\/div>\n<form action=\"\/es\/wp-json\/wp\/v2\/pages\/40749#wpcf7-f40771-o1\" method=\"post\" class=\"wpcf7-form init wpcf7-acceptance-as-validation\" aria-label=\"Formulario de contacto\" novalidate=\"novalidate\" data-status=\"init\">\n<fieldset class=\"hidden-fields-container\"><input type=\"hidden\" name=\"_wpcf7\" value=\"40771\" \/><input type=\"hidden\" name=\"_wpcf7_version\" value=\"6.1.5\" \/><input type=\"hidden\" name=\"_wpcf7_locale\" value=\"es_ES\" \/><input type=\"hidden\" name=\"_wpcf7_unit_tag\" value=\"wpcf7-f40771-o1\" \/><input type=\"hidden\" name=\"_wpcf7_container_post\" value=\"0\" \/><input type=\"hidden\" name=\"_wpcf7_posted_data_hash\" value=\"\" \/>\n<\/fieldset>\n<div class=\"wpcf7-turnstile cf-turnstile\" data-sitekey=\"0x4AAAAAACelVbUHUxTSxUi3\" data-response-field-name=\"_wpcf7_turnstile_response\"><\/div>\n\n<div class=\"contacto-form row \">\n\t<div class=\"col-12 \">\n\t\t<p><label> Nombre y Apellidos*<br \/>\n<span class=\"wpcf7-form-control-wrap\" data-name=\"nombre\"><input size=\"40\" maxlength=\"400\" class=\"wpcf7-form-control wpcf7-text wpcf7-validates-as-required\" aria-required=\"true\" aria-invalid=\"false\" value=\"\" type=\"text\" name=\"nombre\" \/><\/span> <\/label>\n\t\t<\/p>\n\t<\/div>\n\t<div class=\"col-12 col-md-6\">\n\t\t<p><label> Tel\u00e9fono de contacto*<br \/>\n<span class=\"wpcf7-form-control-wrap\" data-name=\"telefono\"><input size=\"40\" maxlength=\"400\" class=\"wpcf7-form-control wpcf7-tel wpcf7-validates-as-required wpcf7-text wpcf7-validates-as-tel\" aria-required=\"true\" aria-invalid=\"false\" value=\"\" type=\"tel\" name=\"telefono\" \/><\/span> <\/label>\n\t\t<\/p>\n\t<\/div>\n\t<div class=\"col-12 col-md-6\">\n\t\t<p><label> Correo electr\u00f3nico*<br \/>\n<span class=\"wpcf7-form-control-wrap\" data-name=\"correo\"><input size=\"40\" maxlength=\"400\" class=\"wpcf7-form-control wpcf7-email wpcf7-validates-as-required wpcf7-text wpcf7-validates-as-email\" aria-required=\"true\" aria-invalid=\"false\" value=\"\" type=\"email\" name=\"correo\" \/><\/span> <\/label>\n\t\t<\/p>\n\t<\/div>\n\t<div class=\"col-12 \">\n\t\t<p><label> Tipo de Diversidad Funcional*<br \/>\n<span class=\"wpcf7-form-control-wrap\" data-name=\"diversidad\"><input size=\"40\" maxlength=\"400\" class=\"wpcf7-form-control wpcf7-text wpcf7-validates-as-required\" aria-required=\"true\" aria-invalid=\"false\" value=\"\" type=\"text\" name=\"diversidad\" \/><\/span> <\/label>\n\t\t<\/p>\n\t<\/div>\n\t<div class=\"col-12 \">\n\t\t<p><label> Demanda*<br \/>\n<span class=\"wpcf7-form-control-wrap\" data-name=\"demanda\"><textarea cols=\"40\" rows=\"10\" maxlength=\"2000\" class=\"wpcf7-form-control wpcf7-textarea wpcf7-validates-as-required\" aria-required=\"true\" aria-invalid=\"false\" name=\"demanda\"><\/textarea><\/span> <\/label>\n\t\t<\/p>\n\t<\/div>\n\t<div class=\"col-12 \">\n\t\t<p><label> Departamento Municipal*<br \/>\n<span class=\"wpcf7-form-control-wrap\" data-name=\"departamento\"><input size=\"40\" maxlength=\"400\" class=\"wpcf7-form-control wpcf7-text wpcf7-validates-as-required\" aria-required=\"true\" aria-invalid=\"false\" value=\"\" type=\"text\" name=\"departamento\" \/><\/span> <\/label>\n\t\t<\/p>\n\t<\/div>\n\t<div class=\" col-12\">\n\t\t<p style=\"font-size:15px; line-height:17px;\" class=\"m-0 p-0 text-dark\"><span class=\"wpcf7-form-control-wrap\" data-name=\"acceptance-662\"><span class=\"wpcf7-form-control wpcf7-acceptance\"><span class=\"wpcf7-list-item\"><label><input type=\"checkbox\" name=\"acceptance-662\" value=\"1\" aria-invalid=\"false\" \/><span class=\"wpcf7-list-item-label\">He le\u00eddo y acepto la <a class=\"text-dark\" title=\"Pol\u00edtica de privacidad\" target=\"_blank\" href=\"https:\/\/aldaia.es\/es\/politica-de-privacidad\/\"> <u>pol\u00edtica de privacidad<\/u><\/a>.<\/span><\/label><\/span><\/span><\/span>\n\t\t<\/p>\n\t\t<p style=\"font-size:13px; line-height:14px;\" class=\" text-dark mt-0 pe-3 \" ><br \/>\nLos datos de car\u00e1cter personal que nos proporciones, ser\u00e1n tratados por el Ayuntamiento de Aldaia, como responsable de la web. La finalidad de la recogida y tratamiento de los datos personales que te solicitamos es para recibir tu solicitud de contacto y poder responderte.Te informamos que los datos que nos facilitas estar\u00e1n ubicados en los servidores de Mundiserver (proveedor de alojamiento), pudiendo ejercer tus derechos de acceso, rectificaci\u00f3n, limitaci\u00f3n y suprimir los datos en info@aldaia.es. Puedes consultar la informaci\u00f3n adicional y detallada sobre protecci\u00f3n de datos en nuestra <a class=\"text-dark\" title=\"Pol\u00edtica de Privacidad\" href=\"https:\/\/aldaia.es\/es\/politica-de-privacidad\/\">Pol\u00edtica de Privacidad<\/a> y <a class=\"text-dark\" title=\"Aviso legal\" href=\"https:\/\/aldaia.es\/es\/aviso-legal\/\">Aviso legal<\/a>.\n\t\t<\/p>\n\t<\/div>\n\t<div class=\"col-12 text-end py-3\">\n\t<input class=\"wpcf7-form-control wpcf7-hidden\" value=\"Formulario Aldaia Accesible ES\" type=\"hidden\" name=\"your-subject\" \/>\n\t\t<p><input class=\"wpcf7-form-control wpcf7-submit has-spinner\" type=\"submit\" value=\"Enviar el mensaje\" \/>\n\t\t<\/p>\n\t<\/div>\n<\/div><!-- end form + row --><div class=\"wpcf7-response-output\" aria-hidden=\"true\"><\/div>\n<\/form>\n<\/div>\n\n<\/div>\n<\/div>\n","protected":false},"excerpt":{"rendered":"<p>El Ayuntamiento de Aldaia trabaja para eliminar cualquier barrera que pueda dificultar la relaci\u00f3n de las personas con diversidad funcional y sus familias con la administraci\u00f3n municipal. A trav\u00e9s del <a class=\"text-decoration-none text-black\" href=\"https:\/\/aldaia.es\/es\/aldaia-accesible\/\"> &#8230; <\/a><\/p>\n","protected":false},"author":42,"featured_media":0,"parent":0,"menu_order":0,"comment_status":"closed","ping_status":"closed","template":"basic-page-title.php","meta":{"_acf_changed":false,"footnotes":""},"class_list":["post-40749","page","type-page","status-publish","hentry"],"acf":[],"yoast_head":"<!-- This site is optimized with the Yoast SEO plugin v27.0 - https:\/\/yoast.com\/product\/yoast-seo-wordpress\/ -->\n<title>Aldaia Accesible - Ayuntamiento de Aldaia<\/title>\n<meta name=\"robots\" content=\"index, follow, max-snippet:-1, max-image-preview:large, max-video-preview:-1\" \/>\n<link rel=\"canonical\" href=\"https:\/\/aldaia.es\/es\/aldaia-accesible\/\" \/>\n<meta property=\"og:locale\" content=\"es_ES\" \/>\n<meta property=\"og:type\" content=\"article\" \/>\n<meta property=\"og:title\" content=\"Aldaia Accesible - Ayuntamiento de Aldaia\" \/>\n<meta property=\"og:description\" content=\"El Ayuntamiento de Aldaia trabaja para eliminar cualquier barrera que pueda dificultar la relaci\u00f3n de las personas con diversidad funcional y sus familias con la administraci\u00f3n municipal. A trav\u00e9s del ...\" \/>\n<meta property=\"og:url\" content=\"https:\/\/aldaia.es\/es\/aldaia-accesible\/\" \/>\n<meta property=\"og:site_name\" content=\"Ayuntamiento de Aldaia\" \/>\n<meta property=\"article:modified_time\" content=\"2026-02-17T12:20:19+00:00\" \/>\n<script type=\"application\/ld+json\" class=\"yoast-schema-graph\">{\"@context\":\"https:\/\/schema.org\",\"@graph\":[{\"@type\":\"WebPage\",\"@id\":\"https:\/\/aldaia.es\/es\/aldaia-accesible\/\",\"url\":\"https:\/\/aldaia.es\/es\/aldaia-accesible\/\",\"name\":\"Aldaia Accesible - Ayuntamiento de Aldaia\",\"isPartOf\":{\"@id\":\"https:\/\/aldaia.es\/es\/#website\"},\"datePublished\":\"2026-02-17T07:43:48+00:00\",\"dateModified\":\"2026-02-17T12:20:19+00:00\",\"breadcrumb\":{\"@id\":\"https:\/\/aldaia.es\/es\/aldaia-accesible\/#breadcrumb\"},\"inLanguage\":\"es\",\"potentialAction\":[{\"@type\":\"ReadAction\",\"target\":[\"https:\/\/aldaia.es\/es\/aldaia-accesible\/\"]}]},{\"@type\":\"BreadcrumbList\",\"@id\":\"https:\/\/aldaia.es\/es\/aldaia-accesible\/#breadcrumb\",\"itemListElement\":[{\"@type\":\"ListItem\",\"position\":1,\"name\":\"Portada\",\"item\":\"https:\/\/aldaia.es\/es\/\"},{\"@type\":\"ListItem\",\"position\":2,\"name\":\"Aldaia Accesible\"}]},{\"@type\":\"WebSite\",\"@id\":\"https:\/\/aldaia.es\/es\/#website\",\"url\":\"https:\/\/aldaia.es\/es\/\",\"name\":\"Ajuntament D'Aldaia\",\"description\":\"\",\"publisher\":{\"@id\":\"https:\/\/aldaia.es\/es\/#organization\"},\"alternateName\":\"Ajuntament D'Aldaia\",\"potentialAction\":[{\"@type\":\"SearchAction\",\"target\":{\"@type\":\"EntryPoint\",\"urlTemplate\":\"https:\/\/aldaia.es\/es\/?s={search_term_string}\"},\"query-input\":{\"@type\":\"PropertyValueSpecification\",\"valueRequired\":true,\"valueName\":\"search_term_string\"}}],\"inLanguage\":\"es\"},{\"@type\":\"Organization\",\"@id\":\"https:\/\/aldaia.es\/es\/#organization\",\"name\":\"Ajuntament D'Aldaia\",\"url\":\"https:\/\/aldaia.es\/es\/\",\"logo\":{\"@type\":\"ImageObject\",\"inLanguage\":\"es\",\"@id\":\"https:\/\/aldaia.es\/es\/#\/schema\/logo\/image\/\",\"url\":\"https:\/\/aldaia.es\/wp-content\/uploads\/2022\/06\/aldaia-negro-1.png\",\"contentUrl\":\"https:\/\/aldaia.es\/wp-content\/uploads\/2022\/06\/aldaia-negro-1.png\",\"width\":152,\"height\":70,\"caption\":\"Ajuntament D'Aldaia\"},\"image\":{\"@id\":\"https:\/\/aldaia.es\/es\/#\/schema\/logo\/image\/\"}}]}<\/script>\n<!-- \/ Yoast SEO plugin. -->","yoast_head_json":{"title":"Aldaia Accesible - Ayuntamiento de Aldaia","robots":{"index":"index","follow":"follow","max-snippet":"max-snippet:-1","max-image-preview":"max-image-preview:large","max-video-preview":"max-video-preview:-1"},"canonical":"https:\/\/aldaia.es\/es\/aldaia-accesible\/","og_locale":"es_ES","og_type":"article","og_title":"Aldaia Accesible - Ayuntamiento de Aldaia","og_description":"El Ayuntamiento de Aldaia trabaja para eliminar cualquier barrera que pueda dificultar la relaci\u00f3n de las personas con diversidad funcional y sus familias con la administraci\u00f3n municipal. A trav\u00e9s del ...","og_url":"https:\/\/aldaia.es\/es\/aldaia-accesible\/","og_site_name":"Ayuntamiento de Aldaia","article_modified_time":"2026-02-17T12:20:19+00:00","schema":{"@context":"https:\/\/schema.org","@graph":[{"@type":"WebPage","@id":"https:\/\/aldaia.es\/es\/aldaia-accesible\/","url":"https:\/\/aldaia.es\/es\/aldaia-accesible\/","name":"Aldaia Accesible - Ayuntamiento de Aldaia","isPartOf":{"@id":"https:\/\/aldaia.es\/es\/#website"},"datePublished":"2026-02-17T07:43:48+00:00","dateModified":"2026-02-17T12:20:19+00:00","breadcrumb":{"@id":"https:\/\/aldaia.es\/es\/aldaia-accesible\/#breadcrumb"},"inLanguage":"es","potentialAction":[{"@type":"ReadAction","target":["https:\/\/aldaia.es\/es\/aldaia-accesible\/"]}]},{"@type":"BreadcrumbList","@id":"https:\/\/aldaia.es\/es\/aldaia-accesible\/#breadcrumb","itemListElement":[{"@type":"ListItem","position":1,"name":"Portada","item":"https:\/\/aldaia.es\/es\/"},{"@type":"ListItem","position":2,"name":"Aldaia Accesible"}]},{"@type":"WebSite","@id":"https:\/\/aldaia.es\/es\/#website","url":"https:\/\/aldaia.es\/es\/","name":"Ajuntament D'Aldaia","description":"","publisher":{"@id":"https:\/\/aldaia.es\/es\/#organization"},"alternateName":"Ajuntament D'Aldaia","potentialAction":[{"@type":"SearchAction","target":{"@type":"EntryPoint","urlTemplate":"https:\/\/aldaia.es\/es\/?s={search_term_string}"},"query-input":{"@type":"PropertyValueSpecification","valueRequired":true,"valueName":"search_term_string"}}],"inLanguage":"es"},{"@type":"Organization","@id":"https:\/\/aldaia.es\/es\/#organization","name":"Ajuntament D'Aldaia","url":"https:\/\/aldaia.es\/es\/","logo":{"@type":"ImageObject","inLanguage":"es","@id":"https:\/\/aldaia.es\/es\/#\/schema\/logo\/image\/","url":"https:\/\/aldaia.es\/wp-content\/uploads\/2022\/06\/aldaia-negro-1.png","contentUrl":"https:\/\/aldaia.es\/wp-content\/uploads\/2022\/06\/aldaia-negro-1.png","width":152,"height":70,"caption":"Ajuntament D'Aldaia"},"image":{"@id":"https:\/\/aldaia.es\/es\/#\/schema\/logo\/image\/"}}]}},"_links":{"self":[{"href":"https:\/\/aldaia.es\/es\/wp-json\/wp\/v2\/pages\/40749","targetHints":{"allow":["GET"]}}],"collection":[{"href":"https:\/\/aldaia.es\/es\/wp-json\/wp\/v2\/pages"}],"about":[{"href":"https:\/\/aldaia.es\/es\/wp-json\/wp\/v2\/types\/page"}],"author":[{"embeddable":true,"href":"https:\/\/aldaia.es\/es\/wp-json\/wp\/v2\/users\/42"}],"replies":[{"embeddable":true,"href":"https:\/\/aldaia.es\/es\/wp-json\/wp\/v2\/comments?post=40749"}],"version-history":[{"count":18,"href":"https:\/\/aldaia.es\/es\/wp-json\/wp\/v2\/pages\/40749\/revisions"}],"predecessor-version":[{"id":40776,"href":"https:\/\/aldaia.es\/es\/wp-json\/wp\/v2\/pages\/40749\/revisions\/40776"}],"wp:attachment":[{"href":"https:\/\/aldaia.es\/es\/wp-json\/wp\/v2\/media?parent=40749"}],"curies":[{"name":"wp","href":"https:\/\/api.w.org\/{rel}","templated":true}]}}