{"id":40830,"date":"2026-02-17T12:23:54","date_gmt":"2026-02-17T11:23:54","guid":{"rendered":"https:\/\/aldaia.es\/?page_id=40830"},"modified":"2026-02-18T11:37:52","modified_gmt":"2026-02-18T10:37:52","slug":"tu-dia-a-dia","status":"publish","type":"page","link":"https:\/\/aldaia.es\/es\/tu-dia-a-dia\/","title":{"rendered":"Tu d\u00eda a d\u00eda"},"content":{"rendered":"\n<div style=\"height:15px\" aria-hidden=\"true\" class=\"wp-block-spacer\"><\/div>\n\n\n\n<p class=\"lead\">Aqu\u00ed puedes encontrar los enlaces a algunos de los tr\u00e1mites de tu d\u00eda a d\u00eda:<\/p>\n\n\n\n<div class=\"wp-block-columns mb-0 enlaces-dia-a-dia is-layout-flex wp-container-core-columns-is-layout-9d6595d7 wp-block-columns-is-layout-flex\">\n<div class=\"wp-block-column is-layout-flow wp-block-column-is-layout-flow\">\n<div class=\"wp-block-columns mb-0 is-layout-flex wp-container-core-columns-is-layout-9d6595d7 wp-block-columns-is-layout-flex\">\n<div class=\"wp-block-column is-layout-flow wp-block-column-is-layout-flow\">\n<h2 class=\"wp-block-heading has-text-align-center p-3 border border-2 border-dark\"><a href=\"https:\/\/aldaia.es\/empleo\/es\/inicio\/\" target=\"_blank\" rel=\"noreferrer noopener\">Busca<br>trabajo<\/a><\/h2>\n<\/div>\n<\/div>\n<\/div>\n\n\n\n<div class=\"wp-block-column is-layout-flow wp-block-column-is-layout-flow\">\n<div class=\"wp-block-columns mb-0 is-layout-flex wp-container-core-columns-is-layout-9d6595d7 wp-block-columns-is-layout-flex\">\n<div class=\"wp-block-column is-layout-flow wp-block-column-is-layout-flow\">\n<h2 class=\"wp-block-heading has-text-align-center p-3 border border-2 border-dark\"><a href=\"https:\/\/sede.mjusticia.gob.es\/es\/tramites\/certificado-matrimonio\" target=\"_blank\" rel=\"noreferrer noopener\">Formalizar <br> pareja <\/a><\/h2>\n<\/div>\n<\/div>\n<\/div>\n\n\n\n<div class=\"wp-block-column is-layout-flow wp-block-column-is-layout-flow\">\n<div class=\"wp-block-columns mb-0 is-layout-flex wp-container-core-columns-is-layout-9d6595d7 wp-block-columns-is-layout-flex\">\n<div class=\"wp-block-column is-layout-flow wp-block-column-is-layout-flow\">\n<h2 class=\"wp-block-heading has-text-align-center p-3 border border-2 border-dark\"><a href=\"https:\/\/aldaia.es\/es\/servicios-sociales-e-igualdad\/vivienda\/\" type=\"link\" id=\"https:\/\/aldaia.es\/es\/servicios-sociales-e-igualdad\/vivienda\/\">Cambiar de <br> vivienda <\/a><\/h2>\n<\/div>\n<\/div>\n<\/div>\n<\/div>\n\n\n\n<div style=\"height:20px\" aria-hidden=\"true\" class=\"wp-block-spacer\"><\/div>\n\n\n\n<div class=\"wp-block-columns mb-0 enlaces-dia-a-dia is-layout-flex wp-container-core-columns-is-layout-9d6595d7 wp-block-columns-is-layout-flex\">\n<div class=\"wp-block-column is-layout-flow wp-block-column-is-layout-flow\">\n<div class=\"wp-block-columns mb-0 is-layout-flex wp-container-core-columns-is-layout-9d6595d7 wp-block-columns-is-layout-flex\">\n<div class=\"wp-block-column is-layout-flow wp-block-column-is-layout-flow\">\n<h2 class=\"wp-block-heading has-text-align-center p-3 border border-2 border-dark\"><a href=\"https:\/\/aldaia.es\/adl-i-comerc\/comerc-i-empreses\/\" type=\"link\" id=\"https:\/\/aldaia.es\/adl-i-comerc\/comerc-i-empreses\/\">Comercios y<br> empresas<\/a><\/h2>\n<\/div>\n<\/div>\n<\/div>\n\n\n\n<div class=\"wp-block-column is-layout-flow wp-block-column-is-layout-flow\">\n<div class=\"wp-block-columns mb-0 is-layout-flex wp-container-core-columns-is-layout-9d6595d7 wp-block-columns-is-layout-flex\">\n<div class=\"wp-block-column is-layout-flow wp-block-column-is-layout-flow\">\n<h2 class=\"wp-block-heading has-text-align-center p-3 border border-2 border-dark\"><a href=\"https:\/\/sede.mjusticia.gob.es\/es\/tramites\/certificado-nacimiento\" target=\"_blank\" rel=\"noreferrer noopener\">Tengo <br>un bebe<\/a><\/h2>\n<\/div>\n<\/div>\n<\/div>\n\n\n\n<div class=\"wp-block-column is-layout-flow wp-block-column-is-layout-flow\"><\/div>\n<\/div>\n\n\n\n<div style=\"height:100px\" aria-hidden=\"true\" class=\"wp-block-spacer\"><\/div>\n","protected":false},"excerpt":{"rendered":"<p>Aqu\u00ed puedes encontrar los enlaces a algunos de los tr\u00e1mites de tu d\u00eda a d\u00eda: Buscatrabajo Formalizar pareja Cambiar de vivienda Comercios y empresas Tengo un bebe <a class=\"text-decoration-none text-black\" href=\"https:\/\/aldaia.es\/es\/tu-dia-a-dia\/\"> &#8230; <\/a><\/p>\n","protected":false},"author":42,"featured_media":0,"parent":0,"menu_order":0,"comment_status":"closed","ping_status":"closed","template":"basic-page-title.php","meta":{"_acf_changed":false,"footnotes":""},"class_list":["post-40830","page","type-page","status-publish","hentry"],"acf":[],"yoast_head":"<!-- This site is optimized with the Yoast SEO plugin v27.0 - https:\/\/yoast.com\/product\/yoast-seo-wordpress\/ -->\n<title>Tu d\u00eda a d\u00eda - Ayuntamiento de Aldaia<\/title>\n<meta name=\"description\" content=\"Tr\u00e1mites, procesos administrativos y acceso a los servicios que los ciudadanos realizan en su d\u00eda a d\u00eda en la localidad de Aldaia.\" \/>\n<meta name=\"robots\" content=\"index, follow, max-snippet:-1, max-image-preview:large, max-video-preview:-1\" \/>\n<link rel=\"canonical\" href=\"https:\/\/aldaia.es\/es\/tu-dia-a-dia\/\" \/>\n<meta property=\"og:locale\" content=\"es_ES\" \/>\n<meta property=\"og:type\" content=\"article\" \/>\n<meta property=\"og:title\" content=\"Tu d\u00eda a d\u00eda - Ayuntamiento de Aldaia\" \/>\n<meta property=\"og:description\" content=\"Tr\u00e1mites, procesos administrativos y acceso a los servicios que los ciudadanos realizan en su d\u00eda a d\u00eda en la localidad de Aldaia.\" \/>\n<meta property=\"og:url\" content=\"https:\/\/aldaia.es\/es\/tu-dia-a-dia\/\" \/>\n<meta property=\"og:site_name\" content=\"Ayuntamiento de Aldaia\" \/>\n<meta property=\"article:modified_time\" content=\"2026-02-18T10:37:52+00:00\" \/>\n<script type=\"application\/ld+json\" class=\"yoast-schema-graph\">{\"@context\":\"https:\/\/schema.org\",\"@graph\":[{\"@type\":\"WebPage\",\"@id\":\"https:\/\/aldaia.es\/es\/tu-dia-a-dia\/\",\"url\":\"https:\/\/aldaia.es\/es\/tu-dia-a-dia\/\",\"name\":\"Tu d\u00eda a d\u00eda - Ayuntamiento de Aldaia\",\"isPartOf\":{\"@id\":\"https:\/\/aldaia.es\/es\/#website\"},\"datePublished\":\"2026-02-17T11:23:54+00:00\",\"dateModified\":\"2026-02-18T10:37:52+00:00\",\"description\":\"Tr\u00e1mites, procesos administrativos y acceso a los servicios que los ciudadanos realizan en su d\u00eda a d\u00eda en la localidad de Aldaia.\",\"breadcrumb\":{\"@id\":\"https:\/\/aldaia.es\/es\/tu-dia-a-dia\/#breadcrumb\"},\"inLanguage\":\"es\",\"potentialAction\":[{\"@type\":\"ReadAction\",\"target\":[\"https:\/\/aldaia.es\/es\/tu-dia-a-dia\/\"]}]},{\"@type\":\"BreadcrumbList\",\"@id\":\"https:\/\/aldaia.es\/es\/tu-dia-a-dia\/#breadcrumb\",\"itemListElement\":[{\"@type\":\"ListItem\",\"position\":1,\"name\":\"Portada\",\"item\":\"https:\/\/aldaia.es\/es\/\"},{\"@type\":\"ListItem\",\"position\":2,\"name\":\"Tu d\u00eda a d\u00eda\"}]},{\"@type\":\"WebSite\",\"@id\":\"https:\/\/aldaia.es\/es\/#website\",\"url\":\"https:\/\/aldaia.es\/es\/\",\"name\":\"Ajuntament D'Aldaia\",\"description\":\"\",\"publisher\":{\"@id\":\"https:\/\/aldaia.es\/es\/#organization\"},\"alternateName\":\"Ajuntament D'Aldaia\",\"potentialAction\":[{\"@type\":\"SearchAction\",\"target\":{\"@type\":\"EntryPoint\",\"urlTemplate\":\"https:\/\/aldaia.es\/es\/?s={search_term_string}\"},\"query-input\":{\"@type\":\"PropertyValueSpecification\",\"valueRequired\":true,\"valueName\":\"search_term_string\"}}],\"inLanguage\":\"es\"},{\"@type\":\"Organization\",\"@id\":\"https:\/\/aldaia.es\/es\/#organization\",\"name\":\"Ajuntament D'Aldaia\",\"url\":\"https:\/\/aldaia.es\/es\/\",\"logo\":{\"@type\":\"ImageObject\",\"inLanguage\":\"es\",\"@id\":\"https:\/\/aldaia.es\/es\/#\/schema\/logo\/image\/\",\"url\":\"https:\/\/aldaia.es\/wp-content\/uploads\/2022\/06\/aldaia-negro-1.png\",\"contentUrl\":\"https:\/\/aldaia.es\/wp-content\/uploads\/2022\/06\/aldaia-negro-1.png\",\"width\":152,\"height\":70,\"caption\":\"Ajuntament D'Aldaia\"},\"image\":{\"@id\":\"https:\/\/aldaia.es\/es\/#\/schema\/logo\/image\/\"}}]}<\/script>\n<!-- \/ Yoast SEO plugin. -->","yoast_head_json":{"title":"Tu d\u00eda a d\u00eda - Ayuntamiento de Aldaia","description":"Tr\u00e1mites, procesos administrativos y acceso a los servicios que los ciudadanos realizan en su d\u00eda a d\u00eda en la localidad de Aldaia.","robots":{"index":"index","follow":"follow","max-snippet":"max-snippet:-1","max-image-preview":"max-image-preview:large","max-video-preview":"max-video-preview:-1"},"canonical":"https:\/\/aldaia.es\/es\/tu-dia-a-dia\/","og_locale":"es_ES","og_type":"article","og_title":"Tu d\u00eda a d\u00eda - Ayuntamiento de Aldaia","og_description":"Tr\u00e1mites, procesos administrativos y acceso a los servicios que los ciudadanos realizan en su d\u00eda a d\u00eda en la localidad de Aldaia.","og_url":"https:\/\/aldaia.es\/es\/tu-dia-a-dia\/","og_site_name":"Ayuntamiento de Aldaia","article_modified_time":"2026-02-18T10:37:52+00:00","schema":{"@context":"https:\/\/schema.org","@graph":[{"@type":"WebPage","@id":"https:\/\/aldaia.es\/es\/tu-dia-a-dia\/","url":"https:\/\/aldaia.es\/es\/tu-dia-a-dia\/","name":"Tu d\u00eda a d\u00eda - Ayuntamiento de Aldaia","isPartOf":{"@id":"https:\/\/aldaia.es\/es\/#website"},"datePublished":"2026-02-17T11:23:54+00:00","dateModified":"2026-02-18T10:37:52+00:00","description":"Tr\u00e1mites, procesos administrativos y acceso a los servicios que los ciudadanos realizan en su d\u00eda a d\u00eda en la localidad de Aldaia.","breadcrumb":{"@id":"https:\/\/aldaia.es\/es\/tu-dia-a-dia\/#breadcrumb"},"inLanguage":"es","potentialAction":[{"@type":"ReadAction","target":["https:\/\/aldaia.es\/es\/tu-dia-a-dia\/"]}]},{"@type":"BreadcrumbList","@id":"https:\/\/aldaia.es\/es\/tu-dia-a-dia\/#breadcrumb","itemListElement":[{"@type":"ListItem","position":1,"name":"Portada","item":"https:\/\/aldaia.es\/es\/"},{"@type":"ListItem","position":2,"name":"Tu d\u00eda a d\u00eda"}]},{"@type":"WebSite","@id":"https:\/\/aldaia.es\/es\/#website","url":"https:\/\/aldaia.es\/es\/","name":"Ajuntament D'Aldaia","description":"","publisher":{"@id":"https:\/\/aldaia.es\/es\/#organization"},"alternateName":"Ajuntament D'Aldaia","potentialAction":[{"@type":"SearchAction","target":{"@type":"EntryPoint","urlTemplate":"https:\/\/aldaia.es\/es\/?s={search_term_string}"},"query-input":{"@type":"PropertyValueSpecification","valueRequired":true,"valueName":"search_term_string"}}],"inLanguage":"es"},{"@type":"Organization","@id":"https:\/\/aldaia.es\/es\/#organization","name":"Ajuntament D'Aldaia","url":"https:\/\/aldaia.es\/es\/","logo":{"@type":"ImageObject","inLanguage":"es","@id":"https:\/\/aldaia.es\/es\/#\/schema\/logo\/image\/","url":"https:\/\/aldaia.es\/wp-content\/uploads\/2022\/06\/aldaia-negro-1.png","contentUrl":"https:\/\/aldaia.es\/wp-content\/uploads\/2022\/06\/aldaia-negro-1.png","width":152,"height":70,"caption":"Ajuntament D'Aldaia"},"image":{"@id":"https:\/\/aldaia.es\/es\/#\/schema\/logo\/image\/"}}]}},"_links":{"self":[{"href":"https:\/\/aldaia.es\/es\/wp-json\/wp\/v2\/pages\/40830","targetHints":{"allow":["GET"]}}],"collection":[{"href":"https:\/\/aldaia.es\/es\/wp-json\/wp\/v2\/pages"}],"about":[{"href":"https:\/\/aldaia.es\/es\/wp-json\/wp\/v2\/types\/page"}],"author":[{"embeddable":true,"href":"https:\/\/aldaia.es\/es\/wp-json\/wp\/v2\/users\/42"}],"replies":[{"embeddable":true,"href":"https:\/\/aldaia.es\/es\/wp-json\/wp\/v2\/comments?post=40830"}],"version-history":[{"count":18,"href":"https:\/\/aldaia.es\/es\/wp-json\/wp\/v2\/pages\/40830\/revisions"}],"predecessor-version":[{"id":40873,"href":"https:\/\/aldaia.es\/es\/wp-json\/wp\/v2\/pages\/40830\/revisions\/40873"}],"wp:attachment":[{"href":"https:\/\/aldaia.es\/es\/wp-json\/wp\/v2\/media?parent=40830"}],"curies":[{"name":"wp","href":"https:\/\/api.w.org\/{rel}","templated":true}]}}