{"id":6208,"date":"2023-01-16T13:33:01","date_gmt":"2023-01-16T12:33:01","guid":{"rendered":"https:\/\/aldaia.eu\/adl-y-comercio\/fondo-de-rescate-para-el-comercio-local-2022\/"},"modified":"2024-09-10T14:17:03","modified_gmt":"2024-09-10T12:17:03","slug":"fondo-de-rescate-para-el-comercio-local-2022","status":"publish","type":"page","link":"https:\/\/aldaia.es\/es\/adl-y-comercio\/fondo-de-rescate-para-el-comercio-local-2022\/","title":{"rendered":"Fondo de Rescate para el comercio local 2022"},"content":{"rendered":"\n<div class=\"wp-block-columns dep-adl is-layout-flex wp-container-core-columns-is-layout-9d6595d7 wp-block-columns-is-layout-flex\">\n<div class=\"wp-block-column is-layout-flow wp-block-column-is-layout-flow\" style=\"flex-basis:33.33%\">\n<p><strong>Localizaci\u00f3n<\/strong>:<br>Ricardo Fuster Fuster, s\/n<br>Centro Labora-Formaci\u00f3n de la Generalitat, frente a la piscina<br>46960. Aldaia. Valencia<\/p>\n\n\n\n<p><strong><strong>Tel\u00e9fono<\/strong>:<\/strong> 96 198 88 15<\/p>\n\n\n\n<p><strong><strong><strong><strong>Tel\u00e9fono<\/strong><\/strong><\/strong>:<\/strong> 607 99 80 65<\/p>\n\n\n\n<p><strong>Fax:<\/strong> 96 198 88 16<\/p>\n\n\n\n<p><strong>Email:<\/strong> <a style=\"font-size:15px\" href=\"mailto:adl@ajuntamentaldaia.org\">adl@ajuntamentaldaia.org<\/a><\/p>\n\n\n\n<p><strong>Horario:<\/strong> De 9:00 a 14:00 h (cita previa)<\/p>\n\n\n\n<div style=\"height:28px\" aria-hidden=\"true\" class=\"wp-block-spacer\"><\/div>\n\n\n\n<iframe src=\"https:\/\/www.google.com\/maps\/embed?pb=!1m14!1m8!1m3!1d472.6487846944275!2d-0.46052194014898895!3d39.46564691522392!3m2!1i1024!2i768!4f13.1!3m3!1m2!1s0xd605017f1aa916f%3A0xcd36aa33562cf51e!2sCarrer%20Coladors%2C%2016%2C%2046960%20Aldaia%2C%20Val%C3%A8ncia!5e0!3m2!1ses!2ses!4v1725624302774!5m2!1ses!2ses\" width=\"100%\" height=\"450\" style=\"border:0;\" allowfullscreen=\"\" loading=\"lazy\" referrerpolicy=\"no-referrer-when-downgrade\"><\/iframe>\n<\/div>\n\n\n\n<div class=\"wp-block-column is-layout-flow wp-block-column-is-layout-flow\" style=\"flex-basis:66.66%\">\n<h1 class=\"wp-block-heading\">Fondo de Rescate para el comercio local 2022<\/h1>\n\n\n\n<p>Fondos para impulsar el comercio local en Aldaia.<\/p>\n\n\n\n<div class=\"wp-block-columns is-layout-flex wp-container-core-columns-is-layout-9d6595d7 wp-block-columns-is-layout-flex\">\n<div class=\"wp-block-column lista_adjuntos is-layout-flow wp-block-column-is-layout-flow\">\n<h2 class=\"wp-block-heading display-4\">Adjuntos<\/h2>\n\n\n\n<p><i class=\"fas fa-file-pdf\"><\/i> <a href=\"https:\/\/aldaia.es\/wp-content\/uploads\/2023\/01\/solicitud-2.pdf\" target=\"_blank\" rel=\"noreferrer noopener\">Solicitud<\/a><\/p>\n\n\n\n<p><i class=\"fas fa-file-pdf\"><\/i> <a href=\"https:\/\/aldaia.es\/wp-content\/uploads\/2023\/01\/terceros-2.pdf\">Ficha de terceros<\/a><\/p>\n\n\n\n<p><i class=\"fas fa-file-pdf\"><\/i> <a href=\"https:\/\/aldaia.es\/wp-content\/uploads\/2023\/01\/memoria-2.pdf\" target=\"_blank\" rel=\"noreferrer noopener\">Memoria<\/a><\/p>\n\n\n\n<p><i class=\"fas fa-file-pdf\"><\/i> <a href=\"https:\/\/aldaia.es\/wp-content\/uploads\/2023\/01\/bases_fondo_comercio_rescate_comercio_local_2022-2.pdf\" target=\"_blank\" rel=\"noreferrer noopener\">Base Fondo de Rescate para el comercio local 2022<\/a><\/p>\n<\/div>\n<\/div>\n<\/div>\n<\/div>\n","protected":false},"excerpt":{"rendered":"<p>Localizaci\u00f3n:Ricardo Fuster Fuster, s\/nCentro Labora-Formaci\u00f3n de la Generalitat, frente a la piscina46960. Aldaia. Valencia Tel\u00e9fono: 96 198 88 15 Tel\u00e9fono: 607 99 80 65 Fax: 96 198 88 16 Email: <a class=\"text-decoration-none text-black\" href=\"https:\/\/aldaia.es\/es\/adl-y-comercio\/fondo-de-rescate-para-el-comercio-local-2022\/\"> &#8230; <\/a><\/p>\n","protected":false},"author":2,"featured_media":0,"parent":6207,"menu_order":0,"comment_status":"closed","ping_status":"closed","template":"basic-page-departamentos.php","meta":{"_acf_changed":false,"footnotes":""},"class_list":["post-6208","page","type-page","status-publish","hentry"],"acf":[],"yoast_head":"<!-- This site is optimized with the Yoast SEO plugin v27.0 - https:\/\/yoast.com\/product\/yoast-seo-wordpress\/ -->\n<title>Fondo de Rescate para el comercio local 2022 - Ayuntamiento de Aldaia<\/title>\n<meta name=\"robots\" content=\"index, follow, max-snippet:-1, max-image-preview:large, max-video-preview:-1\" \/>\n<link rel=\"canonical\" href=\"https:\/\/aldaia.es\/es\/adl-y-comercio\/fondo-de-rescate-para-el-comercio-local-2022\/\" \/>\n<meta property=\"og:locale\" content=\"es_ES\" \/>\n<meta property=\"og:type\" content=\"article\" \/>\n<meta property=\"og:title\" content=\"Fondo de Rescate para el comercio local 2022 - Ayuntamiento de Aldaia\" \/>\n<meta property=\"og:description\" content=\"Localizaci\u00f3n:Ricardo Fuster Fuster, s\/nCentro Labora-Formaci\u00f3n de la Generalitat, frente a la piscina46960. Aldaia. Valencia Tel\u00e9fono: 96 198 88 15 Tel\u00e9fono: 607 99 80 65 Fax: 96 198 88 16 Email: ...\" \/>\n<meta property=\"og:url\" content=\"https:\/\/aldaia.es\/es\/adl-y-comercio\/fondo-de-rescate-para-el-comercio-local-2022\/\" \/>\n<meta property=\"og:site_name\" content=\"Ayuntamiento de Aldaia\" \/>\n<meta property=\"article:modified_time\" content=\"2024-09-10T12:17:03+00:00\" \/>\n<script type=\"application\/ld+json\" class=\"yoast-schema-graph\">{\"@context\":\"https:\/\/schema.org\",\"@graph\":[{\"@type\":\"WebPage\",\"@id\":\"https:\/\/aldaia.es\/es\/adl-y-comercio\/fondo-de-rescate-para-el-comercio-local-2022\/\",\"url\":\"https:\/\/aldaia.es\/es\/adl-y-comercio\/fondo-de-rescate-para-el-comercio-local-2022\/\",\"name\":\"Fondo de Rescate para el comercio local 2022 - Ayuntamiento de Aldaia\",\"isPartOf\":{\"@id\":\"https:\/\/aldaia.es\/es\/#website\"},\"datePublished\":\"2023-01-16T12:33:01+00:00\",\"dateModified\":\"2024-09-10T12:17:03+00:00\",\"breadcrumb\":{\"@id\":\"https:\/\/aldaia.es\/es\/adl-y-comercio\/fondo-de-rescate-para-el-comercio-local-2022\/#breadcrumb\"},\"inLanguage\":\"es\",\"potentialAction\":[{\"@type\":\"ReadAction\",\"target\":[\"https:\/\/aldaia.es\/es\/adl-y-comercio\/fondo-de-rescate-para-el-comercio-local-2022\/\"]}]},{\"@type\":\"BreadcrumbList\",\"@id\":\"https:\/\/aldaia.es\/es\/adl-y-comercio\/fondo-de-rescate-para-el-comercio-local-2022\/#breadcrumb\",\"itemListElement\":[{\"@type\":\"ListItem\",\"position\":1,\"name\":\"Portada\",\"item\":\"https:\/\/aldaia.es\/es\/\"},{\"@type\":\"ListItem\",\"position\":2,\"name\":\"ADL y Comercio\",\"item\":\"https:\/\/aldaia.es\/es\/adl-y-comercio\/\"},{\"@type\":\"ListItem\",\"position\":3,\"name\":\"Fondo de Rescate para el comercio local 2022\"}]},{\"@type\":\"WebSite\",\"@id\":\"https:\/\/aldaia.es\/es\/#website\",\"url\":\"https:\/\/aldaia.es\/es\/\",\"name\":\"Ajuntament D'Aldaia\",\"description\":\"\",\"publisher\":{\"@id\":\"https:\/\/aldaia.es\/es\/#organization\"},\"alternateName\":\"Ajuntament D'Aldaia\",\"potentialAction\":[{\"@type\":\"SearchAction\",\"target\":{\"@type\":\"EntryPoint\",\"urlTemplate\":\"https:\/\/aldaia.es\/es\/?s={search_term_string}\"},\"query-input\":{\"@type\":\"PropertyValueSpecification\",\"valueRequired\":true,\"valueName\":\"search_term_string\"}}],\"inLanguage\":\"es\"},{\"@type\":\"Organization\",\"@id\":\"https:\/\/aldaia.es\/es\/#organization\",\"name\":\"Ajuntament D'Aldaia\",\"url\":\"https:\/\/aldaia.es\/es\/\",\"logo\":{\"@type\":\"ImageObject\",\"inLanguage\":\"es\",\"@id\":\"https:\/\/aldaia.es\/es\/#\/schema\/logo\/image\/\",\"url\":\"https:\/\/aldaia.es\/wp-content\/uploads\/2022\/06\/aldaia-negro-1.png\",\"contentUrl\":\"https:\/\/aldaia.es\/wp-content\/uploads\/2022\/06\/aldaia-negro-1.png\",\"width\":152,\"height\":70,\"caption\":\"Ajuntament D'Aldaia\"},\"image\":{\"@id\":\"https:\/\/aldaia.es\/es\/#\/schema\/logo\/image\/\"}}]}<\/script>\n<!-- \/ Yoast SEO plugin. -->","yoast_head_json":{"title":"Fondo de Rescate para el comercio local 2022 - Ayuntamiento de Aldaia","robots":{"index":"index","follow":"follow","max-snippet":"max-snippet:-1","max-image-preview":"max-image-preview:large","max-video-preview":"max-video-preview:-1"},"canonical":"https:\/\/aldaia.es\/es\/adl-y-comercio\/fondo-de-rescate-para-el-comercio-local-2022\/","og_locale":"es_ES","og_type":"article","og_title":"Fondo de Rescate para el comercio local 2022 - Ayuntamiento de Aldaia","og_description":"Localizaci\u00f3n:Ricardo Fuster Fuster, s\/nCentro Labora-Formaci\u00f3n de la Generalitat, frente a la piscina46960. Aldaia. Valencia Tel\u00e9fono: 96 198 88 15 Tel\u00e9fono: 607 99 80 65 Fax: 96 198 88 16 Email: ...","og_url":"https:\/\/aldaia.es\/es\/adl-y-comercio\/fondo-de-rescate-para-el-comercio-local-2022\/","og_site_name":"Ayuntamiento de Aldaia","article_modified_time":"2024-09-10T12:17:03+00:00","schema":{"@context":"https:\/\/schema.org","@graph":[{"@type":"WebPage","@id":"https:\/\/aldaia.es\/es\/adl-y-comercio\/fondo-de-rescate-para-el-comercio-local-2022\/","url":"https:\/\/aldaia.es\/es\/adl-y-comercio\/fondo-de-rescate-para-el-comercio-local-2022\/","name":"Fondo de Rescate para el comercio local 2022 - Ayuntamiento de Aldaia","isPartOf":{"@id":"https:\/\/aldaia.es\/es\/#website"},"datePublished":"2023-01-16T12:33:01+00:00","dateModified":"2024-09-10T12:17:03+00:00","breadcrumb":{"@id":"https:\/\/aldaia.es\/es\/adl-y-comercio\/fondo-de-rescate-para-el-comercio-local-2022\/#breadcrumb"},"inLanguage":"es","potentialAction":[{"@type":"ReadAction","target":["https:\/\/aldaia.es\/es\/adl-y-comercio\/fondo-de-rescate-para-el-comercio-local-2022\/"]}]},{"@type":"BreadcrumbList","@id":"https:\/\/aldaia.es\/es\/adl-y-comercio\/fondo-de-rescate-para-el-comercio-local-2022\/#breadcrumb","itemListElement":[{"@type":"ListItem","position":1,"name":"Portada","item":"https:\/\/aldaia.es\/es\/"},{"@type":"ListItem","position":2,"name":"ADL y Comercio","item":"https:\/\/aldaia.es\/es\/adl-y-comercio\/"},{"@type":"ListItem","position":3,"name":"Fondo de Rescate para el comercio local 2022"}]},{"@type":"WebSite","@id":"https:\/\/aldaia.es\/es\/#website","url":"https:\/\/aldaia.es\/es\/","name":"Ajuntament D'Aldaia","description":"","publisher":{"@id":"https:\/\/aldaia.es\/es\/#organization"},"alternateName":"Ajuntament D'Aldaia","potentialAction":[{"@type":"SearchAction","target":{"@type":"EntryPoint","urlTemplate":"https:\/\/aldaia.es\/es\/?s={search_term_string}"},"query-input":{"@type":"PropertyValueSpecification","valueRequired":true,"valueName":"search_term_string"}}],"inLanguage":"es"},{"@type":"Organization","@id":"https:\/\/aldaia.es\/es\/#organization","name":"Ajuntament D'Aldaia","url":"https:\/\/aldaia.es\/es\/","logo":{"@type":"ImageObject","inLanguage":"es","@id":"https:\/\/aldaia.es\/es\/#\/schema\/logo\/image\/","url":"https:\/\/aldaia.es\/wp-content\/uploads\/2022\/06\/aldaia-negro-1.png","contentUrl":"https:\/\/aldaia.es\/wp-content\/uploads\/2022\/06\/aldaia-negro-1.png","width":152,"height":70,"caption":"Ajuntament D'Aldaia"},"image":{"@id":"https:\/\/aldaia.es\/es\/#\/schema\/logo\/image\/"}}]}},"_links":{"self":[{"href":"https:\/\/aldaia.es\/es\/wp-json\/wp\/v2\/pages\/6208","targetHints":{"allow":["GET"]}}],"collection":[{"href":"https:\/\/aldaia.es\/es\/wp-json\/wp\/v2\/pages"}],"about":[{"href":"https:\/\/aldaia.es\/es\/wp-json\/wp\/v2\/types\/page"}],"author":[{"embeddable":true,"href":"https:\/\/aldaia.es\/es\/wp-json\/wp\/v2\/users\/2"}],"replies":[{"embeddable":true,"href":"https:\/\/aldaia.es\/es\/wp-json\/wp\/v2\/comments?post=6208"}],"version-history":[{"count":5,"href":"https:\/\/aldaia.es\/es\/wp-json\/wp\/v2\/pages\/6208\/revisions"}],"predecessor-version":[{"id":31199,"href":"https:\/\/aldaia.es\/es\/wp-json\/wp\/v2\/pages\/6208\/revisions\/31199"}],"up":[{"embeddable":true,"href":"https:\/\/aldaia.es\/es\/wp-json\/wp\/v2\/pages\/6207"}],"wp:attachment":[{"href":"https:\/\/aldaia.es\/es\/wp-json\/wp\/v2\/media?parent=6208"}],"curies":[{"name":"wp","href":"https:\/\/api.w.org\/{rel}","templated":true}]}}