{"id":6214,"date":"2022-08-31T10:48:15","date_gmt":"2022-08-31T08:48:15","guid":{"rendered":"https:\/\/aldaia.eu\/bonito-ciclo-navideno-de-teatro-para-ninos-y-ninas\/"},"modified":"2025-05-21T13:15:56","modified_gmt":"2025-05-21T11:15:56","slug":"bonito-ciclo-navideno-de-teatro-para-ninos-y-ninas","status":"publish","type":"page","link":"https:\/\/aldaia.es\/es\/cultura\/tama-teatro-auditorio\/bonito-ciclo-navideno-de-teatro-para-ninos-y-ninas\/","title":{"rendered":"\u201cBonic\u201d ciclo navide\u00f1o de teatro para ni\u00f1os y ni\u00f1as"},"content":{"rendered":"\n<div class=\"wp-block-columns dep-cultura is-layout-flex wp-container-core-columns-is-layout-9d6595d7 wp-block-columns-is-layout-flex\">\n<div class=\"wp-block-column is-layout-flow wp-block-column-is-layout-flow\">\n<h1 class=\"wp-block-heading\">Bonic, ciclo navide\u00f1o de teatro para ni\u00f1os y ni\u00f1as<\/h1>\n\n\n\n<h3 class=\"wp-block-heading\"><strong>\u00bfQu\u00e9 es?<\/strong><\/h3>\n\n\n\n<p>Bonic es una programaci\u00f3n teatral dirigida al p\u00fablico familiar durante las vacaciones de Navidad. Pretende ofrecer una programaci\u00f3n atractiva que se convierta en alternativa de ocio cultural para ni\u00f1as y ni\u00f1os, padres y madres, en Navidad. Es una oferta de propuesta esc\u00e9nica de calidad que contribuye al aprendizaje de la utilizaci\u00f3n de la cultura y el teatro en el tiempo libre.<\/p>\n\n\n\n<h3 class=\"wp-block-heading\"><strong>\u00bfA qui\u00e9n va dirigido?<\/strong><\/h3>\n\n\n\n<p>Va dirigido a todas las edades, pero sobre todo a los m\u00e1s peque\u00f1os de la casa.<\/p>\n\n\n\n<h3 class=\"wp-block-heading\"><strong>\u00bfC\u00f3mo solicitarlo?<\/strong><\/h3>\n\n\n\n<p>Consulte la programaci\u00f3n esc\u00e9nica del <strong><a href=\"https:\/\/aldaia.es\/es\/cultura\/tama-teatre-auditori\/\">TAMA<\/a><\/strong>.<\/p>\n<\/div>\n<\/div>\n\n\n\n<div class=\"wp-block-columns is-layout-flex wp-container-core-columns-is-layout-9d6595d7 wp-block-columns-is-layout-flex\">\n<div class=\"wp-block-column is-layout-flow wp-block-column-is-layout-flow\">\n<figure class=\"wp-block-image size-large\"><img decoding=\"async\" src=\"https:\/\/aldaia.es\/wp-content\/uploads\/2024\/01\/Bonic-2023.jpeg\" alt=\"\"\/><\/figure>\n<\/div>\n<\/div>\n\n\n\n<div class=\"wp-block-columns is-layout-flex wp-container-core-columns-is-layout-9d6595d7 wp-block-columns-is-layout-flex\">\n<div class=\"wp-block-column lista_adjuntos is-layout-flow wp-block-column-is-layout-flow\">\n<h2 class=\"wp-block-heading display-4\">Enlaces<\/h2>\n\n\n\n<p><i class=\"fas fa-link\"><\/i> <a href=\"https:\/\/aldaia.es\/es\/cultura\/tama-teatro-auditorio\/\">TAMA<\/a><\/p>\n\n\n\n<p><i class=\"fas fa-link\"><\/i> <a href=\"https:\/\/aldaia.es\/joventut\/centre-sociocultural-matilde-salvador\/\">Centre Sociocultural Matilde Salvador<\/a><\/p>\n\n\n\n<p><i class=\"fas fa-link\"><\/i> <a href=\"https:\/\/aldaia.es\/cultura\/tama-teatre-auditori\/colors-festival-escenic-al-carrer\/\">Colors, Festival esc\u00e8nic al carrer<\/a><\/p>\n<\/div>\n<\/div>\n\n\n\n<p><\/p>\n","protected":false},"excerpt":{"rendered":"<p>Bonic, ciclo navide\u00f1o de teatro para ni\u00f1os y ni\u00f1as \u00bfQu\u00e9 es? Bonic es una programaci\u00f3n teatral dirigida al p\u00fablico familiar durante las vacaciones de Navidad. Pretende ofrecer una programaci\u00f3n atractiva <a class=\"text-decoration-none text-black\" href=\"https:\/\/aldaia.es\/es\/cultura\/tama-teatro-auditorio\/bonito-ciclo-navideno-de-teatro-para-ninos-y-ninas\/\"> &#8230; <\/a><\/p>\n","protected":false},"author":1,"featured_media":0,"parent":6376,"menu_order":0,"comment_status":"closed","ping_status":"closed","template":"basic-page-departamentos.php","meta":{"_acf_changed":false,"footnotes":""},"class_list":["post-6214","page","type-page","status-publish","hentry"],"acf":[],"yoast_head":"<!-- This site is optimized with the Yoast SEO plugin v27.0 - https:\/\/yoast.com\/product\/yoast-seo-wordpress\/ -->\n<title>\u201cBonic\u201d ciclo navide\u00f1o de teatro para ni\u00f1os y ni\u00f1as - Ayuntamiento de Aldaia<\/title>\n<meta name=\"description\" content=\"El Ayuntamiento de Aldaia presenta \u201cBonic\u201d, una programaci\u00f3n teatral dirigida al p\u00fablico familiar durante las vacaciones de Navidad.\" \/>\n<meta name=\"robots\" content=\"index, follow, max-snippet:-1, max-image-preview:large, max-video-preview:-1\" \/>\n<link rel=\"canonical\" href=\"https:\/\/aldaia.es\/es\/cultura\/tama-teatro-auditorio\/bonito-ciclo-navideno-de-teatro-para-ninos-y-ninas\/\" \/>\n<meta property=\"og:locale\" content=\"es_ES\" \/>\n<meta property=\"og:type\" content=\"article\" \/>\n<meta property=\"og:title\" content=\"\u201cBonic\u201d ciclo navide\u00f1o de teatro para ni\u00f1os y ni\u00f1as - Ayuntamiento de Aldaia\" \/>\n<meta property=\"og:description\" content=\"El Ayuntamiento de Aldaia presenta \u201cBonic\u201d, una programaci\u00f3n teatral dirigida al p\u00fablico familiar durante las vacaciones de Navidad.\" \/>\n<meta property=\"og:url\" content=\"https:\/\/aldaia.es\/es\/cultura\/tama-teatro-auditorio\/bonito-ciclo-navideno-de-teatro-para-ninos-y-ninas\/\" \/>\n<meta property=\"og:site_name\" content=\"Ayuntamiento de Aldaia\" \/>\n<meta property=\"article:modified_time\" content=\"2025-05-21T11:15:56+00:00\" \/>\n<meta property=\"og:image\" content=\"https:\/\/aldaia.es\/wp-content\/uploads\/2024\/01\/Bonic-2023.jpeg\" \/>\n<script type=\"application\/ld+json\" class=\"yoast-schema-graph\">{\"@context\":\"https:\/\/schema.org\",\"@graph\":[{\"@type\":\"WebPage\",\"@id\":\"https:\/\/aldaia.es\/es\/cultura\/tama-teatro-auditorio\/bonito-ciclo-navideno-de-teatro-para-ninos-y-ninas\/\",\"url\":\"https:\/\/aldaia.es\/es\/cultura\/tama-teatro-auditorio\/bonito-ciclo-navideno-de-teatro-para-ninos-y-ninas\/\",\"name\":\"\u201cBonic\u201d ciclo navide\u00f1o de teatro para ni\u00f1os y ni\u00f1as - Ayuntamiento de Aldaia\",\"isPartOf\":{\"@id\":\"https:\/\/aldaia.es\/es\/#website\"},\"primaryImageOfPage\":{\"@id\":\"https:\/\/aldaia.es\/es\/cultura\/tama-teatro-auditorio\/bonito-ciclo-navideno-de-teatro-para-ninos-y-ninas\/#primaryimage\"},\"image\":{\"@id\":\"https:\/\/aldaia.es\/es\/cultura\/tama-teatro-auditorio\/bonito-ciclo-navideno-de-teatro-para-ninos-y-ninas\/#primaryimage\"},\"thumbnailUrl\":\"https:\/\/aldaia.es\/wp-content\/uploads\/2024\/01\/Bonic-2023.jpeg\",\"datePublished\":\"2022-08-31T08:48:15+00:00\",\"dateModified\":\"2025-05-21T11:15:56+00:00\",\"description\":\"El Ayuntamiento de Aldaia presenta \u201cBonic\u201d, una programaci\u00f3n teatral dirigida al p\u00fablico familiar durante las vacaciones de Navidad.\",\"breadcrumb\":{\"@id\":\"https:\/\/aldaia.es\/es\/cultura\/tama-teatro-auditorio\/bonito-ciclo-navideno-de-teatro-para-ninos-y-ninas\/#breadcrumb\"},\"inLanguage\":\"es\",\"potentialAction\":[{\"@type\":\"ReadAction\",\"target\":[\"https:\/\/aldaia.es\/es\/cultura\/tama-teatro-auditorio\/bonito-ciclo-navideno-de-teatro-para-ninos-y-ninas\/\"]}]},{\"@type\":\"ImageObject\",\"inLanguage\":\"es\",\"@id\":\"https:\/\/aldaia.es\/es\/cultura\/tama-teatro-auditorio\/bonito-ciclo-navideno-de-teatro-para-ninos-y-ninas\/#primaryimage\",\"url\":\"https:\/\/aldaia.es\/wp-content\/uploads\/2024\/01\/Bonic-2023.jpeg\",\"contentUrl\":\"https:\/\/aldaia.es\/wp-content\/uploads\/2024\/01\/Bonic-2023.jpeg\"},{\"@type\":\"BreadcrumbList\",\"@id\":\"https:\/\/aldaia.es\/es\/cultura\/tama-teatro-auditorio\/bonito-ciclo-navideno-de-teatro-para-ninos-y-ninas\/#breadcrumb\",\"itemListElement\":[{\"@type\":\"ListItem\",\"position\":1,\"name\":\"Portada\",\"item\":\"https:\/\/aldaia.es\/es\/\"},{\"@type\":\"ListItem\",\"position\":2,\"name\":\"Cultura\",\"item\":\"https:\/\/aldaia.es\/es\/cultura\/\"},{\"@type\":\"ListItem\",\"position\":3,\"name\":\"TAMA. Teatro Auditorio de Aldaia\",\"item\":\"https:\/\/aldaia.es\/es\/cultura\/tama-teatro-auditorio\/\"},{\"@type\":\"ListItem\",\"position\":4,\"name\":\"\u201cBonic\u201d ciclo navide\u00f1o de teatro para ni\u00f1os y ni\u00f1as\"}]},{\"@type\":\"WebSite\",\"@id\":\"https:\/\/aldaia.es\/es\/#website\",\"url\":\"https:\/\/aldaia.es\/es\/\",\"name\":\"Ajuntament D'Aldaia\",\"description\":\"\",\"publisher\":{\"@id\":\"https:\/\/aldaia.es\/es\/#organization\"},\"alternateName\":\"Ajuntament D'Aldaia\",\"potentialAction\":[{\"@type\":\"SearchAction\",\"target\":{\"@type\":\"EntryPoint\",\"urlTemplate\":\"https:\/\/aldaia.es\/es\/?s={search_term_string}\"},\"query-input\":{\"@type\":\"PropertyValueSpecification\",\"valueRequired\":true,\"valueName\":\"search_term_string\"}}],\"inLanguage\":\"es\"},{\"@type\":\"Organization\",\"@id\":\"https:\/\/aldaia.es\/es\/#organization\",\"name\":\"Ajuntament D'Aldaia\",\"url\":\"https:\/\/aldaia.es\/es\/\",\"logo\":{\"@type\":\"ImageObject\",\"inLanguage\":\"es\",\"@id\":\"https:\/\/aldaia.es\/es\/#\/schema\/logo\/image\/\",\"url\":\"https:\/\/aldaia.es\/wp-content\/uploads\/2022\/06\/aldaia-negro-1.png\",\"contentUrl\":\"https:\/\/aldaia.es\/wp-content\/uploads\/2022\/06\/aldaia-negro-1.png\",\"width\":152,\"height\":70,\"caption\":\"Ajuntament D'Aldaia\"},\"image\":{\"@id\":\"https:\/\/aldaia.es\/es\/#\/schema\/logo\/image\/\"}}]}<\/script>\n<!-- \/ Yoast SEO plugin. -->","yoast_head_json":{"title":"\u201cBonic\u201d ciclo navide\u00f1o de teatro para ni\u00f1os y ni\u00f1as - Ayuntamiento de Aldaia","description":"El Ayuntamiento de Aldaia presenta \u201cBonic\u201d, una programaci\u00f3n teatral dirigida al p\u00fablico familiar durante las vacaciones de Navidad.","robots":{"index":"index","follow":"follow","max-snippet":"max-snippet:-1","max-image-preview":"max-image-preview:large","max-video-preview":"max-video-preview:-1"},"canonical":"https:\/\/aldaia.es\/es\/cultura\/tama-teatro-auditorio\/bonito-ciclo-navideno-de-teatro-para-ninos-y-ninas\/","og_locale":"es_ES","og_type":"article","og_title":"\u201cBonic\u201d ciclo navide\u00f1o de teatro para ni\u00f1os y ni\u00f1as - Ayuntamiento de Aldaia","og_description":"El Ayuntamiento de Aldaia presenta \u201cBonic\u201d, una programaci\u00f3n teatral dirigida al p\u00fablico familiar durante las vacaciones de Navidad.","og_url":"https:\/\/aldaia.es\/es\/cultura\/tama-teatro-auditorio\/bonito-ciclo-navideno-de-teatro-para-ninos-y-ninas\/","og_site_name":"Ayuntamiento de Aldaia","article_modified_time":"2025-05-21T11:15:56+00:00","og_image":[{"url":"https:\/\/aldaia.es\/wp-content\/uploads\/2024\/01\/Bonic-2023.jpeg","type":"","width":"","height":""}],"schema":{"@context":"https:\/\/schema.org","@graph":[{"@type":"WebPage","@id":"https:\/\/aldaia.es\/es\/cultura\/tama-teatro-auditorio\/bonito-ciclo-navideno-de-teatro-para-ninos-y-ninas\/","url":"https:\/\/aldaia.es\/es\/cultura\/tama-teatro-auditorio\/bonito-ciclo-navideno-de-teatro-para-ninos-y-ninas\/","name":"\u201cBonic\u201d ciclo navide\u00f1o de teatro para ni\u00f1os y ni\u00f1as - Ayuntamiento de Aldaia","isPartOf":{"@id":"https:\/\/aldaia.es\/es\/#website"},"primaryImageOfPage":{"@id":"https:\/\/aldaia.es\/es\/cultura\/tama-teatro-auditorio\/bonito-ciclo-navideno-de-teatro-para-ninos-y-ninas\/#primaryimage"},"image":{"@id":"https:\/\/aldaia.es\/es\/cultura\/tama-teatro-auditorio\/bonito-ciclo-navideno-de-teatro-para-ninos-y-ninas\/#primaryimage"},"thumbnailUrl":"https:\/\/aldaia.es\/wp-content\/uploads\/2024\/01\/Bonic-2023.jpeg","datePublished":"2022-08-31T08:48:15+00:00","dateModified":"2025-05-21T11:15:56+00:00","description":"El Ayuntamiento de Aldaia presenta \u201cBonic\u201d, una programaci\u00f3n teatral dirigida al p\u00fablico familiar durante las vacaciones de Navidad.","breadcrumb":{"@id":"https:\/\/aldaia.es\/es\/cultura\/tama-teatro-auditorio\/bonito-ciclo-navideno-de-teatro-para-ninos-y-ninas\/#breadcrumb"},"inLanguage":"es","potentialAction":[{"@type":"ReadAction","target":["https:\/\/aldaia.es\/es\/cultura\/tama-teatro-auditorio\/bonito-ciclo-navideno-de-teatro-para-ninos-y-ninas\/"]}]},{"@type":"ImageObject","inLanguage":"es","@id":"https:\/\/aldaia.es\/es\/cultura\/tama-teatro-auditorio\/bonito-ciclo-navideno-de-teatro-para-ninos-y-ninas\/#primaryimage","url":"https:\/\/aldaia.es\/wp-content\/uploads\/2024\/01\/Bonic-2023.jpeg","contentUrl":"https:\/\/aldaia.es\/wp-content\/uploads\/2024\/01\/Bonic-2023.jpeg"},{"@type":"BreadcrumbList","@id":"https:\/\/aldaia.es\/es\/cultura\/tama-teatro-auditorio\/bonito-ciclo-navideno-de-teatro-para-ninos-y-ninas\/#breadcrumb","itemListElement":[{"@type":"ListItem","position":1,"name":"Portada","item":"https:\/\/aldaia.es\/es\/"},{"@type":"ListItem","position":2,"name":"Cultura","item":"https:\/\/aldaia.es\/es\/cultura\/"},{"@type":"ListItem","position":3,"name":"TAMA. Teatro Auditorio de Aldaia","item":"https:\/\/aldaia.es\/es\/cultura\/tama-teatro-auditorio\/"},{"@type":"ListItem","position":4,"name":"\u201cBonic\u201d ciclo navide\u00f1o de teatro para ni\u00f1os y ni\u00f1as"}]},{"@type":"WebSite","@id":"https:\/\/aldaia.es\/es\/#website","url":"https:\/\/aldaia.es\/es\/","name":"Ajuntament D'Aldaia","description":"","publisher":{"@id":"https:\/\/aldaia.es\/es\/#organization"},"alternateName":"Ajuntament D'Aldaia","potentialAction":[{"@type":"SearchAction","target":{"@type":"EntryPoint","urlTemplate":"https:\/\/aldaia.es\/es\/?s={search_term_string}"},"query-input":{"@type":"PropertyValueSpecification","valueRequired":true,"valueName":"search_term_string"}}],"inLanguage":"es"},{"@type":"Organization","@id":"https:\/\/aldaia.es\/es\/#organization","name":"Ajuntament D'Aldaia","url":"https:\/\/aldaia.es\/es\/","logo":{"@type":"ImageObject","inLanguage":"es","@id":"https:\/\/aldaia.es\/es\/#\/schema\/logo\/image\/","url":"https:\/\/aldaia.es\/wp-content\/uploads\/2022\/06\/aldaia-negro-1.png","contentUrl":"https:\/\/aldaia.es\/wp-content\/uploads\/2022\/06\/aldaia-negro-1.png","width":152,"height":70,"caption":"Ajuntament D'Aldaia"},"image":{"@id":"https:\/\/aldaia.es\/es\/#\/schema\/logo\/image\/"}}]}},"_links":{"self":[{"href":"https:\/\/aldaia.es\/es\/wp-json\/wp\/v2\/pages\/6214","targetHints":{"allow":["GET"]}}],"collection":[{"href":"https:\/\/aldaia.es\/es\/wp-json\/wp\/v2\/pages"}],"about":[{"href":"https:\/\/aldaia.es\/es\/wp-json\/wp\/v2\/types\/page"}],"author":[{"embeddable":true,"href":"https:\/\/aldaia.es\/es\/wp-json\/wp\/v2\/users\/1"}],"replies":[{"embeddable":true,"href":"https:\/\/aldaia.es\/es\/wp-json\/wp\/v2\/comments?post=6214"}],"version-history":[{"count":12,"href":"https:\/\/aldaia.es\/es\/wp-json\/wp\/v2\/pages\/6214\/revisions"}],"predecessor-version":[{"id":37529,"href":"https:\/\/aldaia.es\/es\/wp-json\/wp\/v2\/pages\/6214\/revisions\/37529"}],"up":[{"embeddable":true,"href":"https:\/\/aldaia.es\/es\/wp-json\/wp\/v2\/pages\/6376"}],"wp:attachment":[{"href":"https:\/\/aldaia.es\/es\/wp-json\/wp\/v2\/media?parent=6214"}],"curies":[{"name":"wp","href":"https:\/\/api.w.org\/{rel}","templated":true}]}}