{"id":6228,"date":"2022-08-30T09:43:53","date_gmt":"2022-08-30T07:43:53","guid":{"rendered":"https:\/\/aldaia.eu\/situacion-geografica\/"},"modified":"2024-10-08T17:50:03","modified_gmt":"2024-10-08T15:50:03","slug":"situacion-geografica-aldaya","status":"publish","type":"page","link":"https:\/\/aldaia.es\/es\/situacion-geografica-aldaya\/","title":{"rendered":"Situaci\u00f3n geogr\u00e1fica"},"content":{"rendered":"\n<iframe src=\"https:\/\/www.google.com\/maps\/embed?pb=!1m14!1m8!1m3!1d197146.62624986173!2d-0.4953830000000001!3d39.459929!3m2!1i1024!2i768!4f13.1!3m3!1m2!1s0xd6050f242c2c6d7%3A0x1c02af723e139820!2s46960%20Aldaia%2C%20Valencia!5e0!3m2!1sen!2ses!4v1718791089962!5m2!1sen!2ses\" width=\"100%\" height=\"400\" style=\"border:0;\" allowfullscreen=\"\" loading=\"lazy\" referrerpolicy=\"no-referrer-when-downgrade\"><\/iframe>\n\n\n\n<div style=\"height:20px\" aria-hidden=\"true\" class=\"wp-block-spacer\"><\/div>\n\n\n\n<p>Municipio de 31.312 habitantes (2017) situado a 8,2 kil\u00f3metros de Valencia ya 50 metros de altitud. Su t\u00e9rmino limita al norte cono Quart de Poblet, al sur cono Torrent y Alaqu\u00e0s, al este cono Xirivella y al oeste cono Chiva, por lo que pertenece a la comarca de l&#8217;Horta Sud. El pueblo cuenta con 1.620 hect\u00e1reas y una densidad de poblaci\u00f3n de 1.951 habitantes por kil\u00f3metro cuadrado. La localidad de Aldaia participa de la caracter\u00edstica dualidad de dos paisajes. As\u00ed, la zona m\u00e1s occidental se extiende por el conocido como Pla de Quart y contacta con los inicios de la sierra Perenxisa mientras que la zona m\u00e1s oriental se caracteriza por su fisonom\u00eda propiamente de la huerta y se riega con la acequia de Ben\u00e0ger. El barranco de La Saleta atraviesa de norte a sur el municipio.<\/p>\n\n\n\n<p>Los habitantes de este municipio reciben el nombre de aldaieros y aldaieras. El top\u00f3nimo es de origen musulm\u00e1n, Ad daya, que dio origen a la palabra \u00abllogaret\u00bb. Esta etimolog\u00eda sugiere que el origen del pueblo fue un inquilino m\u00e1s que una sencilla alquer\u00eda. Tras la conquista de Jaume I, Aldaia fue otorgada al monasterio de Sant Vicent de la Roqueta de Val\u00e8ncia, al igual que la poblaci\u00f3n vecina de Quart de Poblet, compartiendo con \u00e9sta las mismas vicisitudes hist\u00f3ricas hasta la extinci\u00f3n de los se\u00f1or\u00edos en el siglo XIX.<\/p>\n\n\n\n<div class=\"wp-block-columns is-layout-flex wp-container-core-columns-is-layout-9d6595d7 wp-block-columns-is-layout-flex\">\n<div class=\"wp-block-column lista_adjuntos is-layout-flow wp-block-column-is-layout-flow\">\n<h2 class=\"wp-block-heading display-4\">Adjuntos<\/h2>\n\n\n\n<p><i class=\"far fa-file-pdf\"><\/i><a href=\"https:\/\/aldaia.es\/wp-content\/uploads\/2023\/01\/aldaia_callejero_2016_-2.pdf\" target=\"_blank\" rel=\"noreferrer noopener\">Callejero<\/a><\/p>\n<\/div>\n<\/div>\n\n\n\n<div class=\"wp-block-columns is-layout-flex wp-container-core-columns-is-layout-9d6595d7 wp-block-columns-is-layout-flex\">\n<div class=\"wp-block-column lista_adjuntos is-layout-flow wp-block-column-is-layout-flow\">\n<h2 class=\"wp-block-heading display-4\">Enlaces<\/h2>\n\n\n\n<p><i class=\"fas fa-link\"><\/i><a href=\"https:\/\/es.wikipedia.org\/wiki\/Aldaya\" target=\"_blank\" rel=\"noreferrer noopener\">Aldaia wikipedia<\/a><\/p>\n<\/div>\n<\/div>\n","protected":false},"excerpt":{"rendered":"<p>Municipio de 31.312 habitantes (2017) situado a 8,2 kil\u00f3metros de Valencia ya 50 metros de altitud. Su t\u00e9rmino limita al norte cono Quart de Poblet, al sur cono Torrent y <a class=\"text-decoration-none text-black\" href=\"https:\/\/aldaia.es\/es\/situacion-geografica-aldaya\/\"> &#8230; <\/a><\/p>\n","protected":false},"author":1,"featured_media":0,"parent":0,"menu_order":0,"comment_status":"closed","ping_status":"closed","template":"basic-page-title.php","meta":{"_acf_changed":false,"footnotes":""},"class_list":["post-6228","page","type-page","status-publish","hentry"],"acf":[],"yoast_head":"<!-- This site is optimized with the Yoast SEO plugin v27.0 - https:\/\/yoast.com\/product\/yoast-seo-wordpress\/ -->\n<title>Situaci\u00f3n geogr\u00e1fica - Ajuntament d&#039;Aldaia<\/title>\n<meta name=\"description\" content=\"Aldaya es un municipio de 31.312 habitantes (2017) situado a 8,2 kil\u00f3metros de Valencia y a 50 metros de altitud.\" \/>\n<meta name=\"robots\" content=\"index, follow, max-snippet:-1, max-image-preview:large, max-video-preview:-1\" \/>\n<link rel=\"canonical\" href=\"https:\/\/aldaia.es\/es\/situacion-geografica-aldaya\/\" \/>\n<meta property=\"og:locale\" content=\"es_ES\" \/>\n<meta property=\"og:type\" content=\"article\" \/>\n<meta property=\"og:title\" content=\"Situaci\u00f3n geogr\u00e1fica - Ajuntament d&#039;Aldaia\" \/>\n<meta property=\"og:description\" content=\"Aldaya es un municipio de 31.312 habitantes (2017) situado a 8,2 kil\u00f3metros de Valencia y a 50 metros de altitud.\" \/>\n<meta property=\"og:url\" content=\"https:\/\/aldaia.es\/es\/situacion-geografica-aldaya\/\" \/>\n<meta property=\"og:site_name\" content=\"Ayuntamiento de Aldaia\" \/>\n<meta property=\"article:modified_time\" content=\"2024-10-08T15:50:03+00:00\" \/>\n<script type=\"application\/ld+json\" class=\"yoast-schema-graph\">{\"@context\":\"https:\/\/schema.org\",\"@graph\":[{\"@type\":\"WebPage\",\"@id\":\"https:\/\/aldaia.es\/es\/situacion-geografica-aldaya\/\",\"url\":\"https:\/\/aldaia.es\/es\/situacion-geografica-aldaya\/\",\"name\":\"Situaci\u00f3n geogr\u00e1fica - Ajuntament d'Aldaia\",\"isPartOf\":{\"@id\":\"https:\/\/aldaia.es\/es\/#website\"},\"datePublished\":\"2022-08-30T07:43:53+00:00\",\"dateModified\":\"2024-10-08T15:50:03+00:00\",\"description\":\"Aldaya es un municipio de 31.312 habitantes (2017) situado a 8,2 kil\u00f3metros de Valencia y a 50 metros de altitud.\",\"breadcrumb\":{\"@id\":\"https:\/\/aldaia.es\/es\/situacion-geografica-aldaya\/#breadcrumb\"},\"inLanguage\":\"es\",\"potentialAction\":[{\"@type\":\"ReadAction\",\"target\":[\"https:\/\/aldaia.es\/es\/situacion-geografica-aldaya\/\"]}]},{\"@type\":\"BreadcrumbList\",\"@id\":\"https:\/\/aldaia.es\/es\/situacion-geografica-aldaya\/#breadcrumb\",\"itemListElement\":[{\"@type\":\"ListItem\",\"position\":1,\"name\":\"Portada\",\"item\":\"https:\/\/aldaia.es\/es\/\"},{\"@type\":\"ListItem\",\"position\":2,\"name\":\"Situaci\u00f3n geogr\u00e1fica\"}]},{\"@type\":\"WebSite\",\"@id\":\"https:\/\/aldaia.es\/es\/#website\",\"url\":\"https:\/\/aldaia.es\/es\/\",\"name\":\"Ajuntament D'Aldaia\",\"description\":\"\",\"publisher\":{\"@id\":\"https:\/\/aldaia.es\/es\/#organization\"},\"alternateName\":\"Ajuntament D'Aldaia\",\"potentialAction\":[{\"@type\":\"SearchAction\",\"target\":{\"@type\":\"EntryPoint\",\"urlTemplate\":\"https:\/\/aldaia.es\/es\/?s={search_term_string}\"},\"query-input\":{\"@type\":\"PropertyValueSpecification\",\"valueRequired\":true,\"valueName\":\"search_term_string\"}}],\"inLanguage\":\"es\"},{\"@type\":\"Organization\",\"@id\":\"https:\/\/aldaia.es\/es\/#organization\",\"name\":\"Ajuntament D'Aldaia\",\"url\":\"https:\/\/aldaia.es\/es\/\",\"logo\":{\"@type\":\"ImageObject\",\"inLanguage\":\"es\",\"@id\":\"https:\/\/aldaia.es\/es\/#\/schema\/logo\/image\/\",\"url\":\"https:\/\/aldaia.es\/wp-content\/uploads\/2022\/06\/aldaia-negro-1.png\",\"contentUrl\":\"https:\/\/aldaia.es\/wp-content\/uploads\/2022\/06\/aldaia-negro-1.png\",\"width\":152,\"height\":70,\"caption\":\"Ajuntament D'Aldaia\"},\"image\":{\"@id\":\"https:\/\/aldaia.es\/es\/#\/schema\/logo\/image\/\"}}]}<\/script>\n<!-- \/ Yoast SEO plugin. -->","yoast_head_json":{"title":"Situaci\u00f3n geogr\u00e1fica - Ajuntament d'Aldaia","description":"Aldaya es un municipio de 31.312 habitantes (2017) situado a 8,2 kil\u00f3metros de Valencia y a 50 metros de altitud.","robots":{"index":"index","follow":"follow","max-snippet":"max-snippet:-1","max-image-preview":"max-image-preview:large","max-video-preview":"max-video-preview:-1"},"canonical":"https:\/\/aldaia.es\/es\/situacion-geografica-aldaya\/","og_locale":"es_ES","og_type":"article","og_title":"Situaci\u00f3n geogr\u00e1fica - Ajuntament d'Aldaia","og_description":"Aldaya es un municipio de 31.312 habitantes (2017) situado a 8,2 kil\u00f3metros de Valencia y a 50 metros de altitud.","og_url":"https:\/\/aldaia.es\/es\/situacion-geografica-aldaya\/","og_site_name":"Ayuntamiento de Aldaia","article_modified_time":"2024-10-08T15:50:03+00:00","schema":{"@context":"https:\/\/schema.org","@graph":[{"@type":"WebPage","@id":"https:\/\/aldaia.es\/es\/situacion-geografica-aldaya\/","url":"https:\/\/aldaia.es\/es\/situacion-geografica-aldaya\/","name":"Situaci\u00f3n geogr\u00e1fica - Ajuntament d'Aldaia","isPartOf":{"@id":"https:\/\/aldaia.es\/es\/#website"},"datePublished":"2022-08-30T07:43:53+00:00","dateModified":"2024-10-08T15:50:03+00:00","description":"Aldaya es un municipio de 31.312 habitantes (2017) situado a 8,2 kil\u00f3metros de Valencia y a 50 metros de altitud.","breadcrumb":{"@id":"https:\/\/aldaia.es\/es\/situacion-geografica-aldaya\/#breadcrumb"},"inLanguage":"es","potentialAction":[{"@type":"ReadAction","target":["https:\/\/aldaia.es\/es\/situacion-geografica-aldaya\/"]}]},{"@type":"BreadcrumbList","@id":"https:\/\/aldaia.es\/es\/situacion-geografica-aldaya\/#breadcrumb","itemListElement":[{"@type":"ListItem","position":1,"name":"Portada","item":"https:\/\/aldaia.es\/es\/"},{"@type":"ListItem","position":2,"name":"Situaci\u00f3n geogr\u00e1fica"}]},{"@type":"WebSite","@id":"https:\/\/aldaia.es\/es\/#website","url":"https:\/\/aldaia.es\/es\/","name":"Ajuntament D'Aldaia","description":"","publisher":{"@id":"https:\/\/aldaia.es\/es\/#organization"},"alternateName":"Ajuntament D'Aldaia","potentialAction":[{"@type":"SearchAction","target":{"@type":"EntryPoint","urlTemplate":"https:\/\/aldaia.es\/es\/?s={search_term_string}"},"query-input":{"@type":"PropertyValueSpecification","valueRequired":true,"valueName":"search_term_string"}}],"inLanguage":"es"},{"@type":"Organization","@id":"https:\/\/aldaia.es\/es\/#organization","name":"Ajuntament D'Aldaia","url":"https:\/\/aldaia.es\/es\/","logo":{"@type":"ImageObject","inLanguage":"es","@id":"https:\/\/aldaia.es\/es\/#\/schema\/logo\/image\/","url":"https:\/\/aldaia.es\/wp-content\/uploads\/2022\/06\/aldaia-negro-1.png","contentUrl":"https:\/\/aldaia.es\/wp-content\/uploads\/2022\/06\/aldaia-negro-1.png","width":152,"height":70,"caption":"Ajuntament D'Aldaia"},"image":{"@id":"https:\/\/aldaia.es\/es\/#\/schema\/logo\/image\/"}}]}},"_links":{"self":[{"href":"https:\/\/aldaia.es\/es\/wp-json\/wp\/v2\/pages\/6228","targetHints":{"allow":["GET"]}}],"collection":[{"href":"https:\/\/aldaia.es\/es\/wp-json\/wp\/v2\/pages"}],"about":[{"href":"https:\/\/aldaia.es\/es\/wp-json\/wp\/v2\/types\/page"}],"author":[{"embeddable":true,"href":"https:\/\/aldaia.es\/es\/wp-json\/wp\/v2\/users\/1"}],"replies":[{"embeddable":true,"href":"https:\/\/aldaia.es\/es\/wp-json\/wp\/v2\/comments?post=6228"}],"version-history":[{"count":18,"href":"https:\/\/aldaia.es\/es\/wp-json\/wp\/v2\/pages\/6228\/revisions"}],"predecessor-version":[{"id":33612,"href":"https:\/\/aldaia.es\/es\/wp-json\/wp\/v2\/pages\/6228\/revisions\/33612"}],"wp:attachment":[{"href":"https:\/\/aldaia.es\/es\/wp-json\/wp\/v2\/media?parent=6228"}],"curies":[{"name":"wp","href":"https:\/\/api.w.org\/{rel}","templated":true}]}}