{"id":6239,"date":"2022-08-25T12:50:10","date_gmt":"2022-08-25T10:50:10","guid":{"rendered":"https:\/\/aldaia.eu\/deportes\/"},"modified":"2026-01-07T14:49:38","modified_gmt":"2026-01-07T13:49:38","slug":"deportes","status":"publish","type":"page","link":"https:\/\/aldaia.es\/es\/deportes\/","title":{"rendered":"Deportes"},"content":{"rendered":"\n<div class=\"wp-block-columns is-layout-flex wp-container-core-columns-is-layout-9d6595d7 wp-block-columns-is-layout-flex\">\n<div class=\"wp-block-column is-layout-flow wp-block-column-is-layout-flow\">\n<figure class=\"wp-block-image size-full\"><img loading=\"lazy\" decoding=\"async\" width=\"1440\" height=\"420\" src=\"https:\/\/aldaia.es\/wp-content\/uploads\/2025\/06\/aldaia-esports.jpg\" alt=\"Deportes\" class=\"wp-image-38117\" srcset=\"https:\/\/aldaia.es\/wp-content\/uploads\/2025\/06\/aldaia-esports.jpg 1440w, https:\/\/aldaia.es\/wp-content\/uploads\/2025\/06\/aldaia-esports-300x88.jpg 300w, https:\/\/aldaia.es\/wp-content\/uploads\/2025\/06\/aldaia-esports-1024x299.jpg 1024w, https:\/\/aldaia.es\/wp-content\/uploads\/2025\/06\/aldaia-esports-768x224.jpg 768w, https:\/\/aldaia.es\/wp-content\/uploads\/2025\/06\/aldaia-esports-150x44.jpg 150w, https:\/\/aldaia.es\/wp-content\/uploads\/2025\/06\/aldaia-esports-696x203.jpg 696w, https:\/\/aldaia.es\/wp-content\/uploads\/2025\/06\/aldaia-esports-1068x312.jpg 1068w\" sizes=\"auto, (max-width: 1440px) 100vw, 1440px\" \/><\/figure>\n<\/div>\n<\/div>\n\n\n\n<div class=\"wp-block-columns dep-deportes is-layout-flex wp-container-core-columns-is-layout-9d6595d7 wp-block-columns-is-layout-flex\">\n<div class=\"wp-block-column is-layout-flow wp-block-column-is-layout-flow\" style=\"flex-basis:30%\"><!--  Info deportes -->\n\n \n\n<div class='bloque-infos-deportes wrapper-departamentos'>\n    <p class=\"tit-bloque-infos\">Pavell\u00f3n Municipal Polideportivo de Aldaia <\/p>\n        <div class='infos-departamento'>\n            <p>Joaqu\u00edn Blume, s\/n 46960, Aldaia, Valencia<\/p>\n            <p><i class=\"fa fa-phone\" aria-hidden=\"true\"><\/i> <a href=\"tel:+34961500702\">+34 961 50 07 02<\/a><\/p>\n            \n           \n        <\/div>\n\n        <div class='mapa-1'>\n        <iframe src=\"https:\/\/www.google.com\/maps\/embed?pb=!1m18!1m12!1m3!1d516.9498040178551!2d-0.4602445110923791!3d39.461333763590055!2m3!1f0!2f0!3f0!3m2!1i1024!2i768!4f13.1!3m3!1m2!1s0xd60503ca4d1771b%3A0xa7f996d81d8f7def!2sPabell%C3%B3n%20Municipal%20Aldaya!5e0!3m2!1ses!2ses!4v1721990333976!5m2!1ses!2ses\" width=\"100%\" height=\"300\" style=\"border:0;\" allowfullscreen=\"\" loading=\"lazy\" referrerpolicy=\"no-referrer-when-downgrade\"><\/iframe>\n        <\/div>\n\n        <br><br>\n\n        <p class=\"tit-bloque-infos\">Piscina Cubierta <\/p>\n        <div class='infos-departamento'>\n            <p>Ricardo Fuster y Fuster, s\/n 46960 Aldaia Valencia<\/p>\n            <p><i class=\"fa fa-phone\" aria-hidden=\"true\"><\/i> <a href=\"tel:+34961985270\">+34 961 98 52 70<\/a><\/p>\n            <p><i class=\"fas fa-envelope\"><\/i> <a href=\"mailto:esports@ajuntamentaldaia.org\">esports@ajuntamentaldaia.org<\/a><\/p>\n            <p><i class=\"fas fa-clock\"><\/i> Lunes a viernes: de 7:00 a 21:00 horas. S\u00e1bados y domingos: de 9:00 a 13:00 horas.<\/p>\n        <\/div>\n        <br><br>\n        <div class='mapa-1'>\n        <iframe src=\"https:\/\/www.google.com\/maps\/embed?pb=!1m18!1m12!1m3!1d1071.9310378256994!2d-0.458356196840644!3d39.45976172293869!2m3!1f0!2f0!3f0!3m2!1i1024!2i768!4f13.1!3m3!1m2!1s0xd60503cc6eae165%3A0xe86edf3f3eb37520!2sPiscina%20Cubierta%20Municipal%20de%20Aldaya!5e0!3m2!1ses!2ses!4v1721990464712!5m2!1ses!2ses\" width=\"100%\" height=\"300\" style=\"border:0;\" allowfullscreen=\"\" loading=\"lazy\" referrerpolicy=\"no-referrer-when-downgrade\"><\/iframe>\n        <\/div>\n\n        \n\n\n    <\/div>\n    <!-- end bloque infos -->\n   \n\n\n    \n\n\n<\/div>\n\n\n\n<div class=\"wp-block-column is-layout-flow wp-block-column-is-layout-flow\" style=\"flex-basis:70%\">\n<h1 class=\"wp-block-heading\"><strong>Deportes<\/strong><\/h1>\n\n\n\n<p>La oferta deportiva de Aldaia centra sus objetivos en:<\/p>\n\n\n\n<ul class=\"wp-block-list\">\n<li>Impulsar la pr\u00e1ctica del deporte de base.<\/li>\n\n\n\n<li>Ofrecer una variada gama de actividades que se adapten a las edades e intereses de los usuarios\/as.<\/li>\n\n\n\n<li>Desarrollar las habilidades f\u00edsicas y motoras, pero tambi\u00e9n capacidades de cooperaci\u00f3n, relaci\u00f3n y pr\u00e1cticas saludables.<\/li>\n\n\n\n<li>Diversificar las ofertas en tiempo y espacios, para que la infancia y la juventud puedan gozar de propuestas de ocio y tiempo libre.<\/li>\n\n\n\n<li>Complementar la oferta deportiva en los centros educativos en horario no escolar.<\/li>\n\n\n\n<li>Garantizar el acceso de la infancia y la adolescencia en el deporte con la oferta municipal.<\/li>\n\n\n\n<li>Ir diversificando y variando las propuestas de actividades deportivas, adapt\u00e1ndolas a las demandas de la poblaci\u00f3n.<\/li>\n\n\n\n<li>Mejorar la disponibilidad de medios e infraestructuras y su mantenimiento.<\/li>\n<\/ul>\n\n\n\n<h2 class=\"wp-block-heading\">Informaci\u00f3n Renovaci\u00f3n &#8211; Temporada 2025\/2026<\/h2>\n\n\n\n<p>\ud83d\udcdd <strong>Renovaciones del 7 de julio al 5 de septiembre.<\/strong><\/p>\n\n\n\n<ol class=\"wp-block-list\">\n<li>Usuarios con pago domiciliado: la renovaci\u00f3n es autom\u00e1tica.<\/li>\n\n\n\n<li>Usuarios con pago NO domiciliado: No se podr\u00e1n realizar renovaciones en periodo de cambio de temporada por v\u00eda telem\u00e1tica. Se tendr\u00e1 que hacer presencial a la Piscina Cubierta de Aldaia.<br>Horario de atenci\u00f3n:<br>\ud83d\udd56 LUN. \u2013 VNES.<br>09.00 &#8211; 21.00 h<br>\ud83d\udd56 S\u00c1B. &#8211; DOM.<br>09.00 -13.00 h<br>\u26a0 Mes de agosto la piscina se mantendr\u00e1 cerrada.<\/li>\n<\/ol>\n\n\n\n<p>DOCUMENTACI\u00d3N NECESARIA PARA LA RENOVACI\u00d3N:<br>* DNI<br>* Tarjeta de persona usuaria de la instalaci\u00f3n<br>* En caso de poder disfrutar de un descuento, llevar la documentaci\u00f3n necesaria para justificar que se cumplen los requisitos.<\/p>\n\n\n\n<p>\ud83d\udd04 <strong>Cambios de actividad: <\/strong>8 y 9 de septiembre de forma presencial.<\/p>\n\n\n\n<p>\u270d<strong>Nuevas inscripciones:<\/strong><br>\u00b7 EMPADRONADOS EN ALDAIA: a partir del 10 de septiembre.<br>\u00b7 NO EMPADRONADOS EN ALDAIA: a partir del 17 de septiembre.<\/p>\n\n\n\n<p>\ud83d\udc49\ud83c\udffc Si tienes usuario del polideportivo podr\u00e1s inscribirte en: aldaia.es &gt; Ayuntamiento&gt; Departamentos Municipales &gt; Deportes &gt; Mi espacio deportivo.<br><em>* Si no tienes usuario la plataforma te permite la creaci\u00f3n de un usuario. Si se persona beneficiaria de descuento no se podr\u00e1 beneficiar de ellos si crea el usuario en l\u00ednea.<\/em><\/p>\n\n\n\n<p>\ud83d\udc49\ud83c\udffc Presencialmente en la recepci\u00f3n de la Piscina Cubierta.<\/p>\n\n\n\n<h2 class=\"wp-block-heading\">Programaci\u00f3n Estable 2025\/2026<\/h2>\n\n\n\n<div class=\"wp-block-columns is-layout-flex wp-container-core-columns-is-layout-9d6595d7 wp-block-columns-is-layout-flex\">\n<div class=\"wp-block-column lista_adjuntos is-layout-flow wp-block-column-is-layout-flow\">\n<h3 class=\"wp-block-heading adjuntos\">Horarios actividades 2025\/2026<\/h3>\n\n\n\n<div class=\"wp-block-group\"><div class=\"wp-block-group__inner-container is-layout-constrained wp-block-group-is-layout-constrained\">\n<p><i class=\"fas fa-file-pdf\"><\/i> <a href=\"https:\/\/aldaia.es\/wp-content\/uploads\/2025\/07\/PROGRAMACION-AGUA-CAST-scaled.jpg\" target=\"_blank\" rel=\"noreferrer noopener\">Cursos Piscina<\/a><\/p>\n\n\n\n<p><i class=\"fas fa-file-pdf\"><\/i> <a href=\"https:\/\/aldaia.es\/wp-content\/uploads\/2025\/07\/PROGRAMACION-SEMANAL-SECO-CAST_Mesa-de-trabajo-1-scaled.jpg\" target=\"_blank\" rel=\"noreferrer noopener\">Actividades Colectivas<\/a><\/p>\n<\/div><\/div>\n<\/div>\n<\/div>\n\n\n\n<h3 class=\"wp-block-heading adjuntos\">Calendario Polideportivo<\/h3>\n\n\n\n<p>Todas las actividades, tanto colectivas como cursos de piscina, se regir\u00e1n por el mismo calendario trimestral.<\/p>\n\n\n\n<div class=\"wp-block-columns is-layout-flex wp-container-core-columns-is-layout-9d6595d7 wp-block-columns-is-layout-flex\">\n<div class=\"wp-block-column is-vertically-aligned-top lista_adjuntos is-layout-flow wp-block-column-is-layout-flow\">\n<p><i class=\"fas fa-file-pdf\"><\/i> <a href=\"https:\/\/aldaia.es\/wp-content\/uploads\/2026\/01\/CALENDARIO-CST.pdf\" target=\"_blank\" rel=\"noreferrer noopener\">Calendario actividades 2025-2026<\/a><\/p>\n\n\n\n<h3 class=\"wp-block-heading adjuntos\">Precios actividades 2025\/2026<\/h3>\n\n\n\n<p><i class=\"fas fa-file-pdf\"><\/i> <a href=\"https:\/\/aldaia.es\/wp-content\/uploads\/2025\/07\/TABLA-DE-PRECIOS-25-26.pdf\" target=\"_blank\" rel=\"noreferrer noopener\">Tabla de Precios<\/a><\/p>\n\n\n\n<h3 class=\"wp-block-heading adjuntos\">Descripci\u00f3n actividades 2025\/2026<\/h3>\n\n\n\n<p class=\"lista_adjuntos\"><i class=\"fas fa-file-pdf\"><\/i>  <a href=\"https:\/\/aldaia.es\/wp-content\/uploads\/2024\/08\/BODY-POWER_-CST.pdf\" target=\"_blank\" rel=\"noreferrer noopener\">Body Power<\/a><\/p>\n\n\n\n<p class=\"lista_adjuntos\"><i class=\"fas fa-file-pdf\"><\/i>  <a href=\"https:\/\/aldaia.es\/wp-content\/uploads\/2024\/08\/FITNESS-CIRCUIT-_-CST.pdf\" target=\"_blank\" rel=\"noreferrer noopener\">Fitness Circuit<\/a><\/p>\n\n\n\n<p class=\"lista_adjuntos\"><i class=\"fas fa-file-pdf\"><\/i>  <a href=\"https:\/\/aldaia.es\/wp-content\/uploads\/2024\/08\/HIIT_CST.pdf\" target=\"_blank\" rel=\"noreferrer noopener\">Hiit<\/a><\/p>\n<\/div>\n<\/div>\n<\/div>\n<\/div>\n\n\n\n<div class=\"wp-block-columns is-layout-flex wp-container-core-columns-is-layout-9d6595d7 wp-block-columns-is-layout-flex\">\n<div class=\"wp-block-column is-layout-flow wp-block-column-is-layout-flow\">\n<h2 class=\"wp-block-heading  display-4\">Nuestros clubs<\/h2>\n\n\n\n<p>Conoce el abanico de clubs deportivos que puedes encontrar en nuestra localidad.<\/p>\n\n\n\n<p>Toda la informaci\u00f3n y datos de contacto en el adjunto que tiene a continuaci\u00f3n.<\/p>\n\n\n\n<div class=\"wp-block-columns is-layout-flex wp-container-core-columns-is-layout-9d6595d7 wp-block-columns-is-layout-flex\">\n<div class=\"wp-block-column lista_adjuntos is-layout-flow wp-block-column-is-layout-flow\">\n<p><i class=\"fas fa-link\"><\/i> <a href=\"https:\/\/aldaia.es\/wp-content\/uploads\/2024\/09\/CLUBS_CST.pdf\" target=\"_blank\" rel=\"noreferrer noopener\">Folleto Clubes y escuelas deportiva de Aldaia<\/a><\/p>\n<\/div>\n<\/div>\n<\/div>\n<\/div>\n\n\n\n<div class=\"wp-block-columns is-layout-flex wp-container-core-columns-is-layout-9d6595d7 wp-block-columns-is-layout-flex\">\n<div class=\"wp-block-column is-layout-flow wp-block-column-is-layout-flow\">\n<h2 class=\"wp-block-heading  display-4\">Servicio de Whatsapp de Deporte<\/h2>\n\n\n\n<div class=\"wp-block-columns is-layout-flex wp-container-core-columns-is-layout-9d6595d7 wp-block-columns-is-layout-flex\">\n<div class=\"wp-block-column is-layout-flow wp-block-column-is-layout-flow\" style=\"flex-basis:33.33%\">\n<figure class=\"wp-block-image size-full\"><img loading=\"lazy\" decoding=\"async\" width=\"300\" height=\"225\" src=\"https:\/\/aldaia.es\/wp-content\/uploads\/2023\/02\/nou_servei_dinformacio_y_avisos_deport_whatsappdef_2.jpeg\" alt=\"Whatsapp d'Esport\" class=\"wp-image-4206\" srcset=\"https:\/\/aldaia.es\/wp-content\/uploads\/2023\/02\/nou_servei_dinformacio_y_avisos_deport_whatsappdef_2.jpeg 300w, https:\/\/aldaia.es\/wp-content\/uploads\/2023\/02\/nou_servei_dinformacio_y_avisos_deport_whatsappdef_2-150x113.jpeg 150w\" sizes=\"auto, (max-width: 300px) 100vw, 300px\" \/><\/figure>\n<\/div>\n\n\n\n<div class=\"wp-block-column is-layout-flow wp-block-column-is-layout-flow\" style=\"flex-basis:66.66%\">\n<p><strong>Nuevo servicio de informaci\u00f3n del departamento de Deportes<\/strong><\/p>\n\n\n\n<p>La situaci\u00f3n actual requiere una respuesta comunicativa r\u00e1pida con informaci\u00f3n fluida y constante&nbsp;.&nbsp; Por&nbsp; este&nbsp; motivo ponemos en marcha el Servicio de informaci\u00f3n Whatsapp de Deporte: canal oficial por el cual transmitiremos toda la informaci\u00f3n urgente y de inter\u00e9s en lo referente a las instalaciones y actividades deportivas de Aldaia.<\/p>\n\n\n\n<p><strong>\u00bfC\u00f3mo puedo darme de alta en el servicio?<\/strong><\/p>\n\n\n\n<ul class=\"wp-block-list\">\n<li>Envia un&nbsp;mensaje de whatsapp&nbsp;con la palabra \u2018ALTA\u2019 i tu c\u00f3digo de usuario al 610 015 134<\/li>\n<\/ul>\n\n\n\n<ul class=\"wp-block-list\">\n<li>A\u00f1ade a tus contactos el 610 015 134.&nbsp;Este&nbsp;paso es muy importate. Si no guardas el n\u00famero, no podr\u00e1s recibir todos los avisos.<\/li>\n<\/ul>\n<\/div>\n<\/div>\n<\/div>\n<\/div>\n\n\n\n<div class=\"wp-block-columns is-layout-flex wp-container-core-columns-is-layout-9d6595d7 wp-block-columns-is-layout-flex\">\n<div class=\"wp-block-column lista_adjuntos is-layout-flow wp-block-column-is-layout-flow\">\n<h2 class=\"wp-block-heading  display-4\">Enlaces<\/h2>\n\n\n\n<p><i class=\"fas fa-link\"><\/i> <a href=\"https:\/\/aldaia.es\/es\/deportes\/jornada-mujeres-y-pelota\/\">Jornada \u00abDones i Pilota\u00bb<\/a><\/p>\n<\/div>\n<\/div>\n\n\n\n<div style=\"height:44px\" aria-hidden=\"true\" class=\"wp-block-spacer\"><\/div>\n","protected":false},"excerpt":{"rendered":"<p>Deportes La oferta deportiva de Aldaia centra sus objetivos en: Informaci\u00f3n Renovaci\u00f3n &#8211; Temporada 2025\/2026 \ud83d\udcdd Renovaciones del 7 de julio al 5 de septiembre. DOCUMENTACI\u00d3N NECESARIA PARA LA RENOVACI\u00d3N:* <a class=\"text-decoration-none text-black\" href=\"https:\/\/aldaia.es\/es\/deportes\/\"> &#8230; <\/a><\/p>\n","protected":false},"author":13,"featured_media":0,"parent":0,"menu_order":0,"comment_status":"closed","ping_status":"closed","template":"basic-page-departamentos.php","meta":{"_acf_changed":false,"footnotes":""},"class_list":["post-6239","page","type-page","status-publish","hentry"],"acf":[],"yoast_head":"<!-- This site is optimized with the Yoast SEO plugin v27.0 - https:\/\/yoast.com\/product\/yoast-seo-wordpress\/ -->\n<title>Deportes - Ayuntamiento de Aldaia<\/title>\n<meta name=\"description\" content=\"Departamento de Deportes del ayuntamiento de Aldaia. Informaci\u00f3n actividades, polideportivos y Aldaia Pr\u00f3xima.\" \/>\n<meta name=\"robots\" content=\"index, follow, max-snippet:-1, max-image-preview:large, max-video-preview:-1\" \/>\n<link rel=\"canonical\" href=\"https:\/\/aldaia.es\/es\/deportes\/\" \/>\n<meta property=\"og:locale\" content=\"es_ES\" \/>\n<meta property=\"og:type\" content=\"article\" \/>\n<meta property=\"og:title\" content=\"Deportes - Ayuntamiento de Aldaia\" \/>\n<meta property=\"og:description\" content=\"Departamento de Deportes del ayuntamiento de Aldaia. Informaci\u00f3n actividades, polideportivos y Aldaia Pr\u00f3xima.\" \/>\n<meta property=\"og:url\" content=\"https:\/\/aldaia.es\/es\/deportes\/\" \/>\n<meta property=\"og:site_name\" content=\"Ayuntamiento de Aldaia\" \/>\n<meta property=\"article:modified_time\" content=\"2026-01-07T13:49:38+00:00\" \/>\n<meta property=\"og:image\" content=\"https:\/\/aldaia.es\/wp-content\/uploads\/2025\/06\/aldaia-esports.jpg\" \/>\n\t<meta property=\"og:image:width\" content=\"1440\" \/>\n\t<meta property=\"og:image:height\" content=\"420\" \/>\n\t<meta property=\"og:image:type\" content=\"image\/jpeg\" \/>\n<script type=\"application\/ld+json\" class=\"yoast-schema-graph\">{\"@context\":\"https:\/\/schema.org\",\"@graph\":[{\"@type\":\"WebPage\",\"@id\":\"https:\/\/aldaia.es\/es\/deportes\/\",\"url\":\"https:\/\/aldaia.es\/es\/deportes\/\",\"name\":\"Deportes - Ayuntamiento de Aldaia\",\"isPartOf\":{\"@id\":\"https:\/\/aldaia.es\/es\/#website\"},\"primaryImageOfPage\":{\"@id\":\"https:\/\/aldaia.es\/es\/deportes\/#primaryimage\"},\"image\":{\"@id\":\"https:\/\/aldaia.es\/es\/deportes\/#primaryimage\"},\"thumbnailUrl\":\"https:\/\/aldaia.es\/wp-content\/uploads\/2025\/06\/aldaia-esports.jpg\",\"datePublished\":\"2022-08-25T10:50:10+00:00\",\"dateModified\":\"2026-01-07T13:49:38+00:00\",\"description\":\"Departamento de Deportes del ayuntamiento de Aldaia. Informaci\u00f3n actividades, polideportivos y Aldaia Pr\u00f3xima.\",\"breadcrumb\":{\"@id\":\"https:\/\/aldaia.es\/es\/deportes\/#breadcrumb\"},\"inLanguage\":\"es\",\"potentialAction\":[{\"@type\":\"ReadAction\",\"target\":[\"https:\/\/aldaia.es\/es\/deportes\/\"]}]},{\"@type\":\"ImageObject\",\"inLanguage\":\"es\",\"@id\":\"https:\/\/aldaia.es\/es\/deportes\/#primaryimage\",\"url\":\"https:\/\/aldaia.es\/wp-content\/uploads\/2025\/06\/aldaia-esports.jpg\",\"contentUrl\":\"https:\/\/aldaia.es\/wp-content\/uploads\/2025\/06\/aldaia-esports.jpg\"},{\"@type\":\"BreadcrumbList\",\"@id\":\"https:\/\/aldaia.es\/es\/deportes\/#breadcrumb\",\"itemListElement\":[{\"@type\":\"ListItem\",\"position\":1,\"name\":\"Portada\",\"item\":\"https:\/\/aldaia.es\/es\/\"},{\"@type\":\"ListItem\",\"position\":2,\"name\":\"Deportes\"}]},{\"@type\":\"WebSite\",\"@id\":\"https:\/\/aldaia.es\/es\/#website\",\"url\":\"https:\/\/aldaia.es\/es\/\",\"name\":\"Ajuntament D'Aldaia\",\"description\":\"\",\"publisher\":{\"@id\":\"https:\/\/aldaia.es\/es\/#organization\"},\"alternateName\":\"Ajuntament D'Aldaia\",\"potentialAction\":[{\"@type\":\"SearchAction\",\"target\":{\"@type\":\"EntryPoint\",\"urlTemplate\":\"https:\/\/aldaia.es\/es\/?s={search_term_string}\"},\"query-input\":{\"@type\":\"PropertyValueSpecification\",\"valueRequired\":true,\"valueName\":\"search_term_string\"}}],\"inLanguage\":\"es\"},{\"@type\":\"Organization\",\"@id\":\"https:\/\/aldaia.es\/es\/#organization\",\"name\":\"Ajuntament D'Aldaia\",\"url\":\"https:\/\/aldaia.es\/es\/\",\"logo\":{\"@type\":\"ImageObject\",\"inLanguage\":\"es\",\"@id\":\"https:\/\/aldaia.es\/es\/#\/schema\/logo\/image\/\",\"url\":\"https:\/\/aldaia.es\/wp-content\/uploads\/2022\/06\/aldaia-negro-1.png\",\"contentUrl\":\"https:\/\/aldaia.es\/wp-content\/uploads\/2022\/06\/aldaia-negro-1.png\",\"width\":152,\"height\":70,\"caption\":\"Ajuntament D'Aldaia\"},\"image\":{\"@id\":\"https:\/\/aldaia.es\/es\/#\/schema\/logo\/image\/\"}}]}<\/script>\n<!-- \/ Yoast SEO plugin. -->","yoast_head_json":{"title":"Deportes - Ayuntamiento de Aldaia","description":"Departamento de Deportes del ayuntamiento de Aldaia. Informaci\u00f3n actividades, polideportivos y Aldaia Pr\u00f3xima.","robots":{"index":"index","follow":"follow","max-snippet":"max-snippet:-1","max-image-preview":"max-image-preview:large","max-video-preview":"max-video-preview:-1"},"canonical":"https:\/\/aldaia.es\/es\/deportes\/","og_locale":"es_ES","og_type":"article","og_title":"Deportes - Ayuntamiento de Aldaia","og_description":"Departamento de Deportes del ayuntamiento de Aldaia. Informaci\u00f3n actividades, polideportivos y Aldaia Pr\u00f3xima.","og_url":"https:\/\/aldaia.es\/es\/deportes\/","og_site_name":"Ayuntamiento de Aldaia","article_modified_time":"2026-01-07T13:49:38+00:00","og_image":[{"width":1440,"height":420,"url":"https:\/\/aldaia.es\/wp-content\/uploads\/2025\/06\/aldaia-esports.jpg","type":"image\/jpeg"}],"schema":{"@context":"https:\/\/schema.org","@graph":[{"@type":"WebPage","@id":"https:\/\/aldaia.es\/es\/deportes\/","url":"https:\/\/aldaia.es\/es\/deportes\/","name":"Deportes - Ayuntamiento de Aldaia","isPartOf":{"@id":"https:\/\/aldaia.es\/es\/#website"},"primaryImageOfPage":{"@id":"https:\/\/aldaia.es\/es\/deportes\/#primaryimage"},"image":{"@id":"https:\/\/aldaia.es\/es\/deportes\/#primaryimage"},"thumbnailUrl":"https:\/\/aldaia.es\/wp-content\/uploads\/2025\/06\/aldaia-esports.jpg","datePublished":"2022-08-25T10:50:10+00:00","dateModified":"2026-01-07T13:49:38+00:00","description":"Departamento de Deportes del ayuntamiento de Aldaia. Informaci\u00f3n actividades, polideportivos y Aldaia Pr\u00f3xima.","breadcrumb":{"@id":"https:\/\/aldaia.es\/es\/deportes\/#breadcrumb"},"inLanguage":"es","potentialAction":[{"@type":"ReadAction","target":["https:\/\/aldaia.es\/es\/deportes\/"]}]},{"@type":"ImageObject","inLanguage":"es","@id":"https:\/\/aldaia.es\/es\/deportes\/#primaryimage","url":"https:\/\/aldaia.es\/wp-content\/uploads\/2025\/06\/aldaia-esports.jpg","contentUrl":"https:\/\/aldaia.es\/wp-content\/uploads\/2025\/06\/aldaia-esports.jpg"},{"@type":"BreadcrumbList","@id":"https:\/\/aldaia.es\/es\/deportes\/#breadcrumb","itemListElement":[{"@type":"ListItem","position":1,"name":"Portada","item":"https:\/\/aldaia.es\/es\/"},{"@type":"ListItem","position":2,"name":"Deportes"}]},{"@type":"WebSite","@id":"https:\/\/aldaia.es\/es\/#website","url":"https:\/\/aldaia.es\/es\/","name":"Ajuntament D'Aldaia","description":"","publisher":{"@id":"https:\/\/aldaia.es\/es\/#organization"},"alternateName":"Ajuntament D'Aldaia","potentialAction":[{"@type":"SearchAction","target":{"@type":"EntryPoint","urlTemplate":"https:\/\/aldaia.es\/es\/?s={search_term_string}"},"query-input":{"@type":"PropertyValueSpecification","valueRequired":true,"valueName":"search_term_string"}}],"inLanguage":"es"},{"@type":"Organization","@id":"https:\/\/aldaia.es\/es\/#organization","name":"Ajuntament D'Aldaia","url":"https:\/\/aldaia.es\/es\/","logo":{"@type":"ImageObject","inLanguage":"es","@id":"https:\/\/aldaia.es\/es\/#\/schema\/logo\/image\/","url":"https:\/\/aldaia.es\/wp-content\/uploads\/2022\/06\/aldaia-negro-1.png","contentUrl":"https:\/\/aldaia.es\/wp-content\/uploads\/2022\/06\/aldaia-negro-1.png","width":152,"height":70,"caption":"Ajuntament D'Aldaia"},"image":{"@id":"https:\/\/aldaia.es\/es\/#\/schema\/logo\/image\/"}}]}},"_links":{"self":[{"href":"https:\/\/aldaia.es\/es\/wp-json\/wp\/v2\/pages\/6239","targetHints":{"allow":["GET"]}}],"collection":[{"href":"https:\/\/aldaia.es\/es\/wp-json\/wp\/v2\/pages"}],"about":[{"href":"https:\/\/aldaia.es\/es\/wp-json\/wp\/v2\/types\/page"}],"author":[{"embeddable":true,"href":"https:\/\/aldaia.es\/es\/wp-json\/wp\/v2\/users\/13"}],"replies":[{"embeddable":true,"href":"https:\/\/aldaia.es\/es\/wp-json\/wp\/v2\/comments?post=6239"}],"version-history":[{"count":150,"href":"https:\/\/aldaia.es\/es\/wp-json\/wp\/v2\/pages\/6239\/revisions"}],"predecessor-version":[{"id":40358,"href":"https:\/\/aldaia.es\/es\/wp-json\/wp\/v2\/pages\/6239\/revisions\/40358"}],"wp:attachment":[{"href":"https:\/\/aldaia.es\/es\/wp-json\/wp\/v2\/media?parent=6239"}],"curies":[{"name":"wp","href":"https:\/\/api.w.org\/{rel}","templated":true}]}}