{"id":6243,"date":"2022-08-16T13:11:55","date_gmt":"2022-08-16T11:11:55","guid":{"rendered":"https:\/\/aldaia.eu\/sanidad-y-bienestar-animal\/"},"modified":"2025-06-26T09:33:13","modified_gmt":"2025-06-26T07:33:13","slug":"sanidad-y-bienestar-animal","status":"publish","type":"page","link":"https:\/\/aldaia.es\/es\/sanidad-y-bienestar-animal\/","title":{"rendered":"Sanidad y Bienestar animal"},"content":{"rendered":"\n<div class=\"wp-block-columns is-layout-flex wp-container-core-columns-is-layout-9d6595d7 wp-block-columns-is-layout-flex\">\n<div class=\"wp-block-column is-layout-flow wp-block-column-is-layout-flow\">\n<figure class=\"wp-block-image size-full\"><img loading=\"lazy\" decoding=\"async\" width=\"1440\" height=\"420\" src=\"https:\/\/aldaia.es\/wp-content\/uploads\/2025\/06\/sanitat-portada.jpg\" alt=\"Sanidad y Bienestar animal\" class=\"wp-image-38125\" srcset=\"https:\/\/aldaia.es\/wp-content\/uploads\/2025\/06\/sanitat-portada.jpg 1440w, https:\/\/aldaia.es\/wp-content\/uploads\/2025\/06\/sanitat-portada-300x88.jpg 300w, https:\/\/aldaia.es\/wp-content\/uploads\/2025\/06\/sanitat-portada-1024x299.jpg 1024w, https:\/\/aldaia.es\/wp-content\/uploads\/2025\/06\/sanitat-portada-768x224.jpg 768w, https:\/\/aldaia.es\/wp-content\/uploads\/2025\/06\/sanitat-portada-150x44.jpg 150w, https:\/\/aldaia.es\/wp-content\/uploads\/2025\/06\/sanitat-portada-696x203.jpg 696w, https:\/\/aldaia.es\/wp-content\/uploads\/2025\/06\/sanitat-portada-1068x312.jpg 1068w\" sizes=\"auto, (max-width: 1440px) 100vw, 1440px\" \/><\/figure>\n<\/div>\n<\/div>\n\n\n\n<div class=\"wp-block-columns top-info-dep dep-sanitat is-layout-flex wp-container-core-columns-is-layout-9d6595d7 wp-block-columns-is-layout-flex\">\n<div class=\"wp-block-column is-layout-flow wp-block-column-is-layout-flow\" style=\"flex-basis:30%\">\n<p class=\"tit-bloque-infos\">Centro de Sanidad<\/p>\n\n\n\n<p>Calle Tres de abril, n\u00ba1. 46960 Aldaia, Valencia, Espa\u00f1a.<br><strong>Cita previa:<\/strong> 96 150 75 90<br><strong>Informaci\u00f3n:<\/strong> 96 150 75 91<\/p>\n\n\n\n<iframe src=\"https:\/\/www.google.com\/maps\/embed?pb=!1m14!1m8!1m3!1d6160.5688272393845!2d-0.46708199999999994!3d39.462903!3m2!1i1024!2i768!4f13.1!3m3!1m2!1s0xd60503fafc46df3%3A0x581e666abfea5b21!2sC.%20Tres%20de%20Abril%2C%201%2C%2046960%20Aldaya%2C%20Valencia!5e0!3m2!1ses!2ses!4v1722341686894!5m2!1ses!2ses\" width=\"100%\" height=\"450\" style=\"border:0;\" allowfullscreen=\"\" loading=\"lazy\" referrerpolicy=\"no-referrer-when-downgrade\"><\/iframe>\n\n\n\n<div style=\"height:20px\" aria-hidden=\"true\" class=\"wp-block-spacer\"><\/div>\n\n\n\n<p class=\"tit-bloque-infos\">Ayuntamiento de Aldaia &#8211; Bienestar Animal<\/p>\n\n\n\n<p>Plaza Constituci\u00f3n, 10, 46960 Aldaia Valencia<\/p>\n\n\n\n<p><i class=\"fas fa-phone\"><\/i> &nbsp;<a href=\"tel:+34961501500\">+34 96 150 15 00<\/a><\/p>\n\n\n\n<p><a style=\"font-size:15px;\" href=\"mailto:benestaranimal@ajuntamentaldaia.org\">benestaranimal@ajuntamentaldaia.org<\/a><\/p>\n\n\n\n<iframe src=\"https:\/\/www.google.com\/maps\/embed?pb=!1m18!1m12!1m3!1d622.7679968418242!2d-0.4608059177881311!3d39.465164288659615!2m3!1f0!2f0!3f0!3m2!1i1024!2i768!4f13.1!3m3!1m2!1s0xd6051b0ac582aed%3A0xd3a2ed9d1d945ab0!2sAyuntamiento%20de%20Aldaya!5e0!3m2!1ses!2sus!4v1725979182758!5m2!1ses!2sus\" width=\"100%\" height=\"300\" style=\"border:0;\" allowfullscreen=\"\" loading=\"lazy\" referrerpolicy=\"no-referrer-when-downgrade\"><\/iframe>\n<\/div>\n\n\n\n<div class=\"wp-block-column is-layout-flow wp-block-column-is-layout-flow\" style=\"flex-basis:70%\">\n<h1 class=\"wp-block-heading\">Sanidad y Bienestar animal<\/h1>\n\n\n\n<p>La Sanidad siempre ha sido una clara prioridad en Aldaia; La convivencia, defensa y protecci\u00f3n de los animales, una de las principales patas de gesti\u00f3n municipal. Nuestros animales son ciudadanos de derecho y, nos corresponde garantizar su bienestar fomentando una buena convivencia con toda la ciudadan\u00eda.<\/p>\n\n\n\n<p>Para garantizar su bienestar, derechos y convivencia, contamos con la ordenanza municipal de tenencia de animales de compa\u00f1\u00eda, el Consejo de Bienestar Animal, registro censal municipal, as\u00ed como la colaboraci\u00f3n con asociaciones y personas voluntarias.<\/p>\n\n\n\n<p>Tenemos como referente la Declaraci\u00f3n Universal de los Derechos del Animal aprobada por la UNESCO y posteriormente por la Organizaci\u00f3n de Naciones Unidas (ONU) y la futura Ley Valenciana de Protecci\u00f3n y Bienestar de los Animales de Compa\u00f1\u00eda.<\/p>\n\n\n\n<p>Entre las prioridades de Aldaia est\u00e1 el de conseguir el cero sacrificio, cero maltrato y cero abandono.<\/p>\n\n\n<div class=\"wp-block-image\">\n<figure class=\"aligncenter size-large\"><a href=\"https:\/\/aldaia.es\/wp-content\/uploads\/2023\/02\/compraldaia.com__0-scaled.jpg\" target=\"_blank\" rel=\"noreferrer noopener\"><img decoding=\"async\" src=\"https:\/\/aldaia.es\/wp-content\/uploads\/2023\/02\/compraldaia.com__0-scaled.jpg\" alt=\"\"\/><\/a><\/figure>\n<\/div>\n\n<div class=\"wp-block-image\">\n<figure class=\"aligncenter size-large\"><a href=\"https:\/\/aldaia.es\/wp-content\/uploads\/2023\/02\/xarxasalut-marca_horitzontal-af-amb_marques_2.jpeg\" target=\"_blank\" rel=\"noreferrer noopener\"><img decoding=\"async\" src=\"https:\/\/aldaia.es\/wp-content\/uploads\/2023\/02\/xarxasalut-marca_horitzontal-af-amb_marques_2.jpeg\" alt=\"\"\/><\/a><\/figure>\n<\/div><\/div>\n<\/div>\n","protected":false},"excerpt":{"rendered":"<p>Centro de Sanidad Calle Tres de abril, n\u00ba1. 46960 Aldaia, Valencia, Espa\u00f1a.Cita previa: 96 150 75 90Informaci\u00f3n: 96 150 75 91 Ayuntamiento de Aldaia &#8211; Bienestar Animal Plaza Constituci\u00f3n, 10, <a class=\"text-decoration-none text-black\" href=\"https:\/\/aldaia.es\/es\/sanidad-y-bienestar-animal\/\"> &#8230; <\/a><\/p>\n","protected":false},"author":1,"featured_media":0,"parent":0,"menu_order":0,"comment_status":"closed","ping_status":"closed","template":"basic-page-departamentos.php","meta":{"_acf_changed":false,"footnotes":""},"class_list":["post-6243","page","type-page","status-publish","hentry"],"acf":[],"yoast_head":"<!-- This site is optimized with the Yoast SEO plugin v27.0 - https:\/\/yoast.com\/product\/yoast-seo-wordpress\/ -->\n<title>Sanidad y Bienestar animal - Ayuntamiento de Aldaia<\/title>\n<meta name=\"robots\" content=\"index, follow, max-snippet:-1, max-image-preview:large, max-video-preview:-1\" \/>\n<link rel=\"canonical\" href=\"https:\/\/aldaia.es\/es\/sanidad-y-bienestar-animal\/\" \/>\n<meta property=\"og:locale\" content=\"es_ES\" \/>\n<meta property=\"og:type\" content=\"article\" \/>\n<meta property=\"og:title\" content=\"Sanidad y Bienestar animal - Ayuntamiento de Aldaia\" \/>\n<meta property=\"og:description\" content=\"Centro de Sanidad Calle Tres de abril, n\u00ba1. 46960 Aldaia, Valencia, Espa\u00f1a.Cita previa: 96 150 75 90Informaci\u00f3n: 96 150 75 91 Ayuntamiento de Aldaia &#8211; Bienestar Animal Plaza Constituci\u00f3n, 10, ...\" \/>\n<meta property=\"og:url\" content=\"https:\/\/aldaia.es\/es\/sanidad-y-bienestar-animal\/\" \/>\n<meta property=\"og:site_name\" content=\"Ayuntamiento de Aldaia\" \/>\n<meta property=\"article:modified_time\" content=\"2025-06-26T07:33:13+00:00\" \/>\n<meta property=\"og:image\" content=\"https:\/\/aldaia.es\/wp-content\/uploads\/2025\/06\/sanitat-portada.jpg\" \/>\n<script type=\"application\/ld+json\" class=\"yoast-schema-graph\">{\"@context\":\"https:\/\/schema.org\",\"@graph\":[{\"@type\":\"WebPage\",\"@id\":\"https:\/\/aldaia.es\/es\/sanidad-y-bienestar-animal\/\",\"url\":\"https:\/\/aldaia.es\/es\/sanidad-y-bienestar-animal\/\",\"name\":\"Sanidad y Bienestar animal - Ayuntamiento de Aldaia\",\"isPartOf\":{\"@id\":\"https:\/\/aldaia.es\/es\/#website\"},\"primaryImageOfPage\":{\"@id\":\"https:\/\/aldaia.es\/es\/sanidad-y-bienestar-animal\/#primaryimage\"},\"image\":{\"@id\":\"https:\/\/aldaia.es\/es\/sanidad-y-bienestar-animal\/#primaryimage\"},\"thumbnailUrl\":\"https:\/\/aldaia.es\/wp-content\/uploads\/2025\/06\/sanitat-portada.jpg\",\"datePublished\":\"2022-08-16T11:11:55+00:00\",\"dateModified\":\"2025-06-26T07:33:13+00:00\",\"breadcrumb\":{\"@id\":\"https:\/\/aldaia.es\/es\/sanidad-y-bienestar-animal\/#breadcrumb\"},\"inLanguage\":\"es\",\"potentialAction\":[{\"@type\":\"ReadAction\",\"target\":[\"https:\/\/aldaia.es\/es\/sanidad-y-bienestar-animal\/\"]}]},{\"@type\":\"ImageObject\",\"inLanguage\":\"es\",\"@id\":\"https:\/\/aldaia.es\/es\/sanidad-y-bienestar-animal\/#primaryimage\",\"url\":\"https:\/\/aldaia.es\/wp-content\/uploads\/2025\/06\/sanitat-portada.jpg\",\"contentUrl\":\"https:\/\/aldaia.es\/wp-content\/uploads\/2025\/06\/sanitat-portada.jpg\"},{\"@type\":\"BreadcrumbList\",\"@id\":\"https:\/\/aldaia.es\/es\/sanidad-y-bienestar-animal\/#breadcrumb\",\"itemListElement\":[{\"@type\":\"ListItem\",\"position\":1,\"name\":\"Portada\",\"item\":\"https:\/\/aldaia.es\/es\/\"},{\"@type\":\"ListItem\",\"position\":2,\"name\":\"Sanidad y Bienestar animal\"}]},{\"@type\":\"WebSite\",\"@id\":\"https:\/\/aldaia.es\/es\/#website\",\"url\":\"https:\/\/aldaia.es\/es\/\",\"name\":\"Ajuntament D'Aldaia\",\"description\":\"\",\"publisher\":{\"@id\":\"https:\/\/aldaia.es\/es\/#organization\"},\"alternateName\":\"Ajuntament D'Aldaia\",\"potentialAction\":[{\"@type\":\"SearchAction\",\"target\":{\"@type\":\"EntryPoint\",\"urlTemplate\":\"https:\/\/aldaia.es\/es\/?s={search_term_string}\"},\"query-input\":{\"@type\":\"PropertyValueSpecification\",\"valueRequired\":true,\"valueName\":\"search_term_string\"}}],\"inLanguage\":\"es\"},{\"@type\":\"Organization\",\"@id\":\"https:\/\/aldaia.es\/es\/#organization\",\"name\":\"Ajuntament D'Aldaia\",\"url\":\"https:\/\/aldaia.es\/es\/\",\"logo\":{\"@type\":\"ImageObject\",\"inLanguage\":\"es\",\"@id\":\"https:\/\/aldaia.es\/es\/#\/schema\/logo\/image\/\",\"url\":\"https:\/\/aldaia.es\/wp-content\/uploads\/2022\/06\/aldaia-negro-1.png\",\"contentUrl\":\"https:\/\/aldaia.es\/wp-content\/uploads\/2022\/06\/aldaia-negro-1.png\",\"width\":152,\"height\":70,\"caption\":\"Ajuntament D'Aldaia\"},\"image\":{\"@id\":\"https:\/\/aldaia.es\/es\/#\/schema\/logo\/image\/\"}}]}<\/script>\n<!-- \/ Yoast SEO plugin. -->","yoast_head_json":{"title":"Sanidad y Bienestar animal - Ayuntamiento de Aldaia","robots":{"index":"index","follow":"follow","max-snippet":"max-snippet:-1","max-image-preview":"max-image-preview:large","max-video-preview":"max-video-preview:-1"},"canonical":"https:\/\/aldaia.es\/es\/sanidad-y-bienestar-animal\/","og_locale":"es_ES","og_type":"article","og_title":"Sanidad y Bienestar animal - Ayuntamiento de Aldaia","og_description":"Centro de Sanidad Calle Tres de abril, n\u00ba1. 46960 Aldaia, Valencia, Espa\u00f1a.Cita previa: 96 150 75 90Informaci\u00f3n: 96 150 75 91 Ayuntamiento de Aldaia &#8211; Bienestar Animal Plaza Constituci\u00f3n, 10, ...","og_url":"https:\/\/aldaia.es\/es\/sanidad-y-bienestar-animal\/","og_site_name":"Ayuntamiento de Aldaia","article_modified_time":"2025-06-26T07:33:13+00:00","og_image":[{"url":"https:\/\/aldaia.es\/wp-content\/uploads\/2025\/06\/sanitat-portada.jpg","type":"","width":"","height":""}],"schema":{"@context":"https:\/\/schema.org","@graph":[{"@type":"WebPage","@id":"https:\/\/aldaia.es\/es\/sanidad-y-bienestar-animal\/","url":"https:\/\/aldaia.es\/es\/sanidad-y-bienestar-animal\/","name":"Sanidad y Bienestar animal - Ayuntamiento de Aldaia","isPartOf":{"@id":"https:\/\/aldaia.es\/es\/#website"},"primaryImageOfPage":{"@id":"https:\/\/aldaia.es\/es\/sanidad-y-bienestar-animal\/#primaryimage"},"image":{"@id":"https:\/\/aldaia.es\/es\/sanidad-y-bienestar-animal\/#primaryimage"},"thumbnailUrl":"https:\/\/aldaia.es\/wp-content\/uploads\/2025\/06\/sanitat-portada.jpg","datePublished":"2022-08-16T11:11:55+00:00","dateModified":"2025-06-26T07:33:13+00:00","breadcrumb":{"@id":"https:\/\/aldaia.es\/es\/sanidad-y-bienestar-animal\/#breadcrumb"},"inLanguage":"es","potentialAction":[{"@type":"ReadAction","target":["https:\/\/aldaia.es\/es\/sanidad-y-bienestar-animal\/"]}]},{"@type":"ImageObject","inLanguage":"es","@id":"https:\/\/aldaia.es\/es\/sanidad-y-bienestar-animal\/#primaryimage","url":"https:\/\/aldaia.es\/wp-content\/uploads\/2025\/06\/sanitat-portada.jpg","contentUrl":"https:\/\/aldaia.es\/wp-content\/uploads\/2025\/06\/sanitat-portada.jpg"},{"@type":"BreadcrumbList","@id":"https:\/\/aldaia.es\/es\/sanidad-y-bienestar-animal\/#breadcrumb","itemListElement":[{"@type":"ListItem","position":1,"name":"Portada","item":"https:\/\/aldaia.es\/es\/"},{"@type":"ListItem","position":2,"name":"Sanidad y Bienestar animal"}]},{"@type":"WebSite","@id":"https:\/\/aldaia.es\/es\/#website","url":"https:\/\/aldaia.es\/es\/","name":"Ajuntament D'Aldaia","description":"","publisher":{"@id":"https:\/\/aldaia.es\/es\/#organization"},"alternateName":"Ajuntament D'Aldaia","potentialAction":[{"@type":"SearchAction","target":{"@type":"EntryPoint","urlTemplate":"https:\/\/aldaia.es\/es\/?s={search_term_string}"},"query-input":{"@type":"PropertyValueSpecification","valueRequired":true,"valueName":"search_term_string"}}],"inLanguage":"es"},{"@type":"Organization","@id":"https:\/\/aldaia.es\/es\/#organization","name":"Ajuntament D'Aldaia","url":"https:\/\/aldaia.es\/es\/","logo":{"@type":"ImageObject","inLanguage":"es","@id":"https:\/\/aldaia.es\/es\/#\/schema\/logo\/image\/","url":"https:\/\/aldaia.es\/wp-content\/uploads\/2022\/06\/aldaia-negro-1.png","contentUrl":"https:\/\/aldaia.es\/wp-content\/uploads\/2022\/06\/aldaia-negro-1.png","width":152,"height":70,"caption":"Ajuntament D'Aldaia"},"image":{"@id":"https:\/\/aldaia.es\/es\/#\/schema\/logo\/image\/"}}]}},"_links":{"self":[{"href":"https:\/\/aldaia.es\/es\/wp-json\/wp\/v2\/pages\/6243","targetHints":{"allow":["GET"]}}],"collection":[{"href":"https:\/\/aldaia.es\/es\/wp-json\/wp\/v2\/pages"}],"about":[{"href":"https:\/\/aldaia.es\/es\/wp-json\/wp\/v2\/types\/page"}],"author":[{"embeddable":true,"href":"https:\/\/aldaia.es\/es\/wp-json\/wp\/v2\/users\/1"}],"replies":[{"embeddable":true,"href":"https:\/\/aldaia.es\/es\/wp-json\/wp\/v2\/comments?post=6243"}],"version-history":[{"count":14,"href":"https:\/\/aldaia.es\/es\/wp-json\/wp\/v2\/pages\/6243\/revisions"}],"predecessor-version":[{"id":38128,"href":"https:\/\/aldaia.es\/es\/wp-json\/wp\/v2\/pages\/6243\/revisions\/38128"}],"wp:attachment":[{"href":"https:\/\/aldaia.es\/es\/wp-json\/wp\/v2\/media?parent=6243"}],"curies":[{"name":"wp","href":"https:\/\/api.w.org\/{rel}","templated":true}]}}