{"id":6251,"date":"2022-08-29T11:03:17","date_gmt":"2022-08-29T09:03:17","guid":{"rendered":"https:\/\/aldaia.eu\/gobierno-abierto\/"},"modified":"2025-06-26T09:41:42","modified_gmt":"2025-06-26T07:41:42","slug":"gobierno-abierto","status":"publish","type":"page","link":"https:\/\/aldaia.es\/es\/gobierno-abierto\/","title":{"rendered":"Gobierno Abierto"},"content":{"rendered":"\n<div class=\"wp-block-columns is-layout-flex wp-container-core-columns-is-layout-9d6595d7 wp-block-columns-is-layout-flex\">\n<div class=\"wp-block-column is-layout-flow wp-block-column-is-layout-flow\"><div class=\"wp-block-image\">\n<figure class=\"aligncenter size-full\"><img loading=\"lazy\" decoding=\"async\" width=\"1440\" height=\"420\" src=\"https:\/\/aldaia.es\/wp-content\/uploads\/2025\/06\/gobierno-abiertoaldaia-portada.jpg\" alt=\"Gobierno Abierto\" class=\"wp-image-38134\" srcset=\"https:\/\/aldaia.es\/wp-content\/uploads\/2025\/06\/gobierno-abiertoaldaia-portada.jpg 1440w, https:\/\/aldaia.es\/wp-content\/uploads\/2025\/06\/gobierno-abiertoaldaia-portada-300x88.jpg 300w, https:\/\/aldaia.es\/wp-content\/uploads\/2025\/06\/gobierno-abiertoaldaia-portada-1024x299.jpg 1024w, https:\/\/aldaia.es\/wp-content\/uploads\/2025\/06\/gobierno-abiertoaldaia-portada-768x224.jpg 768w, https:\/\/aldaia.es\/wp-content\/uploads\/2025\/06\/gobierno-abiertoaldaia-portada-150x44.jpg 150w, https:\/\/aldaia.es\/wp-content\/uploads\/2025\/06\/gobierno-abiertoaldaia-portada-696x203.jpg 696w, https:\/\/aldaia.es\/wp-content\/uploads\/2025\/06\/gobierno-abiertoaldaia-portada-1068x312.jpg 1068w\" sizes=\"auto, (max-width: 1440px) 100vw, 1440px\" \/><\/figure>\n<\/div><\/div>\n<\/div>\n\n\n\n<div class=\"wp-block-columns dep-govern is-layout-flex wp-container-core-columns-is-layout-9d6595d7 wp-block-columns-is-layout-flex\">\n<div class=\"wp-block-column is-layout-flow wp-block-column-is-layout-flow\" style=\"flex-basis:30%\"><!--  Info govern -->\n\n \n\n<div class='bloque-infos-govern wrapper-departamentos'>\n<p class=\"tit-bloque-infos\">Ayuntamiento de Aldaia<\/p>\n        <div class='infos-departamento'>\n            <p>Plaza Constituci\u00f3n, 10, 46960 Aldaia Valencia<\/p>\n            <p><i class=\"fa fa-phone\" aria-hidden=\"true\"><\/i> <a href=\"tel:+34961510693\">+34 96 151 06 93<\/a><\/p>\n            <p><i class=\"fas fa-envelope\"><\/i> <a href=\"mailto:ajuntament@ajuntamentaldaia.org\">ajuntament@ajuntamentaldaia.org<\/a><\/p>\n            <p><a href=\"https:\/\/www.facebook.com\/ajuntamentaldaia\" target=\"_blank\" rel=\"noreferrer noopener\"><i class=\"fab fa-facebook\"><\/i><\/a> &nbsp;&nbsp; <a href=\"https:\/\/www.instagram.com\/ajuntamentaldaia_\/\" target=\"_blank\" rel=\"noreferrer noopener\"><i class=\"fab fa-square-instagram\"><\/i><\/a>  &nbsp;&nbsp;  <a href=\"https:\/\/www.youtube.com\/@ajuntamentdaldaia8046\" target=\"_blank\" rel=\"noreferrer noopener\"><i class=\"fab fa-youtube\"><\/i><\/a> <\/p>\n        <\/div>\n\n        <div class='mapa-1'>\n        <iframe src=\"https:\/\/www.google.com\/maps\/embed?pb=!1m18!1m12!1m3!1d622.7679968418242!2d-0.4608059177881311!3d39.465164288659615!2m3!1f0!2f0!3f0!3m2!1i1024!2i768!4f13.1!3m3!1m2!1s0xd6051b0ac582aed%3A0xd3a2ed9d1d945ab0!2sAyuntamiento%20de%20Aldaya!5e0!3m2!1ses!2sus!4v1725979182758!5m2!1ses!2sus\" width=\"100%\" height=\"450\" style=\"border:0;\" allowfullscreen=\"\" loading=\"lazy\" referrerpolicy=\"no-referrer-when-downgrade\"><\/iframe>\n        <\/div>\n\n    <\/div>\n    <!-- end bloque infos -->\n   \n\n    \n\n\n<\/div>\n\n\n\n<div class=\"wp-block-column is-layout-flow wp-block-column-is-layout-flow\" style=\"flex-basis:70%\">\n<h1 class=\"wp-block-heading\">Gobierno Abierto<\/h1>\n\n\n\n<p>El Gobierno Abierto tiene como objetivo que los ciudadanos y ciudadanas colaboren en la creaci\u00f3n y mejora de los servicios p\u00fablicos, y as\u00ed se cree una comunicaci\u00f3n permanente, transparente y bidireccional entre la ciudadan\u00eda y el Ayuntamiento a trav\u00e9s de la colaboraci\u00f3n, la transparencia y la participaci\u00f3n.<\/p>\n\n\n\n<p>Diferentes campa\u00f1as y consultas, as\u00ed como las redes y otras v\u00edas de comunicaci\u00f3n, pretenden estar en constante contacto entre la administraci\u00f3n y su ciudadan\u00eda.<\/p>\n\n\n\n<div class=\"wp-block-columns lista_adjuntos is-layout-flex wp-container-core-columns-is-layout-9d6595d7 wp-block-columns-is-layout-flex\">\n<div class=\"wp-block-column is-layout-flow wp-block-column-is-layout-flow\">\n<p><i class=\"fab fa-link\"><\/i> <a href=\"https:\/\/www.youtube.com\/@ajuntamentdaldaia8046\">Plenos en directo &#8211; Youtube<\/a><\/p>\n\n\n\n<p><i class=\"fab fa-link\"><\/i> <a href=\"https:\/\/aldaia.es\/es\/contacto\/\">Buz\u00f3n Ciudadano<\/a><\/p>\n\n\n\n<p><i class=\"fab fa-link\"><\/i> <a href=\"https:\/\/participacio.aldaia.eu\/\" target=\"_blank\" rel=\"noreferrer noopener\">Participaci\u00f3n Ciudadana<\/a><\/p>\n<\/div>\n<\/div>\n<\/div>\n<\/div>\n\n\n\n<p><\/p>\n","protected":false},"excerpt":{"rendered":"<p>Gobierno Abierto El Gobierno Abierto tiene como objetivo que los ciudadanos y ciudadanas colaboren en la creaci\u00f3n y mejora de los servicios p\u00fablicos, y as\u00ed se cree una comunicaci\u00f3n permanente, <a class=\"text-decoration-none text-black\" href=\"https:\/\/aldaia.es\/es\/gobierno-abierto\/\"> &#8230; <\/a><\/p>\n","protected":false},"author":1,"featured_media":0,"parent":0,"menu_order":0,"comment_status":"closed","ping_status":"closed","template":"basic-page-departamentos.php","meta":{"_acf_changed":false,"footnotes":""},"class_list":["post-6251","page","type-page","status-publish","hentry"],"acf":[],"yoast_head":"<!-- This site is optimized with the Yoast SEO plugin v27.0 - https:\/\/yoast.com\/product\/yoast-seo-wordpress\/ -->\n<title>Gobierno Abierto - Ayuntamiento de Aldaia<\/title>\n<meta name=\"description\" content=\"El Gobierno Abierto tiene como objetivo que los ciudadanos y ciudadanas colaboren en la creaci\u00f3n y mejora de los servicios p\u00fablicos.\" \/>\n<meta name=\"robots\" content=\"index, follow, max-snippet:-1, max-image-preview:large, max-video-preview:-1\" \/>\n<link rel=\"canonical\" href=\"https:\/\/aldaia.es\/es\/gobierno-abierto\/\" \/>\n<meta property=\"og:locale\" content=\"es_ES\" \/>\n<meta property=\"og:type\" content=\"article\" \/>\n<meta property=\"og:title\" content=\"Gobierno Abierto - Ayuntamiento de Aldaia\" \/>\n<meta property=\"og:description\" content=\"El Gobierno Abierto tiene como objetivo que los ciudadanos y ciudadanas colaboren en la creaci\u00f3n y mejora de los servicios p\u00fablicos.\" \/>\n<meta property=\"og:url\" content=\"https:\/\/aldaia.es\/es\/gobierno-abierto\/\" \/>\n<meta property=\"og:site_name\" content=\"Ayuntamiento de Aldaia\" \/>\n<meta property=\"article:modified_time\" content=\"2025-06-26T07:41:42+00:00\" \/>\n<meta property=\"og:image\" content=\"https:\/\/aldaia.es\/wp-content\/uploads\/2025\/06\/gobierno-abiertoaldaia-portada.jpg\" \/>\n<script type=\"application\/ld+json\" class=\"yoast-schema-graph\">{\"@context\":\"https:\/\/schema.org\",\"@graph\":[{\"@type\":\"WebPage\",\"@id\":\"https:\/\/aldaia.es\/es\/gobierno-abierto\/\",\"url\":\"https:\/\/aldaia.es\/es\/gobierno-abierto\/\",\"name\":\"Gobierno Abierto - Ayuntamiento de Aldaia\",\"isPartOf\":{\"@id\":\"https:\/\/aldaia.es\/es\/#website\"},\"primaryImageOfPage\":{\"@id\":\"https:\/\/aldaia.es\/es\/gobierno-abierto\/#primaryimage\"},\"image\":{\"@id\":\"https:\/\/aldaia.es\/es\/gobierno-abierto\/#primaryimage\"},\"thumbnailUrl\":\"https:\/\/aldaia.es\/wp-content\/uploads\/2025\/06\/gobierno-abiertoaldaia-portada.jpg\",\"datePublished\":\"2022-08-29T09:03:17+00:00\",\"dateModified\":\"2025-06-26T07:41:42+00:00\",\"description\":\"El Gobierno Abierto tiene como objetivo que los ciudadanos y ciudadanas colaboren en la creaci\u00f3n y mejora de los servicios p\u00fablicos.\",\"breadcrumb\":{\"@id\":\"https:\/\/aldaia.es\/es\/gobierno-abierto\/#breadcrumb\"},\"inLanguage\":\"es\",\"potentialAction\":[{\"@type\":\"ReadAction\",\"target\":[\"https:\/\/aldaia.es\/es\/gobierno-abierto\/\"]}]},{\"@type\":\"ImageObject\",\"inLanguage\":\"es\",\"@id\":\"https:\/\/aldaia.es\/es\/gobierno-abierto\/#primaryimage\",\"url\":\"https:\/\/aldaia.es\/wp-content\/uploads\/2025\/06\/gobierno-abiertoaldaia-portada.jpg\",\"contentUrl\":\"https:\/\/aldaia.es\/wp-content\/uploads\/2025\/06\/gobierno-abiertoaldaia-portada.jpg\"},{\"@type\":\"BreadcrumbList\",\"@id\":\"https:\/\/aldaia.es\/es\/gobierno-abierto\/#breadcrumb\",\"itemListElement\":[{\"@type\":\"ListItem\",\"position\":1,\"name\":\"Portada\",\"item\":\"https:\/\/aldaia.es\/es\/\"},{\"@type\":\"ListItem\",\"position\":2,\"name\":\"Gobierno Abierto\"}]},{\"@type\":\"WebSite\",\"@id\":\"https:\/\/aldaia.es\/es\/#website\",\"url\":\"https:\/\/aldaia.es\/es\/\",\"name\":\"Ajuntament D'Aldaia\",\"description\":\"\",\"publisher\":{\"@id\":\"https:\/\/aldaia.es\/es\/#organization\"},\"alternateName\":\"Ajuntament D'Aldaia\",\"potentialAction\":[{\"@type\":\"SearchAction\",\"target\":{\"@type\":\"EntryPoint\",\"urlTemplate\":\"https:\/\/aldaia.es\/es\/?s={search_term_string}\"},\"query-input\":{\"@type\":\"PropertyValueSpecification\",\"valueRequired\":true,\"valueName\":\"search_term_string\"}}],\"inLanguage\":\"es\"},{\"@type\":\"Organization\",\"@id\":\"https:\/\/aldaia.es\/es\/#organization\",\"name\":\"Ajuntament D'Aldaia\",\"url\":\"https:\/\/aldaia.es\/es\/\",\"logo\":{\"@type\":\"ImageObject\",\"inLanguage\":\"es\",\"@id\":\"https:\/\/aldaia.es\/es\/#\/schema\/logo\/image\/\",\"url\":\"https:\/\/aldaia.es\/wp-content\/uploads\/2022\/06\/aldaia-negro-1.png\",\"contentUrl\":\"https:\/\/aldaia.es\/wp-content\/uploads\/2022\/06\/aldaia-negro-1.png\",\"width\":152,\"height\":70,\"caption\":\"Ajuntament D'Aldaia\"},\"image\":{\"@id\":\"https:\/\/aldaia.es\/es\/#\/schema\/logo\/image\/\"}}]}<\/script>\n<!-- \/ Yoast SEO plugin. -->","yoast_head_json":{"title":"Gobierno Abierto - Ayuntamiento de Aldaia","description":"El Gobierno Abierto tiene como objetivo que los ciudadanos y ciudadanas colaboren en la creaci\u00f3n y mejora de los servicios p\u00fablicos.","robots":{"index":"index","follow":"follow","max-snippet":"max-snippet:-1","max-image-preview":"max-image-preview:large","max-video-preview":"max-video-preview:-1"},"canonical":"https:\/\/aldaia.es\/es\/gobierno-abierto\/","og_locale":"es_ES","og_type":"article","og_title":"Gobierno Abierto - Ayuntamiento de Aldaia","og_description":"El Gobierno Abierto tiene como objetivo que los ciudadanos y ciudadanas colaboren en la creaci\u00f3n y mejora de los servicios p\u00fablicos.","og_url":"https:\/\/aldaia.es\/es\/gobierno-abierto\/","og_site_name":"Ayuntamiento de Aldaia","article_modified_time":"2025-06-26T07:41:42+00:00","og_image":[{"url":"https:\/\/aldaia.es\/wp-content\/uploads\/2025\/06\/gobierno-abiertoaldaia-portada.jpg","type":"","width":"","height":""}],"schema":{"@context":"https:\/\/schema.org","@graph":[{"@type":"WebPage","@id":"https:\/\/aldaia.es\/es\/gobierno-abierto\/","url":"https:\/\/aldaia.es\/es\/gobierno-abierto\/","name":"Gobierno Abierto - Ayuntamiento de Aldaia","isPartOf":{"@id":"https:\/\/aldaia.es\/es\/#website"},"primaryImageOfPage":{"@id":"https:\/\/aldaia.es\/es\/gobierno-abierto\/#primaryimage"},"image":{"@id":"https:\/\/aldaia.es\/es\/gobierno-abierto\/#primaryimage"},"thumbnailUrl":"https:\/\/aldaia.es\/wp-content\/uploads\/2025\/06\/gobierno-abiertoaldaia-portada.jpg","datePublished":"2022-08-29T09:03:17+00:00","dateModified":"2025-06-26T07:41:42+00:00","description":"El Gobierno Abierto tiene como objetivo que los ciudadanos y ciudadanas colaboren en la creaci\u00f3n y mejora de los servicios p\u00fablicos.","breadcrumb":{"@id":"https:\/\/aldaia.es\/es\/gobierno-abierto\/#breadcrumb"},"inLanguage":"es","potentialAction":[{"@type":"ReadAction","target":["https:\/\/aldaia.es\/es\/gobierno-abierto\/"]}]},{"@type":"ImageObject","inLanguage":"es","@id":"https:\/\/aldaia.es\/es\/gobierno-abierto\/#primaryimage","url":"https:\/\/aldaia.es\/wp-content\/uploads\/2025\/06\/gobierno-abiertoaldaia-portada.jpg","contentUrl":"https:\/\/aldaia.es\/wp-content\/uploads\/2025\/06\/gobierno-abiertoaldaia-portada.jpg"},{"@type":"BreadcrumbList","@id":"https:\/\/aldaia.es\/es\/gobierno-abierto\/#breadcrumb","itemListElement":[{"@type":"ListItem","position":1,"name":"Portada","item":"https:\/\/aldaia.es\/es\/"},{"@type":"ListItem","position":2,"name":"Gobierno Abierto"}]},{"@type":"WebSite","@id":"https:\/\/aldaia.es\/es\/#website","url":"https:\/\/aldaia.es\/es\/","name":"Ajuntament D'Aldaia","description":"","publisher":{"@id":"https:\/\/aldaia.es\/es\/#organization"},"alternateName":"Ajuntament D'Aldaia","potentialAction":[{"@type":"SearchAction","target":{"@type":"EntryPoint","urlTemplate":"https:\/\/aldaia.es\/es\/?s={search_term_string}"},"query-input":{"@type":"PropertyValueSpecification","valueRequired":true,"valueName":"search_term_string"}}],"inLanguage":"es"},{"@type":"Organization","@id":"https:\/\/aldaia.es\/es\/#organization","name":"Ajuntament D'Aldaia","url":"https:\/\/aldaia.es\/es\/","logo":{"@type":"ImageObject","inLanguage":"es","@id":"https:\/\/aldaia.es\/es\/#\/schema\/logo\/image\/","url":"https:\/\/aldaia.es\/wp-content\/uploads\/2022\/06\/aldaia-negro-1.png","contentUrl":"https:\/\/aldaia.es\/wp-content\/uploads\/2022\/06\/aldaia-negro-1.png","width":152,"height":70,"caption":"Ajuntament D'Aldaia"},"image":{"@id":"https:\/\/aldaia.es\/es\/#\/schema\/logo\/image\/"}}]}},"_links":{"self":[{"href":"https:\/\/aldaia.es\/es\/wp-json\/wp\/v2\/pages\/6251","targetHints":{"allow":["GET"]}}],"collection":[{"href":"https:\/\/aldaia.es\/es\/wp-json\/wp\/v2\/pages"}],"about":[{"href":"https:\/\/aldaia.es\/es\/wp-json\/wp\/v2\/types\/page"}],"author":[{"embeddable":true,"href":"https:\/\/aldaia.es\/es\/wp-json\/wp\/v2\/users\/1"}],"replies":[{"embeddable":true,"href":"https:\/\/aldaia.es\/es\/wp-json\/wp\/v2\/comments?post=6251"}],"version-history":[{"count":8,"href":"https:\/\/aldaia.es\/es\/wp-json\/wp\/v2\/pages\/6251\/revisions"}],"predecessor-version":[{"id":38136,"href":"https:\/\/aldaia.es\/es\/wp-json\/wp\/v2\/pages\/6251\/revisions\/38136"}],"wp:attachment":[{"href":"https:\/\/aldaia.es\/es\/wp-json\/wp\/v2\/media?parent=6251"}],"curies":[{"name":"wp","href":"https:\/\/api.w.org\/{rel}","templated":true}]}}