{"id":6254,"date":"2022-08-30T09:20:05","date_gmt":"2022-08-30T07:20:05","guid":{"rendered":"https:\/\/aldaia.eu\/urbanismo-y-medio-ambiente\/"},"modified":"2025-06-26T09:50:48","modified_gmt":"2025-06-26T07:50:48","slug":"urbanismo-y-medio-ambiente","status":"publish","type":"page","link":"https:\/\/aldaia.es\/es\/urbanismo-y-medio-ambiente\/","title":{"rendered":"Urbanismo y medio ambiente"},"content":{"rendered":"\n<div class=\"wp-block-columns is-layout-flex wp-container-core-columns-is-layout-9d6595d7 wp-block-columns-is-layout-flex\">\n<div class=\"wp-block-column is-layout-flow wp-block-column-is-layout-flow\">\n<figure class=\"wp-block-image size-full\"><img loading=\"lazy\" decoding=\"async\" width=\"1440\" height=\"420\" src=\"https:\/\/aldaia.es\/wp-content\/uploads\/2025\/06\/urbanismo.jpg\" alt=\"Urbanismo y medio ambiente\" class=\"wp-image-38146\" srcset=\"https:\/\/aldaia.es\/wp-content\/uploads\/2025\/06\/urbanismo.jpg 1440w, https:\/\/aldaia.es\/wp-content\/uploads\/2025\/06\/urbanismo-300x88.jpg 300w, https:\/\/aldaia.es\/wp-content\/uploads\/2025\/06\/urbanismo-1024x299.jpg 1024w, https:\/\/aldaia.es\/wp-content\/uploads\/2025\/06\/urbanismo-768x224.jpg 768w, https:\/\/aldaia.es\/wp-content\/uploads\/2025\/06\/urbanismo-150x44.jpg 150w, https:\/\/aldaia.es\/wp-content\/uploads\/2025\/06\/urbanismo-696x203.jpg 696w, https:\/\/aldaia.es\/wp-content\/uploads\/2025\/06\/urbanismo-1068x312.jpg 1068w\" sizes=\"auto, (max-width: 1440px) 100vw, 1440px\" \/><\/figure>\n<\/div>\n<\/div>\n\n\n\n<div class=\"wp-block-columns is-not-stacked-on-mobile dep-urbanismo is-layout-flex wp-container-core-columns-is-layout-9d6595d7 wp-block-columns-is-layout-flex\">\n<div class=\"wp-block-column is-layout-flow wp-block-column-is-layout-flow\" style=\"flex-basis:30%\"><!--  Info urbanismo -->\n\n \n\n<div class='bloque-infos-urbanismo wrapper-departamentos'>\n<p class=\"tit-bloque-infos\">Departamento de Urbanismo y Medio ambiente<\/p>\n        <div class='infos-departamento'>\n            <p>Plaza Constituci\u00f3n, 10, 46960 Aldaia Valencia<\/p>\n            <p><i class=\"fa fa-phone\" aria-hidden=\"true\"><\/i> <a href=\"tel:+34961501500\">+34 96 150 15 00<\/a><\/p>\n            <p><i class=\"fa fa-phone\" aria-hidden=\"true\"><\/i> <a href=\"tel:+34961510693\">+34 96 151 06 93<\/a><\/p>\n            <p><i class=\"fas fa-envelope\"><\/i> <a href=\"mailto:urbanisme@ajuntamentaldaia.org\">urbanisme@ajuntamentaldaia.org<\/a><\/p>\n            \n        <\/div>\n\n        <div class='mapa-1'>\n        <iframe src=\"https:\/\/www.google.com\/maps\/embed?pb=!1m18!1m12!1m3!1d622.7679968418242!2d-0.4608059177881311!3d39.465164288659615!2m3!1f0!2f0!3f0!3m2!1i1024!2i768!4f13.1!3m3!1m2!1s0xd6051b0ac582aed%3A0xd3a2ed9d1d945ab0!2sAyuntamiento%20de%20Aldaya!5e0!3m2!1ses!2sus!4v1725979182758!5m2!1ses!2sus\" width=\"100%\" height=\"450\" style=\"border:0;\" allowfullscreen=\"\" loading=\"lazy\" referrerpolicy=\"no-referrer-when-downgrade\"><\/iframe>\n        <\/div>\n\n    <\/div>\n    <!-- end bloque infos -->\n   \n\n    \n\n\n<\/div>\n\n\n\n<div class=\"wp-block-column is-layout-flow wp-block-column-is-layout-flow\" style=\"flex-basis:70%\">\n<h1 class=\"wp-block-heading\">Urbanismo y Medio ambiente<\/h1>\n\n\n\n<p>El departamento de Urbanismo y Medio Ambiente asume la prestaci\u00f3n de los servicios municipales relativos a la mejora y el mantenimiento de nuestro pueblo, el funcionamiento de la infraestructura y la ordenaci\u00f3n del territorio.<\/p>\n\n\n\n<p>El Ayuntamiento, con la implicaci\u00f3n de la ciudadan\u00eda, trata de garantizar un espacio p\u00fablico de calidad con mejor accesibilidad, movilidad activa y sostenible y la protecci\u00f3n del medio ambiente.<\/p>\n\n\n\n<p>En este departamento se desarrolla la totalidad de gestiones relativas a la concesi\u00f3n de licencias urban\u00edsticas, obras, actividades, tramitaci\u00f3n de expedientes de disciplina urban\u00edstica y elaboraci\u00f3n de proyectos municipales.<\/p>\n<\/div>\n<\/div>\n\n\n\n<div class=\"wp-block-columns is-layout-flex wp-container-core-columns-is-layout-9d6595d7 wp-block-columns-is-layout-flex\">\n<div class=\"wp-block-column lista_adjuntos is-layout-flow wp-block-column-is-layout-flow\">\n<h2 class=\"wp-block-heading display-4\">Enlaces<\/h2>\n\n\n\n<p><i class=\"fas fa-link\"><\/i> <a href=\"https:\/\/transparencia.aldaia.es\/es\/transparencia\/ordenanzas-urbanisticas\" target=\"_blank\" rel=\"noreferrer noopener\">Ordenanzas urban\u00edsticas<\/a><\/p>\n\n\n\n<p><i class=\"fas fa-link\"><\/i> <a href=\"https:\/\/transparencia.aldaia.es\/es\/general\/transparencia\/plrpif\" target=\"_blank\" rel=\"noreferrer noopener\">PLRPIF<\/a><\/p>\n\n\n\n<p><i class=\"fas fa-link\"><\/i> <a href=\"https:\/\/transparencia.aldaia.es\/es\/transparencia\/plan-general-ordenacion-urbana\" target=\"_blank\" rel=\"noreferrer noopener\"> Plan General de Ordenaci\u00f3n Urbana <\/a><\/p>\n\n\n\n<p><i class=\"fas fa-link\"><\/i> <a href=\"https:\/\/aldaia.es\/wp-content\/uploads\/2025\/04\/Estudio-IntPaisaj_LaSaleta.pdf\">Estudio Barranco La Saleta<\/a><\/p>\n<\/div>\n<\/div>\n\n\n\n<div class=\"wp-block-columns is-layout-flex wp-container-core-columns-is-layout-9d6595d7 wp-block-columns-is-layout-flex\">\n<div class=\"wp-block-column lista_adjuntos is-layout-flow wp-block-column-is-layout-flow\">\n<h2 class=\"wp-block-heading display-4\">Adjuntos<\/h2>\n\n\n\n<p><i class=\"fas fa-link\"><\/i> <a href=\"https:\/\/transparencia.aldaia.es\/sites\/default\/files\/documentos\/PLRPIF\/PLRPIF.pdf\" target=\"_blank\" rel=\"noreferrer noopener\">PDF PLRPIF<\/a><\/p>\n<\/div>\n<\/div>\n","protected":false},"excerpt":{"rendered":"<p>Urbanismo y Medio ambiente El departamento de Urbanismo y Medio Ambiente asume la prestaci\u00f3n de los servicios municipales relativos a la mejora y el mantenimiento de nuestro pueblo, el funcionamiento <a class=\"text-decoration-none text-black\" href=\"https:\/\/aldaia.es\/es\/urbanismo-y-medio-ambiente\/\"> &#8230; <\/a><\/p>\n","protected":false},"author":1,"featured_media":0,"parent":0,"menu_order":0,"comment_status":"closed","ping_status":"closed","template":"basic-page-departamentos.php","meta":{"_acf_changed":false,"footnotes":""},"class_list":["post-6254","page","type-page","status-publish","hentry"],"acf":[],"yoast_head":"<!-- This site is optimized with the Yoast SEO plugin v27.0 - https:\/\/yoast.com\/product\/yoast-seo-wordpress\/ -->\n<title>Urbanismo y medio ambiente - Ayuntamiento de Aldaia<\/title>\n<meta name=\"description\" content=\"El departamento de Urbanismo y Medio Ambiente asume la prestaci\u00f3n de servicios municipales relativos a la mejora y mantenimiento de Aldaia\" \/>\n<meta name=\"robots\" content=\"index, follow, max-snippet:-1, max-image-preview:large, max-video-preview:-1\" \/>\n<link rel=\"canonical\" href=\"https:\/\/aldaia.es\/es\/urbanismo-y-medio-ambiente\/\" \/>\n<meta property=\"og:locale\" content=\"es_ES\" \/>\n<meta property=\"og:type\" content=\"article\" \/>\n<meta property=\"og:title\" content=\"Urbanismo y medio ambiente - Ayuntamiento de Aldaia\" \/>\n<meta property=\"og:description\" content=\"El departamento de Urbanismo y Medio Ambiente asume la prestaci\u00f3n de servicios municipales relativos a la mejora y mantenimiento de Aldaia\" \/>\n<meta property=\"og:url\" content=\"https:\/\/aldaia.es\/es\/urbanismo-y-medio-ambiente\/\" \/>\n<meta property=\"og:site_name\" content=\"Ayuntamiento de Aldaia\" \/>\n<meta property=\"article:modified_time\" content=\"2025-06-26T07:50:48+00:00\" \/>\n<meta property=\"og:image\" content=\"https:\/\/aldaia.es\/wp-content\/uploads\/2025\/06\/urbanismo.jpg\" \/>\n<script type=\"application\/ld+json\" class=\"yoast-schema-graph\">{\"@context\":\"https:\/\/schema.org\",\"@graph\":[{\"@type\":\"WebPage\",\"@id\":\"https:\/\/aldaia.es\/es\/urbanismo-y-medio-ambiente\/\",\"url\":\"https:\/\/aldaia.es\/es\/urbanismo-y-medio-ambiente\/\",\"name\":\"Urbanismo y medio ambiente - Ayuntamiento de Aldaia\",\"isPartOf\":{\"@id\":\"https:\/\/aldaia.es\/es\/#website\"},\"primaryImageOfPage\":{\"@id\":\"https:\/\/aldaia.es\/es\/urbanismo-y-medio-ambiente\/#primaryimage\"},\"image\":{\"@id\":\"https:\/\/aldaia.es\/es\/urbanismo-y-medio-ambiente\/#primaryimage\"},\"thumbnailUrl\":\"https:\/\/aldaia.es\/wp-content\/uploads\/2025\/06\/urbanismo.jpg\",\"datePublished\":\"2022-08-30T07:20:05+00:00\",\"dateModified\":\"2025-06-26T07:50:48+00:00\",\"description\":\"El departamento de Urbanismo y Medio Ambiente asume la prestaci\u00f3n de servicios municipales relativos a la mejora y mantenimiento de Aldaia\",\"breadcrumb\":{\"@id\":\"https:\/\/aldaia.es\/es\/urbanismo-y-medio-ambiente\/#breadcrumb\"},\"inLanguage\":\"es\",\"potentialAction\":[{\"@type\":\"ReadAction\",\"target\":[\"https:\/\/aldaia.es\/es\/urbanismo-y-medio-ambiente\/\"]}]},{\"@type\":\"ImageObject\",\"inLanguage\":\"es\",\"@id\":\"https:\/\/aldaia.es\/es\/urbanismo-y-medio-ambiente\/#primaryimage\",\"url\":\"https:\/\/aldaia.es\/wp-content\/uploads\/2025\/06\/urbanismo.jpg\",\"contentUrl\":\"https:\/\/aldaia.es\/wp-content\/uploads\/2025\/06\/urbanismo.jpg\"},{\"@type\":\"BreadcrumbList\",\"@id\":\"https:\/\/aldaia.es\/es\/urbanismo-y-medio-ambiente\/#breadcrumb\",\"itemListElement\":[{\"@type\":\"ListItem\",\"position\":1,\"name\":\"Portada\",\"item\":\"https:\/\/aldaia.es\/es\/\"},{\"@type\":\"ListItem\",\"position\":2,\"name\":\"Urbanismo y medio ambiente\"}]},{\"@type\":\"WebSite\",\"@id\":\"https:\/\/aldaia.es\/es\/#website\",\"url\":\"https:\/\/aldaia.es\/es\/\",\"name\":\"Ajuntament D'Aldaia\",\"description\":\"\",\"publisher\":{\"@id\":\"https:\/\/aldaia.es\/es\/#organization\"},\"alternateName\":\"Ajuntament D'Aldaia\",\"potentialAction\":[{\"@type\":\"SearchAction\",\"target\":{\"@type\":\"EntryPoint\",\"urlTemplate\":\"https:\/\/aldaia.es\/es\/?s={search_term_string}\"},\"query-input\":{\"@type\":\"PropertyValueSpecification\",\"valueRequired\":true,\"valueName\":\"search_term_string\"}}],\"inLanguage\":\"es\"},{\"@type\":\"Organization\",\"@id\":\"https:\/\/aldaia.es\/es\/#organization\",\"name\":\"Ajuntament D'Aldaia\",\"url\":\"https:\/\/aldaia.es\/es\/\",\"logo\":{\"@type\":\"ImageObject\",\"inLanguage\":\"es\",\"@id\":\"https:\/\/aldaia.es\/es\/#\/schema\/logo\/image\/\",\"url\":\"https:\/\/aldaia.es\/wp-content\/uploads\/2022\/06\/aldaia-negro-1.png\",\"contentUrl\":\"https:\/\/aldaia.es\/wp-content\/uploads\/2022\/06\/aldaia-negro-1.png\",\"width\":152,\"height\":70,\"caption\":\"Ajuntament D'Aldaia\"},\"image\":{\"@id\":\"https:\/\/aldaia.es\/es\/#\/schema\/logo\/image\/\"}}]}<\/script>\n<!-- \/ Yoast SEO plugin. -->","yoast_head_json":{"title":"Urbanismo y medio ambiente - Ayuntamiento de Aldaia","description":"El departamento de Urbanismo y Medio Ambiente asume la prestaci\u00f3n de servicios municipales relativos a la mejora y mantenimiento de Aldaia","robots":{"index":"index","follow":"follow","max-snippet":"max-snippet:-1","max-image-preview":"max-image-preview:large","max-video-preview":"max-video-preview:-1"},"canonical":"https:\/\/aldaia.es\/es\/urbanismo-y-medio-ambiente\/","og_locale":"es_ES","og_type":"article","og_title":"Urbanismo y medio ambiente - Ayuntamiento de Aldaia","og_description":"El departamento de Urbanismo y Medio Ambiente asume la prestaci\u00f3n de servicios municipales relativos a la mejora y mantenimiento de Aldaia","og_url":"https:\/\/aldaia.es\/es\/urbanismo-y-medio-ambiente\/","og_site_name":"Ayuntamiento de Aldaia","article_modified_time":"2025-06-26T07:50:48+00:00","og_image":[{"url":"https:\/\/aldaia.es\/wp-content\/uploads\/2025\/06\/urbanismo.jpg","type":"","width":"","height":""}],"schema":{"@context":"https:\/\/schema.org","@graph":[{"@type":"WebPage","@id":"https:\/\/aldaia.es\/es\/urbanismo-y-medio-ambiente\/","url":"https:\/\/aldaia.es\/es\/urbanismo-y-medio-ambiente\/","name":"Urbanismo y medio ambiente - Ayuntamiento de Aldaia","isPartOf":{"@id":"https:\/\/aldaia.es\/es\/#website"},"primaryImageOfPage":{"@id":"https:\/\/aldaia.es\/es\/urbanismo-y-medio-ambiente\/#primaryimage"},"image":{"@id":"https:\/\/aldaia.es\/es\/urbanismo-y-medio-ambiente\/#primaryimage"},"thumbnailUrl":"https:\/\/aldaia.es\/wp-content\/uploads\/2025\/06\/urbanismo.jpg","datePublished":"2022-08-30T07:20:05+00:00","dateModified":"2025-06-26T07:50:48+00:00","description":"El departamento de Urbanismo y Medio Ambiente asume la prestaci\u00f3n de servicios municipales relativos a la mejora y mantenimiento de Aldaia","breadcrumb":{"@id":"https:\/\/aldaia.es\/es\/urbanismo-y-medio-ambiente\/#breadcrumb"},"inLanguage":"es","potentialAction":[{"@type":"ReadAction","target":["https:\/\/aldaia.es\/es\/urbanismo-y-medio-ambiente\/"]}]},{"@type":"ImageObject","inLanguage":"es","@id":"https:\/\/aldaia.es\/es\/urbanismo-y-medio-ambiente\/#primaryimage","url":"https:\/\/aldaia.es\/wp-content\/uploads\/2025\/06\/urbanismo.jpg","contentUrl":"https:\/\/aldaia.es\/wp-content\/uploads\/2025\/06\/urbanismo.jpg"},{"@type":"BreadcrumbList","@id":"https:\/\/aldaia.es\/es\/urbanismo-y-medio-ambiente\/#breadcrumb","itemListElement":[{"@type":"ListItem","position":1,"name":"Portada","item":"https:\/\/aldaia.es\/es\/"},{"@type":"ListItem","position":2,"name":"Urbanismo y medio ambiente"}]},{"@type":"WebSite","@id":"https:\/\/aldaia.es\/es\/#website","url":"https:\/\/aldaia.es\/es\/","name":"Ajuntament D'Aldaia","description":"","publisher":{"@id":"https:\/\/aldaia.es\/es\/#organization"},"alternateName":"Ajuntament D'Aldaia","potentialAction":[{"@type":"SearchAction","target":{"@type":"EntryPoint","urlTemplate":"https:\/\/aldaia.es\/es\/?s={search_term_string}"},"query-input":{"@type":"PropertyValueSpecification","valueRequired":true,"valueName":"search_term_string"}}],"inLanguage":"es"},{"@type":"Organization","@id":"https:\/\/aldaia.es\/es\/#organization","name":"Ajuntament D'Aldaia","url":"https:\/\/aldaia.es\/es\/","logo":{"@type":"ImageObject","inLanguage":"es","@id":"https:\/\/aldaia.es\/es\/#\/schema\/logo\/image\/","url":"https:\/\/aldaia.es\/wp-content\/uploads\/2022\/06\/aldaia-negro-1.png","contentUrl":"https:\/\/aldaia.es\/wp-content\/uploads\/2022\/06\/aldaia-negro-1.png","width":152,"height":70,"caption":"Ajuntament D'Aldaia"},"image":{"@id":"https:\/\/aldaia.es\/es\/#\/schema\/logo\/image\/"}}]}},"_links":{"self":[{"href":"https:\/\/aldaia.es\/es\/wp-json\/wp\/v2\/pages\/6254","targetHints":{"allow":["GET"]}}],"collection":[{"href":"https:\/\/aldaia.es\/es\/wp-json\/wp\/v2\/pages"}],"about":[{"href":"https:\/\/aldaia.es\/es\/wp-json\/wp\/v2\/types\/page"}],"author":[{"embeddable":true,"href":"https:\/\/aldaia.es\/es\/wp-json\/wp\/v2\/users\/1"}],"replies":[{"embeddable":true,"href":"https:\/\/aldaia.es\/es\/wp-json\/wp\/v2\/comments?post=6254"}],"version-history":[{"count":12,"href":"https:\/\/aldaia.es\/es\/wp-json\/wp\/v2\/pages\/6254\/revisions"}],"predecessor-version":[{"id":38148,"href":"https:\/\/aldaia.es\/es\/wp-json\/wp\/v2\/pages\/6254\/revisions\/38148"}],"wp:attachment":[{"href":"https:\/\/aldaia.es\/es\/wp-json\/wp\/v2\/media?parent=6254"}],"curies":[{"name":"wp","href":"https:\/\/api.w.org\/{rel}","templated":true}]}}