{"id":6255,"date":"2022-08-30T08:16:20","date_gmt":"2022-08-30T06:16:20","guid":{"rendered":"https:\/\/aldaia.eu\/servicios-administrativos\/"},"modified":"2025-06-25T13:22:47","modified_gmt":"2025-06-25T11:22:47","slug":"servicios-administrativos","status":"publish","type":"page","link":"https:\/\/aldaia.es\/es\/servicios-administrativos\/","title":{"rendered":"Servicios administrativos"},"content":{"rendered":"\n<div class=\"wp-block-columns mb-0 pb-0 is-layout-flex wp-container-core-columns-is-layout-9d6595d7 wp-block-columns-is-layout-flex\">\n<div class=\"wp-block-column is-layout-flow wp-block-column-is-layout-flow\">\n<figure class=\"wp-block-image size-full\"><img loading=\"lazy\" decoding=\"async\" width=\"1440\" height=\"420\" src=\"https:\/\/aldaia.es\/wp-content\/uploads\/2025\/06\/Servicios_Adminstrativos.jpg\" alt=\"Servicios administrativos\" class=\"wp-image-38101\" srcset=\"https:\/\/aldaia.es\/wp-content\/uploads\/2025\/06\/Servicios_Adminstrativos.jpg 1440w, https:\/\/aldaia.es\/wp-content\/uploads\/2025\/06\/Servicios_Adminstrativos-300x88.jpg 300w, https:\/\/aldaia.es\/wp-content\/uploads\/2025\/06\/Servicios_Adminstrativos-1024x299.jpg 1024w, https:\/\/aldaia.es\/wp-content\/uploads\/2025\/06\/Servicios_Adminstrativos-768x224.jpg 768w, https:\/\/aldaia.es\/wp-content\/uploads\/2025\/06\/Servicios_Adminstrativos-150x44.jpg 150w, https:\/\/aldaia.es\/wp-content\/uploads\/2025\/06\/Servicios_Adminstrativos-696x203.jpg 696w, https:\/\/aldaia.es\/wp-content\/uploads\/2025\/06\/Servicios_Adminstrativos-1068x312.jpg 1068w\" sizes=\"auto, (max-width: 1440px) 100vw, 1440px\" \/><\/figure>\n<\/div>\n<\/div>\n\n\n\n<div class=\"wp-block-columns dep-administracion is-layout-flex wp-container-core-columns-is-layout-9d6595d7 wp-block-columns-is-layout-flex\">\n<div class=\"wp-block-column is-layout-flow wp-block-column-is-layout-flow\" style=\"flex-basis:30%\"><!--  Info administracion -->\n\n \n\n<div class='bloque-infos-administracion wrapper-departamentos'>\n<p class=\"tit-bloque-infos\">Ajuntament d'Aldaia <\/p>\n        <div class='infos-departamento'>\n            <p>Plaza Constituci\u00f3n, 10, 46960 Aldaia Valencia<\/p>\n            <p><i class=\"fa fa-phone\" aria-hidden=\"true\"><\/i> <a href=\"tel:+34961510693\">+34 96 151 06 93<\/a><\/p>\n            <p><i class=\"fas fa-envelope\"><\/i> <a href=\"mailto:ajuntament@ajuntamentaldaia.org\">ajuntament@ajuntamentaldaia.org<\/a><\/p>\n            \n        <\/div>\n\n        <div class='mapa-1'>\n        <iframe src=\"https:\/\/www.google.com\/maps\/embed?pb=!1m18!1m12!1m3!1d622.7679968418242!2d-0.4608059177881311!3d39.465164288659615!2m3!1f0!2f0!3f0!3m2!1i1024!2i768!4f13.1!3m3!1m2!1s0xd6051b0ac582aed%3A0xd3a2ed9d1d945ab0!2sAyuntamiento%20de%20Aldaya!5e0!3m2!1ses!2sus!4v1725979182758!5m2!1ses!2sus\" width=\"100%\" height=\"450\" style=\"border:0;\" allowfullscreen=\"\" loading=\"lazy\" referrerpolicy=\"no-referrer-when-downgrade\"><\/iframe>\n        <\/div>\n\n    <\/div>\n    <!-- end bloque infos -->\n   \n\n    \n\n\n<\/div>\n\n\n\n<div class=\"wp-block-column is-layout-flow wp-block-column-is-layout-flow\" style=\"flex-basis:70%\">\n<h1 class=\"wp-block-heading\">Servicios Administrativos<\/h1>\n\n\n\n<p>Los servicios administrativos municipales se dedican a ofrecer todo tipo de gesti\u00f3n de tr\u00e1mites de la ciudadan\u00eda, tales como:<\/p>\n\n\n\n<ul class=\"wp-block-list\">\n<li>Registro General de Entrada: Presentaci\u00f3n de solicitudes municipales (licencias, impuestos, domiciliaciones\u2026)<br>Ventanilla \u00danica<br>Firma Digital<br>Empadronamiento: Certificados y Gesti\u00f3n<\/li>\n\n\n\n<li>Ceremonias Civiles (Matrimonio civil\u2026)<\/li>\n\n\n\n<li>Recogida de enseres<\/li>\n\n\n\n<li>Consultas sobre la localidad<\/li>\n\n\n\n<li>Informaci\u00f3n sobre los servicios y actividades municipales<\/li>\n\n\n\n<li>Fe de vida<\/li>\n\n\n\n<li>Cementerio<\/li>\n\n\n\n<li>OMIC (Oficina Municipal de Informaci\u00f3n al Consumidor)<\/li>\n<\/ul>\n<\/div>\n<\/div>\n\n\n\n<p><\/p>\n","protected":false},"excerpt":{"rendered":"<p>Servicios Administrativos Los servicios administrativos municipales se dedican a ofrecer todo tipo de gesti\u00f3n de tr\u00e1mites de la ciudadan\u00eda, tales como: <a class=\"text-decoration-none text-black\" href=\"https:\/\/aldaia.es\/es\/servicios-administrativos\/\"> &#8230; <\/a><\/p>\n","protected":false},"author":16,"featured_media":0,"parent":0,"menu_order":0,"comment_status":"closed","ping_status":"closed","template":"basic-page-departamentos.php","meta":{"_acf_changed":false,"footnotes":""},"class_list":["post-6255","page","type-page","status-publish","hentry"],"acf":[],"yoast_head":"<!-- This site is optimized with the Yoast SEO plugin v27.0 - https:\/\/yoast.com\/product\/yoast-seo-wordpress\/ -->\n<title>Servicios administrativos - Ayuntamiento de Aldaia<\/title>\n<meta name=\"description\" content=\"Los servicios administrativos municipales se dedican a ofrecer todo tipo de gesti\u00f3n de tr\u00e1mites de la ciudadan\u00eda.\" \/>\n<meta name=\"robots\" content=\"index, follow, max-snippet:-1, max-image-preview:large, max-video-preview:-1\" \/>\n<link rel=\"canonical\" href=\"https:\/\/aldaia.es\/es\/servicios-administrativos\/\" \/>\n<meta property=\"og:locale\" content=\"es_ES\" \/>\n<meta property=\"og:type\" content=\"article\" \/>\n<meta property=\"og:title\" content=\"Servicios administrativos - Ayuntamiento de Aldaia\" \/>\n<meta property=\"og:description\" content=\"Los servicios administrativos municipales se dedican a ofrecer todo tipo de gesti\u00f3n de tr\u00e1mites de la ciudadan\u00eda.\" \/>\n<meta property=\"og:url\" content=\"https:\/\/aldaia.es\/es\/servicios-administrativos\/\" \/>\n<meta property=\"og:site_name\" content=\"Ayuntamiento de Aldaia\" \/>\n<meta property=\"article:modified_time\" content=\"2025-06-25T11:22:47+00:00\" \/>\n<meta property=\"og:image\" content=\"https:\/\/aldaia.es\/wp-content\/uploads\/2025\/06\/Servicios_Adminstrativos.jpg\" \/>\n<script type=\"application\/ld+json\" class=\"yoast-schema-graph\">{\"@context\":\"https:\/\/schema.org\",\"@graph\":[{\"@type\":\"WebPage\",\"@id\":\"https:\/\/aldaia.es\/es\/servicios-administrativos\/\",\"url\":\"https:\/\/aldaia.es\/es\/servicios-administrativos\/\",\"name\":\"Servicios administrativos - Ayuntamiento de Aldaia\",\"isPartOf\":{\"@id\":\"https:\/\/aldaia.es\/es\/#website\"},\"primaryImageOfPage\":{\"@id\":\"https:\/\/aldaia.es\/es\/servicios-administrativos\/#primaryimage\"},\"image\":{\"@id\":\"https:\/\/aldaia.es\/es\/servicios-administrativos\/#primaryimage\"},\"thumbnailUrl\":\"https:\/\/aldaia.es\/wp-content\/uploads\/2025\/06\/Servicios_Adminstrativos.jpg\",\"datePublished\":\"2022-08-30T06:16:20+00:00\",\"dateModified\":\"2025-06-25T11:22:47+00:00\",\"description\":\"Los servicios administrativos municipales se dedican a ofrecer todo tipo de gesti\u00f3n de tr\u00e1mites de la ciudadan\u00eda.\",\"breadcrumb\":{\"@id\":\"https:\/\/aldaia.es\/es\/servicios-administrativos\/#breadcrumb\"},\"inLanguage\":\"es\",\"potentialAction\":[{\"@type\":\"ReadAction\",\"target\":[\"https:\/\/aldaia.es\/es\/servicios-administrativos\/\"]}]},{\"@type\":\"ImageObject\",\"inLanguage\":\"es\",\"@id\":\"https:\/\/aldaia.es\/es\/servicios-administrativos\/#primaryimage\",\"url\":\"https:\/\/aldaia.es\/wp-content\/uploads\/2025\/06\/Servicios_Adminstrativos.jpg\",\"contentUrl\":\"https:\/\/aldaia.es\/wp-content\/uploads\/2025\/06\/Servicios_Adminstrativos.jpg\"},{\"@type\":\"BreadcrumbList\",\"@id\":\"https:\/\/aldaia.es\/es\/servicios-administrativos\/#breadcrumb\",\"itemListElement\":[{\"@type\":\"ListItem\",\"position\":1,\"name\":\"Portada\",\"item\":\"https:\/\/aldaia.es\/es\/\"},{\"@type\":\"ListItem\",\"position\":2,\"name\":\"Servicios administrativos\"}]},{\"@type\":\"WebSite\",\"@id\":\"https:\/\/aldaia.es\/es\/#website\",\"url\":\"https:\/\/aldaia.es\/es\/\",\"name\":\"Ajuntament D'Aldaia\",\"description\":\"\",\"publisher\":{\"@id\":\"https:\/\/aldaia.es\/es\/#organization\"},\"alternateName\":\"Ajuntament D'Aldaia\",\"potentialAction\":[{\"@type\":\"SearchAction\",\"target\":{\"@type\":\"EntryPoint\",\"urlTemplate\":\"https:\/\/aldaia.es\/es\/?s={search_term_string}\"},\"query-input\":{\"@type\":\"PropertyValueSpecification\",\"valueRequired\":true,\"valueName\":\"search_term_string\"}}],\"inLanguage\":\"es\"},{\"@type\":\"Organization\",\"@id\":\"https:\/\/aldaia.es\/es\/#organization\",\"name\":\"Ajuntament D'Aldaia\",\"url\":\"https:\/\/aldaia.es\/es\/\",\"logo\":{\"@type\":\"ImageObject\",\"inLanguage\":\"es\",\"@id\":\"https:\/\/aldaia.es\/es\/#\/schema\/logo\/image\/\",\"url\":\"https:\/\/aldaia.es\/wp-content\/uploads\/2022\/06\/aldaia-negro-1.png\",\"contentUrl\":\"https:\/\/aldaia.es\/wp-content\/uploads\/2022\/06\/aldaia-negro-1.png\",\"width\":152,\"height\":70,\"caption\":\"Ajuntament D'Aldaia\"},\"image\":{\"@id\":\"https:\/\/aldaia.es\/es\/#\/schema\/logo\/image\/\"}}]}<\/script>\n<!-- \/ Yoast SEO plugin. -->","yoast_head_json":{"title":"Servicios administrativos - Ayuntamiento de Aldaia","description":"Los servicios administrativos municipales se dedican a ofrecer todo tipo de gesti\u00f3n de tr\u00e1mites de la ciudadan\u00eda.","robots":{"index":"index","follow":"follow","max-snippet":"max-snippet:-1","max-image-preview":"max-image-preview:large","max-video-preview":"max-video-preview:-1"},"canonical":"https:\/\/aldaia.es\/es\/servicios-administrativos\/","og_locale":"es_ES","og_type":"article","og_title":"Servicios administrativos - Ayuntamiento de Aldaia","og_description":"Los servicios administrativos municipales se dedican a ofrecer todo tipo de gesti\u00f3n de tr\u00e1mites de la ciudadan\u00eda.","og_url":"https:\/\/aldaia.es\/es\/servicios-administrativos\/","og_site_name":"Ayuntamiento de Aldaia","article_modified_time":"2025-06-25T11:22:47+00:00","og_image":[{"url":"https:\/\/aldaia.es\/wp-content\/uploads\/2025\/06\/Servicios_Adminstrativos.jpg","type":"","width":"","height":""}],"schema":{"@context":"https:\/\/schema.org","@graph":[{"@type":"WebPage","@id":"https:\/\/aldaia.es\/es\/servicios-administrativos\/","url":"https:\/\/aldaia.es\/es\/servicios-administrativos\/","name":"Servicios administrativos - Ayuntamiento de Aldaia","isPartOf":{"@id":"https:\/\/aldaia.es\/es\/#website"},"primaryImageOfPage":{"@id":"https:\/\/aldaia.es\/es\/servicios-administrativos\/#primaryimage"},"image":{"@id":"https:\/\/aldaia.es\/es\/servicios-administrativos\/#primaryimage"},"thumbnailUrl":"https:\/\/aldaia.es\/wp-content\/uploads\/2025\/06\/Servicios_Adminstrativos.jpg","datePublished":"2022-08-30T06:16:20+00:00","dateModified":"2025-06-25T11:22:47+00:00","description":"Los servicios administrativos municipales se dedican a ofrecer todo tipo de gesti\u00f3n de tr\u00e1mites de la ciudadan\u00eda.","breadcrumb":{"@id":"https:\/\/aldaia.es\/es\/servicios-administrativos\/#breadcrumb"},"inLanguage":"es","potentialAction":[{"@type":"ReadAction","target":["https:\/\/aldaia.es\/es\/servicios-administrativos\/"]}]},{"@type":"ImageObject","inLanguage":"es","@id":"https:\/\/aldaia.es\/es\/servicios-administrativos\/#primaryimage","url":"https:\/\/aldaia.es\/wp-content\/uploads\/2025\/06\/Servicios_Adminstrativos.jpg","contentUrl":"https:\/\/aldaia.es\/wp-content\/uploads\/2025\/06\/Servicios_Adminstrativos.jpg"},{"@type":"BreadcrumbList","@id":"https:\/\/aldaia.es\/es\/servicios-administrativos\/#breadcrumb","itemListElement":[{"@type":"ListItem","position":1,"name":"Portada","item":"https:\/\/aldaia.es\/es\/"},{"@type":"ListItem","position":2,"name":"Servicios administrativos"}]},{"@type":"WebSite","@id":"https:\/\/aldaia.es\/es\/#website","url":"https:\/\/aldaia.es\/es\/","name":"Ajuntament D'Aldaia","description":"","publisher":{"@id":"https:\/\/aldaia.es\/es\/#organization"},"alternateName":"Ajuntament D'Aldaia","potentialAction":[{"@type":"SearchAction","target":{"@type":"EntryPoint","urlTemplate":"https:\/\/aldaia.es\/es\/?s={search_term_string}"},"query-input":{"@type":"PropertyValueSpecification","valueRequired":true,"valueName":"search_term_string"}}],"inLanguage":"es"},{"@type":"Organization","@id":"https:\/\/aldaia.es\/es\/#organization","name":"Ajuntament D'Aldaia","url":"https:\/\/aldaia.es\/es\/","logo":{"@type":"ImageObject","inLanguage":"es","@id":"https:\/\/aldaia.es\/es\/#\/schema\/logo\/image\/","url":"https:\/\/aldaia.es\/wp-content\/uploads\/2022\/06\/aldaia-negro-1.png","contentUrl":"https:\/\/aldaia.es\/wp-content\/uploads\/2022\/06\/aldaia-negro-1.png","width":152,"height":70,"caption":"Ajuntament D'Aldaia"},"image":{"@id":"https:\/\/aldaia.es\/es\/#\/schema\/logo\/image\/"}}]}},"_links":{"self":[{"href":"https:\/\/aldaia.es\/es\/wp-json\/wp\/v2\/pages\/6255","targetHints":{"allow":["GET"]}}],"collection":[{"href":"https:\/\/aldaia.es\/es\/wp-json\/wp\/v2\/pages"}],"about":[{"href":"https:\/\/aldaia.es\/es\/wp-json\/wp\/v2\/types\/page"}],"author":[{"embeddable":true,"href":"https:\/\/aldaia.es\/es\/wp-json\/wp\/v2\/users\/16"}],"replies":[{"embeddable":true,"href":"https:\/\/aldaia.es\/es\/wp-json\/wp\/v2\/comments?post=6255"}],"version-history":[{"count":9,"href":"https:\/\/aldaia.es\/es\/wp-json\/wp\/v2\/pages\/6255\/revisions"}],"predecessor-version":[{"id":38105,"href":"https:\/\/aldaia.es\/es\/wp-json\/wp\/v2\/pages\/6255\/revisions\/38105"}],"wp:attachment":[{"href":"https:\/\/aldaia.es\/es\/wp-json\/wp\/v2\/media?parent=6255"}],"curies":[{"name":"wp","href":"https:\/\/api.w.org\/{rel}","templated":true}]}}