{"id":6274,"date":"2023-01-13T17:07:01","date_gmt":"2023-01-13T16:07:01","guid":{"rendered":"https:\/\/aldaia.eu\/agencia-de-colocacion\/"},"modified":"2024-09-03T16:49:41","modified_gmt":"2024-09-03T14:49:41","slug":"agencia-de-colocacion","status":"publish","type":"page","link":"https:\/\/aldaia.es\/es\/adl-y-comercio\/agencia-de-colocacion\/","title":{"rendered":"Agencia de Colocaci\u00f3n"},"content":{"rendered":"\n<div class=\"wp-block-columns dep-adl is-layout-flex wp-container-core-columns-is-layout-9d6595d7 wp-block-columns-is-layout-flex\">\n<div class=\"wp-block-column is-layout-flow wp-block-column-is-layout-flow\">\n<h1 class=\"wp-block-heading\">Agencia de Colocaci\u00f3n<\/h1>\n\n\n\n<h2 class=\"wp-block-heading\">\u00bfQui\u00e9nes somos?<\/h2>\n\n\n\n<p>Somos un <strong>servicio p\u00fablico y gratuito de intermediaci\u00f3n laboral y gesti\u00f3n del empleo<\/strong> , con n\u00famero de autorizaci\u00f3n 1.000.000.029. Estamos integrados en la Agencia de Desarrollo Local del Ayuntamiento de Aldaia, que desarrolla su actividad desde hace m\u00e1s de dos d\u00e9cadas.<\/p>\n\n\n\n<p>Contamos con una <strong>p\u00e1gina web<\/strong> donde se publican las ofertas de trabajo: <a href=\"https:\/\/agenciacolocacion.aldaia.es\" target=\"_blank\" rel=\"noreferrer noopener\">Agencia de Colocaci\u00f3n de Aldaia<\/a><\/p>\n\n\n\n<h2 class=\"wp-block-heading\">\u00bfCu\u00e1l es nuestro objetivo?<\/h2>\n\n\n\n<p>Impulsar y coordinar diversas actuaciones que proporcione a los\/as <strong>desempleados\/as<\/strong> un trabajo adecuado a sus caracter\u00edsticas y facilitar a las <strong>empresas<\/strong> las candidaturas m\u00e1s apropiadas a sus necesidades.<\/p>\n\n\n\n<h2 class=\"wp-block-heading\">\u00bfQu\u00e9 servicios ofrecemos?<\/h2>\n\n\n\n<h3 class=\"wp-block-heading\">1- SI ES UNA <strong>PERSONA QUE BUSCA EMPLEO O FORMACI\u00d3N<\/strong>:<\/h3>\n\n\n\n<ul class=\"wp-block-list\">\n<li>Inscripci\u00f3n en nuestra <strong>base de datos<\/strong>.<\/li>\n\n\n\n<li>Dise\u00f1o de su propio <strong>itinerario laboral<\/strong> <strong>personalizado<\/strong> que se adapte a su perfil y mercado de trabajo de la zona.<\/li>\n\n\n\n<li>Informaci\u00f3n sobre <strong>formaci\u00f3n<\/strong> necesaria seg\u00fan sus necesidades e intereses personales y laborales.<\/li>\n\n\n\n<li>Tramitaci\u00f3n de las <strong>ofertas de empleo<\/strong> que se ajusten a los requisitos demandados por las empresas.<\/li>\n\n\n\n<li>Derivaci\u00f3n a <strong>otros servicios<\/strong> complementarios seg\u00fan los recursos disponibles y sus necesidades.<\/li>\n<\/ul>\n\n\n\n<h4 class=\"wp-block-heading\">Requisitos:<\/h4>\n\n\n\n<ul class=\"wp-block-list\">\n<li>Tener 18 o m\u00e1s a\u00f1os de 16 a\u00f1os con autorizaci\u00f3n paterna\/materna.<\/li>\n\n\n\n<li>Tener permiso de trabajo (personas no comunitarias).<\/li>\n\n\n\n<li>Inscribirse en la Agencia de Colocaci\u00f3n de forma:<\/li>\n<\/ul>\n\n\n\n<p>Presencial, en la Agencia de Colocaci\u00f3n ubicada en la C\/ Ricardo Fuster y Fuster, s\/n de Aldaia (enfrente piscina municipal).<\/p>\n\n\n\n<p>Por tel\u00e9fono, cita previa al <strong>96 198 88 15 \u2013 607 998 065<\/strong><\/p>\n\n\n\n<p>Por la web: <a href=\"https:\/\/agenciacolocacion.aldaia.es\" target=\"_blank\" rel=\"noreferrer noopener\">Agencia de Colocaci\u00f3n de Aldaia<\/a> o a trav\u00e9s del email: <a href=\"mailto:adl@ajuntamentaldaia.org\">adl@ajuntamentaldaia.org<\/a><\/p>\n\n\n\n<h4 class=\"wp-block-heading\">Compromisos:<\/h4>\n\n\n\n<ul class=\"wp-block-list\">\n<li>Comunicar los cambios que se produzcan en sus datos personales y profesionales.<\/li>\n\n\n\n<li>Renovar la demanda de empleo a los 6 meses de su inscripci\u00f3n. Se le enviar\u00e1 un correo electr\u00f3nico de cortes\u00eda dos semanas antes de la fecha de caducidad.<\/li>\n<\/ul>\n\n\n\n<h3 class=\"wp-block-heading\">2 &#8211; SI ES <strong>EMPRESARIO\/A<\/strong> Y BUSCA PERSONAL PARA TRABAJAR:<\/h3>\n\n\n\n<ul class=\"wp-block-list\">\n<li>Gesti\u00f3n de la <strong>oferta de empleo<\/strong> que registre en nuestro servicio.<\/li>\n\n\n\n<li>Preselecci\u00f3n de las <strong>candidaturas<\/strong> para cubrir las necesidades de su empresa.<\/li>\n\n\n\n<li>Comprobaci\u00f3n previa de la <strong>disponibilidad<\/strong> de estas candidaturas.<\/li>\n<\/ul>\n\n\n\n<h4 class=\"wp-block-heading\">Requisitos:<\/h4>\n\n\n\n<ul class=\"wp-block-list\">\n<li>Cumplimentar el formulario web de la oferta especificando las datos m\u00ednimos: jornada, horario, salario y tipos y duraci\u00f3n del contrato, tel\u00e9fono, email y persona de contacto:\n<ul class=\"wp-block-list\">\n<li>A trav\u00e9s de la web:\u00a0\u00a0<a href=\"https:\/\/agenciacolocacion.aldaia.es\/contenido\/informacion-del-servicio-2\" target=\"_blank\" rel=\"noreferrer noopener\">Formulario web para ofertas de empleo<\/a><\/li>\n\n\n\n<li>A trav\u00e9s de email: <a href=\"https:\/\/aldaia.es\/wp-content\/uploads\/2023\/06\/Formulario-oferta-de-empleo.pdf\" target=\"_blank\" rel=\"noreferrer noopener\">Formulario de oferta de empleo<\/a><\/li>\n<\/ul>\n<\/li>\n\n\n\n<li>Si lo prefiere, puede imprimirlo y una vez completado el formulario, firmado y sellado, con la descripci\u00f3n del puesto demandado, debe remitirlo a la Agencia de Colocaci\u00f3n: C\/ Ricardo Fuster y Fuster, s\/n de Aldaia (enfrente piscina municipal) o a trav\u00e9s del email: <a href=\"mailto:adl@ajuntamentaldaia.org\">adl@ajuntamentaldaia.org<\/a><\/li>\n<\/ul>\n\n\n\n<h4 class=\"wp-block-heading\">Compromisos:<\/h4>\n\n\n\n<ul class=\"wp-block-list\">\n<li>Remitirnos el formulario de \u201ccierre de oferta\u201d, a trav\u00e9s del email <a href=\"mailto:adl@ajuntamentaldaia.org\">adl@ajuntamentaldaia.org<\/a> , con los resultados obtenidos en el proceso de selecci\u00f3n de nuestras candidaturas.<\/li>\n<\/ul>\n<\/div>\n<\/div>\n\n\n\n<div style=\"height:35px\" aria-hidden=\"true\" class=\"wp-block-spacer\"><\/div>\n","protected":false},"excerpt":{"rendered":"<p>Agencia de Colocaci\u00f3n \u00bfQui\u00e9nes somos? Somos un servicio p\u00fablico y gratuito de intermediaci\u00f3n laboral y gesti\u00f3n del empleo , con n\u00famero de autorizaci\u00f3n 1.000.000.029. Estamos integrados en la Agencia de <a class=\"text-decoration-none text-black\" href=\"https:\/\/aldaia.es\/es\/adl-y-comercio\/agencia-de-colocacion\/\"> &#8230; <\/a><\/p>\n","protected":false},"author":2,"featured_media":0,"parent":6207,"menu_order":0,"comment_status":"closed","ping_status":"closed","template":"basic-page-departamentos.php","meta":{"_acf_changed":false,"footnotes":""},"class_list":["post-6274","page","type-page","status-publish","hentry"],"acf":[],"yoast_head":"<!-- This site is optimized with the Yoast SEO plugin v27.0 - https:\/\/yoast.com\/product\/yoast-seo-wordpress\/ -->\n<title>Agencia de Colocaci\u00f3n - Ayuntamiento de Aldaia<\/title>\n<meta name=\"description\" content=\"Servicio p\u00fablico y gratuito de intermediaci\u00f3n laboral y gesti\u00f3n del empleo. Estamos integrados en la ADL del Ayuntamiento de Aldaia\" \/>\n<meta name=\"robots\" content=\"index, follow, max-snippet:-1, max-image-preview:large, max-video-preview:-1\" \/>\n<link rel=\"canonical\" href=\"https:\/\/aldaia.es\/es\/adl-y-comercio\/agencia-de-colocacion\/\" \/>\n<meta property=\"og:locale\" content=\"es_ES\" \/>\n<meta property=\"og:type\" content=\"article\" \/>\n<meta property=\"og:title\" content=\"Agencia de Colocaci\u00f3n - Ayuntamiento de Aldaia\" \/>\n<meta property=\"og:description\" content=\"Servicio p\u00fablico y gratuito de intermediaci\u00f3n laboral y gesti\u00f3n del empleo. Estamos integrados en la ADL del Ayuntamiento de Aldaia\" \/>\n<meta property=\"og:url\" content=\"https:\/\/aldaia.es\/es\/adl-y-comercio\/agencia-de-colocacion\/\" \/>\n<meta property=\"og:site_name\" content=\"Ayuntamiento de Aldaia\" \/>\n<meta property=\"article:modified_time\" content=\"2024-09-03T14:49:41+00:00\" \/>\n<script type=\"application\/ld+json\" class=\"yoast-schema-graph\">{\"@context\":\"https:\/\/schema.org\",\"@graph\":[{\"@type\":\"WebPage\",\"@id\":\"https:\/\/aldaia.es\/es\/adl-y-comercio\/agencia-de-colocacion\/\",\"url\":\"https:\/\/aldaia.es\/es\/adl-y-comercio\/agencia-de-colocacion\/\",\"name\":\"Agencia de Colocaci\u00f3n - Ayuntamiento de Aldaia\",\"isPartOf\":{\"@id\":\"https:\/\/aldaia.es\/es\/#website\"},\"datePublished\":\"2023-01-13T16:07:01+00:00\",\"dateModified\":\"2024-09-03T14:49:41+00:00\",\"description\":\"Servicio p\u00fablico y gratuito de intermediaci\u00f3n laboral y gesti\u00f3n del empleo. Estamos integrados en la ADL del Ayuntamiento de Aldaia\",\"breadcrumb\":{\"@id\":\"https:\/\/aldaia.es\/es\/adl-y-comercio\/agencia-de-colocacion\/#breadcrumb\"},\"inLanguage\":\"es\",\"potentialAction\":[{\"@type\":\"ReadAction\",\"target\":[\"https:\/\/aldaia.es\/es\/adl-y-comercio\/agencia-de-colocacion\/\"]}]},{\"@type\":\"BreadcrumbList\",\"@id\":\"https:\/\/aldaia.es\/es\/adl-y-comercio\/agencia-de-colocacion\/#breadcrumb\",\"itemListElement\":[{\"@type\":\"ListItem\",\"position\":1,\"name\":\"Portada\",\"item\":\"https:\/\/aldaia.es\/es\/\"},{\"@type\":\"ListItem\",\"position\":2,\"name\":\"Agencia de Colocaci\u00f3n\"}]},{\"@type\":\"WebSite\",\"@id\":\"https:\/\/aldaia.es\/es\/#website\",\"url\":\"https:\/\/aldaia.es\/es\/\",\"name\":\"Ajuntament D'Aldaia\",\"description\":\"\",\"publisher\":{\"@id\":\"https:\/\/aldaia.es\/es\/#organization\"},\"alternateName\":\"Ajuntament D'Aldaia\",\"potentialAction\":[{\"@type\":\"SearchAction\",\"target\":{\"@type\":\"EntryPoint\",\"urlTemplate\":\"https:\/\/aldaia.es\/es\/?s={search_term_string}\"},\"query-input\":{\"@type\":\"PropertyValueSpecification\",\"valueRequired\":true,\"valueName\":\"search_term_string\"}}],\"inLanguage\":\"es\"},{\"@type\":\"Organization\",\"@id\":\"https:\/\/aldaia.es\/es\/#organization\",\"name\":\"Ajuntament D'Aldaia\",\"url\":\"https:\/\/aldaia.es\/es\/\",\"logo\":{\"@type\":\"ImageObject\",\"inLanguage\":\"es\",\"@id\":\"https:\/\/aldaia.es\/es\/#\/schema\/logo\/image\/\",\"url\":\"https:\/\/aldaia.es\/wp-content\/uploads\/2022\/06\/aldaia-negro-1.png\",\"contentUrl\":\"https:\/\/aldaia.es\/wp-content\/uploads\/2022\/06\/aldaia-negro-1.png\",\"width\":152,\"height\":70,\"caption\":\"Ajuntament D'Aldaia\"},\"image\":{\"@id\":\"https:\/\/aldaia.es\/es\/#\/schema\/logo\/image\/\"}}]}<\/script>\n<!-- \/ Yoast SEO plugin. -->","yoast_head_json":{"title":"Agencia de Colocaci\u00f3n - Ayuntamiento de Aldaia","description":"Servicio p\u00fablico y gratuito de intermediaci\u00f3n laboral y gesti\u00f3n del empleo. Estamos integrados en la ADL del Ayuntamiento de Aldaia","robots":{"index":"index","follow":"follow","max-snippet":"max-snippet:-1","max-image-preview":"max-image-preview:large","max-video-preview":"max-video-preview:-1"},"canonical":"https:\/\/aldaia.es\/es\/adl-y-comercio\/agencia-de-colocacion\/","og_locale":"es_ES","og_type":"article","og_title":"Agencia de Colocaci\u00f3n - Ayuntamiento de Aldaia","og_description":"Servicio p\u00fablico y gratuito de intermediaci\u00f3n laboral y gesti\u00f3n del empleo. Estamos integrados en la ADL del Ayuntamiento de Aldaia","og_url":"https:\/\/aldaia.es\/es\/adl-y-comercio\/agencia-de-colocacion\/","og_site_name":"Ayuntamiento de Aldaia","article_modified_time":"2024-09-03T14:49:41+00:00","schema":{"@context":"https:\/\/schema.org","@graph":[{"@type":"WebPage","@id":"https:\/\/aldaia.es\/es\/adl-y-comercio\/agencia-de-colocacion\/","url":"https:\/\/aldaia.es\/es\/adl-y-comercio\/agencia-de-colocacion\/","name":"Agencia de Colocaci\u00f3n - Ayuntamiento de Aldaia","isPartOf":{"@id":"https:\/\/aldaia.es\/es\/#website"},"datePublished":"2023-01-13T16:07:01+00:00","dateModified":"2024-09-03T14:49:41+00:00","description":"Servicio p\u00fablico y gratuito de intermediaci\u00f3n laboral y gesti\u00f3n del empleo. Estamos integrados en la ADL del Ayuntamiento de Aldaia","breadcrumb":{"@id":"https:\/\/aldaia.es\/es\/adl-y-comercio\/agencia-de-colocacion\/#breadcrumb"},"inLanguage":"es","potentialAction":[{"@type":"ReadAction","target":["https:\/\/aldaia.es\/es\/adl-y-comercio\/agencia-de-colocacion\/"]}]},{"@type":"BreadcrumbList","@id":"https:\/\/aldaia.es\/es\/adl-y-comercio\/agencia-de-colocacion\/#breadcrumb","itemListElement":[{"@type":"ListItem","position":1,"name":"Portada","item":"https:\/\/aldaia.es\/es\/"},{"@type":"ListItem","position":2,"name":"Agencia de Colocaci\u00f3n"}]},{"@type":"WebSite","@id":"https:\/\/aldaia.es\/es\/#website","url":"https:\/\/aldaia.es\/es\/","name":"Ajuntament D'Aldaia","description":"","publisher":{"@id":"https:\/\/aldaia.es\/es\/#organization"},"alternateName":"Ajuntament D'Aldaia","potentialAction":[{"@type":"SearchAction","target":{"@type":"EntryPoint","urlTemplate":"https:\/\/aldaia.es\/es\/?s={search_term_string}"},"query-input":{"@type":"PropertyValueSpecification","valueRequired":true,"valueName":"search_term_string"}}],"inLanguage":"es"},{"@type":"Organization","@id":"https:\/\/aldaia.es\/es\/#organization","name":"Ajuntament D'Aldaia","url":"https:\/\/aldaia.es\/es\/","logo":{"@type":"ImageObject","inLanguage":"es","@id":"https:\/\/aldaia.es\/es\/#\/schema\/logo\/image\/","url":"https:\/\/aldaia.es\/wp-content\/uploads\/2022\/06\/aldaia-negro-1.png","contentUrl":"https:\/\/aldaia.es\/wp-content\/uploads\/2022\/06\/aldaia-negro-1.png","width":152,"height":70,"caption":"Ajuntament D'Aldaia"},"image":{"@id":"https:\/\/aldaia.es\/es\/#\/schema\/logo\/image\/"}}]}},"_links":{"self":[{"href":"https:\/\/aldaia.es\/es\/wp-json\/wp\/v2\/pages\/6274","targetHints":{"allow":["GET"]}}],"collection":[{"href":"https:\/\/aldaia.es\/es\/wp-json\/wp\/v2\/pages"}],"about":[{"href":"https:\/\/aldaia.es\/es\/wp-json\/wp\/v2\/types\/page"}],"author":[{"embeddable":true,"href":"https:\/\/aldaia.es\/es\/wp-json\/wp\/v2\/users\/2"}],"replies":[{"embeddable":true,"href":"https:\/\/aldaia.es\/es\/wp-json\/wp\/v2\/comments?post=6274"}],"version-history":[{"count":6,"href":"https:\/\/aldaia.es\/es\/wp-json\/wp\/v2\/pages\/6274\/revisions"}],"predecessor-version":[{"id":30996,"href":"https:\/\/aldaia.es\/es\/wp-json\/wp\/v2\/pages\/6274\/revisions\/30996"}],"up":[{"embeddable":true,"href":"https:\/\/aldaia.es\/es\/wp-json\/wp\/v2\/pages\/6207"}],"wp:attachment":[{"href":"https:\/\/aldaia.es\/es\/wp-json\/wp\/v2\/media?parent=6274"}],"curies":[{"name":"wp","href":"https:\/\/api.w.org\/{rel}","templated":true}]}}