{"id":6275,"date":"2023-02-01T17:24:32","date_gmt":"2023-02-01T16:24:32","guid":{"rendered":"https:\/\/aldaia.eu\/agencia-tributaria\/fracciona-plan-de-pago-de-vencimiento-especial\/"},"modified":"2024-08-02T08:38:02","modified_gmt":"2024-08-02T06:38:02","slug":"fracciona-plan-de-pago-de-vencimiento-especial","status":"publish","type":"page","link":"https:\/\/aldaia.es\/es\/agencia-tributaria\/fracciona-plan-de-pago-de-vencimiento-especial\/","title":{"rendered":"\u00a1Fracciona! Plan de pago de vencimiento especial"},"content":{"rendered":"\n<div class=\"wp-block-columns dep-agencia-tributaria is-layout-flex wp-container-core-columns-is-layout-9d6595d7 wp-block-columns-is-layout-flex\">\n<div class=\"wp-block-column is-layout-flow wp-block-column-is-layout-flow\" style=\"flex-basis:30%\"><!--  Info deportes -->\n\n \n\n<div class='bloque-infos-seguridad wrapper-departamentos'>\n<p class=\"tit-bloque-infos\">Localizaci\u00f3n y contactos <\/p>\n        <div class='infos-departamento'>\n            <p>Ayuntamiento de Aldaia. Plaza Constituci\u00f3n 10. Oficina ubicada temporalmente en el salon de plenos.<\/p>\n            <p><i class=\"fa fa-phone\" aria-hidden=\"true\"><\/i> <a href=\"tel:+34961501500\">+34 961 501 500<\/a><\/p>\n            <p><i class=\"fa fa-phone\" aria-hidden=\"true\"><\/i> <a href=\"tel:+34960455082\">+34 960 455 082<\/a><\/p>\n           \n            <p><strong>Horario:<\/strong><\/p>\n            <p>Lunes, martes, mi\u00e9rcoles y viernes: de 9h a 14h. Jueves: de 9h a 14h y de 16:30h a 18h<\/p>\n            <p><i class=\"fas fa-envelope\"><\/i> <a href=\"mailto:agenciatributaria@ajuntamentaldaia.org\">agenciatributaria@ajuntamentaldaia.org<\/a><\/p>\n            \n            \n        <\/div>\n\n        <div class='mapa-1'>\n            <iframe src=\"https:\/\/www.google.com\/maps\/embed?pb=!1m13!1m8!1m3!1d1500.715008194719!2d-0.4611377692555841!3d39.45873765794469!3m2!1i1024!2i768!4f13.1!3m2!1m1!2zMznCsDI3JzMxLjMiTiAwwrAyNyc0MC40Ilc!5e0!3m2!1ses!2sus!4v1722515828938!5m2!1ses!2sus\" width=\"100%\" height=\"300\" style=\"border:0;\" allowfullscreen=\"\" loading=\"lazy\" referrerpolicy=\"no-referrer-when-downgrade\"><\/iframe>\n        <\/div>\n<\/div>\n<!-- end bloque infos -->\n   \n\n\n\n<\/div>\n\n\n\n<div class=\"wp-block-column is-layout-flow wp-block-column-is-layout-flow\" style=\"flex-basis:70%\">\n<h1 class=\"wp-block-heading\">\u00a1Fracciona! Plan de pago de vencimiento especial<\/h1>\n\n\n\n<p>El Ayuntamiento de Aldaia, desde hace m\u00e1s de 10 a\u00f1os, pone a disposici\u00f3n de sus ciudadanos la posibilidad de pagar todos sus recibos de vencimiento peri\u00f3dico y notificaci\u00f3n colectiva, en 10 mensualidades sin intereses.<\/p>\n\n\n\n<p>Dentro del sistema de pago de Vencimiento especial (FRACCIONA) se incluyen los siguientes impuestos y tasas:<\/p>\n\n\n\n<ul class=\"wp-block-list\">\n<li>Impuesto sobre veh\u00edculos de Tracci\u00f3n mec\u00e1nica<\/li>\n\n\n\n<li>Tasa autorizaci\u00f3n entrada veh\u00edculos a trav\u00e9s de las aceras<\/li>\n\n\n\n<li>Impuesto sobre Bienes Inmuebles de Naturaleza Urbana<\/li>\n\n\n\n<li>Impuesto sobre Bienes Inmuebles de Naturaleza R\u00fastica<\/li>\n\n\n\n<li>Impuesto sobre Actividades Econ\u00f3micas.<\/li>\n<\/ul>\n\n\n\n<p>El plazo de alta estar\u00e1 abierto todo el a\u00f1o pero ser\u00e1 de aplicaci\u00f3n al ejercicio fiscal en vigor siempre que no se hayan emitido los correspondientes padrones fiscales.<\/p>\n\n\n\n<p>Las condiciones para poder acogerse son, b\u00e1sicamente las siguientes:<\/p>\n\n\n\n<ul class=\"wp-block-list\">\n<li>Estar al corriente de pago de deudas anteriores con el Ayuntamiento<\/li>\n\n\n\n<li>El contribuyente deber\u00e1 aceptar la inclusi\u00f3n de todos cuyos impuestos\/tasas sea sujeto pasivo.<\/li>\n\n\n\n<li>Aportar Certificado Bancario de titularidad bancaria que deber\u00e1 coincidir con el sujeto pasivo de la deuda.<\/li>\n<\/ul>\n\n\n\n<p>Para ampliar la informaci\u00f3n y darse de alta en el sistema altas deber\u00e1 dirigirse a las oficinas de la Agencia Tributaria Municipal.<\/p>\n\n\n\n<div class=\"wp-block-columns is-layout-flex wp-container-core-columns-is-layout-9d6595d7 wp-block-columns-is-layout-flex\">\n<div class=\"wp-block-column lista_adjuntos is-layout-flow wp-block-column-is-layout-flow\">\n<h2 class=\"wp-block-heading\">Enlaces<\/h2>\n\n\n\n<p><i class=\"fas fa-link\"><\/i> <a href=\"https:\/\/aldaia.es\/agencia-tributaria\/glossari-de-termes-tributaris\/\">Glosario de t\u00e9rminos tributarios<\/a><\/p>\n<\/div>\n<\/div>\n<\/div>\n<\/div>\n","protected":false},"excerpt":{"rendered":"<p>\u00a1Fracciona! Plan de pago de vencimiento especial El Ayuntamiento de Aldaia, desde hace m\u00e1s de 10 a\u00f1os, pone a disposici\u00f3n de sus ciudadanos la posibilidad de pagar todos sus recibos <a class=\"text-decoration-none text-black\" href=\"https:\/\/aldaia.es\/es\/agencia-tributaria\/fracciona-plan-de-pago-de-vencimiento-especial\/\"> &#8230; <\/a><\/p>\n","protected":false},"author":1,"featured_media":0,"parent":6244,"menu_order":0,"comment_status":"closed","ping_status":"closed","template":"basic-page-departamentos.php","meta":{"_acf_changed":false,"footnotes":""},"class_list":["post-6275","page","type-page","status-publish","hentry"],"acf":[],"yoast_head":"<!-- This site is optimized with the Yoast SEO plugin v27.0 - https:\/\/yoast.com\/product\/yoast-seo-wordpress\/ -->\n<title>\u00a1Fracciona! Plan de pago de vencimiento especial - Ayuntamiento de Aldaia<\/title>\n<meta name=\"robots\" content=\"index, follow, max-snippet:-1, max-image-preview:large, max-video-preview:-1\" \/>\n<link rel=\"canonical\" href=\"https:\/\/aldaia.es\/es\/agencia-tributaria\/fracciona-plan-de-pago-de-vencimiento-especial\/\" \/>\n<meta property=\"og:locale\" content=\"es_ES\" \/>\n<meta property=\"og:type\" content=\"article\" \/>\n<meta property=\"og:title\" content=\"\u00a1Fracciona! Plan de pago de vencimiento especial - Ayuntamiento de Aldaia\" \/>\n<meta property=\"og:description\" content=\"\u00a1Fracciona! Plan de pago de vencimiento especial El Ayuntamiento de Aldaia, desde hace m\u00e1s de 10 a\u00f1os, pone a disposici\u00f3n de sus ciudadanos la posibilidad de pagar todos sus recibos ...\" \/>\n<meta property=\"og:url\" content=\"https:\/\/aldaia.es\/es\/agencia-tributaria\/fracciona-plan-de-pago-de-vencimiento-especial\/\" \/>\n<meta property=\"og:site_name\" content=\"Ayuntamiento de Aldaia\" \/>\n<meta property=\"article:modified_time\" content=\"2024-08-02T06:38:02+00:00\" \/>\n<script type=\"application\/ld+json\" class=\"yoast-schema-graph\">{\"@context\":\"https:\/\/schema.org\",\"@graph\":[{\"@type\":\"WebPage\",\"@id\":\"https:\/\/aldaia.es\/es\/agencia-tributaria\/fracciona-plan-de-pago-de-vencimiento-especial\/\",\"url\":\"https:\/\/aldaia.es\/es\/agencia-tributaria\/fracciona-plan-de-pago-de-vencimiento-especial\/\",\"name\":\"\u00a1Fracciona! Plan de pago de vencimiento especial - Ayuntamiento de Aldaia\",\"isPartOf\":{\"@id\":\"https:\/\/aldaia.es\/es\/#website\"},\"datePublished\":\"2023-02-01T16:24:32+00:00\",\"dateModified\":\"2024-08-02T06:38:02+00:00\",\"breadcrumb\":{\"@id\":\"https:\/\/aldaia.es\/es\/agencia-tributaria\/fracciona-plan-de-pago-de-vencimiento-especial\/#breadcrumb\"},\"inLanguage\":\"es\",\"potentialAction\":[{\"@type\":\"ReadAction\",\"target\":[\"https:\/\/aldaia.es\/es\/agencia-tributaria\/fracciona-plan-de-pago-de-vencimiento-especial\/\"]}]},{\"@type\":\"BreadcrumbList\",\"@id\":\"https:\/\/aldaia.es\/es\/agencia-tributaria\/fracciona-plan-de-pago-de-vencimiento-especial\/#breadcrumb\",\"itemListElement\":[{\"@type\":\"ListItem\",\"position\":1,\"name\":\"Portada\",\"item\":\"https:\/\/aldaia.es\/es\/\"},{\"@type\":\"ListItem\",\"position\":2,\"name\":\"Agencia Tributaria\",\"item\":\"https:\/\/aldaia.es\/es\/agencia-tributaria\/\"},{\"@type\":\"ListItem\",\"position\":3,\"name\":\"\u00a1Fracciona! Plan de pago de vencimiento especial\"}]},{\"@type\":\"WebSite\",\"@id\":\"https:\/\/aldaia.es\/es\/#website\",\"url\":\"https:\/\/aldaia.es\/es\/\",\"name\":\"Ajuntament D'Aldaia\",\"description\":\"\",\"publisher\":{\"@id\":\"https:\/\/aldaia.es\/es\/#organization\"},\"alternateName\":\"Ajuntament D'Aldaia\",\"potentialAction\":[{\"@type\":\"SearchAction\",\"target\":{\"@type\":\"EntryPoint\",\"urlTemplate\":\"https:\/\/aldaia.es\/es\/?s={search_term_string}\"},\"query-input\":{\"@type\":\"PropertyValueSpecification\",\"valueRequired\":true,\"valueName\":\"search_term_string\"}}],\"inLanguage\":\"es\"},{\"@type\":\"Organization\",\"@id\":\"https:\/\/aldaia.es\/es\/#organization\",\"name\":\"Ajuntament D'Aldaia\",\"url\":\"https:\/\/aldaia.es\/es\/\",\"logo\":{\"@type\":\"ImageObject\",\"inLanguage\":\"es\",\"@id\":\"https:\/\/aldaia.es\/es\/#\/schema\/logo\/image\/\",\"url\":\"https:\/\/aldaia.es\/wp-content\/uploads\/2022\/06\/aldaia-negro-1.png\",\"contentUrl\":\"https:\/\/aldaia.es\/wp-content\/uploads\/2022\/06\/aldaia-negro-1.png\",\"width\":152,\"height\":70,\"caption\":\"Ajuntament D'Aldaia\"},\"image\":{\"@id\":\"https:\/\/aldaia.es\/es\/#\/schema\/logo\/image\/\"}}]}<\/script>\n<!-- \/ Yoast SEO plugin. -->","yoast_head_json":{"title":"\u00a1Fracciona! Plan de pago de vencimiento especial - Ayuntamiento de Aldaia","robots":{"index":"index","follow":"follow","max-snippet":"max-snippet:-1","max-image-preview":"max-image-preview:large","max-video-preview":"max-video-preview:-1"},"canonical":"https:\/\/aldaia.es\/es\/agencia-tributaria\/fracciona-plan-de-pago-de-vencimiento-especial\/","og_locale":"es_ES","og_type":"article","og_title":"\u00a1Fracciona! Plan de pago de vencimiento especial - Ayuntamiento de Aldaia","og_description":"\u00a1Fracciona! Plan de pago de vencimiento especial El Ayuntamiento de Aldaia, desde hace m\u00e1s de 10 a\u00f1os, pone a disposici\u00f3n de sus ciudadanos la posibilidad de pagar todos sus recibos ...","og_url":"https:\/\/aldaia.es\/es\/agencia-tributaria\/fracciona-plan-de-pago-de-vencimiento-especial\/","og_site_name":"Ayuntamiento de Aldaia","article_modified_time":"2024-08-02T06:38:02+00:00","schema":{"@context":"https:\/\/schema.org","@graph":[{"@type":"WebPage","@id":"https:\/\/aldaia.es\/es\/agencia-tributaria\/fracciona-plan-de-pago-de-vencimiento-especial\/","url":"https:\/\/aldaia.es\/es\/agencia-tributaria\/fracciona-plan-de-pago-de-vencimiento-especial\/","name":"\u00a1Fracciona! Plan de pago de vencimiento especial - Ayuntamiento de Aldaia","isPartOf":{"@id":"https:\/\/aldaia.es\/es\/#website"},"datePublished":"2023-02-01T16:24:32+00:00","dateModified":"2024-08-02T06:38:02+00:00","breadcrumb":{"@id":"https:\/\/aldaia.es\/es\/agencia-tributaria\/fracciona-plan-de-pago-de-vencimiento-especial\/#breadcrumb"},"inLanguage":"es","potentialAction":[{"@type":"ReadAction","target":["https:\/\/aldaia.es\/es\/agencia-tributaria\/fracciona-plan-de-pago-de-vencimiento-especial\/"]}]},{"@type":"BreadcrumbList","@id":"https:\/\/aldaia.es\/es\/agencia-tributaria\/fracciona-plan-de-pago-de-vencimiento-especial\/#breadcrumb","itemListElement":[{"@type":"ListItem","position":1,"name":"Portada","item":"https:\/\/aldaia.es\/es\/"},{"@type":"ListItem","position":2,"name":"Agencia Tributaria","item":"https:\/\/aldaia.es\/es\/agencia-tributaria\/"},{"@type":"ListItem","position":3,"name":"\u00a1Fracciona! Plan de pago de vencimiento especial"}]},{"@type":"WebSite","@id":"https:\/\/aldaia.es\/es\/#website","url":"https:\/\/aldaia.es\/es\/","name":"Ajuntament D'Aldaia","description":"","publisher":{"@id":"https:\/\/aldaia.es\/es\/#organization"},"alternateName":"Ajuntament D'Aldaia","potentialAction":[{"@type":"SearchAction","target":{"@type":"EntryPoint","urlTemplate":"https:\/\/aldaia.es\/es\/?s={search_term_string}"},"query-input":{"@type":"PropertyValueSpecification","valueRequired":true,"valueName":"search_term_string"}}],"inLanguage":"es"},{"@type":"Organization","@id":"https:\/\/aldaia.es\/es\/#organization","name":"Ajuntament D'Aldaia","url":"https:\/\/aldaia.es\/es\/","logo":{"@type":"ImageObject","inLanguage":"es","@id":"https:\/\/aldaia.es\/es\/#\/schema\/logo\/image\/","url":"https:\/\/aldaia.es\/wp-content\/uploads\/2022\/06\/aldaia-negro-1.png","contentUrl":"https:\/\/aldaia.es\/wp-content\/uploads\/2022\/06\/aldaia-negro-1.png","width":152,"height":70,"caption":"Ajuntament D'Aldaia"},"image":{"@id":"https:\/\/aldaia.es\/es\/#\/schema\/logo\/image\/"}}]}},"_links":{"self":[{"href":"https:\/\/aldaia.es\/es\/wp-json\/wp\/v2\/pages\/6275","targetHints":{"allow":["GET"]}}],"collection":[{"href":"https:\/\/aldaia.es\/es\/wp-json\/wp\/v2\/pages"}],"about":[{"href":"https:\/\/aldaia.es\/es\/wp-json\/wp\/v2\/types\/page"}],"author":[{"embeddable":true,"href":"https:\/\/aldaia.es\/es\/wp-json\/wp\/v2\/users\/1"}],"replies":[{"embeddable":true,"href":"https:\/\/aldaia.es\/es\/wp-json\/wp\/v2\/comments?post=6275"}],"version-history":[{"count":3,"href":"https:\/\/aldaia.es\/es\/wp-json\/wp\/v2\/pages\/6275\/revisions"}],"predecessor-version":[{"id":30807,"href":"https:\/\/aldaia.es\/es\/wp-json\/wp\/v2\/pages\/6275\/revisions\/30807"}],"up":[{"embeddable":true,"href":"https:\/\/aldaia.es\/es\/wp-json\/wp\/v2\/pages\/6244"}],"wp:attachment":[{"href":"https:\/\/aldaia.es\/es\/wp-json\/wp\/v2\/media?parent=6275"}],"curies":[{"name":"wp","href":"https:\/\/api.w.org\/{rel}","templated":true}]}}