{"id":6302,"date":"2023-01-23T16:23:52","date_gmt":"2023-01-23T15:23:52","guid":{"rendered":"https:\/\/aldaia.eu\/atencion-a-las-personas\/igualdad\/violencia-de-genero\/"},"modified":"2025-10-01T11:32:34","modified_gmt":"2025-10-01T09:32:34","slug":"violencia-de-genero","status":"publish","type":"page","link":"https:\/\/aldaia.es\/es\/servicios-sociales-e-igualdad\/servicios-sociales\/violencia-de-genero\/","title":{"rendered":"Violencia de g\u00e9nero"},"content":{"rendered":"\n<div class=\"wp-block-columns dep-servicios is-layout-flex wp-container-core-columns-is-layout-9d6595d7 wp-block-columns-is-layout-flex\">\n<div class=\"wp-block-column is-layout-flow wp-block-column-is-layout-flow\" style=\"flex-basis:30%\"><!--  Info Servicios sociales -->\n\n \n    <div class='wrapper-departamentos bloque-infos-servicios-sociales'>\n        <p class=\"tit-bloque-infos\">Centro Coladors<\/p>\n        <div class='infos-departamento'>          \n            <p>Calle Coladors, 16<br>46960 Aldaia Valencia<\/p>\n            <p><i class=\"fa fa-phone\" aria-hidden=\"true\"><\/i> 961 988 811<\/p>\n            <p><i class=\"fa fa-phone\" aria-hidden=\"true\"><\/i> <a href=\"tel:+34961988811\">+34 961 988 811<\/a><\/p>\n            <p><i class=\"fas fa-envelope\"><\/i> <a href=\"mailto:serveissocials@ajuntamentaldaia.org \">serveissocials@ajuntamentaldaia.org <\/a><\/p>    \n            <p><strong>Horario:<\/strong><\/p>\n            <p>Lunes a viernes: de 9 a 14 horas. Lujes y jueves: de 16 a 18 horas.<\/p>      \n        <\/div>\n\n        <div class='mapa-1'>\n        <iframe src='https:\/\/www.google.com\/maps\/embed?pb=!1m18!1m12!1m3!1d6160.662930491161!2d-0.46871588132768194!3d39.46183988596237!2m3!1f0!2f0!3f0!3m2!1i1024!2i768!4f13.1!3m3!1m2!1s0xd6051dedd0ce773%3A0xd627ceb0166ca3d2!2sCentre%20Serveis%20Socials%20Coladors%20Aldaia!5e0!3m2!1ses!2sus!4v1716371829108!5m2!1ses!2sus' width='100%' height='300' style='border:0;' allowfullscreen='' loading='lazy' referrerpolicy='no-referrer-when-downgrade'><\/iframe>\n        <\/div>\n\n    <\/div>\n   <!-- end bloque infos -->\n\n    \n\n\n<\/div>\n\n\n\n<div class=\"wp-block-column is-layout-flow wp-block-column-is-layout-flow\" style=\"flex-basis:70%\">\n<h1 class=\"wp-block-heading\">Violencia de g\u00e9nero<\/h1>\n\n\n\n<h2 class=\"wp-block-heading\"><strong>Gu\u00eda sobre Violencia de G\u00e9nero en Lectura F\u00e1cil<\/strong><\/h2>\n\n\n\n<p>Est\u00e1 gu\u00eda, dirigida principalmente a aquellas mujeres que presentan una discapacidad intelectual o del desarrollo pero tambi\u00e9n a otras que, por distintas razones, puedan presentar dificultades de comprensi\u00f3n: mayores con deterioro cognitivo, migrantes que no dominan el idioma, mujeres con dificultades para leer y escribir, etc.<\/p>\n\n\n\n<p>La gu\u00eda ha sido redactada y dise\u00f1ada por personal especializado en igualdad de g\u00e9nero y discapacidad siguiendo las normas UNE sobre lectura f\u00e1cil. \u00c9sta es una metodolog\u00eda de elaboraci\u00f3n de documentos que facilita la lectura a las personas que presentan dificultades lectoras transitorias (migrantes, incorporaci\u00f3n tard\u00eda a la lectura, escolarizaci\u00f3n deficiente\u2026) o permanentes (trastornos del aprendizaje, diversidad funcional, senilidad. ..).<\/p>\n\n\n\n<p>Asimismo, ha sido validada por el equipo de personas con dificultades de comprensi\u00f3n de plena inclusi\u00f3n Comunidad Valenciana.<\/p>\n\n\n\n<p>Ayer visitamos las instalaciones de ACYPSA para presentar la gu\u00eda. Al acto asistieron la concejala de Servicios Sociales y diputada de Educaci\u00f3n e Inclusi\u00f3n Social, Empar Folgado Ros; el alcalde, Guillermo Luj\u00e1n Valero; la concejala de Igualdad, Encarna Comes Iglesia , y el concejal de Personas con diversidad funcional, Jos\u00e9 Antonio Garc\u00eda S\u00e1nchez.<\/p>\n\n\n\n<p>La gu\u00eda tambi\u00e9n se entregar\u00e1 al resto de entidades que trabajan en el \u00e1mbito de la discapacidad en Aldaia, y se pondr\u00e1n ejemplares a disposici\u00f3n en el ayuntamiento y otros centros municipales.<\/p>\n\n\n\n<p>Esta publicaci\u00f3n se ha realizado con la <strong>financiaci\u00f3n de la Red de Municipios Protegidos contra la Violencia de G\u00e9nero de la Diputaci\u00f3n de Valencia.<\/strong><\/p>\n\n\n\n<div style=\"height:35px\" aria-hidden=\"true\" class=\"wp-block-spacer\"><\/div>\n<\/div>\n<\/div>\n\n\n\n<figure class=\"wp-block-image size-large\"><img decoding=\"async\" src=\"https:\/\/aldaia.es\/wp-content\/uploads\/2023\/01\/infografia_tacha_la_ciberviolencia_de_genero-724x1024.jpeg\" alt=\"\"\/><\/figure>\n\n\n\n<h2 class=\"wp-block-heading display-4\"><strong>V\u00eddeos<\/strong><\/h2>\n\n\n\n<div class=\"wp-block-columns is-layout-flex wp-container-core-columns-is-layout-9d6595d7 wp-block-columns-is-layout-flex\">\n<div class=\"wp-block-column is-layout-flow wp-block-column-is-layout-flow\">\n<figure class=\"wp-block-embed is-type-video is-provider-youtube wp-block-embed-youtube wp-embed-aspect-16-9 wp-has-aspect-ratio\"><div class=\"wp-block-embed__wrapper\">\n<iframe loading=\"lazy\" title=\"Gu\u00eda para v\u00edctimas de violencia de g\u00e9nero durante la pandemia del coronavirus.\" width=\"640\" height=\"360\" src=\"https:\/\/www.youtube.com\/embed\/sYE91lmo1_M?feature=oembed\" frameborder=\"0\" allow=\"accelerometer; autoplay; clipboard-write; encrypted-media; gyroscope; picture-in-picture; web-share\" referrerpolicy=\"strict-origin-when-cross-origin\" allowfullscreen><\/iframe>\n<\/div><\/figure>\n<\/div>\n<\/div>\n\n\n\n<div class=\"wp-block-columns is-layout-flex wp-container-core-columns-is-layout-9d6595d7 wp-block-columns-is-layout-flex\">\n<div class=\"wp-block-column is-layout-flow wp-block-column-is-layout-flow\">\n<figure class=\"wp-block-video\"><video controls src=\"https:\/\/aldaia.es\/wp-content\/uploads\/2023\/01\/plan_de_trata_59_.mp4\"><\/video><\/figure>\n<\/div>\n<\/div>\n\n\n\n<div class=\"wp-block-columns is-layout-flex wp-container-core-columns-is-layout-9d6595d7 wp-block-columns-is-layout-flex\">\n<div class=\"wp-block-column lista_adjuntos is-layout-flow wp-block-column-is-layout-flow\">\n<h2 class=\"wp-block-heading display-4\">Enlaces<\/h2>\n\n\n\n<p><i class=\"fas fa-link\"><\/i> <a href=\"https:\/\/www.gva.es\/es\/inicio\/procedimientos?id_proc=13820&amp;version=red\" target=\"_blank\" rel=\"noreferrer noopener\">Plans d\u2019igualtat<\/a><\/p>\n\n\n\n<h2 class=\"wp-block-heading display-4\">Adjuntos<\/h2>\n\n\n\n<p><i class=\"fas fa-file-pdf\"><\/i> <a href=\"https:\/\/aldaia.es\/wp-content\/uploads\/2023\/01\/guia_derechos_victimas_violencia_genero_2022.pdf\">Gu\u00eda derechos v\u00edctimas violencia g\u00e9nero (actualizado mayo 2022)<\/a><\/p>\n\n\n\n<p><i class=\"fas fa-file-pdf\"><\/i> <a href=\"https:\/\/aldaia.es\/wp-content\/uploads\/2023\/01\/ple_guiaviolenciagenerolf_definitiva.pdf\">Gu\u00eda sobre Violencia de G\u00e9nero en Lectura F\u00e1cil<\/a><\/p>\n\n\n\n<p><i class=\"fas fa-file-pdf\"><\/i> <a href=\"https:\/\/aldaia.es\/wp-content\/uploads\/2023\/01\/guia_denuncia_violencia_discapacidad.pdf\">Gu\u00eda de ayuda para mujeres con discapacidad que quieran denunciar violencia de g\u00e9nero<\/a><\/p>\n\n\n\n<p><i class=\"fas fa-file-pdf\"><\/i> <a href=\"https:\/\/aldaia.es\/wp-content\/uploads\/2023\/01\/orientaciones_practicas_como_denunciar_violencia_de_genero_discpacidad.pdf\">Orientaciones pr\u00e1cticas mujeres con discapacidad para denunciar violencia de g\u00e9nero<\/a><\/p>\n\n\n\n<div style=\"height:100px\" aria-hidden=\"true\" class=\"wp-block-spacer\"><\/div>\n<\/div>\n<\/div>\n\n\n\n<div class=\"wp-block-columns is-layout-flex wp-container-core-columns-is-layout-9d6595d7 wp-block-columns-is-layout-flex\">\n<div class=\"wp-block-column p-3 has-background is-layout-flow wp-block-column-is-layout-flow\" style=\"background:linear-gradient(135deg,rgb(190,230,218) 0%,rgb(248,245,230) 44%,rgb(189,247,218) 100%)\">\n<p>SI EST\u00c1S EN UNA SITUACI\u00d3N DE EMERGENCIA<\/p>\n\n\n\n<ul class=\"wp-block-list\">\n<li><strong>112 Emergencias<\/strong><\/li>\n\n\n\n<li><strong>091 Policia Nacional<\/strong><\/li>\n\n\n\n<li><strong>062 Guardia Civil<\/strong><\/li>\n\n\n\n<li><strong>Descarga la APP ALERTCOPS<\/strong>. Permite enviar una se\u00f1al de alerta a la polic\u00eda con tu geolocalizaci\u00f3n.<\/li>\n\n\n\n<li>Contactar con el centro de <strong>Atenci\u00f3n Integral a V\u00edctimas de Agresiones Sexuales<\/strong> (Comunidad Valenciana): <strong>900 22 00 22<\/strong><\/li>\n\n\n\n<li><strong>Centros Mujer 24 horas<\/strong> (Comunidad Valenciana): <strong>900 580 888 <\/strong><\/li>\n\n\n\n<li><strong>Tel\u00e9fono 016<\/strong> (No deja rastro en la factura pero s\u00ed en el registro de llamadas, que deber\u00e1s eliminar)<\/li>\n\n\n\n<li>Whatsapp: <strong>600 000 016<\/strong><\/li>\n\n\n\n<li><strong>Atenci\u00f3n a personas con discapacidad auditiva<\/strong>: Tel\u00e9fono de texto (DTS) a trav\u00e9s del <strong>900 116 016<\/strong><\/li>\n\n\n\n<li><a href=\"https:\/\/www.svisual.org\" target=\"_blank\" rel=\"noreferrer noopener\"><strong>www.svisual.org<\/strong><\/a><\/li>\n\n\n\n<li><a href=\"https:\/\/www.telesord.es\" target=\"_blank\" rel=\"noreferrer noopener\"><strong>www.telesord.es<\/strong><\/a><\/li>\n\n\n\n<li><strong><a href=\"https:\/\/violenciagenero.igualdad.gob.es\/informacion-3\/puntovioleta\/\" target=\"_blank\" rel=\"noreferrer noopener\">Gu\u00eda como actuar en caso de que seas v\u00edctima de una agressi\u00f3n o que la presencies<\/a><\/strong><\/li>\n<\/ul>\n<\/div>\n<\/div>\n","protected":false},"excerpt":{"rendered":"<p>Violencia de g\u00e9nero Gu\u00eda sobre Violencia de G\u00e9nero en Lectura F\u00e1cil Est\u00e1 gu\u00eda, dirigida principalmente a aquellas mujeres que presentan una discapacidad intelectual o del desarrollo pero tambi\u00e9n a otras <a class=\"text-decoration-none text-black\" href=\"https:\/\/aldaia.es\/es\/servicios-sociales-e-igualdad\/servicios-sociales\/violencia-de-genero\/\"> &#8230; <\/a><\/p>\n","protected":false},"author":16,"featured_media":0,"parent":27901,"menu_order":0,"comment_status":"closed","ping_status":"closed","template":"basic-page-departamentos.php","meta":{"_acf_changed":false,"footnotes":""},"class_list":["post-6302","page","type-page","status-publish","hentry"],"acf":[],"yoast_head":"<!-- This site is optimized with the Yoast SEO plugin v27.0 - https:\/\/yoast.com\/product\/yoast-seo-wordpress\/ -->\n<title>Violencia de g\u00e9nero - Ayuntamiento de Aldaia<\/title>\n<meta name=\"robots\" content=\"index, follow, max-snippet:-1, max-image-preview:large, max-video-preview:-1\" \/>\n<link rel=\"canonical\" href=\"https:\/\/aldaia.es\/es\/servicios-sociales-e-igualdad\/servicios-sociales\/violencia-de-genero\/\" \/>\n<meta property=\"og:locale\" content=\"es_ES\" \/>\n<meta property=\"og:type\" content=\"article\" \/>\n<meta property=\"og:title\" content=\"Violencia de g\u00e9nero - Ayuntamiento de Aldaia\" \/>\n<meta property=\"og:description\" content=\"Violencia de g\u00e9nero Gu\u00eda sobre Violencia de G\u00e9nero en Lectura F\u00e1cil Est\u00e1 gu\u00eda, dirigida principalmente a aquellas mujeres que presentan una discapacidad intelectual o del desarrollo pero tambi\u00e9n a otras ...\" \/>\n<meta property=\"og:url\" content=\"https:\/\/aldaia.es\/es\/servicios-sociales-e-igualdad\/servicios-sociales\/violencia-de-genero\/\" \/>\n<meta property=\"og:site_name\" content=\"Ayuntamiento de Aldaia\" \/>\n<meta property=\"article:modified_time\" content=\"2025-10-01T09:32:34+00:00\" \/>\n<meta property=\"og:image\" content=\"https:\/\/aldaia.es\/wp-content\/uploads\/2023\/01\/infografia_tacha_la_ciberviolencia_de_genero-724x1024.jpeg\" \/>\n<script type=\"application\/ld+json\" class=\"yoast-schema-graph\">{\"@context\":\"https:\/\/schema.org\",\"@graph\":[{\"@type\":\"WebPage\",\"@id\":\"https:\/\/aldaia.es\/es\/servicios-sociales-e-igualdad\/servicios-sociales\/violencia-de-genero\/\",\"url\":\"https:\/\/aldaia.es\/es\/servicios-sociales-e-igualdad\/servicios-sociales\/violencia-de-genero\/\",\"name\":\"Violencia de g\u00e9nero - Ayuntamiento de Aldaia\",\"isPartOf\":{\"@id\":\"https:\/\/aldaia.es\/es\/#website\"},\"primaryImageOfPage\":{\"@id\":\"https:\/\/aldaia.es\/es\/servicios-sociales-e-igualdad\/servicios-sociales\/violencia-de-genero\/#primaryimage\"},\"image\":{\"@id\":\"https:\/\/aldaia.es\/es\/servicios-sociales-e-igualdad\/servicios-sociales\/violencia-de-genero\/#primaryimage\"},\"thumbnailUrl\":\"https:\/\/aldaia.es\/wp-content\/uploads\/2023\/01\/infografia_tacha_la_ciberviolencia_de_genero-724x1024.jpeg\",\"datePublished\":\"2023-01-23T15:23:52+00:00\",\"dateModified\":\"2025-10-01T09:32:34+00:00\",\"breadcrumb\":{\"@id\":\"https:\/\/aldaia.es\/es\/servicios-sociales-e-igualdad\/servicios-sociales\/violencia-de-genero\/#breadcrumb\"},\"inLanguage\":\"es\",\"potentialAction\":[{\"@type\":\"ReadAction\",\"target\":[\"https:\/\/aldaia.es\/es\/servicios-sociales-e-igualdad\/servicios-sociales\/violencia-de-genero\/\"]}]},{\"@type\":\"ImageObject\",\"inLanguage\":\"es\",\"@id\":\"https:\/\/aldaia.es\/es\/servicios-sociales-e-igualdad\/servicios-sociales\/violencia-de-genero\/#primaryimage\",\"url\":\"https:\/\/aldaia.es\/wp-content\/uploads\/2023\/01\/infografia_tacha_la_ciberviolencia_de_genero-724x1024.jpeg\",\"contentUrl\":\"https:\/\/aldaia.es\/wp-content\/uploads\/2023\/01\/infografia_tacha_la_ciberviolencia_de_genero-724x1024.jpeg\"},{\"@type\":\"BreadcrumbList\",\"@id\":\"https:\/\/aldaia.es\/es\/servicios-sociales-e-igualdad\/servicios-sociales\/violencia-de-genero\/#breadcrumb\",\"itemListElement\":[{\"@type\":\"ListItem\",\"position\":1,\"name\":\"Portada\",\"item\":\"https:\/\/aldaia.es\/es\/\"},{\"@type\":\"ListItem\",\"position\":2,\"name\":\"Violencia de g\u00e9nero\"}]},{\"@type\":\"WebSite\",\"@id\":\"https:\/\/aldaia.es\/es\/#website\",\"url\":\"https:\/\/aldaia.es\/es\/\",\"name\":\"Ajuntament D'Aldaia\",\"description\":\"\",\"publisher\":{\"@id\":\"https:\/\/aldaia.es\/es\/#organization\"},\"alternateName\":\"Ajuntament D'Aldaia\",\"potentialAction\":[{\"@type\":\"SearchAction\",\"target\":{\"@type\":\"EntryPoint\",\"urlTemplate\":\"https:\/\/aldaia.es\/es\/?s={search_term_string}\"},\"query-input\":{\"@type\":\"PropertyValueSpecification\",\"valueRequired\":true,\"valueName\":\"search_term_string\"}}],\"inLanguage\":\"es\"},{\"@type\":\"Organization\",\"@id\":\"https:\/\/aldaia.es\/es\/#organization\",\"name\":\"Ajuntament D'Aldaia\",\"url\":\"https:\/\/aldaia.es\/es\/\",\"logo\":{\"@type\":\"ImageObject\",\"inLanguage\":\"es\",\"@id\":\"https:\/\/aldaia.es\/es\/#\/schema\/logo\/image\/\",\"url\":\"https:\/\/aldaia.es\/wp-content\/uploads\/2022\/06\/aldaia-negro-1.png\",\"contentUrl\":\"https:\/\/aldaia.es\/wp-content\/uploads\/2022\/06\/aldaia-negro-1.png\",\"width\":152,\"height\":70,\"caption\":\"Ajuntament D'Aldaia\"},\"image\":{\"@id\":\"https:\/\/aldaia.es\/es\/#\/schema\/logo\/image\/\"}}]}<\/script>\n<!-- \/ Yoast SEO plugin. -->","yoast_head_json":{"title":"Violencia de g\u00e9nero - Ayuntamiento de Aldaia","robots":{"index":"index","follow":"follow","max-snippet":"max-snippet:-1","max-image-preview":"max-image-preview:large","max-video-preview":"max-video-preview:-1"},"canonical":"https:\/\/aldaia.es\/es\/servicios-sociales-e-igualdad\/servicios-sociales\/violencia-de-genero\/","og_locale":"es_ES","og_type":"article","og_title":"Violencia de g\u00e9nero - Ayuntamiento de Aldaia","og_description":"Violencia de g\u00e9nero Gu\u00eda sobre Violencia de G\u00e9nero en Lectura F\u00e1cil Est\u00e1 gu\u00eda, dirigida principalmente a aquellas mujeres que presentan una discapacidad intelectual o del desarrollo pero tambi\u00e9n a otras ...","og_url":"https:\/\/aldaia.es\/es\/servicios-sociales-e-igualdad\/servicios-sociales\/violencia-de-genero\/","og_site_name":"Ayuntamiento de Aldaia","article_modified_time":"2025-10-01T09:32:34+00:00","og_image":[{"url":"https:\/\/aldaia.es\/wp-content\/uploads\/2023\/01\/infografia_tacha_la_ciberviolencia_de_genero-724x1024.jpeg","type":"","width":"","height":""}],"schema":{"@context":"https:\/\/schema.org","@graph":[{"@type":"WebPage","@id":"https:\/\/aldaia.es\/es\/servicios-sociales-e-igualdad\/servicios-sociales\/violencia-de-genero\/","url":"https:\/\/aldaia.es\/es\/servicios-sociales-e-igualdad\/servicios-sociales\/violencia-de-genero\/","name":"Violencia de g\u00e9nero - Ayuntamiento de Aldaia","isPartOf":{"@id":"https:\/\/aldaia.es\/es\/#website"},"primaryImageOfPage":{"@id":"https:\/\/aldaia.es\/es\/servicios-sociales-e-igualdad\/servicios-sociales\/violencia-de-genero\/#primaryimage"},"image":{"@id":"https:\/\/aldaia.es\/es\/servicios-sociales-e-igualdad\/servicios-sociales\/violencia-de-genero\/#primaryimage"},"thumbnailUrl":"https:\/\/aldaia.es\/wp-content\/uploads\/2023\/01\/infografia_tacha_la_ciberviolencia_de_genero-724x1024.jpeg","datePublished":"2023-01-23T15:23:52+00:00","dateModified":"2025-10-01T09:32:34+00:00","breadcrumb":{"@id":"https:\/\/aldaia.es\/es\/servicios-sociales-e-igualdad\/servicios-sociales\/violencia-de-genero\/#breadcrumb"},"inLanguage":"es","potentialAction":[{"@type":"ReadAction","target":["https:\/\/aldaia.es\/es\/servicios-sociales-e-igualdad\/servicios-sociales\/violencia-de-genero\/"]}]},{"@type":"ImageObject","inLanguage":"es","@id":"https:\/\/aldaia.es\/es\/servicios-sociales-e-igualdad\/servicios-sociales\/violencia-de-genero\/#primaryimage","url":"https:\/\/aldaia.es\/wp-content\/uploads\/2023\/01\/infografia_tacha_la_ciberviolencia_de_genero-724x1024.jpeg","contentUrl":"https:\/\/aldaia.es\/wp-content\/uploads\/2023\/01\/infografia_tacha_la_ciberviolencia_de_genero-724x1024.jpeg"},{"@type":"BreadcrumbList","@id":"https:\/\/aldaia.es\/es\/servicios-sociales-e-igualdad\/servicios-sociales\/violencia-de-genero\/#breadcrumb","itemListElement":[{"@type":"ListItem","position":1,"name":"Portada","item":"https:\/\/aldaia.es\/es\/"},{"@type":"ListItem","position":2,"name":"Violencia de g\u00e9nero"}]},{"@type":"WebSite","@id":"https:\/\/aldaia.es\/es\/#website","url":"https:\/\/aldaia.es\/es\/","name":"Ajuntament D'Aldaia","description":"","publisher":{"@id":"https:\/\/aldaia.es\/es\/#organization"},"alternateName":"Ajuntament D'Aldaia","potentialAction":[{"@type":"SearchAction","target":{"@type":"EntryPoint","urlTemplate":"https:\/\/aldaia.es\/es\/?s={search_term_string}"},"query-input":{"@type":"PropertyValueSpecification","valueRequired":true,"valueName":"search_term_string"}}],"inLanguage":"es"},{"@type":"Organization","@id":"https:\/\/aldaia.es\/es\/#organization","name":"Ajuntament D'Aldaia","url":"https:\/\/aldaia.es\/es\/","logo":{"@type":"ImageObject","inLanguage":"es","@id":"https:\/\/aldaia.es\/es\/#\/schema\/logo\/image\/","url":"https:\/\/aldaia.es\/wp-content\/uploads\/2022\/06\/aldaia-negro-1.png","contentUrl":"https:\/\/aldaia.es\/wp-content\/uploads\/2022\/06\/aldaia-negro-1.png","width":152,"height":70,"caption":"Ajuntament D'Aldaia"},"image":{"@id":"https:\/\/aldaia.es\/es\/#\/schema\/logo\/image\/"}}]}},"_links":{"self":[{"href":"https:\/\/aldaia.es\/es\/wp-json\/wp\/v2\/pages\/6302","targetHints":{"allow":["GET"]}}],"collection":[{"href":"https:\/\/aldaia.es\/es\/wp-json\/wp\/v2\/pages"}],"about":[{"href":"https:\/\/aldaia.es\/es\/wp-json\/wp\/v2\/types\/page"}],"author":[{"embeddable":true,"href":"https:\/\/aldaia.es\/es\/wp-json\/wp\/v2\/users\/16"}],"replies":[{"embeddable":true,"href":"https:\/\/aldaia.es\/es\/wp-json\/wp\/v2\/comments?post=6302"}],"version-history":[{"count":7,"href":"https:\/\/aldaia.es\/es\/wp-json\/wp\/v2\/pages\/6302\/revisions"}],"predecessor-version":[{"id":39076,"href":"https:\/\/aldaia.es\/es\/wp-json\/wp\/v2\/pages\/6302\/revisions\/39076"}],"up":[{"embeddable":true,"href":"https:\/\/aldaia.es\/es\/wp-json\/wp\/v2\/pages\/27901"}],"wp:attachment":[{"href":"https:\/\/aldaia.es\/es\/wp-json\/wp\/v2\/media?parent=6302"}],"curies":[{"name":"wp","href":"https:\/\/api.w.org\/{rel}","templated":true}]}}