{"id":6317,"date":"2023-01-19T11:23:37","date_gmt":"2023-01-19T10:23:37","guid":{"rendered":"https:\/\/aldaia.eu\/atencion-a-las-personas\/servicios-sociales\/atencion-especifica-en-la-dependencia\/"},"modified":"2025-04-24T14:13:51","modified_gmt":"2025-04-24T12:13:51","slug":"atencion-especifica-en-la-dependencia","status":"publish","type":"page","link":"https:\/\/aldaia.es\/es\/servicios-sociales-e-igualdad\/servicios-sociales\/atencion-especifica-en-la-dependencia\/","title":{"rendered":"Atenci\u00f3n Espec\u00edfica en la Dependencia"},"content":{"rendered":"\n<div class=\"wp-block-columns dep-servicios is-layout-flex wp-container-core-columns-is-layout-9d6595d7 wp-block-columns-is-layout-flex\">\n<div class=\"wp-block-column is-layout-flow wp-block-column-is-layout-flow\" style=\"flex-basis:30%\"><!--  Info Servicios sociales -->\n\n \n    <div class='wrapper-departamentos bloque-infos-servicios-sociales'>\n        <p class=\"tit-bloque-infos\">Centro Coladors<\/p>\n        <div class='infos-departamento'>          \n            <p>Calle Coladors, 16<br>46960 Aldaia Valencia<\/p>\n            <p><i class=\"fa fa-phone\" aria-hidden=\"true\"><\/i> 961 988 811<\/p>\n            <p><i class=\"fa fa-phone\" aria-hidden=\"true\"><\/i> <a href=\"tel:+34961988811\">+34 961 988 811<\/a><\/p>\n            <p><i class=\"fas fa-envelope\"><\/i> <a href=\"mailto:serveissocials@ajuntamentaldaia.org \">serveissocials@ajuntamentaldaia.org <\/a><\/p>    \n            <p><strong>Horario:<\/strong><\/p>\n            <p>Lunes a viernes: de 9 a 14 horas. Lujes y jueves: de 16 a 18 horas.<\/p>      \n        <\/div>\n\n        <div class='mapa-1'>\n        <iframe src='https:\/\/www.google.com\/maps\/embed?pb=!1m18!1m12!1m3!1d6160.662930491161!2d-0.46871588132768194!3d39.46183988596237!2m3!1f0!2f0!3f0!3m2!1i1024!2i768!4f13.1!3m3!1m2!1s0xd6051dedd0ce773%3A0xd627ceb0166ca3d2!2sCentre%20Serveis%20Socials%20Coladors%20Aldaia!5e0!3m2!1ses!2sus!4v1716371829108!5m2!1ses!2sus' width='100%' height='300' style='border:0;' allowfullscreen='' loading='lazy' referrerpolicy='no-referrer-when-downgrade'><\/iframe>\n        <\/div>\n\n    <\/div>\n   <!-- end bloque infos -->\n\n    \n\n\n<\/div>\n\n\n\n<div class=\"wp-block-column is-layout-flow wp-block-column-is-layout-flow\" style=\"flex-basis:70%\">\n<h1 class=\"wp-block-heading\">Atenci\u00f3n Espec\u00edfica en la Dependencia<\/h1>\n\n\n\n<p>La Ley de la Dependencia, 39\/2006 de 14 de diciembre, de Promoci\u00f3n de la Autonom\u00eda personal y atenci\u00f3n a las personas en situaci\u00f3n de dependencia, reconoce el nuevo derecho a la promoci\u00f3n de la autonom\u00eda personal y la atenci\u00f3n a las personas con dependencias.<\/p>\n\n\n\n<p>Este derecho debe garantizar la atenci\u00f3n de las personas desde el momento en que, de forma estable, necesitan ayuda de otros para llevar a cabo buena parte de las actividades de la vida diaria, como comer, vestirse, cuidado personal, movilidad, etc.<\/p>\n\n\n\n<p>Seg\u00fan la necesidad de ayuda de la persona afectada para llevar a cabo diversas de las actividades b\u00e1sicas de la vida diaria, los grados de dependencia reconocidos por la Ley son:<\/p>\n\n\n\n<p><strong>Grado I o dependencia moderada:<\/strong> cuando la persona necesita ayuda al menos una vez al d\u00eda, o tiene necesidades de soporte intermitente o limitado para mantener su autonom\u00eda personal.<\/p>\n\n\n\n<p><strong>Grado II o dependencia severa:<\/strong> cuando la persona necesita ayuda dos o tres veces al d\u00eda, pero no requiere la presencia permanente de un cuidador o tiene necesidades de soporte extenso para mantener su autonom\u00eda personal.<\/p>\n\n\n\n<p><strong>Grado III o gran dependencia:<\/strong> cuando la persona necesita ayuda varias veces al d\u00eda, y por su total p\u00e9rdida de autonom\u00eda mental o f\u00edsica, necesita la presencia indispensable y continuada de otra persona.<\/p>\n\n\n\n<h2 class=\"wp-block-heading\"><strong>Titulares del derecho:<\/strong><\/h2>\n\n\n\n<p>Ser espa\u00f1ol \u2013 Cualquier edad \u2013 Encontrarse en situaci\u00f3n de dependencia en alguno de los grados establecidos por la Ley 39\/2006, de 14 de diciembre.<\/p>\n\n\n\n<p>Residir en territorio espa\u00f1ol y haberlo hecho durante cinco a\u00f1os, de los cuales dos tendr\u00e1n que ser inmediatamente anteriores a la fecha de presentaci\u00f3n de la solicitud.<\/p>\n<\/div>\n<\/div>\n","protected":false},"excerpt":{"rendered":"<p>Atenci\u00f3n Espec\u00edfica en la Dependencia La Ley de la Dependencia, 39\/2006 de 14 de diciembre, de Promoci\u00f3n de la Autonom\u00eda personal y atenci\u00f3n a las personas en situaci\u00f3n de dependencia, <a class=\"text-decoration-none text-black\" href=\"https:\/\/aldaia.es\/es\/servicios-sociales-e-igualdad\/servicios-sociales\/atencion-especifica-en-la-dependencia\/\"> &#8230; <\/a><\/p>\n","protected":false},"author":42,"featured_media":0,"parent":27901,"menu_order":0,"comment_status":"closed","ping_status":"closed","template":"basic-page-departamentos.php","meta":{"_acf_changed":false,"footnotes":""},"class_list":["post-6317","page","type-page","status-publish","hentry"],"acf":[],"yoast_head":"<!-- This site is optimized with the Yoast SEO plugin v27.0 - https:\/\/yoast.com\/product\/yoast-seo-wordpress\/ -->\n<title>Atenci\u00f3n Espec\u00edfica en la Dependencia - Ayuntamiento de Aldaia<\/title>\n<meta name=\"robots\" content=\"index, follow, max-snippet:-1, max-image-preview:large, max-video-preview:-1\" \/>\n<link rel=\"canonical\" href=\"https:\/\/aldaia.es\/es\/servicios-sociales-e-igualdad\/servicios-sociales\/atencion-especifica-en-la-dependencia\/\" \/>\n<meta property=\"og:locale\" content=\"es_ES\" \/>\n<meta property=\"og:type\" content=\"article\" \/>\n<meta property=\"og:title\" content=\"Atenci\u00f3n Espec\u00edfica en la Dependencia - Ayuntamiento de Aldaia\" \/>\n<meta property=\"og:description\" content=\"Atenci\u00f3n Espec\u00edfica en la Dependencia La Ley de la Dependencia, 39\/2006 de 14 de diciembre, de Promoci\u00f3n de la Autonom\u00eda personal y atenci\u00f3n a las personas en situaci\u00f3n de dependencia, ...\" \/>\n<meta property=\"og:url\" content=\"https:\/\/aldaia.es\/es\/servicios-sociales-e-igualdad\/servicios-sociales\/atencion-especifica-en-la-dependencia\/\" \/>\n<meta property=\"og:site_name\" content=\"Ayuntamiento de Aldaia\" \/>\n<meta property=\"article:modified_time\" content=\"2025-04-24T12:13:51+00:00\" \/>\n<script type=\"application\/ld+json\" class=\"yoast-schema-graph\">{\"@context\":\"https:\/\/schema.org\",\"@graph\":[{\"@type\":\"WebPage\",\"@id\":\"https:\/\/aldaia.es\/es\/servicios-sociales-e-igualdad\/servicios-sociales\/atencion-especifica-en-la-dependencia\/\",\"url\":\"https:\/\/aldaia.es\/es\/servicios-sociales-e-igualdad\/servicios-sociales\/atencion-especifica-en-la-dependencia\/\",\"name\":\"Atenci\u00f3n Espec\u00edfica en la Dependencia - Ayuntamiento de Aldaia\",\"isPartOf\":{\"@id\":\"https:\/\/aldaia.es\/es\/#website\"},\"datePublished\":\"2023-01-19T10:23:37+00:00\",\"dateModified\":\"2025-04-24T12:13:51+00:00\",\"breadcrumb\":{\"@id\":\"https:\/\/aldaia.es\/es\/servicios-sociales-e-igualdad\/servicios-sociales\/atencion-especifica-en-la-dependencia\/#breadcrumb\"},\"inLanguage\":\"es\",\"potentialAction\":[{\"@type\":\"ReadAction\",\"target\":[\"https:\/\/aldaia.es\/es\/servicios-sociales-e-igualdad\/servicios-sociales\/atencion-especifica-en-la-dependencia\/\"]}]},{\"@type\":\"BreadcrumbList\",\"@id\":\"https:\/\/aldaia.es\/es\/servicios-sociales-e-igualdad\/servicios-sociales\/atencion-especifica-en-la-dependencia\/#breadcrumb\",\"itemListElement\":[{\"@type\":\"ListItem\",\"position\":1,\"name\":\"Portada\",\"item\":\"https:\/\/aldaia.es\/es\/\"},{\"@type\":\"ListItem\",\"position\":2,\"name\":\"Servicios Sociales e Igualdad\",\"item\":\"https:\/\/aldaia.es\/es\/servicios-sociales-e-igualdad\/\"},{\"@type\":\"ListItem\",\"position\":3,\"name\":\"Servicios sociales\",\"item\":\"https:\/\/aldaia.es\/es\/servicios-sociales-e-igualdad\/servicios-sociales\/\"},{\"@type\":\"ListItem\",\"position\":4,\"name\":\"Atenci\u00f3n Espec\u00edfica en la Dependencia\"}]},{\"@type\":\"WebSite\",\"@id\":\"https:\/\/aldaia.es\/es\/#website\",\"url\":\"https:\/\/aldaia.es\/es\/\",\"name\":\"Ajuntament D'Aldaia\",\"description\":\"\",\"publisher\":{\"@id\":\"https:\/\/aldaia.es\/es\/#organization\"},\"alternateName\":\"Ajuntament D'Aldaia\",\"potentialAction\":[{\"@type\":\"SearchAction\",\"target\":{\"@type\":\"EntryPoint\",\"urlTemplate\":\"https:\/\/aldaia.es\/es\/?s={search_term_string}\"},\"query-input\":{\"@type\":\"PropertyValueSpecification\",\"valueRequired\":true,\"valueName\":\"search_term_string\"}}],\"inLanguage\":\"es\"},{\"@type\":\"Organization\",\"@id\":\"https:\/\/aldaia.es\/es\/#organization\",\"name\":\"Ajuntament D'Aldaia\",\"url\":\"https:\/\/aldaia.es\/es\/\",\"logo\":{\"@type\":\"ImageObject\",\"inLanguage\":\"es\",\"@id\":\"https:\/\/aldaia.es\/es\/#\/schema\/logo\/image\/\",\"url\":\"https:\/\/aldaia.es\/wp-content\/uploads\/2022\/06\/aldaia-negro-1.png\",\"contentUrl\":\"https:\/\/aldaia.es\/wp-content\/uploads\/2022\/06\/aldaia-negro-1.png\",\"width\":152,\"height\":70,\"caption\":\"Ajuntament D'Aldaia\"},\"image\":{\"@id\":\"https:\/\/aldaia.es\/es\/#\/schema\/logo\/image\/\"}}]}<\/script>\n<!-- \/ Yoast SEO plugin. -->","yoast_head_json":{"title":"Atenci\u00f3n Espec\u00edfica en la Dependencia - Ayuntamiento de Aldaia","robots":{"index":"index","follow":"follow","max-snippet":"max-snippet:-1","max-image-preview":"max-image-preview:large","max-video-preview":"max-video-preview:-1"},"canonical":"https:\/\/aldaia.es\/es\/servicios-sociales-e-igualdad\/servicios-sociales\/atencion-especifica-en-la-dependencia\/","og_locale":"es_ES","og_type":"article","og_title":"Atenci\u00f3n Espec\u00edfica en la Dependencia - Ayuntamiento de Aldaia","og_description":"Atenci\u00f3n Espec\u00edfica en la Dependencia La Ley de la Dependencia, 39\/2006 de 14 de diciembre, de Promoci\u00f3n de la Autonom\u00eda personal y atenci\u00f3n a las personas en situaci\u00f3n de dependencia, ...","og_url":"https:\/\/aldaia.es\/es\/servicios-sociales-e-igualdad\/servicios-sociales\/atencion-especifica-en-la-dependencia\/","og_site_name":"Ayuntamiento de Aldaia","article_modified_time":"2025-04-24T12:13:51+00:00","schema":{"@context":"https:\/\/schema.org","@graph":[{"@type":"WebPage","@id":"https:\/\/aldaia.es\/es\/servicios-sociales-e-igualdad\/servicios-sociales\/atencion-especifica-en-la-dependencia\/","url":"https:\/\/aldaia.es\/es\/servicios-sociales-e-igualdad\/servicios-sociales\/atencion-especifica-en-la-dependencia\/","name":"Atenci\u00f3n Espec\u00edfica en la Dependencia - Ayuntamiento de Aldaia","isPartOf":{"@id":"https:\/\/aldaia.es\/es\/#website"},"datePublished":"2023-01-19T10:23:37+00:00","dateModified":"2025-04-24T12:13:51+00:00","breadcrumb":{"@id":"https:\/\/aldaia.es\/es\/servicios-sociales-e-igualdad\/servicios-sociales\/atencion-especifica-en-la-dependencia\/#breadcrumb"},"inLanguage":"es","potentialAction":[{"@type":"ReadAction","target":["https:\/\/aldaia.es\/es\/servicios-sociales-e-igualdad\/servicios-sociales\/atencion-especifica-en-la-dependencia\/"]}]},{"@type":"BreadcrumbList","@id":"https:\/\/aldaia.es\/es\/servicios-sociales-e-igualdad\/servicios-sociales\/atencion-especifica-en-la-dependencia\/#breadcrumb","itemListElement":[{"@type":"ListItem","position":1,"name":"Portada","item":"https:\/\/aldaia.es\/es\/"},{"@type":"ListItem","position":2,"name":"Servicios Sociales e Igualdad","item":"https:\/\/aldaia.es\/es\/servicios-sociales-e-igualdad\/"},{"@type":"ListItem","position":3,"name":"Servicios sociales","item":"https:\/\/aldaia.es\/es\/servicios-sociales-e-igualdad\/servicios-sociales\/"},{"@type":"ListItem","position":4,"name":"Atenci\u00f3n Espec\u00edfica en la Dependencia"}]},{"@type":"WebSite","@id":"https:\/\/aldaia.es\/es\/#website","url":"https:\/\/aldaia.es\/es\/","name":"Ajuntament D'Aldaia","description":"","publisher":{"@id":"https:\/\/aldaia.es\/es\/#organization"},"alternateName":"Ajuntament D'Aldaia","potentialAction":[{"@type":"SearchAction","target":{"@type":"EntryPoint","urlTemplate":"https:\/\/aldaia.es\/es\/?s={search_term_string}"},"query-input":{"@type":"PropertyValueSpecification","valueRequired":true,"valueName":"search_term_string"}}],"inLanguage":"es"},{"@type":"Organization","@id":"https:\/\/aldaia.es\/es\/#organization","name":"Ajuntament D'Aldaia","url":"https:\/\/aldaia.es\/es\/","logo":{"@type":"ImageObject","inLanguage":"es","@id":"https:\/\/aldaia.es\/es\/#\/schema\/logo\/image\/","url":"https:\/\/aldaia.es\/wp-content\/uploads\/2022\/06\/aldaia-negro-1.png","contentUrl":"https:\/\/aldaia.es\/wp-content\/uploads\/2022\/06\/aldaia-negro-1.png","width":152,"height":70,"caption":"Ajuntament D'Aldaia"},"image":{"@id":"https:\/\/aldaia.es\/es\/#\/schema\/logo\/image\/"}}]}},"_links":{"self":[{"href":"https:\/\/aldaia.es\/es\/wp-json\/wp\/v2\/pages\/6317","targetHints":{"allow":["GET"]}}],"collection":[{"href":"https:\/\/aldaia.es\/es\/wp-json\/wp\/v2\/pages"}],"about":[{"href":"https:\/\/aldaia.es\/es\/wp-json\/wp\/v2\/types\/page"}],"author":[{"embeddable":true,"href":"https:\/\/aldaia.es\/es\/wp-json\/wp\/v2\/users\/42"}],"replies":[{"embeddable":true,"href":"https:\/\/aldaia.es\/es\/wp-json\/wp\/v2\/comments?post=6317"}],"version-history":[{"count":3,"href":"https:\/\/aldaia.es\/es\/wp-json\/wp\/v2\/pages\/6317\/revisions"}],"predecessor-version":[{"id":37070,"href":"https:\/\/aldaia.es\/es\/wp-json\/wp\/v2\/pages\/6317\/revisions\/37070"}],"up":[{"embeddable":true,"href":"https:\/\/aldaia.es\/es\/wp-json\/wp\/v2\/pages\/27901"}],"wp:attachment":[{"href":"https:\/\/aldaia.es\/es\/wp-json\/wp\/v2\/media?parent=6317"}],"curies":[{"name":"wp","href":"https:\/\/api.w.org\/{rel}","templated":true}]}}