{"id":6331,"date":"2023-01-19T11:10:57","date_gmt":"2023-01-19T10:10:57","guid":{"rendered":"https:\/\/aldaia.eu\/atencion-a-las-personas\/servicios-sociales\/servicio-de-informacion-orientacion-asesoramiento-tecnico-y-gestion-de-ayudas\/"},"modified":"2025-04-24T13:56:19","modified_gmt":"2025-04-24T11:56:19","slug":"servicio-de-informacion-orientacion-asesoramiento-tecnico-y-gestion-de-ayudas","status":"publish","type":"page","link":"https:\/\/aldaia.es\/es\/servicios-sociales-e-igualdad\/servicios-sociales\/servicio-de-informacion-orientacion-asesoramiento-tecnico-y-gestion-de-ayudas\/","title":{"rendered":"Servicio de Informaci\u00f3n, Orientaci\u00f3n, Asesoramiento T\u00e9cnico y Gesti\u00f3n de Ayudas"},"content":{"rendered":"\n<div class=\"wp-block-columns dep-servicios is-layout-flex wp-container-core-columns-is-layout-9d6595d7 wp-block-columns-is-layout-flex\">\n<div class=\"wp-block-column is-layout-flow wp-block-column-is-layout-flow\" style=\"flex-basis:30%\"><!--  Info Servicios sociales -->\n\n \n    <div class='wrapper-departamentos bloque-infos-servicios-sociales'>\n        <p class=\"tit-bloque-infos\">Centro Coladors<\/p>\n        <div class='infos-departamento'>          \n            <p>Calle Coladors, 16<br>46960 Aldaia Valencia<\/p>\n            <p><i class=\"fa fa-phone\" aria-hidden=\"true\"><\/i> 961 988 811<\/p>\n            <p><i class=\"fa fa-phone\" aria-hidden=\"true\"><\/i> <a href=\"tel:+34961988811\">+34 961 988 811<\/a><\/p>\n            <p><i class=\"fas fa-envelope\"><\/i> <a href=\"mailto:serveissocials@ajuntamentaldaia.org \">serveissocials@ajuntamentaldaia.org <\/a><\/p>    \n            <p><strong>Horario:<\/strong><\/p>\n            <p>Lunes a viernes: de 9 a 14 horas. Lujes y jueves: de 16 a 18 horas.<\/p>      \n        <\/div>\n\n        <div class='mapa-1'>\n        <iframe src='https:\/\/www.google.com\/maps\/embed?pb=!1m18!1m12!1m3!1d6160.662930491161!2d-0.46871588132768194!3d39.46183988596237!2m3!1f0!2f0!3f0!3m2!1i1024!2i768!4f13.1!3m3!1m2!1s0xd6051dedd0ce773%3A0xd627ceb0166ca3d2!2sCentre%20Serveis%20Socials%20Coladors%20Aldaia!5e0!3m2!1ses!2sus!4v1716371829108!5m2!1ses!2sus' width='100%' height='300' style='border:0;' allowfullscreen='' loading='lazy' referrerpolicy='no-referrer-when-downgrade'><\/iframe>\n        <\/div>\n\n    <\/div>\n   <!-- end bloque infos -->\n\n    \n\n\n<\/div>\n\n\n\n<div class=\"wp-block-column is-layout-flow wp-block-column-is-layout-flow\" style=\"flex-basis:70%\">\n<h1 class=\"wp-block-heading\">Servicio de Informaci\u00f3n, Orientaci\u00f3n, Asesoramiento T\u00e9cnico y Gesti\u00f3n de Ayudas<\/h1>\n\n\n\n<p>Informaci\u00f3n sobre los servicios sociales y recursos a disposici\u00f3n de la ciudadan\u00eda y su forma de acceso, como sobre los derechos que les asisten, no s\u00f3lo desde el punto de vista individual sino tambi\u00e9n cuando participan en grupos, asociaciones u otras organizaciones del tejido social, que garantice que se trate de una informaci\u00f3n suficiente, veraz, accesible y facilitada en t\u00e9rminos comprensibles.<\/p>\n\n\n\n<p>La informaci\u00f3n se presta a trav\u00e9s de los distintos centros, como parte del acceso unificado a los servicios sociales.<\/p>\n\n\n\n<p>Actividades de difusi\u00f3n o divulgaci\u00f3n, tanto sobre las prestaciones del sistema de servicios sociales como de otros recursos comunitarios destinados a necesidades afines al bienestar social.<\/p>\n\n\n\n<p><strong>Este servicio gratuito (mediante cita previa) va dirigido a todos los vecinos y vecinas de Aldaia<\/strong> para informarles y asesorarles sobre sus derechos, del ejercicio de \u00e9stos, y de los recursos sociales adecuados para resolver las sus necesidades.<\/p>\n<\/div>\n<\/div>\n","protected":false},"excerpt":{"rendered":"<p>Servicio de Informaci\u00f3n, Orientaci\u00f3n, Asesoramiento T\u00e9cnico y Gesti\u00f3n de Ayudas Informaci\u00f3n sobre los servicios sociales y recursos a disposici\u00f3n de la ciudadan\u00eda y su forma de acceso, como sobre los <a class=\"text-decoration-none text-black\" href=\"https:\/\/aldaia.es\/es\/servicios-sociales-e-igualdad\/servicios-sociales\/servicio-de-informacion-orientacion-asesoramiento-tecnico-y-gestion-de-ayudas\/\"> &#8230; <\/a><\/p>\n","protected":false},"author":42,"featured_media":0,"parent":27901,"menu_order":0,"comment_status":"closed","ping_status":"closed","template":"basic-page-departamentos.php","meta":{"_acf_changed":false,"footnotes":""},"class_list":["post-6331","page","type-page","status-publish","hentry"],"acf":[],"yoast_head":"<!-- This site is optimized with the Yoast SEO plugin v27.0 - https:\/\/yoast.com\/product\/yoast-seo-wordpress\/ -->\n<title>Servicio Informaci\u00f3n, Asesoramiento T\u00e9cnico y Gesti\u00f3n de Ayudas<\/title>\n<meta name=\"description\" content=\"Servicio gratuito dirigido a todos los vecinos y vecinas de Aldaia para informarles y asesorarles sobre sus derechos.\" \/>\n<meta name=\"robots\" content=\"index, follow, max-snippet:-1, max-image-preview:large, max-video-preview:-1\" \/>\n<link rel=\"canonical\" href=\"https:\/\/aldaia.es\/es\/servicios-sociales-e-igualdad\/servicios-sociales\/servicio-de-informacion-orientacion-asesoramiento-tecnico-y-gestion-de-ayudas\/\" \/>\n<meta property=\"og:locale\" content=\"es_ES\" \/>\n<meta property=\"og:type\" content=\"article\" \/>\n<meta property=\"og:title\" content=\"Servicio Informaci\u00f3n, Asesoramiento T\u00e9cnico y Gesti\u00f3n de Ayudas\" \/>\n<meta property=\"og:description\" content=\"Servicio gratuito dirigido a todos los vecinos y vecinas de Aldaia para informarles y asesorarles sobre sus derechos.\" \/>\n<meta property=\"og:url\" content=\"https:\/\/aldaia.es\/es\/servicios-sociales-e-igualdad\/servicios-sociales\/servicio-de-informacion-orientacion-asesoramiento-tecnico-y-gestion-de-ayudas\/\" \/>\n<meta property=\"og:site_name\" content=\"Ayuntamiento de Aldaia\" \/>\n<meta property=\"article:modified_time\" content=\"2025-04-24T11:56:19+00:00\" \/>\n<script type=\"application\/ld+json\" class=\"yoast-schema-graph\">{\"@context\":\"https:\/\/schema.org\",\"@graph\":[{\"@type\":\"WebPage\",\"@id\":\"https:\/\/aldaia.es\/es\/servicios-sociales-e-igualdad\/servicios-sociales\/servicio-de-informacion-orientacion-asesoramiento-tecnico-y-gestion-de-ayudas\/\",\"url\":\"https:\/\/aldaia.es\/es\/servicios-sociales-e-igualdad\/servicios-sociales\/servicio-de-informacion-orientacion-asesoramiento-tecnico-y-gestion-de-ayudas\/\",\"name\":\"Servicio Informaci\u00f3n, Asesoramiento T\u00e9cnico y Gesti\u00f3n de Ayudas\",\"isPartOf\":{\"@id\":\"https:\/\/aldaia.es\/es\/#website\"},\"datePublished\":\"2023-01-19T10:10:57+00:00\",\"dateModified\":\"2025-04-24T11:56:19+00:00\",\"description\":\"Servicio gratuito dirigido a todos los vecinos y vecinas de Aldaia para informarles y asesorarles sobre sus derechos.\",\"breadcrumb\":{\"@id\":\"https:\/\/aldaia.es\/es\/servicios-sociales-e-igualdad\/servicios-sociales\/servicio-de-informacion-orientacion-asesoramiento-tecnico-y-gestion-de-ayudas\/#breadcrumb\"},\"inLanguage\":\"es\",\"potentialAction\":[{\"@type\":\"ReadAction\",\"target\":[\"https:\/\/aldaia.es\/es\/servicios-sociales-e-igualdad\/servicios-sociales\/servicio-de-informacion-orientacion-asesoramiento-tecnico-y-gestion-de-ayudas\/\"]}]},{\"@type\":\"BreadcrumbList\",\"@id\":\"https:\/\/aldaia.es\/es\/servicios-sociales-e-igualdad\/servicios-sociales\/servicio-de-informacion-orientacion-asesoramiento-tecnico-y-gestion-de-ayudas\/#breadcrumb\",\"itemListElement\":[{\"@type\":\"ListItem\",\"position\":1,\"name\":\"Portada\",\"item\":\"https:\/\/aldaia.es\/es\/\"},{\"@type\":\"ListItem\",\"position\":2,\"name\":\"Servicios Sociales e Igualdad\",\"item\":\"https:\/\/aldaia.es\/es\/servicios-sociales-e-igualdad\/\"},{\"@type\":\"ListItem\",\"position\":3,\"name\":\"Servicios sociales\",\"item\":\"https:\/\/aldaia.es\/es\/servicios-sociales-e-igualdad\/servicios-sociales\/\"},{\"@type\":\"ListItem\",\"position\":4,\"name\":\"Servicio de Informaci\u00f3n, Orientaci\u00f3n, Asesoramiento T\u00e9cnico y Gesti\u00f3n de Ayudas\"}]},{\"@type\":\"WebSite\",\"@id\":\"https:\/\/aldaia.es\/es\/#website\",\"url\":\"https:\/\/aldaia.es\/es\/\",\"name\":\"Ajuntament D'Aldaia\",\"description\":\"\",\"publisher\":{\"@id\":\"https:\/\/aldaia.es\/es\/#organization\"},\"alternateName\":\"Ajuntament D'Aldaia\",\"potentialAction\":[{\"@type\":\"SearchAction\",\"target\":{\"@type\":\"EntryPoint\",\"urlTemplate\":\"https:\/\/aldaia.es\/es\/?s={search_term_string}\"},\"query-input\":{\"@type\":\"PropertyValueSpecification\",\"valueRequired\":true,\"valueName\":\"search_term_string\"}}],\"inLanguage\":\"es\"},{\"@type\":\"Organization\",\"@id\":\"https:\/\/aldaia.es\/es\/#organization\",\"name\":\"Ajuntament D'Aldaia\",\"url\":\"https:\/\/aldaia.es\/es\/\",\"logo\":{\"@type\":\"ImageObject\",\"inLanguage\":\"es\",\"@id\":\"https:\/\/aldaia.es\/es\/#\/schema\/logo\/image\/\",\"url\":\"https:\/\/aldaia.es\/wp-content\/uploads\/2022\/06\/aldaia-negro-1.png\",\"contentUrl\":\"https:\/\/aldaia.es\/wp-content\/uploads\/2022\/06\/aldaia-negro-1.png\",\"width\":152,\"height\":70,\"caption\":\"Ajuntament D'Aldaia\"},\"image\":{\"@id\":\"https:\/\/aldaia.es\/es\/#\/schema\/logo\/image\/\"}}]}<\/script>\n<!-- \/ Yoast SEO plugin. -->","yoast_head_json":{"title":"Servicio Informaci\u00f3n, Asesoramiento T\u00e9cnico y Gesti\u00f3n de Ayudas","description":"Servicio gratuito dirigido a todos los vecinos y vecinas de Aldaia para informarles y asesorarles sobre sus derechos.","robots":{"index":"index","follow":"follow","max-snippet":"max-snippet:-1","max-image-preview":"max-image-preview:large","max-video-preview":"max-video-preview:-1"},"canonical":"https:\/\/aldaia.es\/es\/servicios-sociales-e-igualdad\/servicios-sociales\/servicio-de-informacion-orientacion-asesoramiento-tecnico-y-gestion-de-ayudas\/","og_locale":"es_ES","og_type":"article","og_title":"Servicio Informaci\u00f3n, Asesoramiento T\u00e9cnico y Gesti\u00f3n de Ayudas","og_description":"Servicio gratuito dirigido a todos los vecinos y vecinas de Aldaia para informarles y asesorarles sobre sus derechos.","og_url":"https:\/\/aldaia.es\/es\/servicios-sociales-e-igualdad\/servicios-sociales\/servicio-de-informacion-orientacion-asesoramiento-tecnico-y-gestion-de-ayudas\/","og_site_name":"Ayuntamiento de Aldaia","article_modified_time":"2025-04-24T11:56:19+00:00","schema":{"@context":"https:\/\/schema.org","@graph":[{"@type":"WebPage","@id":"https:\/\/aldaia.es\/es\/servicios-sociales-e-igualdad\/servicios-sociales\/servicio-de-informacion-orientacion-asesoramiento-tecnico-y-gestion-de-ayudas\/","url":"https:\/\/aldaia.es\/es\/servicios-sociales-e-igualdad\/servicios-sociales\/servicio-de-informacion-orientacion-asesoramiento-tecnico-y-gestion-de-ayudas\/","name":"Servicio Informaci\u00f3n, Asesoramiento T\u00e9cnico y Gesti\u00f3n de Ayudas","isPartOf":{"@id":"https:\/\/aldaia.es\/es\/#website"},"datePublished":"2023-01-19T10:10:57+00:00","dateModified":"2025-04-24T11:56:19+00:00","description":"Servicio gratuito dirigido a todos los vecinos y vecinas de Aldaia para informarles y asesorarles sobre sus derechos.","breadcrumb":{"@id":"https:\/\/aldaia.es\/es\/servicios-sociales-e-igualdad\/servicios-sociales\/servicio-de-informacion-orientacion-asesoramiento-tecnico-y-gestion-de-ayudas\/#breadcrumb"},"inLanguage":"es","potentialAction":[{"@type":"ReadAction","target":["https:\/\/aldaia.es\/es\/servicios-sociales-e-igualdad\/servicios-sociales\/servicio-de-informacion-orientacion-asesoramiento-tecnico-y-gestion-de-ayudas\/"]}]},{"@type":"BreadcrumbList","@id":"https:\/\/aldaia.es\/es\/servicios-sociales-e-igualdad\/servicios-sociales\/servicio-de-informacion-orientacion-asesoramiento-tecnico-y-gestion-de-ayudas\/#breadcrumb","itemListElement":[{"@type":"ListItem","position":1,"name":"Portada","item":"https:\/\/aldaia.es\/es\/"},{"@type":"ListItem","position":2,"name":"Servicios Sociales e Igualdad","item":"https:\/\/aldaia.es\/es\/servicios-sociales-e-igualdad\/"},{"@type":"ListItem","position":3,"name":"Servicios sociales","item":"https:\/\/aldaia.es\/es\/servicios-sociales-e-igualdad\/servicios-sociales\/"},{"@type":"ListItem","position":4,"name":"Servicio de Informaci\u00f3n, Orientaci\u00f3n, Asesoramiento T\u00e9cnico y Gesti\u00f3n de Ayudas"}]},{"@type":"WebSite","@id":"https:\/\/aldaia.es\/es\/#website","url":"https:\/\/aldaia.es\/es\/","name":"Ajuntament D'Aldaia","description":"","publisher":{"@id":"https:\/\/aldaia.es\/es\/#organization"},"alternateName":"Ajuntament D'Aldaia","potentialAction":[{"@type":"SearchAction","target":{"@type":"EntryPoint","urlTemplate":"https:\/\/aldaia.es\/es\/?s={search_term_string}"},"query-input":{"@type":"PropertyValueSpecification","valueRequired":true,"valueName":"search_term_string"}}],"inLanguage":"es"},{"@type":"Organization","@id":"https:\/\/aldaia.es\/es\/#organization","name":"Ajuntament D'Aldaia","url":"https:\/\/aldaia.es\/es\/","logo":{"@type":"ImageObject","inLanguage":"es","@id":"https:\/\/aldaia.es\/es\/#\/schema\/logo\/image\/","url":"https:\/\/aldaia.es\/wp-content\/uploads\/2022\/06\/aldaia-negro-1.png","contentUrl":"https:\/\/aldaia.es\/wp-content\/uploads\/2022\/06\/aldaia-negro-1.png","width":152,"height":70,"caption":"Ajuntament D'Aldaia"},"image":{"@id":"https:\/\/aldaia.es\/es\/#\/schema\/logo\/image\/"}}]}},"_links":{"self":[{"href":"https:\/\/aldaia.es\/es\/wp-json\/wp\/v2\/pages\/6331","targetHints":{"allow":["GET"]}}],"collection":[{"href":"https:\/\/aldaia.es\/es\/wp-json\/wp\/v2\/pages"}],"about":[{"href":"https:\/\/aldaia.es\/es\/wp-json\/wp\/v2\/types\/page"}],"author":[{"embeddable":true,"href":"https:\/\/aldaia.es\/es\/wp-json\/wp\/v2\/users\/42"}],"replies":[{"embeddable":true,"href":"https:\/\/aldaia.es\/es\/wp-json\/wp\/v2\/comments?post=6331"}],"version-history":[{"count":3,"href":"https:\/\/aldaia.es\/es\/wp-json\/wp\/v2\/pages\/6331\/revisions"}],"predecessor-version":[{"id":37058,"href":"https:\/\/aldaia.es\/es\/wp-json\/wp\/v2\/pages\/6331\/revisions\/37058"}],"up":[{"embeddable":true,"href":"https:\/\/aldaia.es\/es\/wp-json\/wp\/v2\/pages\/27901"}],"wp:attachment":[{"href":"https:\/\/aldaia.es\/es\/wp-json\/wp\/v2\/media?parent=6331"}],"curies":[{"name":"wp","href":"https:\/\/api.w.org\/{rel}","templated":true}]}}