{"id":6332,"date":"2023-01-19T11:22:17","date_gmt":"2023-01-19T10:22:17","guid":{"rendered":"https:\/\/aldaia.eu\/atencion-a-las-personas\/servicios-sociales\/trabajos-en-beneficio-de-la-comunidad\/"},"modified":"2025-04-24T14:12:50","modified_gmt":"2025-04-24T12:12:50","slug":"trabajos-en-beneficio-de-la-comunidad","status":"publish","type":"page","link":"https:\/\/aldaia.es\/es\/servicios-sociales-e-igualdad\/servicios-sociales\/trabajos-en-beneficio-de-la-comunidad\/","title":{"rendered":"Trabajos en Beneficio de la Comunidad"},"content":{"rendered":"\n<div class=\"wp-block-columns dep-servicios is-layout-flex wp-container-core-columns-is-layout-9d6595d7 wp-block-columns-is-layout-flex\">\n<div class=\"wp-block-column is-layout-flow wp-block-column-is-layout-flow\" style=\"flex-basis:30%\"><!--  Info Servicios sociales -->\n\n \n    <div class='wrapper-departamentos bloque-infos-servicios-sociales'>\n        <p class=\"tit-bloque-infos\">Centro Coladors<\/p>\n        <div class='infos-departamento'>          \n            <p>Calle Coladors, 16<br>46960 Aldaia Valencia<\/p>\n            <p><i class=\"fa fa-phone\" aria-hidden=\"true\"><\/i> 961 988 811<\/p>\n            <p><i class=\"fa fa-phone\" aria-hidden=\"true\"><\/i> <a href=\"tel:+34961988811\">+34 961 988 811<\/a><\/p>\n            <p><i class=\"fas fa-envelope\"><\/i> <a href=\"mailto:serveissocials@ajuntamentaldaia.org \">serveissocials@ajuntamentaldaia.org <\/a><\/p>    \n            <p><strong>Horario:<\/strong><\/p>\n            <p>Lunes a viernes: de 9 a 14 horas. Lujes y jueves: de 16 a 18 horas.<\/p>      \n        <\/div>\n\n        <div class='mapa-1'>\n        <iframe src='https:\/\/www.google.com\/maps\/embed?pb=!1m18!1m12!1m3!1d6160.662930491161!2d-0.46871588132768194!3d39.46183988596237!2m3!1f0!2f0!3f0!3m2!1i1024!2i768!4f13.1!3m3!1m2!1s0xd6051dedd0ce773%3A0xd627ceb0166ca3d2!2sCentre%20Serveis%20Socials%20Coladors%20Aldaia!5e0!3m2!1ses!2sus!4v1716371829108!5m2!1ses!2sus' width='100%' height='300' style='border:0;' allowfullscreen='' loading='lazy' referrerpolicy='no-referrer-when-downgrade'><\/iframe>\n        <\/div>\n\n    <\/div>\n   <!-- end bloque infos -->\n\n    \n\n\n<\/div>\n\n\n\n<div class=\"wp-block-column is-layout-flow wp-block-column-is-layout-flow\" style=\"flex-basis:70%\">\n<h1 class=\"wp-block-heading\">Trabajos en Beneficio de la Comunidad<\/h1>\n\n\n\n<p>El trabajo en beneficio de la comunidad es una pena alternativa al ingreso en prisi\u00f3n. Para las personas que la realizan comporta una funci\u00f3n reeducativa a la vez que hace algo \u00fatil y provechoso para la sociedad. El Ayuntamiento de Aldaia tiene firmado un convenio con instituciones penitenciarias y gestiona que las personas puedan realizar este trabajo en el municipio.<\/p>\n<\/div>\n<\/div>\n","protected":false},"excerpt":{"rendered":"<p>Trabajos en Beneficio de la Comunidad El trabajo en beneficio de la comunidad es una pena alternativa al ingreso en prisi\u00f3n. Para las personas que la realizan comporta una funci\u00f3n <a class=\"text-decoration-none text-black\" href=\"https:\/\/aldaia.es\/es\/servicios-sociales-e-igualdad\/servicios-sociales\/trabajos-en-beneficio-de-la-comunidad\/\"> &#8230; <\/a><\/p>\n","protected":false},"author":42,"featured_media":0,"parent":27901,"menu_order":0,"comment_status":"closed","ping_status":"closed","template":"basic-page-departamentos.php","meta":{"_acf_changed":false,"footnotes":""},"class_list":["post-6332","page","type-page","status-publish","hentry"],"acf":[],"yoast_head":"<!-- This site is optimized with the Yoast SEO plugin v27.0 - https:\/\/yoast.com\/product\/yoast-seo-wordpress\/ -->\n<title>Trabajos en Beneficio de la Comunidad - Ayuntamiento de Aldaia<\/title>\n<meta name=\"robots\" content=\"index, follow, max-snippet:-1, max-image-preview:large, max-video-preview:-1\" \/>\n<link rel=\"canonical\" href=\"https:\/\/aldaia.es\/es\/servicios-sociales-e-igualdad\/servicios-sociales\/trabajos-en-beneficio-de-la-comunidad\/\" \/>\n<meta property=\"og:locale\" content=\"es_ES\" \/>\n<meta property=\"og:type\" content=\"article\" \/>\n<meta property=\"og:title\" content=\"Trabajos en Beneficio de la Comunidad - Ayuntamiento de Aldaia\" \/>\n<meta property=\"og:description\" content=\"Trabajos en Beneficio de la Comunidad El trabajo en beneficio de la comunidad es una pena alternativa al ingreso en prisi\u00f3n. Para las personas que la realizan comporta una funci\u00f3n ...\" \/>\n<meta property=\"og:url\" content=\"https:\/\/aldaia.es\/es\/servicios-sociales-e-igualdad\/servicios-sociales\/trabajos-en-beneficio-de-la-comunidad\/\" \/>\n<meta property=\"og:site_name\" content=\"Ayuntamiento de Aldaia\" \/>\n<meta property=\"article:modified_time\" content=\"2025-04-24T12:12:50+00:00\" \/>\n<script type=\"application\/ld+json\" class=\"yoast-schema-graph\">{\"@context\":\"https:\/\/schema.org\",\"@graph\":[{\"@type\":\"WebPage\",\"@id\":\"https:\/\/aldaia.es\/es\/servicios-sociales-e-igualdad\/servicios-sociales\/trabajos-en-beneficio-de-la-comunidad\/\",\"url\":\"https:\/\/aldaia.es\/es\/servicios-sociales-e-igualdad\/servicios-sociales\/trabajos-en-beneficio-de-la-comunidad\/\",\"name\":\"Trabajos en Beneficio de la Comunidad - Ayuntamiento de Aldaia\",\"isPartOf\":{\"@id\":\"https:\/\/aldaia.es\/es\/#website\"},\"datePublished\":\"2023-01-19T10:22:17+00:00\",\"dateModified\":\"2025-04-24T12:12:50+00:00\",\"breadcrumb\":{\"@id\":\"https:\/\/aldaia.es\/es\/servicios-sociales-e-igualdad\/servicios-sociales\/trabajos-en-beneficio-de-la-comunidad\/#breadcrumb\"},\"inLanguage\":\"es\",\"potentialAction\":[{\"@type\":\"ReadAction\",\"target\":[\"https:\/\/aldaia.es\/es\/servicios-sociales-e-igualdad\/servicios-sociales\/trabajos-en-beneficio-de-la-comunidad\/\"]}]},{\"@type\":\"BreadcrumbList\",\"@id\":\"https:\/\/aldaia.es\/es\/servicios-sociales-e-igualdad\/servicios-sociales\/trabajos-en-beneficio-de-la-comunidad\/#breadcrumb\",\"itemListElement\":[{\"@type\":\"ListItem\",\"position\":1,\"name\":\"Portada\",\"item\":\"https:\/\/aldaia.es\/es\/\"},{\"@type\":\"ListItem\",\"position\":2,\"name\":\"Servicios Sociales e Igualdad\",\"item\":\"https:\/\/aldaia.es\/es\/servicios-sociales-e-igualdad\/\"},{\"@type\":\"ListItem\",\"position\":3,\"name\":\"Servicios sociales\",\"item\":\"https:\/\/aldaia.es\/es\/servicios-sociales-e-igualdad\/servicios-sociales\/\"},{\"@type\":\"ListItem\",\"position\":4,\"name\":\"Trabajos en Beneficio de la Comunidad\"}]},{\"@type\":\"WebSite\",\"@id\":\"https:\/\/aldaia.es\/es\/#website\",\"url\":\"https:\/\/aldaia.es\/es\/\",\"name\":\"Ajuntament D'Aldaia\",\"description\":\"\",\"publisher\":{\"@id\":\"https:\/\/aldaia.es\/es\/#organization\"},\"alternateName\":\"Ajuntament D'Aldaia\",\"potentialAction\":[{\"@type\":\"SearchAction\",\"target\":{\"@type\":\"EntryPoint\",\"urlTemplate\":\"https:\/\/aldaia.es\/es\/?s={search_term_string}\"},\"query-input\":{\"@type\":\"PropertyValueSpecification\",\"valueRequired\":true,\"valueName\":\"search_term_string\"}}],\"inLanguage\":\"es\"},{\"@type\":\"Organization\",\"@id\":\"https:\/\/aldaia.es\/es\/#organization\",\"name\":\"Ajuntament D'Aldaia\",\"url\":\"https:\/\/aldaia.es\/es\/\",\"logo\":{\"@type\":\"ImageObject\",\"inLanguage\":\"es\",\"@id\":\"https:\/\/aldaia.es\/es\/#\/schema\/logo\/image\/\",\"url\":\"https:\/\/aldaia.es\/wp-content\/uploads\/2022\/06\/aldaia-negro-1.png\",\"contentUrl\":\"https:\/\/aldaia.es\/wp-content\/uploads\/2022\/06\/aldaia-negro-1.png\",\"width\":152,\"height\":70,\"caption\":\"Ajuntament D'Aldaia\"},\"image\":{\"@id\":\"https:\/\/aldaia.es\/es\/#\/schema\/logo\/image\/\"}}]}<\/script>\n<!-- \/ Yoast SEO plugin. -->","yoast_head_json":{"title":"Trabajos en Beneficio de la Comunidad - Ayuntamiento de Aldaia","robots":{"index":"index","follow":"follow","max-snippet":"max-snippet:-1","max-image-preview":"max-image-preview:large","max-video-preview":"max-video-preview:-1"},"canonical":"https:\/\/aldaia.es\/es\/servicios-sociales-e-igualdad\/servicios-sociales\/trabajos-en-beneficio-de-la-comunidad\/","og_locale":"es_ES","og_type":"article","og_title":"Trabajos en Beneficio de la Comunidad - Ayuntamiento de Aldaia","og_description":"Trabajos en Beneficio de la Comunidad El trabajo en beneficio de la comunidad es una pena alternativa al ingreso en prisi\u00f3n. Para las personas que la realizan comporta una funci\u00f3n ...","og_url":"https:\/\/aldaia.es\/es\/servicios-sociales-e-igualdad\/servicios-sociales\/trabajos-en-beneficio-de-la-comunidad\/","og_site_name":"Ayuntamiento de Aldaia","article_modified_time":"2025-04-24T12:12:50+00:00","schema":{"@context":"https:\/\/schema.org","@graph":[{"@type":"WebPage","@id":"https:\/\/aldaia.es\/es\/servicios-sociales-e-igualdad\/servicios-sociales\/trabajos-en-beneficio-de-la-comunidad\/","url":"https:\/\/aldaia.es\/es\/servicios-sociales-e-igualdad\/servicios-sociales\/trabajos-en-beneficio-de-la-comunidad\/","name":"Trabajos en Beneficio de la Comunidad - Ayuntamiento de Aldaia","isPartOf":{"@id":"https:\/\/aldaia.es\/es\/#website"},"datePublished":"2023-01-19T10:22:17+00:00","dateModified":"2025-04-24T12:12:50+00:00","breadcrumb":{"@id":"https:\/\/aldaia.es\/es\/servicios-sociales-e-igualdad\/servicios-sociales\/trabajos-en-beneficio-de-la-comunidad\/#breadcrumb"},"inLanguage":"es","potentialAction":[{"@type":"ReadAction","target":["https:\/\/aldaia.es\/es\/servicios-sociales-e-igualdad\/servicios-sociales\/trabajos-en-beneficio-de-la-comunidad\/"]}]},{"@type":"BreadcrumbList","@id":"https:\/\/aldaia.es\/es\/servicios-sociales-e-igualdad\/servicios-sociales\/trabajos-en-beneficio-de-la-comunidad\/#breadcrumb","itemListElement":[{"@type":"ListItem","position":1,"name":"Portada","item":"https:\/\/aldaia.es\/es\/"},{"@type":"ListItem","position":2,"name":"Servicios Sociales e Igualdad","item":"https:\/\/aldaia.es\/es\/servicios-sociales-e-igualdad\/"},{"@type":"ListItem","position":3,"name":"Servicios sociales","item":"https:\/\/aldaia.es\/es\/servicios-sociales-e-igualdad\/servicios-sociales\/"},{"@type":"ListItem","position":4,"name":"Trabajos en Beneficio de la Comunidad"}]},{"@type":"WebSite","@id":"https:\/\/aldaia.es\/es\/#website","url":"https:\/\/aldaia.es\/es\/","name":"Ajuntament D'Aldaia","description":"","publisher":{"@id":"https:\/\/aldaia.es\/es\/#organization"},"alternateName":"Ajuntament D'Aldaia","potentialAction":[{"@type":"SearchAction","target":{"@type":"EntryPoint","urlTemplate":"https:\/\/aldaia.es\/es\/?s={search_term_string}"},"query-input":{"@type":"PropertyValueSpecification","valueRequired":true,"valueName":"search_term_string"}}],"inLanguage":"es"},{"@type":"Organization","@id":"https:\/\/aldaia.es\/es\/#organization","name":"Ajuntament D'Aldaia","url":"https:\/\/aldaia.es\/es\/","logo":{"@type":"ImageObject","inLanguage":"es","@id":"https:\/\/aldaia.es\/es\/#\/schema\/logo\/image\/","url":"https:\/\/aldaia.es\/wp-content\/uploads\/2022\/06\/aldaia-negro-1.png","contentUrl":"https:\/\/aldaia.es\/wp-content\/uploads\/2022\/06\/aldaia-negro-1.png","width":152,"height":70,"caption":"Ajuntament D'Aldaia"},"image":{"@id":"https:\/\/aldaia.es\/es\/#\/schema\/logo\/image\/"}}]}},"_links":{"self":[{"href":"https:\/\/aldaia.es\/es\/wp-json\/wp\/v2\/pages\/6332","targetHints":{"allow":["GET"]}}],"collection":[{"href":"https:\/\/aldaia.es\/es\/wp-json\/wp\/v2\/pages"}],"about":[{"href":"https:\/\/aldaia.es\/es\/wp-json\/wp\/v2\/types\/page"}],"author":[{"embeddable":true,"href":"https:\/\/aldaia.es\/es\/wp-json\/wp\/v2\/users\/42"}],"replies":[{"embeddable":true,"href":"https:\/\/aldaia.es\/es\/wp-json\/wp\/v2\/comments?post=6332"}],"version-history":[{"count":3,"href":"https:\/\/aldaia.es\/es\/wp-json\/wp\/v2\/pages\/6332\/revisions"}],"predecessor-version":[{"id":37069,"href":"https:\/\/aldaia.es\/es\/wp-json\/wp\/v2\/pages\/6332\/revisions\/37069"}],"up":[{"embeddable":true,"href":"https:\/\/aldaia.es\/es\/wp-json\/wp\/v2\/pages\/27901"}],"wp:attachment":[{"href":"https:\/\/aldaia.es\/es\/wp-json\/wp\/v2\/media?parent=6332"}],"curies":[{"name":"wp","href":"https:\/\/api.w.org\/{rel}","templated":true}]}}