{"id":6340,"date":"2023-01-19T11:15:11","date_gmt":"2023-01-19T10:15:11","guid":{"rendered":"https:\/\/aldaia.eu\/atencion-a-las-personas\/servicios-sociales\/gestion-de-la-renta-valenciana-de-inclusion\/"},"modified":"2025-12-01T10:04:32","modified_gmt":"2025-12-01T09:04:32","slug":"gestion-de-la-renta-valenciana-de-inclusion","status":"publish","type":"page","link":"https:\/\/aldaia.es\/es\/servicios-sociales-e-igualdad\/servicios-sociales\/gestion-de-la-renta-valenciana-de-inclusion\/","title":{"rendered":"Gesti\u00f3n de la Renta Valenciana de Inclusi\u00f3n"},"content":{"rendered":"\n<div class=\"wp-block-columns dep-servicios is-layout-flex wp-container-core-columns-is-layout-9d6595d7 wp-block-columns-is-layout-flex\">\n<div class=\"wp-block-column is-layout-flow wp-block-column-is-layout-flow\" style=\"flex-basis:30%\"><!--  Info Servicios sociales -->\n\n \n    <div class='wrapper-departamentos bloque-infos-servicios-sociales'>\n        <p class=\"tit-bloque-infos\">Centro Coladors<\/p>\n        <div class='infos-departamento'>          \n            <p>Calle Coladors, 16<br>46960 Aldaia Valencia<\/p>\n            <p><i class=\"fa fa-phone\" aria-hidden=\"true\"><\/i> 961 988 811<\/p>\n            <p><i class=\"fa fa-phone\" aria-hidden=\"true\"><\/i> <a href=\"tel:+34961988811\">+34 961 988 811<\/a><\/p>\n            <p><i class=\"fas fa-envelope\"><\/i> <a href=\"mailto:serveissocials@ajuntamentaldaia.org \">serveissocials@ajuntamentaldaia.org <\/a><\/p>    \n            <p><strong>Horario:<\/strong><\/p>\n            <p>Lunes a viernes: de 9 a 14 horas. Lujes y jueves: de 16 a 18 horas.<\/p>      \n        <\/div>\n\n        <div class='mapa-1'>\n        <iframe src='https:\/\/www.google.com\/maps\/embed?pb=!1m18!1m12!1m3!1d6160.662930491161!2d-0.46871588132768194!3d39.46183988596237!2m3!1f0!2f0!3f0!3m2!1i1024!2i768!4f13.1!3m3!1m2!1s0xd6051dedd0ce773%3A0xd627ceb0166ca3d2!2sCentre%20Serveis%20Socials%20Coladors%20Aldaia!5e0!3m2!1ses!2sus!4v1716371829108!5m2!1ses!2sus' width='100%' height='300' style='border:0;' allowfullscreen='' loading='lazy' referrerpolicy='no-referrer-when-downgrade'><\/iframe>\n        <\/div>\n\n    <\/div>\n   <!-- end bloque infos -->\n\n    \n\n\n<\/div>\n\n\n\n<div class=\"wp-block-column is-layout-flow wp-block-column-is-layout-flow\" style=\"flex-basis:70%\">\n<h1 class=\"wp-block-heading\">Itinerarios de Inclusi\u00f3n Social<\/h1>\n\n\n\n<figure class=\"wp-block-image size-large\"><img loading=\"lazy\" decoding=\"async\" width=\"1024\" height=\"576\" src=\"https:\/\/aldaia.es\/wp-content\/uploads\/2025\/12\/ITINERARIOS-ALDAIA-CON-LOGOS-1024x576.jpg\" alt=\"\" class=\"wp-image-39855\" srcset=\"https:\/\/aldaia.es\/wp-content\/uploads\/2025\/12\/ITINERARIOS-ALDAIA-CON-LOGOS-1024x576.jpg 1024w, https:\/\/aldaia.es\/wp-content\/uploads\/2025\/12\/ITINERARIOS-ALDAIA-CON-LOGOS-300x169.jpg 300w, https:\/\/aldaia.es\/wp-content\/uploads\/2025\/12\/ITINERARIOS-ALDAIA-CON-LOGOS-768x432.jpg 768w, https:\/\/aldaia.es\/wp-content\/uploads\/2025\/12\/ITINERARIOS-ALDAIA-CON-LOGOS-1536x864.jpg 1536w, https:\/\/aldaia.es\/wp-content\/uploads\/2025\/12\/ITINERARIOS-ALDAIA-CON-LOGOS.jpg 1920w\" sizes=\"auto, (max-width: 1024px) 100vw, 1024px\" \/><\/figure>\n\n\n\n<p><a><strong>Programa Fons Social Europeu Plus (FSE+) Comunitat Valenciana 2021-2027<\/strong><\/a><strong><u><\/u><\/strong><\/p>\n\n\n\n<p><strong><u>\u00bfQui\u00e9n puede participar?<\/u><\/strong><\/p>\n\n\n\n<p>Est\u00e1n destinados a las personas titulares de la Renta Valenciana de Inclusi\u00f3n y a las personas que conviven con ellas como parte de su unidad familiar. Todas ellas participan en la elaboraci\u00f3n de un plan de inclusi\u00f3n social y, si procede, tambi\u00e9n de inserci\u00f3n laboral.<\/p>\n\n\n\n<p>Adem\u00e1s, tambi\u00e9n pueden acceder otras personas que lo deseen voluntariamente, especialmente si reciben otras ayudas sociales o se encuentran en una situaci\u00f3n de vulnerabilidad o riesgo de exclusi\u00f3n social, siempre bajo la derivaci\u00f3n de tu Trabajadora Social.<\/p>\n\n\n\n<p><strong><u>\u00bfC\u00f3mo se accede?<\/u><\/strong><\/p>\n\n\n\n<figure class=\"wp-block-image size-large\"><img loading=\"lazy\" decoding=\"async\" width=\"1024\" height=\"576\" src=\"https:\/\/aldaia.es\/wp-content\/uploads\/2025\/12\/FLECHAS-DERIVACION-1024x576.jpg\" alt=\"\" class=\"wp-image-39857\" srcset=\"https:\/\/aldaia.es\/wp-content\/uploads\/2025\/12\/FLECHAS-DERIVACION-1024x576.jpg 1024w, https:\/\/aldaia.es\/wp-content\/uploads\/2025\/12\/FLECHAS-DERIVACION-300x169.jpg 300w, https:\/\/aldaia.es\/wp-content\/uploads\/2025\/12\/FLECHAS-DERIVACION-768x432.jpg 768w, https:\/\/aldaia.es\/wp-content\/uploads\/2025\/12\/FLECHAS-DERIVACION-1536x864.jpg 1536w, https:\/\/aldaia.es\/wp-content\/uploads\/2025\/12\/FLECHAS-DERIVACION.jpg 1920w\" sizes=\"auto, (max-width: 1024px) 100vw, 1024px\" \/><\/figure>\n\n\n\n<p><strong><u>\u00bfEn qu\u00e9 consiste?<\/u><\/strong><\/p>\n\n\n\n<p>El programa de itinerarios de inclusi\u00f3n social del Ayuntamiento de Aldaia, es financiado por el Fondo Social Europeo, donde llevamos a cabo distintas acciones, ya sean temporales o continuas, para prevenir y atender situaciones de necesidad social o laboral. Tambi\u00e9n trabajamos en la rehabilitaci\u00f3n, la promoci\u00f3n de la autonom\u00eda personal y la inclusi\u00f3n social de todas las personas.<\/p>\n\n\n\n<p>Adem\u00e1s, ofrecemos apoyo sociosanitario y educativo, ayudando a mejorar la calidad de vida de quienes lo necesiten.<\/p>\n\n\n\n<p>Estas intervenciones se realizan a trav\u00e9s de planes y <strong>programas personalizados, que pueden ser individuales, familiares o grupales<\/strong>. Todo ello est\u00e1 dise\u00f1ado, coordinado y evaluado por profesionales de los servicios sociales de atenci\u00f3n primaria, comprometidos con tu bienestar y el de la comunidad.<\/p>\n\n\n\n<p><strong><u>\u00bfC\u00f3mo trabajamos?<\/u><\/strong><\/p>\n\n\n\n<p>Nuestro programa incluye diferentes acciones pensadas para apoyarte en tu camino hacia una vida m\u00e1s plena y participativa.<\/p>\n\n\n\n<p>Te ofrecemos acogida y acompa\u00f1amiento personal, apoyo para tu desarrollo personal, familiar y social, as\u00ed como formaci\u00f3n b\u00e1sica y mejora de competencias que te ayudar\u00e1n en tu d\u00eda a d\u00eda. Adem\u00e1s, te orientamos y derivamos hacia itinerarios de inserci\u00f3n laboral, para facilitar tu acceso al empleo.<\/p>\n\n\n\n<p>Para llevar a cabo estos itinerarios contamos con la colaboraci\u00f3n de:<\/p>\n\n\n\n<ul class=\"wp-block-list\">\n<li>Servicios sociales<\/li>\n\n\n\n<li>Educaci\u00f3n<\/li>\n\n\n\n<li>Empleo<\/li>\n\n\n\n<li>Formaci\u00f3n<\/li>\n\n\n\n<li>Sanidad<\/li>\n\n\n\n<li>Vivienda<\/li>\n\n\n\n<li>Entidades sociales del tercer sector<\/li>\n<\/ul>\n\n\n\n<figure class=\"wp-block-image size-large\"><img loading=\"lazy\" decoding=\"async\" width=\"1024\" height=\"576\" src=\"https:\/\/aldaia.es\/wp-content\/uploads\/2025\/12\/IMAGEN-FINAL-1-1024x576.jpg\" alt=\"\" class=\"wp-image-39864\" srcset=\"https:\/\/aldaia.es\/wp-content\/uploads\/2025\/12\/IMAGEN-FINAL-1-1024x576.jpg 1024w, https:\/\/aldaia.es\/wp-content\/uploads\/2025\/12\/IMAGEN-FINAL-1-300x169.jpg 300w, https:\/\/aldaia.es\/wp-content\/uploads\/2025\/12\/IMAGEN-FINAL-1-768x432.jpg 768w, https:\/\/aldaia.es\/wp-content\/uploads\/2025\/12\/IMAGEN-FINAL-1-1536x864.jpg 1536w, https:\/\/aldaia.es\/wp-content\/uploads\/2025\/12\/IMAGEN-FINAL-1.jpg 1920w\" sizes=\"auto, (max-width: 1024px) 100vw, 1024px\" \/><\/figure>\n<\/div>\n<\/div>\n","protected":false},"excerpt":{"rendered":"<p>Itinerarios de Inclusi\u00f3n Social Programa Fons Social Europeu Plus (FSE+) Comunitat Valenciana 2021-2027 \u00bfQui\u00e9n puede participar? Est\u00e1n destinados a las personas titulares de la Renta Valenciana de Inclusi\u00f3n y a <a class=\"text-decoration-none text-black\" href=\"https:\/\/aldaia.es\/es\/servicios-sociales-e-igualdad\/servicios-sociales\/gestion-de-la-renta-valenciana-de-inclusion\/\"> &#8230; <\/a><\/p>\n","protected":false},"author":42,"featured_media":0,"parent":27901,"menu_order":0,"comment_status":"closed","ping_status":"closed","template":"basic-page-departamentos.php","meta":{"_acf_changed":false,"footnotes":""},"class_list":["post-6340","page","type-page","status-publish","hentry"],"acf":[],"yoast_head":"<!-- This site is optimized with the Yoast SEO plugin v27.0 - https:\/\/yoast.com\/product\/yoast-seo-wordpress\/ -->\n<title>Gesti\u00f3n de la Renta Valenciana de Inclusi\u00f3n - Ayuntamiento de Aldaia<\/title>\n<meta name=\"robots\" content=\"index, follow, max-snippet:-1, max-image-preview:large, max-video-preview:-1\" \/>\n<link rel=\"canonical\" href=\"https:\/\/aldaia.es\/es\/servicios-sociales-e-igualdad\/servicios-sociales\/gestion-de-la-renta-valenciana-de-inclusion\/\" \/>\n<meta property=\"og:locale\" content=\"es_ES\" \/>\n<meta property=\"og:type\" content=\"article\" \/>\n<meta property=\"og:title\" content=\"Gesti\u00f3n de la Renta Valenciana de Inclusi\u00f3n - Ayuntamiento de Aldaia\" \/>\n<meta property=\"og:description\" content=\"Itinerarios de Inclusi\u00f3n Social Programa Fons Social Europeu Plus (FSE+) Comunitat Valenciana 2021-2027 \u00bfQui\u00e9n puede participar? Est\u00e1n destinados a las personas titulares de la Renta Valenciana de Inclusi\u00f3n y a ...\" \/>\n<meta property=\"og:url\" content=\"https:\/\/aldaia.es\/es\/servicios-sociales-e-igualdad\/servicios-sociales\/gestion-de-la-renta-valenciana-de-inclusion\/\" \/>\n<meta property=\"og:site_name\" content=\"Ayuntamiento de Aldaia\" \/>\n<meta property=\"article:modified_time\" content=\"2025-12-01T09:04:32+00:00\" \/>\n<meta property=\"og:image\" content=\"https:\/\/aldaia.es\/wp-content\/uploads\/2025\/12\/ITINERARIOS-ALDAIA-CON-LOGOS.jpg\" \/>\n\t<meta property=\"og:image:width\" content=\"1920\" \/>\n\t<meta property=\"og:image:height\" content=\"1080\" \/>\n\t<meta property=\"og:image:type\" content=\"image\/jpeg\" \/>\n<script type=\"application\/ld+json\" class=\"yoast-schema-graph\">{\"@context\":\"https:\/\/schema.org\",\"@graph\":[{\"@type\":\"WebPage\",\"@id\":\"https:\/\/aldaia.es\/es\/servicios-sociales-e-igualdad\/servicios-sociales\/gestion-de-la-renta-valenciana-de-inclusion\/\",\"url\":\"https:\/\/aldaia.es\/es\/servicios-sociales-e-igualdad\/servicios-sociales\/gestion-de-la-renta-valenciana-de-inclusion\/\",\"name\":\"Gesti\u00f3n de la Renta Valenciana de Inclusi\u00f3n - Ayuntamiento de Aldaia\",\"isPartOf\":{\"@id\":\"https:\/\/aldaia.es\/es\/#website\"},\"primaryImageOfPage\":{\"@id\":\"https:\/\/aldaia.es\/es\/servicios-sociales-e-igualdad\/servicios-sociales\/gestion-de-la-renta-valenciana-de-inclusion\/#primaryimage\"},\"image\":{\"@id\":\"https:\/\/aldaia.es\/es\/servicios-sociales-e-igualdad\/servicios-sociales\/gestion-de-la-renta-valenciana-de-inclusion\/#primaryimage\"},\"thumbnailUrl\":\"https:\/\/aldaia.es\/wp-content\/uploads\/2025\/12\/ITINERARIOS-ALDAIA-CON-LOGOS-1024x576.jpg\",\"datePublished\":\"2023-01-19T10:15:11+00:00\",\"dateModified\":\"2025-12-01T09:04:32+00:00\",\"breadcrumb\":{\"@id\":\"https:\/\/aldaia.es\/es\/servicios-sociales-e-igualdad\/servicios-sociales\/gestion-de-la-renta-valenciana-de-inclusion\/#breadcrumb\"},\"inLanguage\":\"es\",\"potentialAction\":[{\"@type\":\"ReadAction\",\"target\":[\"https:\/\/aldaia.es\/es\/servicios-sociales-e-igualdad\/servicios-sociales\/gestion-de-la-renta-valenciana-de-inclusion\/\"]}]},{\"@type\":\"ImageObject\",\"inLanguage\":\"es\",\"@id\":\"https:\/\/aldaia.es\/es\/servicios-sociales-e-igualdad\/servicios-sociales\/gestion-de-la-renta-valenciana-de-inclusion\/#primaryimage\",\"url\":\"https:\/\/aldaia.es\/wp-content\/uploads\/2025\/12\/ITINERARIOS-ALDAIA-CON-LOGOS-1024x576.jpg\",\"contentUrl\":\"https:\/\/aldaia.es\/wp-content\/uploads\/2025\/12\/ITINERARIOS-ALDAIA-CON-LOGOS-1024x576.jpg\"},{\"@type\":\"BreadcrumbList\",\"@id\":\"https:\/\/aldaia.es\/es\/servicios-sociales-e-igualdad\/servicios-sociales\/gestion-de-la-renta-valenciana-de-inclusion\/#breadcrumb\",\"itemListElement\":[{\"@type\":\"ListItem\",\"position\":1,\"name\":\"Portada\",\"item\":\"https:\/\/aldaia.es\/es\/\"},{\"@type\":\"ListItem\",\"position\":2,\"name\":\"Servicios Sociales e Igualdad\",\"item\":\"https:\/\/aldaia.es\/es\/servicios-sociales-e-igualdad\/\"},{\"@type\":\"ListItem\",\"position\":3,\"name\":\"Servicios sociales\",\"item\":\"https:\/\/aldaia.es\/es\/servicios-sociales-e-igualdad\/servicios-sociales\/\"},{\"@type\":\"ListItem\",\"position\":4,\"name\":\"Gesti\u00f3n de la Renta Valenciana de Inclusi\u00f3n\"}]},{\"@type\":\"WebSite\",\"@id\":\"https:\/\/aldaia.es\/es\/#website\",\"url\":\"https:\/\/aldaia.es\/es\/\",\"name\":\"Ajuntament D'Aldaia\",\"description\":\"\",\"publisher\":{\"@id\":\"https:\/\/aldaia.es\/es\/#organization\"},\"alternateName\":\"Ajuntament D'Aldaia\",\"potentialAction\":[{\"@type\":\"SearchAction\",\"target\":{\"@type\":\"EntryPoint\",\"urlTemplate\":\"https:\/\/aldaia.es\/es\/?s={search_term_string}\"},\"query-input\":{\"@type\":\"PropertyValueSpecification\",\"valueRequired\":true,\"valueName\":\"search_term_string\"}}],\"inLanguage\":\"es\"},{\"@type\":\"Organization\",\"@id\":\"https:\/\/aldaia.es\/es\/#organization\",\"name\":\"Ajuntament D'Aldaia\",\"url\":\"https:\/\/aldaia.es\/es\/\",\"logo\":{\"@type\":\"ImageObject\",\"inLanguage\":\"es\",\"@id\":\"https:\/\/aldaia.es\/es\/#\/schema\/logo\/image\/\",\"url\":\"https:\/\/aldaia.es\/wp-content\/uploads\/2022\/06\/aldaia-negro-1.png\",\"contentUrl\":\"https:\/\/aldaia.es\/wp-content\/uploads\/2022\/06\/aldaia-negro-1.png\",\"width\":152,\"height\":70,\"caption\":\"Ajuntament D'Aldaia\"},\"image\":{\"@id\":\"https:\/\/aldaia.es\/es\/#\/schema\/logo\/image\/\"}}]}<\/script>\n<!-- \/ Yoast SEO plugin. -->","yoast_head_json":{"title":"Gesti\u00f3n de la Renta Valenciana de Inclusi\u00f3n - Ayuntamiento de Aldaia","robots":{"index":"index","follow":"follow","max-snippet":"max-snippet:-1","max-image-preview":"max-image-preview:large","max-video-preview":"max-video-preview:-1"},"canonical":"https:\/\/aldaia.es\/es\/servicios-sociales-e-igualdad\/servicios-sociales\/gestion-de-la-renta-valenciana-de-inclusion\/","og_locale":"es_ES","og_type":"article","og_title":"Gesti\u00f3n de la Renta Valenciana de Inclusi\u00f3n - Ayuntamiento de Aldaia","og_description":"Itinerarios de Inclusi\u00f3n Social Programa Fons Social Europeu Plus (FSE+) Comunitat Valenciana 2021-2027 \u00bfQui\u00e9n puede participar? Est\u00e1n destinados a las personas titulares de la Renta Valenciana de Inclusi\u00f3n y a ...","og_url":"https:\/\/aldaia.es\/es\/servicios-sociales-e-igualdad\/servicios-sociales\/gestion-de-la-renta-valenciana-de-inclusion\/","og_site_name":"Ayuntamiento de Aldaia","article_modified_time":"2025-12-01T09:04:32+00:00","og_image":[{"width":1920,"height":1080,"url":"https:\/\/aldaia.es\/wp-content\/uploads\/2025\/12\/ITINERARIOS-ALDAIA-CON-LOGOS.jpg","type":"image\/jpeg"}],"schema":{"@context":"https:\/\/schema.org","@graph":[{"@type":"WebPage","@id":"https:\/\/aldaia.es\/es\/servicios-sociales-e-igualdad\/servicios-sociales\/gestion-de-la-renta-valenciana-de-inclusion\/","url":"https:\/\/aldaia.es\/es\/servicios-sociales-e-igualdad\/servicios-sociales\/gestion-de-la-renta-valenciana-de-inclusion\/","name":"Gesti\u00f3n de la Renta Valenciana de Inclusi\u00f3n - Ayuntamiento de Aldaia","isPartOf":{"@id":"https:\/\/aldaia.es\/es\/#website"},"primaryImageOfPage":{"@id":"https:\/\/aldaia.es\/es\/servicios-sociales-e-igualdad\/servicios-sociales\/gestion-de-la-renta-valenciana-de-inclusion\/#primaryimage"},"image":{"@id":"https:\/\/aldaia.es\/es\/servicios-sociales-e-igualdad\/servicios-sociales\/gestion-de-la-renta-valenciana-de-inclusion\/#primaryimage"},"thumbnailUrl":"https:\/\/aldaia.es\/wp-content\/uploads\/2025\/12\/ITINERARIOS-ALDAIA-CON-LOGOS-1024x576.jpg","datePublished":"2023-01-19T10:15:11+00:00","dateModified":"2025-12-01T09:04:32+00:00","breadcrumb":{"@id":"https:\/\/aldaia.es\/es\/servicios-sociales-e-igualdad\/servicios-sociales\/gestion-de-la-renta-valenciana-de-inclusion\/#breadcrumb"},"inLanguage":"es","potentialAction":[{"@type":"ReadAction","target":["https:\/\/aldaia.es\/es\/servicios-sociales-e-igualdad\/servicios-sociales\/gestion-de-la-renta-valenciana-de-inclusion\/"]}]},{"@type":"ImageObject","inLanguage":"es","@id":"https:\/\/aldaia.es\/es\/servicios-sociales-e-igualdad\/servicios-sociales\/gestion-de-la-renta-valenciana-de-inclusion\/#primaryimage","url":"https:\/\/aldaia.es\/wp-content\/uploads\/2025\/12\/ITINERARIOS-ALDAIA-CON-LOGOS-1024x576.jpg","contentUrl":"https:\/\/aldaia.es\/wp-content\/uploads\/2025\/12\/ITINERARIOS-ALDAIA-CON-LOGOS-1024x576.jpg"},{"@type":"BreadcrumbList","@id":"https:\/\/aldaia.es\/es\/servicios-sociales-e-igualdad\/servicios-sociales\/gestion-de-la-renta-valenciana-de-inclusion\/#breadcrumb","itemListElement":[{"@type":"ListItem","position":1,"name":"Portada","item":"https:\/\/aldaia.es\/es\/"},{"@type":"ListItem","position":2,"name":"Servicios Sociales e Igualdad","item":"https:\/\/aldaia.es\/es\/servicios-sociales-e-igualdad\/"},{"@type":"ListItem","position":3,"name":"Servicios sociales","item":"https:\/\/aldaia.es\/es\/servicios-sociales-e-igualdad\/servicios-sociales\/"},{"@type":"ListItem","position":4,"name":"Gesti\u00f3n de la Renta Valenciana de Inclusi\u00f3n"}]},{"@type":"WebSite","@id":"https:\/\/aldaia.es\/es\/#website","url":"https:\/\/aldaia.es\/es\/","name":"Ajuntament D'Aldaia","description":"","publisher":{"@id":"https:\/\/aldaia.es\/es\/#organization"},"alternateName":"Ajuntament D'Aldaia","potentialAction":[{"@type":"SearchAction","target":{"@type":"EntryPoint","urlTemplate":"https:\/\/aldaia.es\/es\/?s={search_term_string}"},"query-input":{"@type":"PropertyValueSpecification","valueRequired":true,"valueName":"search_term_string"}}],"inLanguage":"es"},{"@type":"Organization","@id":"https:\/\/aldaia.es\/es\/#organization","name":"Ajuntament D'Aldaia","url":"https:\/\/aldaia.es\/es\/","logo":{"@type":"ImageObject","inLanguage":"es","@id":"https:\/\/aldaia.es\/es\/#\/schema\/logo\/image\/","url":"https:\/\/aldaia.es\/wp-content\/uploads\/2022\/06\/aldaia-negro-1.png","contentUrl":"https:\/\/aldaia.es\/wp-content\/uploads\/2022\/06\/aldaia-negro-1.png","width":152,"height":70,"caption":"Ajuntament D'Aldaia"},"image":{"@id":"https:\/\/aldaia.es\/es\/#\/schema\/logo\/image\/"}}]}},"_links":{"self":[{"href":"https:\/\/aldaia.es\/es\/wp-json\/wp\/v2\/pages\/6340","targetHints":{"allow":["GET"]}}],"collection":[{"href":"https:\/\/aldaia.es\/es\/wp-json\/wp\/v2\/pages"}],"about":[{"href":"https:\/\/aldaia.es\/es\/wp-json\/wp\/v2\/types\/page"}],"author":[{"embeddable":true,"href":"https:\/\/aldaia.es\/es\/wp-json\/wp\/v2\/users\/42"}],"replies":[{"embeddable":true,"href":"https:\/\/aldaia.es\/es\/wp-json\/wp\/v2\/comments?post=6340"}],"version-history":[{"count":5,"href":"https:\/\/aldaia.es\/es\/wp-json\/wp\/v2\/pages\/6340\/revisions"}],"predecessor-version":[{"id":39865,"href":"https:\/\/aldaia.es\/es\/wp-json\/wp\/v2\/pages\/6340\/revisions\/39865"}],"up":[{"embeddable":true,"href":"https:\/\/aldaia.es\/es\/wp-json\/wp\/v2\/pages\/27901"}],"wp:attachment":[{"href":"https:\/\/aldaia.es\/es\/wp-json\/wp\/v2\/media?parent=6340"}],"curies":[{"name":"wp","href":"https:\/\/api.w.org\/{rel}","templated":true}]}}