{"id":6350,"date":"2023-01-18T18:45:19","date_gmt":"2023-01-18T17:45:19","guid":{"rendered":"https:\/\/aldaia.eu\/agencia-de-fomento-e-iniciativas-comerciales-%c2%b7-afic\/"},"modified":"2024-09-06T13:22:06","modified_gmt":"2024-09-06T11:22:06","slug":"agencia-de-fomento-e-iniciativas-comerciales-%c2%b7-afic","status":"publish","type":"page","link":"https:\/\/aldaia.es\/es\/adl-y-comercio\/comercio-y-empresas\/agencia-de-fomento-e-iniciativas-comerciales-%c2%b7-afic\/","title":{"rendered":"Agencia de Fomento e Iniciativas Comerciales \u00b7 AFIC"},"content":{"rendered":"\n<div class=\"wp-block-columns dep-adl is-layout-flex wp-container-core-columns-is-layout-9d6595d7 wp-block-columns-is-layout-flex\">\n<div class=\"wp-block-column is-layout-flow wp-block-column-is-layout-flow\">\n<h1 class=\"wp-block-heading\">Agencia de Fomento e Iniciativas Comerciales \u00b7 AFIC<\/h1>\n\n\n\n<p>Asesoramiento y orientaci\u00f3n en materia de comercio (campa\u00f1as comerciales, ferias, promociones, horarios comerciales, ocupaci\u00f3n de la v\u00eda p\u00fablica comercial, etc&#8230;)<\/p>\n\n\n\n<div style=\"height:31px\" aria-hidden=\"true\" class=\"wp-block-spacer\"><\/div>\n\n\n\n<div class=\"wp-block-columns is-layout-flex wp-container-core-columns-is-layout-9d6595d7 wp-block-columns-is-layout-flex\">\n<div class=\"wp-block-column lista_adjuntos is-layout-flow wp-block-column-is-layout-flow\">\n<h2 class=\"wp-block-heading display-4\">Enlaces<\/h2>\n\n\n\n<p><i class=\"fas fa-link\"><\/i> <a href=\"https:\/\/transparencia.aldaia.es\/es\/adl-comerc\/page\/agencia-fomento-e-iniciativas-comerciales-afic\" target=\"_blank\" rel=\"noreferrer noopener\">Transparencia<\/a><\/p>\n<\/div>\n<\/div>\n<\/div>\n<\/div>\n","protected":false},"excerpt":{"rendered":"<p>Agencia de Fomento e Iniciativas Comerciales \u00b7 AFIC Asesoramiento y orientaci\u00f3n en materia de comercio (campa\u00f1as comerciales, ferias, promociones, horarios comerciales, ocupaci\u00f3n de la v\u00eda p\u00fablica comercial, etc&#8230;) Enlaces Transparencia <a class=\"text-decoration-none text-black\" href=\"https:\/\/aldaia.es\/es\/adl-y-comercio\/comercio-y-empresas\/agencia-de-fomento-e-iniciativas-comerciales-%c2%b7-afic\/\"> &#8230; <\/a><\/p>\n","protected":false},"author":2,"featured_media":0,"parent":6356,"menu_order":0,"comment_status":"closed","ping_status":"closed","template":"basic-page-departamentos.php","meta":{"_acf_changed":false,"footnotes":""},"class_list":["post-6350","page","type-page","status-publish","hentry"],"acf":[],"yoast_head":"<!-- This site is optimized with the Yoast SEO plugin v27.0 - https:\/\/yoast.com\/product\/yoast-seo-wordpress\/ -->\n<title>Agencia de Fomento e Iniciativas Comerciales \u00b7 AFIC - Ayuntamiento de Aldaia<\/title>\n<meta name=\"robots\" content=\"index, follow, max-snippet:-1, max-image-preview:large, max-video-preview:-1\" \/>\n<link rel=\"canonical\" href=\"https:\/\/aldaia.es\/es\/adl-y-comercio\/comercio-y-empresas\/agencia-de-fomento-e-iniciativas-comerciales-%c2%b7-afic\/\" \/>\n<meta property=\"og:locale\" content=\"es_ES\" \/>\n<meta property=\"og:type\" content=\"article\" \/>\n<meta property=\"og:title\" content=\"Agencia de Fomento e Iniciativas Comerciales \u00b7 AFIC - Ayuntamiento de Aldaia\" \/>\n<meta property=\"og:description\" content=\"Agencia de Fomento e Iniciativas Comerciales \u00b7 AFIC Asesoramiento y orientaci\u00f3n en materia de comercio (campa\u00f1as comerciales, ferias, promociones, horarios comerciales, ocupaci\u00f3n de la v\u00eda p\u00fablica comercial, etc&#8230;) Enlaces Transparencia ...\" \/>\n<meta property=\"og:url\" content=\"https:\/\/aldaia.es\/es\/adl-y-comercio\/comercio-y-empresas\/agencia-de-fomento-e-iniciativas-comerciales-%c2%b7-afic\/\" \/>\n<meta property=\"og:site_name\" content=\"Ayuntamiento de Aldaia\" \/>\n<meta property=\"article:modified_time\" content=\"2024-09-06T11:22:06+00:00\" \/>\n<script type=\"application\/ld+json\" class=\"yoast-schema-graph\">{\"@context\":\"https:\/\/schema.org\",\"@graph\":[{\"@type\":\"WebPage\",\"@id\":\"https:\/\/aldaia.es\/es\/adl-y-comercio\/comercio-y-empresas\/agencia-de-fomento-e-iniciativas-comerciales-%c2%b7-afic\/\",\"url\":\"https:\/\/aldaia.es\/es\/adl-y-comercio\/comercio-y-empresas\/agencia-de-fomento-e-iniciativas-comerciales-%c2%b7-afic\/\",\"name\":\"Agencia de Fomento e Iniciativas Comerciales \u00b7 AFIC - Ayuntamiento de Aldaia\",\"isPartOf\":{\"@id\":\"https:\/\/aldaia.es\/es\/#website\"},\"datePublished\":\"2023-01-18T17:45:19+00:00\",\"dateModified\":\"2024-09-06T11:22:06+00:00\",\"breadcrumb\":{\"@id\":\"https:\/\/aldaia.es\/es\/adl-y-comercio\/comercio-y-empresas\/agencia-de-fomento-e-iniciativas-comerciales-%c2%b7-afic\/#breadcrumb\"},\"inLanguage\":\"es\",\"potentialAction\":[{\"@type\":\"ReadAction\",\"target\":[\"https:\/\/aldaia.es\/es\/adl-y-comercio\/comercio-y-empresas\/agencia-de-fomento-e-iniciativas-comerciales-%c2%b7-afic\/\"]}]},{\"@type\":\"BreadcrumbList\",\"@id\":\"https:\/\/aldaia.es\/es\/adl-y-comercio\/comercio-y-empresas\/agencia-de-fomento-e-iniciativas-comerciales-%c2%b7-afic\/#breadcrumb\",\"itemListElement\":[{\"@type\":\"ListItem\",\"position\":1,\"name\":\"Portada\",\"item\":\"https:\/\/aldaia.es\/es\/\"},{\"@type\":\"ListItem\",\"position\":2,\"name\":\"ADL y Comercio\",\"item\":\"https:\/\/aldaia.es\/es\/adl-y-comercio\/\"},{\"@type\":\"ListItem\",\"position\":3,\"name\":\"Comercio y Empresas\",\"item\":\"https:\/\/aldaia.es\/es\/adl-y-comercio\/comercio-y-empresas\/\"},{\"@type\":\"ListItem\",\"position\":4,\"name\":\"Agencia de Fomento e Iniciativas Comerciales \u00b7 AFIC\"}]},{\"@type\":\"WebSite\",\"@id\":\"https:\/\/aldaia.es\/es\/#website\",\"url\":\"https:\/\/aldaia.es\/es\/\",\"name\":\"Ajuntament D'Aldaia\",\"description\":\"\",\"publisher\":{\"@id\":\"https:\/\/aldaia.es\/es\/#organization\"},\"alternateName\":\"Ajuntament D'Aldaia\",\"potentialAction\":[{\"@type\":\"SearchAction\",\"target\":{\"@type\":\"EntryPoint\",\"urlTemplate\":\"https:\/\/aldaia.es\/es\/?s={search_term_string}\"},\"query-input\":{\"@type\":\"PropertyValueSpecification\",\"valueRequired\":true,\"valueName\":\"search_term_string\"}}],\"inLanguage\":\"es\"},{\"@type\":\"Organization\",\"@id\":\"https:\/\/aldaia.es\/es\/#organization\",\"name\":\"Ajuntament D'Aldaia\",\"url\":\"https:\/\/aldaia.es\/es\/\",\"logo\":{\"@type\":\"ImageObject\",\"inLanguage\":\"es\",\"@id\":\"https:\/\/aldaia.es\/es\/#\/schema\/logo\/image\/\",\"url\":\"https:\/\/aldaia.es\/wp-content\/uploads\/2022\/06\/aldaia-negro-1.png\",\"contentUrl\":\"https:\/\/aldaia.es\/wp-content\/uploads\/2022\/06\/aldaia-negro-1.png\",\"width\":152,\"height\":70,\"caption\":\"Ajuntament D'Aldaia\"},\"image\":{\"@id\":\"https:\/\/aldaia.es\/es\/#\/schema\/logo\/image\/\"}}]}<\/script>\n<!-- \/ Yoast SEO plugin. -->","yoast_head_json":{"title":"Agencia de Fomento e Iniciativas Comerciales \u00b7 AFIC - Ayuntamiento de Aldaia","robots":{"index":"index","follow":"follow","max-snippet":"max-snippet:-1","max-image-preview":"max-image-preview:large","max-video-preview":"max-video-preview:-1"},"canonical":"https:\/\/aldaia.es\/es\/adl-y-comercio\/comercio-y-empresas\/agencia-de-fomento-e-iniciativas-comerciales-%c2%b7-afic\/","og_locale":"es_ES","og_type":"article","og_title":"Agencia de Fomento e Iniciativas Comerciales \u00b7 AFIC - Ayuntamiento de Aldaia","og_description":"Agencia de Fomento e Iniciativas Comerciales \u00b7 AFIC Asesoramiento y orientaci\u00f3n en materia de comercio (campa\u00f1as comerciales, ferias, promociones, horarios comerciales, ocupaci\u00f3n de la v\u00eda p\u00fablica comercial, etc&#8230;) Enlaces Transparencia ...","og_url":"https:\/\/aldaia.es\/es\/adl-y-comercio\/comercio-y-empresas\/agencia-de-fomento-e-iniciativas-comerciales-%c2%b7-afic\/","og_site_name":"Ayuntamiento de Aldaia","article_modified_time":"2024-09-06T11:22:06+00:00","schema":{"@context":"https:\/\/schema.org","@graph":[{"@type":"WebPage","@id":"https:\/\/aldaia.es\/es\/adl-y-comercio\/comercio-y-empresas\/agencia-de-fomento-e-iniciativas-comerciales-%c2%b7-afic\/","url":"https:\/\/aldaia.es\/es\/adl-y-comercio\/comercio-y-empresas\/agencia-de-fomento-e-iniciativas-comerciales-%c2%b7-afic\/","name":"Agencia de Fomento e Iniciativas Comerciales \u00b7 AFIC - Ayuntamiento de Aldaia","isPartOf":{"@id":"https:\/\/aldaia.es\/es\/#website"},"datePublished":"2023-01-18T17:45:19+00:00","dateModified":"2024-09-06T11:22:06+00:00","breadcrumb":{"@id":"https:\/\/aldaia.es\/es\/adl-y-comercio\/comercio-y-empresas\/agencia-de-fomento-e-iniciativas-comerciales-%c2%b7-afic\/#breadcrumb"},"inLanguage":"es","potentialAction":[{"@type":"ReadAction","target":["https:\/\/aldaia.es\/es\/adl-y-comercio\/comercio-y-empresas\/agencia-de-fomento-e-iniciativas-comerciales-%c2%b7-afic\/"]}]},{"@type":"BreadcrumbList","@id":"https:\/\/aldaia.es\/es\/adl-y-comercio\/comercio-y-empresas\/agencia-de-fomento-e-iniciativas-comerciales-%c2%b7-afic\/#breadcrumb","itemListElement":[{"@type":"ListItem","position":1,"name":"Portada","item":"https:\/\/aldaia.es\/es\/"},{"@type":"ListItem","position":2,"name":"ADL y Comercio","item":"https:\/\/aldaia.es\/es\/adl-y-comercio\/"},{"@type":"ListItem","position":3,"name":"Comercio y Empresas","item":"https:\/\/aldaia.es\/es\/adl-y-comercio\/comercio-y-empresas\/"},{"@type":"ListItem","position":4,"name":"Agencia de Fomento e Iniciativas Comerciales \u00b7 AFIC"}]},{"@type":"WebSite","@id":"https:\/\/aldaia.es\/es\/#website","url":"https:\/\/aldaia.es\/es\/","name":"Ajuntament D'Aldaia","description":"","publisher":{"@id":"https:\/\/aldaia.es\/es\/#organization"},"alternateName":"Ajuntament D'Aldaia","potentialAction":[{"@type":"SearchAction","target":{"@type":"EntryPoint","urlTemplate":"https:\/\/aldaia.es\/es\/?s={search_term_string}"},"query-input":{"@type":"PropertyValueSpecification","valueRequired":true,"valueName":"search_term_string"}}],"inLanguage":"es"},{"@type":"Organization","@id":"https:\/\/aldaia.es\/es\/#organization","name":"Ajuntament D'Aldaia","url":"https:\/\/aldaia.es\/es\/","logo":{"@type":"ImageObject","inLanguage":"es","@id":"https:\/\/aldaia.es\/es\/#\/schema\/logo\/image\/","url":"https:\/\/aldaia.es\/wp-content\/uploads\/2022\/06\/aldaia-negro-1.png","contentUrl":"https:\/\/aldaia.es\/wp-content\/uploads\/2022\/06\/aldaia-negro-1.png","width":152,"height":70,"caption":"Ajuntament D'Aldaia"},"image":{"@id":"https:\/\/aldaia.es\/es\/#\/schema\/logo\/image\/"}}]}},"_links":{"self":[{"href":"https:\/\/aldaia.es\/es\/wp-json\/wp\/v2\/pages\/6350","targetHints":{"allow":["GET"]}}],"collection":[{"href":"https:\/\/aldaia.es\/es\/wp-json\/wp\/v2\/pages"}],"about":[{"href":"https:\/\/aldaia.es\/es\/wp-json\/wp\/v2\/types\/page"}],"author":[{"embeddable":true,"href":"https:\/\/aldaia.es\/es\/wp-json\/wp\/v2\/users\/2"}],"replies":[{"embeddable":true,"href":"https:\/\/aldaia.es\/es\/wp-json\/wp\/v2\/comments?post=6350"}],"version-history":[{"count":3,"href":"https:\/\/aldaia.es\/es\/wp-json\/wp\/v2\/pages\/6350\/revisions"}],"predecessor-version":[{"id":31106,"href":"https:\/\/aldaia.es\/es\/wp-json\/wp\/v2\/pages\/6350\/revisions\/31106"}],"up":[{"embeddable":true,"href":"https:\/\/aldaia.es\/es\/wp-json\/wp\/v2\/pages\/6356"}],"wp:attachment":[{"href":"https:\/\/aldaia.es\/es\/wp-json\/wp\/v2\/media?parent=6350"}],"curies":[{"name":"wp","href":"https:\/\/api.w.org\/{rel}","templated":true}]}}