{"id":6354,"date":"2022-08-29T14:04:59","date_gmt":"2022-08-29T12:04:59","guid":{"rendered":"https:\/\/aldaia.eu\/centro-matilde-salvador\/"},"modified":"2025-10-23T17:20:02","modified_gmt":"2025-10-23T15:20:02","slug":"centro-sociocultural-matilde-salvador","status":"publish","type":"page","link":"https:\/\/aldaia.es\/es\/juventud\/centro-sociocultural-matilde-salvador\/","title":{"rendered":"Centro Matilde Salvador"},"content":{"rendered":"\n<div class=\"wp-block-columns dep-juventud is-layout-flex wp-container-core-columns-is-layout-9d6595d7 wp-block-columns-is-layout-flex\">\n<div class=\"wp-block-column is-layout-flow wp-block-column-is-layout-flow\" style=\"flex-basis:30%\"><!--  Info juventud -->\n\n \n\n<div class='bloque-infos-juventud wrapper-departamentos'>\n<p class=\"tit-bloque-infos\">Centro Gent Jove<\/p>\n    <div class='infos-departamento'>\n        <p>Plaza Constituci\u00f3n, 10, 46960 Aldaia Valencia<\/p>\n        <p><i class=\"fa fa-phone\" aria-hidden=\"true\"><\/i> <a href=\"tel:+34964636246\">+34 964 636 246<\/a><\/p>\n        <p><strong>Horario:<\/strong> De lunes a viernes de 9h a 21h.<\/p>\n        <p><a href=\"https:\/\/www.facebook.com\/centrematildesalvador\/\" target=\"_blank\" rel=\"noreferrer noopener\"><i class=\"fab fa-facebook\"><\/i><\/a> &nbsp;&nbsp; <a href=\"https:\/\/www.instagram.com\/gentjove_aldaia\/\" target=\"_blank\" rel=\"noreferrer noopener\"><i class=\"fab fa-square-instagram\"><\/i><\/a>  &nbsp;&nbsp;  <a href=\"https:\/\/www.youtube.com\/@gentjove4994\" target=\"_blank\" rel=\"noreferrer noopener\"><i class=\"fab fa-youtube\"><\/i><\/a> <\/p>\n           \n     <\/div>\n\n     <div class='mapa-1'>\n        <iframe src=\"https:\/\/www.google.com\/maps\/embed?pb=!1m18!1m12!1m3!1d622.7679968418242!2d-0.4608059177881311!3d39.465164288659615!2m3!1f0!2f0!3f0!3m2!1i1024!2i768!4f13.1!3m3!1m2!1s0xd6051b0ac582aed%3A0xd3a2ed9d1d945ab0!2sAyuntamiento%20de%20Aldaya!5e0!3m2!1ses!2sus!4v1725979182758!5m2!1ses!2sus\" width=\"100%\" height=\"450\" style=\"border:0;\" allowfullscreen=\"\" loading=\"lazy\" referrerpolicy=\"no-referrer-when-downgrade\"><\/iframe>\n    <\/div>\n<br>\n\n<p class=\"tit-bloque-infos\">Centro Matilde Salvador<\/p>\n    <div class='infos-departamento'>\n        <p>C\/ Maestro Serrano, 42, Piso 1 - Puerta 1, 46960 Aldaia, Valencia<\/p>\n        <p><i class=\"fa fa-phone\" aria-hidden=\"true\"><\/i> <a href=\"tel:+34964636246\">+34 961 988 796<\/a><\/p>\n        <p><strong>Horario:<\/strong> De lunes a viernes de 9h a 14h y de 17h a 21h.<\/p>\n              \n     <\/div>\n\n     <div class='mapa-1'>\n        <iframe src=\"https:\/\/www.google.com\/maps\/embed?pb=!1m18!1m12!1m3!1d3080.501933719872!2d-0.4695230881715891!3d39.457988013314!2m3!1f0!2f0!3f0!3m2!1i1024!2i768!4f13.1!3m3!1m2!1s0xd605038e1ce4193%3A0xdb19ed001da1e3b3!2sCentro%20Sociocultural%20Matilde%20Salvador!5e0!3m2!1ses!2ses!4v1727076403998!5m2!1ses!2ses\" width=\"100%\" height=\"450\" style=\"border:0;\" allowfullscreen=\"\" loading=\"lazy\" referrerpolicy=\"no-referrer-when-downgrade\"><\/iframe>\n    <\/div>\n\n<\/div>\n<!-- end bloque infos -->\n   \n\n    \n\n\n<\/div>\n\n\n\n<div class=\"wp-block-column is-layout-flow wp-block-column-is-layout-flow\" style=\"flex-basis:70%\">\n<h1 class=\"wp-block-heading\">Centro sociocultural Matilde Salvador<\/h1>\n\n\n\n<p>El Centro Matilde Salvador es un espacio sociocultural que, desde hace m\u00e1s de 10 a\u00f1os, funciona como centro c\u00edvico para el desarrollo comunitario y dinamizaci\u00f3n de la participaci\u00f3n. Un gran edificio con oficina CIJ, locales de ensayo, sal\u00f3n de actos (espacio esc\u00e9nico), sala de trabajo en grupo, ciberaula, y salas talleres. Adem\u00e1s del espacio en tr\u00e1nsito (intervenciones art\u00edsticas) y terrazas. Algunos espacios est\u00e1n temporalmente cerrados por la DANA.<\/p>\n\n\n\n<div class=\"wp-block-columns is-layout-flex wp-container-core-columns-is-layout-9d6595d7 wp-block-columns-is-layout-flex\">\n<div class=\"wp-block-column is-layout-flow wp-block-column-is-layout-flow\">\n<figure class=\"wp-block-image size-large\"><img loading=\"lazy\" decoding=\"async\" width=\"1024\" height=\"682\" src=\"https:\/\/aldaia.es\/wp-content\/uploads\/2024\/09\/joventut-aldaia-edifici-matilde-salvador-1024x682.webp\" alt=\"Centre sociocultural Matilde Salvador\" class=\"wp-image-32785\" srcset=\"https:\/\/aldaia.es\/wp-content\/uploads\/2024\/09\/joventut-aldaia-edifici-matilde-salvador-1024x682.webp 1024w, https:\/\/aldaia.es\/wp-content\/uploads\/2024\/09\/joventut-aldaia-edifici-matilde-salvador-300x200.webp 300w, https:\/\/aldaia.es\/wp-content\/uploads\/2024\/09\/joventut-aldaia-edifici-matilde-salvador-768x512.webp 768w, https:\/\/aldaia.es\/wp-content\/uploads\/2024\/09\/joventut-aldaia-edifici-matilde-salvador-1536x1024.webp 1536w, https:\/\/aldaia.es\/wp-content\/uploads\/2024\/09\/joventut-aldaia-edifici-matilde-salvador-150x100.webp 150w, https:\/\/aldaia.es\/wp-content\/uploads\/2024\/09\/joventut-aldaia-edifici-matilde-salvador-696x464.webp 696w, https:\/\/aldaia.es\/wp-content\/uploads\/2024\/09\/joventut-aldaia-edifici-matilde-salvador-1068x712.webp 1068w, https:\/\/aldaia.es\/wp-content\/uploads\/2024\/09\/joventut-aldaia-edifici-matilde-salvador-1920x1280.webp 1920w, https:\/\/aldaia.es\/wp-content\/uploads\/2024\/09\/joventut-aldaia-edifici-matilde-salvador.webp 2000w\" sizes=\"auto, (max-width: 1024px) 100vw, 1024px\" \/><\/figure>\n<\/div>\n\n\n\n<div class=\"wp-block-column is-layout-flow wp-block-column-is-layout-flow\">\n<figure class=\"wp-block-image size-large\"><img loading=\"lazy\" decoding=\"async\" width=\"1024\" height=\"682\" src=\"https:\/\/aldaia.es\/wp-content\/uploads\/2024\/09\/joventut-aldaia-edifici-matilde-salvador-3-1024x682.webp\" alt=\"\" class=\"wp-image-32777\" srcset=\"https:\/\/aldaia.es\/wp-content\/uploads\/2024\/09\/joventut-aldaia-edifici-matilde-salvador-3-1024x682.webp 1024w, https:\/\/aldaia.es\/wp-content\/uploads\/2024\/09\/joventut-aldaia-edifici-matilde-salvador-3-300x200.webp 300w, https:\/\/aldaia.es\/wp-content\/uploads\/2024\/09\/joventut-aldaia-edifici-matilde-salvador-3-768x512.webp 768w, https:\/\/aldaia.es\/wp-content\/uploads\/2024\/09\/joventut-aldaia-edifici-matilde-salvador-3-1536x1024.webp 1536w, https:\/\/aldaia.es\/wp-content\/uploads\/2024\/09\/joventut-aldaia-edifici-matilde-salvador-3-150x100.webp 150w, https:\/\/aldaia.es\/wp-content\/uploads\/2024\/09\/joventut-aldaia-edifici-matilde-salvador-3-696x464.webp 696w, https:\/\/aldaia.es\/wp-content\/uploads\/2024\/09\/joventut-aldaia-edifici-matilde-salvador-3-1068x712.webp 1068w, https:\/\/aldaia.es\/wp-content\/uploads\/2024\/09\/joventut-aldaia-edifici-matilde-salvador-3-1920x1280.webp 1920w, https:\/\/aldaia.es\/wp-content\/uploads\/2024\/09\/joventut-aldaia-edifici-matilde-salvador-3.webp 2000w\" sizes=\"auto, (max-width: 1024px) 100vw, 1024px\" \/><\/figure>\n<\/div>\n<\/div>\n\n\n\n<figure class=\"wp-block-image size-large\"><img loading=\"lazy\" decoding=\"async\" width=\"1024\" height=\"683\" src=\"https:\/\/aldaia.es\/wp-content\/uploads\/2024\/09\/programacio-juvenil-aldaia-1024x683.jpg\" alt=\"talleres\" class=\"wp-image-32821\" srcset=\"https:\/\/aldaia.es\/wp-content\/uploads\/2024\/09\/programacio-juvenil-aldaia-1024x683.jpg 1024w, https:\/\/aldaia.es\/wp-content\/uploads\/2024\/09\/programacio-juvenil-aldaia-300x200.jpg 300w, https:\/\/aldaia.es\/wp-content\/uploads\/2024\/09\/programacio-juvenil-aldaia-768x512.jpg 768w, https:\/\/aldaia.es\/wp-content\/uploads\/2024\/09\/programacio-juvenil-aldaia-150x100.jpg 150w, https:\/\/aldaia.es\/wp-content\/uploads\/2024\/09\/programacio-juvenil-aldaia-696x464.jpg 696w, https:\/\/aldaia.es\/wp-content\/uploads\/2024\/09\/programacio-juvenil-aldaia-1068x712.jpg 1068w, https:\/\/aldaia.es\/wp-content\/uploads\/2024\/09\/programacio-juvenil-aldaia.jpg 1224w\" sizes=\"auto, (max-width: 1024px) 100vw, 1024px\" \/><\/figure>\n<\/div>\n<\/div>\n\n\n\n<div class=\"wp-block-columns is-layout-flex wp-container-core-columns-is-layout-9d6595d7 wp-block-columns-is-layout-flex\">\n<div class=\"wp-block-column lista_adjuntos is-layout-flow wp-block-column-is-layout-flow\">\n<h2 class=\"wp-block-heading  display-4\">Enlaces<\/h2>\n\n\n\n<p><i class=\"fas fa-link\"><\/i> <a href=\"https:\/\/aldaia.es\/es\/juventud\/centro-sociocultural-matilde-salvador\/espacio-sonoro\/\" target=\"_blank\" rel=\"noreferrer noopener\">Espacio Sonoro<\/a><\/p>\n\n\n\n<p><i class=\"fas fa-link\"><\/i> <a href=\"https:\/\/aldaia.es\/es\/juventud\/centro-sociocultural-matilde-salvador\/sala-de-estudios\/\">Sala de trabajo en grupo<\/a><\/p>\n\n\n\n<p><i class=\"fas fa-link\"><\/i> <a href=\"https:\/\/aldaia.es\/es\/juventud\/centro-sociocultural-matilde-salvador\/ciberaula\/\">Ciberaula<\/a><\/p>\n\n\n\n<p><i class=\"fas fa-link\"><\/i> <a href=\"https:\/\/aldaia.es\/es\/juventud\/centro-sociocultural-matilde-salvador\/salas-talleres\/\">Salas Talleres<\/a><\/p>\n<\/div>\n<\/div>\n\n\n\n<div class=\"wp-block-columns is-layout-flex wp-container-core-columns-is-layout-9d6595d7 wp-block-columns-is-layout-flex\">\n<div class=\"wp-block-column lista_adjuntos is-layout-flow wp-block-column-is-layout-flow\">\n<h2 class=\"wp-block-heading  display-4\">Adjuntos<\/h2>\n\n\n\n<p><i class=\"fas fa-file-pdf\"><\/i> <a href=\"https:\/\/aldaia.es\/wp-content\/uploads\/2023\/01\/us_dinternet_gent_jove.pdf\" target=\"_blank\" rel=\"noreferrer noopener\">Normas de Internet<\/a><\/p>\n<\/div>\n<\/div>\n\n\n\n<p><\/p>\n","protected":false},"excerpt":{"rendered":"<p>Centro sociocultural Matilde Salvador El Centro Matilde Salvador es un espacio sociocultural que, desde hace m\u00e1s de 10 a\u00f1os, funciona como centro c\u00edvico para el desarrollo comunitario y dinamizaci\u00f3n de <a class=\"text-decoration-none text-black\" href=\"https:\/\/aldaia.es\/es\/juventud\/centro-sociocultural-matilde-salvador\/\"> &#8230; <\/a><\/p>\n","protected":false},"author":15,"featured_media":0,"parent":6253,"menu_order":0,"comment_status":"closed","ping_status":"closed","template":"basic-page-departamentos.php","meta":{"_acf_changed":false,"footnotes":""},"class_list":["post-6354","page","type-page","status-publish","hentry"],"acf":[],"yoast_head":"<!-- This site is optimized with the Yoast SEO plugin v27.0 - https:\/\/yoast.com\/product\/yoast-seo-wordpress\/ -->\n<title>Centro Matilde Salvador - Ayuntamiento de Aldaia<\/title>\n<meta name=\"robots\" content=\"index, follow, max-snippet:-1, max-image-preview:large, max-video-preview:-1\" \/>\n<link rel=\"canonical\" href=\"https:\/\/aldaia.es\/es\/juventud\/centro-sociocultural-matilde-salvador\/\" \/>\n<meta property=\"og:locale\" content=\"es_ES\" \/>\n<meta property=\"og:type\" content=\"article\" \/>\n<meta property=\"og:title\" content=\"Centro Matilde Salvador - Ayuntamiento de Aldaia\" \/>\n<meta property=\"og:description\" content=\"Centro sociocultural Matilde Salvador El Centro Matilde Salvador es un espacio sociocultural que, desde hace m\u00e1s de 10 a\u00f1os, funciona como centro c\u00edvico para el desarrollo comunitario y dinamizaci\u00f3n de ...\" \/>\n<meta property=\"og:url\" content=\"https:\/\/aldaia.es\/es\/juventud\/centro-sociocultural-matilde-salvador\/\" \/>\n<meta property=\"og:site_name\" content=\"Ayuntamiento de Aldaia\" \/>\n<meta property=\"article:modified_time\" content=\"2025-10-23T15:20:02+00:00\" \/>\n<meta property=\"og:image\" content=\"https:\/\/aldaia.es\/wp-content\/uploads\/2024\/09\/joventut-aldaia-edifici-matilde-salvador.webp\" \/>\n\t<meta property=\"og:image:width\" content=\"2000\" \/>\n\t<meta property=\"og:image:height\" content=\"1333\" \/>\n\t<meta property=\"og:image:type\" content=\"image\/webp\" \/>\n<script type=\"application\/ld+json\" class=\"yoast-schema-graph\">{\"@context\":\"https:\/\/schema.org\",\"@graph\":[{\"@type\":\"WebPage\",\"@id\":\"https:\/\/aldaia.es\/es\/juventud\/centro-sociocultural-matilde-salvador\/\",\"url\":\"https:\/\/aldaia.es\/es\/juventud\/centro-sociocultural-matilde-salvador\/\",\"name\":\"Centro Matilde Salvador - Ayuntamiento de Aldaia\",\"isPartOf\":{\"@id\":\"https:\/\/aldaia.es\/es\/#website\"},\"primaryImageOfPage\":{\"@id\":\"https:\/\/aldaia.es\/es\/juventud\/centro-sociocultural-matilde-salvador\/#primaryimage\"},\"image\":{\"@id\":\"https:\/\/aldaia.es\/es\/juventud\/centro-sociocultural-matilde-salvador\/#primaryimage\"},\"thumbnailUrl\":\"https:\/\/aldaia.es\/wp-content\/uploads\/2024\/09\/joventut-aldaia-edifici-matilde-salvador-1024x682.webp\",\"datePublished\":\"2022-08-29T12:04:59+00:00\",\"dateModified\":\"2025-10-23T15:20:02+00:00\",\"breadcrumb\":{\"@id\":\"https:\/\/aldaia.es\/es\/juventud\/centro-sociocultural-matilde-salvador\/#breadcrumb\"},\"inLanguage\":\"es\",\"potentialAction\":[{\"@type\":\"ReadAction\",\"target\":[\"https:\/\/aldaia.es\/es\/juventud\/centro-sociocultural-matilde-salvador\/\"]}]},{\"@type\":\"ImageObject\",\"inLanguage\":\"es\",\"@id\":\"https:\/\/aldaia.es\/es\/juventud\/centro-sociocultural-matilde-salvador\/#primaryimage\",\"url\":\"https:\/\/aldaia.es\/wp-content\/uploads\/2024\/09\/joventut-aldaia-edifici-matilde-salvador-1024x682.webp\",\"contentUrl\":\"https:\/\/aldaia.es\/wp-content\/uploads\/2024\/09\/joventut-aldaia-edifici-matilde-salvador-1024x682.webp\"},{\"@type\":\"BreadcrumbList\",\"@id\":\"https:\/\/aldaia.es\/es\/juventud\/centro-sociocultural-matilde-salvador\/#breadcrumb\",\"itemListElement\":[{\"@type\":\"ListItem\",\"position\":1,\"name\":\"Portada\",\"item\":\"https:\/\/aldaia.es\/es\/\"},{\"@type\":\"ListItem\",\"position\":2,\"name\":\"Juventud\",\"item\":\"https:\/\/aldaia.es\/es\/juventud\/\"},{\"@type\":\"ListItem\",\"position\":3,\"name\":\"Centro Matilde Salvador\"}]},{\"@type\":\"WebSite\",\"@id\":\"https:\/\/aldaia.es\/es\/#website\",\"url\":\"https:\/\/aldaia.es\/es\/\",\"name\":\"Ajuntament D'Aldaia\",\"description\":\"\",\"publisher\":{\"@id\":\"https:\/\/aldaia.es\/es\/#organization\"},\"alternateName\":\"Ajuntament D'Aldaia\",\"potentialAction\":[{\"@type\":\"SearchAction\",\"target\":{\"@type\":\"EntryPoint\",\"urlTemplate\":\"https:\/\/aldaia.es\/es\/?s={search_term_string}\"},\"query-input\":{\"@type\":\"PropertyValueSpecification\",\"valueRequired\":true,\"valueName\":\"search_term_string\"}}],\"inLanguage\":\"es\"},{\"@type\":\"Organization\",\"@id\":\"https:\/\/aldaia.es\/es\/#organization\",\"name\":\"Ajuntament D'Aldaia\",\"url\":\"https:\/\/aldaia.es\/es\/\",\"logo\":{\"@type\":\"ImageObject\",\"inLanguage\":\"es\",\"@id\":\"https:\/\/aldaia.es\/es\/#\/schema\/logo\/image\/\",\"url\":\"https:\/\/aldaia.es\/wp-content\/uploads\/2022\/06\/aldaia-negro-1.png\",\"contentUrl\":\"https:\/\/aldaia.es\/wp-content\/uploads\/2022\/06\/aldaia-negro-1.png\",\"width\":152,\"height\":70,\"caption\":\"Ajuntament D'Aldaia\"},\"image\":{\"@id\":\"https:\/\/aldaia.es\/es\/#\/schema\/logo\/image\/\"}}]}<\/script>\n<!-- \/ Yoast SEO plugin. -->","yoast_head_json":{"title":"Centro Matilde Salvador - Ayuntamiento de Aldaia","robots":{"index":"index","follow":"follow","max-snippet":"max-snippet:-1","max-image-preview":"max-image-preview:large","max-video-preview":"max-video-preview:-1"},"canonical":"https:\/\/aldaia.es\/es\/juventud\/centro-sociocultural-matilde-salvador\/","og_locale":"es_ES","og_type":"article","og_title":"Centro Matilde Salvador - Ayuntamiento de Aldaia","og_description":"Centro sociocultural Matilde Salvador El Centro Matilde Salvador es un espacio sociocultural que, desde hace m\u00e1s de 10 a\u00f1os, funciona como centro c\u00edvico para el desarrollo comunitario y dinamizaci\u00f3n de ...","og_url":"https:\/\/aldaia.es\/es\/juventud\/centro-sociocultural-matilde-salvador\/","og_site_name":"Ayuntamiento de Aldaia","article_modified_time":"2025-10-23T15:20:02+00:00","og_image":[{"width":2000,"height":1333,"url":"https:\/\/aldaia.es\/wp-content\/uploads\/2024\/09\/joventut-aldaia-edifici-matilde-salvador.webp","type":"image\/webp"}],"schema":{"@context":"https:\/\/schema.org","@graph":[{"@type":"WebPage","@id":"https:\/\/aldaia.es\/es\/juventud\/centro-sociocultural-matilde-salvador\/","url":"https:\/\/aldaia.es\/es\/juventud\/centro-sociocultural-matilde-salvador\/","name":"Centro Matilde Salvador - Ayuntamiento de Aldaia","isPartOf":{"@id":"https:\/\/aldaia.es\/es\/#website"},"primaryImageOfPage":{"@id":"https:\/\/aldaia.es\/es\/juventud\/centro-sociocultural-matilde-salvador\/#primaryimage"},"image":{"@id":"https:\/\/aldaia.es\/es\/juventud\/centro-sociocultural-matilde-salvador\/#primaryimage"},"thumbnailUrl":"https:\/\/aldaia.es\/wp-content\/uploads\/2024\/09\/joventut-aldaia-edifici-matilde-salvador-1024x682.webp","datePublished":"2022-08-29T12:04:59+00:00","dateModified":"2025-10-23T15:20:02+00:00","breadcrumb":{"@id":"https:\/\/aldaia.es\/es\/juventud\/centro-sociocultural-matilde-salvador\/#breadcrumb"},"inLanguage":"es","potentialAction":[{"@type":"ReadAction","target":["https:\/\/aldaia.es\/es\/juventud\/centro-sociocultural-matilde-salvador\/"]}]},{"@type":"ImageObject","inLanguage":"es","@id":"https:\/\/aldaia.es\/es\/juventud\/centro-sociocultural-matilde-salvador\/#primaryimage","url":"https:\/\/aldaia.es\/wp-content\/uploads\/2024\/09\/joventut-aldaia-edifici-matilde-salvador-1024x682.webp","contentUrl":"https:\/\/aldaia.es\/wp-content\/uploads\/2024\/09\/joventut-aldaia-edifici-matilde-salvador-1024x682.webp"},{"@type":"BreadcrumbList","@id":"https:\/\/aldaia.es\/es\/juventud\/centro-sociocultural-matilde-salvador\/#breadcrumb","itemListElement":[{"@type":"ListItem","position":1,"name":"Portada","item":"https:\/\/aldaia.es\/es\/"},{"@type":"ListItem","position":2,"name":"Juventud","item":"https:\/\/aldaia.es\/es\/juventud\/"},{"@type":"ListItem","position":3,"name":"Centro Matilde Salvador"}]},{"@type":"WebSite","@id":"https:\/\/aldaia.es\/es\/#website","url":"https:\/\/aldaia.es\/es\/","name":"Ajuntament D'Aldaia","description":"","publisher":{"@id":"https:\/\/aldaia.es\/es\/#organization"},"alternateName":"Ajuntament D'Aldaia","potentialAction":[{"@type":"SearchAction","target":{"@type":"EntryPoint","urlTemplate":"https:\/\/aldaia.es\/es\/?s={search_term_string}"},"query-input":{"@type":"PropertyValueSpecification","valueRequired":true,"valueName":"search_term_string"}}],"inLanguage":"es"},{"@type":"Organization","@id":"https:\/\/aldaia.es\/es\/#organization","name":"Ajuntament D'Aldaia","url":"https:\/\/aldaia.es\/es\/","logo":{"@type":"ImageObject","inLanguage":"es","@id":"https:\/\/aldaia.es\/es\/#\/schema\/logo\/image\/","url":"https:\/\/aldaia.es\/wp-content\/uploads\/2022\/06\/aldaia-negro-1.png","contentUrl":"https:\/\/aldaia.es\/wp-content\/uploads\/2022\/06\/aldaia-negro-1.png","width":152,"height":70,"caption":"Ajuntament D'Aldaia"},"image":{"@id":"https:\/\/aldaia.es\/es\/#\/schema\/logo\/image\/"}}]}},"_links":{"self":[{"href":"https:\/\/aldaia.es\/es\/wp-json\/wp\/v2\/pages\/6354","targetHints":{"allow":["GET"]}}],"collection":[{"href":"https:\/\/aldaia.es\/es\/wp-json\/wp\/v2\/pages"}],"about":[{"href":"https:\/\/aldaia.es\/es\/wp-json\/wp\/v2\/types\/page"}],"author":[{"embeddable":true,"href":"https:\/\/aldaia.es\/es\/wp-json\/wp\/v2\/users\/15"}],"replies":[{"embeddable":true,"href":"https:\/\/aldaia.es\/es\/wp-json\/wp\/v2\/comments?post=6354"}],"version-history":[{"count":21,"href":"https:\/\/aldaia.es\/es\/wp-json\/wp\/v2\/pages\/6354\/revisions"}],"predecessor-version":[{"id":39404,"href":"https:\/\/aldaia.es\/es\/wp-json\/wp\/v2\/pages\/6354\/revisions\/39404"}],"up":[{"embeddable":true,"href":"https:\/\/aldaia.es\/es\/wp-json\/wp\/v2\/pages\/6253"}],"wp:attachment":[{"href":"https:\/\/aldaia.es\/es\/wp-json\/wp\/v2\/media?parent=6354"}],"curies":[{"name":"wp","href":"https:\/\/api.w.org\/{rel}","templated":true}]}}