{"id":6356,"date":"2022-08-23T14:31:07","date_gmt":"2022-08-23T12:31:07","guid":{"rendered":"https:\/\/aldaia.eu\/comercio-y-empresas\/"},"modified":"2026-02-19T08:42:13","modified_gmt":"2026-02-19T07:42:13","slug":"comercio-y-empresas","status":"publish","type":"page","link":"https:\/\/aldaia.es\/es\/adl-y-comercio\/comercio-y-empresas\/","title":{"rendered":"Comercio y Empresas"},"content":{"rendered":"\n<div class=\"wp-block-columns dep-adl is-layout-flex wp-container-core-columns-is-layout-9d6595d7 wp-block-columns-is-layout-flex\">\n<div class=\"wp-block-column is-layout-flow wp-block-column-is-layout-flow\">\n<h1 class=\"wp-block-heading\">Comercio y Empresas<\/h1>\n\n\n\n<p><\/p>\n\n\n\n<div style=\"height:31px\" aria-hidden=\"true\" class=\"wp-block-spacer\"><\/div>\n\n\n\n<div class=\"wp-block-columns is-layout-flex wp-container-core-columns-is-layout-9d6595d7 wp-block-columns-is-layout-flex\">\n<div class=\"wp-block-column lista_adjuntos is-layout-flow wp-block-column-is-layout-flow\">\n<h2 class=\"wp-block-heading  display-4\">Enlaces<\/h2>\n\n\n\n<p><i class=\"fas fa-file-pdf\"><\/i> <a href=\"https:\/\/aldaia.es\/wp-content\/uploads\/2026\/02\/Apertura-12-abril-comercios.pdf\">Habilitaci\u00f3n para la pr\u00e1ctica comercial del domingo 12 de abril de 2026<\/a><\/p>\n\n\n\n<p><i class=\"fas fa-file-pdf\"><\/i> <a href=\"https:\/\/bonocomerciodana.com\/\">Compra tu bono o s\u00famate como comercio a la campa\u00f1a <strong>BONO COMERCIO DANA<\/strong><\/a><\/p>\n\n\n\n<p><i class=\"fas fa-file-pdf\"><\/i> <a href=\"https:\/\/aldaia.es\/wp-content\/uploads\/2024\/12\/Ayudas-directas-a-empresas-y-autonomos.pdf\"><strong>AYUDAS DANA<\/strong>: Ayudas directas a empresas y aut\u00f3nomos<\/a>. Real Decreto 6.2024<\/p>\n\n\n\n<p><i class=\"fas fa-file-pdf\"><\/i> <a href=\"https:\/\/aldaia.es\/wp-content\/uploads\/2024\/12\/Medidas-urgentes-para-paliar-los-danos-causados-por-la-DANA.pdf\"><strong>AYUDAS DANA<\/strong>: Medidas urgentes para paliar los da\u00f1os causados<\/a>. Real Decreto 7.2024<\/p>\n\n\n\n<p><i class=\"fas fa-file-pdf\"><\/i> <a href=\"https:\/\/aldaia.es\/wp-content\/uploads\/2024\/12\/Ayudas-a-personas-trabajadoras-autonomas.-EADANA.pdf\"><strong>AYUDAS DANA<\/strong>: Ayudas para personas trabajadoras aut\u00f3nomas. EADANA<\/a>. Decreto 175.2024<\/p>\n\n\n\n<p><i class=\"fas fa-file-pdf\"><\/i> <a href=\"https:\/\/aldaia.es\/wp-content\/uploads\/2024\/12\/Ayudas-para-mantener-el-empleo-y-reactivacion-economica-de-las-empresas.-INDANA-Y-CODANA.pdf\"><strong>AYUDAS DANA<\/strong>: Ayudas para mantener el empleo y reactivaci\u00f3n econ\u00f3mica de las empresas. INDANA y CODANA<\/a>. Decreto 172.2024 y modificaci\u00f3n Decreto 178.2024<\/p>\n\n\n\n<p><i class=\"fas fa-file-pdf\"><\/i> <a href=\"https:\/\/aldaia.es\/wp-content\/uploads\/2024\/12\/Ayudas-DANA-al-alquiler-reguladas-mediante-D.-167.2024.-Resolucion-04.12.2024.pdf\"><strong>AYUDAS DANA:<\/strong> Ayudas al alquiler reguladas mediante<\/a> Decreto 167.2024. Resoluci\u00f3n 04.12.2024<\/p>\n\n\n\n<p><i class=\"fas fa-file-pdf\"><\/i> <a href=\"https:\/\/aldaia.es\/wp-content\/uploads\/2024\/12\/Ayudas-destinadas-a-concesion-directa-a-personas-fisicas.-Ayuntamiento-de-Aldaia.pdf\"><strong>AYUDAS DANA:<\/strong> Ayudas destinadas a concesi\u00f3n directa a personas f\u00edsicas. Ayuntamiento de Aldaia<\/a><\/p>\n\n\n\n<p><i class=\"fas fa-file-pdf\"><\/i> <a href=\"https:\/\/aldaia.es\/wp-content\/uploads\/2024\/12\/Ayudas-para-paliar-la-perdida-de-bienes-de-primera-necesidad-de-las-personas-fisicas.-D.-163.2024.pdf\"><strong>AYUDAS DANA:<\/strong> Ayudas para paliar la p\u00e9rdida de bienes de primera necesidad de las personas f\u00edsicas. Decreto 163.2024<\/a><\/p>\n\n\n\n<p><i class=\"fas fa-file-pdf\"><\/i> <a href=\"https:\/\/aldaia.es\/wp-content\/uploads\/2024\/12\/Linea-de-financiacion-Prestamos-bonificados-IVF-para-empresas-afectadas-por-la-DANA.-Acuerdo-27.11.2024-y-Correccion-de-errores-12.12.2024.pdf\"><strong>AYUDAS DANA:<\/strong> L\u00ednea de financiaci\u00f3n \u00abPr\u00e9stamos bonificados IVF para empresas afectadas por la DANA. Acuerdo 27.11.2024 y Correcci\u00f3n de errores 12.12.2024<\/a><\/p>\n\n\n\n<p><a href=\"https:\/\/aldaia.es\/wp-content\/uploads\/2024\/12\/Ayudas-urgentes-a-las-comunidades-de-regantes-y-otras-entidades-de-riego.-D.-182.2024.pdf\"><i class=\"fas fa-file-pdf\"><\/i> <strong>AYUDAS DANA:<\/strong> Ayudas urgentes a las comunidades de regantes y otras entidades de riego. Decreto 182.2024<\/a><\/p>\n\n\n\n<p><i class=\"fas fa-file-pdf\"><\/i> <a href=\"https:\/\/aldaia.es\/wp-content\/uploads\/2024\/11\/resumen-modificaciones-convo-2024_V2.pdf\">Ayudas zonas industriales afectadas DANA l<\/a><\/p>\n\n\n\n<p><i class=\"fas fa-link\"><\/i> <a href=\"https:\/\/aldaia.es\/es\/adl-y-comercio\/comercio-y-empresas\/agencia-de-fomento-e-iniciativas-comerciales-%c2%b7-afic\/\">Agencia de Fomento e Iniciativas Comerciales \u00b7 AFIC<\/a> <\/p>\n\n\n\n<p><i class=\"fas fa-file-pdf\"><\/i> <a href=\"https:\/\/aldaia.es\/es\/adl-y-comercio\/comercio-y-empresas\/mercado-municipal\/\">Mercado Municipal<\/a><\/p>\n\n\n\n<p><i class=\"fas fa-link\"><\/i> <a href=\"https:\/\/aldaia.es\/es\/adl-y-comercio\/comercio-y-empresas\/venta-ambulante\/\">Venta Ambulante<\/a><\/p>\n<\/div>\n<\/div>\n<\/div>\n<\/div>\n","protected":false},"excerpt":{"rendered":"<p>Comercio y Empresas Enlaces Habilitaci\u00f3n para la pr\u00e1ctica comercial del domingo 12 de abril de 2026 Compra tu bono o s\u00famate como comercio a la campa\u00f1a BONO COMERCIO DANA AYUDAS <a class=\"text-decoration-none text-black\" href=\"https:\/\/aldaia.es\/es\/adl-y-comercio\/comercio-y-empresas\/\"> &#8230; <\/a><\/p>\n","protected":false},"author":2,"featured_media":0,"parent":6207,"menu_order":0,"comment_status":"closed","ping_status":"closed","template":"basic-page-departamentos.php","meta":{"_acf_changed":false,"footnotes":""},"class_list":["post-6356","page","type-page","status-publish","hentry"],"acf":[],"yoast_head":"<!-- This site is optimized with the Yoast SEO plugin v27.0 - https:\/\/yoast.com\/product\/yoast-seo-wordpress\/ -->\n<title>Comercio y Empresas - Ayuntamiento de Aldaia<\/title>\n<meta name=\"description\" content=\"Aldaia Comercio y Empresas: PROGRAMA BETA JOVEN EJE II gestionado por la MANCOMUNITAT INTERMUNICIPAL DE L\u2019HORTA SUD.\" \/>\n<meta name=\"robots\" content=\"index, follow, max-snippet:-1, max-image-preview:large, max-video-preview:-1\" \/>\n<link rel=\"canonical\" href=\"https:\/\/aldaia.es\/es\/adl-y-comercio\/comercio-y-empresas\/\" \/>\n<meta property=\"og:locale\" content=\"es_ES\" \/>\n<meta property=\"og:type\" content=\"article\" \/>\n<meta property=\"og:title\" content=\"Comercio y Empresas - Ayuntamiento de Aldaia\" \/>\n<meta property=\"og:description\" content=\"Aldaia Comercio y Empresas: PROGRAMA BETA JOVEN EJE II gestionado por la MANCOMUNITAT INTERMUNICIPAL DE L\u2019HORTA SUD.\" \/>\n<meta property=\"og:url\" content=\"https:\/\/aldaia.es\/es\/adl-y-comercio\/comercio-y-empresas\/\" \/>\n<meta property=\"og:site_name\" content=\"Ayuntamiento de Aldaia\" \/>\n<meta property=\"article:modified_time\" content=\"2026-02-19T07:42:13+00:00\" \/>\n<script type=\"application\/ld+json\" class=\"yoast-schema-graph\">{\"@context\":\"https:\/\/schema.org\",\"@graph\":[{\"@type\":\"WebPage\",\"@id\":\"https:\/\/aldaia.es\/es\/adl-y-comercio\/comercio-y-empresas\/\",\"url\":\"https:\/\/aldaia.es\/es\/adl-y-comercio\/comercio-y-empresas\/\",\"name\":\"Comercio y Empresas - Ayuntamiento de Aldaia\",\"isPartOf\":{\"@id\":\"https:\/\/aldaia.es\/es\/#website\"},\"datePublished\":\"2022-08-23T12:31:07+00:00\",\"dateModified\":\"2026-02-19T07:42:13+00:00\",\"description\":\"Aldaia Comercio y Empresas: PROGRAMA BETA JOVEN EJE II gestionado por la MANCOMUNITAT INTERMUNICIPAL DE L\u2019HORTA SUD.\",\"breadcrumb\":{\"@id\":\"https:\/\/aldaia.es\/es\/adl-y-comercio\/comercio-y-empresas\/#breadcrumb\"},\"inLanguage\":\"es\",\"potentialAction\":[{\"@type\":\"ReadAction\",\"target\":[\"https:\/\/aldaia.es\/es\/adl-y-comercio\/comercio-y-empresas\/\"]}]},{\"@type\":\"BreadcrumbList\",\"@id\":\"https:\/\/aldaia.es\/es\/adl-y-comercio\/comercio-y-empresas\/#breadcrumb\",\"itemListElement\":[{\"@type\":\"ListItem\",\"position\":1,\"name\":\"Portada\",\"item\":\"https:\/\/aldaia.es\/es\/\"},{\"@type\":\"ListItem\",\"position\":2,\"name\":\"ADL y Comercio\",\"item\":\"https:\/\/aldaia.es\/es\/adl-y-comercio\/\"},{\"@type\":\"ListItem\",\"position\":3,\"name\":\"Comercio y Empresas\"}]},{\"@type\":\"WebSite\",\"@id\":\"https:\/\/aldaia.es\/es\/#website\",\"url\":\"https:\/\/aldaia.es\/es\/\",\"name\":\"Ajuntament D'Aldaia\",\"description\":\"\",\"publisher\":{\"@id\":\"https:\/\/aldaia.es\/es\/#organization\"},\"alternateName\":\"Ajuntament D'Aldaia\",\"potentialAction\":[{\"@type\":\"SearchAction\",\"target\":{\"@type\":\"EntryPoint\",\"urlTemplate\":\"https:\/\/aldaia.es\/es\/?s={search_term_string}\"},\"query-input\":{\"@type\":\"PropertyValueSpecification\",\"valueRequired\":true,\"valueName\":\"search_term_string\"}}],\"inLanguage\":\"es\"},{\"@type\":\"Organization\",\"@id\":\"https:\/\/aldaia.es\/es\/#organization\",\"name\":\"Ajuntament D'Aldaia\",\"url\":\"https:\/\/aldaia.es\/es\/\",\"logo\":{\"@type\":\"ImageObject\",\"inLanguage\":\"es\",\"@id\":\"https:\/\/aldaia.es\/es\/#\/schema\/logo\/image\/\",\"url\":\"https:\/\/aldaia.es\/wp-content\/uploads\/2022\/06\/aldaia-negro-1.png\",\"contentUrl\":\"https:\/\/aldaia.es\/wp-content\/uploads\/2022\/06\/aldaia-negro-1.png\",\"width\":152,\"height\":70,\"caption\":\"Ajuntament D'Aldaia\"},\"image\":{\"@id\":\"https:\/\/aldaia.es\/es\/#\/schema\/logo\/image\/\"}}]}<\/script>\n<!-- \/ Yoast SEO plugin. -->","yoast_head_json":{"title":"Comercio y Empresas - Ayuntamiento de Aldaia","description":"Aldaia Comercio y Empresas: PROGRAMA BETA JOVEN EJE II gestionado por la MANCOMUNITAT INTERMUNICIPAL DE L\u2019HORTA SUD.","robots":{"index":"index","follow":"follow","max-snippet":"max-snippet:-1","max-image-preview":"max-image-preview:large","max-video-preview":"max-video-preview:-1"},"canonical":"https:\/\/aldaia.es\/es\/adl-y-comercio\/comercio-y-empresas\/","og_locale":"es_ES","og_type":"article","og_title":"Comercio y Empresas - Ayuntamiento de Aldaia","og_description":"Aldaia Comercio y Empresas: PROGRAMA BETA JOVEN EJE II gestionado por la MANCOMUNITAT INTERMUNICIPAL DE L\u2019HORTA SUD.","og_url":"https:\/\/aldaia.es\/es\/adl-y-comercio\/comercio-y-empresas\/","og_site_name":"Ayuntamiento de Aldaia","article_modified_time":"2026-02-19T07:42:13+00:00","schema":{"@context":"https:\/\/schema.org","@graph":[{"@type":"WebPage","@id":"https:\/\/aldaia.es\/es\/adl-y-comercio\/comercio-y-empresas\/","url":"https:\/\/aldaia.es\/es\/adl-y-comercio\/comercio-y-empresas\/","name":"Comercio y Empresas - Ayuntamiento de Aldaia","isPartOf":{"@id":"https:\/\/aldaia.es\/es\/#website"},"datePublished":"2022-08-23T12:31:07+00:00","dateModified":"2026-02-19T07:42:13+00:00","description":"Aldaia Comercio y Empresas: PROGRAMA BETA JOVEN EJE II gestionado por la MANCOMUNITAT INTERMUNICIPAL DE L\u2019HORTA SUD.","breadcrumb":{"@id":"https:\/\/aldaia.es\/es\/adl-y-comercio\/comercio-y-empresas\/#breadcrumb"},"inLanguage":"es","potentialAction":[{"@type":"ReadAction","target":["https:\/\/aldaia.es\/es\/adl-y-comercio\/comercio-y-empresas\/"]}]},{"@type":"BreadcrumbList","@id":"https:\/\/aldaia.es\/es\/adl-y-comercio\/comercio-y-empresas\/#breadcrumb","itemListElement":[{"@type":"ListItem","position":1,"name":"Portada","item":"https:\/\/aldaia.es\/es\/"},{"@type":"ListItem","position":2,"name":"ADL y Comercio","item":"https:\/\/aldaia.es\/es\/adl-y-comercio\/"},{"@type":"ListItem","position":3,"name":"Comercio y Empresas"}]},{"@type":"WebSite","@id":"https:\/\/aldaia.es\/es\/#website","url":"https:\/\/aldaia.es\/es\/","name":"Ajuntament D'Aldaia","description":"","publisher":{"@id":"https:\/\/aldaia.es\/es\/#organization"},"alternateName":"Ajuntament D'Aldaia","potentialAction":[{"@type":"SearchAction","target":{"@type":"EntryPoint","urlTemplate":"https:\/\/aldaia.es\/es\/?s={search_term_string}"},"query-input":{"@type":"PropertyValueSpecification","valueRequired":true,"valueName":"search_term_string"}}],"inLanguage":"es"},{"@type":"Organization","@id":"https:\/\/aldaia.es\/es\/#organization","name":"Ajuntament D'Aldaia","url":"https:\/\/aldaia.es\/es\/","logo":{"@type":"ImageObject","inLanguage":"es","@id":"https:\/\/aldaia.es\/es\/#\/schema\/logo\/image\/","url":"https:\/\/aldaia.es\/wp-content\/uploads\/2022\/06\/aldaia-negro-1.png","contentUrl":"https:\/\/aldaia.es\/wp-content\/uploads\/2022\/06\/aldaia-negro-1.png","width":152,"height":70,"caption":"Ajuntament D'Aldaia"},"image":{"@id":"https:\/\/aldaia.es\/es\/#\/schema\/logo\/image\/"}}]}},"_links":{"self":[{"href":"https:\/\/aldaia.es\/es\/wp-json\/wp\/v2\/pages\/6356","targetHints":{"allow":["GET"]}}],"collection":[{"href":"https:\/\/aldaia.es\/es\/wp-json\/wp\/v2\/pages"}],"about":[{"href":"https:\/\/aldaia.es\/es\/wp-json\/wp\/v2\/types\/page"}],"author":[{"embeddable":true,"href":"https:\/\/aldaia.es\/es\/wp-json\/wp\/v2\/users\/2"}],"replies":[{"embeddable":true,"href":"https:\/\/aldaia.es\/es\/wp-json\/wp\/v2\/comments?post=6356"}],"version-history":[{"count":33,"href":"https:\/\/aldaia.es\/es\/wp-json\/wp\/v2\/pages\/6356\/revisions"}],"predecessor-version":[{"id":40887,"href":"https:\/\/aldaia.es\/es\/wp-json\/wp\/v2\/pages\/6356\/revisions\/40887"}],"up":[{"embeddable":true,"href":"https:\/\/aldaia.es\/es\/wp-json\/wp\/v2\/pages\/6207"}],"wp:attachment":[{"href":"https:\/\/aldaia.es\/es\/wp-json\/wp\/v2\/media?parent=6356"}],"curies":[{"name":"wp","href":"https:\/\/api.w.org\/{rel}","templated":true}]}}