{"id":6358,"date":"2022-08-29T13:13:02","date_gmt":"2022-08-29T11:13:02","guid":{"rendered":"https:\/\/aldaia.eu\/consejo-escolar-municipal\/"},"modified":"2024-09-19T13:46:13","modified_gmt":"2024-09-19T11:46:13","slug":"consejo-escolar-municipal","status":"publish","type":"page","link":"https:\/\/aldaia.es\/es\/educacion\/consejo-escolar-municipal\/","title":{"rendered":"Consejo Escolar Municipal"},"content":{"rendered":"\n<div class=\"wp-block-columns dep-educacion is-layout-flex wp-container-core-columns-is-layout-9d6595d7 wp-block-columns-is-layout-flex\">\n<div class=\"wp-block-column is-layout-flow wp-block-column-is-layout-flow\" style=\"flex-basis:30%\"><!--  Info educacion -->\n\n \n\n<div class='bloque-infos-educacion wrapper-departamentos'>\n<p class=\"tit-bloque-infos\">Centro Municipal Vicent Andres Estell\u00e9s<\/p>\n        <div class='infos-departamento'>\n            <p>Av. Miguel Hern\u00e1ndez, 36, 46960 Aldaia, Valencia, Espa\u00f1a<\/p>\n            <p><i class=\"fa fa-phone\" aria-hidden=\"true\"><\/i> <a href=\"tel:+34961988812\">+34 96 198 88 12<\/a><\/p>\n            <p><strong>Horari:<\/strong><\/p>\n            <p>Lunes a Viernes de 9:00 a 14:00 horas. Tardes lunes de 17:00 a 19:00 horas.<\/p>\n            <p><i class=\"fas fa-envelope\"><\/i> <a href=\"mailto:educacio@ajuntamentaldaia.org\">educacio@ajuntamentaldaia.org<\/a><\/p>\n           \n        <\/div>\n\n        <div class='mapa-1'>\n        <iframe src=\"https:\/\/www.google.com\/maps\/embed?pb=!1m18!1m12!1m3!1d2690.682908478369!2d-0.4686331129630299!3d39.46730324512737!2m3!1f0!2f0!3f0!3m2!1i1024!2i768!4f13.1!3m3!1m2!1s0xd605015adeec8f5%3A0x8b1b4140f8e0c4b3!2sCentre%20Municipal%20Vicent%20Andres%20Estell%C3%A9s!5e0!3m2!1ses!2sus!4v1726660218475!5m2!1ses!2sus\" width=\"100%\" height=\"450\" style=\"border:0;\" allowfullscreen=\"\" loading=\"lazy\" referrerpolicy=\"no-referrer-when-downgrade\"><\/iframe>\n        <\/div>\n\n    <\/div>\n    <!-- end bloque infos -->\n   \n\n    \n\n\n<\/div>\n\n\n\n<div class=\"wp-block-column is-layout-flow wp-block-column-is-layout-flow\" style=\"flex-basis:70%\">\n<h1 class=\"wp-block-heading\">Consejo Escolar Municipal<\/h1>\n\n\n\n<p>Es un \u00f3rgano colegiado de asesoramiento, consulta, propuesta y participaci\u00f3n de la comunidad educativa sobre cualquier tema relacionado con la ense\u00f1anza no universitaria en el \u00e1mbito del municipio. El Consejo escolar Municipal tiene una funci\u00f3n asesora y puede elevar informes y propuestas a las instituciones educativas, a la administraci\u00f3n municipal ya la Consejer\u00eda de educaci\u00f3n. El Consejo Escolar Municipal debe ser consultado por las administraciones educativas, y podr\u00e1 requerir toda la informaci\u00f3n y el apoyo t\u00e9cnico que le sea necesario para su actividad, de acuerdo con lo que disponen los art\u00edculos 18 y 20, respectivamente, de la Ley 25\/85 de los consejos escolares.<\/p>\n\n\n\n<h2 class=\"wp-block-heading\">Algunas de sus funciones son:<\/h2>\n\n\n\n<ul class=\"wp-block-list\">\n<li>La planificaci\u00f3n de los puestos escolares del municipio, la determinaci\u00f3n de las zonas de influencia de los centros docentes p\u00fablicos y privados concertados, y la distribuci\u00f3n equitativa de las demandas de escolarizaci\u00f3n, en todos los niveles de ense\u00f1anza no universitaria.<\/li>\n\n\n\n<li>Las actuaciones que tiendan a mejorar el rendimiento educativo y la escolarizaci\u00f3n real en la localidad.<\/li>\n\n\n\n<li>La atenci\u00f3n a las necesidades educativas especiales.<\/li>\n\n\n\n<li>Recomendaci\u00f3n del calendario escolar del curso.<\/li>\n<\/ul>\n\n\n\n<p>Est\u00e1 compuesto por representantes de la comunidad educativa: padres, madres de alumnos, directores y directoras de los centros educativos de infantil y primaria y de secundaria, inspecci\u00f3n educativa, sindicatos y corporaci\u00f3n.<\/p>\n<\/div>\n<\/div>\n\n\n\n<p><\/p>\n","protected":false},"excerpt":{"rendered":"<p>Consejo Escolar Municipal Es un \u00f3rgano colegiado de asesoramiento, consulta, propuesta y participaci\u00f3n de la comunidad educativa sobre cualquier tema relacionado con la ense\u00f1anza no universitaria en el \u00e1mbito del <a class=\"text-decoration-none text-black\" href=\"https:\/\/aldaia.es\/es\/educacion\/consejo-escolar-municipal\/\"> &#8230; <\/a><\/p>\n","protected":false},"author":14,"featured_media":0,"parent":6252,"menu_order":0,"comment_status":"closed","ping_status":"closed","template":"basic-page-departamentos.php","meta":{"_acf_changed":false,"footnotes":""},"class_list":["post-6358","page","type-page","status-publish","hentry"],"acf":[],"yoast_head":"<!-- This site is optimized with the Yoast SEO plugin v27.0 - https:\/\/yoast.com\/product\/yoast-seo-wordpress\/ -->\n<title>Consejo Escolar Municipal - Ayuntamiento de Aldaia<\/title>\n<meta name=\"description\" content=\"\u00d3rgano colegiado de asesoramiento, consulta, propuesta y participaci\u00f3n de la comunidad educativa. Departamento de Educaci\u00f3n de Aldaia.\" \/>\n<meta name=\"robots\" content=\"index, follow, max-snippet:-1, max-image-preview:large, max-video-preview:-1\" \/>\n<link rel=\"canonical\" href=\"https:\/\/aldaia.es\/es\/educacion\/consejo-escolar-municipal\/\" \/>\n<meta property=\"og:locale\" content=\"es_ES\" \/>\n<meta property=\"og:type\" content=\"article\" \/>\n<meta property=\"og:title\" content=\"Consejo Escolar Municipal - Ayuntamiento de Aldaia\" \/>\n<meta property=\"og:description\" content=\"\u00d3rgano colegiado de asesoramiento, consulta, propuesta y participaci\u00f3n de la comunidad educativa. Departamento de Educaci\u00f3n de Aldaia.\" \/>\n<meta property=\"og:url\" content=\"https:\/\/aldaia.es\/es\/educacion\/consejo-escolar-municipal\/\" \/>\n<meta property=\"og:site_name\" content=\"Ayuntamiento de Aldaia\" \/>\n<meta property=\"article:modified_time\" content=\"2024-09-19T11:46:13+00:00\" \/>\n<script type=\"application\/ld+json\" class=\"yoast-schema-graph\">{\"@context\":\"https:\/\/schema.org\",\"@graph\":[{\"@type\":\"WebPage\",\"@id\":\"https:\/\/aldaia.es\/es\/educacion\/consejo-escolar-municipal\/\",\"url\":\"https:\/\/aldaia.es\/es\/educacion\/consejo-escolar-municipal\/\",\"name\":\"Consejo Escolar Municipal - Ayuntamiento de Aldaia\",\"isPartOf\":{\"@id\":\"https:\/\/aldaia.es\/es\/#website\"},\"datePublished\":\"2022-08-29T11:13:02+00:00\",\"dateModified\":\"2024-09-19T11:46:13+00:00\",\"description\":\"\u00d3rgano colegiado de asesoramiento, consulta, propuesta y participaci\u00f3n de la comunidad educativa. Departamento de Educaci\u00f3n de Aldaia.\",\"breadcrumb\":{\"@id\":\"https:\/\/aldaia.es\/es\/educacion\/consejo-escolar-municipal\/#breadcrumb\"},\"inLanguage\":\"es\",\"potentialAction\":[{\"@type\":\"ReadAction\",\"target\":[\"https:\/\/aldaia.es\/es\/educacion\/consejo-escolar-municipal\/\"]}]},{\"@type\":\"BreadcrumbList\",\"@id\":\"https:\/\/aldaia.es\/es\/educacion\/consejo-escolar-municipal\/#breadcrumb\",\"itemListElement\":[{\"@type\":\"ListItem\",\"position\":1,\"name\":\"Portada\",\"item\":\"https:\/\/aldaia.es\/es\/\"},{\"@type\":\"ListItem\",\"position\":2,\"name\":\"Educaci\u00f3n\",\"item\":\"https:\/\/aldaia.es\/es\/educacion\/\"},{\"@type\":\"ListItem\",\"position\":3,\"name\":\"Consejo Escolar Municipal\"}]},{\"@type\":\"WebSite\",\"@id\":\"https:\/\/aldaia.es\/es\/#website\",\"url\":\"https:\/\/aldaia.es\/es\/\",\"name\":\"Ajuntament D'Aldaia\",\"description\":\"\",\"publisher\":{\"@id\":\"https:\/\/aldaia.es\/es\/#organization\"},\"alternateName\":\"Ajuntament D'Aldaia\",\"potentialAction\":[{\"@type\":\"SearchAction\",\"target\":{\"@type\":\"EntryPoint\",\"urlTemplate\":\"https:\/\/aldaia.es\/es\/?s={search_term_string}\"},\"query-input\":{\"@type\":\"PropertyValueSpecification\",\"valueRequired\":true,\"valueName\":\"search_term_string\"}}],\"inLanguage\":\"es\"},{\"@type\":\"Organization\",\"@id\":\"https:\/\/aldaia.es\/es\/#organization\",\"name\":\"Ajuntament D'Aldaia\",\"url\":\"https:\/\/aldaia.es\/es\/\",\"logo\":{\"@type\":\"ImageObject\",\"inLanguage\":\"es\",\"@id\":\"https:\/\/aldaia.es\/es\/#\/schema\/logo\/image\/\",\"url\":\"https:\/\/aldaia.es\/wp-content\/uploads\/2022\/06\/aldaia-negro-1.png\",\"contentUrl\":\"https:\/\/aldaia.es\/wp-content\/uploads\/2022\/06\/aldaia-negro-1.png\",\"width\":152,\"height\":70,\"caption\":\"Ajuntament D'Aldaia\"},\"image\":{\"@id\":\"https:\/\/aldaia.es\/es\/#\/schema\/logo\/image\/\"}}]}<\/script>\n<!-- \/ Yoast SEO plugin. -->","yoast_head_json":{"title":"Consejo Escolar Municipal - Ayuntamiento de Aldaia","description":"\u00d3rgano colegiado de asesoramiento, consulta, propuesta y participaci\u00f3n de la comunidad educativa. Departamento de Educaci\u00f3n de Aldaia.","robots":{"index":"index","follow":"follow","max-snippet":"max-snippet:-1","max-image-preview":"max-image-preview:large","max-video-preview":"max-video-preview:-1"},"canonical":"https:\/\/aldaia.es\/es\/educacion\/consejo-escolar-municipal\/","og_locale":"es_ES","og_type":"article","og_title":"Consejo Escolar Municipal - Ayuntamiento de Aldaia","og_description":"\u00d3rgano colegiado de asesoramiento, consulta, propuesta y participaci\u00f3n de la comunidad educativa. Departamento de Educaci\u00f3n de Aldaia.","og_url":"https:\/\/aldaia.es\/es\/educacion\/consejo-escolar-municipal\/","og_site_name":"Ayuntamiento de Aldaia","article_modified_time":"2024-09-19T11:46:13+00:00","schema":{"@context":"https:\/\/schema.org","@graph":[{"@type":"WebPage","@id":"https:\/\/aldaia.es\/es\/educacion\/consejo-escolar-municipal\/","url":"https:\/\/aldaia.es\/es\/educacion\/consejo-escolar-municipal\/","name":"Consejo Escolar Municipal - Ayuntamiento de Aldaia","isPartOf":{"@id":"https:\/\/aldaia.es\/es\/#website"},"datePublished":"2022-08-29T11:13:02+00:00","dateModified":"2024-09-19T11:46:13+00:00","description":"\u00d3rgano colegiado de asesoramiento, consulta, propuesta y participaci\u00f3n de la comunidad educativa. Departamento de Educaci\u00f3n de Aldaia.","breadcrumb":{"@id":"https:\/\/aldaia.es\/es\/educacion\/consejo-escolar-municipal\/#breadcrumb"},"inLanguage":"es","potentialAction":[{"@type":"ReadAction","target":["https:\/\/aldaia.es\/es\/educacion\/consejo-escolar-municipal\/"]}]},{"@type":"BreadcrumbList","@id":"https:\/\/aldaia.es\/es\/educacion\/consejo-escolar-municipal\/#breadcrumb","itemListElement":[{"@type":"ListItem","position":1,"name":"Portada","item":"https:\/\/aldaia.es\/es\/"},{"@type":"ListItem","position":2,"name":"Educaci\u00f3n","item":"https:\/\/aldaia.es\/es\/educacion\/"},{"@type":"ListItem","position":3,"name":"Consejo Escolar Municipal"}]},{"@type":"WebSite","@id":"https:\/\/aldaia.es\/es\/#website","url":"https:\/\/aldaia.es\/es\/","name":"Ajuntament D'Aldaia","description":"","publisher":{"@id":"https:\/\/aldaia.es\/es\/#organization"},"alternateName":"Ajuntament D'Aldaia","potentialAction":[{"@type":"SearchAction","target":{"@type":"EntryPoint","urlTemplate":"https:\/\/aldaia.es\/es\/?s={search_term_string}"},"query-input":{"@type":"PropertyValueSpecification","valueRequired":true,"valueName":"search_term_string"}}],"inLanguage":"es"},{"@type":"Organization","@id":"https:\/\/aldaia.es\/es\/#organization","name":"Ajuntament D'Aldaia","url":"https:\/\/aldaia.es\/es\/","logo":{"@type":"ImageObject","inLanguage":"es","@id":"https:\/\/aldaia.es\/es\/#\/schema\/logo\/image\/","url":"https:\/\/aldaia.es\/wp-content\/uploads\/2022\/06\/aldaia-negro-1.png","contentUrl":"https:\/\/aldaia.es\/wp-content\/uploads\/2022\/06\/aldaia-negro-1.png","width":152,"height":70,"caption":"Ajuntament D'Aldaia"},"image":{"@id":"https:\/\/aldaia.es\/es\/#\/schema\/logo\/image\/"}}]}},"_links":{"self":[{"href":"https:\/\/aldaia.es\/es\/wp-json\/wp\/v2\/pages\/6358","targetHints":{"allow":["GET"]}}],"collection":[{"href":"https:\/\/aldaia.es\/es\/wp-json\/wp\/v2\/pages"}],"about":[{"href":"https:\/\/aldaia.es\/es\/wp-json\/wp\/v2\/types\/page"}],"author":[{"embeddable":true,"href":"https:\/\/aldaia.es\/es\/wp-json\/wp\/v2\/users\/14"}],"replies":[{"embeddable":true,"href":"https:\/\/aldaia.es\/es\/wp-json\/wp\/v2\/comments?post=6358"}],"version-history":[{"count":17,"href":"https:\/\/aldaia.es\/es\/wp-json\/wp\/v2\/pages\/6358\/revisions"}],"predecessor-version":[{"id":32465,"href":"https:\/\/aldaia.es\/es\/wp-json\/wp\/v2\/pages\/6358\/revisions\/32465"}],"up":[{"embeddable":true,"href":"https:\/\/aldaia.es\/es\/wp-json\/wp\/v2\/pages\/6252"}],"wp:attachment":[{"href":"https:\/\/aldaia.es\/es\/wp-json\/wp\/v2\/media?parent=6358"}],"curies":[{"name":"wp","href":"https:\/\/api.w.org\/{rel}","templated":true}]}}