{"id":6359,"date":"2022-08-29T13:23:31","date_gmt":"2022-08-29T11:23:31","guid":{"rendered":"https:\/\/aldaia.eu\/consejo-municipal-de-ninos-y-ninas\/"},"modified":"2024-10-02T11:01:40","modified_gmt":"2024-10-02T09:01:40","slug":"consejo-municipal-de-ninos-y-ninas","status":"publish","type":"page","link":"https:\/\/aldaia.es\/es\/educacion\/consejo-municipal-de-ninos-y-ninas\/","title":{"rendered":"Consejo Municipal de Ni\u00f1os y Ni\u00f1as"},"content":{"rendered":"\n<div class=\"wp-block-columns is-layout-flex wp-container-core-columns-is-layout-9d6595d7 wp-block-columns-is-layout-flex\">\n<div class=\"wp-block-column is-layout-flow wp-block-column-is-layout-flow\">\n<figure class=\"wp-block-image size-large\"><img loading=\"lazy\" decoding=\"async\" width=\"1024\" height=\"447\" src=\"https:\/\/aldaia.es\/wp-content\/uploads\/2024\/09\/IMAGEN-CONSELL-XIQUETS-I-XIQUETE-1024x447.jpg\" alt=\"Consell de Xiquets i Xiquetes\" class=\"wp-image-32457\" srcset=\"https:\/\/aldaia.es\/wp-content\/uploads\/2024\/09\/IMAGEN-CONSELL-XIQUETS-I-XIQUETE-1024x447.jpg 1024w, https:\/\/aldaia.es\/wp-content\/uploads\/2024\/09\/IMAGEN-CONSELL-XIQUETS-I-XIQUETE-300x131.jpg 300w, https:\/\/aldaia.es\/wp-content\/uploads\/2024\/09\/IMAGEN-CONSELL-XIQUETS-I-XIQUETE-768x335.jpg 768w, https:\/\/aldaia.es\/wp-content\/uploads\/2024\/09\/IMAGEN-CONSELL-XIQUETS-I-XIQUETE-150x66.jpg 150w, https:\/\/aldaia.es\/wp-content\/uploads\/2024\/09\/IMAGEN-CONSELL-XIQUETS-I-XIQUETE-696x304.jpg 696w, https:\/\/aldaia.es\/wp-content\/uploads\/2024\/09\/IMAGEN-CONSELL-XIQUETS-I-XIQUETE-1068x467.jpg 1068w, https:\/\/aldaia.es\/wp-content\/uploads\/2024\/09\/IMAGEN-CONSELL-XIQUETS-I-XIQUETE.jpg 1440w\" sizes=\"auto, (max-width: 1024px) 100vw, 1024px\" \/><\/figure>\n<\/div>\n<\/div>\n\n\n\n<div class=\"wp-block-columns dep-educacion is-layout-flex wp-container-core-columns-is-layout-9d6595d7 wp-block-columns-is-layout-flex\">\n<div class=\"wp-block-column is-layout-flow wp-block-column-is-layout-flow\" style=\"flex-basis:33%\">\n<p class=\"tit-bloque-infos\"><strong>Centro Municipal Vicent Andres Estell\u00e9s<\/strong><\/p>\n\n\n\n<p>Av. Miguel Hern\u00e1ndez, 36, 46960 Aldaia, Valencia, Espa\u00f1a<\/p>\n\n\n\n<p><i class=\"fas fa-phone\"><\/i> <a href=\"tel:+34961988812\">+34 96 198 88 12<\/a><\/p>\n\n\n\n<p><i class=\"fas fa-envelope\"><\/i> <a style=\"font-size:15px\" href=\"mailto:consellxiquetsixiquetes@aldaiaproxima.com\">consellxiquetsixiquetes@aldaiaproxima.com<\/a><\/p>\n\n\n\n<p><strong>Horario: <\/strong><br>Lunes a Viernes de 9:00 a 14:00 horas. Tardes lunes de 17:00 a 19:00 horas.<\/p>\n\n\n\n<div style=\"height:11px\" aria-hidden=\"true\" class=\"wp-block-spacer\"><\/div>\n\n\n\n<iframe src=\"https:\/\/www.google.com\/maps\/embed?pb=!1m18!1m12!1m3!1d2690.682908478369!2d-0.4686331129630299!3d39.46730324512737!2m3!1f0!2f0!3f0!3m2!1i1024!2i768!4f13.1!3m3!1m2!1s0xd605015adeec8f5%3A0x8b1b4140f8e0c4b3!2sCentre%20Municipal%20Vicent%20Andres%20Estell%C3%A9s!5e0!3m2!1ses!2sus!4v1726660218475!5m2!1ses!2sus\" width=\"100%\" height=\"450\" style=\"border:0;\" allowfullscreen=\"\" loading=\"lazy\" referrerpolicy=\"no-referrer-when-downgrade\"><\/iframe>\n<\/div>\n\n\n\n<div class=\"wp-block-column is-layout-flow wp-block-column-is-layout-flow\" style=\"flex-basis:70%\">\n<h1 class=\"wp-block-heading\">Consejo Municipal de Ni\u00f1os y Ni\u00f1as<\/h1>\n\n\n\n<p>Espacio de participaci\u00f3n de la infancia. Este consejo est\u00e1 formado por representantes de el alumnado de los 8 colegios de Primaria y los 3 de Secundaria y representantes del Ayuntamiento.<\/p>\n\n\n\n<p>Esta presidido por el Alcalde y se re\u00fanen formalmente con una periodicidad bimensual para tratar temas que afectan a la infancia.<\/p>\n\n\n\n<p>Este \u00f3rgano de participaci\u00f3n, tiene la finalidad de canalizar la participaci\u00f3n de lainfancia y j\u00f3venes de Aldaia en los asuntos municipales que&nbsp;los afectan y en los de inter\u00e9s general: accesibilidad, iluminaci\u00f3n de calles, dise\u00f1o de parques infantiles, problemas de tr\u00e1fico, proyectos solidarios, etc.<\/p>\n\n\n\n<div style=\"height:21px\" aria-hidden=\"true\" class=\"wp-block-spacer\"><\/div>\n\n\n\n<div class=\"wp-block-columns is-layout-flex wp-container-core-columns-is-layout-9d6595d7 wp-block-columns-is-layout-flex\">\n<div class=\"wp-block-column is-layout-flow wp-block-column-is-layout-flow\" style=\"flex-basis:35%\">\n<figure class=\"wp-block-image size-full\"><img loading=\"lazy\" decoding=\"async\" width=\"251\" height=\"201\" src=\"https:\/\/aldaia.es\/wp-content\/uploads\/2024\/10\/conseiller.gif\" alt=\"\" class=\"wp-image-33316\"\/><\/figure>\n<\/div>\n\n\n\n<div class=\"wp-block-column is-layout-flow wp-block-column-is-layout-flow\">\n<p><strong>\u00bfQuieres ser consejero?<\/strong><br>\u00a1Si quieres ser consejero o consejera ap\u00fantate!<\/p>\n\n\n\n<div class=\"wp-block-buttons is-layout-flex wp-block-buttons-is-layout-flex\">\n<div class=\"wp-block-button\"><a class=\"wp-block-button__link wp-element-button\" href=\"mailto:consellxiquetsixiquetes@aldaiaproxima.com\">\u00a1Ap\u00fantate!<\/a><\/div>\n<\/div>\n<\/div>\n<\/div>\n<\/div>\n<\/div>\n\n\n\n<h2 class=\"wp-block-heading display-4\">Presentaci\u00f3n<\/h2>\n\n\n\n<iframe loading=\"lazy\" width=\"100%\" height=\"550\" src=\"https:\/\/www.youtube.com\/embed\/fh2BhhaF7T8?si=LQLdgfQjQUok6n5K\" title=\"YouTube video player\" frameborder=\"0\" allow=\"accelerometer; autoplay; clipboard-write; encrypted-media; gyroscope; picture-in-picture; web-share\" referrerpolicy=\"strict-origin-when-cross-origin\" allowfullscreen><\/iframe>\n\n\n\n<div style=\"height:56px\" aria-hidden=\"true\" class=\"wp-block-spacer\"><\/div>\n","protected":false},"excerpt":{"rendered":"<p>Centro Municipal Vicent Andres Estell\u00e9s Av. Miguel Hern\u00e1ndez, 36, 46960 Aldaia, Valencia, Espa\u00f1a +34 96 198 88 12 consellxiquetsixiquetes@aldaiaproxima.com Horario: Lunes a Viernes de 9:00 a 14:00 horas. Tardes lunes <a class=\"text-decoration-none text-black\" href=\"https:\/\/aldaia.es\/es\/educacion\/consejo-municipal-de-ninos-y-ninas\/\"> &#8230; <\/a><\/p>\n","protected":false},"author":14,"featured_media":0,"parent":6252,"menu_order":0,"comment_status":"closed","ping_status":"closed","template":"basic-page-departamentos.php","meta":{"_acf_changed":false,"footnotes":""},"class_list":["post-6359","page","type-page","status-publish","hentry"],"acf":[],"yoast_head":"<!-- This site is optimized with the Yoast SEO plugin v27.0 - https:\/\/yoast.com\/product\/yoast-seo-wordpress\/ -->\n<title>Consejo Municipal de Ni\u00f1os y Ni\u00f1as - Ayuntamiento de Aldaia<\/title>\n<meta name=\"description\" content=\"El Consejo Municipal de Ni\u00f1os y Ni\u00f1as tiene la finalidad de canalizar la participaci\u00f3n de la infancia y j\u00f3venes de Aldaia.\" \/>\n<meta name=\"robots\" content=\"index, follow, max-snippet:-1, max-image-preview:large, max-video-preview:-1\" \/>\n<link rel=\"canonical\" href=\"https:\/\/aldaia.es\/es\/educacion\/consejo-municipal-de-ninos-y-ninas\/\" \/>\n<meta property=\"og:locale\" content=\"es_ES\" \/>\n<meta property=\"og:type\" content=\"article\" \/>\n<meta property=\"og:title\" content=\"Consejo Municipal de Ni\u00f1os y Ni\u00f1as - Ayuntamiento de Aldaia\" \/>\n<meta property=\"og:description\" content=\"El Consejo Municipal de Ni\u00f1os y Ni\u00f1as tiene la finalidad de canalizar la participaci\u00f3n de la infancia y j\u00f3venes de Aldaia.\" \/>\n<meta property=\"og:url\" content=\"https:\/\/aldaia.es\/es\/educacion\/consejo-municipal-de-ninos-y-ninas\/\" \/>\n<meta property=\"og:site_name\" content=\"Ayuntamiento de Aldaia\" \/>\n<meta property=\"article:modified_time\" content=\"2024-10-02T09:01:40+00:00\" \/>\n<meta property=\"og:image\" content=\"https:\/\/aldaia.es\/wp-content\/uploads\/2024\/09\/IMAGEN-CONSELL-XIQUETS-I-XIQUETE-1024x447.jpg\" \/>\n<script type=\"application\/ld+json\" class=\"yoast-schema-graph\">{\"@context\":\"https:\/\/schema.org\",\"@graph\":[{\"@type\":\"WebPage\",\"@id\":\"https:\/\/aldaia.es\/es\/educacion\/consejo-municipal-de-ninos-y-ninas\/\",\"url\":\"https:\/\/aldaia.es\/es\/educacion\/consejo-municipal-de-ninos-y-ninas\/\",\"name\":\"Consejo Municipal de Ni\u00f1os y Ni\u00f1as - Ayuntamiento de Aldaia\",\"isPartOf\":{\"@id\":\"https:\/\/aldaia.es\/es\/#website\"},\"primaryImageOfPage\":{\"@id\":\"https:\/\/aldaia.es\/es\/educacion\/consejo-municipal-de-ninos-y-ninas\/#primaryimage\"},\"image\":{\"@id\":\"https:\/\/aldaia.es\/es\/educacion\/consejo-municipal-de-ninos-y-ninas\/#primaryimage\"},\"thumbnailUrl\":\"https:\/\/aldaia.es\/wp-content\/uploads\/2024\/09\/IMAGEN-CONSELL-XIQUETS-I-XIQUETE-1024x447.jpg\",\"datePublished\":\"2022-08-29T11:23:31+00:00\",\"dateModified\":\"2024-10-02T09:01:40+00:00\",\"description\":\"El Consejo Municipal de Ni\u00f1os y Ni\u00f1as tiene la finalidad de canalizar la participaci\u00f3n de la infancia y j\u00f3venes de Aldaia.\",\"breadcrumb\":{\"@id\":\"https:\/\/aldaia.es\/es\/educacion\/consejo-municipal-de-ninos-y-ninas\/#breadcrumb\"},\"inLanguage\":\"es\",\"potentialAction\":[{\"@type\":\"ReadAction\",\"target\":[\"https:\/\/aldaia.es\/es\/educacion\/consejo-municipal-de-ninos-y-ninas\/\"]}]},{\"@type\":\"ImageObject\",\"inLanguage\":\"es\",\"@id\":\"https:\/\/aldaia.es\/es\/educacion\/consejo-municipal-de-ninos-y-ninas\/#primaryimage\",\"url\":\"https:\/\/aldaia.es\/wp-content\/uploads\/2024\/09\/IMAGEN-CONSELL-XIQUETS-I-XIQUETE-1024x447.jpg\",\"contentUrl\":\"https:\/\/aldaia.es\/wp-content\/uploads\/2024\/09\/IMAGEN-CONSELL-XIQUETS-I-XIQUETE-1024x447.jpg\"},{\"@type\":\"BreadcrumbList\",\"@id\":\"https:\/\/aldaia.es\/es\/educacion\/consejo-municipal-de-ninos-y-ninas\/#breadcrumb\",\"itemListElement\":[{\"@type\":\"ListItem\",\"position\":1,\"name\":\"Portada\",\"item\":\"https:\/\/aldaia.es\/es\/\"},{\"@type\":\"ListItem\",\"position\":2,\"name\":\"Educaci\u00f3n\",\"item\":\"https:\/\/aldaia.es\/es\/educacion\/\"},{\"@type\":\"ListItem\",\"position\":3,\"name\":\"Consejo Municipal de Ni\u00f1os y Ni\u00f1as\"}]},{\"@type\":\"WebSite\",\"@id\":\"https:\/\/aldaia.es\/es\/#website\",\"url\":\"https:\/\/aldaia.es\/es\/\",\"name\":\"Ajuntament D'Aldaia\",\"description\":\"\",\"publisher\":{\"@id\":\"https:\/\/aldaia.es\/es\/#organization\"},\"alternateName\":\"Ajuntament D'Aldaia\",\"potentialAction\":[{\"@type\":\"SearchAction\",\"target\":{\"@type\":\"EntryPoint\",\"urlTemplate\":\"https:\/\/aldaia.es\/es\/?s={search_term_string}\"},\"query-input\":{\"@type\":\"PropertyValueSpecification\",\"valueRequired\":true,\"valueName\":\"search_term_string\"}}],\"inLanguage\":\"es\"},{\"@type\":\"Organization\",\"@id\":\"https:\/\/aldaia.es\/es\/#organization\",\"name\":\"Ajuntament D'Aldaia\",\"url\":\"https:\/\/aldaia.es\/es\/\",\"logo\":{\"@type\":\"ImageObject\",\"inLanguage\":\"es\",\"@id\":\"https:\/\/aldaia.es\/es\/#\/schema\/logo\/image\/\",\"url\":\"https:\/\/aldaia.es\/wp-content\/uploads\/2022\/06\/aldaia-negro-1.png\",\"contentUrl\":\"https:\/\/aldaia.es\/wp-content\/uploads\/2022\/06\/aldaia-negro-1.png\",\"width\":152,\"height\":70,\"caption\":\"Ajuntament D'Aldaia\"},\"image\":{\"@id\":\"https:\/\/aldaia.es\/es\/#\/schema\/logo\/image\/\"}}]}<\/script>\n<!-- \/ Yoast SEO plugin. -->","yoast_head_json":{"title":"Consejo Municipal de Ni\u00f1os y Ni\u00f1as - Ayuntamiento de Aldaia","description":"El Consejo Municipal de Ni\u00f1os y Ni\u00f1as tiene la finalidad de canalizar la participaci\u00f3n de la infancia y j\u00f3venes de Aldaia.","robots":{"index":"index","follow":"follow","max-snippet":"max-snippet:-1","max-image-preview":"max-image-preview:large","max-video-preview":"max-video-preview:-1"},"canonical":"https:\/\/aldaia.es\/es\/educacion\/consejo-municipal-de-ninos-y-ninas\/","og_locale":"es_ES","og_type":"article","og_title":"Consejo Municipal de Ni\u00f1os y Ni\u00f1as - Ayuntamiento de Aldaia","og_description":"El Consejo Municipal de Ni\u00f1os y Ni\u00f1as tiene la finalidad de canalizar la participaci\u00f3n de la infancia y j\u00f3venes de Aldaia.","og_url":"https:\/\/aldaia.es\/es\/educacion\/consejo-municipal-de-ninos-y-ninas\/","og_site_name":"Ayuntamiento de Aldaia","article_modified_time":"2024-10-02T09:01:40+00:00","og_image":[{"url":"https:\/\/aldaia.es\/wp-content\/uploads\/2024\/09\/IMAGEN-CONSELL-XIQUETS-I-XIQUETE-1024x447.jpg","type":"","width":"","height":""}],"schema":{"@context":"https:\/\/schema.org","@graph":[{"@type":"WebPage","@id":"https:\/\/aldaia.es\/es\/educacion\/consejo-municipal-de-ninos-y-ninas\/","url":"https:\/\/aldaia.es\/es\/educacion\/consejo-municipal-de-ninos-y-ninas\/","name":"Consejo Municipal de Ni\u00f1os y Ni\u00f1as - Ayuntamiento de Aldaia","isPartOf":{"@id":"https:\/\/aldaia.es\/es\/#website"},"primaryImageOfPage":{"@id":"https:\/\/aldaia.es\/es\/educacion\/consejo-municipal-de-ninos-y-ninas\/#primaryimage"},"image":{"@id":"https:\/\/aldaia.es\/es\/educacion\/consejo-municipal-de-ninos-y-ninas\/#primaryimage"},"thumbnailUrl":"https:\/\/aldaia.es\/wp-content\/uploads\/2024\/09\/IMAGEN-CONSELL-XIQUETS-I-XIQUETE-1024x447.jpg","datePublished":"2022-08-29T11:23:31+00:00","dateModified":"2024-10-02T09:01:40+00:00","description":"El Consejo Municipal de Ni\u00f1os y Ni\u00f1as tiene la finalidad de canalizar la participaci\u00f3n de la infancia y j\u00f3venes de Aldaia.","breadcrumb":{"@id":"https:\/\/aldaia.es\/es\/educacion\/consejo-municipal-de-ninos-y-ninas\/#breadcrumb"},"inLanguage":"es","potentialAction":[{"@type":"ReadAction","target":["https:\/\/aldaia.es\/es\/educacion\/consejo-municipal-de-ninos-y-ninas\/"]}]},{"@type":"ImageObject","inLanguage":"es","@id":"https:\/\/aldaia.es\/es\/educacion\/consejo-municipal-de-ninos-y-ninas\/#primaryimage","url":"https:\/\/aldaia.es\/wp-content\/uploads\/2024\/09\/IMAGEN-CONSELL-XIQUETS-I-XIQUETE-1024x447.jpg","contentUrl":"https:\/\/aldaia.es\/wp-content\/uploads\/2024\/09\/IMAGEN-CONSELL-XIQUETS-I-XIQUETE-1024x447.jpg"},{"@type":"BreadcrumbList","@id":"https:\/\/aldaia.es\/es\/educacion\/consejo-municipal-de-ninos-y-ninas\/#breadcrumb","itemListElement":[{"@type":"ListItem","position":1,"name":"Portada","item":"https:\/\/aldaia.es\/es\/"},{"@type":"ListItem","position":2,"name":"Educaci\u00f3n","item":"https:\/\/aldaia.es\/es\/educacion\/"},{"@type":"ListItem","position":3,"name":"Consejo Municipal de Ni\u00f1os y Ni\u00f1as"}]},{"@type":"WebSite","@id":"https:\/\/aldaia.es\/es\/#website","url":"https:\/\/aldaia.es\/es\/","name":"Ajuntament D'Aldaia","description":"","publisher":{"@id":"https:\/\/aldaia.es\/es\/#organization"},"alternateName":"Ajuntament D'Aldaia","potentialAction":[{"@type":"SearchAction","target":{"@type":"EntryPoint","urlTemplate":"https:\/\/aldaia.es\/es\/?s={search_term_string}"},"query-input":{"@type":"PropertyValueSpecification","valueRequired":true,"valueName":"search_term_string"}}],"inLanguage":"es"},{"@type":"Organization","@id":"https:\/\/aldaia.es\/es\/#organization","name":"Ajuntament D'Aldaia","url":"https:\/\/aldaia.es\/es\/","logo":{"@type":"ImageObject","inLanguage":"es","@id":"https:\/\/aldaia.es\/es\/#\/schema\/logo\/image\/","url":"https:\/\/aldaia.es\/wp-content\/uploads\/2022\/06\/aldaia-negro-1.png","contentUrl":"https:\/\/aldaia.es\/wp-content\/uploads\/2022\/06\/aldaia-negro-1.png","width":152,"height":70,"caption":"Ajuntament D'Aldaia"},"image":{"@id":"https:\/\/aldaia.es\/es\/#\/schema\/logo\/image\/"}}]}},"_links":{"self":[{"href":"https:\/\/aldaia.es\/es\/wp-json\/wp\/v2\/pages\/6359","targetHints":{"allow":["GET"]}}],"collection":[{"href":"https:\/\/aldaia.es\/es\/wp-json\/wp\/v2\/pages"}],"about":[{"href":"https:\/\/aldaia.es\/es\/wp-json\/wp\/v2\/types\/page"}],"author":[{"embeddable":true,"href":"https:\/\/aldaia.es\/es\/wp-json\/wp\/v2\/users\/14"}],"replies":[{"embeddable":true,"href":"https:\/\/aldaia.es\/es\/wp-json\/wp\/v2\/comments?post=6359"}],"version-history":[{"count":23,"href":"https:\/\/aldaia.es\/es\/wp-json\/wp\/v2\/pages\/6359\/revisions"}],"predecessor-version":[{"id":33363,"href":"https:\/\/aldaia.es\/es\/wp-json\/wp\/v2\/pages\/6359\/revisions\/33363"}],"up":[{"embeddable":true,"href":"https:\/\/aldaia.es\/es\/wp-json\/wp\/v2\/pages\/6252"}],"wp:attachment":[{"href":"https:\/\/aldaia.es\/es\/wp-json\/wp\/v2\/media?parent=6359"}],"curies":[{"name":"wp","href":"https:\/\/api.w.org\/{rel}","templated":true}]}}