{"id":6361,"date":"2022-08-25T12:07:24","date_gmt":"2022-08-25T10:07:24","guid":{"rendered":"https:\/\/aldaia.eu\/cultura\/actividades-musicales-en-la-casa-de-la-musica\/"},"modified":"2024-09-11T13:18:10","modified_gmt":"2024-09-11T11:18:10","slug":"actividades-musicales-en-la-casa-de-la-musica","status":"publish","type":"page","link":"https:\/\/aldaia.es\/es\/cultura\/actividades-musicales-en-la-casa-de-la-musica\/","title":{"rendered":"Actividades musicales en la Casa de la M\u00fasica"},"content":{"rendered":"\n<div class=\"wp-block-columns dep-cultura is-layout-flex wp-container-core-columns-is-layout-9d6595d7 wp-block-columns-is-layout-flex\">\n<div class=\"wp-block-column is-layout-flow wp-block-column-is-layout-flow\" style=\"flex-basis:30%\"><!--  Info cultura -->\n\n \n\n<div class='bloque-infos-cultura wrapper-departamentos'>\n<p class=\"tit-bloque-infos\">\u00c1rea de Cultura <\/p>\n        <div class='infos-departamento'>\n            <p>Plaza Constituci\u00f3n, 10, 46960 Aldaia Valencia<\/p>\n            <p><i class=\"fa fa-phone\" aria-hidden=\"true\"><\/i> <a href=\"tel:+34961501500\">+34 96 150 15 00<\/a><\/p>\n            <p><i class=\"fas fa-envelope\"><\/i> <a href=\"mailto:cultura@ajuntamentaldaia.org\">cultura@ajuntamentaldaia.org<\/a><\/p>\n            <p><a href=\"https:\/\/www.facebook.com\/tama.teatreauditori\" target=\"_blank\" rel=\"noreferrer noopener\"><i class=\"fab fa-facebook\"><\/i><\/a> &nbsp;&nbsp; <a href=\"https:\/\/www.instagram.com\/tamaldaia\/?hl=es\" target=\"_blank\" rel=\"noreferrer noopener\"><i class=\"fab fa-square-instagram\"><\/i><\/a>  &nbsp;&nbsp;  <a href=\"https:\/\/www.youtube.com\/channel\/UC0QxMldevXrLFbfSGFom9TA\" target=\"_blank\" rel=\"noreferrer noopener\"><i class=\"fab fa-youtube\"><\/i><\/a> <\/p>\n        <\/div>\n\n        <div class='mapa-1'>\n        <iframe src=\"https:\/\/www.google.com\/maps\/embed?pb=!1m18!1m12!1m3!1d622.7679968418242!2d-0.4608059177881311!3d39.465164288659615!2m3!1f0!2f0!3f0!3m2!1i1024!2i768!4f13.1!3m3!1m2!1s0xd6051b0ac582aed%3A0xd3a2ed9d1d945ab0!2sAyuntamiento%20de%20Aldaya!5e0!3m2!1ses!2sus!4v1725979182758!5m2!1ses!2sus\" width=\"100%\" height=\"450\" style=\"border:0;\" allowfullscreen=\"\" loading=\"lazy\" referrerpolicy=\"no-referrer-when-downgrade\"><\/iframe>\n        <\/div>\n\n    <\/div>\n    <!-- end bloque infos -->\n   \n\n    \n\n\n<\/div>\n\n\n\n<div class=\"wp-block-column is-layout-flow wp-block-column-is-layout-flow\" style=\"flex-basis:70%\">\n<h1 class=\"wp-block-heading\">Actividades musicales en la Casa de la M\u00fasica<\/h1>\n\n\n\n<h3 class=\"wp-block-heading\"><strong>\u00bfQu\u00e9 es?<\/strong><\/h3>\n\n\n\n<p>Son actividades formativas en el \u00e1mbito de la m\u00fasica a cargo de las j\u00f3venes entidades musicales que existen en el municipio: la Uni\u00f3n Musical de Aldaia, la Banda Sinf\u00f3nica de Aldaia, Los Mayores de la Huerta Sur, Canto de Estilo, el Orfe\u00f3n y Schola Cantorum. Las clases se imparten de septiembre a junio, por la tarde, de 17:00 a 21:30 horas. Los ensayos de las bandas de m\u00fasica se realizan por la noche a partir de las 22:00 horas. La realizaci\u00f3n es en las aulas de la Casa de la M\u00fasica.<\/p>\n\n\n\n<h3 class=\"wp-block-heading\"><strong>\u00bfA qui\u00e9n va dirigido?<\/strong><\/h3>\n\n\n\n<p>Va dirigido a todas las edades a partir de 4 a\u00f1os.<\/p>\n\n\n\n<h3 class=\"wp-block-heading\"><strong>\u00bfC\u00f3mo solicitarlo?<\/strong><\/h3>\n\n\n\n<p>Lugar de solicitud de informaci\u00f3n e inscripci\u00f3n: La informaci\u00f3n y gesti\u00f3n la realizan cada una de las entidades musicales de Aldaia que tienen su sede en la Casa de la M\u00fasica.<\/p>\n<\/div>\n<\/div>\n\n\n\n<div class=\"wp-block-columns is-layout-flex wp-container-core-columns-is-layout-9d6595d7 wp-block-columns-is-layout-flex\">\n<div class=\"wp-block-column lista_adjuntos is-layout-flow wp-block-column-is-layout-flow\">\n<h2 class=\"wp-block-heading display-4\">Enlaces<\/h2>\n\n\n\n<p><i class=\"fas fa-link\"><\/i> <a href=\"https:\/\/bandasinfonicaldaia.es\/contacto\/\" target=\"_blank\" rel=\"noreferrer noopener\">Banda sinf\u00f3nica Aldaia<\/a><\/p>\n\n\n\n<p><i class=\"fas fa-link\"><\/i> <a href=\"https:\/\/aldaia.es\/joventut\/centre-sociocultural-matilde-salvador\/\">Centre Sociocultural Matilde Salvador<\/a><\/p>\n<\/div>\n<\/div>\n\n\n\n<h2 class=\"wp-block-heading display-4\">Mapa<\/h2>\n\n\n\n<iframe src=\"https:\/\/www.google.com\/maps\/embed?pb=!1m18!1m12!1m3!1d561.432925084449!2d-0.4621842382355861!3d39.46505652626565!2m3!1f0!2f0!3f0!3m2!1i1024!2i768!4f13.1!3m3!1m2!1s0xd6051125f2787b1%3A0x3a283f6773cffdcb!2sBanda%20Sinf%C3%B3nica%20de%20Aldaya!5e0!3m2!1ses!2ses!4v1726053426959!5m2!1ses!2ses\" width=\"100%\" height=\"450\" style=\"border:0;\" allowfullscreen=\"\" loading=\"lazy\" referrerpolicy=\"no-referrer-when-downgrade\"><\/iframe>\n\n\n\n<p><\/p>\n","protected":false},"excerpt":{"rendered":"<p>Actividades musicales en la Casa de la M\u00fasica \u00bfQu\u00e9 es? Son actividades formativas en el \u00e1mbito de la m\u00fasica a cargo de las j\u00f3venes entidades musicales que existen en el <a class=\"text-decoration-none text-black\" href=\"https:\/\/aldaia.es\/es\/cultura\/actividades-musicales-en-la-casa-de-la-musica\/\"> &#8230; <\/a><\/p>\n","protected":false},"author":21,"featured_media":0,"parent":6238,"menu_order":0,"comment_status":"closed","ping_status":"closed","template":"basic-page-departamentos.php","meta":{"_acf_changed":false,"footnotes":""},"class_list":["post-6361","page","type-page","status-publish","hentry"],"acf":[],"yoast_head":"<!-- This site is optimized with the Yoast SEO plugin v27.0 - https:\/\/yoast.com\/product\/yoast-seo-wordpress\/ -->\n<title>Actividades musicales en la Casa de la M\u00fasica - Ayuntamiento de Aldaia<\/title>\n<meta name=\"description\" content=\"Son actividades formativas en el \u00e1mbito de la m\u00fasica a cargo de las j\u00f3venes entidades musicales que existen en el municipio de Aldaia\" \/>\n<meta name=\"robots\" content=\"index, follow, max-snippet:-1, max-image-preview:large, max-video-preview:-1\" \/>\n<link rel=\"canonical\" href=\"https:\/\/aldaia.es\/es\/cultura\/actividades-musicales-en-la-casa-de-la-musica\/\" \/>\n<meta property=\"og:locale\" content=\"es_ES\" \/>\n<meta property=\"og:type\" content=\"article\" \/>\n<meta property=\"og:title\" content=\"Actividades musicales en la Casa de la M\u00fasica - Ayuntamiento de Aldaia\" \/>\n<meta property=\"og:description\" content=\"Son actividades formativas en el \u00e1mbito de la m\u00fasica a cargo de las j\u00f3venes entidades musicales que existen en el municipio de Aldaia\" \/>\n<meta property=\"og:url\" content=\"https:\/\/aldaia.es\/es\/cultura\/actividades-musicales-en-la-casa-de-la-musica\/\" \/>\n<meta property=\"og:site_name\" content=\"Ayuntamiento de Aldaia\" \/>\n<meta property=\"article:modified_time\" content=\"2024-09-11T11:18:10+00:00\" \/>\n<script type=\"application\/ld+json\" class=\"yoast-schema-graph\">{\"@context\":\"https:\/\/schema.org\",\"@graph\":[{\"@type\":\"WebPage\",\"@id\":\"https:\/\/aldaia.es\/es\/cultura\/actividades-musicales-en-la-casa-de-la-musica\/\",\"url\":\"https:\/\/aldaia.es\/es\/cultura\/actividades-musicales-en-la-casa-de-la-musica\/\",\"name\":\"Actividades musicales en la Casa de la M\u00fasica - Ayuntamiento de Aldaia\",\"isPartOf\":{\"@id\":\"https:\/\/aldaia.es\/es\/#website\"},\"datePublished\":\"2022-08-25T10:07:24+00:00\",\"dateModified\":\"2024-09-11T11:18:10+00:00\",\"description\":\"Son actividades formativas en el \u00e1mbito de la m\u00fasica a cargo de las j\u00f3venes entidades musicales que existen en el municipio de Aldaia\",\"breadcrumb\":{\"@id\":\"https:\/\/aldaia.es\/es\/cultura\/actividades-musicales-en-la-casa-de-la-musica\/#breadcrumb\"},\"inLanguage\":\"es\",\"potentialAction\":[{\"@type\":\"ReadAction\",\"target\":[\"https:\/\/aldaia.es\/es\/cultura\/actividades-musicales-en-la-casa-de-la-musica\/\"]}]},{\"@type\":\"BreadcrumbList\",\"@id\":\"https:\/\/aldaia.es\/es\/cultura\/actividades-musicales-en-la-casa-de-la-musica\/#breadcrumb\",\"itemListElement\":[{\"@type\":\"ListItem\",\"position\":1,\"name\":\"Portada\",\"item\":\"https:\/\/aldaia.es\/es\/\"},{\"@type\":\"ListItem\",\"position\":2,\"name\":\"Cultura\",\"item\":\"https:\/\/aldaia.es\/es\/cultura\/\"},{\"@type\":\"ListItem\",\"position\":3,\"name\":\"Actividades musicales en la Casa de la M\u00fasica\"}]},{\"@type\":\"WebSite\",\"@id\":\"https:\/\/aldaia.es\/es\/#website\",\"url\":\"https:\/\/aldaia.es\/es\/\",\"name\":\"Ajuntament D'Aldaia\",\"description\":\"\",\"publisher\":{\"@id\":\"https:\/\/aldaia.es\/es\/#organization\"},\"alternateName\":\"Ajuntament D'Aldaia\",\"potentialAction\":[{\"@type\":\"SearchAction\",\"target\":{\"@type\":\"EntryPoint\",\"urlTemplate\":\"https:\/\/aldaia.es\/es\/?s={search_term_string}\"},\"query-input\":{\"@type\":\"PropertyValueSpecification\",\"valueRequired\":true,\"valueName\":\"search_term_string\"}}],\"inLanguage\":\"es\"},{\"@type\":\"Organization\",\"@id\":\"https:\/\/aldaia.es\/es\/#organization\",\"name\":\"Ajuntament D'Aldaia\",\"url\":\"https:\/\/aldaia.es\/es\/\",\"logo\":{\"@type\":\"ImageObject\",\"inLanguage\":\"es\",\"@id\":\"https:\/\/aldaia.es\/es\/#\/schema\/logo\/image\/\",\"url\":\"https:\/\/aldaia.es\/wp-content\/uploads\/2022\/06\/aldaia-negro-1.png\",\"contentUrl\":\"https:\/\/aldaia.es\/wp-content\/uploads\/2022\/06\/aldaia-negro-1.png\",\"width\":152,\"height\":70,\"caption\":\"Ajuntament D'Aldaia\"},\"image\":{\"@id\":\"https:\/\/aldaia.es\/es\/#\/schema\/logo\/image\/\"}}]}<\/script>\n<!-- \/ Yoast SEO plugin. -->","yoast_head_json":{"title":"Actividades musicales en la Casa de la M\u00fasica - Ayuntamiento de Aldaia","description":"Son actividades formativas en el \u00e1mbito de la m\u00fasica a cargo de las j\u00f3venes entidades musicales que existen en el municipio de Aldaia","robots":{"index":"index","follow":"follow","max-snippet":"max-snippet:-1","max-image-preview":"max-image-preview:large","max-video-preview":"max-video-preview:-1"},"canonical":"https:\/\/aldaia.es\/es\/cultura\/actividades-musicales-en-la-casa-de-la-musica\/","og_locale":"es_ES","og_type":"article","og_title":"Actividades musicales en la Casa de la M\u00fasica - Ayuntamiento de Aldaia","og_description":"Son actividades formativas en el \u00e1mbito de la m\u00fasica a cargo de las j\u00f3venes entidades musicales que existen en el municipio de Aldaia","og_url":"https:\/\/aldaia.es\/es\/cultura\/actividades-musicales-en-la-casa-de-la-musica\/","og_site_name":"Ayuntamiento de Aldaia","article_modified_time":"2024-09-11T11:18:10+00:00","schema":{"@context":"https:\/\/schema.org","@graph":[{"@type":"WebPage","@id":"https:\/\/aldaia.es\/es\/cultura\/actividades-musicales-en-la-casa-de-la-musica\/","url":"https:\/\/aldaia.es\/es\/cultura\/actividades-musicales-en-la-casa-de-la-musica\/","name":"Actividades musicales en la Casa de la M\u00fasica - Ayuntamiento de Aldaia","isPartOf":{"@id":"https:\/\/aldaia.es\/es\/#website"},"datePublished":"2022-08-25T10:07:24+00:00","dateModified":"2024-09-11T11:18:10+00:00","description":"Son actividades formativas en el \u00e1mbito de la m\u00fasica a cargo de las j\u00f3venes entidades musicales que existen en el municipio de Aldaia","breadcrumb":{"@id":"https:\/\/aldaia.es\/es\/cultura\/actividades-musicales-en-la-casa-de-la-musica\/#breadcrumb"},"inLanguage":"es","potentialAction":[{"@type":"ReadAction","target":["https:\/\/aldaia.es\/es\/cultura\/actividades-musicales-en-la-casa-de-la-musica\/"]}]},{"@type":"BreadcrumbList","@id":"https:\/\/aldaia.es\/es\/cultura\/actividades-musicales-en-la-casa-de-la-musica\/#breadcrumb","itemListElement":[{"@type":"ListItem","position":1,"name":"Portada","item":"https:\/\/aldaia.es\/es\/"},{"@type":"ListItem","position":2,"name":"Cultura","item":"https:\/\/aldaia.es\/es\/cultura\/"},{"@type":"ListItem","position":3,"name":"Actividades musicales en la Casa de la M\u00fasica"}]},{"@type":"WebSite","@id":"https:\/\/aldaia.es\/es\/#website","url":"https:\/\/aldaia.es\/es\/","name":"Ajuntament D'Aldaia","description":"","publisher":{"@id":"https:\/\/aldaia.es\/es\/#organization"},"alternateName":"Ajuntament D'Aldaia","potentialAction":[{"@type":"SearchAction","target":{"@type":"EntryPoint","urlTemplate":"https:\/\/aldaia.es\/es\/?s={search_term_string}"},"query-input":{"@type":"PropertyValueSpecification","valueRequired":true,"valueName":"search_term_string"}}],"inLanguage":"es"},{"@type":"Organization","@id":"https:\/\/aldaia.es\/es\/#organization","name":"Ajuntament D'Aldaia","url":"https:\/\/aldaia.es\/es\/","logo":{"@type":"ImageObject","inLanguage":"es","@id":"https:\/\/aldaia.es\/es\/#\/schema\/logo\/image\/","url":"https:\/\/aldaia.es\/wp-content\/uploads\/2022\/06\/aldaia-negro-1.png","contentUrl":"https:\/\/aldaia.es\/wp-content\/uploads\/2022\/06\/aldaia-negro-1.png","width":152,"height":70,"caption":"Ajuntament D'Aldaia"},"image":{"@id":"https:\/\/aldaia.es\/es\/#\/schema\/logo\/image\/"}}]}},"_links":{"self":[{"href":"https:\/\/aldaia.es\/es\/wp-json\/wp\/v2\/pages\/6361","targetHints":{"allow":["GET"]}}],"collection":[{"href":"https:\/\/aldaia.es\/es\/wp-json\/wp\/v2\/pages"}],"about":[{"href":"https:\/\/aldaia.es\/es\/wp-json\/wp\/v2\/types\/page"}],"author":[{"embeddable":true,"href":"https:\/\/aldaia.es\/es\/wp-json\/wp\/v2\/users\/21"}],"replies":[{"embeddable":true,"href":"https:\/\/aldaia.es\/es\/wp-json\/wp\/v2\/comments?post=6361"}],"version-history":[{"count":7,"href":"https:\/\/aldaia.es\/es\/wp-json\/wp\/v2\/pages\/6361\/revisions"}],"predecessor-version":[{"id":31379,"href":"https:\/\/aldaia.es\/es\/wp-json\/wp\/v2\/pages\/6361\/revisions\/31379"}],"up":[{"embeddable":true,"href":"https:\/\/aldaia.es\/es\/wp-json\/wp\/v2\/pages\/6238"}],"wp:attachment":[{"href":"https:\/\/aldaia.es\/es\/wp-json\/wp\/v2\/media?parent=6361"}],"curies":[{"name":"wp","href":"https:\/\/api.w.org\/{rel}","templated":true}]}}