{"id":6364,"date":"2023-01-24T10:27:52","date_gmt":"2023-01-24T09:27:52","guid":{"rendered":"https:\/\/aldaia.eu\/cultura\/emta-escuela-municipal-de-teatro-de-aldaia\/"},"modified":"2024-09-26T10:37:58","modified_gmt":"2024-09-26T08:37:58","slug":"emta-escuela-municipal-de-teatro-de-aldaia","status":"publish","type":"page","link":"https:\/\/aldaia.es\/es\/cultura\/emta-escuela-municipal-de-teatro-de-aldaia\/","title":{"rendered":"EMTA &#8211; Escuela Municipal de Teatro de Aldaia"},"content":{"rendered":"\n<div class=\"wp-block-columns dep-cultura is-layout-flex wp-container-core-columns-is-layout-9d6595d7 wp-block-columns-is-layout-flex\">\n<div class=\"wp-block-column is-layout-flow wp-block-column-is-layout-flow\" style=\"flex-basis:30%\"><!--  Info cultura TAMA -->\n\n \n\n<div class='bloque-infos-cultura-tama wrapper-departamentos'>\n<p class=\"tit-bloque-infos\">Localizaci\u00f3n TAMA<\/p>\n        <div class='infos-departamento'>\n            <p>Av. de la M\u00fasica, 11, 46960 Aldaia, Valencia, Espa\u00f1a. Acceso por calle Cuarto s\/n.<\/p>\n            <p><i class=\"fa fa-phone\" aria-hidden=\"true\"><\/i> <a href=\"tel:+34961988406\">+34 96 198 84 06<\/a><\/p>\n            <p><i class=\"fas fa-envelope\"><\/i> <a href=\"mailto:flopez@ajuntamentaldaia.org\">flopez@ajuntamentaldaia.org<\/a><\/p>\n            <p><i class=\"fas fa-envelope\"><\/i> <a href=\"mailto:agarcera@ajuntamentaldaia.org\">agarcera@ajuntamentaldaia.org<\/a><\/p>\n            <p><i class=\"fas fa-envelope\"><\/i> <a href=\"mailto:cultura@ajuntamentaldaia.org\">cultura@ajuntamentaldaia.org<\/a><\/p>\n        <\/div>\n\n        <div class='mapa-1'>\n        <iframe src=\"https:\/\/www.google.com\/maps\/embed?pb=!1m14!1m8!1m3!1d1220.9579746302354!2d-0.45720314031949144!3d39.46531419902647!3m2!1i1024!2i768!4f13.1!3m3!1m2!1s0xd605018834c3113%3A0x18b8f585c8e09c91!2sTAMA%20%E2%80%94%20Teatro%20Auditorio%20Municipal%20de%20Aldaia!5e0!3m2!1ses!2sus!4v1725979334211!5m2!1ses!2sus\" width=\"100%\" height=\"450\" style=\"border:0;\" allowfullscreen=\"\" loading=\"lazy\" referrerpolicy=\"no-referrer-when-downgrade\"><\/iframe>\n        <\/div>\n\n    <\/div>\n    <!-- end bloque infos -->\n   \n\n    \n\n\n<\/div>\n\n\n\n<div class=\"wp-block-column is-layout-flow wp-block-column-is-layout-flow\" style=\"flex-basis:70%\">\n<h1 class=\"wp-block-heading\">EMTA, Escola Municipal de Teatro de Aldaia<\/h1>\n\n\n\n<p>Escuela de actividad formativa en el \u00e1mbito del teatro y la dramatizaci\u00f3n.<\/p>\n\n\n\n<p>La EMTA pretende aproximar el hecho teatral desde la vertiente educativa y formativa, ofreciendo la posibilidad de recibir formaci\u00f3n de teatro y dramatizaci\u00f3n a toda la ciudadan\u00eda.<\/p>\n\n\n\n<p><strong>Las actividades se realizan en el Teatre del Mercat.<\/strong><\/p>\n\n\n\n<p><strong>Dirigido a<\/strong> todas las edades, a partir de 6 a\u00f1os.<\/p>\n\n\n\n<p><strong>Horario<\/strong> : de lunes a jueves 17:30 a 21:00 horas, de octubre a junio.<\/p>\n\n\n\n<p>La Escuela Municipal de Teatro (EMTA) ha realizado durante bastantes a\u00f1os sus clases y ensayos en el TAMA y en la actualidad en el Teatro del Mercado. La EMTA empez\u00f3 sus actividades durante el curso 1987-1988 con tres grupos integrados por 40 alumnos, con el objetivo de cubrir una necesidad teatral y pedag\u00f3gica de ofrecer a ni\u00f1os, ni\u00f1as, j\u00f3venes y adultos una ense\u00f1anza teatral desde un \u00e1mbito profesional y serio. Poco a poco fue consolid\u00e1ndose y enriqueci\u00e9ndose hasta el punto de que de la EMTA han surgido promesas que han triunfado en el escenario, como Juli Disla, Patricia Pardo, Marta Santandreu, Iris Lezcano, Alberto Jim\u00e9nez, Ruth Lezcano , Ernest Send\u00edn y Roberto Hoyo. Actores y actrices de renombre que hoy act\u00faan en las principales teatros del estado.<\/p>\n<\/div>\n<\/div>\n\n\n\n<div class=\"wp-block-columns is-layout-flex wp-container-core-columns-is-layout-9d6595d7 wp-block-columns-is-layout-flex\">\n<div class=\"wp-block-column lista_adjuntos is-layout-flow wp-block-column-is-layout-flow\">\n<h2 class=\"wp-block-heading display-4\">Enlaces<\/h2>\n\n\n\n<p><i class=\"fas fa-link\"><\/i> <a href=\"https:\/\/aldaia.es\/cultura\/tama-teatre-auditori\/:\/\/aldaia.es\/es\/cultura\/tama-teatro-auditorio\/\">TAMA<\/a><\/p>\n<\/div>\n<\/div>\n\n\n\n<p><\/p>\n","protected":false},"excerpt":{"rendered":"<p>EMTA, Escola Municipal de Teatro de Aldaia Escuela de actividad formativa en el \u00e1mbito del teatro y la dramatizaci\u00f3n. La EMTA pretende aproximar el hecho teatral desde la vertiente educativa <a class=\"text-decoration-none text-black\" href=\"https:\/\/aldaia.es\/es\/cultura\/emta-escuela-municipal-de-teatro-de-aldaia\/\"> &#8230; <\/a><\/p>\n","protected":false},"author":21,"featured_media":0,"parent":6238,"menu_order":0,"comment_status":"closed","ping_status":"closed","template":"basic-page-departamentos.php","meta":{"_acf_changed":false,"footnotes":""},"class_list":["post-6364","page","type-page","status-publish","hentry"],"acf":[],"yoast_head":"<!-- This site is optimized with the Yoast SEO plugin v27.0 - https:\/\/yoast.com\/product\/yoast-seo-wordpress\/ -->\n<title>EMTA &#8211; Escuela Municipal de Teatro de Aldaia - Ayuntamiento de Aldaia<\/title>\n<meta name=\"robots\" content=\"index, follow, max-snippet:-1, max-image-preview:large, max-video-preview:-1\" \/>\n<link rel=\"canonical\" href=\"https:\/\/aldaia.es\/es\/cultura\/emta-escuela-municipal-de-teatro-de-aldaia\/\" \/>\n<meta property=\"og:locale\" content=\"es_ES\" \/>\n<meta property=\"og:type\" content=\"article\" \/>\n<meta property=\"og:title\" content=\"EMTA &#8211; Escuela Municipal de Teatro de Aldaia - Ayuntamiento de Aldaia\" \/>\n<meta property=\"og:description\" content=\"EMTA, Escola Municipal de Teatro de Aldaia Escuela de actividad formativa en el \u00e1mbito del teatro y la dramatizaci\u00f3n. La EMTA pretende aproximar el hecho teatral desde la vertiente educativa ...\" \/>\n<meta property=\"og:url\" content=\"https:\/\/aldaia.es\/es\/cultura\/emta-escuela-municipal-de-teatro-de-aldaia\/\" \/>\n<meta property=\"og:site_name\" content=\"Ayuntamiento de Aldaia\" \/>\n<meta property=\"article:modified_time\" content=\"2024-09-26T08:37:58+00:00\" \/>\n<script type=\"application\/ld+json\" class=\"yoast-schema-graph\">{\"@context\":\"https:\/\/schema.org\",\"@graph\":[{\"@type\":\"WebPage\",\"@id\":\"https:\/\/aldaia.es\/es\/cultura\/emta-escuela-municipal-de-teatro-de-aldaia\/\",\"url\":\"https:\/\/aldaia.es\/es\/cultura\/emta-escuela-municipal-de-teatro-de-aldaia\/\",\"name\":\"EMTA &#8211; Escuela Municipal de Teatro de Aldaia - Ayuntamiento de Aldaia\",\"isPartOf\":{\"@id\":\"https:\/\/aldaia.es\/es\/#website\"},\"datePublished\":\"2023-01-24T09:27:52+00:00\",\"dateModified\":\"2024-09-26T08:37:58+00:00\",\"breadcrumb\":{\"@id\":\"https:\/\/aldaia.es\/es\/cultura\/emta-escuela-municipal-de-teatro-de-aldaia\/#breadcrumb\"},\"inLanguage\":\"es\",\"potentialAction\":[{\"@type\":\"ReadAction\",\"target\":[\"https:\/\/aldaia.es\/es\/cultura\/emta-escuela-municipal-de-teatro-de-aldaia\/\"]}]},{\"@type\":\"BreadcrumbList\",\"@id\":\"https:\/\/aldaia.es\/es\/cultura\/emta-escuela-municipal-de-teatro-de-aldaia\/#breadcrumb\",\"itemListElement\":[{\"@type\":\"ListItem\",\"position\":1,\"name\":\"Portada\",\"item\":\"https:\/\/aldaia.es\/es\/\"},{\"@type\":\"ListItem\",\"position\":2,\"name\":\"Cultura\",\"item\":\"https:\/\/aldaia.es\/es\/cultura\/\"},{\"@type\":\"ListItem\",\"position\":3,\"name\":\"EMTA &#8211; Escuela Municipal de Teatro de Aldaia\"}]},{\"@type\":\"WebSite\",\"@id\":\"https:\/\/aldaia.es\/es\/#website\",\"url\":\"https:\/\/aldaia.es\/es\/\",\"name\":\"Ajuntament D'Aldaia\",\"description\":\"\",\"publisher\":{\"@id\":\"https:\/\/aldaia.es\/es\/#organization\"},\"alternateName\":\"Ajuntament D'Aldaia\",\"potentialAction\":[{\"@type\":\"SearchAction\",\"target\":{\"@type\":\"EntryPoint\",\"urlTemplate\":\"https:\/\/aldaia.es\/es\/?s={search_term_string}\"},\"query-input\":{\"@type\":\"PropertyValueSpecification\",\"valueRequired\":true,\"valueName\":\"search_term_string\"}}],\"inLanguage\":\"es\"},{\"@type\":\"Organization\",\"@id\":\"https:\/\/aldaia.es\/es\/#organization\",\"name\":\"Ajuntament D'Aldaia\",\"url\":\"https:\/\/aldaia.es\/es\/\",\"logo\":{\"@type\":\"ImageObject\",\"inLanguage\":\"es\",\"@id\":\"https:\/\/aldaia.es\/es\/#\/schema\/logo\/image\/\",\"url\":\"https:\/\/aldaia.es\/wp-content\/uploads\/2022\/06\/aldaia-negro-1.png\",\"contentUrl\":\"https:\/\/aldaia.es\/wp-content\/uploads\/2022\/06\/aldaia-negro-1.png\",\"width\":152,\"height\":70,\"caption\":\"Ajuntament D'Aldaia\"},\"image\":{\"@id\":\"https:\/\/aldaia.es\/es\/#\/schema\/logo\/image\/\"}}]}<\/script>\n<!-- \/ Yoast SEO plugin. -->","yoast_head_json":{"title":"EMTA &#8211; Escuela Municipal de Teatro de Aldaia - Ayuntamiento de Aldaia","robots":{"index":"index","follow":"follow","max-snippet":"max-snippet:-1","max-image-preview":"max-image-preview:large","max-video-preview":"max-video-preview:-1"},"canonical":"https:\/\/aldaia.es\/es\/cultura\/emta-escuela-municipal-de-teatro-de-aldaia\/","og_locale":"es_ES","og_type":"article","og_title":"EMTA &#8211; Escuela Municipal de Teatro de Aldaia - Ayuntamiento de Aldaia","og_description":"EMTA, Escola Municipal de Teatro de Aldaia Escuela de actividad formativa en el \u00e1mbito del teatro y la dramatizaci\u00f3n. La EMTA pretende aproximar el hecho teatral desde la vertiente educativa ...","og_url":"https:\/\/aldaia.es\/es\/cultura\/emta-escuela-municipal-de-teatro-de-aldaia\/","og_site_name":"Ayuntamiento de Aldaia","article_modified_time":"2024-09-26T08:37:58+00:00","schema":{"@context":"https:\/\/schema.org","@graph":[{"@type":"WebPage","@id":"https:\/\/aldaia.es\/es\/cultura\/emta-escuela-municipal-de-teatro-de-aldaia\/","url":"https:\/\/aldaia.es\/es\/cultura\/emta-escuela-municipal-de-teatro-de-aldaia\/","name":"EMTA &#8211; Escuela Municipal de Teatro de Aldaia - Ayuntamiento de Aldaia","isPartOf":{"@id":"https:\/\/aldaia.es\/es\/#website"},"datePublished":"2023-01-24T09:27:52+00:00","dateModified":"2024-09-26T08:37:58+00:00","breadcrumb":{"@id":"https:\/\/aldaia.es\/es\/cultura\/emta-escuela-municipal-de-teatro-de-aldaia\/#breadcrumb"},"inLanguage":"es","potentialAction":[{"@type":"ReadAction","target":["https:\/\/aldaia.es\/es\/cultura\/emta-escuela-municipal-de-teatro-de-aldaia\/"]}]},{"@type":"BreadcrumbList","@id":"https:\/\/aldaia.es\/es\/cultura\/emta-escuela-municipal-de-teatro-de-aldaia\/#breadcrumb","itemListElement":[{"@type":"ListItem","position":1,"name":"Portada","item":"https:\/\/aldaia.es\/es\/"},{"@type":"ListItem","position":2,"name":"Cultura","item":"https:\/\/aldaia.es\/es\/cultura\/"},{"@type":"ListItem","position":3,"name":"EMTA &#8211; Escuela Municipal de Teatro de Aldaia"}]},{"@type":"WebSite","@id":"https:\/\/aldaia.es\/es\/#website","url":"https:\/\/aldaia.es\/es\/","name":"Ajuntament D'Aldaia","description":"","publisher":{"@id":"https:\/\/aldaia.es\/es\/#organization"},"alternateName":"Ajuntament D'Aldaia","potentialAction":[{"@type":"SearchAction","target":{"@type":"EntryPoint","urlTemplate":"https:\/\/aldaia.es\/es\/?s={search_term_string}"},"query-input":{"@type":"PropertyValueSpecification","valueRequired":true,"valueName":"search_term_string"}}],"inLanguage":"es"},{"@type":"Organization","@id":"https:\/\/aldaia.es\/es\/#organization","name":"Ajuntament D'Aldaia","url":"https:\/\/aldaia.es\/es\/","logo":{"@type":"ImageObject","inLanguage":"es","@id":"https:\/\/aldaia.es\/es\/#\/schema\/logo\/image\/","url":"https:\/\/aldaia.es\/wp-content\/uploads\/2022\/06\/aldaia-negro-1.png","contentUrl":"https:\/\/aldaia.es\/wp-content\/uploads\/2022\/06\/aldaia-negro-1.png","width":152,"height":70,"caption":"Ajuntament D'Aldaia"},"image":{"@id":"https:\/\/aldaia.es\/es\/#\/schema\/logo\/image\/"}}]}},"_links":{"self":[{"href":"https:\/\/aldaia.es\/es\/wp-json\/wp\/v2\/pages\/6364","targetHints":{"allow":["GET"]}}],"collection":[{"href":"https:\/\/aldaia.es\/es\/wp-json\/wp\/v2\/pages"}],"about":[{"href":"https:\/\/aldaia.es\/es\/wp-json\/wp\/v2\/types\/page"}],"author":[{"embeddable":true,"href":"https:\/\/aldaia.es\/es\/wp-json\/wp\/v2\/users\/21"}],"replies":[{"embeddable":true,"href":"https:\/\/aldaia.es\/es\/wp-json\/wp\/v2\/comments?post=6364"}],"version-history":[{"count":8,"href":"https:\/\/aldaia.es\/es\/wp-json\/wp\/v2\/pages\/6364\/revisions"}],"predecessor-version":[{"id":33238,"href":"https:\/\/aldaia.es\/es\/wp-json\/wp\/v2\/pages\/6364\/revisions\/33238"}],"up":[{"embeddable":true,"href":"https:\/\/aldaia.es\/es\/wp-json\/wp\/v2\/pages\/6238"}],"wp:attachment":[{"href":"https:\/\/aldaia.es\/es\/wp-json\/wp\/v2\/media?parent=6364"}],"curies":[{"name":"wp","href":"https:\/\/api.w.org\/{rel}","templated":true}]}}