{"id":6365,"date":"2022-08-25T11:35:55","date_gmt":"2022-08-25T09:35:55","guid":{"rendered":"https:\/\/aldaia.eu\/cultura\/mupa-museo-del-palmito-de-aldaia\/"},"modified":"2026-02-17T12:49:42","modified_gmt":"2026-02-17T11:49:42","slug":"mupa-museo-del-abanico-de-aldaia","status":"publish","type":"page","link":"https:\/\/aldaia.es\/es\/cultura\/mupa-museo-del-abanico-de-aldaia\/","title":{"rendered":"MUPA, Museo del Abanico de Aldaia"},"content":{"rendered":"\n<div class=\"wp-block-columns is-layout-flex wp-container-core-columns-is-layout-9d6595d7 wp-block-columns-is-layout-flex\">\n<div class=\"wp-block-column is-layout-flow wp-block-column-is-layout-flow\"><div class=\"wp-block-image\">\n<figure class=\"aligncenter size-full\"><img loading=\"lazy\" decoding=\"async\" width=\"1440\" height=\"388\" src=\"https:\/\/aldaia.es\/wp-content\/uploads\/2024\/09\/mupa-portada-web-museu-palmito-aldaia.jpg\" alt=\"\" class=\"wp-image-31514\" srcset=\"https:\/\/aldaia.es\/wp-content\/uploads\/2024\/09\/mupa-portada-web-museu-palmito-aldaia.jpg 1440w, https:\/\/aldaia.es\/wp-content\/uploads\/2024\/09\/mupa-portada-web-museu-palmito-aldaia-300x81.jpg 300w, https:\/\/aldaia.es\/wp-content\/uploads\/2024\/09\/mupa-portada-web-museu-palmito-aldaia-1024x276.jpg 1024w, https:\/\/aldaia.es\/wp-content\/uploads\/2024\/09\/mupa-portada-web-museu-palmito-aldaia-768x207.jpg 768w, https:\/\/aldaia.es\/wp-content\/uploads\/2024\/09\/mupa-portada-web-museu-palmito-aldaia-150x40.jpg 150w, https:\/\/aldaia.es\/wp-content\/uploads\/2024\/09\/mupa-portada-web-museu-palmito-aldaia-696x188.jpg 696w, https:\/\/aldaia.es\/wp-content\/uploads\/2024\/09\/mupa-portada-web-museu-palmito-aldaia-1068x288.jpg 1068w\" sizes=\"auto, (max-width: 1440px) 100vw, 1440px\" \/><\/figure>\n<\/div><\/div>\n<\/div>\n\n\n\n<div class=\"wp-block-columns dep-cultura is-layout-flex wp-container-core-columns-is-layout-9d6595d7 wp-block-columns-is-layout-flex\">\n<div class=\"wp-block-column is-layout-flow wp-block-column-is-layout-flow\" style=\"flex-basis:30%\"><!--  Info MUPA -->\n\n \n\n<div class='bloque-infos-mupa wrapper-departamentos'>\n<p class=\"tit-bloque-infos\">Localizaci\u00f3n y contactos <\/p>\n        <div class='infos-departamento'>\n            <p>Calle Iglesia, 2, 46960 Aldaia, Valencia<\/p>\n            <p><i class=\"fa fa-phone\" aria-hidden=\"true\"><\/i> <a href=\"tel:+34961116948\">+34 96 111 69 48<\/a><\/p>\n            <p><strong>Horario:<\/strong><\/p>\n            <p>Martes a viernes: Ma\u00f1anas de 10:00 a 14:00 h. Tardes de 17:00 a 20:00 h. S\u00e1bado y domingo: De 10:00 a 14:00 h.<\/p>\n            <p><i class=\"fas fa-envelope\"><\/i> <a href=\"mailto:fmartinez@ajuntamentaldaia.org\">fmartinez@ajuntamentaldaia.org<\/a><\/p>\n            <p><i class=\"fas fa-envelope\"><\/i> <a href=\"mailto:museudelpalmito@ajuntamentaldaia.org\">museudelpalmito@ajuntamentaldaia.org<\/a><\/p>\n        <\/div>\n\n        <div class='mapa-1'>\n        <iframe src=\"https:\/\/www.google.com\/maps\/embed?pb=!1m18!1m12!1m3!1d405.56942687773903!2d-0.4622136234373346!3d39.46497086966321!2m3!1f0!2f0!3f0!3m2!1i1024!2i768!4f13.1!3m3!1m2!1s0xd60501629a20a8f%3A0xbb7939634005359b!2sMuseo%20del%20Palmito!5e0!3m2!1ses!2ses!4v1726124557575!5m2!1ses!2ses\" width=\"100%\" height=\"450\" style=\"border:0;\" allowfullscreen=\"\" loading=\"lazy\" referrerpolicy=\"no-referrer-when-downgrade\"><\/iframe>\n        <\/div>\n\n<\/div>\n<!-- end bloque infos -->\n   \n\n    \n\n\n<\/div>\n\n\n\n<div class=\"wp-block-column is-layout-flow wp-block-column-is-layout-flow\" style=\"flex-basis:70%\">\n<h1 class=\"wp-block-heading\">MUPA, Museo del Abanico de Aldaia<\/h1>\n\n\n\n<p>El abanico tiene un fuerte arraigo en Aldaia y la comarca de l&#8217;Horta del \u00e1rea metropolitana de Valencia. Una joya que fusiona a la perfecci\u00f3n la artesan\u00eda, el arte y la funcionalidad. Representa el buen hacer de los artesanos abaniqueros valencianos. Reconocido internacionalmente como un objeto de calidad extraordinaria.<\/p>\n\n\n\n<p>El<strong> \u00abMuseu del Palmito d&#8217; Aldaia (MUPA)\u00bb <\/strong>es el centro de difusi\u00f3n de la artesan\u00eda y el arte del abanico de Aldaia y la Comunidad Valenciana. En su interior encontramos una extensa representaci\u00f3n de abanicos antiguos y actuales, con cronolog\u00edas que van desde el S.XVIII hasta nuestros d\u00edas, as\u00ed como un amplio repertorio de maquinaria tradicional, piezas y utensilios t\u00edpicos del proceso de elaboraci\u00f3n del abanico. Una colecci\u00f3n extraordinaria en la cual se puede apreciar los diferentes estilos, modas y materiales utilizados a lo largo de su historia.<\/p>\n\n\n\n<h3 class=\"wp-block-heading\"><strong>C\u00f3mo llegar<\/strong><\/h3>\n\n\n\n<ul class=\"wp-block-list\">\n<li>Tren: L\u00ednia C3. Estaci\u00f3n Val\u00e8ncia-Sant Isidre.<\/li>\n\n\n\n<li>Bus: L\u00ednia 106. Fernanbus.<\/li>\n<\/ul>\n\n\n\n<h3 class=\"wp-block-heading\"><strong>D\u00edas cerrado<\/strong><\/h3>\n\n\n\n<p>Todos los lunes del a\u00f1o, 1 de enero, 1 de mayo, 24, 25 y 31 de diciembre y festivos locales.<\/p>\n\n\n\n<h3 class=\"wp-block-heading\"><strong><strong>Accesibilidad<\/strong><\/strong><\/h3>\n\n\n\n<p>EL MUPA carece de barreras arquitect\u00f3nicas, dispone de ascensor.<\/p>\n\n\n\n<p>El museo es gratuito.<\/p>\n<\/div>\n<\/div>\n\n\n\n<div class=\"wp-block-columns is-layout-flex wp-container-core-columns-is-layout-9d6595d7 wp-block-columns-is-layout-flex\">\n<div class=\"wp-block-column is-layout-flow wp-block-column-is-layout-flow\">\n<h2 class=\"wp-block-heading  display-4\">Proyectos museogr\u00e1ficos<\/h2>\n\n\n\n<p>El MUPA se ha integrado en varios proyectos museogr\u00e1ficos que le han dado proyecci\u00f3n dentro y fuera de Aldaia. Son los siguientes:<\/p>\n\n\n\n<ul class=\"wp-block-list\">\n<li><strong>Ruta de los Palmiters de Aldaia.<\/strong> Gu\u00eda editada por el Ayuntamiento de Aldaia en colaboraci\u00f3n con el Gremio de Maestros Palmiteros de Valencia para dar a conocer las empresas del abanico actualmente activas, tanto de Aldaia como de fuera del municipio.<\/li>\n\n\n\n<li><strong>Agrupaci\u00f3n Museos de la Huerta<\/strong> . El MUPA colabora con el Museo Comarcal de l\u2019Horta Sud, el Museo de la Azulejo de Paiporta, el Museo de la Cer\u00e1mica de Manises, el Castillo de Alaqu\u00e0s y el Museo de la Cer\u00e1mica de Paterna.<\/li>\n\n\n\n<li><strong>EtnoRed de Museos Valencianos<\/strong> . Red impulsada por el Museo Valenciano de Etnolog\u00eda integrada por varios museos locales de la provincia de Valencia, entre ellos el MUPA, para facilitar formaci\u00f3n, asesoramiento e intercambios de exposiciones itinerantes.<\/li>\n\n\n\n<li><strong>Ruta de la Seda de la Comunidad Valenciana<\/strong> . Red promovida por la Ag\u00e8ncia Valenciana de Turisme para mostrar los lugares con presencia hist\u00f3rica de la seda. El MUPA posee una variada muestra palmitos o abanicos de seda de los siglos XVIII, XIX y XX.<\/li>\n\n\n\n<li><strong>Relecturas:<\/strong> <strong>Itinerarios muse\u00edsticos en clave de g\u00e9nero<\/strong> . El MUPA colabora con el Museo Nacional de Cer\u00e1mica Gonz\u00e1lez Mart\u00ed, el Museo Valenciano de Etnolog\u00eda, el Museo de Prehistoria de Valencia, el Museo de Historia de Valencia y el Museo Comarcal de l\u2019Horta Sud, entre otros.<\/li>\n\n\n\n<li><strong>EULAC-Museums<\/strong> . Proyecto de museos comunitarios locales promovido por la Uni\u00f3n Europea, coordinado en Espa\u00f1a por la Universidad de Valencia, en el que participan una treintena de museos de Europa (entre ellos el MUPA) y de Am\u00e9rica Latina.<\/li>\n<\/ul>\n<\/div>\n<\/div>\n\n\n\n<div class=\"wp-block-columns is-layout-flex wp-container-core-columns-is-layout-9d6595d7 wp-block-columns-is-layout-flex\">\n<div class=\"wp-block-column is-layout-flow wp-block-column-is-layout-flow\">\n<h2 class=\"wp-block-heading  display-4\">Mediterrani viu<\/h2>\n\n\n\n<p><strong>MEDITERRANI EN ACCI\u00d3<\/strong>. Es un blog-v\u00eddeo (galer\u00eda de v\u00eddeos) del Portal Tur\u00edstico Comunitat Valenciana \/ Turisme Comunitat Valenciana para fomentar el turismo familiar. El blog se divide en diversas secciones: Arte y Cultura, Fiestas y Eventos, Naturaleza y Sostenibilidad, Gastronom\u00eda, Planes y Actividades y Turismo Accesible e Inclusivo. Inclou museus, paratges naturals i patrimoni cultural i arquitect\u00f2nic d\u2019inter\u00e9s.<br>El blog incluye un v\u00eddeo sobre el MUPA de 3 minutos en la secci\u00f3n ARTE Y CULTURA, con el reclamo: \u201cTe llevamos a un precioso museo del abanico: descubre esta artesan\u00eda\u201d. El v\u00eddeo fue grabado el 15 de febrero de 2023. Se habla sobre el MUPA y la artesan\u00eda del abanico en general. Voz en off Francesc Mart\u00ednez.<\/p>\n\n\n\n\n<\/div>\n<\/div>\n\n\n\n<figure class=\"wp-block-embed is-type-video is-provider-youtube wp-block-embed-youtube wp-embed-aspect-16-9 wp-has-aspect-ratio\"><div class=\"wp-block-embed__wrapper\">\n<iframe loading=\"lazy\" title=\"Video Museu del Palmito d&#039;Aldaia\" width=\"640\" height=\"360\" src=\"https:\/\/www.youtube.com\/embed\/bm-a16ZUqmQ?feature=oembed\" frameborder=\"0\" allow=\"accelerometer; autoplay; clipboard-write; encrypted-media; gyroscope; picture-in-picture; web-share\" referrerpolicy=\"strict-origin-when-cross-origin\" allowfullscreen><\/iframe>\n<\/div><figcaption class=\"wp-element-caption\">Museu del Palmito d&#8217;Aldaia<\/figcaption><\/figure>\n\n\n\n<figure class=\"wp-block-embed is-type-video is-provider-youtube wp-block-embed-youtube wp-embed-aspect-16-9 wp-has-aspect-ratio\"><div class=\"wp-block-embed__wrapper\">\n<iframe loading=\"lazy\" title=\"PUNT CULTURAL  &quot;Aldaia: Restauraci\u00f3 dels palmitos danyats per la DANA&quot;\" width=\"640\" height=\"360\" src=\"https:\/\/www.youtube.com\/embed\/d4HfIfFsRlg?feature=oembed\" frameborder=\"0\" allow=\"accelerometer; autoplay; clipboard-write; encrypted-media; gyroscope; picture-in-picture; web-share\" referrerpolicy=\"strict-origin-when-cross-origin\" allowfullscreen><\/iframe>\n<\/div><figcaption class=\"wp-element-caption\">PUNT CULTURAL \u00abAldaia: Restauraci\u00f3 dels palmitos danyats per la DANA\u00bb<\/figcaption><\/figure>\n\n\n\n<p>Museus Virtuals: el MUPA<\/p>\n\n\n\n<p class=\"has-luminous-vivid-orange-color has-text-color has-link-color wp-elements-479d88dae2d46da7fec543cd6699571a\" style=\"font-size:26px\">Passeig virtual(Clic ac\u00ed):<a href=\"https:\/\/s360.dielmo.com\/2024\/horta_sud\/museus\/aldaia\/index.htm\">Museu del Palmito d&#8217;Aldaia<\/a><\/p>\n\n\n\n<figure class=\"wp-block-image size-full\"><img loading=\"lazy\" decoding=\"async\" width=\"720\" height=\"387\" src=\"https:\/\/aldaia.es\/wp-content\/uploads\/2025\/11\/Frontissa_Francesc-MArtinez.jpg\" alt=\"\" class=\"wp-image-39674\" srcset=\"https:\/\/aldaia.es\/wp-content\/uploads\/2025\/11\/Frontissa_Francesc-MArtinez.jpg 720w, https:\/\/aldaia.es\/wp-content\/uploads\/2025\/11\/Frontissa_Francesc-MArtinez-300x161.jpg 300w\" sizes=\"auto, (max-width: 720px) 100vw, 720px\" \/><\/figure>\n\n\n\n<p>\u00abVentalls sota les aig\u00fces de fang\u00bb es el t\u00edtulo del art\u00edculo que Francesc Mart\u00ednez Sanchis ha publicado en la revista Bisagra. El director del MUPA hace un repaso no solo a los da\u00f1os causados por la riada del 29 de octubre de 2024 en el ambit de la Cultura, sino que expone con detalle como la cat\u00e1strofe afect\u00f3 el MUPA y qu\u00e9 ha sido el proceso de recuperaci\u00f3n. C\u00f3mo \u00e9l mismo declara \u00bb La Cultura es un bien esencial que merece el apoyo m\u00e1s apresurado de las administraciones p\u00fablicas en la reconstrucci\u00f3n\u00bb.<\/p>\n\n\n\n<p>Si desea leer el art\u00edculo completo,<a href=\"https:\/\/www.frontissa.cat\/opinio\/103836\/ventalls-sota-les-aigues-de-fang\"> haga clic aqu\u00ed.<\/a><\/p>\n\n\n\n<p style=\"font-size:28px\"><strong>La tradici\u00f3n del palmito en Aldaia tras la dana: \u00abLo \u00fanico que no perdimos fueron los a\u00f1os de aprendizaje\u00bb<\/strong> RTVE Noticias_Sociedad.<\/p>\n\n\n\n<figure class=\"wp-block-image size-large\"><img loading=\"lazy\" decoding=\"async\" width=\"1024\" height=\"577\" src=\"https:\/\/aldaia.es\/wp-content\/uploads\/2025\/11\/Imatge-RTVE-1024x577.jpg\" alt=\"\" class=\"wp-image-39681\" srcset=\"https:\/\/aldaia.es\/wp-content\/uploads\/2025\/11\/Imatge-RTVE-1024x577.jpg 1024w, https:\/\/aldaia.es\/wp-content\/uploads\/2025\/11\/Imatge-RTVE-300x169.jpg 300w, https:\/\/aldaia.es\/wp-content\/uploads\/2025\/11\/Imatge-RTVE-768x432.jpg 768w, https:\/\/aldaia.es\/wp-content\/uploads\/2025\/11\/Imatge-RTVE.jpg 1133w\" sizes=\"auto, (max-width: 1024px) 100vw, 1024px\" \/><\/figure>\n\n\n\n<p>Aldaia, una de les poblacions m\u00e9s afectades per la dana \u00e9s el bressol del palmito modern. <\/p>\n\n\n\n<p>Llegiu la noticia sencera <a href=\"https:\/\/www.rtve.es\/noticias\/20251029\/tradicion-del-palmito-aldaia-tras-dana-unico-no-perdimos-fueron-anos-aprendizaje\/16786844.shtml\">ac\u00ed.<\/a><\/p>\n\n\n\n<p>Torna a l&#8217;Horta Sud<\/p>\n\n\n\n<p>La zona cero de la DANA en Val\u00e8ncia lanza en Fitur la iniciativa \u201cTorna a l&#8217;Horta Sud\u201d con la cual invita a las miles de personas de toda Espa\u00f1a, que acudieron al rescate de la comarca despu\u00e9s de la cat\u00e1strofe, al hecho que vuelven ahora de manera tur\u00edstica y redescubran que, m\u00e1s all\u00e1 del barro, hay un territorio rico en patrimonio cultural, arquitect\u00f3nico, natural, gastron\u00f3mico y festivo, entre otros. La Mancomunidad de l&#8217;Horta Sud presenta su nuevo plan estrat\u00e9gico de turismo \u201cRegenera l&#8217;Horta Sud\u201d, financiado por la Diputaci\u00f3n de Val\u00e8ncia, dentro de la convocatoria Impulsamos Turismo 2025.<\/p>\n\n\n\n<figure class=\"wp-block-embed is-type-video is-provider-youtube wp-block-embed-youtube wp-embed-aspect-16-9 wp-has-aspect-ratio\"><div class=\"wp-block-embed__wrapper\">\n<iframe loading=\"lazy\" title=\"&#039;Torna a l&#039;Horta Sud&#039; - Regenera l&#039;Horta Sud 2026-2029\" width=\"640\" height=\"360\" src=\"https:\/\/www.youtube.com\/embed\/oGPbCCeCgzI?feature=oembed\" frameborder=\"0\" allow=\"accelerometer; autoplay; clipboard-write; encrypted-media; gyroscope; picture-in-picture; web-share\" referrerpolicy=\"strict-origin-when-cross-origin\" allowfullscreen><\/iframe>\n<\/div><\/figure>\n\n\n\n<div class=\"wp-block-columns is-layout-flex wp-container-core-columns-is-layout-9d6595d7 wp-block-columns-is-layout-flex\">\n<div class=\"wp-block-column lista_adjuntos is-layout-flow wp-block-column-is-layout-flow\">\n<h2 class=\"wp-block-heading  display-4\">Enlaces<\/h2>\n\n\n\n<p><i class=\"fas fa-file-pdf\"><\/i> <a href=\"https:\/\/aldaia.es\/wp-content\/uploads\/2023\/12\/Triptic-MUPA-2023.pdf\" target=\"_blank\" rel=\"noreferrer noopener\">Tr\u00edptic MUPA 2023<\/a><\/p>\n\n\n\n<p><i class=\"fas fa-link\"><\/i> <a href=\"https:\/\/aldaia.es\/cultura\/mupa-museu-del-palmito-daldaia\/ledifici-i-la-col%c2%b7leccio-permanent\/\">El edificio y la Colecci\u00f3n Permanente<\/a><a href=\"https:\/\/aldaia.es\/es\/cultura\/mupa-museo-del-abanico-de-aldaia\/el-edificio-y-la-coleccion-permanente\/\"><\/a><\/p>\n\n\n\n<p><i class=\"fas fa-link\"><\/i> <a href=\"https:\/\/aldaia.es\/es\/cultura\/mupa-museo-del-abanico-de-aldaia\/coleccion-permanente\/\">Colecci\u00f3n Permanente<\/a><\/p>\n\n\n\n<p><i class=\"fas fa-link\"><\/i> <a href=\"https:\/\/aldaia.es\/es\/cultura\/mupa-museo-del-abanico-de-aldaia\/sala-de-exposiciones-temporales\/\">Sala de Exposiciones temporales<\/a><\/p>\n\n\n\n<p><i class=\"fas fa-link\"><\/i> <a href=\"https:\/\/aldaia.es\/es\/cultura\/mupa-museo-del-abanico-de-aldaia\/el-palmito-historia-milenaria\/\">El abanico, historia milenaria<\/a><\/p>\n\n\n\n<p><i class=\"fas fa-link\"><\/i> <a href=\"https:\/\/aldaia.es\/es\/cultura\/mupa-museo-del-abanico-de-aldaia\/la-artesania-del-palmito-valenciano\/\">La artesania del abanico o palmito valenciano<\/a><\/p>\n\n\n\n<p><i class=\"fas fa-link\"><\/i> <a href=\"https:\/\/aldaia.es\/es\/cultura\/mupa-museo-del-abanico-de-aldaia\/artesanos-en-activo-ruta-de-los-palmiteros-de-aldaia\/\">Artesanos en activo: Ruta de los palmiteros de Aldaia<\/a><\/p>\n\n\n\n<p><i class=\"fas fa-link\"><\/i> <a href=\"https:\/\/aldaia.es\/es\/cultura\/mupa-museo-del-abanico-de-aldaia\/recursos-del-mupa\/\">Recursos del MUPA<\/a><\/p>\n<\/div>\n<\/div>\n\n\n\n<div class=\"wp-block-columns is-layout-flex wp-container-core-columns-is-layout-9d6595d7 wp-block-columns-is-layout-flex\">\n<div class=\"wp-block-column lista_adjuntos is-layout-flow wp-block-column-is-layout-flow\">\n<h2 class=\"wp-block-heading  display-4\">Adjuntos<\/h2>\n\n\n\n<p><i class=\"fas fa-file-pdf\"><\/i> <a href=\"https:\/\/aldaia.es\/wp-content\/uploads\/2023\/01\/p-online_culturamupa.pdf\" target=\"_blank\" rel=\"noreferrer noopener\">Programa Cultural MUPA 2021- 2022 <\/a><\/p>\n<\/div>\n<\/div>\n","protected":false},"excerpt":{"rendered":"<p>MUPA, Museo del Abanico de Aldaia El abanico tiene un fuerte arraigo en Aldaia y la comarca de l&#8217;Horta del \u00e1rea metropolitana de Valencia. Una joya que fusiona a la <a class=\"text-decoration-none text-black\" href=\"https:\/\/aldaia.es\/es\/cultura\/mupa-museo-del-abanico-de-aldaia\/\"> &#8230; <\/a><\/p>\n","protected":false},"author":21,"featured_media":0,"parent":6238,"menu_order":0,"comment_status":"closed","ping_status":"closed","template":"basic-page-departamentos.php","meta":{"_acf_changed":false,"footnotes":""},"class_list":["post-6365","page","type-page","status-publish","hentry"],"acf":[],"yoast_head":"<!-- This site is optimized with the Yoast SEO plugin v27.0 - https:\/\/yoast.com\/product\/yoast-seo-wordpress\/ -->\n<title>MUPA, Museo del Abanico de Aldaia - Ayuntamiento de Aldaia<\/title>\n<meta name=\"description\" content=\"El Museo del Abanico de Aldaia (MUPA) es el centro de difusi\u00f3n de la artesan\u00eda y el arte del abanico de Aldaia y la Comunitat Valenciana.\" \/>\n<meta name=\"robots\" content=\"index, follow, max-snippet:-1, max-image-preview:large, max-video-preview:-1\" \/>\n<link rel=\"canonical\" href=\"https:\/\/aldaia.es\/es\/cultura\/mupa-museo-del-abanico-de-aldaia\/\" \/>\n<meta property=\"og:locale\" content=\"es_ES\" \/>\n<meta property=\"og:type\" content=\"article\" \/>\n<meta property=\"og:title\" content=\"MUPA, Museo del Abanico de Aldaia - Ayuntamiento de Aldaia\" \/>\n<meta property=\"og:description\" content=\"El Museo del Abanico de Aldaia (MUPA) es el centro de difusi\u00f3n de la artesan\u00eda y el arte del abanico de Aldaia y la Comunitat Valenciana.\" \/>\n<meta property=\"og:url\" content=\"https:\/\/aldaia.es\/es\/cultura\/mupa-museo-del-abanico-de-aldaia\/\" \/>\n<meta property=\"og:site_name\" content=\"Ayuntamiento de Aldaia\" \/>\n<meta property=\"article:modified_time\" content=\"2026-02-17T11:49:42+00:00\" \/>\n<meta property=\"og:image\" content=\"https:\/\/aldaia.es\/wp-content\/uploads\/2024\/09\/mupa-portada-web-museu-palmito-aldaia.jpg\" \/>\n\t<meta property=\"og:image:width\" content=\"1440\" \/>\n\t<meta property=\"og:image:height\" content=\"388\" \/>\n\t<meta property=\"og:image:type\" content=\"image\/jpeg\" \/>\n<script type=\"application\/ld+json\" class=\"yoast-schema-graph\">{\"@context\":\"https:\/\/schema.org\",\"@graph\":[{\"@type\":\"WebPage\",\"@id\":\"https:\/\/aldaia.es\/es\/cultura\/mupa-museo-del-abanico-de-aldaia\/\",\"url\":\"https:\/\/aldaia.es\/es\/cultura\/mupa-museo-del-abanico-de-aldaia\/\",\"name\":\"MUPA, Museo del Abanico de Aldaia - Ayuntamiento de Aldaia\",\"isPartOf\":{\"@id\":\"https:\/\/aldaia.es\/es\/#website\"},\"primaryImageOfPage\":{\"@id\":\"https:\/\/aldaia.es\/es\/cultura\/mupa-museo-del-abanico-de-aldaia\/#primaryimage\"},\"image\":{\"@id\":\"https:\/\/aldaia.es\/es\/cultura\/mupa-museo-del-abanico-de-aldaia\/#primaryimage\"},\"thumbnailUrl\":\"https:\/\/aldaia.es\/wp-content\/uploads\/2024\/09\/mupa-portada-web-museu-palmito-aldaia.jpg\",\"datePublished\":\"2022-08-25T09:35:55+00:00\",\"dateModified\":\"2026-02-17T11:49:42+00:00\",\"description\":\"El Museo del Abanico de Aldaia (MUPA) es el centro de difusi\u00f3n de la artesan\u00eda y el arte del abanico de Aldaia y la Comunitat Valenciana.\",\"breadcrumb\":{\"@id\":\"https:\/\/aldaia.es\/es\/cultura\/mupa-museo-del-abanico-de-aldaia\/#breadcrumb\"},\"inLanguage\":\"es\",\"potentialAction\":[{\"@type\":\"ReadAction\",\"target\":[\"https:\/\/aldaia.es\/es\/cultura\/mupa-museo-del-abanico-de-aldaia\/\"]}]},{\"@type\":\"ImageObject\",\"inLanguage\":\"es\",\"@id\":\"https:\/\/aldaia.es\/es\/cultura\/mupa-museo-del-abanico-de-aldaia\/#primaryimage\",\"url\":\"https:\/\/aldaia.es\/wp-content\/uploads\/2024\/09\/mupa-portada-web-museu-palmito-aldaia.jpg\",\"contentUrl\":\"https:\/\/aldaia.es\/wp-content\/uploads\/2024\/09\/mupa-portada-web-museu-palmito-aldaia.jpg\"},{\"@type\":\"BreadcrumbList\",\"@id\":\"https:\/\/aldaia.es\/es\/cultura\/mupa-museo-del-abanico-de-aldaia\/#breadcrumb\",\"itemListElement\":[{\"@type\":\"ListItem\",\"position\":1,\"name\":\"Portada\",\"item\":\"https:\/\/aldaia.es\/es\/\"},{\"@type\":\"ListItem\",\"position\":2,\"name\":\"Cultura\",\"item\":\"https:\/\/aldaia.es\/es\/cultura\/\"},{\"@type\":\"ListItem\",\"position\":3,\"name\":\"MUPA, Museo del Abanico de Aldaia\"}]},{\"@type\":\"WebSite\",\"@id\":\"https:\/\/aldaia.es\/es\/#website\",\"url\":\"https:\/\/aldaia.es\/es\/\",\"name\":\"Ajuntament D'Aldaia\",\"description\":\"\",\"publisher\":{\"@id\":\"https:\/\/aldaia.es\/es\/#organization\"},\"alternateName\":\"Ajuntament D'Aldaia\",\"potentialAction\":[{\"@type\":\"SearchAction\",\"target\":{\"@type\":\"EntryPoint\",\"urlTemplate\":\"https:\/\/aldaia.es\/es\/?s={search_term_string}\"},\"query-input\":{\"@type\":\"PropertyValueSpecification\",\"valueRequired\":true,\"valueName\":\"search_term_string\"}}],\"inLanguage\":\"es\"},{\"@type\":\"Organization\",\"@id\":\"https:\/\/aldaia.es\/es\/#organization\",\"name\":\"Ajuntament D'Aldaia\",\"url\":\"https:\/\/aldaia.es\/es\/\",\"logo\":{\"@type\":\"ImageObject\",\"inLanguage\":\"es\",\"@id\":\"https:\/\/aldaia.es\/es\/#\/schema\/logo\/image\/\",\"url\":\"https:\/\/aldaia.es\/wp-content\/uploads\/2022\/06\/aldaia-negro-1.png\",\"contentUrl\":\"https:\/\/aldaia.es\/wp-content\/uploads\/2022\/06\/aldaia-negro-1.png\",\"width\":152,\"height\":70,\"caption\":\"Ajuntament D'Aldaia\"},\"image\":{\"@id\":\"https:\/\/aldaia.es\/es\/#\/schema\/logo\/image\/\"}}]}<\/script>\n<!-- \/ Yoast SEO plugin. -->","yoast_head_json":{"title":"MUPA, Museo del Abanico de Aldaia - Ayuntamiento de Aldaia","description":"El Museo del Abanico de Aldaia (MUPA) es el centro de difusi\u00f3n de la artesan\u00eda y el arte del abanico de Aldaia y la Comunitat Valenciana.","robots":{"index":"index","follow":"follow","max-snippet":"max-snippet:-1","max-image-preview":"max-image-preview:large","max-video-preview":"max-video-preview:-1"},"canonical":"https:\/\/aldaia.es\/es\/cultura\/mupa-museo-del-abanico-de-aldaia\/","og_locale":"es_ES","og_type":"article","og_title":"MUPA, Museo del Abanico de Aldaia - Ayuntamiento de Aldaia","og_description":"El Museo del Abanico de Aldaia (MUPA) es el centro de difusi\u00f3n de la artesan\u00eda y el arte del abanico de Aldaia y la Comunitat Valenciana.","og_url":"https:\/\/aldaia.es\/es\/cultura\/mupa-museo-del-abanico-de-aldaia\/","og_site_name":"Ayuntamiento de Aldaia","article_modified_time":"2026-02-17T11:49:42+00:00","og_image":[{"width":1440,"height":388,"url":"https:\/\/aldaia.es\/wp-content\/uploads\/2024\/09\/mupa-portada-web-museu-palmito-aldaia.jpg","type":"image\/jpeg"}],"schema":{"@context":"https:\/\/schema.org","@graph":[{"@type":"WebPage","@id":"https:\/\/aldaia.es\/es\/cultura\/mupa-museo-del-abanico-de-aldaia\/","url":"https:\/\/aldaia.es\/es\/cultura\/mupa-museo-del-abanico-de-aldaia\/","name":"MUPA, Museo del Abanico de Aldaia - Ayuntamiento de Aldaia","isPartOf":{"@id":"https:\/\/aldaia.es\/es\/#website"},"primaryImageOfPage":{"@id":"https:\/\/aldaia.es\/es\/cultura\/mupa-museo-del-abanico-de-aldaia\/#primaryimage"},"image":{"@id":"https:\/\/aldaia.es\/es\/cultura\/mupa-museo-del-abanico-de-aldaia\/#primaryimage"},"thumbnailUrl":"https:\/\/aldaia.es\/wp-content\/uploads\/2024\/09\/mupa-portada-web-museu-palmito-aldaia.jpg","datePublished":"2022-08-25T09:35:55+00:00","dateModified":"2026-02-17T11:49:42+00:00","description":"El Museo del Abanico de Aldaia (MUPA) es el centro de difusi\u00f3n de la artesan\u00eda y el arte del abanico de Aldaia y la Comunitat Valenciana.","breadcrumb":{"@id":"https:\/\/aldaia.es\/es\/cultura\/mupa-museo-del-abanico-de-aldaia\/#breadcrumb"},"inLanguage":"es","potentialAction":[{"@type":"ReadAction","target":["https:\/\/aldaia.es\/es\/cultura\/mupa-museo-del-abanico-de-aldaia\/"]}]},{"@type":"ImageObject","inLanguage":"es","@id":"https:\/\/aldaia.es\/es\/cultura\/mupa-museo-del-abanico-de-aldaia\/#primaryimage","url":"https:\/\/aldaia.es\/wp-content\/uploads\/2024\/09\/mupa-portada-web-museu-palmito-aldaia.jpg","contentUrl":"https:\/\/aldaia.es\/wp-content\/uploads\/2024\/09\/mupa-portada-web-museu-palmito-aldaia.jpg"},{"@type":"BreadcrumbList","@id":"https:\/\/aldaia.es\/es\/cultura\/mupa-museo-del-abanico-de-aldaia\/#breadcrumb","itemListElement":[{"@type":"ListItem","position":1,"name":"Portada","item":"https:\/\/aldaia.es\/es\/"},{"@type":"ListItem","position":2,"name":"Cultura","item":"https:\/\/aldaia.es\/es\/cultura\/"},{"@type":"ListItem","position":3,"name":"MUPA, Museo del Abanico de Aldaia"}]},{"@type":"WebSite","@id":"https:\/\/aldaia.es\/es\/#website","url":"https:\/\/aldaia.es\/es\/","name":"Ajuntament D'Aldaia","description":"","publisher":{"@id":"https:\/\/aldaia.es\/es\/#organization"},"alternateName":"Ajuntament D'Aldaia","potentialAction":[{"@type":"SearchAction","target":{"@type":"EntryPoint","urlTemplate":"https:\/\/aldaia.es\/es\/?s={search_term_string}"},"query-input":{"@type":"PropertyValueSpecification","valueRequired":true,"valueName":"search_term_string"}}],"inLanguage":"es"},{"@type":"Organization","@id":"https:\/\/aldaia.es\/es\/#organization","name":"Ajuntament D'Aldaia","url":"https:\/\/aldaia.es\/es\/","logo":{"@type":"ImageObject","inLanguage":"es","@id":"https:\/\/aldaia.es\/es\/#\/schema\/logo\/image\/","url":"https:\/\/aldaia.es\/wp-content\/uploads\/2022\/06\/aldaia-negro-1.png","contentUrl":"https:\/\/aldaia.es\/wp-content\/uploads\/2022\/06\/aldaia-negro-1.png","width":152,"height":70,"caption":"Ajuntament D'Aldaia"},"image":{"@id":"https:\/\/aldaia.es\/es\/#\/schema\/logo\/image\/"}}]}},"_links":{"self":[{"href":"https:\/\/aldaia.es\/es\/wp-json\/wp\/v2\/pages\/6365","targetHints":{"allow":["GET"]}}],"collection":[{"href":"https:\/\/aldaia.es\/es\/wp-json\/wp\/v2\/pages"}],"about":[{"href":"https:\/\/aldaia.es\/es\/wp-json\/wp\/v2\/types\/page"}],"author":[{"embeddable":true,"href":"https:\/\/aldaia.es\/es\/wp-json\/wp\/v2\/users\/21"}],"replies":[{"embeddable":true,"href":"https:\/\/aldaia.es\/es\/wp-json\/wp\/v2\/comments?post=6365"}],"version-history":[{"count":46,"href":"https:\/\/aldaia.es\/es\/wp-json\/wp\/v2\/pages\/6365\/revisions"}],"predecessor-version":[{"id":40850,"href":"https:\/\/aldaia.es\/es\/wp-json\/wp\/v2\/pages\/6365\/revisions\/40850"}],"up":[{"embeddable":true,"href":"https:\/\/aldaia.es\/es\/wp-json\/wp\/v2\/pages\/6238"}],"wp:attachment":[{"href":"https:\/\/aldaia.es\/es\/wp-json\/wp\/v2\/media?parent=6365"}],"curies":[{"name":"wp","href":"https:\/\/api.w.org\/{rel}","templated":true}]}}