{"id":6367,"date":"2022-08-31T12:03:59","date_gmt":"2022-08-31T10:03:59","guid":{"rendered":"https:\/\/aldaia.eu\/cultura\/mupa-museo-del-palmito-de-aldaia\/coleccion-permanente\/"},"modified":"2024-09-12T12:03:20","modified_gmt":"2024-09-12T10:03:20","slug":"coleccion-permanente","status":"publish","type":"page","link":"https:\/\/aldaia.es\/es\/cultura\/mupa-museo-del-abanico-de-aldaia\/coleccion-permanente\/","title":{"rendered":"Colecci\u00f3n Permanente"},"content":{"rendered":"\n<div class=\"wp-block-columns dep-cultura is-layout-flex wp-container-core-columns-is-layout-9d6595d7 wp-block-columns-is-layout-flex\">\n<div class=\"wp-block-column is-layout-flow wp-block-column-is-layout-flow\" style=\"flex-basis:30%\"><!--  Info MUPA -->\n\n \n\n<div class='bloque-infos-mupa wrapper-departamentos'>\n<p class=\"tit-bloque-infos\">Localizaci\u00f3n y contactos <\/p>\n        <div class='infos-departamento'>\n            <p>Calle Iglesia, 2, 46960 Aldaia, Valencia<\/p>\n            <p><i class=\"fa fa-phone\" aria-hidden=\"true\"><\/i> <a href=\"tel:+34961116948\">+34 96 111 69 48<\/a><\/p>\n            <p><strong>Horario:<\/strong><\/p>\n            <p>Martes a viernes: Ma\u00f1anas de 10:00 a 14:00 h. Tardes de 17:00 a 20:00 h. S\u00e1bado y domingo: De 10:00 a 14:00 h.<\/p>\n            <p><i class=\"fas fa-envelope\"><\/i> <a href=\"mailto:fmartinez@ajuntamentaldaia.org\">fmartinez@ajuntamentaldaia.org<\/a><\/p>\n            <p><i class=\"fas fa-envelope\"><\/i> <a href=\"mailto:museudelpalmito@ajuntamentaldaia.org\">museudelpalmito@ajuntamentaldaia.org<\/a><\/p>\n        <\/div>\n\n        <div class='mapa-1'>\n        <iframe src=\"https:\/\/www.google.com\/maps\/embed?pb=!1m18!1m12!1m3!1d405.56942687773903!2d-0.4622136234373346!3d39.46497086966321!2m3!1f0!2f0!3f0!3m2!1i1024!2i768!4f13.1!3m3!1m2!1s0xd60501629a20a8f%3A0xbb7939634005359b!2sMuseo%20del%20Palmito!5e0!3m2!1ses!2ses!4v1726124557575!5m2!1ses!2ses\" width=\"100%\" height=\"450\" style=\"border:0;\" allowfullscreen=\"\" loading=\"lazy\" referrerpolicy=\"no-referrer-when-downgrade\"><\/iframe>\n        <\/div>\n\n<\/div>\n<!-- end bloque infos -->\n   \n\n    \n\n\n<\/div>\n\n\n\n<div class=\"wp-block-column is-layout-flow wp-block-column-is-layout-flow\" style=\"flex-basis:70%\">\n<h1 class=\"wp-block-heading\">MUPA, Colecci\u00f3n Permanente<\/h1>\n\n\n\n<p>La Colecci\u00f3n Permanente est\u00e1 dividida en 10 espacios museogr\u00e1ficos distribuidos en la planta baja y la primera planta.<\/p>\n\n\n\n<h2 class=\"wp-block-heading\">Planta Baja<\/h2>\n\n\n\n<ul class=\"wp-block-list\">\n<li><strong>El abanico, artesan\u00eda milenaria.<\/strong>&nbsp;Con una historia de mas de 3.000 a\u00f1os. Artesanos de todo el mundo desde la Edad Antigua han elaborado abanicos, desde el antiguo Egipto y China y las culturas precolombinas pasando por la antigua Grecia y Roma. No ser\u00e1 hasta la segunda mitad del siglo XIX cuando en Aldaia se crean los primeros talleres.<\/li>\n\n\n\n<li><strong>El origen del abanico r\u00edgido.<\/strong>&nbsp;Es la tipolog\u00eda m\u00e1s antigua., como es el caso del flablelum de las culturas antiguas y de la Edad Media. Abanicos confeccionados con materiales vegetales, piel, metal, madera, marfil y plumas de p\u00e1jaros.<\/li>\n\n\n\n<li><strong>La innovaci\u00f3n del abanico plegable.<\/strong>&nbsp;Su invenci\u00f3n se remonta en el siglo VII a.C en Asia. Pero no ser\u00e1 hasta el s.XVI cuando llega a Europa, gracias al descubrimiento de nuevas rutas comerciales con el oriente.<\/li>\n\n\n\n<li><strong>Cinco siglos de artesan\u00eda en Valencia.<\/strong>&nbsp;Los or\u00edgenes de la artesan\u00eda del abanico en Valencia se remontan en el siglo XV, cuando reyes y el alta sociedad de la \u00e9poca adquir\u00edan abanicos valencianos. El reconocimiento institucional de la figura del artesano abaniquero valenciano tiene lugar en el siglo XVIII, con la creaci\u00f3n de la Real F\u00e1brica de Palmitos y del Gremio de Mestres Artesans Palmiters de Valencia.<\/li>\n\n\n\n<li><strong>Aldaia, cuna del abanico.<\/strong>&nbsp;La tradici\u00f3n del abanico en Aldaia se remonta en el siglo XIX. En 1857 Aldaia contaba al menos con 18 familias de artesanos abaniquero, seg\u00fan el historiador Josep Ramon Sanchis. A partir de aquel momento y hasta hoy ha ido pasando la tradici\u00f3n abaniquera de generaci\u00f3n en generaci\u00f3n. En el siglo XX Aldaia desplazar\u00e1 Valencia en la fabricaci\u00f3n de abanicos y se convertir\u00e1 en el principal centro productor de la Comunidad Valenciana. En 2015 Aldaia contaba con 17 talleres en activo, a los cuales se suman 11 m\u00e1s dsitribuidos en las poblaciones vecinas de Alaqu\u00e0s, Xirivella, Godella, Quart de Poblet, Chiva y Valencia.<\/li>\n\n\n\n<li><strong>El arte del varillado del abanico<\/strong>.&nbsp;El varillado es el conjunto de varillas que forman la armadura del abanico, que lo sostiene y articula su movimiento. La elaboraci\u00f3n del varillado es un proceso complejo. Hay unos pasos iniciales de conformaci\u00f3n del material que comprenden el desbastado, el secado, el prensado y el apresto. Y un proceso final de decoraci\u00f3n sobre las l\u00e1minas ablandadas que consiste en la vainica, el grabado y el adorno de varillas.<\/li>\n<\/ul>\n\n\n\n<h2 class=\"wp-block-heading\">Planta Primera<\/h2>\n\n\n\n<ul class=\"wp-block-list\">\n<li><strong>Elaboraci\u00f3n del abanico artesanal.&nbsp;<\/strong>Este espacio explica los diversos procesos de los art\u00edfices del abanico artesano, es decir, los artesanos que participan en la confecci\u00f3n del abanico (varillador, caladero, pintor, barnizador, enteladora&#8230;) hasta el montaje final que realiza el maestro abaniquero.<\/li>\n\n\n\n<li><strong>Clasificaci\u00f3n.<\/strong>&nbsp;Tipo de abanicos. Los abanicos se pueden clasificar seg\u00fan su estructura (r\u00edgido, plegable y briss\u00e9), su estilo (isabeli, crist\u00ed, etc) o el material empleado para su elaboraci\u00f3n (maderas, seda y otras telas, hueso y otros).<\/li>\n\n\n\n<li><strong>La mujer en el arte del abanico.<\/strong>&nbsp;Antes de la mecanizaci\u00f3n del \u00abvarillatge\u00bb, las mujeres constituyeron el grosor del personal de los talleres puesto que realizaban a mano el trabajo de escamar, rematar, pulir las varillas y posar los clavos de los *varetatges. Pero las mujeres tambi\u00e9n han realizado trabajos m\u00e1s art\u00edsticos, aunque relacionados con el rol de la costura, como son el empa\u00f1ado, la ensambladura, las lentejuelas, el bordado, el adornado y el montaje y remado final. No obstante esto, en el \u00faltimo tercio del siglo XX se han incorporado al sector \u00abpalmiter\u00bb destacadas pintoras y maestras *palmiteres que gestionan sus propios talleres.<\/li>\n\n\n\n<li><strong>El abanico de colecci\u00f3n.<\/strong>&nbsp;Un recorrido por la historia del taller artesanal de la familia *Abanicos Blay *Villa, el \u00fanico taller artesanal de Europa de *palmitos de n\u00e1car, y grandes restauradores de abanicos de col\u2022*lecci\u00f3 de varios pa\u00edses del mundo.<\/li>\n<\/ul>\n\n\n\n<p>Todos los abanicos del MUPA destacan bien por su valor hist\u00f3rico, su singularidad, su simbolismo, el proceso de elaboraci\u00f3n o los materiales utilizados. Los cedentes y donantes son \u00c1ngel Ernesto Blay de Abanicos Blay Villa, Mar\u00eda Luisa Andr\u00e9s de Abanicos Andr\u00e9s Pascual, Francisca Ortiz Fabi\u00e1n, \u00c1ngeles de Carmen Sanchez Ferrer, Alejandro Mart\u00edn de Abanicos Garc\u00eda, Amalia Ferrandis L\u00f3pez de Abanicos Vifema, Abanicos Manel Rochina, Abanicos Pelufo, Abanicos Artesanos, Jos\u00e9 Merenciano, Javier Gadea, Carlos Navarro, Elena Renovell, Abanicos Burriel, Salvador Folgado Iglesias y Juan Parrilla Herv\u00e1s, entre otros. El Ayuntamiento agradece su generosidad por haber apostado por el desarrollo del MUPA.<\/p>\n<\/div>\n<\/div>\n\n\n\n<div class=\"wp-block-columns is-layout-flex wp-container-core-columns-is-layout-9d6595d7 wp-block-columns-is-layout-flex\">\n<div class=\"wp-block-column lista_adjuntos is-layout-flow wp-block-column-is-layout-flow\">\n<h2 class=\"wp-block-heading display-4\">Enlaces<\/h2>\n\n\n\n<p><i class=\"fas fa-file-pdf\"><\/i> <a href=\"https:\/\/aldaia.es\/wp-content\/uploads\/2023\/12\/Triptic-MUPA-2023.pdf\" target=\"_blank\" rel=\"noreferrer noopener\">Tr\u00edptic MUPA 2023<\/a><\/p>\n\n\n\n<p><i class=\"fas fa-link\"><\/i> <a href=\"https:\/\/aldaia.es\/cultura\/mupa-museu-del-palmito-daldaia\/ledifici-i-la-col%c2%b7leccio-permanent\/\">El edificio y la Colecci\u00f3n Permanente<\/a><a href=\"https:\/\/aldaia.es\/es\/cultura\/mupa-museo-del-abanico-de-aldaia\/el-edificio-y-la-coleccion-permanente\/\"><\/a><\/p>\n\n\n\n<p><i class=\"fas fa-link\"><\/i> <a href=\"https:\/\/aldaia.es\/es\/cultura\/mupa-museo-del-abanico-de-aldaia\/sala-de-exposiciones-temporales\/\">Sala de Exposiciones temporales<\/a><\/p>\n\n\n\n<p><i class=\"fas fa-link\"><\/i> <a href=\"https:\/\/aldaia.es\/es\/cultura\/mupa-museo-del-abanico-de-aldaia\/el-palmito-historia-milenaria\/\">El abanico, historia milenaria<\/a><\/p>\n\n\n\n<p><i class=\"fas fa-link\"><\/i> <a href=\"https:\/\/aldaia.es\/es\/cultura\/mupa-museo-del-abanico-de-aldaia\/la-artesania-del-palmito-valenciano\/\">La artesania del abanico o palmito valenciano<\/a><\/p>\n\n\n\n<p><i class=\"fas fa-link\"><\/i> <a href=\"https:\/\/aldaia.es\/es\/cultura\/mupa-museo-del-abanico-de-aldaia\/artesanos-en-activo-ruta-de-los-palmiteros-de-aldaia\/\">Artesanos en activo: Ruta de los palmiteros de Aldaia<\/a><\/p>\n\n\n\n<p><i class=\"fas fa-link\"><\/i> <a href=\"https:\/\/aldaia.es\/es\/cultura\/mupa-museo-del-abanico-de-aldaia\/recursos-del-mupa\/\">Recursos del MUPA<\/a><\/p>\n<\/div>\n<\/div>\n","protected":false},"excerpt":{"rendered":"<p>MUPA, Colecci\u00f3n Permanente La Colecci\u00f3n Permanente est\u00e1 dividida en 10 espacios museogr\u00e1ficos distribuidos en la planta baja y la primera planta. Planta Baja Planta Primera Todos los abanicos del MUPA <a class=\"text-decoration-none text-black\" href=\"https:\/\/aldaia.es\/es\/cultura\/mupa-museo-del-abanico-de-aldaia\/coleccion-permanente\/\"> &#8230; <\/a><\/p>\n","protected":false},"author":21,"featured_media":0,"parent":6365,"menu_order":0,"comment_status":"closed","ping_status":"closed","template":"basic-page-departamentos.php","meta":{"_acf_changed":false,"footnotes":""},"class_list":["post-6367","page","type-page","status-publish","hentry"],"acf":[],"yoast_head":"<!-- This site is optimized with the Yoast SEO plugin v27.0 - https:\/\/yoast.com\/product\/yoast-seo-wordpress\/ -->\n<title>Colecci\u00f3n Permanente - Ayuntamiento de Aldaia<\/title>\n<meta name=\"description\" content=\"El Museo del Abanico de Aldaia (MUPA) es el centro de difusi\u00f3n de la artesan\u00eda y el arte del abanico de Aldaia y la Comunitat Valenciana.\" \/>\n<meta name=\"robots\" content=\"index, follow, max-snippet:-1, max-image-preview:large, max-video-preview:-1\" \/>\n<link rel=\"canonical\" href=\"https:\/\/aldaia.es\/es\/cultura\/mupa-museo-del-abanico-de-aldaia\/coleccion-permanente\/\" \/>\n<meta property=\"og:locale\" content=\"es_ES\" \/>\n<meta property=\"og:type\" content=\"article\" \/>\n<meta property=\"og:title\" content=\"Colecci\u00f3n Permanente - Ayuntamiento de Aldaia\" \/>\n<meta property=\"og:description\" content=\"El Museo del Abanico de Aldaia (MUPA) es el centro de difusi\u00f3n de la artesan\u00eda y el arte del abanico de Aldaia y la Comunitat Valenciana.\" \/>\n<meta property=\"og:url\" content=\"https:\/\/aldaia.es\/es\/cultura\/mupa-museo-del-abanico-de-aldaia\/coleccion-permanente\/\" \/>\n<meta property=\"og:site_name\" content=\"Ayuntamiento de Aldaia\" \/>\n<meta property=\"article:modified_time\" content=\"2024-09-12T10:03:20+00:00\" \/>\n<script type=\"application\/ld+json\" class=\"yoast-schema-graph\">{\"@context\":\"https:\/\/schema.org\",\"@graph\":[{\"@type\":\"WebPage\",\"@id\":\"https:\/\/aldaia.es\/es\/cultura\/mupa-museo-del-abanico-de-aldaia\/coleccion-permanente\/\",\"url\":\"https:\/\/aldaia.es\/es\/cultura\/mupa-museo-del-abanico-de-aldaia\/coleccion-permanente\/\",\"name\":\"Colecci\u00f3n Permanente - Ayuntamiento de Aldaia\",\"isPartOf\":{\"@id\":\"https:\/\/aldaia.es\/es\/#website\"},\"datePublished\":\"2022-08-31T10:03:59+00:00\",\"dateModified\":\"2024-09-12T10:03:20+00:00\",\"description\":\"El Museo del Abanico de Aldaia (MUPA) es el centro de difusi\u00f3n de la artesan\u00eda y el arte del abanico de Aldaia y la Comunitat Valenciana.\",\"breadcrumb\":{\"@id\":\"https:\/\/aldaia.es\/es\/cultura\/mupa-museo-del-abanico-de-aldaia\/coleccion-permanente\/#breadcrumb\"},\"inLanguage\":\"es\",\"potentialAction\":[{\"@type\":\"ReadAction\",\"target\":[\"https:\/\/aldaia.es\/es\/cultura\/mupa-museo-del-abanico-de-aldaia\/coleccion-permanente\/\"]}]},{\"@type\":\"BreadcrumbList\",\"@id\":\"https:\/\/aldaia.es\/es\/cultura\/mupa-museo-del-abanico-de-aldaia\/coleccion-permanente\/#breadcrumb\",\"itemListElement\":[{\"@type\":\"ListItem\",\"position\":1,\"name\":\"Portada\",\"item\":\"https:\/\/aldaia.es\/es\/\"},{\"@type\":\"ListItem\",\"position\":2,\"name\":\"Cultura\",\"item\":\"https:\/\/aldaia.es\/es\/cultura\/\"},{\"@type\":\"ListItem\",\"position\":3,\"name\":\"MUPA, Museo del Abanico de Aldaia\",\"item\":\"https:\/\/aldaia.es\/es\/cultura\/mupa-museo-del-abanico-de-aldaia\/\"},{\"@type\":\"ListItem\",\"position\":4,\"name\":\"Colecci\u00f3n Permanente\"}]},{\"@type\":\"WebSite\",\"@id\":\"https:\/\/aldaia.es\/es\/#website\",\"url\":\"https:\/\/aldaia.es\/es\/\",\"name\":\"Ajuntament D'Aldaia\",\"description\":\"\",\"publisher\":{\"@id\":\"https:\/\/aldaia.es\/es\/#organization\"},\"alternateName\":\"Ajuntament D'Aldaia\",\"potentialAction\":[{\"@type\":\"SearchAction\",\"target\":{\"@type\":\"EntryPoint\",\"urlTemplate\":\"https:\/\/aldaia.es\/es\/?s={search_term_string}\"},\"query-input\":{\"@type\":\"PropertyValueSpecification\",\"valueRequired\":true,\"valueName\":\"search_term_string\"}}],\"inLanguage\":\"es\"},{\"@type\":\"Organization\",\"@id\":\"https:\/\/aldaia.es\/es\/#organization\",\"name\":\"Ajuntament D'Aldaia\",\"url\":\"https:\/\/aldaia.es\/es\/\",\"logo\":{\"@type\":\"ImageObject\",\"inLanguage\":\"es\",\"@id\":\"https:\/\/aldaia.es\/es\/#\/schema\/logo\/image\/\",\"url\":\"https:\/\/aldaia.es\/wp-content\/uploads\/2022\/06\/aldaia-negro-1.png\",\"contentUrl\":\"https:\/\/aldaia.es\/wp-content\/uploads\/2022\/06\/aldaia-negro-1.png\",\"width\":152,\"height\":70,\"caption\":\"Ajuntament D'Aldaia\"},\"image\":{\"@id\":\"https:\/\/aldaia.es\/es\/#\/schema\/logo\/image\/\"}}]}<\/script>\n<!-- \/ Yoast SEO plugin. -->","yoast_head_json":{"title":"Colecci\u00f3n Permanente - Ayuntamiento de Aldaia","description":"El Museo del Abanico de Aldaia (MUPA) es el centro de difusi\u00f3n de la artesan\u00eda y el arte del abanico de Aldaia y la Comunitat Valenciana.","robots":{"index":"index","follow":"follow","max-snippet":"max-snippet:-1","max-image-preview":"max-image-preview:large","max-video-preview":"max-video-preview:-1"},"canonical":"https:\/\/aldaia.es\/es\/cultura\/mupa-museo-del-abanico-de-aldaia\/coleccion-permanente\/","og_locale":"es_ES","og_type":"article","og_title":"Colecci\u00f3n Permanente - Ayuntamiento de Aldaia","og_description":"El Museo del Abanico de Aldaia (MUPA) es el centro de difusi\u00f3n de la artesan\u00eda y el arte del abanico de Aldaia y la Comunitat Valenciana.","og_url":"https:\/\/aldaia.es\/es\/cultura\/mupa-museo-del-abanico-de-aldaia\/coleccion-permanente\/","og_site_name":"Ayuntamiento de Aldaia","article_modified_time":"2024-09-12T10:03:20+00:00","schema":{"@context":"https:\/\/schema.org","@graph":[{"@type":"WebPage","@id":"https:\/\/aldaia.es\/es\/cultura\/mupa-museo-del-abanico-de-aldaia\/coleccion-permanente\/","url":"https:\/\/aldaia.es\/es\/cultura\/mupa-museo-del-abanico-de-aldaia\/coleccion-permanente\/","name":"Colecci\u00f3n Permanente - Ayuntamiento de Aldaia","isPartOf":{"@id":"https:\/\/aldaia.es\/es\/#website"},"datePublished":"2022-08-31T10:03:59+00:00","dateModified":"2024-09-12T10:03:20+00:00","description":"El Museo del Abanico de Aldaia (MUPA) es el centro de difusi\u00f3n de la artesan\u00eda y el arte del abanico de Aldaia y la Comunitat Valenciana.","breadcrumb":{"@id":"https:\/\/aldaia.es\/es\/cultura\/mupa-museo-del-abanico-de-aldaia\/coleccion-permanente\/#breadcrumb"},"inLanguage":"es","potentialAction":[{"@type":"ReadAction","target":["https:\/\/aldaia.es\/es\/cultura\/mupa-museo-del-abanico-de-aldaia\/coleccion-permanente\/"]}]},{"@type":"BreadcrumbList","@id":"https:\/\/aldaia.es\/es\/cultura\/mupa-museo-del-abanico-de-aldaia\/coleccion-permanente\/#breadcrumb","itemListElement":[{"@type":"ListItem","position":1,"name":"Portada","item":"https:\/\/aldaia.es\/es\/"},{"@type":"ListItem","position":2,"name":"Cultura","item":"https:\/\/aldaia.es\/es\/cultura\/"},{"@type":"ListItem","position":3,"name":"MUPA, Museo del Abanico de Aldaia","item":"https:\/\/aldaia.es\/es\/cultura\/mupa-museo-del-abanico-de-aldaia\/"},{"@type":"ListItem","position":4,"name":"Colecci\u00f3n Permanente"}]},{"@type":"WebSite","@id":"https:\/\/aldaia.es\/es\/#website","url":"https:\/\/aldaia.es\/es\/","name":"Ajuntament D'Aldaia","description":"","publisher":{"@id":"https:\/\/aldaia.es\/es\/#organization"},"alternateName":"Ajuntament D'Aldaia","potentialAction":[{"@type":"SearchAction","target":{"@type":"EntryPoint","urlTemplate":"https:\/\/aldaia.es\/es\/?s={search_term_string}"},"query-input":{"@type":"PropertyValueSpecification","valueRequired":true,"valueName":"search_term_string"}}],"inLanguage":"es"},{"@type":"Organization","@id":"https:\/\/aldaia.es\/es\/#organization","name":"Ajuntament D'Aldaia","url":"https:\/\/aldaia.es\/es\/","logo":{"@type":"ImageObject","inLanguage":"es","@id":"https:\/\/aldaia.es\/es\/#\/schema\/logo\/image\/","url":"https:\/\/aldaia.es\/wp-content\/uploads\/2022\/06\/aldaia-negro-1.png","contentUrl":"https:\/\/aldaia.es\/wp-content\/uploads\/2022\/06\/aldaia-negro-1.png","width":152,"height":70,"caption":"Ajuntament D'Aldaia"},"image":{"@id":"https:\/\/aldaia.es\/es\/#\/schema\/logo\/image\/"}}]}},"_links":{"self":[{"href":"https:\/\/aldaia.es\/es\/wp-json\/wp\/v2\/pages\/6367","targetHints":{"allow":["GET"]}}],"collection":[{"href":"https:\/\/aldaia.es\/es\/wp-json\/wp\/v2\/pages"}],"about":[{"href":"https:\/\/aldaia.es\/es\/wp-json\/wp\/v2\/types\/page"}],"author":[{"embeddable":true,"href":"https:\/\/aldaia.es\/es\/wp-json\/wp\/v2\/users\/21"}],"replies":[{"embeddable":true,"href":"https:\/\/aldaia.es\/es\/wp-json\/wp\/v2\/comments?post=6367"}],"version-history":[{"count":4,"href":"https:\/\/aldaia.es\/es\/wp-json\/wp\/v2\/pages\/6367\/revisions"}],"predecessor-version":[{"id":31539,"href":"https:\/\/aldaia.es\/es\/wp-json\/wp\/v2\/pages\/6367\/revisions\/31539"}],"up":[{"embeddable":true,"href":"https:\/\/aldaia.es\/es\/wp-json\/wp\/v2\/pages\/6365"}],"wp:attachment":[{"href":"https:\/\/aldaia.es\/es\/wp-json\/wp\/v2\/media?parent=6367"}],"curies":[{"name":"wp","href":"https:\/\/api.w.org\/{rel}","templated":true}]}}