{"id":6368,"date":"2022-08-31T12:07:02","date_gmt":"2022-08-31T10:07:02","guid":{"rendered":"https:\/\/aldaia.eu\/cultura\/mupa-museo-del-palmito-de-aldaia\/el-palmito-historia-milenaria\/"},"modified":"2024-09-12T14:23:51","modified_gmt":"2024-09-12T12:23:51","slug":"el-palmito-historia-milenaria","status":"publish","type":"page","link":"https:\/\/aldaia.es\/es\/cultura\/mupa-museo-del-abanico-de-aldaia\/el-palmito-historia-milenaria\/","title":{"rendered":"El palmito, historia milenaria"},"content":{"rendered":"\n<div class=\"wp-block-columns dep-cultura is-layout-flex wp-container-core-columns-is-layout-9d6595d7 wp-block-columns-is-layout-flex\">\n<div class=\"wp-block-column is-layout-flow wp-block-column-is-layout-flow\" style=\"flex-basis:30%\"><!--  Info MUPA -->\n\n \n\n<div class='bloque-infos-mupa wrapper-departamentos'>\n<p class=\"tit-bloque-infos\">Localizaci\u00f3n y contactos <\/p>\n        <div class='infos-departamento'>\n            <p>Calle Iglesia, 2, 46960 Aldaia, Valencia<\/p>\n            <p><i class=\"fa fa-phone\" aria-hidden=\"true\"><\/i> <a href=\"tel:+34961116948\">+34 96 111 69 48<\/a><\/p>\n            <p><strong>Horario:<\/strong><\/p>\n            <p>Martes a viernes: Ma\u00f1anas de 10:00 a 14:00 h. Tardes de 17:00 a 20:00 h. S\u00e1bado y domingo: De 10:00 a 14:00 h.<\/p>\n            <p><i class=\"fas fa-envelope\"><\/i> <a href=\"mailto:fmartinez@ajuntamentaldaia.org\">fmartinez@ajuntamentaldaia.org<\/a><\/p>\n            <p><i class=\"fas fa-envelope\"><\/i> <a href=\"mailto:museudelpalmito@ajuntamentaldaia.org\">museudelpalmito@ajuntamentaldaia.org<\/a><\/p>\n        <\/div>\n\n        <div class='mapa-1'>\n        <iframe src=\"https:\/\/www.google.com\/maps\/embed?pb=!1m18!1m12!1m3!1d405.56942687773903!2d-0.4622136234373346!3d39.46497086966321!2m3!1f0!2f0!3f0!3m2!1i1024!2i768!4f13.1!3m3!1m2!1s0xd60501629a20a8f%3A0xbb7939634005359b!2sMuseo%20del%20Palmito!5e0!3m2!1ses!2ses!4v1726124557575!5m2!1ses!2ses\" width=\"100%\" height=\"450\" style=\"border:0;\" allowfullscreen=\"\" loading=\"lazy\" referrerpolicy=\"no-referrer-when-downgrade\"><\/iframe>\n        <\/div>\n\n<\/div>\n<!-- end bloque infos -->\n   \n\n    \n\n\n<\/div>\n\n\n\n<div class=\"wp-block-column is-layout-flow wp-block-column-is-layout-flow\" style=\"flex-basis:70%\">\n<h1 class=\"wp-block-heading\">MUPA. El palmito, historia milenaria<\/h1>\n\n\n\n<p>El abanico es un s\u00edmbolo de la cultura espa\u00f1ola, y especialmente de la valenciana, con una fuerte arraigo en la actualidad. Una joya que fusiona a la perfecci\u00f3n el arte y la funcionalidad.<\/p>\n\n\n\n<p>Resulta complejo precisar el origen del abanico, pero se considera tan antiguo como el material que agita. Con una historia constatada de m\u00e1s de 3.000 a\u00f1os, el abanico ha evolucionado a lo largo de su historia cambiante su morfolog\u00eda, usos y materiales de fabricaci\u00f3n, viviendo un proceso de renovaci\u00f3n constante.<\/p>\n\n\n\n<div class=\"wp-block-columns is-layout-flex wp-container-core-columns-is-layout-9d6595d7 wp-block-columns-is-layout-flex\">\n<div class=\"wp-block-column is-layout-flow wp-block-column-is-layout-flow\">\n<figure class=\"wp-block-image size-full\"><img loading=\"lazy\" decoding=\"async\" width=\"250\" height=\"187\" src=\"https:\/\/aldaia.es\/wp-content\/uploads\/2022\/08\/36-c.jpeg\" alt=\"\" class=\"wp-image-5595\" srcset=\"https:\/\/aldaia.es\/wp-content\/uploads\/2022\/08\/36-c.jpeg 250w, https:\/\/aldaia.es\/wp-content\/uploads\/2022\/08\/36-c-150x112.jpeg 150w\" sizes=\"auto, (max-width: 250px) 100vw, 250px\" \/><\/figure>\n<\/div>\n\n\n\n<div class=\"wp-block-column is-layout-flow wp-block-column-is-layout-flow\">\n<figure class=\"wp-block-image size-full\"><img loading=\"lazy\" decoding=\"async\" width=\"250\" height=\"187\" src=\"https:\/\/aldaia.es\/wp-content\/uploads\/2024\/09\/27-c.jpg\" alt=\"\" class=\"wp-image-31566\" srcset=\"https:\/\/aldaia.es\/wp-content\/uploads\/2024\/09\/27-c.jpg 250w, https:\/\/aldaia.es\/wp-content\/uploads\/2024\/09\/27-c-150x112.jpg 150w\" sizes=\"auto, (max-width: 250px) 100vw, 250px\" \/><\/figure>\n<\/div>\n\n\n\n<div class=\"wp-block-column is-layout-flow wp-block-column-is-layout-flow\">\n<figure class=\"wp-block-image size-full\"><img loading=\"lazy\" decoding=\"async\" width=\"250\" height=\"187\" src=\"https:\/\/aldaia.es\/wp-content\/uploads\/2024\/09\/abanico-4.jpg\" alt=\"palmito o abanico\" class=\"wp-image-31568\" srcset=\"https:\/\/aldaia.es\/wp-content\/uploads\/2024\/09\/abanico-4.jpg 250w, https:\/\/aldaia.es\/wp-content\/uploads\/2024\/09\/abanico-4-150x112.jpg 150w\" sizes=\"auto, (max-width: 250px) 100vw, 250px\" \/><\/figure>\n<\/div>\n\n\n\n<div class=\"wp-block-column is-layout-flow wp-block-column-is-layout-flow\">\n<figure class=\"wp-block-image size-full\"><img loading=\"lazy\" decoding=\"async\" width=\"250\" height=\"187\" src=\"https:\/\/aldaia.es\/wp-content\/uploads\/2022\/08\/dsc05807.jpeg\" alt=\"Abanico\" class=\"wp-image-5593\" srcset=\"https:\/\/aldaia.es\/wp-content\/uploads\/2022\/08\/dsc05807.jpeg 250w, https:\/\/aldaia.es\/wp-content\/uploads\/2022\/08\/dsc05807-150x112.jpeg 150w\" sizes=\"auto, (max-width: 250px) 100vw, 250px\" \/><\/figure>\n<\/div>\n<\/div>\n\n\n\n<p>Los vestigios m\u00e1s antiguos de su uso han aparecido en pinturas y relevos de todo el mundo, desde el Antiguo Egipto, Grecia, Roma o Asia. Gracias a las rutas comerciales, que un\u00edan Europa con Oriente, el palmito plegable llegar\u00e1 a Occidente y su uso pronto se extender\u00eda por todo el continente.<\/p>\n\n\n\n<p>Los primeros abanicos eran sencillos objetos para avivar el aire del fuego, pero llegar\u00e1 a convertirse en un objeto art\u00edstico, s\u00edmbolo del poder y exclusivo de las clases privilegiadas.<\/p>\n\n\n\n<p>En Occidente, durante la Edad Media, el abanico o \u00abflabelum\u00bb pasa a formar parte de la liturgia cristiana, emple\u00e1ndose en la Eucarist\u00eda, misas solemnes y procesiones papales, hasta su desaparici\u00f3n definitiva despu\u00e9s del Concilio Vaticano II, pero se conserv\u00f3 en iglesias de Grecia y Armenia donde recibe el nombre de \u00abrhipidion\u00bb.<\/p>\n\n\n\n<p>En Europa los abanicos empiezan a expandirse a partir del siglo XV entre la realeza y la nobleza. En Espa\u00f1a, las primeras referencias del abanico aparecen en la Cr\u00f3nica de Pedro IV de Arag\u00f3n (siglo XIV), en la cual se cita como objeto de los nobles que acompa\u00f1aban el rey. Hay tambi\u00e9n referencia de este utensilio en los inventarios de bienes del Pr\u00edncipe de Viana y de la Reina Juana I de Castilla, denominada la \u00abLoca\u00bb, este \u00faltimo realizado en 1565. Estos palmitos eran r\u00edgidos y de forma redondeada, y se utilizaban en su elaboraci\u00f3n generalmente materiales como la palma, la paja, la seda y las plumas de pavo.<\/p>\n\n\n\n<p>Despu\u00e9s de la aparici\u00f3n del abanico plegable en Espa\u00f1a, en el siglo XVI, pronto empiezan a aparecer los primeros fabricantes. En el siglo XVII encontramos nombres de artesanos de abanicos. En Madrid figuran Juan S\u00e1nchez Cabezas, Francisco \u00c1lvarez de Borja y Jer\u00f3nimo Garc\u00eda, destacando como pintor de abanicos Juan Cano de Ar\u00e9valo. Y en Sevilla destacan Carlos de Arocha, Jos\u00e9 P\u00e1ez y Alonso de Ochoa. A pesar de la existencia de maestros abaniqueros, la importaci\u00f3n de abanicos procedentes de Italia y Francia era importante, lo cual oblig\u00f3 Carlos II en 1679 a limitar la entrada de abanicos procedentes de estos pa\u00edses.<\/p>\n\n\n\n<p>El abanico europeo, propiamente dicho, aparece en su plenitud en Francia en el reinado de Lu\u00eds XV (1710-1774). Fue una pieza fundamental en los salones de la \u00e9poca, como complemento de moda femenino. En el siglo XVIII destaca el franc\u00e9s Eugenio Prost, que llega a Espa\u00f1a bajo la protecci\u00f3n del Conde de Floridablanca. Bajo el reinado de Felipe V aumentan de nuevo las importaciones de palmitos procedentes de Francia, Italia, Holanda e Inglaterra, quiz\u00e1s debido a la gran demanda de este utensilio.<\/p>\n\n\n\n<p>A lo largo de la historia el abanico combinar\u00e1 usos funcionales, ceremoniales y decorativos, y a partir del s. XVIII su uso se popularizar\u00e1 entre las diferentes clases sociales hasta convertirse en un complemento de vestir indispensable. Aliado esencial en el arte del cortejo, gracias al lenguaje del abanico, que serv\u00eda a las damas para comunicarse con sus enamorados sin ser descubiertas por miradas indiscretas.<\/p>\n\n\n\n<p>Ser\u00e1 Espa\u00f1a la que finalmente haga de este excepcional objeto un bien patrimonial de su cultura, con especial arraigo en Aldaia.<\/p>\n<\/div>\n<\/div>\n\n\n\n<div class=\"wp-block-columns is-layout-flex wp-container-core-columns-is-layout-9d6595d7 wp-block-columns-is-layout-flex\">\n<div class=\"wp-block-column lista_adjuntos is-layout-flow wp-block-column-is-layout-flow\">\n<h2 class=\"wp-block-heading display-4\">Enlaces<\/h2>\n\n\n\n<p><i class=\"fas fa-file-pdf\"><\/i> <a href=\"https:\/\/aldaia.es\/wp-content\/uploads\/2023\/12\/Triptic-MUPA-2023.pdf\" target=\"_blank\" rel=\"noreferrer noopener\">Tr\u00edptic MUPA 2023<\/a><\/p>\n\n\n\n<p><i class=\"fas fa-link\"><\/i> <a href=\"https:\/\/aldaia.es\/cultura\/mupa-museu-del-palmito-daldaia\/ledifici-i-la-col%c2%b7leccio-permanent\/\">El edificio y la Colecci\u00f3n Permanente<\/a><a href=\"https:\/\/aldaia.es\/es\/cultura\/mupa-museo-del-abanico-de-aldaia\/el-edificio-y-la-coleccion-permanente\/\"><\/a><\/p>\n\n\n\n<p><i class=\"fas fa-link\"><\/i> <a href=\"https:\/\/aldaia.es\/es\/cultura\/mupa-museo-del-abanico-de-aldaia\/coleccion-permanente\/\">Colecci\u00f3n Permanente<\/a><\/p>\n\n\n\n<p><i class=\"fas fa-link\"><\/i> <a href=\"https:\/\/aldaia.es\/es\/cultura\/mupa-museo-del-abanico-de-aldaia\/sala-de-exposiciones-temporales\/\">Sala de Exposiciones temporales<\/a><\/p>\n\n\n\n<p><i class=\"fas fa-link\"><\/i> <a href=\"https:\/\/aldaia.es\/es\/cultura\/mupa-museo-del-abanico-de-aldaia\/la-artesania-del-palmito-valenciano\/\">La artesania del abanico o palmito valenciano<\/a><\/p>\n\n\n\n<p><i class=\"fas fa-link\"><\/i> <a href=\"https:\/\/aldaia.es\/es\/cultura\/mupa-museo-del-abanico-de-aldaia\/artesanos-en-activo-ruta-de-los-palmiteros-de-aldaia\/\">Artesanos en activo: Ruta de los palmiteros de Aldaia<\/a><\/p>\n\n\n\n<p><i class=\"fas fa-link\"><\/i> <a href=\"https:\/\/aldaia.es\/es\/cultura\/mupa-museo-del-abanico-de-aldaia\/recursos-del-mupa\/\">Recursos del MUPA<\/a><\/p>\n<\/div>\n<\/div>\n","protected":false},"excerpt":{"rendered":"<p>MUPA. El palmito, historia milenaria El abanico es un s\u00edmbolo de la cultura espa\u00f1ola, y especialmente de la valenciana, con una fuerte arraigo en la actualidad. Una joya que fusiona <a class=\"text-decoration-none text-black\" href=\"https:\/\/aldaia.es\/es\/cultura\/mupa-museo-del-abanico-de-aldaia\/el-palmito-historia-milenaria\/\"> &#8230; <\/a><\/p>\n","protected":false},"author":21,"featured_media":0,"parent":6365,"menu_order":0,"comment_status":"closed","ping_status":"closed","template":"basic-page-departamentos.php","meta":{"_acf_changed":false,"footnotes":""},"class_list":["post-6368","page","type-page","status-publish","hentry"],"acf":[],"yoast_head":"<!-- This site is optimized with the Yoast SEO plugin v27.0 - https:\/\/yoast.com\/product\/yoast-seo-wordpress\/ -->\n<title>El palmito, historia milenaria - Ayuntamiento de Aldaia<\/title>\n<meta name=\"robots\" content=\"index, follow, max-snippet:-1, max-image-preview:large, max-video-preview:-1\" \/>\n<link rel=\"canonical\" href=\"https:\/\/aldaia.es\/es\/cultura\/mupa-museo-del-abanico-de-aldaia\/el-palmito-historia-milenaria\/\" \/>\n<meta property=\"og:locale\" content=\"es_ES\" \/>\n<meta property=\"og:type\" content=\"article\" \/>\n<meta property=\"og:title\" content=\"El palmito, historia milenaria - Ayuntamiento de Aldaia\" \/>\n<meta property=\"og:description\" content=\"MUPA. El palmito, historia milenaria El abanico es un s\u00edmbolo de la cultura espa\u00f1ola, y especialmente de la valenciana, con una fuerte arraigo en la actualidad. Una joya que fusiona ...\" \/>\n<meta property=\"og:url\" content=\"https:\/\/aldaia.es\/es\/cultura\/mupa-museo-del-abanico-de-aldaia\/el-palmito-historia-milenaria\/\" \/>\n<meta property=\"og:site_name\" content=\"Ayuntamiento de Aldaia\" \/>\n<meta property=\"article:modified_time\" content=\"2024-09-12T12:23:51+00:00\" \/>\n<meta property=\"og:image\" content=\"https:\/\/aldaia.es\/wp-content\/uploads\/2022\/08\/36-c.jpeg\" \/>\n<script type=\"application\/ld+json\" class=\"yoast-schema-graph\">{\"@context\":\"https:\/\/schema.org\",\"@graph\":[{\"@type\":\"WebPage\",\"@id\":\"https:\/\/aldaia.es\/es\/cultura\/mupa-museo-del-abanico-de-aldaia\/el-palmito-historia-milenaria\/\",\"url\":\"https:\/\/aldaia.es\/es\/cultura\/mupa-museo-del-abanico-de-aldaia\/el-palmito-historia-milenaria\/\",\"name\":\"El palmito, historia milenaria - Ayuntamiento de Aldaia\",\"isPartOf\":{\"@id\":\"https:\/\/aldaia.es\/es\/#website\"},\"primaryImageOfPage\":{\"@id\":\"https:\/\/aldaia.es\/es\/cultura\/mupa-museo-del-abanico-de-aldaia\/el-palmito-historia-milenaria\/#primaryimage\"},\"image\":{\"@id\":\"https:\/\/aldaia.es\/es\/cultura\/mupa-museo-del-abanico-de-aldaia\/el-palmito-historia-milenaria\/#primaryimage\"},\"thumbnailUrl\":\"https:\/\/aldaia.es\/wp-content\/uploads\/2022\/08\/36-c.jpeg\",\"datePublished\":\"2022-08-31T10:07:02+00:00\",\"dateModified\":\"2024-09-12T12:23:51+00:00\",\"breadcrumb\":{\"@id\":\"https:\/\/aldaia.es\/es\/cultura\/mupa-museo-del-abanico-de-aldaia\/el-palmito-historia-milenaria\/#breadcrumb\"},\"inLanguage\":\"es\",\"potentialAction\":[{\"@type\":\"ReadAction\",\"target\":[\"https:\/\/aldaia.es\/es\/cultura\/mupa-museo-del-abanico-de-aldaia\/el-palmito-historia-milenaria\/\"]}]},{\"@type\":\"ImageObject\",\"inLanguage\":\"es\",\"@id\":\"https:\/\/aldaia.es\/es\/cultura\/mupa-museo-del-abanico-de-aldaia\/el-palmito-historia-milenaria\/#primaryimage\",\"url\":\"https:\/\/aldaia.es\/wp-content\/uploads\/2022\/08\/36-c.jpeg\",\"contentUrl\":\"https:\/\/aldaia.es\/wp-content\/uploads\/2022\/08\/36-c.jpeg\"},{\"@type\":\"BreadcrumbList\",\"@id\":\"https:\/\/aldaia.es\/es\/cultura\/mupa-museo-del-abanico-de-aldaia\/el-palmito-historia-milenaria\/#breadcrumb\",\"itemListElement\":[{\"@type\":\"ListItem\",\"position\":1,\"name\":\"Portada\",\"item\":\"https:\/\/aldaia.es\/es\/\"},{\"@type\":\"ListItem\",\"position\":2,\"name\":\"Cultura\",\"item\":\"https:\/\/aldaia.es\/es\/cultura\/\"},{\"@type\":\"ListItem\",\"position\":3,\"name\":\"MUPA, Museo del Abanico de Aldaia\",\"item\":\"https:\/\/aldaia.es\/es\/cultura\/mupa-museo-del-abanico-de-aldaia\/\"},{\"@type\":\"ListItem\",\"position\":4,\"name\":\"El palmito, historia milenaria\"}]},{\"@type\":\"WebSite\",\"@id\":\"https:\/\/aldaia.es\/es\/#website\",\"url\":\"https:\/\/aldaia.es\/es\/\",\"name\":\"Ajuntament D'Aldaia\",\"description\":\"\",\"publisher\":{\"@id\":\"https:\/\/aldaia.es\/es\/#organization\"},\"alternateName\":\"Ajuntament D'Aldaia\",\"potentialAction\":[{\"@type\":\"SearchAction\",\"target\":{\"@type\":\"EntryPoint\",\"urlTemplate\":\"https:\/\/aldaia.es\/es\/?s={search_term_string}\"},\"query-input\":{\"@type\":\"PropertyValueSpecification\",\"valueRequired\":true,\"valueName\":\"search_term_string\"}}],\"inLanguage\":\"es\"},{\"@type\":\"Organization\",\"@id\":\"https:\/\/aldaia.es\/es\/#organization\",\"name\":\"Ajuntament D'Aldaia\",\"url\":\"https:\/\/aldaia.es\/es\/\",\"logo\":{\"@type\":\"ImageObject\",\"inLanguage\":\"es\",\"@id\":\"https:\/\/aldaia.es\/es\/#\/schema\/logo\/image\/\",\"url\":\"https:\/\/aldaia.es\/wp-content\/uploads\/2022\/06\/aldaia-negro-1.png\",\"contentUrl\":\"https:\/\/aldaia.es\/wp-content\/uploads\/2022\/06\/aldaia-negro-1.png\",\"width\":152,\"height\":70,\"caption\":\"Ajuntament D'Aldaia\"},\"image\":{\"@id\":\"https:\/\/aldaia.es\/es\/#\/schema\/logo\/image\/\"}}]}<\/script>\n<!-- \/ Yoast SEO plugin. -->","yoast_head_json":{"title":"El palmito, historia milenaria - Ayuntamiento de Aldaia","robots":{"index":"index","follow":"follow","max-snippet":"max-snippet:-1","max-image-preview":"max-image-preview:large","max-video-preview":"max-video-preview:-1"},"canonical":"https:\/\/aldaia.es\/es\/cultura\/mupa-museo-del-abanico-de-aldaia\/el-palmito-historia-milenaria\/","og_locale":"es_ES","og_type":"article","og_title":"El palmito, historia milenaria - Ayuntamiento de Aldaia","og_description":"MUPA. El palmito, historia milenaria El abanico es un s\u00edmbolo de la cultura espa\u00f1ola, y especialmente de la valenciana, con una fuerte arraigo en la actualidad. Una joya que fusiona ...","og_url":"https:\/\/aldaia.es\/es\/cultura\/mupa-museo-del-abanico-de-aldaia\/el-palmito-historia-milenaria\/","og_site_name":"Ayuntamiento de Aldaia","article_modified_time":"2024-09-12T12:23:51+00:00","og_image":[{"url":"https:\/\/aldaia.es\/wp-content\/uploads\/2022\/08\/36-c.jpeg","type":"","width":"","height":""}],"schema":{"@context":"https:\/\/schema.org","@graph":[{"@type":"WebPage","@id":"https:\/\/aldaia.es\/es\/cultura\/mupa-museo-del-abanico-de-aldaia\/el-palmito-historia-milenaria\/","url":"https:\/\/aldaia.es\/es\/cultura\/mupa-museo-del-abanico-de-aldaia\/el-palmito-historia-milenaria\/","name":"El palmito, historia milenaria - Ayuntamiento de Aldaia","isPartOf":{"@id":"https:\/\/aldaia.es\/es\/#website"},"primaryImageOfPage":{"@id":"https:\/\/aldaia.es\/es\/cultura\/mupa-museo-del-abanico-de-aldaia\/el-palmito-historia-milenaria\/#primaryimage"},"image":{"@id":"https:\/\/aldaia.es\/es\/cultura\/mupa-museo-del-abanico-de-aldaia\/el-palmito-historia-milenaria\/#primaryimage"},"thumbnailUrl":"https:\/\/aldaia.es\/wp-content\/uploads\/2022\/08\/36-c.jpeg","datePublished":"2022-08-31T10:07:02+00:00","dateModified":"2024-09-12T12:23:51+00:00","breadcrumb":{"@id":"https:\/\/aldaia.es\/es\/cultura\/mupa-museo-del-abanico-de-aldaia\/el-palmito-historia-milenaria\/#breadcrumb"},"inLanguage":"es","potentialAction":[{"@type":"ReadAction","target":["https:\/\/aldaia.es\/es\/cultura\/mupa-museo-del-abanico-de-aldaia\/el-palmito-historia-milenaria\/"]}]},{"@type":"ImageObject","inLanguage":"es","@id":"https:\/\/aldaia.es\/es\/cultura\/mupa-museo-del-abanico-de-aldaia\/el-palmito-historia-milenaria\/#primaryimage","url":"https:\/\/aldaia.es\/wp-content\/uploads\/2022\/08\/36-c.jpeg","contentUrl":"https:\/\/aldaia.es\/wp-content\/uploads\/2022\/08\/36-c.jpeg"},{"@type":"BreadcrumbList","@id":"https:\/\/aldaia.es\/es\/cultura\/mupa-museo-del-abanico-de-aldaia\/el-palmito-historia-milenaria\/#breadcrumb","itemListElement":[{"@type":"ListItem","position":1,"name":"Portada","item":"https:\/\/aldaia.es\/es\/"},{"@type":"ListItem","position":2,"name":"Cultura","item":"https:\/\/aldaia.es\/es\/cultura\/"},{"@type":"ListItem","position":3,"name":"MUPA, Museo del Abanico de Aldaia","item":"https:\/\/aldaia.es\/es\/cultura\/mupa-museo-del-abanico-de-aldaia\/"},{"@type":"ListItem","position":4,"name":"El palmito, historia milenaria"}]},{"@type":"WebSite","@id":"https:\/\/aldaia.es\/es\/#website","url":"https:\/\/aldaia.es\/es\/","name":"Ajuntament D'Aldaia","description":"","publisher":{"@id":"https:\/\/aldaia.es\/es\/#organization"},"alternateName":"Ajuntament D'Aldaia","potentialAction":[{"@type":"SearchAction","target":{"@type":"EntryPoint","urlTemplate":"https:\/\/aldaia.es\/es\/?s={search_term_string}"},"query-input":{"@type":"PropertyValueSpecification","valueRequired":true,"valueName":"search_term_string"}}],"inLanguage":"es"},{"@type":"Organization","@id":"https:\/\/aldaia.es\/es\/#organization","name":"Ajuntament D'Aldaia","url":"https:\/\/aldaia.es\/es\/","logo":{"@type":"ImageObject","inLanguage":"es","@id":"https:\/\/aldaia.es\/es\/#\/schema\/logo\/image\/","url":"https:\/\/aldaia.es\/wp-content\/uploads\/2022\/06\/aldaia-negro-1.png","contentUrl":"https:\/\/aldaia.es\/wp-content\/uploads\/2022\/06\/aldaia-negro-1.png","width":152,"height":70,"caption":"Ajuntament D'Aldaia"},"image":{"@id":"https:\/\/aldaia.es\/es\/#\/schema\/logo\/image\/"}}]}},"_links":{"self":[{"href":"https:\/\/aldaia.es\/es\/wp-json\/wp\/v2\/pages\/6368","targetHints":{"allow":["GET"]}}],"collection":[{"href":"https:\/\/aldaia.es\/es\/wp-json\/wp\/v2\/pages"}],"about":[{"href":"https:\/\/aldaia.es\/es\/wp-json\/wp\/v2\/types\/page"}],"author":[{"embeddable":true,"href":"https:\/\/aldaia.es\/es\/wp-json\/wp\/v2\/users\/21"}],"replies":[{"embeddable":true,"href":"https:\/\/aldaia.es\/es\/wp-json\/wp\/v2\/comments?post=6368"}],"version-history":[{"count":6,"href":"https:\/\/aldaia.es\/es\/wp-json\/wp\/v2\/pages\/6368\/revisions"}],"predecessor-version":[{"id":31590,"href":"https:\/\/aldaia.es\/es\/wp-json\/wp\/v2\/pages\/6368\/revisions\/31590"}],"up":[{"embeddable":true,"href":"https:\/\/aldaia.es\/es\/wp-json\/wp\/v2\/pages\/6365"}],"wp:attachment":[{"href":"https:\/\/aldaia.es\/es\/wp-json\/wp\/v2\/media?parent=6368"}],"curies":[{"name":"wp","href":"https:\/\/api.w.org\/{rel}","templated":true}]}}