{"id":6370,"date":"2022-08-31T11:57:12","date_gmt":"2022-08-31T09:57:12","guid":{"rendered":"https:\/\/aldaia.eu\/cultura\/mupa-museo-del-palmito-de-aldaia\/el-edificio-y-la-coleccion-permanente\/"},"modified":"2024-09-12T10:57:35","modified_gmt":"2024-09-12T08:57:35","slug":"el-edificio-y-la-coleccion-permanente","status":"publish","type":"page","link":"https:\/\/aldaia.es\/es\/cultura\/mupa-museo-del-abanico-de-aldaia\/el-edificio-y-la-coleccion-permanente\/","title":{"rendered":"Museo del abanico. El edificio y la Colecci\u00f3n Permanente"},"content":{"rendered":"\n<div class=\"wp-block-columns dep-cultura is-layout-flex wp-container-core-columns-is-layout-9d6595d7 wp-block-columns-is-layout-flex\">\n<div class=\"wp-block-column is-layout-flow wp-block-column-is-layout-flow\" style=\"flex-basis:30%\"><!--  Info MUPA -->\n\n \n\n<div class='bloque-infos-mupa wrapper-departamentos'>\n<p class=\"tit-bloque-infos\">Localizaci\u00f3n y contactos <\/p>\n        <div class='infos-departamento'>\n            <p>Calle Iglesia, 2, 46960 Aldaia, Valencia<\/p>\n            <p><i class=\"fa fa-phone\" aria-hidden=\"true\"><\/i> <a href=\"tel:+34961116948\">+34 96 111 69 48<\/a><\/p>\n            <p><strong>Horario:<\/strong><\/p>\n            <p>Martes a viernes: Ma\u00f1anas de 10:00 a 14:00 h. Tardes de 17:00 a 20:00 h. S\u00e1bado y domingo: De 10:00 a 14:00 h.<\/p>\n            <p><i class=\"fas fa-envelope\"><\/i> <a href=\"mailto:fmartinez@ajuntamentaldaia.org\">fmartinez@ajuntamentaldaia.org<\/a><\/p>\n            <p><i class=\"fas fa-envelope\"><\/i> <a href=\"mailto:museudelpalmito@ajuntamentaldaia.org\">museudelpalmito@ajuntamentaldaia.org<\/a><\/p>\n        <\/div>\n\n        <div class='mapa-1'>\n        <iframe src=\"https:\/\/www.google.com\/maps\/embed?pb=!1m18!1m12!1m3!1d405.56942687773903!2d-0.4622136234373346!3d39.46497086966321!2m3!1f0!2f0!3f0!3m2!1i1024!2i768!4f13.1!3m3!1m2!1s0xd60501629a20a8f%3A0xbb7939634005359b!2sMuseo%20del%20Palmito!5e0!3m2!1ses!2ses!4v1726124557575!5m2!1ses!2ses\" width=\"100%\" height=\"450\" style=\"border:0;\" allowfullscreen=\"\" loading=\"lazy\" referrerpolicy=\"no-referrer-when-downgrade\"><\/iframe>\n        <\/div>\n\n<\/div>\n<!-- end bloque infos -->\n   \n\n    \n\n\n<\/div>\n\n\n\n<div class=\"wp-block-column is-layout-flow wp-block-column-is-layout-flow\" style=\"flex-basis:70%\">\n<h1 class=\"wp-block-heading\">MUPA, el edificio y la Colecci\u00f3n Permanente<\/h1>\n\n\n\n<h2 class=\"wp-block-heading\">La Casa de la \u00abLlotgeta\u00bb<\/h2>\n\n\n\n<p>El MUPA (Museo del Palmito d&#8217;Aldaia) tiene el reconocimiento de <strong>Colecci\u00f3n Museogr\u00e0fica Permanente de la Comunidad Valenciana<\/strong>, por resoluci\u00f3n de 5 de mayo de 2015 de la Conselleria d&#8217;Educaci\u00f3, Cultura y Esport.<\/p>\n\n\n\n<p>El MUPA est\u00e1 situado en la Casa de la Llotgeta, un edificio se\u00f1orial de estilo renacentista de finales del siglo XVI y principios del XVII, situado en la intersecci\u00f3n de las calles de l&#8217;Esg\u00e9sia y Major. El Ayuntamiento de Aldaia ha dado pasos importantes para preservar el edificio. El proyecto m\u00e1s importante ha sido la adquisici\u00f3n y restauraci\u00f3n de la Casa de la Llotgeta, unas obras que han supuesto una inversi\u00f3n de m\u00e1s de 1,5 millones de euros. El edificio restaurado fue inaugurado el 17 de diciembre del 2010.<\/p>\n\n\n\n<p>La Casa de la Llotgeta se encuentra dividida en tres plantas, con patio exterior. El nombre de \u00abLlotgeta\u00bb es la valencianizaci\u00f3n del t\u00e9rmino italiano loggia, elemento arquitect\u00f3nico utilizado sobre todo en la arquitectura italiana de los siglos XV y XVI. Se trata de una galer\u00eda o p\u00f3rtico sostenido por columnas y arcos abierto \u00edntegramente, al menos uno de sus lados. En el caso de la Casa de la Llotgeta de Aldaia, la logia tiene algunas particularidades espec\u00edficas. No tiene columnas pero alberga un conjunto de 12 arcos de medio punto de gran belleza construidos con baldosa. Estos arcos, en tiempos pasados, estaban completamente abiertos al aire libre, pero hoy est\u00e1n protegidos con vidrio debido a la restauraci\u00f3n realizada por el Ayuntamiento.<\/p>\n<\/div>\n<\/div>\n\n\n\n<div class=\"wp-block-columns is-layout-flex wp-container-core-columns-is-layout-9d6595d7 wp-block-columns-is-layout-flex\">\n<div class=\"wp-block-column is-layout-flow wp-block-column-is-layout-flow\">\n<h2 class=\"wp-block-heading display-4\">Galer\u00eda<\/h2>\n\n\n\n<div class=\"wp-block-columns is-layout-flex wp-container-core-columns-is-layout-9d6595d7 wp-block-columns-is-layout-flex\">\n<div class=\"wp-block-column is-layout-flow wp-block-column-is-layout-flow\">\n<figure data-wp-context=\"{&quot;imageId&quot;:&quot;69e49f725f916&quot;}\" data-wp-interactive=\"core\/image\" data-wp-key=\"69e49f725f916\" class=\"wp-block-image size-full wp-lightbox-container\"><img loading=\"lazy\" decoding=\"async\" width=\"1440\" height=\"960\" data-wp-class--hide=\"state.isContentHidden\" data-wp-class--show=\"state.isContentVisible\" data-wp-init=\"callbacks.setButtonStyles\" data-wp-on--click=\"actions.showLightbox\" data-wp-on--load=\"callbacks.setButtonStyles\" data-wp-on-window--resize=\"callbacks.setButtonStyles\" src=\"https:\/\/aldaia.es\/wp-content\/uploads\/2024\/09\/mupa-museo-palmito-aldaia-foto-portada.jpg\" alt=\"MUPA museo del palmito\" class=\"wp-image-31503\" srcset=\"https:\/\/aldaia.es\/wp-content\/uploads\/2024\/09\/mupa-museo-palmito-aldaia-foto-portada.jpg 1440w, https:\/\/aldaia.es\/wp-content\/uploads\/2024\/09\/mupa-museo-palmito-aldaia-foto-portada-300x200.jpg 300w, https:\/\/aldaia.es\/wp-content\/uploads\/2024\/09\/mupa-museo-palmito-aldaia-foto-portada-1024x683.jpg 1024w, https:\/\/aldaia.es\/wp-content\/uploads\/2024\/09\/mupa-museo-palmito-aldaia-foto-portada-768x512.jpg 768w, https:\/\/aldaia.es\/wp-content\/uploads\/2024\/09\/mupa-museo-palmito-aldaia-foto-portada-150x100.jpg 150w, https:\/\/aldaia.es\/wp-content\/uploads\/2024\/09\/mupa-museo-palmito-aldaia-foto-portada-696x464.jpg 696w, https:\/\/aldaia.es\/wp-content\/uploads\/2024\/09\/mupa-museo-palmito-aldaia-foto-portada-1068x712.jpg 1068w\" sizes=\"auto, (max-width: 1440px) 100vw, 1440px\" \/><button\n\t\t\tclass=\"lightbox-trigger\"\n\t\t\ttype=\"button\"\n\t\t\taria-haspopup=\"dialog\"\n\t\t\taria-label=\"Agrandar\"\n\t\t\tdata-wp-init=\"callbacks.initTriggerButton\"\n\t\t\tdata-wp-on--click=\"actions.showLightbox\"\n\t\t\tdata-wp-style--right=\"state.imageButtonRight\"\n\t\t\tdata-wp-style--top=\"state.imageButtonTop\"\n\t\t>\n\t\t\t<svg xmlns=\"http:\/\/www.w3.org\/2000\/svg\" width=\"12\" height=\"12\" fill=\"none\" viewBox=\"0 0 12 12\">\n\t\t\t\t<path fill=\"#fff\" d=\"M2 0a2 2 0 0 0-2 2v2h1.5V2a.5.5 0 0 1 .5-.5h2V0H2Zm2 10.5H2a.5.5 0 0 1-.5-.5V8H0v2a2 2 0 0 0 2 2h2v-1.5ZM8 12v-1.5h2a.5.5 0 0 0 .5-.5V8H12v2a2 2 0 0 1-2 2H8Zm2-12a2 2 0 0 1 2 2v2h-1.5V2a.5.5 0 0 0-.5-.5H8V0h2Z\" \/>\n\t\t\t<\/svg>\n\t\t<\/button><\/figure>\n<\/div>\n\n\n\n<div class=\"wp-block-column is-layout-flow wp-block-column-is-layout-flow\">\n<figure data-wp-context=\"{&quot;imageId&quot;:&quot;69e49f725ffa9&quot;}\" data-wp-interactive=\"core\/image\" data-wp-key=\"69e49f725ffa9\" class=\"wp-block-image size-full wp-lightbox-container\"><img loading=\"lazy\" decoding=\"async\" width=\"800\" height=\"533\" data-wp-class--hide=\"state.isContentHidden\" data-wp-class--show=\"state.isContentVisible\" data-wp-init=\"callbacks.setButtonStyles\" data-wp-on--click=\"actions.showLightbox\" data-wp-on--load=\"callbacks.setButtonStyles\" data-wp-on-window--resize=\"callbacks.setButtonStyles\" src=\"https:\/\/aldaia.es\/wp-content\/uploads\/2024\/09\/exposicio-museu-mupa-falleres.jpg\" alt=\"MUPA\" class=\"wp-image-31506\" srcset=\"https:\/\/aldaia.es\/wp-content\/uploads\/2024\/09\/exposicio-museu-mupa-falleres.jpg 800w, https:\/\/aldaia.es\/wp-content\/uploads\/2024\/09\/exposicio-museu-mupa-falleres-300x200.jpg 300w, https:\/\/aldaia.es\/wp-content\/uploads\/2024\/09\/exposicio-museu-mupa-falleres-768x512.jpg 768w, https:\/\/aldaia.es\/wp-content\/uploads\/2024\/09\/exposicio-museu-mupa-falleres-150x100.jpg 150w, https:\/\/aldaia.es\/wp-content\/uploads\/2024\/09\/exposicio-museu-mupa-falleres-696x464.jpg 696w\" sizes=\"auto, (max-width: 800px) 100vw, 800px\" \/><button\n\t\t\tclass=\"lightbox-trigger\"\n\t\t\ttype=\"button\"\n\t\t\taria-haspopup=\"dialog\"\n\t\t\taria-label=\"Agrandar\"\n\t\t\tdata-wp-init=\"callbacks.initTriggerButton\"\n\t\t\tdata-wp-on--click=\"actions.showLightbox\"\n\t\t\tdata-wp-style--right=\"state.imageButtonRight\"\n\t\t\tdata-wp-style--top=\"state.imageButtonTop\"\n\t\t>\n\t\t\t<svg xmlns=\"http:\/\/www.w3.org\/2000\/svg\" width=\"12\" height=\"12\" fill=\"none\" viewBox=\"0 0 12 12\">\n\t\t\t\t<path fill=\"#fff\" d=\"M2 0a2 2 0 0 0-2 2v2h1.5V2a.5.5 0 0 1 .5-.5h2V0H2Zm2 10.5H2a.5.5 0 0 1-.5-.5V8H0v2a2 2 0 0 0 2 2h2v-1.5ZM8 12v-1.5h2a.5.5 0 0 0 .5-.5V8H12v2a2 2 0 0 1-2 2H8Zm2-12a2 2 0 0 1 2 2v2h-1.5V2a.5.5 0 0 0-.5-.5H8V0h2Z\" \/>\n\t\t\t<\/svg>\n\t\t<\/button><\/figure>\n<\/div>\n\n\n\n<div class=\"wp-block-column is-layout-flow wp-block-column-is-layout-flow\">\n<figure data-wp-context=\"{&quot;imageId&quot;:&quot;69e49f726054f&quot;}\" data-wp-interactive=\"core\/image\" data-wp-key=\"69e49f726054f\" class=\"wp-block-image size-full wp-lightbox-container\"><img loading=\"lazy\" decoding=\"async\" width=\"768\" height=\"512\" data-wp-class--hide=\"state.isContentHidden\" data-wp-class--show=\"state.isContentVisible\" data-wp-init=\"callbacks.setButtonStyles\" data-wp-on--click=\"actions.showLightbox\" data-wp-on--load=\"callbacks.setButtonStyles\" data-wp-on-window--resize=\"callbacks.setButtonStyles\" src=\"https:\/\/aldaia.es\/wp-content\/uploads\/2024\/09\/museo-mupa-aldaia-galeria.jpg\" alt=\"MUPA galeria\" class=\"wp-image-31508\" srcset=\"https:\/\/aldaia.es\/wp-content\/uploads\/2024\/09\/museo-mupa-aldaia-galeria.jpg 768w, https:\/\/aldaia.es\/wp-content\/uploads\/2024\/09\/museo-mupa-aldaia-galeria-300x200.jpg 300w, https:\/\/aldaia.es\/wp-content\/uploads\/2024\/09\/museo-mupa-aldaia-galeria-150x100.jpg 150w, https:\/\/aldaia.es\/wp-content\/uploads\/2024\/09\/museo-mupa-aldaia-galeria-696x464.jpg 696w\" sizes=\"auto, (max-width: 768px) 100vw, 768px\" \/><button\n\t\t\tclass=\"lightbox-trigger\"\n\t\t\ttype=\"button\"\n\t\t\taria-haspopup=\"dialog\"\n\t\t\taria-label=\"Agrandar\"\n\t\t\tdata-wp-init=\"callbacks.initTriggerButton\"\n\t\t\tdata-wp-on--click=\"actions.showLightbox\"\n\t\t\tdata-wp-style--right=\"state.imageButtonRight\"\n\t\t\tdata-wp-style--top=\"state.imageButtonTop\"\n\t\t>\n\t\t\t<svg xmlns=\"http:\/\/www.w3.org\/2000\/svg\" width=\"12\" height=\"12\" fill=\"none\" viewBox=\"0 0 12 12\">\n\t\t\t\t<path fill=\"#fff\" d=\"M2 0a2 2 0 0 0-2 2v2h1.5V2a.5.5 0 0 1 .5-.5h2V0H2Zm2 10.5H2a.5.5 0 0 1-.5-.5V8H0v2a2 2 0 0 0 2 2h2v-1.5ZM8 12v-1.5h2a.5.5 0 0 0 .5-.5V8H12v2a2 2 0 0 1-2 2H8Zm2-12a2 2 0 0 1 2 2v2h-1.5V2a.5.5 0 0 0-.5-.5H8V0h2Z\" \/>\n\t\t\t<\/svg>\n\t\t<\/button><\/figure>\n<\/div>\n<\/div>\n<\/div>\n<\/div>\n\n\n\n<div class=\"wp-block-columns is-layout-flex wp-container-core-columns-is-layout-9d6595d7 wp-block-columns-is-layout-flex\">\n<div class=\"wp-block-column lista_adjuntos is-layout-flow wp-block-column-is-layout-flow\">\n<h2 class=\"wp-block-heading display-4\">Enlaces<\/h2>\n\n\n\n<p><i class=\"fas fa-file-pdf\"><\/i> <a href=\"https:\/\/aldaia.es\/wp-content\/uploads\/2023\/12\/Triptic-MUPA-2023.pdf\" target=\"_blank\" rel=\"noreferrer noopener\">Tr\u00edptic MUPA 2023<\/a><\/p>\n\n\n\n<p><i class=\"fas fa-link\"><\/i> <a href=\"https:\/\/aldaia.es\/es\/cultura\/mupa-museo-del-abanico-de-aldaia\/coleccion-permanente\/\">Colecci\u00f3n Permanente<\/a><\/p>\n\n\n\n<p><i class=\"fas fa-link\"><\/i> <a href=\"https:\/\/aldaia.es\/es\/cultura\/mupa-museo-del-abanico-de-aldaia\/sala-de-exposiciones-temporales\/\">Sala de Exposiciones temporales<\/a><\/p>\n\n\n\n<p><i class=\"fas fa-link\"><\/i> <a href=\"https:\/\/aldaia.es\/es\/cultura\/mupa-museo-del-abanico-de-aldaia\/el-palmito-historia-milenaria\/\">El abanico, historia milenaria<\/a><\/p>\n\n\n\n<p><i class=\"fas fa-link\"><\/i> <a href=\"https:\/\/aldaia.es\/es\/cultura\/mupa-museo-del-abanico-de-aldaia\/la-artesania-del-palmito-valenciano\/\">La artesania del abanico o palmito valenciano<\/a><\/p>\n\n\n\n<p><i class=\"fas fa-link\"><\/i> <a href=\"https:\/\/aldaia.es\/es\/cultura\/mupa-museo-del-abanico-de-aldaia\/artesanos-en-activo-ruta-de-los-palmiteros-de-aldaia\/\">Artesanos en activo: Ruta de los palmiteros de Aldaia<\/a><\/p>\n\n\n\n<p><i class=\"fas fa-link\"><\/i> <a href=\"https:\/\/aldaia.es\/es\/cultura\/mupa-museo-del-abanico-de-aldaia\/recursos-del-mupa\/\">Recursos del MUPA<\/a><\/p>\n<\/div>\n<\/div>\n\n\n\n<p><\/p>\n","protected":false},"excerpt":{"rendered":"<p>MUPA, el edificio y la Colecci\u00f3n Permanente La Casa de la \u00abLlotgeta\u00bb El MUPA (Museo del Palmito d&#8217;Aldaia) tiene el reconocimiento de Colecci\u00f3n Museogr\u00e0fica Permanente de la Comunidad Valenciana, por <a class=\"text-decoration-none text-black\" href=\"https:\/\/aldaia.es\/es\/cultura\/mupa-museo-del-abanico-de-aldaia\/el-edificio-y-la-coleccion-permanente\/\"> &#8230; <\/a><\/p>\n","protected":false},"author":21,"featured_media":0,"parent":6365,"menu_order":0,"comment_status":"closed","ping_status":"closed","template":"basic-page-departamentos.php","meta":{"_acf_changed":false,"footnotes":""},"class_list":["post-6370","page","type-page","status-publish","hentry"],"acf":[],"yoast_head":"<!-- This site is optimized with the Yoast SEO plugin v27.0 - https:\/\/yoast.com\/product\/yoast-seo-wordpress\/ -->\n<title>Museo del abanico. El edificio y la Colecci\u00f3n Permanente - Ayuntamiento de Aldaia<\/title>\n<meta name=\"description\" content=\"El MUPA est\u00e1 situado en la Casa de la Llotgeta, un edificio se\u00f1orial de estilo renacentista de finales del siglo XVI y principios del XVII.\" \/>\n<meta name=\"robots\" content=\"index, follow, max-snippet:-1, max-image-preview:large, max-video-preview:-1\" \/>\n<link rel=\"canonical\" href=\"https:\/\/aldaia.es\/es\/cultura\/mupa-museo-del-abanico-de-aldaia\/el-edificio-y-la-coleccion-permanente\/\" \/>\n<meta property=\"og:locale\" content=\"es_ES\" \/>\n<meta property=\"og:type\" content=\"article\" \/>\n<meta property=\"og:title\" content=\"Museo del abanico. El edificio y la Colecci\u00f3n Permanente - Ayuntamiento de Aldaia\" \/>\n<meta property=\"og:description\" content=\"El MUPA est\u00e1 situado en la Casa de la Llotgeta, un edificio se\u00f1orial de estilo renacentista de finales del siglo XVI y principios del XVII.\" \/>\n<meta property=\"og:url\" content=\"https:\/\/aldaia.es\/es\/cultura\/mupa-museo-del-abanico-de-aldaia\/el-edificio-y-la-coleccion-permanente\/\" \/>\n<meta property=\"og:site_name\" content=\"Ayuntamiento de Aldaia\" \/>\n<meta property=\"article:modified_time\" content=\"2024-09-12T08:57:35+00:00\" \/>\n<meta property=\"og:image\" content=\"https:\/\/aldaia.es\/wp-content\/uploads\/2024\/09\/mupa-museo-palmito-aldaia-foto-portada.jpg\" \/>\n<script type=\"application\/ld+json\" class=\"yoast-schema-graph\">{\"@context\":\"https:\/\/schema.org\",\"@graph\":[{\"@type\":\"WebPage\",\"@id\":\"https:\/\/aldaia.es\/es\/cultura\/mupa-museo-del-abanico-de-aldaia\/el-edificio-y-la-coleccion-permanente\/\",\"url\":\"https:\/\/aldaia.es\/es\/cultura\/mupa-museo-del-abanico-de-aldaia\/el-edificio-y-la-coleccion-permanente\/\",\"name\":\"Museo del abanico. El edificio y la Colecci\u00f3n Permanente - Ayuntamiento de Aldaia\",\"isPartOf\":{\"@id\":\"https:\/\/aldaia.es\/es\/#website\"},\"primaryImageOfPage\":{\"@id\":\"https:\/\/aldaia.es\/es\/cultura\/mupa-museo-del-abanico-de-aldaia\/el-edificio-y-la-coleccion-permanente\/#primaryimage\"},\"image\":{\"@id\":\"https:\/\/aldaia.es\/es\/cultura\/mupa-museo-del-abanico-de-aldaia\/el-edificio-y-la-coleccion-permanente\/#primaryimage\"},\"thumbnailUrl\":\"https:\/\/aldaia.es\/wp-content\/uploads\/2024\/09\/mupa-museo-palmito-aldaia-foto-portada.jpg\",\"datePublished\":\"2022-08-31T09:57:12+00:00\",\"dateModified\":\"2024-09-12T08:57:35+00:00\",\"description\":\"El MUPA est\u00e1 situado en la Casa de la Llotgeta, un edificio se\u00f1orial de estilo renacentista de finales del siglo XVI y principios del XVII.\",\"breadcrumb\":{\"@id\":\"https:\/\/aldaia.es\/es\/cultura\/mupa-museo-del-abanico-de-aldaia\/el-edificio-y-la-coleccion-permanente\/#breadcrumb\"},\"inLanguage\":\"es\",\"potentialAction\":[{\"@type\":\"ReadAction\",\"target\":[\"https:\/\/aldaia.es\/es\/cultura\/mupa-museo-del-abanico-de-aldaia\/el-edificio-y-la-coleccion-permanente\/\"]}]},{\"@type\":\"ImageObject\",\"inLanguage\":\"es\",\"@id\":\"https:\/\/aldaia.es\/es\/cultura\/mupa-museo-del-abanico-de-aldaia\/el-edificio-y-la-coleccion-permanente\/#primaryimage\",\"url\":\"https:\/\/aldaia.es\/wp-content\/uploads\/2024\/09\/mupa-museo-palmito-aldaia-foto-portada.jpg\",\"contentUrl\":\"https:\/\/aldaia.es\/wp-content\/uploads\/2024\/09\/mupa-museo-palmito-aldaia-foto-portada.jpg\"},{\"@type\":\"BreadcrumbList\",\"@id\":\"https:\/\/aldaia.es\/es\/cultura\/mupa-museo-del-abanico-de-aldaia\/el-edificio-y-la-coleccion-permanente\/#breadcrumb\",\"itemListElement\":[{\"@type\":\"ListItem\",\"position\":1,\"name\":\"Portada\",\"item\":\"https:\/\/aldaia.es\/es\/\"},{\"@type\":\"ListItem\",\"position\":2,\"name\":\"Cultura\",\"item\":\"https:\/\/aldaia.es\/es\/cultura\/\"},{\"@type\":\"ListItem\",\"position\":3,\"name\":\"MUPA, Museo del Abanico de Aldaia\",\"item\":\"https:\/\/aldaia.es\/es\/cultura\/mupa-museo-del-abanico-de-aldaia\/\"},{\"@type\":\"ListItem\",\"position\":4,\"name\":\"Museo del abanico. El edificio y la Colecci\u00f3n Permanente\"}]},{\"@type\":\"WebSite\",\"@id\":\"https:\/\/aldaia.es\/es\/#website\",\"url\":\"https:\/\/aldaia.es\/es\/\",\"name\":\"Ajuntament D'Aldaia\",\"description\":\"\",\"publisher\":{\"@id\":\"https:\/\/aldaia.es\/es\/#organization\"},\"alternateName\":\"Ajuntament D'Aldaia\",\"potentialAction\":[{\"@type\":\"SearchAction\",\"target\":{\"@type\":\"EntryPoint\",\"urlTemplate\":\"https:\/\/aldaia.es\/es\/?s={search_term_string}\"},\"query-input\":{\"@type\":\"PropertyValueSpecification\",\"valueRequired\":true,\"valueName\":\"search_term_string\"}}],\"inLanguage\":\"es\"},{\"@type\":\"Organization\",\"@id\":\"https:\/\/aldaia.es\/es\/#organization\",\"name\":\"Ajuntament D'Aldaia\",\"url\":\"https:\/\/aldaia.es\/es\/\",\"logo\":{\"@type\":\"ImageObject\",\"inLanguage\":\"es\",\"@id\":\"https:\/\/aldaia.es\/es\/#\/schema\/logo\/image\/\",\"url\":\"https:\/\/aldaia.es\/wp-content\/uploads\/2022\/06\/aldaia-negro-1.png\",\"contentUrl\":\"https:\/\/aldaia.es\/wp-content\/uploads\/2022\/06\/aldaia-negro-1.png\",\"width\":152,\"height\":70,\"caption\":\"Ajuntament D'Aldaia\"},\"image\":{\"@id\":\"https:\/\/aldaia.es\/es\/#\/schema\/logo\/image\/\"}}]}<\/script>\n<!-- \/ Yoast SEO plugin. -->","yoast_head_json":{"title":"Museo del abanico. El edificio y la Colecci\u00f3n Permanente - Ayuntamiento de Aldaia","description":"El MUPA est\u00e1 situado en la Casa de la Llotgeta, un edificio se\u00f1orial de estilo renacentista de finales del siglo XVI y principios del XVII.","robots":{"index":"index","follow":"follow","max-snippet":"max-snippet:-1","max-image-preview":"max-image-preview:large","max-video-preview":"max-video-preview:-1"},"canonical":"https:\/\/aldaia.es\/es\/cultura\/mupa-museo-del-abanico-de-aldaia\/el-edificio-y-la-coleccion-permanente\/","og_locale":"es_ES","og_type":"article","og_title":"Museo del abanico. El edificio y la Colecci\u00f3n Permanente - Ayuntamiento de Aldaia","og_description":"El MUPA est\u00e1 situado en la Casa de la Llotgeta, un edificio se\u00f1orial de estilo renacentista de finales del siglo XVI y principios del XVII.","og_url":"https:\/\/aldaia.es\/es\/cultura\/mupa-museo-del-abanico-de-aldaia\/el-edificio-y-la-coleccion-permanente\/","og_site_name":"Ayuntamiento de Aldaia","article_modified_time":"2024-09-12T08:57:35+00:00","og_image":[{"url":"https:\/\/aldaia.es\/wp-content\/uploads\/2024\/09\/mupa-museo-palmito-aldaia-foto-portada.jpg","type":"","width":"","height":""}],"schema":{"@context":"https:\/\/schema.org","@graph":[{"@type":"WebPage","@id":"https:\/\/aldaia.es\/es\/cultura\/mupa-museo-del-abanico-de-aldaia\/el-edificio-y-la-coleccion-permanente\/","url":"https:\/\/aldaia.es\/es\/cultura\/mupa-museo-del-abanico-de-aldaia\/el-edificio-y-la-coleccion-permanente\/","name":"Museo del abanico. El edificio y la Colecci\u00f3n Permanente - Ayuntamiento de Aldaia","isPartOf":{"@id":"https:\/\/aldaia.es\/es\/#website"},"primaryImageOfPage":{"@id":"https:\/\/aldaia.es\/es\/cultura\/mupa-museo-del-abanico-de-aldaia\/el-edificio-y-la-coleccion-permanente\/#primaryimage"},"image":{"@id":"https:\/\/aldaia.es\/es\/cultura\/mupa-museo-del-abanico-de-aldaia\/el-edificio-y-la-coleccion-permanente\/#primaryimage"},"thumbnailUrl":"https:\/\/aldaia.es\/wp-content\/uploads\/2024\/09\/mupa-museo-palmito-aldaia-foto-portada.jpg","datePublished":"2022-08-31T09:57:12+00:00","dateModified":"2024-09-12T08:57:35+00:00","description":"El MUPA est\u00e1 situado en la Casa de la Llotgeta, un edificio se\u00f1orial de estilo renacentista de finales del siglo XVI y principios del XVII.","breadcrumb":{"@id":"https:\/\/aldaia.es\/es\/cultura\/mupa-museo-del-abanico-de-aldaia\/el-edificio-y-la-coleccion-permanente\/#breadcrumb"},"inLanguage":"es","potentialAction":[{"@type":"ReadAction","target":["https:\/\/aldaia.es\/es\/cultura\/mupa-museo-del-abanico-de-aldaia\/el-edificio-y-la-coleccion-permanente\/"]}]},{"@type":"ImageObject","inLanguage":"es","@id":"https:\/\/aldaia.es\/es\/cultura\/mupa-museo-del-abanico-de-aldaia\/el-edificio-y-la-coleccion-permanente\/#primaryimage","url":"https:\/\/aldaia.es\/wp-content\/uploads\/2024\/09\/mupa-museo-palmito-aldaia-foto-portada.jpg","contentUrl":"https:\/\/aldaia.es\/wp-content\/uploads\/2024\/09\/mupa-museo-palmito-aldaia-foto-portada.jpg"},{"@type":"BreadcrumbList","@id":"https:\/\/aldaia.es\/es\/cultura\/mupa-museo-del-abanico-de-aldaia\/el-edificio-y-la-coleccion-permanente\/#breadcrumb","itemListElement":[{"@type":"ListItem","position":1,"name":"Portada","item":"https:\/\/aldaia.es\/es\/"},{"@type":"ListItem","position":2,"name":"Cultura","item":"https:\/\/aldaia.es\/es\/cultura\/"},{"@type":"ListItem","position":3,"name":"MUPA, Museo del Abanico de Aldaia","item":"https:\/\/aldaia.es\/es\/cultura\/mupa-museo-del-abanico-de-aldaia\/"},{"@type":"ListItem","position":4,"name":"Museo del abanico. El edificio y la Colecci\u00f3n Permanente"}]},{"@type":"WebSite","@id":"https:\/\/aldaia.es\/es\/#website","url":"https:\/\/aldaia.es\/es\/","name":"Ajuntament D'Aldaia","description":"","publisher":{"@id":"https:\/\/aldaia.es\/es\/#organization"},"alternateName":"Ajuntament D'Aldaia","potentialAction":[{"@type":"SearchAction","target":{"@type":"EntryPoint","urlTemplate":"https:\/\/aldaia.es\/es\/?s={search_term_string}"},"query-input":{"@type":"PropertyValueSpecification","valueRequired":true,"valueName":"search_term_string"}}],"inLanguage":"es"},{"@type":"Organization","@id":"https:\/\/aldaia.es\/es\/#organization","name":"Ajuntament D'Aldaia","url":"https:\/\/aldaia.es\/es\/","logo":{"@type":"ImageObject","inLanguage":"es","@id":"https:\/\/aldaia.es\/es\/#\/schema\/logo\/image\/","url":"https:\/\/aldaia.es\/wp-content\/uploads\/2022\/06\/aldaia-negro-1.png","contentUrl":"https:\/\/aldaia.es\/wp-content\/uploads\/2022\/06\/aldaia-negro-1.png","width":152,"height":70,"caption":"Ajuntament D'Aldaia"},"image":{"@id":"https:\/\/aldaia.es\/es\/#\/schema\/logo\/image\/"}}]}},"_links":{"self":[{"href":"https:\/\/aldaia.es\/es\/wp-json\/wp\/v2\/pages\/6370","targetHints":{"allow":["GET"]}}],"collection":[{"href":"https:\/\/aldaia.es\/es\/wp-json\/wp\/v2\/pages"}],"about":[{"href":"https:\/\/aldaia.es\/es\/wp-json\/wp\/v2\/types\/page"}],"author":[{"embeddable":true,"href":"https:\/\/aldaia.es\/es\/wp-json\/wp\/v2\/users\/21"}],"replies":[{"embeddable":true,"href":"https:\/\/aldaia.es\/es\/wp-json\/wp\/v2\/comments?post=6370"}],"version-history":[{"count":4,"href":"https:\/\/aldaia.es\/es\/wp-json\/wp\/v2\/pages\/6370\/revisions"}],"predecessor-version":[{"id":31525,"href":"https:\/\/aldaia.es\/es\/wp-json\/wp\/v2\/pages\/6370\/revisions\/31525"}],"up":[{"embeddable":true,"href":"https:\/\/aldaia.es\/es\/wp-json\/wp\/v2\/pages\/6365"}],"wp:attachment":[{"href":"https:\/\/aldaia.es\/es\/wp-json\/wp\/v2\/media?parent=6370"}],"curies":[{"name":"wp","href":"https:\/\/api.w.org\/{rel}","templated":true}]}}