{"id":6371,"date":"2023-01-31T13:47:49","date_gmt":"2023-01-31T12:47:49","guid":{"rendered":"https:\/\/aldaia.eu\/cultura\/mupa-museo-del-palmito-de-aldaia\/recursos-del-mupa\/"},"modified":"2024-09-13T08:27:44","modified_gmt":"2024-09-13T06:27:44","slug":"recursos-del-mupa","status":"publish","type":"page","link":"https:\/\/aldaia.es\/es\/cultura\/mupa-museo-del-abanico-de-aldaia\/recursos-del-mupa\/","title":{"rendered":"Recursos del MUPA"},"content":{"rendered":"\n<div class=\"wp-block-columns dep-cultura is-layout-flex wp-container-core-columns-is-layout-9d6595d7 wp-block-columns-is-layout-flex\">\n<div class=\"wp-block-column is-layout-flow wp-block-column-is-layout-flow\" style=\"flex-basis:30%\"><!--  Info MUPA -->\n\n \n\n<div class='bloque-infos-mupa wrapper-departamentos'>\n<p class=\"tit-bloque-infos\">Localizaci\u00f3n y contactos <\/p>\n        <div class='infos-departamento'>\n            <p>Calle Iglesia, 2, 46960 Aldaia, Valencia<\/p>\n            <p><i class=\"fa fa-phone\" aria-hidden=\"true\"><\/i> <a href=\"tel:+34961116948\">+34 96 111 69 48<\/a><\/p>\n            <p><strong>Horario:<\/strong><\/p>\n            <p>Martes a viernes: Ma\u00f1anas de 10:00 a 14:00 h. Tardes de 17:00 a 20:00 h. S\u00e1bado y domingo: De 10:00 a 14:00 h.<\/p>\n            <p><i class=\"fas fa-envelope\"><\/i> <a href=\"mailto:fmartinez@ajuntamentaldaia.org\">fmartinez@ajuntamentaldaia.org<\/a><\/p>\n            <p><i class=\"fas fa-envelope\"><\/i> <a href=\"mailto:museudelpalmito@ajuntamentaldaia.org\">museudelpalmito@ajuntamentaldaia.org<\/a><\/p>\n        <\/div>\n\n        <div class='mapa-1'>\n        <iframe src=\"https:\/\/www.google.com\/maps\/embed?pb=!1m18!1m12!1m3!1d405.56942687773903!2d-0.4622136234373346!3d39.46497086966321!2m3!1f0!2f0!3f0!3m2!1i1024!2i768!4f13.1!3m3!1m2!1s0xd60501629a20a8f%3A0xbb7939634005359b!2sMuseo%20del%20Palmito!5e0!3m2!1ses!2ses!4v1726124557575!5m2!1ses!2ses\" width=\"100%\" height=\"450\" style=\"border:0;\" allowfullscreen=\"\" loading=\"lazy\" referrerpolicy=\"no-referrer-when-downgrade\"><\/iframe>\n        <\/div>\n\n<\/div>\n<!-- end bloque infos -->\n   \n\n    \n\n\n<\/div>\n\n\n\n<div class=\"wp-block-column is-layout-flow wp-block-column-is-layout-flow\" style=\"flex-basis:70%\">\n<h1 class=\"wp-block-heading\">MUPA, Recursos<\/h1>\n\n\n\n<p>Descarga de archivos relacionados con el MUPA, Museo del Abanico de Aldaia. Enlaces a sitios web de inter\u00e9s. <\/p>\n\n\n\n<div class=\"wp-block-columns is-layout-flex wp-container-core-columns-is-layout-9d6595d7 wp-block-columns-is-layout-flex\">\n<div class=\"wp-block-column lista_adjuntos is-layout-flow wp-block-column-is-layout-flow\">\n<p><i class=\"fas fa-file-pdf\"><\/i> <a href=\"https:\/\/aldaia.es\/wp-content\/uploads\/2023\/01\/resolucio_01.02.2022_declaracio_brl_artesania_palmito.definitiu_1.pdf\" target=\"_blank\" rel=\"noreferrer noopener\">Resoluci\u00f3n BRL artesan\u00eda de palmito<\/a><\/p>\n\n\n\n<p><i class=\"fas fa-link\"><\/i> <a href=\"http:\/\/www.museuvalenciaetnologia.es\/\" target=\"_blank\" rel=\"noreferrer noopener\">Museo Valenciano de Etnologia<\/a><\/p>\n\n\n\n<p><i class=\"fas fa-link\"><\/i> <a href=\"https:\/\/www.cultura.gob.es\/mnceramica\/home.html\" target=\"_blank\" rel=\"noreferrer noopener\">Museo Nacional de Cer\u00e1mica Gonz\u00e1lez Mart\u00ed<\/a><\/p>\n\n\n\n<p><i class=\"fas fa-link\"><\/i> <a href=\"http:\/\/museuhortasud.com\/\" target=\"_blank\" rel=\"noreferrer noopener\">Museo Comarcal de l&#8217;Horta Sud Josep Ferr\u00eds Marc<\/a><\/p>\n<\/div>\n<\/div>\n<\/div>\n<\/div>\n\n\n\n<div class=\"wp-block-columns is-layout-flex wp-container-core-columns-is-layout-9d6595d7 wp-block-columns-is-layout-flex\">\n<div class=\"wp-block-column is-layout-flow wp-block-column-is-layout-flow\">\n<h2 class=\"wp-block-heading display-4\">Publicaciones del MUPA<\/h2>\n\n\n\n<div class=\"wp-block-columns is-layout-flex wp-container-core-columns-is-layout-9d6595d7 wp-block-columns-is-layout-flex\">\n<div class=\"wp-block-column is-layout-flow wp-block-column-is-layout-flow\">\n<div data-wp-interactive=\"core\/file\" class=\"wp-block-file\"><object data-wp-bind--hidden=\"!state.hasPdfPreview\" hidden class=\"wp-block-file__embed\" data=\"https:\/\/aldaia.es\/wp-content\/uploads\/2023\/03\/1._els_colors_de_laire._lart_del_palmito_a_aldaia.pdf\" type=\"application\/pdf\" style=\"width:100%;height:300px\" aria-label=\"Incrustado de 1._Els colors de l&apos; aire. L&apos; art del palmito a Aldaia.\"><\/object><a id=\"wp-block-file--media-190766f3-2366-4bcc-bd73-95c8d943010d\" href=\"https:\/\/aldaia.es\/wp-content\/uploads\/2023\/03\/1._els_colors_de_laire._lart_del_palmito_a_aldaia.pdf\" target=\"_blank\" rel=\"noreferrer noopener\">1._Els colors de l&#8217; aire. L&#8217; art del palmito a Aldaia<\/a><\/div>\n<\/div>\n\n\n\n<div class=\"wp-block-column is-layout-flow wp-block-column-is-layout-flow\">\n<div data-wp-interactive=\"core\/file\" class=\"wp-block-file\"><object data-wp-bind--hidden=\"!state.hasPdfPreview\" hidden class=\"wp-block-file__embed\" data=\"https:\/\/aldaia.es\/wp-content\/uploads\/2023\/01\/2._arquitectura_i_art_cristia_a_aldaia.pdf\" type=\"application\/pdf\" style=\"width:100%;height:300px\" aria-label=\"Incrustado de 2._Arquitectura i art cristi\u00e0 a Aldaia .\"><\/object><a id=\"wp-block-file--media-190766f3-2366-4bcc-bd73-95c8d943010d\" href=\"https:\/\/aldaia.es\/wp-content\/uploads\/2023\/01\/2._arquitectura_i_art_cristia_a_aldaia.pdf\" target=\"_blank\" rel=\"noreferrer noopener\">2._Arquitectura i art cristi\u00e0 a Aldaia <\/a><\/div>\n<\/div>\n\n\n\n<div class=\"wp-block-column is-layout-flow wp-block-column-is-layout-flow\">\n<div data-wp-interactive=\"core\/file\" class=\"wp-block-file\"><object data-wp-bind--hidden=\"!state.hasPdfPreview\" hidden class=\"wp-block-file__embed\" data=\"https:\/\/aldaia.es\/wp-content\/uploads\/2023\/01\/3._fumerals_daldaia_web.pdf\" type=\"application\/pdf\" style=\"width:100%;height:300px\" aria-label=\"Incrustado de 3._Fumerals d&apos;Aldaia .\"><\/object><a id=\"wp-block-file--media-190766f3-2366-4bcc-bd73-95c8d943010d\" href=\"https:\/\/aldaia.es\/wp-content\/uploads\/2023\/01\/3._fumerals_daldaia_web.pdf\" target=\"_blank\" rel=\"noreferrer noopener\">3._Fumerals d&#8217;Aldaia <\/a><\/div>\n<\/div>\n<\/div>\n\n\n\n<div class=\"wp-block-columns is-layout-flex wp-container-core-columns-is-layout-9d6595d7 wp-block-columns-is-layout-flex\">\n<div class=\"wp-block-column is-layout-flow wp-block-column-is-layout-flow\">\n<div data-wp-interactive=\"core\/file\" class=\"wp-block-file\"><object data-wp-bind--hidden=\"!state.hasPdfPreview\" hidden class=\"wp-block-file__embed\" data=\"https:\/\/aldaia.es\/wp-content\/uploads\/2023\/02\/4.-Antic-Ajuntament-dAldaia.def_.comprimido.pdf\" type=\"application\/pdf\" style=\"width:100%;height:300px\" aria-label=\"Incrustado de 4. Antic Ajuntament d&apos;Aldaia.\"><\/object><a id=\"wp-block-file--media-190766f3-2366-4bcc-bd73-95c8d943010d\" href=\"https:\/\/aldaia.es\/wp-content\/uploads\/2023\/02\/4.-Antic-Ajuntament-dAldaia.def_.comprimido.pdf\" target=\"_blank\" rel=\"noreferrer noopener\">4. Antic Ajuntament d&#8217;Aldaia<\/a><\/div>\n<\/div>\n\n\n\n<div class=\"wp-block-column is-layout-flow wp-block-column-is-layout-flow\">\n<div data-wp-interactive=\"core\/file\" class=\"wp-block-file\"><object data-wp-bind--hidden=\"!state.hasPdfPreview\" hidden class=\"wp-block-file__embed\" data=\"https:\/\/aldaia.es\/wp-content\/uploads\/2023\/01\/5._la_novellesca_historia_del_vestit_de_valenciana.pdf\" type=\"application\/pdf\" style=\"width:100%;height:300px\" aria-label=\"Incrustado de 5._La novel\u00b7lesca hist\u00f2ria del vestit de valenciana.\"><\/object><a id=\"wp-block-file--media-190766f3-2366-4bcc-bd73-95c8d943010d\" href=\"https:\/\/aldaia.es\/wp-content\/uploads\/2023\/01\/5._la_novellesca_historia_del_vestit_de_valenciana.pdf\" target=\"_blank\" rel=\"noreferrer noopener\">5._La novel\u00b7lesca hist\u00f2ria del vestit de valenciana<\/a><\/div>\n<\/div>\n\n\n\n<div class=\"wp-block-column is-layout-flow wp-block-column-is-layout-flow\">\n<div data-wp-interactive=\"core\/file\" class=\"wp-block-file\"><object data-wp-bind--hidden=\"!state.hasPdfPreview\" hidden class=\"wp-block-file__embed\" data=\"https:\/\/aldaia.es\/wp-content\/uploads\/2023\/01\/6._el_vestit_tradicional_des_daltres_mirades.pdf\" type=\"application\/pdf\" style=\"width:100%;height:300px\" aria-label=\"Incrustado de 6._El vestit tradicional des d&apos;altres mirades.\"><\/object><a id=\"wp-block-file--media-190766f3-2366-4bcc-bd73-95c8d943010d\" href=\"https:\/\/aldaia.es\/wp-content\/uploads\/2023\/01\/6._el_vestit_tradicional_des_daltres_mirades.pdf\" target=\"_blank\" rel=\"noreferrer noopener\">6._El vestit tradicional des d&#8217;altres mirades<\/a><\/div>\n<\/div>\n<\/div>\n\n\n\n<div class=\"wp-block-columns is-layout-flex wp-container-core-columns-is-layout-9d6595d7 wp-block-columns-is-layout-flex\">\n<div class=\"wp-block-column is-layout-flow wp-block-column-is-layout-flow\">\n<div data-wp-interactive=\"core\/file\" class=\"wp-block-file\"><object data-wp-bind--hidden=\"!state.hasPdfPreview\" hidden class=\"wp-block-file__embed\" data=\"https:\/\/aldaia.es\/wp-content\/uploads\/2024\/09\/catalogo_ilustrado_de_la_coleccion_del_mupa_abanicos-1.pdf\" type=\"application\/pdf\" style=\"width:100%;height:600px\" aria-label=\"Incrustado de Cat\u00e1logo ilustrado de la colecci\u00f3n del MUPA.\"><\/object><a id=\"wp-block-file--media-190766f3-2366-4bcc-bd73-95c8d943010d\" href=\"https:\/\/aldaia.es\/wp-content\/uploads\/2024\/09\/catalogo_ilustrado_de_la_coleccion_del_mupa_abanicos-1.pdf\" target=\"_blank\" rel=\"noreferrer noopener\">Cat\u00e1logo ilustrado de la colecci\u00f3n del MUPA<\/a><\/div>\n<\/div>\n<\/div>\n<\/div>\n<\/div>\n\n\n\n<div class=\"wp-block-columns is-layout-flex wp-container-core-columns-is-layout-9d6595d7 wp-block-columns-is-layout-flex\">\n<div class=\"wp-block-column is-layout-flow wp-block-column-is-layout-flow\">\n<h2 class=\"wp-block-heading display-4\">Videoteca<\/h2>\n\n\n\n<h3 class=\"wp-block-heading\"><strong>Elaboraci\u00f3n de Varillajes de madera en Abanicos Burriel de Aldaia<\/strong><\/h3>\n\n\n\n<iframe loading=\"lazy\" width=\"100%\" height=\"315\" src=\"https:\/\/www.youtube.com\/embed\/wUlJfUSck4M?si=7XNSuuRbHxHY2GIb\" title=\"YouTube video player\" frameborder=\"0\" allow=\"accelerometer; autoplay; clipboard-write; encrypted-media; gyroscope; picture-in-picture; web-share\" referrerpolicy=\"strict-origin-when-cross-origin\" allowfullscreen><\/iframe>\n\n\n\n<h3 class=\"wp-block-heading\"><strong>Proceso de elaboraci\u00f3n del palmito de n\u00e1car<\/strong><\/h3>\n\n\n\n<p>Proceso de elaboraci\u00f3n del abanico de n\u00e1car en Abanicos Blay Villa.<\/p>\n\n\n\n<iframe loading=\"lazy\" width=\"100%\" height=\"315\" src=\"https:\/\/www.youtube.com\/embed\/2dfyR8gyCVQ?si=dzFqNAcRVBAsv5qn\" title=\"YouTube video player\" frameborder=\"0\" allow=\"accelerometer; autoplay; clipboard-write; encrypted-media; gyroscope; picture-in-picture; web-share\" referrerpolicy=\"strict-origin-when-cross-origin\" allowfullscreen><\/iframe>\n<\/div>\n<\/div>\n\n\n\n<div class=\"wp-block-columns is-layout-flex wp-container-core-columns-is-layout-9d6595d7 wp-block-columns-is-layout-flex\">\n<div class=\"wp-block-column lista_adjuntos is-layout-flow wp-block-column-is-layout-flow\">\n<h2 class=\"wp-block-heading display-4\">Enlaces<\/h2>\n\n\n\n<p><i class=\"fas fa-file-pdf\"><\/i> <a href=\"https:\/\/aldaia.es\/wp-content\/uploads\/2023\/12\/Triptic-MUPA-2023.pdf\" target=\"_blank\" rel=\"noreferrer noopener\">Tr\u00edptic MUPA 2023<\/a><\/p>\n\n\n\n<p><i class=\"fas fa-link\"><\/i> <a href=\"https:\/\/aldaia.es\/cultura\/mupa-museu-del-palmito-daldaia\/ledifici-i-la-col%c2%b7leccio-permanent\/\">El edificio y la Colecci\u00f3n Permanente<\/a><a href=\"https:\/\/aldaia.es\/es\/cultura\/mupa-museo-del-abanico-de-aldaia\/el-edificio-y-la-coleccion-permanente\/\"><\/a><\/p>\n\n\n\n<p><i class=\"fas fa-link\"><\/i> <a href=\"https:\/\/aldaia.es\/es\/cultura\/mupa-museo-del-abanico-de-aldaia\/coleccion-permanente\/\">Colecci\u00f3n Permanente<\/a><\/p>\n\n\n\n<p><i class=\"fas fa-link\"><\/i> <a href=\"https:\/\/aldaia.es\/es\/cultura\/mupa-museo-del-abanico-de-aldaia\/sala-de-exposiciones-temporales\/\">Sala de Exposiciones temporales<\/a><\/p>\n\n\n\n<p><i class=\"fas fa-link\"><\/i> <a href=\"https:\/\/aldaia.es\/es\/cultura\/mupa-museo-del-abanico-de-aldaia\/el-palmito-historia-milenaria\/\">El abanico, historia milenaria<\/a><\/p>\n\n\n\n<p><i class=\"fas fa-link\"><\/i> <a href=\"https:\/\/aldaia.es\/es\/cultura\/mupa-museo-del-abanico-de-aldaia\/la-artesania-del-palmito-valenciano\/\">La artesania del abanico o palmito valenciano<\/a><\/p>\n\n\n\n<p><i class=\"fas fa-link\"><\/i> <a href=\"https:\/\/aldaia.es\/es\/cultura\/mupa-museo-del-abanico-de-aldaia\/artesanos-en-activo-ruta-de-los-palmiteros-de-aldaia\/\">Artesanos en activo: Ruta de los palmiteros de Aldaia<\/a><\/p>\n<\/div>\n<\/div>\n\n\n\n<p><\/p>\n","protected":false},"excerpt":{"rendered":"<p>MUPA, Recursos Descarga de archivos relacionados con el MUPA, Museo del Abanico de Aldaia. Enlaces a sitios web de inter\u00e9s. Resoluci\u00f3n BRL artesan\u00eda de palmito Museo Valenciano de Etnologia Museo <a class=\"text-decoration-none text-black\" href=\"https:\/\/aldaia.es\/es\/cultura\/mupa-museo-del-abanico-de-aldaia\/recursos-del-mupa\/\"> &#8230; <\/a><\/p>\n","protected":false},"author":21,"featured_media":0,"parent":6365,"menu_order":0,"comment_status":"closed","ping_status":"closed","template":"basic-page-departamentos.php","meta":{"_acf_changed":false,"footnotes":""},"class_list":["post-6371","page","type-page","status-publish","hentry"],"acf":[],"yoast_head":"<!-- This site is optimized with the Yoast SEO plugin v27.0 - https:\/\/yoast.com\/product\/yoast-seo-wordpress\/ -->\n<title>Recursos del MUPA - Ayuntamiento de Aldaia<\/title>\n<meta name=\"description\" content=\"Descarga de archivos relacionados con el MUPA, Museo del Palmito de Aldaia. Enlaces a sitios web de inter\u00e9s. Publicaciones del MUPA.\" \/>\n<meta name=\"robots\" content=\"index, follow, max-snippet:-1, max-image-preview:large, max-video-preview:-1\" \/>\n<link rel=\"canonical\" href=\"https:\/\/aldaia.es\/es\/cultura\/mupa-museo-del-abanico-de-aldaia\/recursos-del-mupa\/\" \/>\n<meta property=\"og:locale\" content=\"es_ES\" \/>\n<meta property=\"og:type\" content=\"article\" \/>\n<meta property=\"og:title\" content=\"Recursos del MUPA - Ayuntamiento de Aldaia\" \/>\n<meta property=\"og:description\" content=\"Descarga de archivos relacionados con el MUPA, Museo del Palmito de Aldaia. Enlaces a sitios web de inter\u00e9s. Publicaciones del MUPA.\" \/>\n<meta property=\"og:url\" content=\"https:\/\/aldaia.es\/es\/cultura\/mupa-museo-del-abanico-de-aldaia\/recursos-del-mupa\/\" \/>\n<meta property=\"og:site_name\" content=\"Ayuntamiento de Aldaia\" \/>\n<meta property=\"article:modified_time\" content=\"2024-09-13T06:27:44+00:00\" \/>\n<script type=\"application\/ld+json\" class=\"yoast-schema-graph\">{\"@context\":\"https:\/\/schema.org\",\"@graph\":[{\"@type\":\"WebPage\",\"@id\":\"https:\/\/aldaia.es\/es\/cultura\/mupa-museo-del-abanico-de-aldaia\/recursos-del-mupa\/\",\"url\":\"https:\/\/aldaia.es\/es\/cultura\/mupa-museo-del-abanico-de-aldaia\/recursos-del-mupa\/\",\"name\":\"Recursos del MUPA - Ayuntamiento de Aldaia\",\"isPartOf\":{\"@id\":\"https:\/\/aldaia.es\/es\/#website\"},\"datePublished\":\"2023-01-31T12:47:49+00:00\",\"dateModified\":\"2024-09-13T06:27:44+00:00\",\"description\":\"Descarga de archivos relacionados con el MUPA, Museo del Palmito de Aldaia. Enlaces a sitios web de inter\u00e9s. Publicaciones del MUPA.\",\"breadcrumb\":{\"@id\":\"https:\/\/aldaia.es\/es\/cultura\/mupa-museo-del-abanico-de-aldaia\/recursos-del-mupa\/#breadcrumb\"},\"inLanguage\":\"es\",\"potentialAction\":[{\"@type\":\"ReadAction\",\"target\":[\"https:\/\/aldaia.es\/es\/cultura\/mupa-museo-del-abanico-de-aldaia\/recursos-del-mupa\/\"]}]},{\"@type\":\"BreadcrumbList\",\"@id\":\"https:\/\/aldaia.es\/es\/cultura\/mupa-museo-del-abanico-de-aldaia\/recursos-del-mupa\/#breadcrumb\",\"itemListElement\":[{\"@type\":\"ListItem\",\"position\":1,\"name\":\"Portada\",\"item\":\"https:\/\/aldaia.es\/es\/\"},{\"@type\":\"ListItem\",\"position\":2,\"name\":\"Cultura\",\"item\":\"https:\/\/aldaia.es\/es\/cultura\/\"},{\"@type\":\"ListItem\",\"position\":3,\"name\":\"MUPA, Museo del Abanico de Aldaia\",\"item\":\"https:\/\/aldaia.es\/es\/cultura\/mupa-museo-del-abanico-de-aldaia\/\"},{\"@type\":\"ListItem\",\"position\":4,\"name\":\"Recursos del MUPA\"}]},{\"@type\":\"WebSite\",\"@id\":\"https:\/\/aldaia.es\/es\/#website\",\"url\":\"https:\/\/aldaia.es\/es\/\",\"name\":\"Ajuntament D'Aldaia\",\"description\":\"\",\"publisher\":{\"@id\":\"https:\/\/aldaia.es\/es\/#organization\"},\"alternateName\":\"Ajuntament D'Aldaia\",\"potentialAction\":[{\"@type\":\"SearchAction\",\"target\":{\"@type\":\"EntryPoint\",\"urlTemplate\":\"https:\/\/aldaia.es\/es\/?s={search_term_string}\"},\"query-input\":{\"@type\":\"PropertyValueSpecification\",\"valueRequired\":true,\"valueName\":\"search_term_string\"}}],\"inLanguage\":\"es\"},{\"@type\":\"Organization\",\"@id\":\"https:\/\/aldaia.es\/es\/#organization\",\"name\":\"Ajuntament D'Aldaia\",\"url\":\"https:\/\/aldaia.es\/es\/\",\"logo\":{\"@type\":\"ImageObject\",\"inLanguage\":\"es\",\"@id\":\"https:\/\/aldaia.es\/es\/#\/schema\/logo\/image\/\",\"url\":\"https:\/\/aldaia.es\/wp-content\/uploads\/2022\/06\/aldaia-negro-1.png\",\"contentUrl\":\"https:\/\/aldaia.es\/wp-content\/uploads\/2022\/06\/aldaia-negro-1.png\",\"width\":152,\"height\":70,\"caption\":\"Ajuntament D'Aldaia\"},\"image\":{\"@id\":\"https:\/\/aldaia.es\/es\/#\/schema\/logo\/image\/\"}}]}<\/script>\n<!-- \/ Yoast SEO plugin. -->","yoast_head_json":{"title":"Recursos del MUPA - Ayuntamiento de Aldaia","description":"Descarga de archivos relacionados con el MUPA, Museo del Palmito de Aldaia. Enlaces a sitios web de inter\u00e9s. Publicaciones del MUPA.","robots":{"index":"index","follow":"follow","max-snippet":"max-snippet:-1","max-image-preview":"max-image-preview:large","max-video-preview":"max-video-preview:-1"},"canonical":"https:\/\/aldaia.es\/es\/cultura\/mupa-museo-del-abanico-de-aldaia\/recursos-del-mupa\/","og_locale":"es_ES","og_type":"article","og_title":"Recursos del MUPA - Ayuntamiento de Aldaia","og_description":"Descarga de archivos relacionados con el MUPA, Museo del Palmito de Aldaia. Enlaces a sitios web de inter\u00e9s. Publicaciones del MUPA.","og_url":"https:\/\/aldaia.es\/es\/cultura\/mupa-museo-del-abanico-de-aldaia\/recursos-del-mupa\/","og_site_name":"Ayuntamiento de Aldaia","article_modified_time":"2024-09-13T06:27:44+00:00","schema":{"@context":"https:\/\/schema.org","@graph":[{"@type":"WebPage","@id":"https:\/\/aldaia.es\/es\/cultura\/mupa-museo-del-abanico-de-aldaia\/recursos-del-mupa\/","url":"https:\/\/aldaia.es\/es\/cultura\/mupa-museo-del-abanico-de-aldaia\/recursos-del-mupa\/","name":"Recursos del MUPA - Ayuntamiento de Aldaia","isPartOf":{"@id":"https:\/\/aldaia.es\/es\/#website"},"datePublished":"2023-01-31T12:47:49+00:00","dateModified":"2024-09-13T06:27:44+00:00","description":"Descarga de archivos relacionados con el MUPA, Museo del Palmito de Aldaia. Enlaces a sitios web de inter\u00e9s. Publicaciones del MUPA.","breadcrumb":{"@id":"https:\/\/aldaia.es\/es\/cultura\/mupa-museo-del-abanico-de-aldaia\/recursos-del-mupa\/#breadcrumb"},"inLanguage":"es","potentialAction":[{"@type":"ReadAction","target":["https:\/\/aldaia.es\/es\/cultura\/mupa-museo-del-abanico-de-aldaia\/recursos-del-mupa\/"]}]},{"@type":"BreadcrumbList","@id":"https:\/\/aldaia.es\/es\/cultura\/mupa-museo-del-abanico-de-aldaia\/recursos-del-mupa\/#breadcrumb","itemListElement":[{"@type":"ListItem","position":1,"name":"Portada","item":"https:\/\/aldaia.es\/es\/"},{"@type":"ListItem","position":2,"name":"Cultura","item":"https:\/\/aldaia.es\/es\/cultura\/"},{"@type":"ListItem","position":3,"name":"MUPA, Museo del Abanico de Aldaia","item":"https:\/\/aldaia.es\/es\/cultura\/mupa-museo-del-abanico-de-aldaia\/"},{"@type":"ListItem","position":4,"name":"Recursos del MUPA"}]},{"@type":"WebSite","@id":"https:\/\/aldaia.es\/es\/#website","url":"https:\/\/aldaia.es\/es\/","name":"Ajuntament D'Aldaia","description":"","publisher":{"@id":"https:\/\/aldaia.es\/es\/#organization"},"alternateName":"Ajuntament D'Aldaia","potentialAction":[{"@type":"SearchAction","target":{"@type":"EntryPoint","urlTemplate":"https:\/\/aldaia.es\/es\/?s={search_term_string}"},"query-input":{"@type":"PropertyValueSpecification","valueRequired":true,"valueName":"search_term_string"}}],"inLanguage":"es"},{"@type":"Organization","@id":"https:\/\/aldaia.es\/es\/#organization","name":"Ajuntament D'Aldaia","url":"https:\/\/aldaia.es\/es\/","logo":{"@type":"ImageObject","inLanguage":"es","@id":"https:\/\/aldaia.es\/es\/#\/schema\/logo\/image\/","url":"https:\/\/aldaia.es\/wp-content\/uploads\/2022\/06\/aldaia-negro-1.png","contentUrl":"https:\/\/aldaia.es\/wp-content\/uploads\/2022\/06\/aldaia-negro-1.png","width":152,"height":70,"caption":"Ajuntament D'Aldaia"},"image":{"@id":"https:\/\/aldaia.es\/es\/#\/schema\/logo\/image\/"}}]}},"_links":{"self":[{"href":"https:\/\/aldaia.es\/es\/wp-json\/wp\/v2\/pages\/6371","targetHints":{"allow":["GET"]}}],"collection":[{"href":"https:\/\/aldaia.es\/es\/wp-json\/wp\/v2\/pages"}],"about":[{"href":"https:\/\/aldaia.es\/es\/wp-json\/wp\/v2\/types\/page"}],"author":[{"embeddable":true,"href":"https:\/\/aldaia.es\/es\/wp-json\/wp\/v2\/users\/21"}],"replies":[{"embeddable":true,"href":"https:\/\/aldaia.es\/es\/wp-json\/wp\/v2\/comments?post=6371"}],"version-history":[{"count":14,"href":"https:\/\/aldaia.es\/es\/wp-json\/wp\/v2\/pages\/6371\/revisions"}],"predecessor-version":[{"id":31641,"href":"https:\/\/aldaia.es\/es\/wp-json\/wp\/v2\/pages\/6371\/revisions\/31641"}],"up":[{"embeddable":true,"href":"https:\/\/aldaia.es\/es\/wp-json\/wp\/v2\/pages\/6365"}],"wp:attachment":[{"href":"https:\/\/aldaia.es\/es\/wp-json\/wp\/v2\/media?parent=6371"}],"curies":[{"name":"wp","href":"https:\/\/api.w.org\/{rel}","templated":true}]}}