{"id":6372,"date":"2023-01-31T11:32:47","date_gmt":"2023-01-31T10:32:47","guid":{"rendered":"https:\/\/aldaia.eu\/cultura\/mupa-museo-del-palmito-de-aldaia\/sala-de-exposiciones-temporales\/"},"modified":"2024-09-12T13:34:17","modified_gmt":"2024-09-12T11:34:17","slug":"sala-de-exposiciones-temporales","status":"publish","type":"page","link":"https:\/\/aldaia.es\/es\/cultura\/mupa-museo-del-abanico-de-aldaia\/sala-de-exposiciones-temporales\/","title":{"rendered":"MUPA, Sala de Exposiciones Temporales"},"content":{"rendered":"\n<div class=\"wp-block-columns dep-cultura is-layout-flex wp-container-core-columns-is-layout-9d6595d7 wp-block-columns-is-layout-flex\">\n<div class=\"wp-block-column is-layout-flow wp-block-column-is-layout-flow\" style=\"flex-basis:30%\"><!--  Info MUPA -->\n\n \n\n<div class='bloque-infos-mupa wrapper-departamentos'>\n<p class=\"tit-bloque-infos\">Localizaci\u00f3n y contactos <\/p>\n        <div class='infos-departamento'>\n            <p>Calle Iglesia, 2, 46960 Aldaia, Valencia<\/p>\n            <p><i class=\"fa fa-phone\" aria-hidden=\"true\"><\/i> <a href=\"tel:+34961116948\">+34 96 111 69 48<\/a><\/p>\n            <p><strong>Horario:<\/strong><\/p>\n            <p>Martes a viernes: Ma\u00f1anas de 10:00 a 14:00 h. Tardes de 17:00 a 20:00 h. S\u00e1bado y domingo: De 10:00 a 14:00 h.<\/p>\n            <p><i class=\"fas fa-envelope\"><\/i> <a href=\"mailto:fmartinez@ajuntamentaldaia.org\">fmartinez@ajuntamentaldaia.org<\/a><\/p>\n            <p><i class=\"fas fa-envelope\"><\/i> <a href=\"mailto:museudelpalmito@ajuntamentaldaia.org\">museudelpalmito@ajuntamentaldaia.org<\/a><\/p>\n        <\/div>\n\n        <div class='mapa-1'>\n        <iframe src=\"https:\/\/www.google.com\/maps\/embed?pb=!1m18!1m12!1m3!1d405.56942687773903!2d-0.4622136234373346!3d39.46497086966321!2m3!1f0!2f0!3f0!3m2!1i1024!2i768!4f13.1!3m3!1m2!1s0xd60501629a20a8f%3A0xbb7939634005359b!2sMuseo%20del%20Palmito!5e0!3m2!1ses!2ses!4v1726124557575!5m2!1ses!2ses\" width=\"100%\" height=\"450\" style=\"border:0;\" allowfullscreen=\"\" loading=\"lazy\" referrerpolicy=\"no-referrer-when-downgrade\"><\/iframe>\n        <\/div>\n\n<\/div>\n<!-- end bloque infos -->\n   \n\n    \n\n\n<\/div>\n\n\n\n<div class=\"wp-block-column is-layout-flow wp-block-column-is-layout-flow\" style=\"flex-basis:70%\">\n<h1 class=\"wp-block-heading\">MUPA, Sala de Exposiciones Temporales<\/h1>\n\n\n\n<p>Dentro de un proyecto de remodelaci\u00f3n del espacio museogr\u00e1frico, iniciado en 2016 y desarrollado por el Ayuntamiento de Aldaia, se reconvierte la Sala de la Llotgeta (ubicada en la segunda planta del MUPA) en un espacio para la realizaci\u00f3n de exposiciones temporales sobre el mundo del abanico y de los abaniqueros, as\u00ed como la cultura valenciana en general, con especial atenci\u00f3n a las tradiciones populares, la etnolog\u00eda y el patrimonio.<\/p>\n\n\n\n<p>El objetivo de las exposiciones temporales es aumentar la proyecci\u00f3n social del MUPA, dentro y fuera de Aldaia, incentivar la afluencia de visitantes al museo y proporcionar una mayor oferta cultural a la poblaci\u00f3n local y for\u00e1nea.<\/p>\n<\/div>\n<\/div>\n\n\n\n<div class=\"wp-block-columns is-layout-flex wp-container-core-columns-is-layout-9d6595d7 wp-block-columns-is-layout-flex\">\n<div class=\"wp-block-column is-layout-flow wp-block-column-is-layout-flow\">\n<h2 class=\"wp-block-heading display-4\">Galer\u00eda<\/h2>\n\n\n\n<figure class=\"wp-block-image size-full\"><img loading=\"lazy\" decoding=\"async\" width=\"768\" height=\"512\" src=\"https:\/\/aldaia.es\/wp-content\/uploads\/2024\/09\/museo-mupa-aldaia-galeria.jpg\" alt=\"MUPA, Sala de Exposiciones Temporales\" class=\"wp-image-31508\" srcset=\"https:\/\/aldaia.es\/wp-content\/uploads\/2024\/09\/museo-mupa-aldaia-galeria.jpg 768w, https:\/\/aldaia.es\/wp-content\/uploads\/2024\/09\/museo-mupa-aldaia-galeria-300x200.jpg 300w, https:\/\/aldaia.es\/wp-content\/uploads\/2024\/09\/museo-mupa-aldaia-galeria-150x100.jpg 150w, https:\/\/aldaia.es\/wp-content\/uploads\/2024\/09\/museo-mupa-aldaia-galeria-696x464.jpg 696w\" sizes=\"auto, (max-width: 768px) 100vw, 768px\" \/><\/figure>\n<\/div>\n<\/div>\n\n\n\n<div class=\"wp-block-columns is-layout-flex wp-container-core-columns-is-layout-9d6595d7 wp-block-columns-is-layout-flex\">\n<div class=\"wp-block-column lista_adjuntos is-layout-flow wp-block-column-is-layout-flow\">\n<h2 class=\"wp-block-heading display-4\">Enlaces<\/h2>\n\n\n\n<p><i class=\"fas fa-file-pdf\"><\/i> <a href=\"https:\/\/aldaia.es\/wp-content\/uploads\/2023\/12\/Triptic-MUPA-2023.pdf\" target=\"_blank\" rel=\"noreferrer noopener\">Tr\u00edptic MUPA 2023<\/a><\/p>\n\n\n\n<p><i class=\"fas fa-link\"><\/i> <a href=\"https:\/\/aldaia.es\/cultura\/mupa-museu-del-palmito-daldaia\/ledifici-i-la-col%c2%b7leccio-permanent\/\">El edificio y la Colecci\u00f3n Permanente<\/a><a href=\"https:\/\/aldaia.es\/es\/cultura\/mupa-museo-del-abanico-de-aldaia\/el-edificio-y-la-coleccion-permanente\/\"><\/a><\/p>\n\n\n\n<p><i class=\"fas fa-link\"><\/i> <a href=\"https:\/\/aldaia.es\/es\/cultura\/mupa-museo-del-abanico-de-aldaia\/coleccion-permanente\/\">Colecci\u00f3n Permanente<\/a><\/p>\n\n\n\n<p><i class=\"fas fa-link\"><\/i> <a href=\"https:\/\/aldaia.es\/es\/cultura\/mupa-museo-del-abanico-de-aldaia\/el-palmito-historia-milenaria\/\">El abanico, historia milenaria<\/a><\/p>\n\n\n\n<p><i class=\"fas fa-link\"><\/i> <a href=\"https:\/\/aldaia.es\/es\/cultura\/mupa-museo-del-abanico-de-aldaia\/la-artesania-del-palmito-valenciano\/\">La artesania del abanico o palmito valenciano<\/a><\/p>\n\n\n\n<p><i class=\"fas fa-link\"><\/i> <a href=\"https:\/\/aldaia.es\/es\/cultura\/mupa-museo-del-abanico-de-aldaia\/artesanos-en-activo-ruta-de-los-palmiteros-de-aldaia\/\">Artesanos en activo: Ruta de los palmiteros de Aldaia<\/a><\/p>\n\n\n\n<p><i class=\"fas fa-link\"><\/i> <a href=\"https:\/\/aldaia.es\/es\/cultura\/mupa-museo-del-abanico-de-aldaia\/recursos-del-mupa\/\">Recursos del MUPA<\/a><\/p>\n<\/div>\n<\/div>\n\n\n\n<p><\/p>\n","protected":false},"excerpt":{"rendered":"<p>MUPA, Sala de Exposiciones Temporales Dentro de un proyecto de remodelaci\u00f3n del espacio museogr\u00e1frico, iniciado en 2016 y desarrollado por el Ayuntamiento de Aldaia, se reconvierte la Sala de la <a class=\"text-decoration-none text-black\" href=\"https:\/\/aldaia.es\/es\/cultura\/mupa-museo-del-abanico-de-aldaia\/sala-de-exposiciones-temporales\/\"> &#8230; <\/a><\/p>\n","protected":false},"author":21,"featured_media":0,"parent":6365,"menu_order":0,"comment_status":"closed","ping_status":"closed","template":"basic-page-departamentos.php","meta":{"_acf_changed":false,"footnotes":""},"class_list":["post-6372","page","type-page","status-publish","hentry"],"acf":[],"yoast_head":"<!-- This site is optimized with the Yoast SEO plugin v27.0 - https:\/\/yoast.com\/product\/yoast-seo-wordpress\/ -->\n<title>MUPA, Sala de Exposiciones Temporales - Ayuntamiento de Aldaia<\/title>\n<meta name=\"description\" content=\"Espacio para la realizaci\u00f3n de exposiciones temporales sobre el mundo del abanico y abaniqueros, as\u00ed como la cultura valenciana en general.\" \/>\n<meta name=\"robots\" content=\"index, follow, max-snippet:-1, max-image-preview:large, max-video-preview:-1\" \/>\n<link rel=\"canonical\" href=\"https:\/\/aldaia.es\/es\/cultura\/mupa-museo-del-abanico-de-aldaia\/sala-de-exposiciones-temporales\/\" \/>\n<meta property=\"og:locale\" content=\"es_ES\" \/>\n<meta property=\"og:type\" content=\"article\" \/>\n<meta property=\"og:title\" content=\"MUPA, Sala de Exposiciones Temporales - Ayuntamiento de Aldaia\" \/>\n<meta property=\"og:description\" content=\"Espacio para la realizaci\u00f3n de exposiciones temporales sobre el mundo del abanico y abaniqueros, as\u00ed como la cultura valenciana en general.\" \/>\n<meta property=\"og:url\" content=\"https:\/\/aldaia.es\/es\/cultura\/mupa-museo-del-abanico-de-aldaia\/sala-de-exposiciones-temporales\/\" \/>\n<meta property=\"og:site_name\" content=\"Ayuntamiento de Aldaia\" \/>\n<meta property=\"article:modified_time\" content=\"2024-09-12T11:34:17+00:00\" \/>\n<meta property=\"og:image\" content=\"https:\/\/aldaia.es\/wp-content\/uploads\/2024\/09\/museo-mupa-aldaia-galeria.jpg\" \/>\n<script type=\"application\/ld+json\" class=\"yoast-schema-graph\">{\"@context\":\"https:\/\/schema.org\",\"@graph\":[{\"@type\":\"WebPage\",\"@id\":\"https:\/\/aldaia.es\/es\/cultura\/mupa-museo-del-abanico-de-aldaia\/sala-de-exposiciones-temporales\/\",\"url\":\"https:\/\/aldaia.es\/es\/cultura\/mupa-museo-del-abanico-de-aldaia\/sala-de-exposiciones-temporales\/\",\"name\":\"MUPA, Sala de Exposiciones Temporales - Ayuntamiento de Aldaia\",\"isPartOf\":{\"@id\":\"https:\/\/aldaia.es\/es\/#website\"},\"primaryImageOfPage\":{\"@id\":\"https:\/\/aldaia.es\/es\/cultura\/mupa-museo-del-abanico-de-aldaia\/sala-de-exposiciones-temporales\/#primaryimage\"},\"image\":{\"@id\":\"https:\/\/aldaia.es\/es\/cultura\/mupa-museo-del-abanico-de-aldaia\/sala-de-exposiciones-temporales\/#primaryimage\"},\"thumbnailUrl\":\"https:\/\/aldaia.es\/wp-content\/uploads\/2024\/09\/museo-mupa-aldaia-galeria.jpg\",\"datePublished\":\"2023-01-31T10:32:47+00:00\",\"dateModified\":\"2024-09-12T11:34:17+00:00\",\"description\":\"Espacio para la realizaci\u00f3n de exposiciones temporales sobre el mundo del abanico y abaniqueros, as\u00ed como la cultura valenciana en general.\",\"breadcrumb\":{\"@id\":\"https:\/\/aldaia.es\/es\/cultura\/mupa-museo-del-abanico-de-aldaia\/sala-de-exposiciones-temporales\/#breadcrumb\"},\"inLanguage\":\"es\",\"potentialAction\":[{\"@type\":\"ReadAction\",\"target\":[\"https:\/\/aldaia.es\/es\/cultura\/mupa-museo-del-abanico-de-aldaia\/sala-de-exposiciones-temporales\/\"]}]},{\"@type\":\"ImageObject\",\"inLanguage\":\"es\",\"@id\":\"https:\/\/aldaia.es\/es\/cultura\/mupa-museo-del-abanico-de-aldaia\/sala-de-exposiciones-temporales\/#primaryimage\",\"url\":\"https:\/\/aldaia.es\/wp-content\/uploads\/2024\/09\/museo-mupa-aldaia-galeria.jpg\",\"contentUrl\":\"https:\/\/aldaia.es\/wp-content\/uploads\/2024\/09\/museo-mupa-aldaia-galeria.jpg\"},{\"@type\":\"BreadcrumbList\",\"@id\":\"https:\/\/aldaia.es\/es\/cultura\/mupa-museo-del-abanico-de-aldaia\/sala-de-exposiciones-temporales\/#breadcrumb\",\"itemListElement\":[{\"@type\":\"ListItem\",\"position\":1,\"name\":\"Portada\",\"item\":\"https:\/\/aldaia.es\/es\/\"},{\"@type\":\"ListItem\",\"position\":2,\"name\":\"Cultura\",\"item\":\"https:\/\/aldaia.es\/es\/cultura\/\"},{\"@type\":\"ListItem\",\"position\":3,\"name\":\"MUPA, Museo del Abanico de Aldaia\",\"item\":\"https:\/\/aldaia.es\/es\/cultura\/mupa-museo-del-abanico-de-aldaia\/\"},{\"@type\":\"ListItem\",\"position\":4,\"name\":\"MUPA, Sala de Exposiciones Temporales\"}]},{\"@type\":\"WebSite\",\"@id\":\"https:\/\/aldaia.es\/es\/#website\",\"url\":\"https:\/\/aldaia.es\/es\/\",\"name\":\"Ajuntament D'Aldaia\",\"description\":\"\",\"publisher\":{\"@id\":\"https:\/\/aldaia.es\/es\/#organization\"},\"alternateName\":\"Ajuntament D'Aldaia\",\"potentialAction\":[{\"@type\":\"SearchAction\",\"target\":{\"@type\":\"EntryPoint\",\"urlTemplate\":\"https:\/\/aldaia.es\/es\/?s={search_term_string}\"},\"query-input\":{\"@type\":\"PropertyValueSpecification\",\"valueRequired\":true,\"valueName\":\"search_term_string\"}}],\"inLanguage\":\"es\"},{\"@type\":\"Organization\",\"@id\":\"https:\/\/aldaia.es\/es\/#organization\",\"name\":\"Ajuntament D'Aldaia\",\"url\":\"https:\/\/aldaia.es\/es\/\",\"logo\":{\"@type\":\"ImageObject\",\"inLanguage\":\"es\",\"@id\":\"https:\/\/aldaia.es\/es\/#\/schema\/logo\/image\/\",\"url\":\"https:\/\/aldaia.es\/wp-content\/uploads\/2022\/06\/aldaia-negro-1.png\",\"contentUrl\":\"https:\/\/aldaia.es\/wp-content\/uploads\/2022\/06\/aldaia-negro-1.png\",\"width\":152,\"height\":70,\"caption\":\"Ajuntament D'Aldaia\"},\"image\":{\"@id\":\"https:\/\/aldaia.es\/es\/#\/schema\/logo\/image\/\"}}]}<\/script>\n<!-- \/ Yoast SEO plugin. -->","yoast_head_json":{"title":"MUPA, Sala de Exposiciones Temporales - Ayuntamiento de Aldaia","description":"Espacio para la realizaci\u00f3n de exposiciones temporales sobre el mundo del abanico y abaniqueros, as\u00ed como la cultura valenciana en general.","robots":{"index":"index","follow":"follow","max-snippet":"max-snippet:-1","max-image-preview":"max-image-preview:large","max-video-preview":"max-video-preview:-1"},"canonical":"https:\/\/aldaia.es\/es\/cultura\/mupa-museo-del-abanico-de-aldaia\/sala-de-exposiciones-temporales\/","og_locale":"es_ES","og_type":"article","og_title":"MUPA, Sala de Exposiciones Temporales - Ayuntamiento de Aldaia","og_description":"Espacio para la realizaci\u00f3n de exposiciones temporales sobre el mundo del abanico y abaniqueros, as\u00ed como la cultura valenciana en general.","og_url":"https:\/\/aldaia.es\/es\/cultura\/mupa-museo-del-abanico-de-aldaia\/sala-de-exposiciones-temporales\/","og_site_name":"Ayuntamiento de Aldaia","article_modified_time":"2024-09-12T11:34:17+00:00","og_image":[{"url":"https:\/\/aldaia.es\/wp-content\/uploads\/2024\/09\/museo-mupa-aldaia-galeria.jpg","type":"","width":"","height":""}],"schema":{"@context":"https:\/\/schema.org","@graph":[{"@type":"WebPage","@id":"https:\/\/aldaia.es\/es\/cultura\/mupa-museo-del-abanico-de-aldaia\/sala-de-exposiciones-temporales\/","url":"https:\/\/aldaia.es\/es\/cultura\/mupa-museo-del-abanico-de-aldaia\/sala-de-exposiciones-temporales\/","name":"MUPA, Sala de Exposiciones Temporales - Ayuntamiento de Aldaia","isPartOf":{"@id":"https:\/\/aldaia.es\/es\/#website"},"primaryImageOfPage":{"@id":"https:\/\/aldaia.es\/es\/cultura\/mupa-museo-del-abanico-de-aldaia\/sala-de-exposiciones-temporales\/#primaryimage"},"image":{"@id":"https:\/\/aldaia.es\/es\/cultura\/mupa-museo-del-abanico-de-aldaia\/sala-de-exposiciones-temporales\/#primaryimage"},"thumbnailUrl":"https:\/\/aldaia.es\/wp-content\/uploads\/2024\/09\/museo-mupa-aldaia-galeria.jpg","datePublished":"2023-01-31T10:32:47+00:00","dateModified":"2024-09-12T11:34:17+00:00","description":"Espacio para la realizaci\u00f3n de exposiciones temporales sobre el mundo del abanico y abaniqueros, as\u00ed como la cultura valenciana en general.","breadcrumb":{"@id":"https:\/\/aldaia.es\/es\/cultura\/mupa-museo-del-abanico-de-aldaia\/sala-de-exposiciones-temporales\/#breadcrumb"},"inLanguage":"es","potentialAction":[{"@type":"ReadAction","target":["https:\/\/aldaia.es\/es\/cultura\/mupa-museo-del-abanico-de-aldaia\/sala-de-exposiciones-temporales\/"]}]},{"@type":"ImageObject","inLanguage":"es","@id":"https:\/\/aldaia.es\/es\/cultura\/mupa-museo-del-abanico-de-aldaia\/sala-de-exposiciones-temporales\/#primaryimage","url":"https:\/\/aldaia.es\/wp-content\/uploads\/2024\/09\/museo-mupa-aldaia-galeria.jpg","contentUrl":"https:\/\/aldaia.es\/wp-content\/uploads\/2024\/09\/museo-mupa-aldaia-galeria.jpg"},{"@type":"BreadcrumbList","@id":"https:\/\/aldaia.es\/es\/cultura\/mupa-museo-del-abanico-de-aldaia\/sala-de-exposiciones-temporales\/#breadcrumb","itemListElement":[{"@type":"ListItem","position":1,"name":"Portada","item":"https:\/\/aldaia.es\/es\/"},{"@type":"ListItem","position":2,"name":"Cultura","item":"https:\/\/aldaia.es\/es\/cultura\/"},{"@type":"ListItem","position":3,"name":"MUPA, Museo del Abanico de Aldaia","item":"https:\/\/aldaia.es\/es\/cultura\/mupa-museo-del-abanico-de-aldaia\/"},{"@type":"ListItem","position":4,"name":"MUPA, Sala de Exposiciones Temporales"}]},{"@type":"WebSite","@id":"https:\/\/aldaia.es\/es\/#website","url":"https:\/\/aldaia.es\/es\/","name":"Ajuntament D'Aldaia","description":"","publisher":{"@id":"https:\/\/aldaia.es\/es\/#organization"},"alternateName":"Ajuntament D'Aldaia","potentialAction":[{"@type":"SearchAction","target":{"@type":"EntryPoint","urlTemplate":"https:\/\/aldaia.es\/es\/?s={search_term_string}"},"query-input":{"@type":"PropertyValueSpecification","valueRequired":true,"valueName":"search_term_string"}}],"inLanguage":"es"},{"@type":"Organization","@id":"https:\/\/aldaia.es\/es\/#organization","name":"Ajuntament D'Aldaia","url":"https:\/\/aldaia.es\/es\/","logo":{"@type":"ImageObject","inLanguage":"es","@id":"https:\/\/aldaia.es\/es\/#\/schema\/logo\/image\/","url":"https:\/\/aldaia.es\/wp-content\/uploads\/2022\/06\/aldaia-negro-1.png","contentUrl":"https:\/\/aldaia.es\/wp-content\/uploads\/2022\/06\/aldaia-negro-1.png","width":152,"height":70,"caption":"Ajuntament D'Aldaia"},"image":{"@id":"https:\/\/aldaia.es\/es\/#\/schema\/logo\/image\/"}}]}},"_links":{"self":[{"href":"https:\/\/aldaia.es\/es\/wp-json\/wp\/v2\/pages\/6372","targetHints":{"allow":["GET"]}}],"collection":[{"href":"https:\/\/aldaia.es\/es\/wp-json\/wp\/v2\/pages"}],"about":[{"href":"https:\/\/aldaia.es\/es\/wp-json\/wp\/v2\/types\/page"}],"author":[{"embeddable":true,"href":"https:\/\/aldaia.es\/es\/wp-json\/wp\/v2\/users\/21"}],"replies":[{"embeddable":true,"href":"https:\/\/aldaia.es\/es\/wp-json\/wp\/v2\/comments?post=6372"}],"version-history":[{"count":6,"href":"https:\/\/aldaia.es\/es\/wp-json\/wp\/v2\/pages\/6372\/revisions"}],"predecessor-version":[{"id":31556,"href":"https:\/\/aldaia.es\/es\/wp-json\/wp\/v2\/pages\/6372\/revisions\/31556"}],"up":[{"embeddable":true,"href":"https:\/\/aldaia.es\/es\/wp-json\/wp\/v2\/pages\/6365"}],"wp:attachment":[{"href":"https:\/\/aldaia.es\/es\/wp-json\/wp\/v2\/media?parent=6372"}],"curies":[{"name":"wp","href":"https:\/\/api.w.org\/{rel}","templated":true}]}}