{"id":6373,"date":"2022-08-25T12:27:37","date_gmt":"2022-08-25T10:27:37","guid":{"rendered":"https:\/\/aldaia.eu\/cultura\/rua-ruta-urbana-artistica-de-aldaia\/"},"modified":"2025-07-04T14:20:55","modified_gmt":"2025-07-04T12:20:55","slug":"rua-ruta-urbana-artistica-de-aldaia","status":"publish","type":"page","link":"https:\/\/aldaia.es\/es\/cultura\/rua-ruta-urbana-artistica-de-aldaia\/","title":{"rendered":"RUA: Ruta Urbana Art\u00edstica de Aldaia"},"content":{"rendered":"\n<div class=\"wp-block-columns dep-cultura is-layout-flex wp-container-core-columns-is-layout-9d6595d7 wp-block-columns-is-layout-flex\">\n<div class=\"wp-block-column is-layout-flow wp-block-column-is-layout-flow\" style=\"flex-basis:30%\"><!--  Info cultura -->\n\n \n\n<div class='bloque-infos-cultura wrapper-departamentos'>\n<p class=\"tit-bloque-infos\">\u00c1rea de Cultura <\/p>\n        <div class='infos-departamento'>\n            <p>Plaza Constituci\u00f3n, 10, 46960 Aldaia Valencia<\/p>\n            <p><i class=\"fa fa-phone\" aria-hidden=\"true\"><\/i> <a href=\"tel:+34961501500\">+34 96 150 15 00<\/a><\/p>\n            <p><i class=\"fas fa-envelope\"><\/i> <a href=\"mailto:cultura@ajuntamentaldaia.org\">cultura@ajuntamentaldaia.org<\/a><\/p>\n            <p><a href=\"https:\/\/www.facebook.com\/tama.teatreauditori\" target=\"_blank\" rel=\"noreferrer noopener\"><i class=\"fab fa-facebook\"><\/i><\/a> &nbsp;&nbsp; <a href=\"https:\/\/www.instagram.com\/tamaldaia\/?hl=es\" target=\"_blank\" rel=\"noreferrer noopener\"><i class=\"fab fa-square-instagram\"><\/i><\/a>  &nbsp;&nbsp;  <a href=\"https:\/\/www.youtube.com\/channel\/UC0QxMldevXrLFbfSGFom9TA\" target=\"_blank\" rel=\"noreferrer noopener\"><i class=\"fab fa-youtube\"><\/i><\/a> <\/p>\n        <\/div>\n\n        <div class='mapa-1'>\n        <iframe src=\"https:\/\/www.google.com\/maps\/embed?pb=!1m18!1m12!1m3!1d622.7679968418242!2d-0.4608059177881311!3d39.465164288659615!2m3!1f0!2f0!3f0!3m2!1i1024!2i768!4f13.1!3m3!1m2!1s0xd6051b0ac582aed%3A0xd3a2ed9d1d945ab0!2sAyuntamiento%20de%20Aldaya!5e0!3m2!1ses!2sus!4v1725979182758!5m2!1ses!2sus\" width=\"100%\" height=\"450\" style=\"border:0;\" allowfullscreen=\"\" loading=\"lazy\" referrerpolicy=\"no-referrer-when-downgrade\"><\/iframe>\n        <\/div>\n\n    <\/div>\n    <!-- end bloque infos -->\n   \n\n    \n\n\n<\/div>\n\n\n\n<div class=\"wp-block-column is-layout-flow wp-block-column-is-layout-flow\" style=\"flex-basis:70%\">\n<h1 class=\"wp-block-heading\">RUA: Ruta Urbana Art\u00edstica de Aldaia<\/h1>\n\n\n\n<p>Una de las principales l\u00edneas culturales en Aldaia es la difusi\u00f3n de las artes pl\u00e1sticas mediante la divulgaci\u00f3n de artistas locales y for\u00e1neos, exposiciones y la realizaci\u00f3n de intervenciones art\u00edsticas en espacios p\u00fablicos. Muestra de esto son las diversas esculturas y murales pict\u00f3ricos que existen en calles y plazas del municipio las que configuran una singular ruta de arte urbano. Muestra de esto son las 14 esculturas vanguardistas creadas por artistas de varios pa\u00edses del mundo, a las que se suman varios murales pict\u00f3ricos realizados por creadores aldaiers que evocan valores tan necesarios como la tolerancia, la creatividad y el medio ambiente. <\/p>\n\n\n\n<p>Un conjunto de obras singulares que forman la RUA:  <strong><a href=\"https:\/\/rua.aldaia.eu\/\" target=\"_blank\" rel=\"noreferrer noopener\">Ruta Urbana Art\u00edstica de Aldaia. <\/a><\/strong><\/p>\n\n\n\n<p>Este proyecto art\u00edstico cuenta con la participaci\u00f3n del <strong>Grupo de las Artes de Aldaia<\/strong>, creado en oto\u00f1o de 2015 a iniciativa de la concejala de Cultura, con la intenci\u00f3n de contar con la participaci\u00f3n de artistas de Aldaia para configurar la ciudad desde de la perspectiva art\u00edstico-pl\u00e1stica. <\/p>\n\n\n\n<p>El Grupo de las Artes, como su nombre indica, es un grupo no formal totalmente abierto y vivo. Las personas que se incorporan tienen or\u00edgenes distintos en el \u00e1mbito de las artes pl\u00e1sticas: fotograf\u00eda, pintura, escultura, dise\u00f1o, interiorismo\u2026 <\/p>\n\n\n\n<p>La incorporaci\u00f3n es espont\u00e1nea, las personas interesadas pueden contactar con el Servicio de Cultura en los siguientes correos electr\u00f3nicos:<\/p>\n\n\n\n<ul class=\"wp-block-list\">\n<li><a href=\"mailto:cultura@ajuntamentaldaia.org\">cultura@ajuntamentaldaia.org<\/a> <\/li>\n\n\n\n<li><a href=\"mailto:agarcera@ajuntamentaldaia.org\">agarcera@ajuntamentaldaia.org<\/a><\/li>\n<\/ul>\n<\/div>\n<\/div>\n\n\n\n<div style=\"height:42px\" aria-hidden=\"true\" class=\"wp-block-spacer\"><\/div>\n\n\n\n<div class=\"wp-block-columns is-layout-flex wp-container-core-columns-is-layout-9d6595d7 wp-block-columns-is-layout-flex\">\n<div class=\"wp-block-column lista_adjuntos is-layout-flow wp-block-column-is-layout-flow\">\n<h2 class=\"wp-block-heading display-4\">Esculturas Urbanas<\/h2>\n\n\n\n<ul class=\"wp-block-list\">\n<li>Escultura de Agua (J&amp;P Llaveria)<\/li>\n\n\n\n<li>Abanico (Pepa Fos, J. Manuel Alonso, J. Manuel Ramos)<\/li>\n\n\n\n<li>Ugarit Gate (Mustaf\u00e1 Al\u00ed)<\/li>\n\n\n\n<li>El abrazo (M. Jos\u00e9 Zan\u00f3n)<\/li>\n\n\n\n<li>Palmito: el lenguaje de la mirada (Teresa Ch\u00e1fer)<\/li>\n\n\n\n<li>Veleta (Pepe Murcia)<\/li>\n\n\n\n<li>Quetzac\u00f3atl (Carlos Monje)<\/li>\n\n\n\n<li>Hitos (Grupo Art\u00edstico Kilates<\/li>\n\n\n\n<li>Homenaje al Protocolo de Kioto (J&amp;P Llaveria)<\/li>\n\n\n\n<li>Homenaje a la Constituci\u00f3n de 1978 (Andreu Alfaro)<\/li>\n\n\n\n<li>Armon\u00edas (Jos\u00e9 Antonio Orts)<\/li>\n\n\n\n<li>Hitos (Grupo Art\u00edstico Kilates)<\/li>\n\n\n\n<li>Maimara, estrella de tierra all\u00e1 (Sebasti\u00e0 Miralles)<\/li>\n\n\n\n<li>Madre, tierra, dientes (Kioto Ota)<\/li>\n\n\n\n<li>Rostros de la memoria (Alexi Alemany Navarro)<\/li>\n\n\n\n<li>Dep\u00f3sito de Agua (Joan Llaveria y Elias P\u00e9rez)<\/li>\n\n\n\n<li>Escultura \u201cLuz de fuego\u201d (Alexi Alemany)<\/li>\n<\/ul>\n\n\n\n<div class=\"wp-block-columns is-layout-flex wp-container-core-columns-is-layout-9d6595d7 wp-block-columns-is-layout-flex\">\n<div class=\"wp-block-column is-layout-flow wp-block-column-is-layout-flow\">\n<figure class=\"wp-block-image size-large\"><img decoding=\"async\" src=\"https:\/\/aldaia.es\/wp-content\/uploads\/2022\/08\/escultura_daigua.jpg\" alt=\"Escultura de Agua\"\/><\/figure>\n<\/div>\n\n\n\n<div class=\"wp-block-column is-layout-flow wp-block-column-is-layout-flow\">\n<figure class=\"wp-block-image size-large\"><img decoding=\"async\" src=\"https:\/\/aldaia.es\/wp-content\/uploads\/2022\/08\/ugarit_gate.jpg\" alt=\"Ugarit Gate (Mustaf\u00e1 Al\u00ed)\"\/><\/figure>\n<\/div>\n\n\n\n<div class=\"wp-block-column is-layout-flow wp-block-column-is-layout-flow\">\n<figure class=\"wp-block-image size-large\"><img decoding=\"async\" src=\"https:\/\/aldaia.es\/wp-content\/uploads\/2022\/08\/penell.jpg\" alt=\"Penell (Pepe Murcia)\"\/><\/figure>\n<\/div>\n<\/div>\n\n\n\n<div class=\"wp-block-columns is-layout-flex wp-container-core-columns-is-layout-9d6595d7 wp-block-columns-is-layout-flex\">\n<div class=\"wp-block-column is-layout-flow wp-block-column-is-layout-flow\">\n<figure class=\"wp-block-image size-large\"><img decoding=\"async\" src=\"https:\/\/aldaia.es\/wp-content\/uploads\/2022\/08\/maimara_estel_de_terra_enlla.jpg\" alt=\"Maimara, estrella de tierra all\u00e1 (Sebasti\u00e0 Miralles)\"\/><\/figure>\n<\/div>\n\n\n\n<div class=\"wp-block-column is-layout-flow wp-block-column-is-layout-flow\">\n<figure class=\"wp-block-image size-large\"><img decoding=\"async\" src=\"https:\/\/aldaia.es\/wp-content\/uploads\/2022\/08\/mare_terra_dents.jpg\" alt=\"Madre, tierra, dientes (Kioto Ota)\"\/><\/figure>\n<\/div>\n\n\n\n<div class=\"wp-block-column is-layout-flow wp-block-column-is-layout-flow\">\n<figure class=\"wp-block-image size-large\"><img decoding=\"async\" src=\"https:\/\/aldaia.es\/wp-content\/uploads\/2022\/08\/rua_2.jpg\" alt=\"bancos parque pintados en  aldaia\"\/><\/figure>\n<\/div>\n<\/div>\n\n\n\n<h2 class=\"wp-block-heading display-4\">Intervenciones art\u00edsticas<\/h2>\n\n\n\n<ul class=\"wp-block-list\">\n<li>Pelota valenciana (Olga Esteban)<\/li>\n\n\n\n<li>Homenaje a la huerta (Andrea Navarro)<\/li>\n\n\n\n<li>Evocaci\u00f3n a Carlos Haro (Jos\u00e9 Manuel Cervera \u00abPlati\u00bb)<\/li>\n\n\n\n<li>Trampantojo (Andrea Navarro)<\/li>\n\n\n\n<li>Acera de la calle Coladors (Jos\u00e9 Manuel Cervera \u00abPlati\u00bb)<\/li>\n\n\n\n<li>La mujer en el espacio p\u00fablico (Andrea Navarro)<\/li>\n\n\n\n<li>Naturaleza (Jos\u00e9 Manuel Cervera \u00abPlati\u00bb)<\/li>\n\n\n\n<li>Los colores homenaje LGTB (Pepe Broseta)<\/li>\n\n\n\n<li>La mujer en el espacio p\u00fablico (Andrea Navarro)<\/li>\n\n\n\n<li>Pasarela en la v\u00eda del tren (Andrea Navarro)<\/li>\n\n\n\n<li>Iconatr\u00e1fico (Daniel Camp y Jos\u00e9 Manuel Cervera \u2018Plati\u2019 y otros)<\/li>\n\n\n\n<li>Skyline-Horizonte Antiguo Ayuntamiento (Jos\u00e9 Manuel Cervera \u201cPlati\u201d y otros)<\/li>\n\n\n\n<li>Homenaje al cine, el c\u00f3mic, los v\u00eddeo-juegos y la publicidad de finales del siglo XX (Jos\u00e9 Manuel Cervera \u2018Plati\u2019 y otros)<\/li>\n\n\n\n<li>Pared al borde del barranco (Lola Sempere, Vinz Freel Fee)<\/li>\n\n\n\n<li>La pared de la galocha (Jos\u00e9 Manuel Cervera \u2018Plati\u2019)<\/li>\n\n\n\n<li>El agua: la tranquilidad y la calma xixa (Andrea Navarro)<\/li>\n\n\n\n<li>EI Semilla, todo el recinto, aulas, paredes exteriores e interiores (Miguel Angel Sena Cervera).<\/li>\n\n\n\n<li>Pared de la piscina l\u00fadica de verano del Polideportivo Municipal de Aldaia (Guillem Romero y Andrea Navarro).<\/li>\n\n\n\n<li>Pared de la parte peatonal del t\u00fanel de la calle Iglesia con la av. 2 de Mayo (Jos\u00e9 Manuel Cervera \u201cPlati\u201d, Josep Roca y dise\u00f1os de Daniel Camp).<\/li>\n\n\n\n<li>Mural \u201cLuchamos contra el olvido\u201d, en la fachada lateral de la casa que da a la calle Saleta con la calle Vicente Guzm\u00e1n n\u00fam. 1 (Xolaka y con un poema original de Francesc Rodrigo).<\/li>\n\n\n\n<li>Mural \u201cSum\u00e9rgete a la lectura\u201d, en la fachada de la calle Valencia con calle Iglesia. (Olga Esteban) Espacio esc\u00e9nico del Tribunal del Comunero del Roll de Gr\u00e0cia de la Huerta de Aldaia (Toni Mas).<\/li>\n\n\n\n<li>Mural \u201cM\u00e1s que pelotas\u201d (Josep Roca)<\/li>\n\n\n\n<li>Mural \u201cEl Drag\u00f3n de Aldaia\u201d (Miguel \u00c1ngel Sena Cervera).<\/li>\n\n\n\n<li>Mural \u201c5 de agosto de un pueblo (1921-2021): La Baix\u00e0 nos une\u201d (Pilar Rodr\u00edguez).<\/li>\n<\/ul>\n<\/div>\n<\/div>\n\n\n\n<div class=\"wp-block-columns is-layout-flex wp-container-core-columns-is-layout-9d6595d7 wp-block-columns-is-layout-flex\">\n<div class=\"wp-block-column lista_adjuntos is-layout-flow wp-block-column-is-layout-flow\">\n<div class=\"wp-block-columns is-layout-flex wp-container-core-columns-is-layout-9d6595d7 wp-block-columns-is-layout-flex\">\n<div class=\"wp-block-column is-layout-flow wp-block-column-is-layout-flow\">\n<figure class=\"wp-block-image size-large\"><img decoding=\"async\" src=\"https:\/\/aldaia.es\/wp-content\/uploads\/2022\/08\/pilota_valenciana.jpg\" alt=\"pintura mural Aldaia\"\/><\/figure>\n<\/div>\n\n\n\n<div class=\"wp-block-column is-layout-flow wp-block-column-is-layout-flow\">\n<figure class=\"wp-block-image size-large\"><img decoding=\"async\" src=\"https:\/\/aldaia.es\/wp-content\/uploads\/2022\/08\/homenatge_a_lhorta.jpg\" alt=\"pintura mural Aldaia\"\/><\/figure>\n<\/div>\n\n\n\n<div class=\"wp-block-column is-layout-flow wp-block-column-is-layout-flow\">\n<figure class=\"wp-block-image size-large\"><img decoding=\"async\" src=\"https:\/\/aldaia.es\/wp-content\/uploads\/2022\/08\/evocacio_a_carlos_haro.jpg\" alt=\"pintura mural Aldaia\"\/><\/figure>\n<\/div>\n<\/div>\n\n\n\n<div class=\"wp-block-columns is-layout-flex wp-container-core-columns-is-layout-9d6595d7 wp-block-columns-is-layout-flex\">\n<div class=\"wp-block-column is-layout-flow wp-block-column-is-layout-flow\">\n<figure class=\"wp-block-image size-large\"><img decoding=\"async\" src=\"https:\/\/aldaia.es\/wp-content\/uploads\/2022\/08\/mural_lluitem_contra_loblit.jpg\" alt=\"Mural \u201cLuchamos contra el olvido\"\/><\/figure>\n<\/div>\n\n\n\n<div class=\"wp-block-column is-layout-flow wp-block-column-is-layout-flow\">\n<figure class=\"wp-block-image size-large\"><img decoding=\"async\" src=\"https:\/\/aldaia.es\/wp-content\/uploads\/2022\/08\/paret_part_de_vianants_del_tunel_del_carrer_esglesia_amb_lav._2_de_maig.jpg\" alt=\"pintura mural Aldaia\"\/><\/figure>\n<\/div>\n\n\n\n<div class=\"wp-block-column is-layout-flow wp-block-column-is-layout-flow\">\n<figure class=\"wp-block-image size-full\"><img loading=\"lazy\" decoding=\"async\" width=\"480\" height=\"250\" src=\"https:\/\/aldaia.es\/wp-content\/uploads\/2024\/09\/mural-pintura-aldaia-rua.jpg\" alt=\"mural pintura aldaia\" class=\"wp-image-31343\" srcset=\"https:\/\/aldaia.es\/wp-content\/uploads\/2024\/09\/mural-pintura-aldaia-rua.jpg 480w, https:\/\/aldaia.es\/wp-content\/uploads\/2024\/09\/mural-pintura-aldaia-rua-300x156.jpg 300w, https:\/\/aldaia.es\/wp-content\/uploads\/2024\/09\/mural-pintura-aldaia-rua-150x78.jpg 150w\" sizes=\"auto, (max-width: 480px) 100vw, 480px\" \/><\/figure>\n<\/div>\n<\/div>\n<\/div>\n<\/div>\n\n\n\n<div class=\"wp-block-columns is-layout-flex wp-container-core-columns-is-layout-9d6595d7 wp-block-columns-is-layout-flex\">\n<div class=\"wp-block-column lista_adjuntos is-layout-flow wp-block-column-is-layout-flow\">\n<h2 class=\"wp-block-heading display-4\">Enlaces<\/h2>\n\n\n\n<p><i class=\"fas fa-link\"><\/i> <a href=\"https:\/\/rua.aldaia.eu\/\" target=\"_blank\" rel=\"noreferrer noopener\">RUA, Ruta Urbana Art\u00edstica d&#8217;Aldaia<\/a><\/p>\n\n\n\n<p><i class=\"fas fa-file-pdf\"><\/i> <a href=\"https:\/\/aldaia.es\/wp-content\/uploads\/2023\/01\/rua_aldaia_actualitzacio_16.9.2022.pdf\" target=\"_blank\" rel=\"noreferrer noopener\">Tr\u00edptico RU<\/a><a href=\"https:\/\/aldaia.es\/wp-content\/uploads\/2025\/07\/COMPRIMIT_RUA_ALDAIA-2023_compressed-1.pdf\" target=\"_blank\" rel=\"noreferrer noopener\">A<\/a><\/p>\n<\/div>\n<\/div>\n\n\n\n<p><\/p>\n","protected":false},"excerpt":{"rendered":"<p>RUA: Ruta Urbana Art\u00edstica de Aldaia Una de las principales l\u00edneas culturales en Aldaia es la difusi\u00f3n de las artes pl\u00e1sticas mediante la divulgaci\u00f3n de artistas locales y for\u00e1neos, exposiciones <a class=\"text-decoration-none text-black\" href=\"https:\/\/aldaia.es\/es\/cultura\/rua-ruta-urbana-artistica-de-aldaia\/\"> &#8230; <\/a><\/p>\n","protected":false},"author":21,"featured_media":0,"parent":6238,"menu_order":0,"comment_status":"closed","ping_status":"closed","template":"basic-page-departamentos.php","meta":{"_acf_changed":false,"footnotes":""},"class_list":["post-6373","page","type-page","status-publish","hentry"],"acf":[],"yoast_head":"<!-- This site is optimized with the Yoast SEO plugin v27.0 - https:\/\/yoast.com\/product\/yoast-seo-wordpress\/ -->\n<title>RUA: Ruta Urbana Art\u00edstica de Aldaia - Ayuntamiento de Aldaia<\/title>\n<meta name=\"description\" content=\"Ruta Urbana Art\u00edstica de Aldaia es la difusi\u00f3n de las artes pl\u00e1sticas mediante la divulgaci\u00f3n de artistas locales en espacios p\u00fablicos.\" \/>\n<meta name=\"robots\" content=\"index, follow, max-snippet:-1, max-image-preview:large, max-video-preview:-1\" \/>\n<link rel=\"canonical\" href=\"https:\/\/aldaia.es\/es\/cultura\/rua-ruta-urbana-artistica-de-aldaia\/\" \/>\n<meta property=\"og:locale\" content=\"es_ES\" \/>\n<meta property=\"og:type\" content=\"article\" \/>\n<meta property=\"og:title\" content=\"RUA: Ruta Urbana Art\u00edstica de Aldaia - Ayuntamiento de Aldaia\" \/>\n<meta property=\"og:description\" content=\"Ruta Urbana Art\u00edstica de Aldaia es la difusi\u00f3n de las artes pl\u00e1sticas mediante la divulgaci\u00f3n de artistas locales en espacios p\u00fablicos.\" \/>\n<meta property=\"og:url\" content=\"https:\/\/aldaia.es\/es\/cultura\/rua-ruta-urbana-artistica-de-aldaia\/\" \/>\n<meta property=\"og:site_name\" content=\"Ayuntamiento de Aldaia\" \/>\n<meta property=\"article:modified_time\" content=\"2025-07-04T12:20:55+00:00\" \/>\n<meta property=\"og:image\" content=\"https:\/\/aldaia.es\/wp-content\/uploads\/2022\/08\/escultura_daigua.jpg\" \/>\n<script type=\"application\/ld+json\" class=\"yoast-schema-graph\">{\"@context\":\"https:\/\/schema.org\",\"@graph\":[{\"@type\":\"WebPage\",\"@id\":\"https:\/\/aldaia.es\/es\/cultura\/rua-ruta-urbana-artistica-de-aldaia\/\",\"url\":\"https:\/\/aldaia.es\/es\/cultura\/rua-ruta-urbana-artistica-de-aldaia\/\",\"name\":\"RUA: Ruta Urbana Art\u00edstica de Aldaia - Ayuntamiento de Aldaia\",\"isPartOf\":{\"@id\":\"https:\/\/aldaia.es\/es\/#website\"},\"primaryImageOfPage\":{\"@id\":\"https:\/\/aldaia.es\/es\/cultura\/rua-ruta-urbana-artistica-de-aldaia\/#primaryimage\"},\"image\":{\"@id\":\"https:\/\/aldaia.es\/es\/cultura\/rua-ruta-urbana-artistica-de-aldaia\/#primaryimage\"},\"thumbnailUrl\":\"https:\/\/aldaia.es\/wp-content\/uploads\/2022\/08\/escultura_daigua.jpg\",\"datePublished\":\"2022-08-25T10:27:37+00:00\",\"dateModified\":\"2025-07-04T12:20:55+00:00\",\"description\":\"Ruta Urbana Art\u00edstica de Aldaia es la difusi\u00f3n de las artes pl\u00e1sticas mediante la divulgaci\u00f3n de artistas locales en espacios p\u00fablicos.\",\"breadcrumb\":{\"@id\":\"https:\/\/aldaia.es\/es\/cultura\/rua-ruta-urbana-artistica-de-aldaia\/#breadcrumb\"},\"inLanguage\":\"es\",\"potentialAction\":[{\"@type\":\"ReadAction\",\"target\":[\"https:\/\/aldaia.es\/es\/cultura\/rua-ruta-urbana-artistica-de-aldaia\/\"]}]},{\"@type\":\"ImageObject\",\"inLanguage\":\"es\",\"@id\":\"https:\/\/aldaia.es\/es\/cultura\/rua-ruta-urbana-artistica-de-aldaia\/#primaryimage\",\"url\":\"https:\/\/aldaia.es\/wp-content\/uploads\/2022\/08\/escultura_daigua.jpg\",\"contentUrl\":\"https:\/\/aldaia.es\/wp-content\/uploads\/2022\/08\/escultura_daigua.jpg\"},{\"@type\":\"BreadcrumbList\",\"@id\":\"https:\/\/aldaia.es\/es\/cultura\/rua-ruta-urbana-artistica-de-aldaia\/#breadcrumb\",\"itemListElement\":[{\"@type\":\"ListItem\",\"position\":1,\"name\":\"Portada\",\"item\":\"https:\/\/aldaia.es\/es\/\"},{\"@type\":\"ListItem\",\"position\":2,\"name\":\"Cultura\",\"item\":\"https:\/\/aldaia.es\/es\/cultura\/\"},{\"@type\":\"ListItem\",\"position\":3,\"name\":\"RUA: Ruta Urbana Art\u00edstica de Aldaia\"}]},{\"@type\":\"WebSite\",\"@id\":\"https:\/\/aldaia.es\/es\/#website\",\"url\":\"https:\/\/aldaia.es\/es\/\",\"name\":\"Ajuntament D'Aldaia\",\"description\":\"\",\"publisher\":{\"@id\":\"https:\/\/aldaia.es\/es\/#organization\"},\"alternateName\":\"Ajuntament D'Aldaia\",\"potentialAction\":[{\"@type\":\"SearchAction\",\"target\":{\"@type\":\"EntryPoint\",\"urlTemplate\":\"https:\/\/aldaia.es\/es\/?s={search_term_string}\"},\"query-input\":{\"@type\":\"PropertyValueSpecification\",\"valueRequired\":true,\"valueName\":\"search_term_string\"}}],\"inLanguage\":\"es\"},{\"@type\":\"Organization\",\"@id\":\"https:\/\/aldaia.es\/es\/#organization\",\"name\":\"Ajuntament D'Aldaia\",\"url\":\"https:\/\/aldaia.es\/es\/\",\"logo\":{\"@type\":\"ImageObject\",\"inLanguage\":\"es\",\"@id\":\"https:\/\/aldaia.es\/es\/#\/schema\/logo\/image\/\",\"url\":\"https:\/\/aldaia.es\/wp-content\/uploads\/2022\/06\/aldaia-negro-1.png\",\"contentUrl\":\"https:\/\/aldaia.es\/wp-content\/uploads\/2022\/06\/aldaia-negro-1.png\",\"width\":152,\"height\":70,\"caption\":\"Ajuntament D'Aldaia\"},\"image\":{\"@id\":\"https:\/\/aldaia.es\/es\/#\/schema\/logo\/image\/\"}}]}<\/script>\n<!-- \/ Yoast SEO plugin. -->","yoast_head_json":{"title":"RUA: Ruta Urbana Art\u00edstica de Aldaia - Ayuntamiento de Aldaia","description":"Ruta Urbana Art\u00edstica de Aldaia es la difusi\u00f3n de las artes pl\u00e1sticas mediante la divulgaci\u00f3n de artistas locales en espacios p\u00fablicos.","robots":{"index":"index","follow":"follow","max-snippet":"max-snippet:-1","max-image-preview":"max-image-preview:large","max-video-preview":"max-video-preview:-1"},"canonical":"https:\/\/aldaia.es\/es\/cultura\/rua-ruta-urbana-artistica-de-aldaia\/","og_locale":"es_ES","og_type":"article","og_title":"RUA: Ruta Urbana Art\u00edstica de Aldaia - Ayuntamiento de Aldaia","og_description":"Ruta Urbana Art\u00edstica de Aldaia es la difusi\u00f3n de las artes pl\u00e1sticas mediante la divulgaci\u00f3n de artistas locales en espacios p\u00fablicos.","og_url":"https:\/\/aldaia.es\/es\/cultura\/rua-ruta-urbana-artistica-de-aldaia\/","og_site_name":"Ayuntamiento de Aldaia","article_modified_time":"2025-07-04T12:20:55+00:00","og_image":[{"url":"https:\/\/aldaia.es\/wp-content\/uploads\/2022\/08\/escultura_daigua.jpg","type":"","width":"","height":""}],"schema":{"@context":"https:\/\/schema.org","@graph":[{"@type":"WebPage","@id":"https:\/\/aldaia.es\/es\/cultura\/rua-ruta-urbana-artistica-de-aldaia\/","url":"https:\/\/aldaia.es\/es\/cultura\/rua-ruta-urbana-artistica-de-aldaia\/","name":"RUA: Ruta Urbana Art\u00edstica de Aldaia - Ayuntamiento de Aldaia","isPartOf":{"@id":"https:\/\/aldaia.es\/es\/#website"},"primaryImageOfPage":{"@id":"https:\/\/aldaia.es\/es\/cultura\/rua-ruta-urbana-artistica-de-aldaia\/#primaryimage"},"image":{"@id":"https:\/\/aldaia.es\/es\/cultura\/rua-ruta-urbana-artistica-de-aldaia\/#primaryimage"},"thumbnailUrl":"https:\/\/aldaia.es\/wp-content\/uploads\/2022\/08\/escultura_daigua.jpg","datePublished":"2022-08-25T10:27:37+00:00","dateModified":"2025-07-04T12:20:55+00:00","description":"Ruta Urbana Art\u00edstica de Aldaia es la difusi\u00f3n de las artes pl\u00e1sticas mediante la divulgaci\u00f3n de artistas locales en espacios p\u00fablicos.","breadcrumb":{"@id":"https:\/\/aldaia.es\/es\/cultura\/rua-ruta-urbana-artistica-de-aldaia\/#breadcrumb"},"inLanguage":"es","potentialAction":[{"@type":"ReadAction","target":["https:\/\/aldaia.es\/es\/cultura\/rua-ruta-urbana-artistica-de-aldaia\/"]}]},{"@type":"ImageObject","inLanguage":"es","@id":"https:\/\/aldaia.es\/es\/cultura\/rua-ruta-urbana-artistica-de-aldaia\/#primaryimage","url":"https:\/\/aldaia.es\/wp-content\/uploads\/2022\/08\/escultura_daigua.jpg","contentUrl":"https:\/\/aldaia.es\/wp-content\/uploads\/2022\/08\/escultura_daigua.jpg"},{"@type":"BreadcrumbList","@id":"https:\/\/aldaia.es\/es\/cultura\/rua-ruta-urbana-artistica-de-aldaia\/#breadcrumb","itemListElement":[{"@type":"ListItem","position":1,"name":"Portada","item":"https:\/\/aldaia.es\/es\/"},{"@type":"ListItem","position":2,"name":"Cultura","item":"https:\/\/aldaia.es\/es\/cultura\/"},{"@type":"ListItem","position":3,"name":"RUA: Ruta Urbana Art\u00edstica de Aldaia"}]},{"@type":"WebSite","@id":"https:\/\/aldaia.es\/es\/#website","url":"https:\/\/aldaia.es\/es\/","name":"Ajuntament D'Aldaia","description":"","publisher":{"@id":"https:\/\/aldaia.es\/es\/#organization"},"alternateName":"Ajuntament D'Aldaia","potentialAction":[{"@type":"SearchAction","target":{"@type":"EntryPoint","urlTemplate":"https:\/\/aldaia.es\/es\/?s={search_term_string}"},"query-input":{"@type":"PropertyValueSpecification","valueRequired":true,"valueName":"search_term_string"}}],"inLanguage":"es"},{"@type":"Organization","@id":"https:\/\/aldaia.es\/es\/#organization","name":"Ajuntament D'Aldaia","url":"https:\/\/aldaia.es\/es\/","logo":{"@type":"ImageObject","inLanguage":"es","@id":"https:\/\/aldaia.es\/es\/#\/schema\/logo\/image\/","url":"https:\/\/aldaia.es\/wp-content\/uploads\/2022\/06\/aldaia-negro-1.png","contentUrl":"https:\/\/aldaia.es\/wp-content\/uploads\/2022\/06\/aldaia-negro-1.png","width":152,"height":70,"caption":"Ajuntament D'Aldaia"},"image":{"@id":"https:\/\/aldaia.es\/es\/#\/schema\/logo\/image\/"}}]}},"_links":{"self":[{"href":"https:\/\/aldaia.es\/es\/wp-json\/wp\/v2\/pages\/6373","targetHints":{"allow":["GET"]}}],"collection":[{"href":"https:\/\/aldaia.es\/es\/wp-json\/wp\/v2\/pages"}],"about":[{"href":"https:\/\/aldaia.es\/es\/wp-json\/wp\/v2\/types\/page"}],"author":[{"embeddable":true,"href":"https:\/\/aldaia.es\/es\/wp-json\/wp\/v2\/users\/21"}],"replies":[{"embeddable":true,"href":"https:\/\/aldaia.es\/es\/wp-json\/wp\/v2\/comments?post=6373"}],"version-history":[{"count":11,"href":"https:\/\/aldaia.es\/es\/wp-json\/wp\/v2\/pages\/6373\/revisions"}],"predecessor-version":[{"id":38335,"href":"https:\/\/aldaia.es\/es\/wp-json\/wp\/v2\/pages\/6373\/revisions\/38335"}],"up":[{"embeddable":true,"href":"https:\/\/aldaia.es\/es\/wp-json\/wp\/v2\/pages\/6238"}],"wp:attachment":[{"href":"https:\/\/aldaia.es\/es\/wp-json\/wp\/v2\/media?parent=6373"}],"curies":[{"name":"wp","href":"https:\/\/api.w.org\/{rel}","templated":true}]}}