{"id":6378,"date":"2023-01-30T18:07:33","date_gmt":"2023-01-30T17:07:33","guid":{"rendered":"https:\/\/aldaia.eu\/cultura\/tama-teatro-auditorio\/normas-de-seguridad-y-salud-para-empresas-subcontratadas\/"},"modified":"2024-09-13T10:22:00","modified_gmt":"2024-09-13T08:22:00","slug":"normas-de-seguridad-y-salud-para-empresas-subcontratadas","status":"publish","type":"page","link":"https:\/\/aldaia.es\/es\/cultura\/tama-teatro-auditorio\/normas-de-seguridad-y-salud-para-empresas-subcontratadas\/","title":{"rendered":"Normas de Seguridad y Salud para empresas subcontratadas"},"content":{"rendered":"\n<div class=\"wp-block-columns dep-cultura is-layout-flex wp-container-core-columns-is-layout-9d6595d7 wp-block-columns-is-layout-flex\">\n<div class=\"wp-block-column is-layout-flow wp-block-column-is-layout-flow\" style=\"flex-basis:30%\"><!--  Info cultura TAMA -->\n\n \n\n<div class='bloque-infos-cultura-tama wrapper-departamentos'>\n<p class=\"tit-bloque-infos\">Localizaci\u00f3n TAMA<\/p>\n        <div class='infos-departamento'>\n            <p>Av. de la M\u00fasica, 11, 46960 Aldaia, Valencia, Espa\u00f1a. Acceso por calle Cuarto s\/n.<\/p>\n            <p><i class=\"fa fa-phone\" aria-hidden=\"true\"><\/i> <a href=\"tel:+34961988406\">+34 96 198 84 06<\/a><\/p>\n            <p><i class=\"fas fa-envelope\"><\/i> <a href=\"mailto:flopez@ajuntamentaldaia.org\">flopez@ajuntamentaldaia.org<\/a><\/p>\n            <p><i class=\"fas fa-envelope\"><\/i> <a href=\"mailto:agarcera@ajuntamentaldaia.org\">agarcera@ajuntamentaldaia.org<\/a><\/p>\n            <p><i class=\"fas fa-envelope\"><\/i> <a href=\"mailto:cultura@ajuntamentaldaia.org\">cultura@ajuntamentaldaia.org<\/a><\/p>\n        <\/div>\n\n        <div class='mapa-1'>\n        <iframe src=\"https:\/\/www.google.com\/maps\/embed?pb=!1m14!1m8!1m3!1d1220.9579746302354!2d-0.45720314031949144!3d39.46531419902647!3m2!1i1024!2i768!4f13.1!3m3!1m2!1s0xd605018834c3113%3A0x18b8f585c8e09c91!2sTAMA%20%E2%80%94%20Teatro%20Auditorio%20Municipal%20de%20Aldaia!5e0!3m2!1ses!2sus!4v1725979334211!5m2!1ses!2sus\" width=\"100%\" height=\"450\" style=\"border:0;\" allowfullscreen=\"\" loading=\"lazy\" referrerpolicy=\"no-referrer-when-downgrade\"><\/iframe>\n        <\/div>\n\n    <\/div>\n    <!-- end bloque infos -->\n   \n\n    \n\n\n<\/div>\n\n\n\n<div class=\"wp-block-column is-layout-flow wp-block-column-is-layout-flow\" style=\"flex-basis:70%\">\n<h1 class=\"wp-block-heading\">TAMA &#8211; Normas de Seguridad y Salud para empresas subcontratadas<\/h1>\n\n\n\n<p>Toda empresa contratada, (compa\u00f1\u00eda), por el TAMA o entidad a la que sea cedido el TAMA, debe cumplir con las disposiciones contenidas en la Ley 31\/95 de Prevenci\u00f3n de Riesgos Laborales (art\u00edculos 14 a 28) y en otras disposiciones legales en vigor que sean de aplicaci\u00f3n, haciendo especial \u00e9nfasis en los siguientes apartados:<\/p>\n\n\n\n<p><strong>1. Procedimientos de entrada, tr\u00e1fico y estancia<\/strong><\/p>\n\n\n\n<p>1.1. Para entrar en el recinto fabril es preceptivo pedir autorizaci\u00f3n al Responsable de Control y Seguimiento de la empresa TAMA y presentar la Declaraci\u00f3n de Pertenencia a la Empresa<\/p>\n\n\n\n<p>1.2. No deber\u00e1 permanecer en otros lugares distintos a aquellos en los que realice su trabajo, debiendo seguir los itinerarios que previamente les hayan sido marcados.<\/p>\n\n\n\n<p>1.3. Est\u00e1 prohibido manipular en interruptores o en cualquier otro equipo de las instalaciones salvo autorizaci\u00f3n especial.<\/p>\n\n\n\n<p><strong>2. Se\u00f1alizaci\u00f3n<\/strong><\/p>\n\n\n\n<p>2.1. Deber\u00e1n instalarse todo tipo de se\u00f1alizaciones necesarias (carteles, cintas, vallas,\u2026)<\/p>\n\n\n\n<p>2.2.es obligaci\u00f3n de la empresa se\u00f1alizar todos los elementos de su propiedad que pudieran resultar peligrosos para la integridad de las personas.<\/p>\n\n\n\n<p><strong>3. Trabajo en alturas<\/strong><\/p>\n\n\n\n<p>3.1. Los operarios que trabajen en alturas estar\u00e1n provistos de material de prevenci\u00f3n suficiente para eliminar el riesgo de ca\u00eddas (cinturones de seguridad, escaleras, andamios\u2026).<\/p>\n\n\n\n<p>3.2. Especialmente a la hora del enfoque, tanto en el uso de escalera como de plataformas elevadoras, ser\u00e1 obligatorio el uso de arn\u00e9s anclado a las l\u00edneas de seguridad que hay instaladas en el TAMA.<\/p>\n\n\n\n<p>3.3. Las construcciones, decorados\u2026 de m\u00e1s de 80cm deber\u00e1n reunir las suficientes condiciones de seguridad para evitar accidentes.<\/p>\n\n\n\n<p>3.4. Los trabajos realizados en las pasarelas tambi\u00e9n se considerar\u00e1n trabajo en altura.<\/p>\n\n\n\n<p><strong>4. Iluminaci\u00f3n<\/strong><\/p>\n\n\n\n<p>4.1. Todas las zonas de trabajo estar\u00e1n perfectamente iluminadas para evitar riesgos de ca\u00eddas y malas maniobras.<\/p>\n\n\n\n<p>4.2. Durante la funci\u00f3n deber\u00e1 estar suficientemente iluminadas todas aquellas zonas de paso. El TAMA dispone de unas \u201cguardias\u201d que permanecer\u00e1n encendidas siempre que la iluminaci\u00f3n del espacio sea insuficiente.<\/p>\n\n\n\n<p><strong>5. Dependencias y puestos de trabajo<\/strong><\/p>\n\n\n\n<p>5.1. Las dependencias o puestos de trabajo tendr\u00e1n que estar siempre en buen estado de limpieza e higiene.<\/p>\n\n\n\n<p>5.2. Ning\u00fan trabajo se considerar\u00e1 terminado hasta que el \u00e1rea quede limpia y libre de condiciones inseguras.<\/p>\n\n\n\n<p><strong>6. Botellas de gases<\/strong><\/p>\n\n\n\n<p>6.1. No esta permitida la entrada alrecinto de ning\u00fan tipo de gases sin previa comunicaci\u00f3n a la direcci\u00f3n del TAMA.<\/p>\n\n\n\n<p>6.2. En la zona de trabajo no podr\u00e1n ubicarse m\u00e1s recipientes de gases comprimidos que los estrictamente necesarios para la ejecuci\u00f3n del trabajo.<\/p>\n\n\n\n<p>6.3. Todas las botellas de gases tendr\u00e1n que estar sujetas, y alejadas de puntos calientes. En la terminaci\u00f3n de la jornada todas las botellas de gases deber\u00e1n quedar perfectamente cerradas y depositadas en una zona fuera de las instalaciones de proceso y autorizada por la empresa TAMA.<\/p>\n\n\n\n<p><strong>7. Equipos de soldadura<\/strong><\/p>\n\n\n\n<p>7.1. Todo el equipo a utilizar debe estar en condiciones seguras de uso: protecciones del grupo, aislamiento de cables sin fisuras y empalmes correctos.<\/p>\n\n\n\n<p>7.2. Durante la interrupci\u00f3n del trabajo (comidas u otras necesidades) y al finalizar la jornada los equipos de soldadura tendr\u00e1n que ser desconectados, comprobando la inexistencia de restos incandescentes.<\/p>\n\n\n\n<p>7.3. No se conectar\u00e1n equipos de soldadura sin previa autorizaci\u00f3n de la empresa TAMA.<\/p>\n\n\n\n<p><strong>8. Gr\u00faas y veh\u00edculos<\/strong><\/p>\n\n\n\n<p>8.1. Deber\u00e1n ser operadas por personal autorizado, calificado y responsable de su actuaci\u00f3n, y siempre con autorizaci\u00f3n de la empresa TAMA.<\/p>\n\n\n\n<p><strong>9. M\u00e1quinas herramientas el\u00e9ctricas port\u00e1tiles<\/strong><\/p>\n\n\n\n<p>9.1. Las protecciones, enchufes, cables, fusibles, hilos de tierra, etc., tendr\u00e1n que estar en buenas condiciones y cumplir los Procedimientos de Seguridad.<\/p>\n\n\n\n<p><strong>10. Comunicaci\u00f3n de accidentes e incidentes<\/strong><\/p>\n\n\n\n<p>10.1. Deber\u00e1 informarse al Responsable de Control y Seguimiento de la empresa TAMA de todos los accidentes e incidentes que tenga el personal Subcontratista.<\/p>\n\n\n\n<p><strong>11. Medidas de emergencia<\/strong><\/p>\n\n\n\n<p>11.1. En caso de producirse una situaci\u00f3n de emergencia en las instalaciones de la empresa TAMA con o sin aviso de alarma, todo el personal de la Empresa Subcontratista deber\u00e1 parar los trabajos, dej\u00e1ndolos en condiciones de seguridad, desconectar\u00e1n los equipos que est\u00e1n utilizando y abandonar\u00e1n la zona dirigi\u00e9ndose a un sitio seguro, fuera del recinto afectado.<\/p>\n\n\n\n<p><strong>12. Sanciones<\/strong><\/p>\n\n\n\n<p>12.1. Las personas que incumplan las Procedimientos de Seguridad, podr\u00e1n ser expulsadas de la empresa TAMA temporal o definitivamente.<\/p>\n\n\n\n<p><strong>13. Consideraciones finales<\/strong><\/p>\n\n\n\n<p>13.1. La Empresa Subcontratista deber\u00e1 nombrar a un Responsable de su plantilla para vigilar y hacer cumplir los Procedimientos de Seguridad y Salud Laboral.<\/p>\n\n\n\n<p>13.2. La Empresa Subcontratista est\u00e1 obligada a suministrar a su personal los equipos y prendas de seguridad reglamentarios necesarios.<\/p>\n\n\n\n<p>13.3. Estos Procedimientos de Seguridad tendr\u00e1n que ser conocidas por todas las personas que trabajan en las instalaciones de TAMA por lo que a las Empresas Subcontratistas deber\u00e1n facilitarles una copia.<\/p>\n\n\n\n<p>13.4. La Empresa subcontratista deber\u00e1 seguir las instrucciones indicadas por los responsables de la empresa TAMA.<\/p>\n\n\n\n<p><strong>14. Equipos de protecci\u00f3n individual. (EPI)<\/strong><\/p>\n\n\n\n<p>14.1 Ser\u00e1 obligatorio el uso de botas de seguridad durante las labores de carga y descarga, montaje y desmontaje.<\/p>\n\n\n\n<p>14.2 La obligaci\u00f3n del uso de casco ser\u00e1 determinada por el responsable de seguridad del TAMA.<\/p>\n<\/div>\n<\/div>\n\n\n\n<div class=\"wp-block-columns is-layout-flex wp-container-core-columns-is-layout-9d6595d7 wp-block-columns-is-layout-flex\">\n<div class=\"wp-block-column lista_adjuntos is-layout-flow wp-block-column-is-layout-flow\">\n<h2 class=\"wp-block-heading display-4\">Enlaces<\/h2>\n\n\n\n<p><i class=\"fas fa-link\"><\/i> <a href=\"https:\/\/aldaia.es\/es\/cultura\/tama-teatro-auditorio\/\">TAMA, teatro auditorio<\/a><\/p>\n\n\n\n<p><i class=\"fas fa-link\"><\/i> <a href=\"https:\/\/aldaia.es\/es\/cultura\/tama-teatro-auditorio\/funcionamiento\/\">Funcionamiento<\/a><\/p>\n\n\n\n<p><i class=\"fas fa-link\"><\/i> <a href=\"https:\/\/aldaia.es\/es\/cultura\/tama-teatro-auditorio\/programas-singulares-propios-de-artes-escenicas\/\">Programas singulares propios de artes esc\u00e9nicas<\/a><\/p>\n\n\n\n<p><i class=\"fas fa-link\"><\/i> <a href=\"\/?page_id=6554\">Datos t\u00e9cnicos<\/a><\/p>\n\n\n\n<p><i class=\"fas fa-link\"><\/i> <a href=\"https:\/\/aldaia.es\/es\/cultura\/tama-teatro-auditorio\/galeria-de-imagenes\/\">TAMA Galer\u00eda de im\u00e1genes<\/a><\/p>\n<\/div>\n<\/div>\n\n\n\n<p><\/p>\n","protected":false},"excerpt":{"rendered":"<p>TAMA &#8211; Normas de Seguridad y Salud para empresas subcontratadas Toda empresa contratada, (compa\u00f1\u00eda), por el TAMA o entidad a la que sea cedido el TAMA, debe cumplir con las <a class=\"text-decoration-none text-black\" href=\"https:\/\/aldaia.es\/es\/cultura\/tama-teatro-auditorio\/normas-de-seguridad-y-salud-para-empresas-subcontratadas\/\"> &#8230; <\/a><\/p>\n","protected":false},"author":21,"featured_media":0,"parent":6376,"menu_order":0,"comment_status":"closed","ping_status":"closed","template":"basic-page-departamentos.php","meta":{"_acf_changed":false,"footnotes":""},"class_list":["post-6378","page","type-page","status-publish","hentry"],"acf":[],"yoast_head":"<!-- This site is optimized with the Yoast SEO plugin v27.0 - https:\/\/yoast.com\/product\/yoast-seo-wordpress\/ -->\n<title>Normas de Seguridad y Salud para empresas subcontratadas - Ayuntamiento de Aldaia<\/title>\n<meta name=\"robots\" content=\"index, follow, max-snippet:-1, max-image-preview:large, max-video-preview:-1\" \/>\n<link rel=\"canonical\" href=\"https:\/\/aldaia.es\/es\/cultura\/tama-teatro-auditorio\/normas-de-seguridad-y-salud-para-empresas-subcontratadas\/\" \/>\n<meta property=\"og:locale\" content=\"es_ES\" \/>\n<meta property=\"og:type\" content=\"article\" \/>\n<meta property=\"og:title\" content=\"Normas de Seguridad y Salud para empresas subcontratadas - Ayuntamiento de Aldaia\" \/>\n<meta property=\"og:description\" content=\"TAMA &#8211; Normas de Seguridad y Salud para empresas subcontratadas Toda empresa contratada, (compa\u00f1\u00eda), por el TAMA o entidad a la que sea cedido el TAMA, debe cumplir con las ...\" \/>\n<meta property=\"og:url\" content=\"https:\/\/aldaia.es\/es\/cultura\/tama-teatro-auditorio\/normas-de-seguridad-y-salud-para-empresas-subcontratadas\/\" \/>\n<meta property=\"og:site_name\" content=\"Ayuntamiento de Aldaia\" \/>\n<meta property=\"article:modified_time\" content=\"2024-09-13T08:22:00+00:00\" \/>\n<script type=\"application\/ld+json\" class=\"yoast-schema-graph\">{\"@context\":\"https:\/\/schema.org\",\"@graph\":[{\"@type\":\"WebPage\",\"@id\":\"https:\/\/aldaia.es\/es\/cultura\/tama-teatro-auditorio\/normas-de-seguridad-y-salud-para-empresas-subcontratadas\/\",\"url\":\"https:\/\/aldaia.es\/es\/cultura\/tama-teatro-auditorio\/normas-de-seguridad-y-salud-para-empresas-subcontratadas\/\",\"name\":\"Normas de Seguridad y Salud para empresas subcontratadas - Ayuntamiento de Aldaia\",\"isPartOf\":{\"@id\":\"https:\/\/aldaia.es\/es\/#website\"},\"datePublished\":\"2023-01-30T17:07:33+00:00\",\"dateModified\":\"2024-09-13T08:22:00+00:00\",\"breadcrumb\":{\"@id\":\"https:\/\/aldaia.es\/es\/cultura\/tama-teatro-auditorio\/normas-de-seguridad-y-salud-para-empresas-subcontratadas\/#breadcrumb\"},\"inLanguage\":\"es\",\"potentialAction\":[{\"@type\":\"ReadAction\",\"target\":[\"https:\/\/aldaia.es\/es\/cultura\/tama-teatro-auditorio\/normas-de-seguridad-y-salud-para-empresas-subcontratadas\/\"]}]},{\"@type\":\"BreadcrumbList\",\"@id\":\"https:\/\/aldaia.es\/es\/cultura\/tama-teatro-auditorio\/normas-de-seguridad-y-salud-para-empresas-subcontratadas\/#breadcrumb\",\"itemListElement\":[{\"@type\":\"ListItem\",\"position\":1,\"name\":\"Portada\",\"item\":\"https:\/\/aldaia.es\/es\/\"},{\"@type\":\"ListItem\",\"position\":2,\"name\":\"Cultura\",\"item\":\"https:\/\/aldaia.es\/es\/cultura\/\"},{\"@type\":\"ListItem\",\"position\":3,\"name\":\"TAMA. Teatro Auditorio de Aldaia\",\"item\":\"https:\/\/aldaia.es\/es\/cultura\/tama-teatro-auditorio\/\"},{\"@type\":\"ListItem\",\"position\":4,\"name\":\"Normas de Seguridad y Salud para empresas subcontratadas\"}]},{\"@type\":\"WebSite\",\"@id\":\"https:\/\/aldaia.es\/es\/#website\",\"url\":\"https:\/\/aldaia.es\/es\/\",\"name\":\"Ajuntament D'Aldaia\",\"description\":\"\",\"publisher\":{\"@id\":\"https:\/\/aldaia.es\/es\/#organization\"},\"alternateName\":\"Ajuntament D'Aldaia\",\"potentialAction\":[{\"@type\":\"SearchAction\",\"target\":{\"@type\":\"EntryPoint\",\"urlTemplate\":\"https:\/\/aldaia.es\/es\/?s={search_term_string}\"},\"query-input\":{\"@type\":\"PropertyValueSpecification\",\"valueRequired\":true,\"valueName\":\"search_term_string\"}}],\"inLanguage\":\"es\"},{\"@type\":\"Organization\",\"@id\":\"https:\/\/aldaia.es\/es\/#organization\",\"name\":\"Ajuntament D'Aldaia\",\"url\":\"https:\/\/aldaia.es\/es\/\",\"logo\":{\"@type\":\"ImageObject\",\"inLanguage\":\"es\",\"@id\":\"https:\/\/aldaia.es\/es\/#\/schema\/logo\/image\/\",\"url\":\"https:\/\/aldaia.es\/wp-content\/uploads\/2022\/06\/aldaia-negro-1.png\",\"contentUrl\":\"https:\/\/aldaia.es\/wp-content\/uploads\/2022\/06\/aldaia-negro-1.png\",\"width\":152,\"height\":70,\"caption\":\"Ajuntament D'Aldaia\"},\"image\":{\"@id\":\"https:\/\/aldaia.es\/es\/#\/schema\/logo\/image\/\"}}]}<\/script>\n<!-- \/ Yoast SEO plugin. -->","yoast_head_json":{"title":"Normas de Seguridad y Salud para empresas subcontratadas - Ayuntamiento de Aldaia","robots":{"index":"index","follow":"follow","max-snippet":"max-snippet:-1","max-image-preview":"max-image-preview:large","max-video-preview":"max-video-preview:-1"},"canonical":"https:\/\/aldaia.es\/es\/cultura\/tama-teatro-auditorio\/normas-de-seguridad-y-salud-para-empresas-subcontratadas\/","og_locale":"es_ES","og_type":"article","og_title":"Normas de Seguridad y Salud para empresas subcontratadas - Ayuntamiento de Aldaia","og_description":"TAMA &#8211; Normas de Seguridad y Salud para empresas subcontratadas Toda empresa contratada, (compa\u00f1\u00eda), por el TAMA o entidad a la que sea cedido el TAMA, debe cumplir con las ...","og_url":"https:\/\/aldaia.es\/es\/cultura\/tama-teatro-auditorio\/normas-de-seguridad-y-salud-para-empresas-subcontratadas\/","og_site_name":"Ayuntamiento de Aldaia","article_modified_time":"2024-09-13T08:22:00+00:00","schema":{"@context":"https:\/\/schema.org","@graph":[{"@type":"WebPage","@id":"https:\/\/aldaia.es\/es\/cultura\/tama-teatro-auditorio\/normas-de-seguridad-y-salud-para-empresas-subcontratadas\/","url":"https:\/\/aldaia.es\/es\/cultura\/tama-teatro-auditorio\/normas-de-seguridad-y-salud-para-empresas-subcontratadas\/","name":"Normas de Seguridad y Salud para empresas subcontratadas - Ayuntamiento de Aldaia","isPartOf":{"@id":"https:\/\/aldaia.es\/es\/#website"},"datePublished":"2023-01-30T17:07:33+00:00","dateModified":"2024-09-13T08:22:00+00:00","breadcrumb":{"@id":"https:\/\/aldaia.es\/es\/cultura\/tama-teatro-auditorio\/normas-de-seguridad-y-salud-para-empresas-subcontratadas\/#breadcrumb"},"inLanguage":"es","potentialAction":[{"@type":"ReadAction","target":["https:\/\/aldaia.es\/es\/cultura\/tama-teatro-auditorio\/normas-de-seguridad-y-salud-para-empresas-subcontratadas\/"]}]},{"@type":"BreadcrumbList","@id":"https:\/\/aldaia.es\/es\/cultura\/tama-teatro-auditorio\/normas-de-seguridad-y-salud-para-empresas-subcontratadas\/#breadcrumb","itemListElement":[{"@type":"ListItem","position":1,"name":"Portada","item":"https:\/\/aldaia.es\/es\/"},{"@type":"ListItem","position":2,"name":"Cultura","item":"https:\/\/aldaia.es\/es\/cultura\/"},{"@type":"ListItem","position":3,"name":"TAMA. Teatro Auditorio de Aldaia","item":"https:\/\/aldaia.es\/es\/cultura\/tama-teatro-auditorio\/"},{"@type":"ListItem","position":4,"name":"Normas de Seguridad y Salud para empresas subcontratadas"}]},{"@type":"WebSite","@id":"https:\/\/aldaia.es\/es\/#website","url":"https:\/\/aldaia.es\/es\/","name":"Ajuntament D'Aldaia","description":"","publisher":{"@id":"https:\/\/aldaia.es\/es\/#organization"},"alternateName":"Ajuntament D'Aldaia","potentialAction":[{"@type":"SearchAction","target":{"@type":"EntryPoint","urlTemplate":"https:\/\/aldaia.es\/es\/?s={search_term_string}"},"query-input":{"@type":"PropertyValueSpecification","valueRequired":true,"valueName":"search_term_string"}}],"inLanguage":"es"},{"@type":"Organization","@id":"https:\/\/aldaia.es\/es\/#organization","name":"Ajuntament D'Aldaia","url":"https:\/\/aldaia.es\/es\/","logo":{"@type":"ImageObject","inLanguage":"es","@id":"https:\/\/aldaia.es\/es\/#\/schema\/logo\/image\/","url":"https:\/\/aldaia.es\/wp-content\/uploads\/2022\/06\/aldaia-negro-1.png","contentUrl":"https:\/\/aldaia.es\/wp-content\/uploads\/2022\/06\/aldaia-negro-1.png","width":152,"height":70,"caption":"Ajuntament D'Aldaia"},"image":{"@id":"https:\/\/aldaia.es\/es\/#\/schema\/logo\/image\/"}}]}},"_links":{"self":[{"href":"https:\/\/aldaia.es\/es\/wp-json\/wp\/v2\/pages\/6378","targetHints":{"allow":["GET"]}}],"collection":[{"href":"https:\/\/aldaia.es\/es\/wp-json\/wp\/v2\/pages"}],"about":[{"href":"https:\/\/aldaia.es\/es\/wp-json\/wp\/v2\/types\/page"}],"author":[{"embeddable":true,"href":"https:\/\/aldaia.es\/es\/wp-json\/wp\/v2\/users\/21"}],"replies":[{"embeddable":true,"href":"https:\/\/aldaia.es\/es\/wp-json\/wp\/v2\/comments?post=6378"}],"version-history":[{"count":11,"href":"https:\/\/aldaia.es\/es\/wp-json\/wp\/v2\/pages\/6378\/revisions"}],"predecessor-version":[{"id":31760,"href":"https:\/\/aldaia.es\/es\/wp-json\/wp\/v2\/pages\/6378\/revisions\/31760"}],"up":[{"embeddable":true,"href":"https:\/\/aldaia.es\/es\/wp-json\/wp\/v2\/pages\/6376"}],"wp:attachment":[{"href":"https:\/\/aldaia.es\/es\/wp-json\/wp\/v2\/media?parent=6378"}],"curies":[{"name":"wp","href":"https:\/\/api.w.org\/{rel}","templated":true}]}}