{"id":6379,"date":"2022-08-25T12:43:31","date_gmt":"2022-08-25T10:43:31","guid":{"rendered":"https:\/\/aldaia.eu\/cultura\/teatro-del-mercado\/"},"modified":"2025-09-17T12:09:27","modified_gmt":"2025-09-17T10:09:27","slug":"teatro-del-mercado","status":"publish","type":"page","link":"https:\/\/aldaia.es\/es\/cultura\/teatro-del-mercado\/","title":{"rendered":"Teatre del Mercat"},"content":{"rendered":"\n<div class=\"wp-block-columns dep-cultura is-layout-flex wp-container-core-columns-is-layout-9d6595d7 wp-block-columns-is-layout-flex\">\n<div class=\"wp-block-column bloque-infos-cultura is-layout-flow wp-block-column-is-layout-flow\" style=\"flex-basis:30%\">\n<p class=\"tit-bloque-infos\"><strong>Localitzaci\u00f3n<\/strong><\/p>\n\n\n\n<p>C\/ Rvdo. Joaqu\u00edn Sorolla Pinon, 9, 46960 Aldaia, Valencia<\/p>\n\n\n\n<p><i class=\"fa fa-phone\" aria-hidden=\"true\"><\/i> <a href=\"tel:+34961509224\">+34 96 150 92 24<\/a><\/p>\n\n\n\n<iframe src=\"https:\/\/www.google.com\/maps\/embed?pb=!1m18!1m12!1m3!1d743.8339837371129!2d-0.46047330216353155!3d39.46344164346215!2m3!1f0!2f0!3f0!3m2!1i1024!2i768!4f13.1!3m3!1m2!1s0xd6051ce1d3c5081%3A0x7d56ac597f3db7c5!2sTeatre%20del%20Mercat!5e0!3m2!1ses!2ses!4v1725983233410!5m2!1ses!2ses\" width=\"100%\" height=\"450\" style=\"border:0;\" allowfullscreen=\"\" loading=\"lazy\" referrerpolicy=\"no-referrer-when-downgrade\"><\/iframe>\n<\/div>\n\n\n\n<div class=\"wp-block-column is-layout-flow wp-block-column-is-layout-flow\" style=\"flex-basis:70%\">\n<h1 class=\"wp-block-heading\">Teatre del Mercat de Aldaia<\/h1>\n\n\n\n<p>El Teatre del Mercat tiene una capacidad de 210 butacas y dispone de un escenario de 7\u00d77 metros y 4 metros de altura. Fue inaugurado como sal\u00f3n de actos del Mercado Municipal y se ha convertido en una sala de teatro, formaci\u00f3n esc\u00e9nica y actividades culturales locales diversas.<\/p>\n\n\n\n<h3 class=\"wp-block-heading\">\u00bfA qui\u00e9n va dirigido? <\/h3>\n\n\n\n<p>Est\u00e1 dirigido principalmente para un uso de las entidades, asociaciones y centros educativos locales.<\/p>\n<\/div>\n<\/div>\n\n\n\n<p style=\"font-size:52px\">TEMPORADA 2025-2026<\/p>\n\n\n\n<p style=\"font-size:48px\"><strong>Septiembre<\/strong><\/p>\n\n\n\n<p style=\"font-size:22px\"><strong>27 SEPTIEMBRE<\/strong>, a les 18:30 horas, desde la Diputaci\u00f3 de Val\u00e8ncia llega la campa\u00f1a \u00abVal\u00e8ncia \u00e9s m\u00fasica\u00bb de subvenciones a agrupaciones locales 2025 con la actuaci\u00f3n del <strong>Grup de Ball Ronda d&#8217;Aldaia<\/strong>, al Teatre del Mercat.<\/p>\n\n\n\n<figure class=\"wp-block-image size-large\"><img loading=\"lazy\" decoding=\"async\" width=\"706\" height=\"1024\" src=\"https:\/\/aldaia.es\/wp-content\/uploads\/2025\/09\/Concert-Ronda-706x1024.jpg\" alt=\"\" class=\"wp-image-38896\" srcset=\"https:\/\/aldaia.es\/wp-content\/uploads\/2025\/09\/Concert-Ronda-706x1024.jpg 706w, https:\/\/aldaia.es\/wp-content\/uploads\/2025\/09\/Concert-Ronda-207x300.jpg 207w, https:\/\/aldaia.es\/wp-content\/uploads\/2025\/09\/Concert-Ronda-768x1114.jpg 768w, https:\/\/aldaia.es\/wp-content\/uploads\/2025\/09\/Concert-Ronda-1059x1536.jpg 1059w, https:\/\/aldaia.es\/wp-content\/uploads\/2025\/09\/Concert-Ronda.jpg 1080w\" sizes=\"auto, (max-width: 706px) 100vw, 706px\" \/><\/figure>\n\n\n\n<p style=\"font-size:48px\"><strong>TEMPORADA 24-25<\/strong><\/p>\n\n\n\n<p style=\"font-size:20px\"><strong>XX Lliga d&#8217;Improvisaci\u00f3 d&#8217;Aldaia 2025.<\/strong>&nbsp;Direcci\u00f3n y organizaci\u00f3n a cargo del colectivo <em>IMPROU con la colaboraci\u00f3n de la <\/em><strong><em>Escola Municipal de Teatre d&#8217;Aldaia (<\/em>EMTA). Todos los s\u00e1bados entre el 4 de enero al 1 de marzo, a las 19:00 horas. Todos los p\u00fablicos.<\/strong><\/p>\n\n\n\n<p style=\"font-size:20px\">La Lliga d&#8217;Improvisaci\u00f3n es un juego teatral en el cual se enfrentan dos equipos haciendo aquello que mejor saben: teatro. Es un montaje teatral con sentido de humor, participativo e interactivo.<\/p>\n\n\n\n<p style=\"font-size:20px\">Las entradas se pueden comprar el d\u00eda del partido al Teatre del Mercat una hora antes de empezar la improvisaci\u00f3n. En el Teatre del Mercat, el aforo es de 210 butacas.<\/p>\n\n\n\n<figure class=\"wp-block-image size-large is-resized\"><img loading=\"lazy\" decoding=\"async\" width=\"1024\" height=\"1024\" src=\"https:\/\/aldaia.es\/wp-content\/uploads\/2025\/03\/LLiga-Improu-1024x1024.jpg\" alt=\"\" class=\"wp-image-36269\" style=\"width:592px;height:auto\" srcset=\"https:\/\/aldaia.es\/wp-content\/uploads\/2025\/03\/LLiga-Improu-1024x1024.jpg 1024w, https:\/\/aldaia.es\/wp-content\/uploads\/2025\/03\/LLiga-Improu-300x300.jpg 300w, https:\/\/aldaia.es\/wp-content\/uploads\/2025\/03\/LLiga-Improu-150x150.jpg 150w, https:\/\/aldaia.es\/wp-content\/uploads\/2025\/03\/LLiga-Improu-768x768.jpg 768w, https:\/\/aldaia.es\/wp-content\/uploads\/2025\/03\/LLiga-Improu-696x696.jpg 696w, https:\/\/aldaia.es\/wp-content\/uploads\/2025\/03\/LLiga-Improu-1068x1068.jpg 1068w, https:\/\/aldaia.es\/wp-content\/uploads\/2025\/03\/LLiga-Improu.jpg 1279w\" sizes=\"auto, (max-width: 1024px) 100vw, 1024px\" \/><\/figure>\n\n\n\n<p style=\"font-size:20px\"><strong>TEATRE-NEWS. Domingo 23 de marzo 19:00 horas. P\u00fablico joven y adulto. <\/strong>La cia <strong>Pot de de Plom Teatre (Val\u00e8ncia) con Xavi Castillo presenta \u201cTorna el veriueu-ho\u201d<\/strong>, un noticiero muy particular de la actualidad valenciana. Precio: 3 euros.<\/p>\n\n\n\n<figure class=\"wp-block-image size-full is-resized\"><img loading=\"lazy\" decoding=\"async\" width=\"550\" height=\"774\" src=\"https:\/\/aldaia.es\/wp-content\/uploads\/2025\/03\/XARXES_Baixa-resolucio_.jpg\" alt=\"\" class=\"wp-image-36279\" style=\"width:577px;height:auto\" srcset=\"https:\/\/aldaia.es\/wp-content\/uploads\/2025\/03\/XARXES_Baixa-resolucio_.jpg 550w, https:\/\/aldaia.es\/wp-content\/uploads\/2025\/03\/XARXES_Baixa-resolucio_-213x300.jpg 213w, https:\/\/aldaia.es\/wp-content\/uploads\/2025\/03\/XARXES_Baixa-resolucio_-150x211.jpg 150w, https:\/\/aldaia.es\/wp-content\/uploads\/2025\/03\/XARXES_Baixa-resolucio_-300x422.jpg 300w\" sizes=\"auto, (max-width: 550px) 100vw, 550px\" \/><\/figure>\n","protected":false},"excerpt":{"rendered":"<p>Localitzaci\u00f3n C\/ Rvdo. Joaqu\u00edn Sorolla Pinon, 9, 46960 Aldaia, Valencia +34 96 150 92 24 Teatre del Mercat de Aldaia El Teatre del Mercat tiene una capacidad de 210 butacas <a class=\"text-decoration-none text-black\" href=\"https:\/\/aldaia.es\/es\/cultura\/teatro-del-mercado\/\"> &#8230; <\/a><\/p>\n","protected":false},"author":21,"featured_media":0,"parent":6238,"menu_order":0,"comment_status":"closed","ping_status":"closed","template":"basic-page-departamentos.php","meta":{"_acf_changed":false,"footnotes":""},"class_list":["post-6379","page","type-page","status-publish","hentry"],"acf":[],"yoast_head":"<!-- This site is optimized with the Yoast SEO plugin v27.0 - https:\/\/yoast.com\/product\/yoast-seo-wordpress\/ -->\n<title>Teatre del Mercat - Ayuntamiento de Aldaia<\/title>\n<meta name=\"description\" content=\"Es una sala de teatro para la formaci\u00f3n esc\u00e9nica y las actividades culturales locales diversas de los ciudadanos de Aldaia.\" \/>\n<meta name=\"robots\" content=\"index, follow, max-snippet:-1, max-image-preview:large, max-video-preview:-1\" \/>\n<link rel=\"canonical\" href=\"https:\/\/aldaia.es\/es\/cultura\/teatro-del-mercado\/\" \/>\n<meta property=\"og:locale\" content=\"es_ES\" \/>\n<meta property=\"og:type\" content=\"article\" \/>\n<meta property=\"og:title\" content=\"Teatre del Mercat - Ayuntamiento de Aldaia\" \/>\n<meta property=\"og:description\" content=\"Es una sala de teatro para la formaci\u00f3n esc\u00e9nica y las actividades culturales locales diversas de los ciudadanos de Aldaia.\" \/>\n<meta property=\"og:url\" content=\"https:\/\/aldaia.es\/es\/cultura\/teatro-del-mercado\/\" \/>\n<meta property=\"og:site_name\" content=\"Ayuntamiento de Aldaia\" \/>\n<meta property=\"article:modified_time\" content=\"2025-09-17T10:09:27+00:00\" \/>\n<meta property=\"og:image\" content=\"https:\/\/aldaia.es\/wp-content\/uploads\/2025\/09\/Concert-Ronda.jpg\" \/>\n\t<meta property=\"og:image:width\" content=\"1080\" \/>\n\t<meta property=\"og:image:height\" content=\"1566\" \/>\n\t<meta property=\"og:image:type\" content=\"image\/jpeg\" \/>\n<script type=\"application\/ld+json\" class=\"yoast-schema-graph\">{\"@context\":\"https:\/\/schema.org\",\"@graph\":[{\"@type\":\"WebPage\",\"@id\":\"https:\/\/aldaia.es\/es\/cultura\/teatro-del-mercado\/\",\"url\":\"https:\/\/aldaia.es\/es\/cultura\/teatro-del-mercado\/\",\"name\":\"Teatre del Mercat - Ayuntamiento de Aldaia\",\"isPartOf\":{\"@id\":\"https:\/\/aldaia.es\/es\/#website\"},\"primaryImageOfPage\":{\"@id\":\"https:\/\/aldaia.es\/es\/cultura\/teatro-del-mercado\/#primaryimage\"},\"image\":{\"@id\":\"https:\/\/aldaia.es\/es\/cultura\/teatro-del-mercado\/#primaryimage\"},\"thumbnailUrl\":\"https:\/\/aldaia.es\/wp-content\/uploads\/2025\/09\/Concert-Ronda-706x1024.jpg\",\"datePublished\":\"2022-08-25T10:43:31+00:00\",\"dateModified\":\"2025-09-17T10:09:27+00:00\",\"description\":\"Es una sala de teatro para la formaci\u00f3n esc\u00e9nica y las actividades culturales locales diversas de los ciudadanos de Aldaia.\",\"breadcrumb\":{\"@id\":\"https:\/\/aldaia.es\/es\/cultura\/teatro-del-mercado\/#breadcrumb\"},\"inLanguage\":\"es\",\"potentialAction\":[{\"@type\":\"ReadAction\",\"target\":[\"https:\/\/aldaia.es\/es\/cultura\/teatro-del-mercado\/\"]}]},{\"@type\":\"ImageObject\",\"inLanguage\":\"es\",\"@id\":\"https:\/\/aldaia.es\/es\/cultura\/teatro-del-mercado\/#primaryimage\",\"url\":\"https:\/\/aldaia.es\/wp-content\/uploads\/2025\/09\/Concert-Ronda-706x1024.jpg\",\"contentUrl\":\"https:\/\/aldaia.es\/wp-content\/uploads\/2025\/09\/Concert-Ronda-706x1024.jpg\"},{\"@type\":\"BreadcrumbList\",\"@id\":\"https:\/\/aldaia.es\/es\/cultura\/teatro-del-mercado\/#breadcrumb\",\"itemListElement\":[{\"@type\":\"ListItem\",\"position\":1,\"name\":\"Portada\",\"item\":\"https:\/\/aldaia.es\/es\/\"},{\"@type\":\"ListItem\",\"position\":2,\"name\":\"Cultura\",\"item\":\"https:\/\/aldaia.es\/es\/cultura\/\"},{\"@type\":\"ListItem\",\"position\":3,\"name\":\"Teatre del Mercat\"}]},{\"@type\":\"WebSite\",\"@id\":\"https:\/\/aldaia.es\/es\/#website\",\"url\":\"https:\/\/aldaia.es\/es\/\",\"name\":\"Ajuntament D'Aldaia\",\"description\":\"\",\"publisher\":{\"@id\":\"https:\/\/aldaia.es\/es\/#organization\"},\"alternateName\":\"Ajuntament D'Aldaia\",\"potentialAction\":[{\"@type\":\"SearchAction\",\"target\":{\"@type\":\"EntryPoint\",\"urlTemplate\":\"https:\/\/aldaia.es\/es\/?s={search_term_string}\"},\"query-input\":{\"@type\":\"PropertyValueSpecification\",\"valueRequired\":true,\"valueName\":\"search_term_string\"}}],\"inLanguage\":\"es\"},{\"@type\":\"Organization\",\"@id\":\"https:\/\/aldaia.es\/es\/#organization\",\"name\":\"Ajuntament D'Aldaia\",\"url\":\"https:\/\/aldaia.es\/es\/\",\"logo\":{\"@type\":\"ImageObject\",\"inLanguage\":\"es\",\"@id\":\"https:\/\/aldaia.es\/es\/#\/schema\/logo\/image\/\",\"url\":\"https:\/\/aldaia.es\/wp-content\/uploads\/2022\/06\/aldaia-negro-1.png\",\"contentUrl\":\"https:\/\/aldaia.es\/wp-content\/uploads\/2022\/06\/aldaia-negro-1.png\",\"width\":152,\"height\":70,\"caption\":\"Ajuntament D'Aldaia\"},\"image\":{\"@id\":\"https:\/\/aldaia.es\/es\/#\/schema\/logo\/image\/\"}}]}<\/script>\n<!-- \/ Yoast SEO plugin. -->","yoast_head_json":{"title":"Teatre del Mercat - Ayuntamiento de Aldaia","description":"Es una sala de teatro para la formaci\u00f3n esc\u00e9nica y las actividades culturales locales diversas de los ciudadanos de Aldaia.","robots":{"index":"index","follow":"follow","max-snippet":"max-snippet:-1","max-image-preview":"max-image-preview:large","max-video-preview":"max-video-preview:-1"},"canonical":"https:\/\/aldaia.es\/es\/cultura\/teatro-del-mercado\/","og_locale":"es_ES","og_type":"article","og_title":"Teatre del Mercat - Ayuntamiento de Aldaia","og_description":"Es una sala de teatro para la formaci\u00f3n esc\u00e9nica y las actividades culturales locales diversas de los ciudadanos de Aldaia.","og_url":"https:\/\/aldaia.es\/es\/cultura\/teatro-del-mercado\/","og_site_name":"Ayuntamiento de Aldaia","article_modified_time":"2025-09-17T10:09:27+00:00","og_image":[{"width":1080,"height":1566,"url":"https:\/\/aldaia.es\/wp-content\/uploads\/2025\/09\/Concert-Ronda.jpg","type":"image\/jpeg"}],"schema":{"@context":"https:\/\/schema.org","@graph":[{"@type":"WebPage","@id":"https:\/\/aldaia.es\/es\/cultura\/teatro-del-mercado\/","url":"https:\/\/aldaia.es\/es\/cultura\/teatro-del-mercado\/","name":"Teatre del Mercat - Ayuntamiento de Aldaia","isPartOf":{"@id":"https:\/\/aldaia.es\/es\/#website"},"primaryImageOfPage":{"@id":"https:\/\/aldaia.es\/es\/cultura\/teatro-del-mercado\/#primaryimage"},"image":{"@id":"https:\/\/aldaia.es\/es\/cultura\/teatro-del-mercado\/#primaryimage"},"thumbnailUrl":"https:\/\/aldaia.es\/wp-content\/uploads\/2025\/09\/Concert-Ronda-706x1024.jpg","datePublished":"2022-08-25T10:43:31+00:00","dateModified":"2025-09-17T10:09:27+00:00","description":"Es una sala de teatro para la formaci\u00f3n esc\u00e9nica y las actividades culturales locales diversas de los ciudadanos de Aldaia.","breadcrumb":{"@id":"https:\/\/aldaia.es\/es\/cultura\/teatro-del-mercado\/#breadcrumb"},"inLanguage":"es","potentialAction":[{"@type":"ReadAction","target":["https:\/\/aldaia.es\/es\/cultura\/teatro-del-mercado\/"]}]},{"@type":"ImageObject","inLanguage":"es","@id":"https:\/\/aldaia.es\/es\/cultura\/teatro-del-mercado\/#primaryimage","url":"https:\/\/aldaia.es\/wp-content\/uploads\/2025\/09\/Concert-Ronda-706x1024.jpg","contentUrl":"https:\/\/aldaia.es\/wp-content\/uploads\/2025\/09\/Concert-Ronda-706x1024.jpg"},{"@type":"BreadcrumbList","@id":"https:\/\/aldaia.es\/es\/cultura\/teatro-del-mercado\/#breadcrumb","itemListElement":[{"@type":"ListItem","position":1,"name":"Portada","item":"https:\/\/aldaia.es\/es\/"},{"@type":"ListItem","position":2,"name":"Cultura","item":"https:\/\/aldaia.es\/es\/cultura\/"},{"@type":"ListItem","position":3,"name":"Teatre del Mercat"}]},{"@type":"WebSite","@id":"https:\/\/aldaia.es\/es\/#website","url":"https:\/\/aldaia.es\/es\/","name":"Ajuntament D'Aldaia","description":"","publisher":{"@id":"https:\/\/aldaia.es\/es\/#organization"},"alternateName":"Ajuntament D'Aldaia","potentialAction":[{"@type":"SearchAction","target":{"@type":"EntryPoint","urlTemplate":"https:\/\/aldaia.es\/es\/?s={search_term_string}"},"query-input":{"@type":"PropertyValueSpecification","valueRequired":true,"valueName":"search_term_string"}}],"inLanguage":"es"},{"@type":"Organization","@id":"https:\/\/aldaia.es\/es\/#organization","name":"Ajuntament D'Aldaia","url":"https:\/\/aldaia.es\/es\/","logo":{"@type":"ImageObject","inLanguage":"es","@id":"https:\/\/aldaia.es\/es\/#\/schema\/logo\/image\/","url":"https:\/\/aldaia.es\/wp-content\/uploads\/2022\/06\/aldaia-negro-1.png","contentUrl":"https:\/\/aldaia.es\/wp-content\/uploads\/2022\/06\/aldaia-negro-1.png","width":152,"height":70,"caption":"Ajuntament D'Aldaia"},"image":{"@id":"https:\/\/aldaia.es\/es\/#\/schema\/logo\/image\/"}}]}},"_links":{"self":[{"href":"https:\/\/aldaia.es\/es\/wp-json\/wp\/v2\/pages\/6379","targetHints":{"allow":["GET"]}}],"collection":[{"href":"https:\/\/aldaia.es\/es\/wp-json\/wp\/v2\/pages"}],"about":[{"href":"https:\/\/aldaia.es\/es\/wp-json\/wp\/v2\/types\/page"}],"author":[{"embeddable":true,"href":"https:\/\/aldaia.es\/es\/wp-json\/wp\/v2\/users\/21"}],"replies":[{"embeddable":true,"href":"https:\/\/aldaia.es\/es\/wp-json\/wp\/v2\/comments?post=6379"}],"version-history":[{"count":13,"href":"https:\/\/aldaia.es\/es\/wp-json\/wp\/v2\/pages\/6379\/revisions"}],"predecessor-version":[{"id":38911,"href":"https:\/\/aldaia.es\/es\/wp-json\/wp\/v2\/pages\/6379\/revisions\/38911"}],"up":[{"embeddable":true,"href":"https:\/\/aldaia.es\/es\/wp-json\/wp\/v2\/pages\/6238"}],"wp:attachment":[{"href":"https:\/\/aldaia.es\/es\/wp-json\/wp\/v2\/media?parent=6379"}],"curies":[{"name":"wp","href":"https:\/\/api.w.org\/{rel}","templated":true}]}}